 {"id":8046,"date":"2015-10-13T10:18:10","date_gmt":"2015-10-13T10:18:10","guid":{"rendered":"http:\/\/europeantissue.com\/?page_id=8046&#038;lang=pl"},"modified":"2018-07-20T10:25:59","modified_gmt":"2018-07-20T10:25:59","slug":"polityka-ciasteczek-i-strony-internetowej","status":"publish","type":"page","link":"https:\/\/europeantissue.com\/pl\/polityka-ciasteczek-i-strony-internetowej\/","title":{"rendered":"Polityka ciasteczek i\u00a0strony internetowej"},"content":{"rendered":"<p class=\"p1\"><span class=\"s1\"><b>Spos\u00f3b, w\u00a0jaki wykorzystujemy ciasteczka<\/b><\/span><\/p>\n<p class=\"p1\"><span class=\"s1\">Niniejsza strona internetowa, utrzymywana przez European Tissue Symposium, Avenue des\u00a0Arts\u00a044, 1040\u00a0Bruksela, Belgia (nazywane dalej \u201eNami\u201d) korzysta z\u00a0Google Analytics \u2013 us\u0142ugi analizy danych internetowych \u015bwiadczonej przez sp\u00f3\u0142k\u0119 Google,\u00a0Inc. (nazywan\u0105 dalej \u201eGoogle\u201d).<\/span><\/p>\n<p class=\"p1\"><span class=\"s1\">Google Analytics wykorzystuje tak zwane \u201eciasteczka\u201d \u2013 niewielkie pliki tekstowe zapisywane na Twoim komputerze lub innym urz\u0105dzeniu, kt\u00f3re wspieraj\u0105 badanie sposob\u00f3w korzystania ze strony internetowej przez odwiedzaj\u0105cych j\u0105 internaut\u00f3w. Generowane przez ciasteczka informacje na temat wykorzystania strony internetowej s\u0105 og\u00f3\u0142em przesy\u0142ane do serwera Google znajduj\u0105cego si\u0119 w\u00a0Stanach Zjednoczonych i\u00a0na nim zapisywane; obowi\u0105zuj\u0105ce tam standardy prywatno\u015bci mog\u0105 r\u00f3\u017cni\u0107 si\u0119 od przyj\u0119tych w\u00a0kraju internauty. Google wykorzystuje te informacje w\u00a0naszym imieniu do cel\u00f3w oceny wykorzystania strony internetowej przez u\u017cytkownik\u00f3w, sporz\u0105dzania sprawozda\u0144 na temat aktywno\u015bci na stronie internetowej oraz \u015bwiadczenia Nam innych us\u0142ug zwi\u0105zanych z\u00a0aktywno\u015bci\u0105 na stronie internetowej i\u00a0korzystaniem z\u00a0internetu.<\/span><\/p>\n<p class=\"p1\"><span class=\"s1\">Za pomoc\u0105 odpowiedniego ustawienia przegl\u0105darki internetowej mo\u017cesz uniemo\u017cliwi\u0107 zapisywanie ciasteczek. Wi\u0119kszo\u015b\u0107 przegl\u0105darek domy\u015blnie przyjmuje ciasteczka oraz mo\u017ce zosta\u0107 skonfigurowana w\u00a0taki spos\u00f3b, aby to nie nast\u0119powa\u0142o albo \u017ceby u\u017cytkownik by\u0142 powiadamiany o\u00a0ka\u017cdej operacji przes\u0142ania ciasteczka. Aby wy\u0142\u0105czy\u0107 obs\u0142ug\u0119 ciasteczek, odwo\u0142aj si\u0119 do menu pomocy swojej przegl\u0105darki, gdzie znajdziesz instrukcje obja\u015bniaj\u0105ce t\u0119 opcj\u0119. Miej przy tym na uwadze fakt, i\u017c wy\u0142\u0105czenie obs\u0142ugi ciasteczek mo\u017ce wi\u0105za\u0107 si\u0119 z\u00a0uniemo\u017cliwieniem pe\u0142nego wykorzystania wszystkich funkcji niniejszej strony internetowej.<\/span><\/p>\n<p class=\"p1\"><span class=\"s1\">Je\u017celi nie chcesz, aby us\u0142uga Google Analytics bada\u0142a korzystanie przez Ciebie z\u00a0jakiejkolwiek witryny internetowej, odwied\u017a stron\u0119 http:\/\/tools.google.com\/dlpage\/gaoptout.<\/span><\/p>\n<p class=\"p1\"><span class=\"s1\">Poni\u017cej wyszczeg\u00f3lniono ciasteczka wykorzystywane przez niniejsz\u0105 stron\u0119 internetow\u0105.<\/span><\/p>\n<div class=\"fusion-fullwidth fullwidth-box fusion-builder-row-1 hundred-percent-fullwidth non-hundred-percent-height-scrolling\" style=\"--awb-border-radius-top-left:0px;--awb-border-radius-top-right:0px;--awb-border-radius-bottom-right:0px;--awb-border-radius-bottom-left:0px;--awb-overflow:visible;--awb-flex-wrap:wrap;\" ><div class=\"fusion-builder-row fusion-row\"><div class=\"fusion-layout-column fusion_builder_column fusion-builder-column-0 fusion_builder_column_1_1 1_1 fusion-one-full fusion-column-first fusion-column-last fusion-column-no-min-height\" style=\"--awb-bg-size:cover;--awb-margin-bottom:0px;\"><div class=\"fusion-column-wrapper fusion-flex-column-wrapper-legacy\"><table class=\"cookies wide-fat\"><thead><tr><td>Cookie Name<\/td><td>Cookie Category<\/td><td>Description<\/td><td>Duration<\/td><\/tr><\/thead><tbody><tr>\n        <td>wordpress_<\/td>\n\n        <td>2<\/td>\n\n        <td>WordPress cookie for a logged in user.<\/td>\n\n        <td>session<\/td>\n      <\/tr>\n\n      <tr>\n        <td>PHPSESSID<\/td>\n\n        <td>1<\/td>\n\n        <td>To identify your unique session on the website<\/td>\n\n        <td>session<\/td>\n      <\/tr>\n\n      <tr>\n        <td>wp-settings-<\/td>\n\n        <td>1<\/td>\n\n        <td>Wordpress also sets a few wp-settings-[UID] cookies. The number on the end is\n        your individual user ID from the users database table. This is used to customize\n        your view of admin interface, and possibly also the main site interface.<\/td>\n\n        <td>1 year<\/td>\n      <\/tr>\n\n      <tr>\n        <td>JCS_INENREF<\/td>\n\n        <td>1<\/td>\n\n        <td>Used for antispam purposes<\/td>\n\n        <td>Until browser close<\/td>\n      <\/tr>\n\n      <tr>\n        <td>JCS_INENTIM<\/td>\n\n        <td>1<\/td>\n\n        <td>Used for anti-spam purposes<\/td>\n\n        <td>Until browser close<\/td>\n      <\/tr>\n\n      <tr>\n        <td>_icl_current_language<\/td>\n\n        <td>1<\/td>\n\n        <td>Contains the current language of the site user<\/td>\n\n        <td>24 hours<\/td>\n      <\/tr>\n\n      <tr>\n        <td>_icl_current_admin_language<\/td>\n\n        <td>1<\/td>\n\n        <td>Contains the current language of the admin user.<\/td>\n\n        <td>24 hours<\/td>\n      <\/tr>\n\n      <tr>\n        <td>wordpress_logged_in_<\/td>\n\n        <td>2<\/td>\n\n        <td>WordPress cookie for a logged in user<\/td>\n\n        <td>session<\/td>\n      <\/tr>\n\n      <tr>\n        <td>wordpress_test_<\/td>\n\n        <td>2<\/td>\n\n        <td>WordPress cookie for a logged in user<\/td>\n\n        <td>session<\/td>\n      <\/tr>\n\n      <tr>\n        <td>wordpress_test_cookie<\/td>\n\n        <td>2<\/td>\n\n        <td>WordPress test cookie<\/td>\n\n        <td>session<\/td>\n      <\/tr>\n\n      <tr>\n        <td>wp-settings-time-<\/td>\n\n        <td>2<\/td>\n\n        <td>Wordpress also sets a few wp-settings-{time}-[UID] cookies. The number on the\n        end is your individual user ID from the users database table. This is used to\n        customize your view of admin interface, and possibly also the main site\n        interface.<\/td>\n\n        <td>1 year<\/td>\n      <\/tr>\n\n      <tr>\n        <td>SESS<\/td>\n\n        <td>1<\/td>\n\n        <td>To ensure that you are recognised when you move from page to page within the\n        site and that any information you have entered is remembered.<\/td>\n\n        <td>session<\/td>\n      <\/tr>\n      <tr>\n        <td>_ga<\/td>\n\n        <td>2<\/td>\n\n        <td>Google Analytics - used to distinguish user<\/td>\n\n        <td>2 years<\/td>\n      <\/tr>\n      <tr>\n        <td>_gat<\/td>\n\n        <td>2<\/td>\n\n        <td>Google Analytics - used to differentiate between different tracking objects created in the session. The cookie is created to load the javascript library and there is no previous version of the _gat cookie. The cookie is updated each time you send data to Google Analytics.<\/td>\n\n        <td>10 mins<\/td>\n      <\/tr>\n    <\/tbody>\n  <\/table>\n<p class=\"p1\"><span class=\"s1\"><b>\u0141\u0105cza do witryn stron trzecich<\/b><\/span><\/p>\n<p class=\"p1\"><span class=\"s1\">Na niniejszej stronie internetowej widnie\u0107 mog\u0105 \u0142\u0105cza do witryn stron trzecich, nad kt\u00f3rymi nie sprawujemy kontroli. Nie ponosimy odpowiedzialno\u015bci za bezpiecze\u0144stwo i\u00a0poufno\u015b\u0107 informacji gromadzonych przez tego rodzaju inne strony internetowe, aplikacje i\u00a0inne us\u0142ugi albo przez Twojego dostawc\u0119 us\u0142ug dost\u0119pu do internetu lub podobnych. Zalecamy ostro\u017cno\u015b\u0107 i\u00a0zapoznawanie si\u0119 z\u00a0politykami prywatno\u015bci i\u00a0stron internetowych reguluj\u0105cymi dzia\u0142alno\u015b\u0107 wszelkich wykorzystywanych witryn i\u00a0us\u0142ug stron trzecich.<b>\u00a0<\/b><\/span><\/p>\n<p class=\"p1\"><span class=\"s1\"><b>Przys\u0142uguj\u0105ce Tobie prawa<\/b><\/span><\/p>\n<p class=\"p1\"><span class=\"s1\">W\u00a0Unii Europejskiej przys\u0142uguje prawo do wgl\u0105du w\u00a0zgromadzone informacje na temat swojej osoby oraz \u017c\u0105dania ich poprawienia lub wykasowania. Je\u017celi chcesz skorzysta\u0107 ze swojego prawa do wgl\u0105du, za\u017c\u0105dania poprawek, usuni\u0119cia lub sprzeciwu albo wycofa\u0107 udzielon\u0105 zgod\u0119, wy\u015blij wiadomo\u015b\u0107 e-mail na adres info@europeantissue.com.<\/span><\/p>\n<p>&nbsp;<\/p>\n<div class=\"fusion-clearfix\"><\/div><\/div><\/div><\/div><\/div>\n","protected":false},"excerpt":{"rendered":"<p>Spos\u00f3b, w\u00a0jaki wykorzystujemy ciasteczka Niniejsza strona internetowa, utrzymywana przez European Tissue Symposium, Avenue des\u00a0Arts\u00a044, 1040\u00a0Bruksela, Belgia (nazywane dalej \u201eNami\u201d) korzysta z\u00a0Google Analytics \u2013 us\u0142ugi analizy danych internetowych \u015bwiadczonej przez sp\u00f3\u0142k\u0119 Google,\u00a0Inc. (nazywan\u0105 dalej \u201eGoogle\u201d). Google Analytics wykorzystuje tak zwane \u201eciasteczka\u201d \u2013 niewielkie pliki tekstowe zapisywane na Twoim komputerze lub innym urz\u0105dzeniu, kt\u00f3re wspieraj\u0105 badanie sposob\u00f3w  [&#8230;]<\/p>\n","protected":false},"author":2,"featured_media":0,"parent":0,"menu_order":0,"comment_status":"closed","ping_status":"closed","template":"","meta":{"_monsterinsights_skip_tracking":false,"_monsterinsights_sitenote_active":false,"_monsterinsights_sitenote_note":"","_monsterinsights_sitenote_category":0,"ngg_post_thumbnail":0,"footnotes":""},"class_list":["post-8046","page","type-page","status-publish","hentry"],"yoast_head":"<!-- This site is optimized with the Yoast SEO plugin v26.3 - https:\/\/yoast.com\/wordpress\/plugins\/seo\/ -->\n<title>Polityka ciasteczek i\u00a0strony internetowej - European Tissue Symposium<\/title>\n<meta name=\"description\" content=\"Polityka ciasteczek i strony internetowej:\u00a0Google Analytics wykorzystuje tak zwane \u201eciasteczka\u201d \u2013 niewielkie pliki tekstowe zapisywane na Twoim komputerze lub innym urz\u0105dzeniu, kt\u00f3re wspieraj\u0105 badanie sposob\u00f3w korzystania ze strony internetowej przez odwiedzaj\u0105cych j\u0105 internaut\u00f3w\" \/>\n<meta name=\"robots\" content=\"index, follow, max-snippet:-1, max-image-preview:large, max-video-preview:-1\" \/>\n<link rel=\"canonical\" href=\"https:\/\/europeantissue.com\/pl\/polityka-ciasteczek-i-strony-internetowej\/\" \/>\n<meta property=\"og:locale\" content=\"pl_PL\" \/>\n<meta property=\"og:type\" content=\"article\" \/>\n<meta property=\"og:title\" content=\"Polityka ciasteczek i\u00a0strony internetowej - European Tissue Symposium\" \/>\n<meta property=\"og:description\" content=\"Polityka ciasteczek i strony internetowej:\u00a0Google Analytics wykorzystuje tak zwane \u201eciasteczka\u201d \u2013 niewielkie pliki tekstowe zapisywane na Twoim komputerze lub innym urz\u0105dzeniu, kt\u00f3re wspieraj\u0105 badanie sposob\u00f3w korzystania ze strony internetowej przez odwiedzaj\u0105cych j\u0105 internaut\u00f3w\" \/>\n<meta property=\"og:url\" content=\"https:\/\/europeantissue.com\/pl\/polityka-ciasteczek-i-strony-internetowej\/\" \/>\n<meta property=\"og:site_name\" content=\"European Tissue Symposium\" \/>\n<meta property=\"article:modified_time\" content=\"2018-07-20T10:25:59+00:00\" \/>\n<meta name=\"twitter:card\" content=\"summary_large_image\" \/>\n<meta name=\"twitter:label1\" content=\"Szacowany czas czytania\" \/>\n\t<meta name=\"twitter:data1\" content=\"3 minuty\" \/>\n<script type=\"application\/ld+json\" class=\"yoast-schema-graph\">{\"@context\":\"https:\/\/schema.org\",\"@graph\":[{\"@type\":\"WebPage\",\"@id\":\"https:\/\/europeantissue.com\/pl\/polityka-ciasteczek-i-strony-internetowej\/\",\"url\":\"https:\/\/europeantissue.com\/pl\/polityka-ciasteczek-i-strony-internetowej\/\",\"name\":\"Polityka ciasteczek i\u00a0strony internetowej - European Tissue Symposium\",\"isPartOf\":{\"@id\":\"https:\/\/europeantissue.com\/de\/#website\"},\"datePublished\":\"2015-10-13T10:18:10+00:00\",\"dateModified\":\"2018-07-20T10:25:59+00:00\",\"description\":\"Polityka ciasteczek i strony internetowej:\u00a0Google Analytics wykorzystuje tak zwane \u201eciasteczka\u201d \u2013 niewielkie pliki tekstowe zapisywane na Twoim komputerze lub innym urz\u0105dzeniu, kt\u00f3re wspieraj\u0105 badanie sposob\u00f3w korzystania ze strony internetowej przez odwiedzaj\u0105cych j\u0105 internaut\u00f3w\",\"breadcrumb\":{\"@id\":\"https:\/\/europeantissue.com\/pl\/polityka-ciasteczek-i-strony-internetowej\/#breadcrumb\"},\"inLanguage\":\"pl-PL\",\"potentialAction\":[{\"@type\":\"ReadAction\",\"target\":[\"https:\/\/europeantissue.com\/pl\/polityka-ciasteczek-i-strony-internetowej\/\"]}]},{\"@type\":\"BreadcrumbList\",\"@id\":\"https:\/\/europeantissue.com\/pl\/polityka-ciasteczek-i-strony-internetowej\/#breadcrumb\",\"itemListElement\":[{\"@type\":\"ListItem\",\"position\":1,\"name\":\"Home\",\"item\":\"https:\/\/europeantissue.com\/pl\/\"},{\"@type\":\"ListItem\",\"position\":2,\"name\":\"Polityka ciasteczek i\u00a0strony internetowej\"}]},{\"@type\":\"WebSite\",\"@id\":\"https:\/\/europeantissue.com\/de\/#website\",\"url\":\"https:\/\/europeantissue.com\/de\/\",\"name\":\"European Tissue Symposium\",\"description\":\"\",\"potentialAction\":[{\"@type\":\"SearchAction\",\"target\":{\"@type\":\"EntryPoint\",\"urlTemplate\":\"https:\/\/europeantissue.com\/de\/?s={search_term_string}\"},\"query-input\":{\"@type\":\"PropertyValueSpecification\",\"valueRequired\":true,\"valueName\":\"search_term_string\"}}],\"inLanguage\":\"pl-PL\"}]}<\/script>\n<!-- \/ Yoast SEO plugin. -->","yoast_head_json":{"title":"Polityka ciasteczek i\u00a0strony internetowej - European Tissue Symposium","description":"Polityka ciasteczek i strony internetowej:\u00a0Google Analytics wykorzystuje tak zwane \u201eciasteczka\u201d \u2013 niewielkie pliki tekstowe zapisywane na Twoim komputerze lub innym urz\u0105dzeniu, kt\u00f3re wspieraj\u0105 badanie sposob\u00f3w korzystania ze strony internetowej przez odwiedzaj\u0105cych j\u0105 internaut\u00f3w","robots":{"index":"index","follow":"follow","max-snippet":"max-snippet:-1","max-image-preview":"max-image-preview:large","max-video-preview":"max-video-preview:-1"},"canonical":"https:\/\/europeantissue.com\/pl\/polityka-ciasteczek-i-strony-internetowej\/","og_locale":"pl_PL","og_type":"article","og_title":"Polityka ciasteczek i\u00a0strony internetowej - European Tissue Symposium","og_description":"Polityka ciasteczek i strony internetowej:\u00a0Google Analytics wykorzystuje tak zwane \u201eciasteczka\u201d \u2013 niewielkie pliki tekstowe zapisywane na Twoim komputerze lub innym urz\u0105dzeniu, kt\u00f3re wspieraj\u0105 badanie sposob\u00f3w korzystania ze strony internetowej przez odwiedzaj\u0105cych j\u0105 internaut\u00f3w","og_url":"https:\/\/europeantissue.com\/pl\/polityka-ciasteczek-i-strony-internetowej\/","og_site_name":"European Tissue Symposium","article_modified_time":"2018-07-20T10:25:59+00:00","twitter_card":"summary_large_image","twitter_misc":{"Szacowany czas czytania":"3 minuty"},"schema":{"@context":"https:\/\/schema.org","@graph":[{"@type":"WebPage","@id":"https:\/\/europeantissue.com\/pl\/polityka-ciasteczek-i-strony-internetowej\/","url":"https:\/\/europeantissue.com\/pl\/polityka-ciasteczek-i-strony-internetowej\/","name":"Polityka ciasteczek i\u00a0strony internetowej - European Tissue Symposium","isPartOf":{"@id":"https:\/\/europeantissue.com\/de\/#website"},"datePublished":"2015-10-13T10:18:10+00:00","dateModified":"2018-07-20T10:25:59+00:00","description":"Polityka ciasteczek i strony internetowej:\u00a0Google Analytics wykorzystuje tak zwane \u201eciasteczka\u201d \u2013 niewielkie pliki tekstowe zapisywane na Twoim komputerze lub innym urz\u0105dzeniu, kt\u00f3re wspieraj\u0105 badanie sposob\u00f3w korzystania ze strony internetowej przez odwiedzaj\u0105cych j\u0105 internaut\u00f3w","breadcrumb":{"@id":"https:\/\/europeantissue.com\/pl\/polityka-ciasteczek-i-strony-internetowej\/#breadcrumb"},"inLanguage":"pl-PL","potentialAction":[{"@type":"ReadAction","target":["https:\/\/europeantissue.com\/pl\/polityka-ciasteczek-i-strony-internetowej\/"]}]},{"@type":"BreadcrumbList","@id":"https:\/\/europeantissue.com\/pl\/polityka-ciasteczek-i-strony-internetowej\/#breadcrumb","itemListElement":[{"@type":"ListItem","position":1,"name":"Home","item":"https:\/\/europeantissue.com\/pl\/"},{"@type":"ListItem","position":2,"name":"Polityka ciasteczek i\u00a0strony internetowej"}]},{"@type":"WebSite","@id":"https:\/\/europeantissue.com\/de\/#website","url":"https:\/\/europeantissue.com\/de\/","name":"European Tissue Symposium","description":"","potentialAction":[{"@type":"SearchAction","target":{"@type":"EntryPoint","urlTemplate":"https:\/\/europeantissue.com\/de\/?s={search_term_string}"},"query-input":{"@type":"PropertyValueSpecification","valueRequired":true,"valueName":"search_term_string"}}],"inLanguage":"pl-PL"}]}},"_links":{"self":[{"href":"https:\/\/europeantissue.com\/pl\/wp-json\/wp\/v2\/pages\/8046","targetHints":{"allow":["GET"]}}],"collection":[{"href":"https:\/\/europeantissue.com\/pl\/wp-json\/wp\/v2\/pages"}],"about":[{"href":"https:\/\/europeantissue.com\/pl\/wp-json\/wp\/v2\/types\/page"}],"author":[{"embeddable":true,"href":"https:\/\/europeantissue.com\/pl\/wp-json\/wp\/v2\/users\/2"}],"replies":[{"embeddable":true,"href":"https:\/\/europeantissue.com\/pl\/wp-json\/wp\/v2\/comments?post=8046"}],"version-history":[{"count":0,"href":"https:\/\/europeantissue.com\/pl\/wp-json\/wp\/v2\/pages\/8046\/revisions"}],"wp:attachment":[{"href":"https:\/\/europeantissue.com\/pl\/wp-json\/wp\/v2\/media?parent=8046"}],"curies":[{"name":"wp","href":"https:\/\/api.w.org\/{rel}","templated":true}]}}