 {"id":7723,"date":"2015-09-20T08:04:43","date_gmt":"2015-09-20T08:04:43","guid":{"rendered":"http:\/\/europeantissue.com\/?page_id=7723"},"modified":"2018-07-20T10:26:02","modified_gmt":"2018-07-20T10:26:02","slug":"mayo-clinic-proceedings-artykul-skutecznosc-roznych-systemow-stelazy","status":"publish","type":"page","link":"https:\/\/europeantissue.com\/pl\/higiena-pl\/uczenie-sie\/mayo-clinic-proceedings-artykul-skutecznosc-roznych-systemow-stelazy\/","title":{"rendered":"Opublikowano w czasopi\u015bmie \u201e MAYO Clinic Proceedings \u201d: Skuteczno\u015b\u0107 higieniczna r\u00f3\u017cnych metod osuszania d\u0142oni: Przegl\u0105d dowod\u00f3w"},"content":{"rendered":"<p><a href=\"http:\/\/europeantissue.com\/wp-content\/uploads\/Mayo-Clinic-Head.jpg\"><img decoding=\"async\" class=\"aligncenter wp-image-3876 size-full\" title=\"Mayo Clinic Head\" src=\"http:\/\/europeantissue.com\/wp-content\/uploads\/Mayo-Clinic-Head.jpg\" alt=\"Mayo Clinic Proceedings Head\" width=\"966\" height=\"106\" \/><\/a><\/p>\n<p class=\"p1\"><span class=\"s1\"><i>Czo\u0142owe czasopismo Mayo i, bez w\u0105tpienia, <\/i><\/span><span style=\"color: #2970a6\"><span class=\"s2\"><b><i>jedno z czo\u0142owych recenzowanych czasopism klinicznych <\/i><\/b><\/span><span class=\"s1\"><b><i>z dziedziny medycyny og\u00f3lnej<\/i><\/b><i>, <\/i><\/span><span class=\"s3\"><b><i>Mayo Clinic Proceedings<\/i><\/b><\/span><\/span><span class=\"s1\"><i>, nale\u017cy do najcz\u0119\u015bciej czytanych i cytowanych publikacji naukowych dla lekarzy, i ukazuje si\u0119 w nak\u0142adzie oko\u0142o 124\u00a0000 egzemplarzy.\u00a0Wydawane nieprzerwanie od 1926 roku, czasopismo to ma na swoim koncie opisy bada\u0144 autorstwa laureat\u00f3w Nagrody Nobla. W\u015br\u00f3d wielu innych, autorzy przywo\u0142uj\u0105 r\u00f3wnie\u017c badanie z 2008 roku przeprowadzone na Uniwersytecie Westminster na potrzeby organizacji ETS (a tak\u017ce wykonane na zlecenie ETS badanie przeprowadzone na Uniwersytetu w Bradford, wspierany przez elektryczny producenta suszarki).\u00a0<\/i><\/span><\/p>\n<p class=\"p2\"><span class=\"s1\" style=\"color: #2970a6\"><b><i>Ten bardzo wa\u017cny artyku\u0142 opublikowany w czerwcu 2012 w recenzowanym czasopi\u015bmie klinicznym \u201eMayo Clinic Proceedings\u201d, dowodzi &#8211; z punktu widzenia higieny &#8211; bezdyskusyjnej wy\u017cszo\u015bci r\u0119cznik\u00f3w papierowych nad suszarkami do r\u0105k.<\/i><\/b><\/span><\/p>\n<h3 class=\"p1\"><span class=\"s1\"><b>Streszczenie artyku\u0142u<\/b><\/span><\/h3>\n<p class=\"p2\"><span class=\"s1\">\u201e <b>Poniewa\u017c przenoszenie bakterii jest bardziej prawdopodobne ze sk\u00f3ry mokrej ni\u017c z suchej,<\/b> prawid\u0142owe osuszanie r\u0105k po umyciu powinno stanowi\u0107 integraln\u0105 cz\u0119\u015b\u0107 higieny r\u0105k w plac\u00f3wkach opieki zdrowotnej\u201d.<br \/> W artykule tym zamieszczono systematyczny przegl\u0105d bada\u0144 nad skuteczno\u015bci\u0105 higieniczn\u0105 system\u00f3w osuszania r\u0105k.<br \/> W kwietniu 2011 roku przeprowadzono wyszukiwanie literatury w bazach elektronicznych PubMed, Scopus, i Web of Science. Terminami wyszukiwania by\u0142y: suszarka do r\u0105k, osuszanie r\u0105k.<br \/> Wyszukiwanie ograniczono do artyku\u0142\u00f3w w j\u0119zyku angielskim opublikowanych w okresie od stycznia 1970 do marca 2011.\u00a0<b>W niniejszym przegl\u0105dzie przedstawiono wyniki dwunastu bada\u0144.<\/b><br \/> Skuteczno\u015b\u0107 metod osuszania r\u0105k obejmuje takie parametry jak <b>pr\u0119dko\u015b\u0107 osuszania, stopie\u0144 osuszenia, skuteczne usuni\u0119cie bakterii i zapobieganie ska\u017ceniu krzy\u017cowemu.<\/b><br \/> W przegl\u0105dzie tym znaleziono niewiele argument\u00f3w przemawiaj\u0105cych za wzgl\u0119dn\u0105 skuteczno\u015bci\u0105 elektrycznych suszarek do r\u0105k.<br \/> Jednocze\u015bnie <\/span><span class=\"s2\"><span style=\"color: #2970a6\"><b>wi\u0119kszo\u015b\u0107 bada\u0144 dowodzi, \u017ce r\u0119czniki papierowe mog\u0105 osusza\u0107 r\u0119ce skuteczniej, efektywniej usuwa\u0107 bakterie i powodowa\u0107 mniejsze ska\u017cenie \u015brodowiska toalety.<\/b>\u00a0<\/span><b><span style=\"color: #2970a6\">Z punktu widzenia higieny r\u0119czniki papierowe s\u0105 znacznie efektywniejsze od elektrycznych suszarek do r\u0105k. \u201eStosowanie r\u0119cznik\u00f3w papierowych powinno by\u0107 zalecane w miejscach, w kt\u00f3rych higiena jest podstawowym wymogiem, takich jak szpitale i kliniki\u201d<\/span>.<\/b><\/span><\/p>\n<p class=\"p1\"><span class=\"s1\">\u201eEpidemia \u015bwi\u0144skiej grypy A (H1N1), kt\u00f3ra dotkn\u0119\u0142a ludzko\u015b\u0107 w 2009 roku, przypomnia\u0142a profesjonalistom i wszystkim pracownikom ochrony zdrowia, jak <b>wa\u017cna jest higiena r\u0105k w zapobieganiu rozprzestrzenianiu si\u0119 chor\u00f3b<\/b>.<br \/> W roku 1847 w\u0142a\u015bciw\u0105 higien\u0119 r\u0105k podni\u00f3s\u0142 do rangi podstawowej zasady walki z infekcjami w\u0119gierski lekarz po\u0142o\u017cnik Semmelweis; wym\u00f3g mycia r\u0105k przyczyni\u0142 si\u0119 wkr\u00f3tce do istotnego zmniejszenia \u015bmiertelno\u015bci w\u015br\u00f3d kobiet, spowodowanej gor\u0105czk\u0105 po\u0142ogow\u0105. Od stuleci mycie r\u0105k uznawane jest za najwa\u017cniejszy \u015brodek zmniejszaj\u0105cy stopie\u0144 infekcji w\u015br\u00f3d pracownik\u00f3w opieki zdrowotnej.<\/span><\/p>\n<p class=\"p1\"><span class=\"s1\">Mycie r\u0105k oznacza mycie ich z u\u017cyciem zwyk\u0142ego lub antybakteryjnego myd\u0142a i wody. W\u00a0rzeczywisto\u015bci, mo\u017ce ono polega\u0107 i na szybkim przep\u0142ukaniu r\u0105k i na systematycznym szorowaniu. Dzi\u0119ki <b>odpowiedniemu myciu r\u0105k stwierdzono istotne zmniejszenie wska\u017anika chor\u00f3b zaka\u017anych w r\u00f3\u017cnych \u015brodowiskach, takich jak: instytucje opieki zdrowotnej, zak\u0142ady przemys\u0142u spo\u017cywczego, przedszkola, szko\u0142y, jak r\u00f3wnie\u017c we wszelkiego rodzaju sytuacjach mi\u0119dzyludzkich.<\/b><br \/> Do chwili obecnej znaczna liczba bada\u0144 skupia\u0142a si\u0119 na takich tematach jak techniki mycia r\u0105k, wyb\u00f3r i pos\u0142ugiwanie si\u0119 \u015brodkami do mycia r\u0105k i sposoby podwy\u017cszania wska\u017anika przestrzegania higieny r\u0105k przez pracownik\u00f3w s\u0142u\u017cby zdrowia. Mniej uwagi po\u015bwi\u0119cano roli osuszania r\u0105k po ich umyciu i wzgl\u0119dnej skuteczno\u015bci r\u00f3\u017cnych metod osuszania r\u0105k w zmniejszaniu zagro\u017cenia ska\u017ceniem.<\/span><\/p>\n<p class=\"p1\"><span class=\"s1\" style=\"color: #2970a6\"><b>Prawid\u0142owe osuszanie r\u0105k powinno by\u0107 podstawowym elementem procedur skutecznej higieny r\u0105k.<\/b><\/span><span class=\"s2\"> <a href=\"http:\/\/www.youtube.com\/watch?v=3w2CC3KJrrg\"><span class=\"s3\"><i>(W filmie tym jeden z autor\u00f3w artyku\u0142u omawia najwa\u017cniejsze wnioski)<\/i><\/span><\/a><\/span><\/p>\n<p class=\"p1\"><span class=\"s1\">Coates i inni stwierdzili, \u017ce mycie r\u0105k zar\u00f3wno z u\u017cyciem myd\u0142a i wody, jak i samej wody w po\u0142\u0105czeniu z osuszaniem papierowymi r\u0119cznikami mo\u017ce skutecznie usuwa\u0107 z r\u0105k bakterie. Nie wystarczy samo strzepni\u0119cie wody z r\u0105k po ich myciu, gdy\u017c niekt\u00f3rych bakterii nie daje si\u0119 w taki spos\u00f3b pozby\u0107. Patrick i inni badali zwi\u0105zki pomi\u0119dzy wod\u0105 pozosta\u0142\u0105 na d\u0142oniach a poziomem przenoszenia bakterii.<br \/> Prawdopodobie\u0144stwo przenoszenia bakterii by\u0142o wi\u0119ksze w przypadku r\u0105k wilgotnych ni\u017c w przypadku r\u0105k suchych. Merry i inni r\u00f3wnie\u017c potwierdzili odpowiedzialno\u015b\u0107 wody pozosta\u0142ej na d\u0142oniach za efekt ska\u017cenia poprzez dotyk lub d\u0142u\u017cszy kontakt.<\/span><\/p>\n<p class=\"p1\"><span class=\"s1\">Chocia\u017c w badaniach podkre\u015blano wa\u017cno\u015b\u0107 dok\u0142adnego osuszania r\u0105k po ich umyciu, rola tej czynno\u015bci nie by\u0142a szeroko promowana i <b>z ca\u0142\u0105 pewno\u015bci\u0105 jej istotne znaczenie dla w\u0142a\u015bciwej higieny r\u0105k i dla przeciwdzia\u0142ania infekcjom pozosta\u0142o niedocenione.<\/b><br \/> Brak zainteresowania tym aspektem mo\u017ce zniweczy\u0107 korzy\u015bci zwi\u0105zane z dok\u0142adnym myciem r\u0105k przez pracownik\u00f3w s\u0142u\u017cby zdrowia. Dotychczas <b>przeprowadzono niewiele bada\u0144 maj\u0105cych za zadanie zbadanie wp\u0142ywu w\u0142a\u015bciwego osuszania d\u0142oni na og\u00f3ln\u0105 efektywno\u015b\u0107 dba\u0142o\u015bci o higien\u0119 r\u0105k.<\/b>\u00a0Celem tego artyku\u0142u by\u0142o przedstawienie <b>systematycznego przegl\u0105du<\/b> bada\u0144 analizuj\u0105cych wydajno\u015b\u0107 r\u00f3\u017cnych metod osuszania d\u0142oni oraz zalece\u0144 dla przysz\u0142ych bada\u0144\u201d.<\/span><\/p>\n<h3>\u00a0<\/h3>\n<div class=\"fusion-fullwidth fullwidth-box fusion-builder-row-1 hundred-percent-fullwidth non-hundred-percent-height-scrolling\" style=\"--awb-border-radius-top-left:0px;--awb-border-radius-top-right:0px;--awb-border-radius-bottom-right:0px;--awb-border-radius-bottom-left:0px;--awb-overflow:visible;--awb-flex-wrap:wrap;\" ><div class=\"fusion-builder-row fusion-row\"><div class=\"fusion-layout-column fusion_builder_column fusion-builder-column-0 fusion_builder_column_1_1 1_1 fusion-one-full fusion-column-first fusion-column-last fusion-column-no-min-height\" style=\"--awb-bg-size:cover;--awb-margin-bottom:0px;\"><div class=\"fusion-column-wrapper fusion-flex-column-wrapper-legacy\"><div id=\"attachment_3939\" style=\"width: 310px\" class=\"wp-caption alignright\"><a href=\"http:\/\/www.youtube.com\/watch?v=3w2CC3KJrrg\"><img decoding=\"async\" aria-describedby=\"caption-attachment-3939\" class=\"wp-image-3939 size-medium\" title=\"Video - The Hygienic Efficacy of Different Hand-Drying Methods\" src=\"http:\/\/europeantissue.com\/wp-content\/uploads\/Video-The-Hygienic-Efficacy-of-Different-Hand-Drying-Methods-300x230.jpg\" alt=\"Mayo Clinic Proceedings Video\" width=\"300\" height=\"230\" \/><\/a><p id=\"caption-attachment-3939\" class=\"wp-caption-text\">Mayo Clinic Proceedings Video<\/p><\/div>\n<h3><b>G\u0142\u00f3wne tezy artyku\u0142u (Mayo Clinic Proceedings)<\/b><\/h3>\n<p class=\"p1\"><span class=\"s1\">\u25a0<\/span><span class=\"s2\"> \u201e<b>Mycie r\u0105k<\/b> jest <b>najwa\u017cniejszym \u015brodkiem zmniejszania<\/b> obci\u0105\u017ce\u0144 dotycz\u0105cych infekcji <b>w\u015br\u00f3d s\u0142u\u017cby zdrowia<\/b>\u201d.<\/span><\/p>\n<p class=\"p1\"><span class=\"s1\">\u25a0<\/span><span class=\"s2\"> \u201ePoniewa\u017c istnieje wi\u0119ksze prawdopodobie\u0144stwo przenoszenia bakterii ze sk\u00f3ry mokrej ni\u017c ze sk\u00f3ry suchej, <b>w\u0142a\u015bciwe osuszanie d\u0142oni po ich umyciu powinno by\u0107 zasadniczym elementem procedur higieny r\u0105k<\/b>\u201d.<\/span><\/p>\n<p class=\"p1\"><span class=\"s1\">\u25a0<\/span><span class=\"s2\"> \u201eHigieniczna skuteczno\u015b\u0107 osuszania r\u0105k obejmuje <b>wydajno\u015b\u0107 osuszania, efektywne usuwanie bakterii i zapobieganie ska\u017ceniom krzy\u017cowym\u201d.<\/b><\/span><\/p>\n<p class=\"p2\"><span class=\"s3\">\u25a0<\/span><span class=\"s4\"> \u201eZ punktu widzenia <span style=\"color: #2970a6\"><b>higieny<\/b> <\/span><\/span><span class=\"s2\" style=\"color: #2970a6\"><b>r\u0119czniki papierowe s\u0105 zdecydowanie efektywniejsze ni\u017c elektryczne suszarki do r\u0105k\u201d.<\/b><\/span><\/p>\n<p class=\"p2\"><span class=\"s3\">\u25a0<\/span><span style=\"color: #2970a6\"><span class=\"s4\"> &#8222;<\/span><span class=\"s2\"><b>Dok\u0142adne mycie r\u0105k z wykorzystaniem r\u0119cznik\u00f3w papierowych jednorazowego u\u017cytku jest najbardziej preferowan\u0105 metod\u0105 osuszania d\u0142oni w plac\u00f3wkach opieki zdrowotnej<\/b><\/span><span class=\"s4\">.&#8221;<\/span><\/span><\/p>\n<p class=\"p3\"><span class=\"s1\">\u25a0<\/span><span class=\"s2\"> \u201eStosowanie r\u0119cznik\u00f3w papierowych powinno by\u0107 uwa\u017cane za \u015brodek <b>podwy\u017cszania wska\u017anika przestrzegania higieny r\u0105k przez pracownik\u00f3w s\u0142u\u017cby zdrowia\u201d.<\/b><\/span><\/p>\n<p>&nbsp;<\/p>\n<p class=\"p1\"><span class=\"s1\"><b>Mo\u017cesz pobra\u0107 kompletn\u0105 publikacj\u0119, korzystaj\u0105c z nast\u0119puj\u0105cego \u0142\u0105cza:\u00a0<\/b><a href=\"http:\/\/www.europeantissue.com\/wp-content\/uploads\/Mayo-Clinic-The-Hygienic-Efficacy-of-Different-Hand-Drying-Methods.pdf\"><span class=\"s2\"><b>Mayo Clinic Proceedings &#8211; The Hygienic Efficacy of Different Hand-Drying Methods<\/b><\/span><\/a><\/span><\/p>\n<p class=\"p2\"><span class=\"s3\"><b>Mo\u017cesz r\u00f3wnie\u017c zapozna\u0107 si\u0119 z blogiem dziennika Washington Post na temat artyku\u0142u w Mayo Clinic Proceedings: <\/b><span class=\"s2\"><b><a href=\"http:\/\/www.washingtonpost.com\/blogs\/compost\/wp\/2012\/12\/14\/the-paper-towel-hand-dryer-wars-are-over\/\">Koniec rywalizacji mi\u0119dzy r\u0119cznikiem papierowym a suszark\u0105 do r\u0105k.<\/a><\/b><\/span><\/span><\/p>\n<div class=\"fusion-clearfix\"><\/div><\/div><\/div><\/div><\/div>\n","protected":false},"excerpt":{"rendered":"<p>Czo\u0142owe czasopismo Mayo i, bez w\u0105tpienia, jedno z czo\u0142owych recenzowanych czasopism klinicznych z dziedziny medycyny og\u00f3lnej, Mayo Clinic Proceedings, nale\u017cy do najcz\u0119\u015bciej czytanych i cytowanych publikacji naukowych dla lekarzy, i ukazuje si\u0119 w nak\u0142adzie oko\u0142o 124\u00a0000 egzemplarzy.\u00a0Wydawane nieprzerwanie od 1926 roku, czasopismo to ma na swoim koncie opisy bada\u0144 autorstwa laureat\u00f3w Nagrody Nobla. W\u015br\u00f3d wielu  [&#8230;]<\/p>\n","protected":false},"author":2,"featured_media":0,"parent":7697,"menu_order":4,"comment_status":"open","ping_status":"closed","template":"","meta":{"_monsterinsights_skip_tracking":false,"_monsterinsights_sitenote_active":false,"_monsterinsights_sitenote_note":"","_monsterinsights_sitenote_category":0,"ngg_post_thumbnail":0,"footnotes":""},"class_list":["post-7723","page","type-page","status-publish","hentry"],"yoast_head":"<!-- This site is optimized with the Yoast SEO plugin v26.3 - https:\/\/yoast.com\/wordpress\/plugins\/seo\/ -->\n<title>Opublikowano w czasopi\u015bmie \u201e MAYO Clinic Proceedings \u201d: Skuteczno\u015b\u0107 higieniczna r\u00f3\u017cnych metod osuszania d\u0142oni: Przegl\u0105d dowod\u00f3w - European Tissue Symposium<\/title>\n<meta name=\"description\" content=\"MAYO Clinic Proceedings:\u00a0Dok\u0142adne mycie r\u0105k z wykorzystaniem r\u0119cznik\u00f3w papierowych jednorazowego u\u017cytku jest najbardziej preferowan\u0105 metod\u0105 osuszania d\u0142oni w plac\u00f3wkach opieki zdrowotnej\" \/>\n<meta name=\"robots\" content=\"index, follow, max-snippet:-1, max-image-preview:large, max-video-preview:-1\" \/>\n<link rel=\"canonical\" href=\"https:\/\/europeantissue.com\/pl\/higiena-pl\/uczenie-sie\/mayo-clinic-proceedings-artykul-skutecznosc-roznych-systemow-stelazy\/\" \/>\n<meta property=\"og:locale\" content=\"pl_PL\" \/>\n<meta property=\"og:type\" content=\"article\" \/>\n<meta property=\"og:title\" content=\"Opublikowano w czasopi\u015bmie \u201e MAYO Clinic Proceedings \u201d: Skuteczno\u015b\u0107 higieniczna r\u00f3\u017cnych metod osuszania d\u0142oni: Przegl\u0105d dowod\u00f3w - European Tissue Symposium\" \/>\n<meta property=\"og:description\" content=\"MAYO Clinic Proceedings:\u00a0Dok\u0142adne mycie r\u0105k z wykorzystaniem r\u0119cznik\u00f3w papierowych jednorazowego u\u017cytku jest najbardziej preferowan\u0105 metod\u0105 osuszania d\u0142oni w plac\u00f3wkach opieki zdrowotnej\" \/>\n<meta property=\"og:url\" content=\"https:\/\/europeantissue.com\/pl\/higiena-pl\/uczenie-sie\/mayo-clinic-proceedings-artykul-skutecznosc-roznych-systemow-stelazy\/\" \/>\n<meta property=\"og:site_name\" content=\"European Tissue Symposium\" \/>\n<meta property=\"article:modified_time\" content=\"2018-07-20T10:26:02+00:00\" \/>\n<meta property=\"og:image\" content=\"http:\/\/europeantissue.com\/wp-content\/uploads\/Mayo-Clinic-Head.jpg\" \/>\n<meta name=\"twitter:card\" content=\"summary_large_image\" \/>\n<meta name=\"twitter:label1\" content=\"Szacowany czas czytania\" \/>\n\t<meta name=\"twitter:data1\" content=\"6 minut\" \/>\n<script type=\"application\/ld+json\" class=\"yoast-schema-graph\">{\"@context\":\"https:\/\/schema.org\",\"@graph\":[{\"@type\":\"WebPage\",\"@id\":\"https:\/\/europeantissue.com\/pl\/higiena-pl\/uczenie-sie\/mayo-clinic-proceedings-artykul-skutecznosc-roznych-systemow-stelazy\/\",\"url\":\"https:\/\/europeantissue.com\/pl\/higiena-pl\/uczenie-sie\/mayo-clinic-proceedings-artykul-skutecznosc-roznych-systemow-stelazy\/\",\"name\":\"Opublikowano w czasopi\u015bmie \u201e MAYO Clinic Proceedings \u201d: Skuteczno\u015b\u0107 higieniczna r\u00f3\u017cnych metod osuszania d\u0142oni: Przegl\u0105d dowod\u00f3w - European Tissue Symposium\",\"isPartOf\":{\"@id\":\"https:\/\/europeantissue.com\/de\/#website\"},\"primaryImageOfPage\":{\"@id\":\"https:\/\/europeantissue.com\/pl\/higiena-pl\/uczenie-sie\/mayo-clinic-proceedings-artykul-skutecznosc-roznych-systemow-stelazy\/#primaryimage\"},\"image\":{\"@id\":\"https:\/\/europeantissue.com\/pl\/higiena-pl\/uczenie-sie\/mayo-clinic-proceedings-artykul-skutecznosc-roznych-systemow-stelazy\/#primaryimage\"},\"thumbnailUrl\":\"http:\/\/europeantissue.com\/wp-content\/uploads\/Mayo-Clinic-Head.jpg\",\"datePublished\":\"2015-09-20T08:04:43+00:00\",\"dateModified\":\"2018-07-20T10:26:02+00:00\",\"description\":\"MAYO Clinic Proceedings:\u00a0Dok\u0142adne mycie r\u0105k z wykorzystaniem r\u0119cznik\u00f3w papierowych jednorazowego u\u017cytku jest najbardziej preferowan\u0105 metod\u0105 osuszania d\u0142oni w plac\u00f3wkach opieki zdrowotnej\",\"breadcrumb\":{\"@id\":\"https:\/\/europeantissue.com\/pl\/higiena-pl\/uczenie-sie\/mayo-clinic-proceedings-artykul-skutecznosc-roznych-systemow-stelazy\/#breadcrumb\"},\"inLanguage\":\"pl-PL\",\"potentialAction\":[{\"@type\":\"ReadAction\",\"target\":[\"https:\/\/europeantissue.com\/pl\/higiena-pl\/uczenie-sie\/mayo-clinic-proceedings-artykul-skutecznosc-roznych-systemow-stelazy\/\"]}]},{\"@type\":\"ImageObject\",\"inLanguage\":\"pl-PL\",\"@id\":\"https:\/\/europeantissue.com\/pl\/higiena-pl\/uczenie-sie\/mayo-clinic-proceedings-artykul-skutecznosc-roznych-systemow-stelazy\/#primaryimage\",\"url\":\"http:\/\/europeantissue.com\/wp-content\/uploads\/Mayo-Clinic-Head.jpg\",\"contentUrl\":\"http:\/\/europeantissue.com\/wp-content\/uploads\/Mayo-Clinic-Head.jpg\"},{\"@type\":\"BreadcrumbList\",\"@id\":\"https:\/\/europeantissue.com\/pl\/higiena-pl\/uczenie-sie\/mayo-clinic-proceedings-artykul-skutecznosc-roznych-systemow-stelazy\/#breadcrumb\",\"itemListElement\":[{\"@type\":\"ListItem\",\"position\":1,\"name\":\"Home\",\"item\":\"https:\/\/europeantissue.com\/pl\/\"},{\"@type\":\"ListItem\",\"position\":2,\"name\":\"Higiena (PL)\",\"item\":\"https:\/\/europeantissue.com\/pl\/higiena-pl\/\"},{\"@type\":\"ListItem\",\"position\":3,\"name\":\"Badania\",\"item\":\"https:\/\/europeantissue.com\/pl\/higiena-pl\/uczenie-sie\/\"},{\"@type\":\"ListItem\",\"position\":4,\"name\":\"Opublikowano w czasopi\u015bmie \u201e MAYO Clinic Proceedings \u201d: Skuteczno\u015b\u0107 higieniczna r\u00f3\u017cnych metod osuszania d\u0142oni: Przegl\u0105d dowod\u00f3w\"}]},{\"@type\":\"WebSite\",\"@id\":\"https:\/\/europeantissue.com\/de\/#website\",\"url\":\"https:\/\/europeantissue.com\/de\/\",\"name\":\"European Tissue Symposium\",\"description\":\"\",\"potentialAction\":[{\"@type\":\"SearchAction\",\"target\":{\"@type\":\"EntryPoint\",\"urlTemplate\":\"https:\/\/europeantissue.com\/de\/?s={search_term_string}\"},\"query-input\":{\"@type\":\"PropertyValueSpecification\",\"valueRequired\":true,\"valueName\":\"search_term_string\"}}],\"inLanguage\":\"pl-PL\"}]}<\/script>\n<!-- \/ Yoast SEO plugin. -->","yoast_head_json":{"title":"Opublikowano w czasopi\u015bmie \u201e MAYO Clinic Proceedings \u201d: Skuteczno\u015b\u0107 higieniczna r\u00f3\u017cnych metod osuszania d\u0142oni: Przegl\u0105d dowod\u00f3w - European Tissue Symposium","description":"MAYO Clinic Proceedings:\u00a0Dok\u0142adne mycie r\u0105k z wykorzystaniem r\u0119cznik\u00f3w papierowych jednorazowego u\u017cytku jest najbardziej preferowan\u0105 metod\u0105 osuszania d\u0142oni w plac\u00f3wkach opieki zdrowotnej","robots":{"index":"index","follow":"follow","max-snippet":"max-snippet:-1","max-image-preview":"max-image-preview:large","max-video-preview":"max-video-preview:-1"},"canonical":"https:\/\/europeantissue.com\/pl\/higiena-pl\/uczenie-sie\/mayo-clinic-proceedings-artykul-skutecznosc-roznych-systemow-stelazy\/","og_locale":"pl_PL","og_type":"article","og_title":"Opublikowano w czasopi\u015bmie \u201e MAYO Clinic Proceedings \u201d: Skuteczno\u015b\u0107 higieniczna r\u00f3\u017cnych metod osuszania d\u0142oni: Przegl\u0105d dowod\u00f3w - European Tissue Symposium","og_description":"MAYO Clinic Proceedings:\u00a0Dok\u0142adne mycie r\u0105k z wykorzystaniem r\u0119cznik\u00f3w papierowych jednorazowego u\u017cytku jest najbardziej preferowan\u0105 metod\u0105 osuszania d\u0142oni w plac\u00f3wkach opieki zdrowotnej","og_url":"https:\/\/europeantissue.com\/pl\/higiena-pl\/uczenie-sie\/mayo-clinic-proceedings-artykul-skutecznosc-roznych-systemow-stelazy\/","og_site_name":"European Tissue Symposium","article_modified_time":"2018-07-20T10:26:02+00:00","og_image":[{"url":"http:\/\/europeantissue.com\/wp-content\/uploads\/Mayo-Clinic-Head.jpg","type":"","width":"","height":""}],"twitter_card":"summary_large_image","twitter_misc":{"Szacowany czas czytania":"6 minut"},"schema":{"@context":"https:\/\/schema.org","@graph":[{"@type":"WebPage","@id":"https:\/\/europeantissue.com\/pl\/higiena-pl\/uczenie-sie\/mayo-clinic-proceedings-artykul-skutecznosc-roznych-systemow-stelazy\/","url":"https:\/\/europeantissue.com\/pl\/higiena-pl\/uczenie-sie\/mayo-clinic-proceedings-artykul-skutecznosc-roznych-systemow-stelazy\/","name":"Opublikowano w czasopi\u015bmie \u201e MAYO Clinic Proceedings \u201d: Skuteczno\u015b\u0107 higieniczna r\u00f3\u017cnych metod osuszania d\u0142oni: Przegl\u0105d dowod\u00f3w - European Tissue Symposium","isPartOf":{"@id":"https:\/\/europeantissue.com\/de\/#website"},"primaryImageOfPage":{"@id":"https:\/\/europeantissue.com\/pl\/higiena-pl\/uczenie-sie\/mayo-clinic-proceedings-artykul-skutecznosc-roznych-systemow-stelazy\/#primaryimage"},"image":{"@id":"https:\/\/europeantissue.com\/pl\/higiena-pl\/uczenie-sie\/mayo-clinic-proceedings-artykul-skutecznosc-roznych-systemow-stelazy\/#primaryimage"},"thumbnailUrl":"http:\/\/europeantissue.com\/wp-content\/uploads\/Mayo-Clinic-Head.jpg","datePublished":"2015-09-20T08:04:43+00:00","dateModified":"2018-07-20T10:26:02+00:00","description":"MAYO Clinic Proceedings:\u00a0Dok\u0142adne mycie r\u0105k z wykorzystaniem r\u0119cznik\u00f3w papierowych jednorazowego u\u017cytku jest najbardziej preferowan\u0105 metod\u0105 osuszania d\u0142oni w plac\u00f3wkach opieki zdrowotnej","breadcrumb":{"@id":"https:\/\/europeantissue.com\/pl\/higiena-pl\/uczenie-sie\/mayo-clinic-proceedings-artykul-skutecznosc-roznych-systemow-stelazy\/#breadcrumb"},"inLanguage":"pl-PL","potentialAction":[{"@type":"ReadAction","target":["https:\/\/europeantissue.com\/pl\/higiena-pl\/uczenie-sie\/mayo-clinic-proceedings-artykul-skutecznosc-roznych-systemow-stelazy\/"]}]},{"@type":"ImageObject","inLanguage":"pl-PL","@id":"https:\/\/europeantissue.com\/pl\/higiena-pl\/uczenie-sie\/mayo-clinic-proceedings-artykul-skutecznosc-roznych-systemow-stelazy\/#primaryimage","url":"http:\/\/europeantissue.com\/wp-content\/uploads\/Mayo-Clinic-Head.jpg","contentUrl":"http:\/\/europeantissue.com\/wp-content\/uploads\/Mayo-Clinic-Head.jpg"},{"@type":"BreadcrumbList","@id":"https:\/\/europeantissue.com\/pl\/higiena-pl\/uczenie-sie\/mayo-clinic-proceedings-artykul-skutecznosc-roznych-systemow-stelazy\/#breadcrumb","itemListElement":[{"@type":"ListItem","position":1,"name":"Home","item":"https:\/\/europeantissue.com\/pl\/"},{"@type":"ListItem","position":2,"name":"Higiena (PL)","item":"https:\/\/europeantissue.com\/pl\/higiena-pl\/"},{"@type":"ListItem","position":3,"name":"Badania","item":"https:\/\/europeantissue.com\/pl\/higiena-pl\/uczenie-sie\/"},{"@type":"ListItem","position":4,"name":"Opublikowano w czasopi\u015bmie \u201e MAYO Clinic Proceedings \u201d: Skuteczno\u015b\u0107 higieniczna r\u00f3\u017cnych metod osuszania d\u0142oni: Przegl\u0105d dowod\u00f3w"}]},{"@type":"WebSite","@id":"https:\/\/europeantissue.com\/de\/#website","url":"https:\/\/europeantissue.com\/de\/","name":"European Tissue Symposium","description":"","potentialAction":[{"@type":"SearchAction","target":{"@type":"EntryPoint","urlTemplate":"https:\/\/europeantissue.com\/de\/?s={search_term_string}"},"query-input":{"@type":"PropertyValueSpecification","valueRequired":true,"valueName":"search_term_string"}}],"inLanguage":"pl-PL"}]}},"_links":{"self":[{"href":"https:\/\/europeantissue.com\/pl\/wp-json\/wp\/v2\/pages\/7723","targetHints":{"allow":["GET"]}}],"collection":[{"href":"https:\/\/europeantissue.com\/pl\/wp-json\/wp\/v2\/pages"}],"about":[{"href":"https:\/\/europeantissue.com\/pl\/wp-json\/wp\/v2\/types\/page"}],"author":[{"embeddable":true,"href":"https:\/\/europeantissue.com\/pl\/wp-json\/wp\/v2\/users\/2"}],"replies":[{"embeddable":true,"href":"https:\/\/europeantissue.com\/pl\/wp-json\/wp\/v2\/comments?post=7723"}],"version-history":[{"count":0,"href":"https:\/\/europeantissue.com\/pl\/wp-json\/wp\/v2\/pages\/7723\/revisions"}],"up":[{"embeddable":true,"href":"https:\/\/europeantissue.com\/pl\/wp-json\/wp\/v2\/pages\/7697"}],"wp:attachment":[{"href":"https:\/\/europeantissue.com\/pl\/wp-json\/wp\/v2\/media?parent=7723"}],"curies":[{"name":"wp","href":"https:\/\/api.w.org\/{rel}","templated":true}]}}