 {"id":7717,"date":"2015-09-20T07:53:45","date_gmt":"2015-09-20T07:53:45","guid":{"rendered":"http:\/\/europeantissue.com\/?page_id=7717"},"modified":"2018-07-20T10:26:03","modified_gmt":"2018-07-20T10:26:03","slug":"badanie-na-temat-mozliwosci-skazenia-srodowiska-2014","status":"publish","type":"page","link":"https:\/\/europeantissue.com\/pl\/higiena-pl\/uczenie-sie\/badanie-na-temat-mozliwosci-skazenia-srodowiska-2014\/","title":{"rendered":"Badanie oceniaj\u0105ce potencjalne zanieczyszczenie \u0142azience (2014)"},"content":{"rendered":"<h2 class=\"p1\" style=\"text-align: center\"><span class=\"s1\" style=\"color: #2b7199\"><b>Zanieczyszczenie \u0142azience: suszarki generuj\u0105ce strumie\u0144 powietrza i suszarki generuj\u0105ce gor\u0105ce powietrze zanieczyszczaj\u0105 przestrze\u0144 toalet i mog\u0105 by\u0107 niewskazane w plac\u00f3wkach opieki zdrowotnej.<\/b><\/span><\/h2>\n<p class=\"p1\"><span class=\"s1\"><b>Bakterie kierowane w powietrze i na u\u017cytkownik\u00f3w oraz na postronne osoby mog\u0105 by\u0107 \u017ar\u00f3d\u0142em zaka\u017cenia przenoszonego mi\u0119dzy pracownikami s\u0142u\u017cby zdrowia a innymi osobami.<\/b><\/span><\/p>\n<p class=\"p1\"><span class=\"s1\">Rezultatem tego badania jest wyra\u017ane stwierdzenie, \u017ce suszarki na gor\u0105ce powietrze stwarzaj\u0105 wi\u0119ksze ryzyko ska\u017cenia toalet poprzez rozpraszanie bakterii w powietrzu oraz na u\u017cytkownik\u00f3w i osoby postronne. Stwierdzenia te maj\u0105 znacz\u0105ce implikacje dla pracownik\u00f3w s\u0142u\u017cby zdrowia i kierownik\u00f3w dzia\u0142\u00f3w zakup\u00f3w, odpowiedzialnych za wyposa\u017cenie toalet szpitalnych pod k\u0105tem zapobiegania infekcjom.<br \/> Badanie zaprojektowane i wprowadzone przez czo\u0142owego mikrobiologa medycznego, <\/span><span class=\"s2\"><b>profesora Marka Wilcoxa z Uniwersytetu Leeds i kliniki w Leeds,<\/b><\/span><span class=\"s1\"> i sfinansowane przez ETS, zawiera\u0142o por\u00f3wnanie mo\u017cliwo\u015bci rozpraszania w powietrzu bakterii w przypadku trzech powszechnie stosowanych metod osuszania d\u0142oni. Okazuje si\u0119, \u017ce suszarki generuj\u0105ce strumie\u0144 powietrza emitowa\u0142y wi\u0119cej kropelek obci\u0105\u017conych bakteriami i rozprzestrzenia\u0142y je na wi\u0119kszym obszarze ni\u017c zar\u00f3wno suszarki na gor\u0105ce powietrze, jak i r\u0119czniki papierowe. Stwierdzono r\u00f3wnie\u017c, \u017ce od chwili wy\u0142\u0105czenia suszarki generuj\u0105cej strumie\u0144 powietrza bakterie utrzymuj\u0105 si\u0119 w powietrzu toalety przez znacznie d\u0142u\u017cszy czas.<br \/> Badanie to, opublikowane ostatnio w Journal of Hospital Infection, zosta\u0142o przedstawione podczas <a href=\"https:\/\/europeantissue.com\/hygiene\/participation-in-events\/his-participation\/\"><span class=\"s3\"><b>IX Mi\u0119dzynarodowej Konferencji Towarzystwa Zwalczania Infekcji w plac\u00f3wkach s\u0142u\u017cby zdrowia (HIS) w Lyonie,<\/b><\/span><\/a> w dniach od 16 do 18 listopada 2014.<br \/> Organizowana co dwa lata, Mi\u0119dzynarodowa Konferencja Towarzystwa Zwalczania Infekcji gromadzi oko\u0142o 1000 profesjonalist\u00f3w z ca\u0142ego \u015bwiata, w tym epidemiolog\u00f3w, mikrobiolog\u00f3w, specjalist\u00f3w w zakresie zdrowia publicznego, a tak\u017ce dyrektor\u00f3w oddzia\u0142\u00f3w profilaktyki i kontroli zaka\u017ce\u0144<br \/> w celu om\u00f3wienia wynik\u00f3w najnowszych bada\u0144 i najlepszej praktyki w dziedzinie zapobiegania i kontrolowania zaka\u017ce\u0144.<\/span><\/p>\n<p><a href=\"http:\/\/europeantissue.com\/wp-content\/uploads\/JHI.jpg\"><img decoding=\"async\" class=\"alignleft wp-image-4918 size-full\" src=\"http:\/\/europeantissue.com\/wp-content\/uploads\/JHI.jpg\" alt=\"JHI\" width=\"226\" height=\"300\" \/><\/a><\/p>\n<p class=\"p1\"><span class=\"s1\"><b>Pe\u0142ny tytu\u0142 tego badania brzmi: Por\u00f3wnanie mikrobiologiczne metod osuszania r\u0105k: mo\u017cliwo\u015b\u0107 ska\u017cenia \u015brodowiska, zara\u017cania u\u017cytkownik\u00f3w i os\u00f3b postronnych. E.L. Best,1 P. Parnell,1 M.H. Wilcox 1,2 &#8211; Microbiology Department, Old Medical School, Leeds General Infirmary, Leeds Teaching Hospitals NHS Trust1 &amp; University of Leeds,2 Leeds LS1 3EX, Wielka Brytania.<\/b><\/span><\/p>\n<p class=\"p1\"><span class=\"s1\">Pe\u0142ne badanie mo\u017cna pobra\u0107 odp\u0142atnie, za 35,95 dolara, na stronie\u00a0<\/span>\u00a0<a href=\"http:\/\/authors.elsevier.com\/sd\/article\/S0195670114002461\">http:\/\/authors.elsevier.com\/sd\/article\/S0195670114002461\u00a0<\/a><\/p>\n<h3 class=\"p1\"><span class=\"s1\"><b>Rozpraszanie w powietrzu<\/b><\/span><\/h3>\n<p class=\"p2\"><span class=\"s1\">Do cel\u00f3w badania d\u0142onie chronione r\u0119kawiczkami zosta\u0142y zaka\u017cone nieszkodliwym szczepem Lactobacillus, organizmu niewyst\u0119puj\u0105cego normalnie w toaletach. By\u0142o to symulowanie obci\u0105\u017cenia bakteryjnego niedostatecznie mytych r\u0105k. Wykrycie po pewnym czasie obecno\u015bci bakterii Lactobacillus w powietrzu dowiod\u0142o, \u017ce musia\u0142y one zosta\u0107 przeniesione z powierzchni r\u0105k podczas ich osuszania. Badacze poddali analizie powietrze wok\u00f3\u0142 suszarek, a tak\u017ce w odleg\u0142o\u015bci jednego i dw\u00f3ch metr\u00f3w od nich.\u00a0<\/span><span class=\"s2\" style=\"color: #ff0000\"><b>Zawarto\u015b\u0107 bakterii w powietrzu w pobli\u017cu suszarek generuj\u0105cych strumie\u0144 powietrza okaza\u0142a si\u0119<\/b> <b>4,5 razy wi\u0119ksza<\/b><\/span><span class=\"s1\"> ni\u017c wok\u00f3\u0142 suszarek na gor\u0105ce powietrze i <\/span><span class=\"s2\" style=\"color: #ff0000\"><b>27 razy wi\u0119ksza w por\u00f3wnaniu z sytuacj\u0105, w kt\u00f3rej wykorzystywano r\u0119czniki papierowe.<\/b><\/span><span class=\"s1\">\u00a0Tu\u017c obok suszarek bakterie utrzymywa\u0142y si\u0119 w powietrzu o wiele d\u0142u\u017cej ni\u017c wynosz\u0105cy 15 sekund czas osuszania, przy czym oko\u0142o po\u0142owa (48%) bakterii Lactobacilli znajdowa\u0142a si\u0119 nadal w powietrzu po up\u0142ywie ponad 5 minut od zako\u0144czenia osuszania r\u0105k. Bakterie Lactobacilli by\u0142y obecne w powietrzu nawet po 15 minutach od zako\u0144czenia osuszania r\u0105k (20% ca\u0142kowitej liczby wykrytych bakterii Lactobacilli w przypadku suszarki wykorzystuj\u0105cej strumie\u0144 powietrza).<\/span><\/p>\n<p class=\"p2\"><a href=\"http:\/\/europeantissue.com\/wp-content\/uploads\/2015\/09\/ETS_Infographic_A4_PL.jpg\" rel=\"attachment wp-att-8978\"><img decoding=\"async\" class=\"alignnone size-full wp-image-8978\" src=\"http:\/\/europeantissue.com\/wp-content\/uploads\/2015\/09\/ETS_Infographic_A4_PL.jpg\" alt=\"ETS_Infographic_A4_PL\" width=\"900\" height=\"636\" srcset=\"https:\/\/europeantissue.com\/wp-content\/uploads\/2015\/09\/ETS_Infographic_A4_PL-300x212.jpg 300w, https:\/\/europeantissue.com\/wp-content\/uploads\/2015\/09\/ETS_Infographic_A4_PL-768x543.jpg 768w, https:\/\/europeantissue.com\/wp-content\/uploads\/2015\/09\/ETS_Infographic_A4_PL.jpg 900w\" sizes=\"(max-width: 900px) 100vw, 900px\" \/><\/a><\/p>\n<p><b>Zapoznaj si\u0119 z artyku\u0142ami w r\u00f3\u017cnych j\u0119zykach, stanowi\u0105cymi podsumowanie badania i przejrzyj lub pobierz infografik\u0119 dotycz\u0105c\u0105 tego badania.<\/b><\/p>\n<p class=\"p2\"><span class=\"s1\"><b>J\u0119zyk angielski:<\/b><\/span><\/p>\n<p class=\"p3\"><span class=\"s2\"><a href=\"http:\/\/europeantissue.com\/wp-content\/uploads\/2014\/11\/Press-Release-LeedsAirStudy-English.pdf\">Komunikat prasowy w j\u0119zyku angielskim na temat badania w Leeds<\/a><\/span><\/p>\n<p class=\"p3\"><span class=\"s2\"><a href=\"http:\/\/www.europeantissue.com\/wp-content\/uploads\/Leeds-study-Infographic-English1.pdf\">Infografika w j\u0119zyku angielskim dotycz\u0105ca badania w Leeds<\/a><\/span><\/p>\n<p class=\"p2\"><span class=\"s1\"><b>J\u0119zyk niemiecki:<\/b><\/span><\/p>\n<p class=\"p3\"><span class=\"s2\"><a href=\"http:\/\/www.europeantissue.com\/wp-content\/uploads\/Press-Release-LeedsAirStudy-German.pdf\">Komunikat prasowy w j\u0119zyku niemieckim dotycz\u0105cy badania LeedsAirStudy<\/a><\/span><\/p>\n<p class=\"p3\"><span class=\"s2\"><a href=\"http:\/\/www.europeantissue.com\/wp-content\/uploads\/Leeds-study-Infographic-German.pdf\">Infografika w j\u0119zyku niemieckim dotycz\u0105ca badania w Leeds<\/a><\/span><\/p>\n<p class=\"p2\"><span class=\"s1\"><b>J\u0119zyk francuski:<\/b><\/span><\/p>\n<p class=\"p3\"><span class=\"s2\"><a href=\"http:\/\/www.europeantissue.com\/wp-content\/uploads\/Press-Release-LeedsAirStudy-French.pdf\">Komunikat prasowy w j\u0119zyku francuskim dotycz\u0105cy badania LeedsAirStudy<\/a><\/span><\/p>\n<p class=\"p3\"><span class=\"s2\"><a href=\"http:\/\/www.europeantissue.com\/wp-content\/uploads\/Leeds-study-Infographic-French.pdf\">Infografika w j\u0119zyku francuskim dotycz\u0105ca badania w Leeds<\/a><\/span><\/p>\n<p class=\"p2\"><span class=\"s1\"><b>J\u0119zyk w\u0142oski:<\/b><\/span><\/p>\n<p class=\"p3\"><span class=\"s2\"><a href=\"http:\/\/www.europeantissue.com\/wp-content\/uploads\/Press-Release-LeedsAirStudy-Italian.pdf\">Komunikat prasowy w j\u0119zyku w\u0142oskim dotycz\u0105cy badania LeedsAirStudy<\/a><\/span><\/p>\n<p class=\"p3\"><span class=\"s2\"><a href=\"http:\/\/www.europeantissue.com\/wp-content\/uploads\/Leeds-study-Infographic-Italian.pdf\">Infografika w j\u0119zyku w\u0142oskim dotycz\u0105ca badania w Leeds<\/a><\/span><\/p>\n<p class=\"p2\"><span class=\"s1\"><b>J\u0119zyk hiszpa\u0144ski:<\/b><\/span><\/p>\n<p class=\"p3\"><span class=\"s2\"><a href=\"http:\/\/www.europeantissue.com\/wp-content\/uploads\/Press-Release-LeedsAirStudy-Spanish.pdf\">Komunikat prasowy w j\u0119zyku hiszpa\u0144skim dotycz\u0105cy badania LeedsAirStudy<\/a><\/span><\/p>\n<p class=\"p3\"><span class=\"s2\"><a href=\"http:\/\/www.europeantissue.com\/wp-content\/uploads\/Leeds-study-Infographic-Spanish.pdf\">Infografika w j\u0119zyku hiszpa\u0144skim dotycz\u0105ca badania w Leeds<\/a><\/span><\/p>\n<p class=\"p2\"><span class=\"s1\"><b>J\u0119zyk polski:<\/b><\/span><\/p>\n<p class=\"p3\"><span class=\"s2\"><a href=\"http:\/\/www.europeantissue.com\/wp-content\/uploads\/Press-Release-LeedsAirStudy-Polish.pdf\">Komunikat prasowy w j\u0119zyku polskim dotycz\u0105cy badania LeedsAirStudy<\/a><\/span><\/p>\n<p class=\"p3\"><span class=\"s2\"><a href=\"http:\/\/www.europeantissue.com\/wp-content\/uploads\/Leeds-study-Infographic-Polish.pdf\">Infografika w j\u0119zyku polskim dotycz\u0105ca badania w Leeds<\/a><\/span><\/p>\n<p class=\"p2\"><span class=\"s1\"><b>J\u0119zyk holenderski:<\/b><\/span><\/p>\n<p class=\"p3\"><span class=\"s2\"><a href=\"http:\/\/www.europeantissue.com\/wp-content\/uploads\/Press-Release-LeedsAirStudy-Dutch.pdf\">Komunikat prasowy w j\u0119zyku holenderskim dotycz\u0105cy badania LeedsAirStudy<\/a><\/span><\/p>\n<p class=\"p3\"><span class=\"s2\"><a href=\"http:\/\/www.europeantissue.com\/wp-content\/uploads\/Leeds-study-Infographic-Dutch.pdf\">Infografika w j\u0119zyku holenderskim dotycz\u0105ca badania w Leeds<\/a><\/span><\/p>\n<p class=\"p5\"><span class=\"s1\">Mo\u017cesz r\u00f3wnie\u017c obejrze\u0107 film z wywiadem, jakiego udzieli\u0142 profesor Mark Wilcox dla sieci BBC pod nast\u0119puj\u0105cym \u0142\u0105czem:\u00a0<span class=\"s3\"><b><a href=\"https:\/\/www.youtube.com\/watch?v=orAcSHwYTms\">https:\/\/www.youtube.com\/watch?v=orAcSHwYTms<\/a><\/b><\/span><\/span><\/p>\n","protected":false},"excerpt":{"rendered":"<p>Zanieczyszczenie \u0142azience: suszarki generuj\u0105ce strumie\u0144 powietrza i suszarki generuj\u0105ce gor\u0105ce powietrze zanieczyszczaj\u0105 przestrze\u0144 toalet i mog\u0105 by\u0107 niewskazane w plac\u00f3wkach opieki zdrowotnej. Bakterie kierowane w powietrze i na u\u017cytkownik\u00f3w oraz na postronne osoby mog\u0105 by\u0107 \u017ar\u00f3d\u0142em zaka\u017cenia przenoszonego mi\u0119dzy pracownikami s\u0142u\u017cby zdrowia a innymi osobami. Rezultatem tego badania jest wyra\u017ane stwierdzenie, \u017ce suszarki na gor\u0105ce  [&#8230;]<\/p>\n","protected":false},"author":2,"featured_media":0,"parent":7697,"menu_order":3,"comment_status":"open","ping_status":"closed","template":"","meta":{"_monsterinsights_skip_tracking":false,"_monsterinsights_sitenote_active":false,"_monsterinsights_sitenote_note":"","_monsterinsights_sitenote_category":0,"ngg_post_thumbnail":0,"footnotes":""},"class_list":["post-7717","page","type-page","status-publish","hentry"],"yoast_head":"<!-- This site is optimized with the Yoast SEO plugin v26.3 - https:\/\/yoast.com\/wordpress\/plugins\/seo\/ -->\n<title>Badanie oceniaj\u0105ce potencjalne zanieczyszczenie \u0142azience (2014) - European Tissue Symposium<\/title>\n<meta name=\"description\" content=\"Zanieczyszczenie \u0142azience: suszarki generuj\u0105ce strumie\u0144 powietrza i suszarki generuj\u0105ce gor\u0105ce powietrze zanieczyszczaj\u0105 przestrze\u0144 toalet i mog\u0105 by\u0107 niewskazane w plac\u00f3wkach opieki zdrowotnej.\" \/>\n<meta name=\"robots\" content=\"index, follow, max-snippet:-1, max-image-preview:large, max-video-preview:-1\" \/>\n<link rel=\"canonical\" href=\"https:\/\/europeantissue.com\/pl\/higiena-pl\/uczenie-sie\/badanie-na-temat-mozliwosci-skazenia-srodowiska-2014\/\" \/>\n<meta property=\"og:locale\" content=\"pl_PL\" \/>\n<meta property=\"og:type\" content=\"article\" \/>\n<meta property=\"og:title\" content=\"Badanie oceniaj\u0105ce potencjalne zanieczyszczenie \u0142azience (2014) - European Tissue Symposium\" \/>\n<meta property=\"og:description\" content=\"Zanieczyszczenie \u0142azience: suszarki generuj\u0105ce strumie\u0144 powietrza i suszarki generuj\u0105ce gor\u0105ce powietrze zanieczyszczaj\u0105 przestrze\u0144 toalet i mog\u0105 by\u0107 niewskazane w plac\u00f3wkach opieki zdrowotnej.\" \/>\n<meta property=\"og:url\" content=\"https:\/\/europeantissue.com\/pl\/higiena-pl\/uczenie-sie\/badanie-na-temat-mozliwosci-skazenia-srodowiska-2014\/\" \/>\n<meta property=\"og:site_name\" content=\"European Tissue Symposium\" \/>\n<meta property=\"article:modified_time\" content=\"2018-07-20T10:26:03+00:00\" \/>\n<meta property=\"og:image\" content=\"http:\/\/europeantissue.com\/wp-content\/uploads\/JHI.jpg\" \/>\n<meta name=\"twitter:card\" content=\"summary_large_image\" \/>\n<meta name=\"twitter:label1\" content=\"Szacowany czas czytania\" \/>\n\t<meta name=\"twitter:data1\" content=\"4 minuty\" \/>\n<script type=\"application\/ld+json\" class=\"yoast-schema-graph\">{\"@context\":\"https:\/\/schema.org\",\"@graph\":[{\"@type\":\"WebPage\",\"@id\":\"https:\/\/europeantissue.com\/pl\/higiena-pl\/uczenie-sie\/badanie-na-temat-mozliwosci-skazenia-srodowiska-2014\/\",\"url\":\"https:\/\/europeantissue.com\/pl\/higiena-pl\/uczenie-sie\/badanie-na-temat-mozliwosci-skazenia-srodowiska-2014\/\",\"name\":\"Badanie oceniaj\u0105ce potencjalne zanieczyszczenie \u0142azience (2014) - European Tissue Symposium\",\"isPartOf\":{\"@id\":\"https:\/\/europeantissue.com\/de\/#website\"},\"primaryImageOfPage\":{\"@id\":\"https:\/\/europeantissue.com\/pl\/higiena-pl\/uczenie-sie\/badanie-na-temat-mozliwosci-skazenia-srodowiska-2014\/#primaryimage\"},\"image\":{\"@id\":\"https:\/\/europeantissue.com\/pl\/higiena-pl\/uczenie-sie\/badanie-na-temat-mozliwosci-skazenia-srodowiska-2014\/#primaryimage\"},\"thumbnailUrl\":\"http:\/\/europeantissue.com\/wp-content\/uploads\/JHI.jpg\",\"datePublished\":\"2015-09-20T07:53:45+00:00\",\"dateModified\":\"2018-07-20T10:26:03+00:00\",\"description\":\"Zanieczyszczenie \u0142azience: suszarki generuj\u0105ce strumie\u0144 powietrza i suszarki generuj\u0105ce gor\u0105ce powietrze zanieczyszczaj\u0105 przestrze\u0144 toalet i mog\u0105 by\u0107 niewskazane w plac\u00f3wkach opieki zdrowotnej.\",\"breadcrumb\":{\"@id\":\"https:\/\/europeantissue.com\/pl\/higiena-pl\/uczenie-sie\/badanie-na-temat-mozliwosci-skazenia-srodowiska-2014\/#breadcrumb\"},\"inLanguage\":\"pl-PL\",\"potentialAction\":[{\"@type\":\"ReadAction\",\"target\":[\"https:\/\/europeantissue.com\/pl\/higiena-pl\/uczenie-sie\/badanie-na-temat-mozliwosci-skazenia-srodowiska-2014\/\"]}]},{\"@type\":\"ImageObject\",\"inLanguage\":\"pl-PL\",\"@id\":\"https:\/\/europeantissue.com\/pl\/higiena-pl\/uczenie-sie\/badanie-na-temat-mozliwosci-skazenia-srodowiska-2014\/#primaryimage\",\"url\":\"http:\/\/europeantissue.com\/wp-content\/uploads\/JHI.jpg\",\"contentUrl\":\"http:\/\/europeantissue.com\/wp-content\/uploads\/JHI.jpg\"},{\"@type\":\"BreadcrumbList\",\"@id\":\"https:\/\/europeantissue.com\/pl\/higiena-pl\/uczenie-sie\/badanie-na-temat-mozliwosci-skazenia-srodowiska-2014\/#breadcrumb\",\"itemListElement\":[{\"@type\":\"ListItem\",\"position\":1,\"name\":\"Home\",\"item\":\"https:\/\/europeantissue.com\/pl\/\"},{\"@type\":\"ListItem\",\"position\":2,\"name\":\"Higiena (PL)\",\"item\":\"https:\/\/europeantissue.com\/pl\/higiena-pl\/\"},{\"@type\":\"ListItem\",\"position\":3,\"name\":\"Badania\",\"item\":\"https:\/\/europeantissue.com\/pl\/higiena-pl\/uczenie-sie\/\"},{\"@type\":\"ListItem\",\"position\":4,\"name\":\"Badanie oceniaj\u0105ce potencjalne zanieczyszczenie \u0142azience (2014)\"}]},{\"@type\":\"WebSite\",\"@id\":\"https:\/\/europeantissue.com\/de\/#website\",\"url\":\"https:\/\/europeantissue.com\/de\/\",\"name\":\"European Tissue Symposium\",\"description\":\"\",\"potentialAction\":[{\"@type\":\"SearchAction\",\"target\":{\"@type\":\"EntryPoint\",\"urlTemplate\":\"https:\/\/europeantissue.com\/de\/?s={search_term_string}\"},\"query-input\":{\"@type\":\"PropertyValueSpecification\",\"valueRequired\":true,\"valueName\":\"search_term_string\"}}],\"inLanguage\":\"pl-PL\"}]}<\/script>\n<!-- \/ Yoast SEO plugin. -->","yoast_head_json":{"title":"Badanie oceniaj\u0105ce potencjalne zanieczyszczenie \u0142azience (2014) - European Tissue Symposium","description":"Zanieczyszczenie \u0142azience: suszarki generuj\u0105ce strumie\u0144 powietrza i suszarki generuj\u0105ce gor\u0105ce powietrze zanieczyszczaj\u0105 przestrze\u0144 toalet i mog\u0105 by\u0107 niewskazane w plac\u00f3wkach opieki zdrowotnej.","robots":{"index":"index","follow":"follow","max-snippet":"max-snippet:-1","max-image-preview":"max-image-preview:large","max-video-preview":"max-video-preview:-1"},"canonical":"https:\/\/europeantissue.com\/pl\/higiena-pl\/uczenie-sie\/badanie-na-temat-mozliwosci-skazenia-srodowiska-2014\/","og_locale":"pl_PL","og_type":"article","og_title":"Badanie oceniaj\u0105ce potencjalne zanieczyszczenie \u0142azience (2014) - European Tissue Symposium","og_description":"Zanieczyszczenie \u0142azience: suszarki generuj\u0105ce strumie\u0144 powietrza i suszarki generuj\u0105ce gor\u0105ce powietrze zanieczyszczaj\u0105 przestrze\u0144 toalet i mog\u0105 by\u0107 niewskazane w plac\u00f3wkach opieki zdrowotnej.","og_url":"https:\/\/europeantissue.com\/pl\/higiena-pl\/uczenie-sie\/badanie-na-temat-mozliwosci-skazenia-srodowiska-2014\/","og_site_name":"European Tissue Symposium","article_modified_time":"2018-07-20T10:26:03+00:00","og_image":[{"url":"http:\/\/europeantissue.com\/wp-content\/uploads\/JHI.jpg","type":"","width":"","height":""}],"twitter_card":"summary_large_image","twitter_misc":{"Szacowany czas czytania":"4 minuty"},"schema":{"@context":"https:\/\/schema.org","@graph":[{"@type":"WebPage","@id":"https:\/\/europeantissue.com\/pl\/higiena-pl\/uczenie-sie\/badanie-na-temat-mozliwosci-skazenia-srodowiska-2014\/","url":"https:\/\/europeantissue.com\/pl\/higiena-pl\/uczenie-sie\/badanie-na-temat-mozliwosci-skazenia-srodowiska-2014\/","name":"Badanie oceniaj\u0105ce potencjalne zanieczyszczenie \u0142azience (2014) - European Tissue Symposium","isPartOf":{"@id":"https:\/\/europeantissue.com\/de\/#website"},"primaryImageOfPage":{"@id":"https:\/\/europeantissue.com\/pl\/higiena-pl\/uczenie-sie\/badanie-na-temat-mozliwosci-skazenia-srodowiska-2014\/#primaryimage"},"image":{"@id":"https:\/\/europeantissue.com\/pl\/higiena-pl\/uczenie-sie\/badanie-na-temat-mozliwosci-skazenia-srodowiska-2014\/#primaryimage"},"thumbnailUrl":"http:\/\/europeantissue.com\/wp-content\/uploads\/JHI.jpg","datePublished":"2015-09-20T07:53:45+00:00","dateModified":"2018-07-20T10:26:03+00:00","description":"Zanieczyszczenie \u0142azience: suszarki generuj\u0105ce strumie\u0144 powietrza i suszarki generuj\u0105ce gor\u0105ce powietrze zanieczyszczaj\u0105 przestrze\u0144 toalet i mog\u0105 by\u0107 niewskazane w plac\u00f3wkach opieki zdrowotnej.","breadcrumb":{"@id":"https:\/\/europeantissue.com\/pl\/higiena-pl\/uczenie-sie\/badanie-na-temat-mozliwosci-skazenia-srodowiska-2014\/#breadcrumb"},"inLanguage":"pl-PL","potentialAction":[{"@type":"ReadAction","target":["https:\/\/europeantissue.com\/pl\/higiena-pl\/uczenie-sie\/badanie-na-temat-mozliwosci-skazenia-srodowiska-2014\/"]}]},{"@type":"ImageObject","inLanguage":"pl-PL","@id":"https:\/\/europeantissue.com\/pl\/higiena-pl\/uczenie-sie\/badanie-na-temat-mozliwosci-skazenia-srodowiska-2014\/#primaryimage","url":"http:\/\/europeantissue.com\/wp-content\/uploads\/JHI.jpg","contentUrl":"http:\/\/europeantissue.com\/wp-content\/uploads\/JHI.jpg"},{"@type":"BreadcrumbList","@id":"https:\/\/europeantissue.com\/pl\/higiena-pl\/uczenie-sie\/badanie-na-temat-mozliwosci-skazenia-srodowiska-2014\/#breadcrumb","itemListElement":[{"@type":"ListItem","position":1,"name":"Home","item":"https:\/\/europeantissue.com\/pl\/"},{"@type":"ListItem","position":2,"name":"Higiena (PL)","item":"https:\/\/europeantissue.com\/pl\/higiena-pl\/"},{"@type":"ListItem","position":3,"name":"Badania","item":"https:\/\/europeantissue.com\/pl\/higiena-pl\/uczenie-sie\/"},{"@type":"ListItem","position":4,"name":"Badanie oceniaj\u0105ce potencjalne zanieczyszczenie \u0142azience (2014)"}]},{"@type":"WebSite","@id":"https:\/\/europeantissue.com\/de\/#website","url":"https:\/\/europeantissue.com\/de\/","name":"European Tissue Symposium","description":"","potentialAction":[{"@type":"SearchAction","target":{"@type":"EntryPoint","urlTemplate":"https:\/\/europeantissue.com\/de\/?s={search_term_string}"},"query-input":{"@type":"PropertyValueSpecification","valueRequired":true,"valueName":"search_term_string"}}],"inLanguage":"pl-PL"}]}},"_links":{"self":[{"href":"https:\/\/europeantissue.com\/pl\/wp-json\/wp\/v2\/pages\/7717","targetHints":{"allow":["GET"]}}],"collection":[{"href":"https:\/\/europeantissue.com\/pl\/wp-json\/wp\/v2\/pages"}],"about":[{"href":"https:\/\/europeantissue.com\/pl\/wp-json\/wp\/v2\/types\/page"}],"author":[{"embeddable":true,"href":"https:\/\/europeantissue.com\/pl\/wp-json\/wp\/v2\/users\/2"}],"replies":[{"embeddable":true,"href":"https:\/\/europeantissue.com\/pl\/wp-json\/wp\/v2\/comments?post=7717"}],"version-history":[{"count":0,"href":"https:\/\/europeantissue.com\/pl\/wp-json\/wp\/v2\/pages\/7717\/revisions"}],"up":[{"embeddable":true,"href":"https:\/\/europeantissue.com\/pl\/wp-json\/wp\/v2\/pages\/7697"}],"wp:attachment":[{"href":"https:\/\/europeantissue.com\/pl\/wp-json\/wp\/v2\/media?parent=7717"}],"curies":[{"name":"wp","href":"https:\/\/api.w.org\/{rel}","templated":true}]}}