 {"id":7705,"date":"2015-09-20T07:29:22","date_gmt":"2015-09-20T07:29:22","guid":{"rendered":"http:\/\/europeantissue.com\/?page_id=7705"},"modified":"2018-07-20T10:26:04","modified_gmt":"2018-07-20T10:26:04","slug":"porownanie-roznych-metod-suszenia-rak-potencjal-do-rozsiewania-drobnoustrojow-w-powietrzu-i-zanieczyszczenia","status":"publish","type":"page","link":"https:\/\/europeantissue.com\/pl\/higiena-pl\/uczenie-sie\/porownanie-roznych-metod-suszenia-rak-potencjal-do-rozsiewania-drobnoustrojow-w-powietrzu-i-zanieczyszczenia\/","title":{"rendered":"Por\u00f3wnanie r\u00f3\u017cnych metod osuszania d\u0142oni: mo\u017cliwo\u015b\u0107 rozpraszania mikrob\u00f3w drog\u0105 powietrzn\u0105 i ska\u017cania otoczenia"},"content":{"rendered":"<p><div class=\"fusion-fullwidth fullwidth-box fusion-builder-row-1 hundred-percent-fullwidth non-hundred-percent-height-scrolling\" style=\"--awb-border-radius-top-left:0px;--awb-border-radius-top-right:0px;--awb-border-radius-bottom-right:0px;--awb-border-radius-bottom-left:0px;--awb-overflow:visible;--awb-flex-wrap:wrap;\" ><div class=\"fusion-builder-row fusion-row\"><div class=\"fusion-layout-column fusion_builder_column fusion-builder-column-0 fusion_builder_column_1_1 1_1 fusion-one-full fusion-column-first fusion-column-last fusion-column-no-min-height\" style=\"--awb-bg-size:cover;--awb-margin-bottom:0px;\"><div class=\"fusion-column-wrapper fusion-flex-column-wrapper-legacy\"><div class=\"fusion-text fusion-text-1\"><\/div><div class=\"fusion-clearfix\"><\/div><\/div><\/div><\/div><\/div><div class=\"fusion-fullwidth fullwidth-box fusion-builder-row-2 nonhundred-percent-fullwidth non-hundred-percent-height-scrolling\" style=\"--awb-background-position:left top;--awb-border-radius-top-left:0px;--awb-border-radius-top-right:0px;--awb-border-radius-bottom-right:0px;--awb-border-radius-bottom-left:0px;--awb-padding-top:20px;--awb-padding-right:0px;--awb-padding-bottom:20px;--awb-padding-left:0px;--awb-border-sizes-top:0px;--awb-border-sizes-bottom:0px;--awb-flex-wrap:wrap;\" ><div class=\"fusion-builder-row fusion-row\"><div class=\"fusion-layout-column fusion_builder_column fusion-builder-column-1 fusion_builder_column_1_1 1_1 fusion-one-full fusion-column-first fusion-column-last fusion-column-no-min-height\" style=\"--awb-bg-size:cover;--awb-margin-bottom:0px;\"><div class=\"fusion-column-wrapper fusion-flex-column-wrapper-legacy\"><div class=\"fusion-text fusion-text-2\"><h2 class=\"p1\"><span class=\"s1\"><b>Rozpraszania mikrob\u00f3w: recenzowane i opublikowane badania przeprowadzone na Uniwersytecie Westminster dowodz\u0105, \u017ce r\u0119czniki jednorazowego u\u017cytku stanowi\u0105 najbardziej higieniczny spos\u00f3b osuszania d\u0142oni po skorzystaniu z toalety.<\/b><\/span><\/h2>\n<p class=\"p1\"><span class=\"s1\">Zam\u00f3wione przez ETS, Europejskie Stowarzyszenie Producent\u00f3w Wyrob\u00f3w z Papieru Bibu\u0142kowego, najnowsze badanie przeprowadzone przez Uniwersytet Westminster sugeruje, \u017ce r\u0119czniki jednorazowego u\u017cytku s\u0105 najbardziej higienicznym sposobem osuszania d\u0142oni po skorzystaniu z toalety. Pomimo wyst\u0119puj\u0105cego w ostatnich latach trendu na rzecz skomplikowanych suszarek, okazuje si\u0119, \u017ce tradycyjne r\u0119czniki jednorazowego u\u017cytku zapewniaj\u0105 niezr\u00f3wnany poziom higieny osuszanych d\u0142oni po skorzystaniu z toalety. Studium to zosta\u0142o przeprowadzone przez czo\u0142owego mikrobiologa Keitha Redway&#8217;a i mia\u0142o na celu zaobserwowanie mo\u017cliwo\u015bci ska\u017cenia mikrobami podczas osuszania r\u0105k i potencjalnego zagro\u017cenia zwi\u0105zanego z rozprzestrzenianiem si\u0119 mikrob\u00f3w w powietrzu, w szczeg\u00f3lno\u015bci w przypadku niew\u0142a\u015bciwego umycia r\u0105k. Badanie to wykorzysta\u0142o cztery r\u00f3\u017cne metody osuszania d\u0142oni i trzy r\u00f3\u017cne modele test\u00f3w prowadz\u0105cych do por\u00f3wnania r\u00f3\u017cnic pomi\u0119dzy metodami osuszania i ich zdolno\u015bciami do rozprzestrzeniania mikrob\u00f3w przenoszonych ewentualnie z r\u0105k u\u017cytkownik\u00f3w na inne osoby w toaletach publicznych.\u00a0Pe\u0142ny tytu\u0142 tego badania brzmi: \u201e<b>Por\u00f3wnanie r\u00f3\u017cnych metod osuszania d\u0142oni: mo\u017cliwo\u015b\u0107 rozprzestrzeniania i ska\u017cenia bakteriami drog\u0105 powietrzn\u0105<\/b>\u201d Jego wsp\u00f3\u0142autorami s\u0105 Keith Redway<i> (Wydzia\u0142 Nauk Biomedycznych, Katedra Nauki i Technologii, Uniwesytet Westminter, Londyn, Wielka Brytania)<\/i> i E.L. Best <i>(Wydzia\u0142 Mikrobiologii, Old Medical School, Leeds General Infirmary, Leeds Teaching Hospitals NHS Trust, Leeds Wielka Brytania)<\/i><\/span><\/p>\n<div id=\"attachment_5035\" style=\"width: 260px\" class=\"wp-caption alignleft\"><a href=\"http:\/\/authors.elsevier.com\/sd\/article\/S0195670114002461\"><img decoding=\"async\" aria-describedby=\"caption-attachment-5035\" class=\"wp-image-5035 size-medium\" src=\"http:\/\/europeantissue.com\/wp-content\/uploads\/K-Redway-study-Icon-226x300.jpg\" alt=\"Journal of Hospital Infection\" width=\"250\" height=\"340\" \/><\/a><p id=\"caption-attachment-5035\" class=\"wp-caption-text\">Journal of Hospital Infection<\/p><\/div>\n<p class=\"p1\"><span class=\"s1\">Kompletne om\u00f3wienie badania mo\u017cna pobra\u0107 odp\u0142atnie (za sum\u0119 31,50 dolara) na stronie:<\/span><\/p>\n<p style=\"text-align: left\"><a href=\"http:\/\/www.journalofhospitalinfection.com\/article\/S0195-6701(14)00372-7\/abstract\">http:\/\/www.journalofhospitalinfection.com\/article\/S0195-6701(14)00372-7\/abstract<\/a>\u00a0<\/p>\n<p class=\"p1\"><span class=\"s1\"><b><i>Rozprzestrzenianie si\u0119 bakterii negatywnie oddzia\u0142uj\u0105cych na doros\u0142ych i dzieci<\/i><\/b><\/span><\/p>\n<p class=\"p1\"><span class=\"s2\">Recenzowane studium, opublikowane w wydaniu marcowym 2015 <b>Journal of Hospital Infection<\/b>, zawiera\u0142o r\u00f3wnie\u017c analiz\u0119 wysoko\u015bci cia\u0142a, na jakiej bakterie by\u0142y rozpylane przez suszarki generuj\u0105ce gor\u0105ce powietrze. Stwierdzono, \u017ce najwi\u0119ksze skupienie bakterii wyst\u0119powa\u0142o na wysoko\u015bci<b> 0,6 \u2013 0,9 m od pod\u0142ogi<\/b>. To rezultat wielce niepokoj\u0105cy, gdy\u017c na takiej wysoko\u015bci znajduj\u0105 si\u0119 twarze dzieci stoj\u0105cych obok doros\u0142ych os\u00f3b osuszaj\u0105cych swoje r\u0119ce. St\u0105d wniosek, \u017ce rodzice powinni utrzymywa\u0107 dzieci z dala od strumienia powietrza generowanego przez suszarki zainstalowane w toaletach, aby mie\u0107 pewno\u015b\u0107, \u017ce nie zaka\u017c\u0105 dzieci w spos\u00f3b nieumu\u015blny. G\u0142\u00f3wne wyniki tego badania podsumowane s\u0105 na nast\u0119puj\u0105cym filmie:<\/span>\u00a0<\/p>\n<p>&nbsp;<\/p>\n<p>&nbsp;<\/p>\n<\/div><div class=\"fusion-clearfix\"><\/div><\/div><\/div><div class=\"fusion-layout-column fusion_builder_column fusion-builder-column-2 fusion_builder_column_1_1 1_1 fusion-one-full fusion-column-first fusion-column-last\" style=\"--awb-bg-size:cover;\"><div class=\"fusion-column-wrapper fusion-flex-column-wrapper-legacy\"><iframe width=\"700\" height=\"393\" src=\"https:\/\/www.youtube.com\/embed\/F_gWSd8GYfs\" frameborder=\"0\" allowfullscreen><\/iframe><div class=\"fusion-clearfix\"><\/div><\/div><\/div><div class=\"fusion-layout-column fusion_builder_column fusion-builder-column-3 fusion_builder_column_1_1 1_1 fusion-one-full fusion-column-first fusion-column-last fusion-column-no-min-height\" style=\"--awb-bg-size:cover;--awb-margin-bottom:0px;\"><div class=\"fusion-column-wrapper fusion-flex-column-wrapper-legacy\"><div class=\"fusion-text fusion-text-3\"><p class=\"p1\"><span class=\"s1\">\u201e<i>Takie rezultaty wyra\u017anie dowodz\u0105, \u017ce metoda osuszania d\u0142oni z u\u017cyciem r\u0119cznik\u00f3w jednorazowego u\u017cytku jest najbezpieczniejsz\u0105 z metod pod wzgl\u0119dem rozpraszania bakterii\u201d, <\/i>powiedzia\u0142 Keith Redway. \u201e<i>Ska\u017cenia krzy\u017cowe w publicznych toaletach s\u0105 przedmiotem uzasadnionej troski o zdrowie ludzi. Zakres, w jakim suszarki wydmuchuj\u0105ce powietrze z du\u017c\u0105 pr\u0119dko\u015bci\u0105 rozpraszaj\u0105 bakterie w toaletach, mo\u017ce mie\u0107 wp\u0142yw na wytyczne obowi\u0105zuj\u0105ce osoby zarz\u0105dzaj\u0105ce instytucjami publicznymi w najr\u00f3\u017cniejszych \u015brodowiskach, od obiekt\u00f3w sportowych i port\u00f3w lotniczych po szko\u0142y i szpitale\u201d. <\/i><b>Zapoznaj si\u0119 z artyku\u0142em ilustruj\u0105cym to badanie:\u00a0<\/b><span class=\"s2\"><a href=\"http:\/\/europeantissue.com\/wp-content\/uploads\/2015\/09\/ETS_pr15002_UoW_GenPublic_PL.pdf\">Badanie ETS UoW<\/a><\/span><\/span><\/p>\n<p>&nbsp;<\/p>\n<p>&nbsp;<\/p>\n<p>&nbsp;<\/p>\n<\/div><div class=\"fusion-clearfix\"><\/div><\/div><\/div><\/div><\/div><div class=\"fusion-fullwidth fullwidth-box fusion-builder-row-3 hundred-percent-fullwidth non-hundred-percent-height-scrolling\" style=\"--awb-border-radius-top-left:0px;--awb-border-radius-top-right:0px;--awb-border-radius-bottom-right:0px;--awb-border-radius-bottom-left:0px;--awb-overflow:visible;--awb-flex-wrap:wrap;\" ><div class=\"fusion-builder-row fusion-row\"><div class=\"fusion-layout-column fusion_builder_column fusion-builder-column-4 fusion_builder_column_1_1 1_1 fusion-one-full fusion-column-first fusion-column-last fusion-column-no-min-height\" style=\"--awb-bg-size:cover;--awb-margin-bottom:0px;\"><div class=\"fusion-column-wrapper fusion-flex-column-wrapper-legacy\"><div class=\"fusion-text fusion-text-4\"><\/div>\n<div class=\"fusion-clearfix\"><\/div><\/div><\/div><\/div><\/div><\/p>\n","protected":false},"excerpt":{"rendered":"","protected":false},"author":2,"featured_media":0,"parent":7697,"menu_order":2,"comment_status":"open","ping_status":"closed","template":"","meta":{"_monsterinsights_skip_tracking":false,"_monsterinsights_sitenote_active":false,"_monsterinsights_sitenote_note":"","_monsterinsights_sitenote_category":0,"ngg_post_thumbnail":0,"footnotes":""},"class_list":["post-7705","page","type-page","status-publish","hentry"],"yoast_head":"<!-- This site is optimized with the Yoast SEO plugin v26.3 - https:\/\/yoast.com\/wordpress\/plugins\/seo\/ -->\n<title>Por\u00f3wnanie r\u00f3\u017cnych metod osuszania d\u0142oni: mo\u017cliwo\u015b\u0107 rozpraszania mikrob\u00f3w drog\u0105 powietrzn\u0105 i ska\u017cania otoczenia - European Tissue Symposium<\/title>\n<meta name=\"description\" content=\"Rozpraszania mikrob\u00f3w: recenzowane i opublikowane badania przeprowadzone na Uniwersytecie Westminster dowodz\u0105, \u017ce r\u0119czniki jednorazowego u\u017cytku stanowi\u0105 najbardziej higieniczny spos\u00f3b osuszania d\u0142oni po skorzystaniu z toalety.\" \/>\n<meta name=\"robots\" content=\"index, follow, max-snippet:-1, max-image-preview:large, max-video-preview:-1\" \/>\n<link rel=\"canonical\" href=\"https:\/\/europeantissue.com\/pl\/higiena-pl\/uczenie-sie\/porownanie-roznych-metod-suszenia-rak-potencjal-do-rozsiewania-drobnoustrojow-w-powietrzu-i-zanieczyszczenia\/\" \/>\n<meta property=\"og:locale\" content=\"pl_PL\" \/>\n<meta property=\"og:type\" content=\"article\" \/>\n<meta property=\"og:title\" content=\"Por\u00f3wnanie r\u00f3\u017cnych metod osuszania d\u0142oni: mo\u017cliwo\u015b\u0107 rozpraszania mikrob\u00f3w drog\u0105 powietrzn\u0105 i ska\u017cania otoczenia - European Tissue Symposium\" \/>\n<meta property=\"og:description\" content=\"Rozpraszania mikrob\u00f3w: recenzowane i opublikowane badania przeprowadzone na Uniwersytecie Westminster dowodz\u0105, \u017ce r\u0119czniki jednorazowego u\u017cytku stanowi\u0105 najbardziej higieniczny spos\u00f3b osuszania d\u0142oni po skorzystaniu z toalety.\" \/>\n<meta property=\"og:url\" content=\"https:\/\/europeantissue.com\/pl\/higiena-pl\/uczenie-sie\/porownanie-roznych-metod-suszenia-rak-potencjal-do-rozsiewania-drobnoustrojow-w-powietrzu-i-zanieczyszczenia\/\" \/>\n<meta property=\"og:site_name\" content=\"European Tissue Symposium\" \/>\n<meta property=\"article:modified_time\" content=\"2018-07-20T10:26:04+00:00\" \/>\n<meta property=\"og:image\" content=\"http:\/\/europeantissue.com\/wp-content\/uploads\/K-Redway-study-Icon-226x300.jpg\" \/>\n<meta name=\"twitter:card\" content=\"summary_large_image\" \/>\n<meta name=\"twitter:label1\" content=\"Szacowany czas czytania\" \/>\n\t<meta name=\"twitter:data1\" content=\"5 minut\" \/>\n<script type=\"application\/ld+json\" class=\"yoast-schema-graph\">{\"@context\":\"https:\/\/schema.org\",\"@graph\":[{\"@type\":\"WebPage\",\"@id\":\"https:\/\/europeantissue.com\/pl\/higiena-pl\/uczenie-sie\/porownanie-roznych-metod-suszenia-rak-potencjal-do-rozsiewania-drobnoustrojow-w-powietrzu-i-zanieczyszczenia\/\",\"url\":\"https:\/\/europeantissue.com\/pl\/higiena-pl\/uczenie-sie\/porownanie-roznych-metod-suszenia-rak-potencjal-do-rozsiewania-drobnoustrojow-w-powietrzu-i-zanieczyszczenia\/\",\"name\":\"Por\u00f3wnanie r\u00f3\u017cnych metod osuszania d\u0142oni: mo\u017cliwo\u015b\u0107 rozpraszania mikrob\u00f3w drog\u0105 powietrzn\u0105 i ska\u017cania otoczenia - European Tissue Symposium\",\"isPartOf\":{\"@id\":\"https:\/\/europeantissue.com\/de\/#website\"},\"primaryImageOfPage\":{\"@id\":\"https:\/\/europeantissue.com\/pl\/higiena-pl\/uczenie-sie\/porownanie-roznych-metod-suszenia-rak-potencjal-do-rozsiewania-drobnoustrojow-w-powietrzu-i-zanieczyszczenia\/#primaryimage\"},\"image\":{\"@id\":\"https:\/\/europeantissue.com\/pl\/higiena-pl\/uczenie-sie\/porownanie-roznych-metod-suszenia-rak-potencjal-do-rozsiewania-drobnoustrojow-w-powietrzu-i-zanieczyszczenia\/#primaryimage\"},\"thumbnailUrl\":\"http:\/\/europeantissue.com\/wp-content\/uploads\/K-Redway-study-Icon-226x300.jpg\",\"datePublished\":\"2015-09-20T07:29:22+00:00\",\"dateModified\":\"2018-07-20T10:26:04+00:00\",\"description\":\"Rozpraszania mikrob\u00f3w: recenzowane i opublikowane badania przeprowadzone na Uniwersytecie Westminster dowodz\u0105, \u017ce r\u0119czniki jednorazowego u\u017cytku stanowi\u0105 najbardziej higieniczny spos\u00f3b osuszania d\u0142oni po skorzystaniu z toalety.\",\"breadcrumb\":{\"@id\":\"https:\/\/europeantissue.com\/pl\/higiena-pl\/uczenie-sie\/porownanie-roznych-metod-suszenia-rak-potencjal-do-rozsiewania-drobnoustrojow-w-powietrzu-i-zanieczyszczenia\/#breadcrumb\"},\"inLanguage\":\"pl-PL\",\"potentialAction\":[{\"@type\":\"ReadAction\",\"target\":[\"https:\/\/europeantissue.com\/pl\/higiena-pl\/uczenie-sie\/porownanie-roznych-metod-suszenia-rak-potencjal-do-rozsiewania-drobnoustrojow-w-powietrzu-i-zanieczyszczenia\/\"]}]},{\"@type\":\"ImageObject\",\"inLanguage\":\"pl-PL\",\"@id\":\"https:\/\/europeantissue.com\/pl\/higiena-pl\/uczenie-sie\/porownanie-roznych-metod-suszenia-rak-potencjal-do-rozsiewania-drobnoustrojow-w-powietrzu-i-zanieczyszczenia\/#primaryimage\",\"url\":\"http:\/\/europeantissue.com\/wp-content\/uploads\/K-Redway-study-Icon-226x300.jpg\",\"contentUrl\":\"http:\/\/europeantissue.com\/wp-content\/uploads\/K-Redway-study-Icon-226x300.jpg\"},{\"@type\":\"BreadcrumbList\",\"@id\":\"https:\/\/europeantissue.com\/pl\/higiena-pl\/uczenie-sie\/porownanie-roznych-metod-suszenia-rak-potencjal-do-rozsiewania-drobnoustrojow-w-powietrzu-i-zanieczyszczenia\/#breadcrumb\",\"itemListElement\":[{\"@type\":\"ListItem\",\"position\":1,\"name\":\"Home\",\"item\":\"https:\/\/europeantissue.com\/pl\/\"},{\"@type\":\"ListItem\",\"position\":2,\"name\":\"Higiena (PL)\",\"item\":\"https:\/\/europeantissue.com\/pl\/higiena-pl\/\"},{\"@type\":\"ListItem\",\"position\":3,\"name\":\"Badania\",\"item\":\"https:\/\/europeantissue.com\/pl\/higiena-pl\/uczenie-sie\/\"},{\"@type\":\"ListItem\",\"position\":4,\"name\":\"Por\u00f3wnanie r\u00f3\u017cnych metod osuszania d\u0142oni: mo\u017cliwo\u015b\u0107 rozpraszania mikrob\u00f3w drog\u0105 powietrzn\u0105 i ska\u017cania otoczenia\"}]},{\"@type\":\"WebSite\",\"@id\":\"https:\/\/europeantissue.com\/de\/#website\",\"url\":\"https:\/\/europeantissue.com\/de\/\",\"name\":\"European Tissue Symposium\",\"description\":\"\",\"potentialAction\":[{\"@type\":\"SearchAction\",\"target\":{\"@type\":\"EntryPoint\",\"urlTemplate\":\"https:\/\/europeantissue.com\/de\/?s={search_term_string}\"},\"query-input\":{\"@type\":\"PropertyValueSpecification\",\"valueRequired\":true,\"valueName\":\"search_term_string\"}}],\"inLanguage\":\"pl-PL\"}]}<\/script>\n<!-- \/ Yoast SEO plugin. -->","yoast_head_json":{"title":"Por\u00f3wnanie r\u00f3\u017cnych metod osuszania d\u0142oni: mo\u017cliwo\u015b\u0107 rozpraszania mikrob\u00f3w drog\u0105 powietrzn\u0105 i ska\u017cania otoczenia - European Tissue Symposium","description":"Rozpraszania mikrob\u00f3w: recenzowane i opublikowane badania przeprowadzone na Uniwersytecie Westminster dowodz\u0105, \u017ce r\u0119czniki jednorazowego u\u017cytku stanowi\u0105 najbardziej higieniczny spos\u00f3b osuszania d\u0142oni po skorzystaniu z toalety.","robots":{"index":"index","follow":"follow","max-snippet":"max-snippet:-1","max-image-preview":"max-image-preview:large","max-video-preview":"max-video-preview:-1"},"canonical":"https:\/\/europeantissue.com\/pl\/higiena-pl\/uczenie-sie\/porownanie-roznych-metod-suszenia-rak-potencjal-do-rozsiewania-drobnoustrojow-w-powietrzu-i-zanieczyszczenia\/","og_locale":"pl_PL","og_type":"article","og_title":"Por\u00f3wnanie r\u00f3\u017cnych metod osuszania d\u0142oni: mo\u017cliwo\u015b\u0107 rozpraszania mikrob\u00f3w drog\u0105 powietrzn\u0105 i ska\u017cania otoczenia - European Tissue Symposium","og_description":"Rozpraszania mikrob\u00f3w: recenzowane i opublikowane badania przeprowadzone na Uniwersytecie Westminster dowodz\u0105, \u017ce r\u0119czniki jednorazowego u\u017cytku stanowi\u0105 najbardziej higieniczny spos\u00f3b osuszania d\u0142oni po skorzystaniu z toalety.","og_url":"https:\/\/europeantissue.com\/pl\/higiena-pl\/uczenie-sie\/porownanie-roznych-metod-suszenia-rak-potencjal-do-rozsiewania-drobnoustrojow-w-powietrzu-i-zanieczyszczenia\/","og_site_name":"European Tissue Symposium","article_modified_time":"2018-07-20T10:26:04+00:00","og_image":[{"url":"http:\/\/europeantissue.com\/wp-content\/uploads\/K-Redway-study-Icon-226x300.jpg","type":"","width":"","height":""}],"twitter_card":"summary_large_image","twitter_misc":{"Szacowany czas czytania":"5 minut"},"schema":{"@context":"https:\/\/schema.org","@graph":[{"@type":"WebPage","@id":"https:\/\/europeantissue.com\/pl\/higiena-pl\/uczenie-sie\/porownanie-roznych-metod-suszenia-rak-potencjal-do-rozsiewania-drobnoustrojow-w-powietrzu-i-zanieczyszczenia\/","url":"https:\/\/europeantissue.com\/pl\/higiena-pl\/uczenie-sie\/porownanie-roznych-metod-suszenia-rak-potencjal-do-rozsiewania-drobnoustrojow-w-powietrzu-i-zanieczyszczenia\/","name":"Por\u00f3wnanie r\u00f3\u017cnych metod osuszania d\u0142oni: mo\u017cliwo\u015b\u0107 rozpraszania mikrob\u00f3w drog\u0105 powietrzn\u0105 i ska\u017cania otoczenia - European Tissue Symposium","isPartOf":{"@id":"https:\/\/europeantissue.com\/de\/#website"},"primaryImageOfPage":{"@id":"https:\/\/europeantissue.com\/pl\/higiena-pl\/uczenie-sie\/porownanie-roznych-metod-suszenia-rak-potencjal-do-rozsiewania-drobnoustrojow-w-powietrzu-i-zanieczyszczenia\/#primaryimage"},"image":{"@id":"https:\/\/europeantissue.com\/pl\/higiena-pl\/uczenie-sie\/porownanie-roznych-metod-suszenia-rak-potencjal-do-rozsiewania-drobnoustrojow-w-powietrzu-i-zanieczyszczenia\/#primaryimage"},"thumbnailUrl":"http:\/\/europeantissue.com\/wp-content\/uploads\/K-Redway-study-Icon-226x300.jpg","datePublished":"2015-09-20T07:29:22+00:00","dateModified":"2018-07-20T10:26:04+00:00","description":"Rozpraszania mikrob\u00f3w: recenzowane i opublikowane badania przeprowadzone na Uniwersytecie Westminster dowodz\u0105, \u017ce r\u0119czniki jednorazowego u\u017cytku stanowi\u0105 najbardziej higieniczny spos\u00f3b osuszania d\u0142oni po skorzystaniu z toalety.","breadcrumb":{"@id":"https:\/\/europeantissue.com\/pl\/higiena-pl\/uczenie-sie\/porownanie-roznych-metod-suszenia-rak-potencjal-do-rozsiewania-drobnoustrojow-w-powietrzu-i-zanieczyszczenia\/#breadcrumb"},"inLanguage":"pl-PL","potentialAction":[{"@type":"ReadAction","target":["https:\/\/europeantissue.com\/pl\/higiena-pl\/uczenie-sie\/porownanie-roznych-metod-suszenia-rak-potencjal-do-rozsiewania-drobnoustrojow-w-powietrzu-i-zanieczyszczenia\/"]}]},{"@type":"ImageObject","inLanguage":"pl-PL","@id":"https:\/\/europeantissue.com\/pl\/higiena-pl\/uczenie-sie\/porownanie-roznych-metod-suszenia-rak-potencjal-do-rozsiewania-drobnoustrojow-w-powietrzu-i-zanieczyszczenia\/#primaryimage","url":"http:\/\/europeantissue.com\/wp-content\/uploads\/K-Redway-study-Icon-226x300.jpg","contentUrl":"http:\/\/europeantissue.com\/wp-content\/uploads\/K-Redway-study-Icon-226x300.jpg"},{"@type":"BreadcrumbList","@id":"https:\/\/europeantissue.com\/pl\/higiena-pl\/uczenie-sie\/porownanie-roznych-metod-suszenia-rak-potencjal-do-rozsiewania-drobnoustrojow-w-powietrzu-i-zanieczyszczenia\/#breadcrumb","itemListElement":[{"@type":"ListItem","position":1,"name":"Home","item":"https:\/\/europeantissue.com\/pl\/"},{"@type":"ListItem","position":2,"name":"Higiena (PL)","item":"https:\/\/europeantissue.com\/pl\/higiena-pl\/"},{"@type":"ListItem","position":3,"name":"Badania","item":"https:\/\/europeantissue.com\/pl\/higiena-pl\/uczenie-sie\/"},{"@type":"ListItem","position":4,"name":"Por\u00f3wnanie r\u00f3\u017cnych metod osuszania d\u0142oni: mo\u017cliwo\u015b\u0107 rozpraszania mikrob\u00f3w drog\u0105 powietrzn\u0105 i ska\u017cania otoczenia"}]},{"@type":"WebSite","@id":"https:\/\/europeantissue.com\/de\/#website","url":"https:\/\/europeantissue.com\/de\/","name":"European Tissue Symposium","description":"","potentialAction":[{"@type":"SearchAction","target":{"@type":"EntryPoint","urlTemplate":"https:\/\/europeantissue.com\/de\/?s={search_term_string}"},"query-input":{"@type":"PropertyValueSpecification","valueRequired":true,"valueName":"search_term_string"}}],"inLanguage":"pl-PL"}]}},"_links":{"self":[{"href":"https:\/\/europeantissue.com\/pl\/wp-json\/wp\/v2\/pages\/7705","targetHints":{"allow":["GET"]}}],"collection":[{"href":"https:\/\/europeantissue.com\/pl\/wp-json\/wp\/v2\/pages"}],"about":[{"href":"https:\/\/europeantissue.com\/pl\/wp-json\/wp\/v2\/types\/page"}],"author":[{"embeddable":true,"href":"https:\/\/europeantissue.com\/pl\/wp-json\/wp\/v2\/users\/2"}],"replies":[{"embeddable":true,"href":"https:\/\/europeantissue.com\/pl\/wp-json\/wp\/v2\/comments?post=7705"}],"version-history":[{"count":0,"href":"https:\/\/europeantissue.com\/pl\/wp-json\/wp\/v2\/pages\/7705\/revisions"}],"up":[{"embeddable":true,"href":"https:\/\/europeantissue.com\/pl\/wp-json\/wp\/v2\/pages\/7697"}],"wp:attachment":[{"href":"https:\/\/europeantissue.com\/pl\/wp-json\/wp\/v2\/media?parent=7705"}],"curies":[{"name":"wp","href":"https:\/\/api.w.org\/{rel}","templated":true}]}}