 {"id":7697,"date":"2015-09-20T07:14:25","date_gmt":"2015-09-20T07:14:25","guid":{"rendered":"http:\/\/europeantissue.com\/?page_id=7697"},"modified":"2018-07-20T10:26:04","modified_gmt":"2018-07-20T10:26:04","slug":"uczenie-sie","status":"publish","type":"page","link":"https:\/\/europeantissue.com\/pl\/higiena-pl\/uczenie-sie\/","title":{"rendered":"Badania"},"content":{"rendered":"<p class=\"p1\"><span class=\"s1\">Pomimo swojej pozornej prostoty wyroby z papieru bibu\u0142kowego s\u0105 bardzo z\u0142o\u017conymi produktami.\u00a0<br \/> Aby w\u0142a\u015bciwie zrozumie\u0107 i prawid\u0142owo okre\u015bli\u0107 zagadnienie, ETS &#8211; jako organizacja bran\u017cowa &#8211; stara si\u0119 dostarcza\u0107 swoim cz\u0142onkom i zewn\u0119trznemu \u015bwiatu jak najwi\u0119cej jego aspekt\u00f3w.<\/span><\/p>\n<p class=\"p1\"><span class=\"s1\">Dlatego te\u017c ETS jest szczeg\u00f3lnie zainteresowana wszystkimi <\/span><span class=\"s2\" style=\"color: #3872ab\"><b>zwi\u0105zanymi z tym tematem badaniami,<\/b><\/span><span class=\"s1\"> inicjowanymi przez organy przedstawicielskie oraz instytuty. Ponadto, <\/span><span class=\"s2\" style=\"color: #3872ab\"><b>podj\u0119\u0142a ona r\u00f3wnie\u017c inicjatyw\u0119 przegl\u0105d\u00f3w i bada\u0144 r\u00f3\u017cnych aspekt\u00f3w dotycz\u0105cych wyrob\u00f3w z papieru bibu\u0142kowego<\/b><\/span><span class=\"s1\"><span style=\"color: #3872ab\">,<\/span> uwzgl\u0119dniaj\u0105c czynniki, kt\u00f3re maj\u0105 istotne znaczenie dla u\u017cytkownik\u00f3w ko\u0144cowych.<\/span><\/p>\n<p class=\"p1\"><span class=\"s1\">Na podstawie przeprowadzonych ostatnio sonda\u017cy i bada\u0144 ETS zredagowa\u0142a wnioski i opinie przemys\u0142u zwi\u0105zanego z szerzeniem higieny, w formie artyku\u0142\u00f3w okre\u015blaj\u0105cych jej stanowisko.<\/span><\/p>\n<ul>\n<li class=\"p1\"><span class=\"s1\"><b>Por\u00f3wnanie r\u00f3\u017cnych metod osuszania d\u0142oni jako narz\u0119dzie do zwalczania rozpraszania bakterii drog\u0105 powietrzn\u0105 i ska\u017cenia nimi otoczenia (badanie przegl\u0105dowe przeprowadzone na Uniwersytecie Westminster, 2015)\u00a0<br \/><\/b><\/span><span class=\"s2\"><a href=\"https:\/\/europeantissue.com\/pl\/higiena-pl\/uczenie-sie\/badanie-na-temat-mozliwosci-skazenia-srodowiska-2014\/?lang=pl\">Przeczytaj wi\u0119cej<\/a><\/span><span class=\"s1\"> na temat badania przegl\u0105dowego przeprowadzonego przez Uniwersytet Westminster\n<p><\/span><\/li>\n<li class=\"p1\"><b>Badanie nad mo\u017cliwo\u015bci\u0105 ska\u017cenia \u015brodowiska (badanie przegl\u0105dowe przeprowadzone na Uniwersytecie w Leeds w roku 2014)<br \/><\/b><span class=\"s2\"><a href=\"https:\/\/europeantissue.com\/pl\/higiena-pl\/uczenie-sie\/badanie-na-temat-mozliwosci-skazenia-srodowiska-2014\/?lang=pl\">Przeczytaj wi\u0119cej<\/a>\u00a0<\/span><span class=\"s1\">na temat badania przegl\u0105dowego przeprowadzonego przez Uniwersytet w Leeds\n<p><\/span><\/li>\n<li class=\"p1\"><b>Opublikowano w materia\u0142ach konferencyjnych Mayo Clinic: higieniczna skuteczno\u015b\u0107 r\u00f3\u017cnych metod osuszania d\u0142oni (2012).\u00a0<br \/><\/b><a href=\"https:\/\/europeantissue.com\/pl\/higiena-pl\/uczenie-sie\/mayo-clinic-proceedings-artykul-skutecznosc-roznych-systemow-stelazy\/?lang=pl\"><span class=\"s2\">przeczytaj<\/span><\/a><span class=\"s1\"> artyku\u0142 Mayo Clinic Proceedings\n<p><\/span><\/li>\n<li class=\"p1\"><b>\u015arodki dezynfekuj\u0105ce na bazie alkoholu a mycie r\u0105k, kt\u00f3re skuteczniej zwalcza norowirusy (artyku\u0142 przegl\u0105dowy, 2015)<br \/><\/b><span class=\"s2\"><a href=\"https:\/\/europeantissue.com\/hygiene\/studies\/alcohol-based-disinfectant-vs-hand-washing-which-fights-noroviruses-better\/\">zapoznaj si\u0119 ze stron\u0105<\/a><\/span><span class=\"s1\"> na temat tego artyku\u0142u\n<p><\/span><\/li>\n<li class=\"p1\"><b>Badanie Eurofins-Inlab: Ska\u017cenie powierzchni bakteriami, zwi\u0105zane z r\u00f3\u017cnymi typami urz\u0105dze\u0144 do osuszania d\u0142oni (2012)<br \/><\/b><span class=\"s2\"><a href=\"https:\/\/europeantissue.com\/hygiene\/studies\/eurofins-inlab-study\/\">Przeczytaj wi\u0119cej<\/a><\/span><span class=\"s1\"> na temat badania Eurofins-Inlab\n<p><\/span><\/li>\n<li class=\"p1\"><b>Przegl\u0105d preferencji konsument\u00f3w odno\u015bnie do r\u00f3\u017cnych system\u00f3w osuszania d\u0142oni w wielu krajach &#8211; INTERMETRA (czerwiec 2008)<br \/><\/b><span class=\"s2\"><a href=\"https:\/\/europeantissue.com\/about-tissue\/away-from-home\/properties-of-tissue\/user-preference\/\">Przeczytaj wi\u0119cej<\/a><\/span><span class=\"s1\"> na temat badania Intermetra\n<p><\/span><\/li>\n<li class=\"p1\"><b>Por\u00f3wnawcze badania higieny dotycz\u0105ce czterech r\u00f3\u017cnych metod osuszania d\u0142oni: z u\u017cyciem r\u0119cznik\u00f3w papierowych, r\u0119cznik\u00f3w w rolce, suszarki na gor\u0105ce powietrze, suszarki generuj\u0105cej szybki strumie\u0144 powietrza &#8211; UNIWERSYTET WESTMINSTER (2010)<br \/><\/b><a href=\"http:\/\/www.europeantissue.com\/wp-content\/uploads\/WU-Study-2010-Report.pdf\">Zapoznaj si\u0119 z badaniem przeprowadzonym przez Uniwersytet Westminster (2010)\n<p><\/a><\/li>\n<li class=\"p1\"><b>Por\u00f3wnawcze badanie higieny dotycz\u0105ce trzech r\u00f3\u017cnych metod osuszania d\u0142oni: z u\u017cyciem r\u0119cznik\u00f3w papierowych, suszarki na gor\u0105ce powietrze, suszarki generuj\u0105cej szybki strumie\u0144 powietrza &#8211; Uniwersytet Westminster (listopad 2008)<br \/><\/b><span class=\"s2\"><a href=\"http:\/\/europeantissue.com\/pdfs\/090402-2008%2520WUS%2520Westminster%2520University%2520hygiene%2520study,%2520nov2008.pdf\">Przeczytaj wi\u0119cej<\/a><\/span><span class=\"s1\"> na temat badania przeprowadzonego przez Uniwersytet Westminster\n<p><\/span><\/li>\n<li class=\"p1\"><b>Badania nad r\u00f3\u017cnymi metodami osuszania d\u0142oni. \u2013 T\u00dcV (wrzesie\u0144 2005) \u201eBadanie T\u00dcV\u201d &#8211; Badanie przeprowadzone w odniesieniu do r\u00f3\u017cnych metod osuszania d\u0142oni (wrzesie\u0144 2005)<br \/><\/b><span class=\"s2\"><a href=\"http:\/\/www.europeantissue.com\/facts-studies\/research\/hygiene\/\">Przeczytaj wi\u0119cej<\/a><\/span><span class=\"s1\"> na temat badania T\u00dcV\n<p><\/span><\/li>\n<li class=\"p1\"><b>Ocena higieny odno\u015bnie do wykorzystywania jednorazowych chusteczek do czyszczenia nosa &#8211; Uniwersytet Erlangen (1994)<br \/><\/b><span class=\"s2\"><a href=\"http:\/\/www.europeantissue.com\/facts-studies\/research\/hygiene\/\">Przeczytaj wi\u0119cej<\/a><\/span><span class=\"s1\"> na temat bada\u0144 po\u015bwi\u0119conych higienie wyrob\u00f3w z papieru bibu\u0142kowego<\/span><\/li>\n<\/ul>\n<p class=\"p1\"><span class=\"s1\"><b>Handwashingforlife<\/b><\/span><\/p>\n<p class=\"p1\"><span class=\"s1\">Zapoznaj si\u0119 r\u00f3wnie\u017c z:<\/span><\/p>\n<div class=\"fusion-fullwidth fullwidth-box fusion-builder-row-1 hundred-percent-fullwidth non-hundred-percent-height-scrolling\" style=\"--awb-border-radius-top-left:0px;--awb-border-radius-top-right:0px;--awb-border-radius-bottom-right:0px;--awb-border-radius-bottom-left:0px;--awb-overflow:visible;--awb-flex-wrap:wrap;\" ><div class=\"fusion-builder-row fusion-row\"><div class=\"fusion-layout-column fusion_builder_column fusion-builder-column-0 fusion_builder_column_1_1 1_1 fusion-one-full fusion-column-first fusion-column-last fusion-column-no-min-height\" style=\"--awb-bg-size:cover;--awb-margin-bottom:0px;\"><div class=\"fusion-column-wrapper fusion-flex-column-wrapper-legacy\"><div id=\"attachment_7884\" style=\"width: 310px\" class=\"wp-caption alignleft\"><a href=\"http:\/\/www.handwashingforlife.com\/protecting_food_safety_during_economic_pinch\"><img decoding=\"async\" aria-describedby=\"caption-attachment-7884\" class=\"wp-image-7884 size-medium\" src=\"http:\/\/europeantissue.com\/wp-content\/uploads\/2015\/04\/Handwashingforlife-300x58.png\" alt=\"Handwashingforlife\" width=\"300\" height=\"58\" srcset=\"https:\/\/europeantissue.com\/wp-content\/uploads\/2015\/04\/Handwashingforlife-300x58.png 300w, https:\/\/europeantissue.com\/wp-content\/uploads\/2015\/04\/Handwashingforlife-1024x199.png 1024w, https:\/\/europeantissue.com\/wp-content\/uploads\/2015\/04\/Handwashingforlife.png 1402w\" sizes=\"(max-width: 300px) 100vw, 300px\" \/><\/a><p id=\"caption-attachment-7884\" class=\"wp-caption-text\">Handwashingforlife<\/p><\/div>\n<p class=\"p1\">\u00a0<\/p>\n<p class=\"p1\">\u00a0<\/p>\n<p class=\"p1\"><span class=\"s1\"><a href=\"http:\/\/www.handwashingforlife.com\/protecting_food_safety_during_economic_pinch\">Instytut Handwashingforlife<\/a><\/span><span class=\"s2\"> zajmuje si\u0119 rozpowszechnianiem nauki o higienie r\u0105k, w celu zmniejszenia cz\u0119sto\u015bci wyst\u0119powania chor\u00f3b przenoszonych przez \u017cywno\u015b\u0107 oraz infekcji kataralnych zwi\u0105zanych z niedostateczn\u0105 higien\u0105 r\u0105k. Jest on organizacj\u0105 o zasi\u0119gu \u015bwiatowym, wspieraj\u0105c\u0105 pokonywanie wyzwa\u0144 wi\u0105\u017c\u0105cych si\u0119 z codzienn\u0105 higien\u0105 r\u0105k.<\/span><\/p>\n<div class=\"fusion-clearfix\"><\/div><\/div><\/div><\/div><\/div>\n","protected":false},"excerpt":{"rendered":"<p>Pomimo swojej pozornej prostoty wyroby z papieru bibu\u0142kowego s\u0105 bardzo z\u0142o\u017conymi produktami.\u00a0 Aby w\u0142a\u015bciwie zrozumie\u0107 i prawid\u0142owo okre\u015bli\u0107 zagadnienie, ETS &#8211; jako organizacja bran\u017cowa &#8211; stara si\u0119 dostarcza\u0107 swoim cz\u0142onkom i zewn\u0119trznemu \u015bwiatu jak najwi\u0119cej jego aspekt\u00f3w. Dlatego te\u017c ETS jest szczeg\u00f3lnie zainteresowana wszystkimi zwi\u0105zanymi z tym tematem badaniami, inicjowanymi przez organy przedstawicielskie oraz instytuty.  [&#8230;]<\/p>\n","protected":false},"author":2,"featured_media":0,"parent":7668,"menu_order":2,"comment_status":"open","ping_status":"closed","template":"","meta":{"_monsterinsights_skip_tracking":false,"_monsterinsights_sitenote_active":false,"_monsterinsights_sitenote_note":"","_monsterinsights_sitenote_category":0,"ngg_post_thumbnail":0,"footnotes":""},"class_list":["post-7697","page","type-page","status-publish","hentry"],"yoast_head":"<!-- This site is optimized with the Yoast SEO plugin v26.3 - https:\/\/yoast.com\/wordpress\/plugins\/seo\/ -->\n<title>Badania - European Tissue Symposium<\/title>\n<meta name=\"description\" content=\"Dlatego te\u017c ETS jest szczeg\u00f3lnie zainteresowana wszystkimi\u00a0zwi\u0105zanymi z tym tematem badaniami,\u00a0inicjowanymi przez organy przedstawicielskie oraz instytuty.\u00a0\" \/>\n<meta name=\"robots\" content=\"index, follow, max-snippet:-1, max-image-preview:large, max-video-preview:-1\" \/>\n<link rel=\"canonical\" href=\"https:\/\/europeantissue.com\/pl\/higiena-pl\/uczenie-sie\/\" \/>\n<meta property=\"og:locale\" content=\"pl_PL\" \/>\n<meta property=\"og:type\" content=\"article\" \/>\n<meta property=\"og:title\" content=\"Badania - European Tissue Symposium\" \/>\n<meta property=\"og:description\" content=\"Dlatego te\u017c ETS jest szczeg\u00f3lnie zainteresowana wszystkimi\u00a0zwi\u0105zanymi z tym tematem badaniami,\u00a0inicjowanymi przez organy przedstawicielskie oraz instytuty.\u00a0\" \/>\n<meta property=\"og:url\" content=\"https:\/\/europeantissue.com\/pl\/higiena-pl\/uczenie-sie\/\" \/>\n<meta property=\"og:site_name\" content=\"European Tissue Symposium\" \/>\n<meta property=\"article:modified_time\" content=\"2018-07-20T10:26:04+00:00\" \/>\n<meta property=\"og:image\" content=\"http:\/\/europeantissue.com\/wp-content\/uploads\/2015\/04\/Handwashingforlife-300x58.png\" \/>\n<meta name=\"twitter:card\" content=\"summary_large_image\" \/>\n<meta name=\"twitter:label1\" content=\"Szacowany czas czytania\" \/>\n\t<meta name=\"twitter:data1\" content=\"3 minuty\" \/>\n<script type=\"application\/ld+json\" class=\"yoast-schema-graph\">{\"@context\":\"https:\/\/schema.org\",\"@graph\":[{\"@type\":\"WebPage\",\"@id\":\"https:\/\/europeantissue.com\/pl\/higiena-pl\/uczenie-sie\/\",\"url\":\"https:\/\/europeantissue.com\/pl\/higiena-pl\/uczenie-sie\/\",\"name\":\"Badania - European Tissue Symposium\",\"isPartOf\":{\"@id\":\"https:\/\/europeantissue.com\/de\/#website\"},\"primaryImageOfPage\":{\"@id\":\"https:\/\/europeantissue.com\/pl\/higiena-pl\/uczenie-sie\/#primaryimage\"},\"image\":{\"@id\":\"https:\/\/europeantissue.com\/pl\/higiena-pl\/uczenie-sie\/#primaryimage\"},\"thumbnailUrl\":\"http:\/\/europeantissue.com\/wp-content\/uploads\/2015\/04\/Handwashingforlife-300x58.png\",\"datePublished\":\"2015-09-20T07:14:25+00:00\",\"dateModified\":\"2018-07-20T10:26:04+00:00\",\"description\":\"Dlatego te\u017c ETS jest szczeg\u00f3lnie zainteresowana wszystkimi\u00a0zwi\u0105zanymi z tym tematem badaniami,\u00a0inicjowanymi przez organy przedstawicielskie oraz instytuty.\u00a0\",\"breadcrumb\":{\"@id\":\"https:\/\/europeantissue.com\/pl\/higiena-pl\/uczenie-sie\/#breadcrumb\"},\"inLanguage\":\"pl-PL\",\"potentialAction\":[{\"@type\":\"ReadAction\",\"target\":[\"https:\/\/europeantissue.com\/pl\/higiena-pl\/uczenie-sie\/\"]}]},{\"@type\":\"ImageObject\",\"inLanguage\":\"pl-PL\",\"@id\":\"https:\/\/europeantissue.com\/pl\/higiena-pl\/uczenie-sie\/#primaryimage\",\"url\":\"http:\/\/europeantissue.com\/wp-content\/uploads\/2015\/04\/Handwashingforlife-300x58.png\",\"contentUrl\":\"http:\/\/europeantissue.com\/wp-content\/uploads\/2015\/04\/Handwashingforlife-300x58.png\"},{\"@type\":\"BreadcrumbList\",\"@id\":\"https:\/\/europeantissue.com\/pl\/higiena-pl\/uczenie-sie\/#breadcrumb\",\"itemListElement\":[{\"@type\":\"ListItem\",\"position\":1,\"name\":\"Home\",\"item\":\"https:\/\/europeantissue.com\/pl\/\"},{\"@type\":\"ListItem\",\"position\":2,\"name\":\"Higiena (PL)\",\"item\":\"https:\/\/europeantissue.com\/pl\/higiena-pl\/\"},{\"@type\":\"ListItem\",\"position\":3,\"name\":\"Badania\"}]},{\"@type\":\"WebSite\",\"@id\":\"https:\/\/europeantissue.com\/de\/#website\",\"url\":\"https:\/\/europeantissue.com\/de\/\",\"name\":\"European Tissue Symposium\",\"description\":\"\",\"potentialAction\":[{\"@type\":\"SearchAction\",\"target\":{\"@type\":\"EntryPoint\",\"urlTemplate\":\"https:\/\/europeantissue.com\/de\/?s={search_term_string}\"},\"query-input\":{\"@type\":\"PropertyValueSpecification\",\"valueRequired\":true,\"valueName\":\"search_term_string\"}}],\"inLanguage\":\"pl-PL\"}]}<\/script>\n<!-- \/ Yoast SEO plugin. -->","yoast_head_json":{"title":"Badania - European Tissue Symposium","description":"Dlatego te\u017c ETS jest szczeg\u00f3lnie zainteresowana wszystkimi\u00a0zwi\u0105zanymi z tym tematem badaniami,\u00a0inicjowanymi przez organy przedstawicielskie oraz instytuty.\u00a0","robots":{"index":"index","follow":"follow","max-snippet":"max-snippet:-1","max-image-preview":"max-image-preview:large","max-video-preview":"max-video-preview:-1"},"canonical":"https:\/\/europeantissue.com\/pl\/higiena-pl\/uczenie-sie\/","og_locale":"pl_PL","og_type":"article","og_title":"Badania - European Tissue Symposium","og_description":"Dlatego te\u017c ETS jest szczeg\u00f3lnie zainteresowana wszystkimi\u00a0zwi\u0105zanymi z tym tematem badaniami,\u00a0inicjowanymi przez organy przedstawicielskie oraz instytuty.\u00a0","og_url":"https:\/\/europeantissue.com\/pl\/higiena-pl\/uczenie-sie\/","og_site_name":"European Tissue Symposium","article_modified_time":"2018-07-20T10:26:04+00:00","og_image":[{"url":"http:\/\/europeantissue.com\/wp-content\/uploads\/2015\/04\/Handwashingforlife-300x58.png","type":"","width":"","height":""}],"twitter_card":"summary_large_image","twitter_misc":{"Szacowany czas czytania":"3 minuty"},"schema":{"@context":"https:\/\/schema.org","@graph":[{"@type":"WebPage","@id":"https:\/\/europeantissue.com\/pl\/higiena-pl\/uczenie-sie\/","url":"https:\/\/europeantissue.com\/pl\/higiena-pl\/uczenie-sie\/","name":"Badania - European Tissue Symposium","isPartOf":{"@id":"https:\/\/europeantissue.com\/de\/#website"},"primaryImageOfPage":{"@id":"https:\/\/europeantissue.com\/pl\/higiena-pl\/uczenie-sie\/#primaryimage"},"image":{"@id":"https:\/\/europeantissue.com\/pl\/higiena-pl\/uczenie-sie\/#primaryimage"},"thumbnailUrl":"http:\/\/europeantissue.com\/wp-content\/uploads\/2015\/04\/Handwashingforlife-300x58.png","datePublished":"2015-09-20T07:14:25+00:00","dateModified":"2018-07-20T10:26:04+00:00","description":"Dlatego te\u017c ETS jest szczeg\u00f3lnie zainteresowana wszystkimi\u00a0zwi\u0105zanymi z tym tematem badaniami,\u00a0inicjowanymi przez organy przedstawicielskie oraz instytuty.\u00a0","breadcrumb":{"@id":"https:\/\/europeantissue.com\/pl\/higiena-pl\/uczenie-sie\/#breadcrumb"},"inLanguage":"pl-PL","potentialAction":[{"@type":"ReadAction","target":["https:\/\/europeantissue.com\/pl\/higiena-pl\/uczenie-sie\/"]}]},{"@type":"ImageObject","inLanguage":"pl-PL","@id":"https:\/\/europeantissue.com\/pl\/higiena-pl\/uczenie-sie\/#primaryimage","url":"http:\/\/europeantissue.com\/wp-content\/uploads\/2015\/04\/Handwashingforlife-300x58.png","contentUrl":"http:\/\/europeantissue.com\/wp-content\/uploads\/2015\/04\/Handwashingforlife-300x58.png"},{"@type":"BreadcrumbList","@id":"https:\/\/europeantissue.com\/pl\/higiena-pl\/uczenie-sie\/#breadcrumb","itemListElement":[{"@type":"ListItem","position":1,"name":"Home","item":"https:\/\/europeantissue.com\/pl\/"},{"@type":"ListItem","position":2,"name":"Higiena (PL)","item":"https:\/\/europeantissue.com\/pl\/higiena-pl\/"},{"@type":"ListItem","position":3,"name":"Badania"}]},{"@type":"WebSite","@id":"https:\/\/europeantissue.com\/de\/#website","url":"https:\/\/europeantissue.com\/de\/","name":"European Tissue Symposium","description":"","potentialAction":[{"@type":"SearchAction","target":{"@type":"EntryPoint","urlTemplate":"https:\/\/europeantissue.com\/de\/?s={search_term_string}"},"query-input":{"@type":"PropertyValueSpecification","valueRequired":true,"valueName":"search_term_string"}}],"inLanguage":"pl-PL"}]}},"_links":{"self":[{"href":"https:\/\/europeantissue.com\/pl\/wp-json\/wp\/v2\/pages\/7697","targetHints":{"allow":["GET"]}}],"collection":[{"href":"https:\/\/europeantissue.com\/pl\/wp-json\/wp\/v2\/pages"}],"about":[{"href":"https:\/\/europeantissue.com\/pl\/wp-json\/wp\/v2\/types\/page"}],"author":[{"embeddable":true,"href":"https:\/\/europeantissue.com\/pl\/wp-json\/wp\/v2\/users\/2"}],"replies":[{"embeddable":true,"href":"https:\/\/europeantissue.com\/pl\/wp-json\/wp\/v2\/comments?post=7697"}],"version-history":[{"count":0,"href":"https:\/\/europeantissue.com\/pl\/wp-json\/wp\/v2\/pages\/7697\/revisions"}],"up":[{"embeddable":true,"href":"https:\/\/europeantissue.com\/pl\/wp-json\/wp\/v2\/pages\/7668"}],"wp:attachment":[{"href":"https:\/\/europeantissue.com\/pl\/wp-json\/wp\/v2\/media?parent=7697"}],"curies":[{"name":"wp","href":"https:\/\/api.w.org\/{rel}","templated":true}]}}