 {"id":7691,"date":"2015-09-20T07:04:18","date_gmt":"2015-09-20T07:04:18","guid":{"rendered":"http:\/\/europeantissue.com\/?page_id=7691"},"modified":"2022-12-24T14:07:33","modified_gmt":"2022-12-24T14:07:33","slug":"consensus-statement-of-a-panel-of-experts-2","status":"publish","type":"page","link":"https:\/\/europeantissue.com\/pl\/higiena-pl\/oswiadczenie-konsensus-higieniczny-2\/consensus-statement-of-a-panel-of-experts-2\/","title":{"rendered":"Wsp\u00f3lne o\u015bwiadczenie zespo\u0142u ekspert\u00f3w"},"content":{"rendered":"<p><div class=\"fusion-fullwidth fullwidth-box fusion-builder-row-1 fusion-flex-container nonhundred-percent-fullwidth non-hundred-percent-height-scrolling\" style=\"--awb-border-radius-top-left:0px;--awb-border-radius-top-right:0px;--awb-border-radius-bottom-right:0px;--awb-border-radius-bottom-left:0px;--awb-flex-wrap:wrap;\" ><div class=\"fusion-builder-row fusion-row fusion-flex-align-items-flex-start fusion-flex-content-wrap\" style=\"max-width:1040px;margin-left: calc(-4% \/ 2 );margin-right: calc(-4% \/ 2 );\"><div class=\"fusion-layout-column fusion_builder_column fusion-builder-column-0 fusion_builder_column_1_1 1_1 fusion-flex-column\" style=\"--awb-padding-top:5%;--awb-padding-right:5%;--awb-padding-bottom:5%;--awb-padding-left:5%;--awb-bg-color:rgba(0,0,0,0.14);--awb-bg-color-hover:rgba(0,0,0,0.14);--awb-bg-size:cover;--awb-width-large:100%;--awb-margin-top-large:0px;--awb-spacing-right-large:1.92%;--awb-margin-bottom-large:0px;--awb-spacing-left-large:1.92%;--awb-width-medium:100%;--awb-order-medium:0;--awb-spacing-right-medium:1.92%;--awb-spacing-left-medium:1.92%;--awb-width-small:100%;--awb-order-small:0;--awb-spacing-right-small:1.92%;--awb-spacing-left-small:1.92%;\"><div class=\"fusion-column-wrapper fusion-column-has-shadow fusion-flex-justify-content-flex-start fusion-content-layout-column\"><div class=\"fusion-title title fusion-title-1 fusion-title-center fusion-title-text fusion-title-size-one\"><div class=\"title-sep-container title-sep-container-left\"><div class=\"title-sep sep-double sep-solid\" style=\"border-color:#e0dede;\"><\/div><\/div><span class=\"awb-title-spacer\"><\/span><h1 class=\"fusion-title-heading title-heading-center\" style=\"font-family:-apple-system, BlinkMacSystemFont, &#039;Segoe UI&#039;, Roboto, Oxygen-Sans, Ubuntu, Cantarell, &#039;Helvetica Neue&#039; ,sans-serif;font-style:normal;font-weight:400;margin:0;\"><h3 style=\"text-align: center;\"><strong><span style=\"color: #2b599e;\">Zaktualizowano o\u015bwiadczenie o pe\u0142nej zgodno\u015bci w sprawie higienicznego suszenia r\u0105k&nbsp; <br \/>\n<\/span><span style=\"color: #2b599e;\">(Posiedzenie panelu 11 pa\u017adziernika 2022 r.)<\/span><\/strong><\/h3>\n<h3>&nbsp;<\/h3><\/h1><span class=\"awb-title-spacer\"><\/span><div class=\"title-sep-container title-sep-container-right\"><div class=\"title-sep sep-double sep-solid\" style=\"border-color:#e0dede;\"><\/div><\/div><\/div><div class=\"fusion-text fusion-text-1\" style=\"--awb-content-alignment:justify;--awb-text-color:#000000;\"><ul>\n<li>\n<p style=\"text-align: justify;\"><strong>Naukowcy i opinia publiczna zgodnie potwierdzaj\u0105, jak wa\u017cne jest w\u0142a\u015bciwe mycie r\u0105k w celu zapobiegania rozprzestrzenianiu si\u0119 infekcji. Zagadnieniu osuszania d\u0142oni po\u015bwi\u0119ca si\u0119 jednak znacznie mniej uwagi.<\/strong><\/p>\n<\/li>\n<li style=\"text-align: justify;\">\n<p><strong>Nawet po umyciu r\u0105k na d\u0142oniach pozostaj\u0105 niekt\u00f3re szkodliwe drobnoustroje, kt\u00f3re \u0142atwiej si\u0119 rozprzestrzeniaj\u0105, je\u017celi d\u0142onie nie zostan\u0105 odpowiednio osuszone.&nbsp;<\/strong><\/p>\n<\/li>\n<li style=\"text-align: justify;\">\n<p><strong>W\u0142a\u015bciwe osuszanie d\u0142oni jest ko\u0144cowym etapem mycia r\u0105k, eliminuj\u0105cym ryzyko przenoszenia drobnoustroj\u00f3w.<\/strong><\/p>\n<\/li>\n<li style=\"text-align: justify;\">\n<p><strong>Og\u00f3lnodost\u0119pne metody suszenia r\u0105k w publicznych \u0142azienkach s\u0105 oparte na absorpcji wody (r\u0119czniki jednorazowe \u2013 papierowe lub tekstylne), odparowaniu wody lub rozproszeniu wody (suszarki na gor\u0105ce powietrze lub strumieniowe).<\/strong><\/p>\n<\/li>\n<li style=\"text-align: justify;\">\n<p><strong>Suszarki na gor\u0105ce powietrze dzia\u0142aj\u0105 wolniej ni\u017c inne metody osuszania d\u0142oni.<\/strong><\/p>\n<\/li>\n<li style=\"text-align: justify;\">\n<p><strong>Udowodniono, \u017ce osuszanie d\u0142oni z u\u017cyciem r\u0119cznik\u00f3w jednorazowych zamiast suszarek na gor\u0105ce powietrze lub strumieniowych sprzyja zmniejszeniu ilo\u015bci drobnoustroj\u00f3w na d\u0142oniach i w \u0142azience (zar\u00f3wno w powietrzu, jak i na powierzchniach).<\/strong><\/p>\n<\/li>\n<li style=\"text-align: justify;\">\n<p><strong>Suszarki strumieniowe szczeg\u00f3lnie \u0142atwo rozpraszaj\u0105 bakterie i wirusy z d\u0142oni po ca\u0142ej \u0142azience. Potencjalnie szkodliwe drobnoustroje mog\u0105 zaszkodzi\u0107 u\u017cytkownikowi suszarki, innym osobom oraz zanieczy\u015bci\u0107 powietrze i powierzchnie zar\u00f3wno w \u0142azience, jak i poza ni\u0105.<\/strong><\/p>\n<\/li>\n<li style=\"text-align: justify;\">\n<p><strong>Po u\u017cyciu suszarki strumieniowej drobnoustroje pochodz\u0105ce z niedok\u0142adnie umytych r\u0105k wykrywano w powietrzu przez co najmniej 15 minut.<\/strong><\/p>\n<\/li>\n<li>\n<p style=\"text-align: justify;\"><strong>Opinia publiczna oraz decydenci powinni mie\u0107 \u015bwiadomo\u015b\u0107, \u017ce niekt\u00f3re metody suszenia r\u0105k zwi\u0119kszaj\u0105 ryzyko zanieczyszczenia r\u0105k, zaszkodzenia innym osobom, zanieczyszczenia powierzchni w \u0142azienkach i obszar\u00f3w poza ni\u0105.<\/strong><\/p>\n<\/li>\n<\/ul>\n<\/div><\/div><\/div><\/div><\/div><div class=\"fusion-fullwidth fullwidth-box fusion-builder-row-2 fusion-flex-container nonhundred-percent-fullwidth non-hundred-percent-height-scrolling\" style=\"--awb-border-radius-top-left:0px;--awb-border-radius-top-right:0px;--awb-border-radius-bottom-right:0px;--awb-border-radius-bottom-left:0px;--awb-flex-wrap:wrap;\" ><div class=\"fusion-builder-row fusion-row fusion-flex-align-items-flex-start fusion-flex-content-wrap\" style=\"max-width:1040px;margin-left: calc(-4% \/ 2 );margin-right: calc(-4% \/ 2 );\"><div class=\"fusion-layout-column fusion_builder_column fusion-builder-column-1 fusion_builder_column_1_1 1_1 fusion-flex-column\" style=\"--awb-bg-size:cover;--awb-width-large:100%;--awb-margin-top-large:0px;--awb-spacing-right-large:1.92%;--awb-margin-bottom-large:0px;--awb-spacing-left-large:1.92%;--awb-width-medium:100%;--awb-spacing-right-medium:1.92%;--awb-spacing-left-medium:1.92%;--awb-width-small:100%;--awb-spacing-right-small:1.92%;--awb-spacing-left-small:1.92%;\"><div class=\"fusion-column-wrapper fusion-flex-justify-content-flex-start fusion-content-layout-column\"><div class=\"fusion-text fusion-text-2\"><p><strong>&nbsp;<\/strong><strong>Autorski:<\/strong><\/p>\n<p><strong>Profesor Marc Van Ranst, Profesor Mark Wilcox, Profesor Fr\u00e9d\u00e9ric Barbut, Profesor Angel Asensio, Profesor Silvio Brusaferro, Emeritus Fellow Keith Redway, Profesor Bertil Kaijser mi Dr Ralf Kammerer<\/strong><\/p>\n<p>Wsp\u00f3lne o\u015bwiadczenie &#8211; Je\u015bli chcesz wydrukowa\u0107 powy\u017cszy O\u015bwiadczenie Konsensusu<span style=\"text-decoration: underline;\"><strong><a href=\"https:\/\/europeantissue.com\/wp-content\/uploads\/2022\/12\/2022-PL-ETS-Scientific-Panel-Consensus-Statement-UPDATE.pdf\"> mo\u017cna u\u017cy\u0107 tego pdf<\/a><\/strong><\/span><\/p>\n<p><span class=\"s1\"><b>Wizualne \u201epodsumowanie na jednej stronie\u201d najwa\u017cniejszego rezultatu bada\u0144 prowadzonych przez Uniwersytet Westminster i organizacj\u0119 EUROFINS przedstawiono w r\u00f3\u017cnych j\u0119zykach:<\/b><\/span><\/p>\n<ul>\n<li>\n<p class=\"p1\"><span class=\"s1\">w j\u0119zyku angielskim:&nbsp;<a href=\"http:\/\/europeantissue.com\/wp-content\/uploads\/Infographic-EN.jpg\"><span class=\"s2\">Hand drying: an important part of hand hygiene<\/span><\/a><\/span><\/p>\n<\/li>\n<li>\n<p class=\"p1\"><span class=\"s1\">DE <a href=\"http:\/\/www.europeantissue.com\/wp-content\/uploads\/v1_hands_drying_infographics_DE.pdf\"><span class=\"s2\">H\u00e4ndetrocknen: Ein wichtiger Bestandteil der H\u00e4ndegygiene<\/span><\/a><\/span><\/p>\n<\/li>\n<li>\n<p class=\"p1\"><span class=\"s1\">FR <a href=\"http:\/\/www.europeantissue.com\/wp-content\/uploads\/v1_hands_drying_infographics_FR.pdf\"><span class=\"s2\">Le s\u00e9chage des mains: \u00e9l\u00e9ment important de l\u2019hygi\u00e8ne manuelle<\/span><\/a><\/span><\/p>\n<\/li>\n<li>\n<p class=\"p1\"><span class=\"s1\">IT <a href=\"http:\/\/www.europeantissue.com\/wp-content\/uploads\/25624_hands_drying_infographic_IT_HI.pdf\"><span class=\"s2\">Asciugare le mani: una componente importante dell\u2019igiene delle mani<\/span><\/a><\/span><\/p>\n<\/li>\n<li>\n<p class=\"p1\"><span class=\"s1\">ES <a href=\"http:\/\/www.europeantissue.com\/wp-content\/uploads\/v1_hands_drying_infographics_ES.pdf\"><span class=\"s2\">Secarse las manos: Una parte importante de la higiene<\/span><\/a><\/span><\/p>\n<\/li>\n<li>\n<p class=\"p1\"><span class=\"s1\">PL <a href=\"http:\/\/www.europeantissue.com\/wp-content\/uploads\/v1_hands_drying_infographics_PL.pdf\"><span class=\"s2\">Osuszanie d<\/span><span class=\"s3\">\u0142<\/span><span class=\"s2\">oni: wa<\/span><span class=\"s3\">\u017c<\/span><span class=\"s2\">ny element higieny d<\/span><span class=\"s3\">\u0142<\/span><span class=\"s2\">oni<\/span><\/a><\/span><\/p>\n<\/li>\n<\/ul>\n<p><div class=\"video-shortcode\"><iframe width=\"1000\" height=\"563\" src=\"https:\/\/www.youtube.com\/embed\/jf_NtnJ3W1c?feature=oembed\" frameborder=\"0\" allowfullscreen><\/iframe><\/div>\n<\/p>\n<p class=\"p1\"><span class=\"s1\">Film ten mo\u017cna r\u00f3wnie\u017c obejrze\u0107 na kanale <a href=\"https:\/\/www.youtube.com\/channel\/UCzakMx1VXq9YNGxqdTV8ajQ\"><span class=\"s2\">ETS Choices You Tube<\/span><\/a>, opr\u00f3cz innych, interesuj\u0105cych film\u00f3w po\u015bwi\u0119conych tematowi: higiena r\u0105k. Kliknij tutaj, aby zapozna\u0107 si\u0119 z:&nbsp;<a href=\"https:\/\/europeantissue.com\/hygiene\/consensus-statement-on-hygienic-hand-drying\/scientific-literature-on-hygienic-hand-drying\/\"><span class=\"s2\">LITERATUR\u0104 NAUKOW\u0104 NA TEMAT HIGIENICZNEGO OSUSZANIA D\u0141ONI \u2013 PANEL NAUKOWY ETS<\/span><\/a> Dane kontaktowe:<\/span><\/p>\n<h3>duomedia<\/h3>\n<p>Dorien Cooreman | tel. +32 2 560 2150 |&nbsp;<a href=\"https:\/\/europeantissue.com\/hygiene\/consensus-statement-on-hygienic-hand-drying\/expert-consensus-statement\/dorien.c@duomedia.com\">dorien.c@duomedia.com<\/a><\/p>\n<h3>ETS<\/h3>\n<p>Fanis Papakostas |&nbsp;<a href=\"https:\/\/europeantissue.com\/hygiene\/consensus-statement-on-hygienic-hand-drying\/expert-consensus-statement\/roberto.berardi@europeantissue.com\">fanis.papakostas@europeantissue.com<\/a><\/p>\n<\/div><\/div><\/div><\/div><\/div><\/p>\n","protected":false},"excerpt":{"rendered":"","protected":false},"author":2,"featured_media":0,"parent":7685,"menu_order":1,"comment_status":"open","ping_status":"closed","template":"","meta":{"_monsterinsights_skip_tracking":false,"_monsterinsights_sitenote_active":false,"_monsterinsights_sitenote_note":"","_monsterinsights_sitenote_category":0,"ngg_post_thumbnail":0,"footnotes":""},"class_list":["post-7691","page","type-page","status-publish","hentry"],"yoast_head":"<!-- This site is optimized with the Yoast SEO plugin v26.3 - https:\/\/yoast.com\/wordpress\/plugins\/seo\/ -->\n<title>Wsp\u00f3lne o\u015bwiadczenie zespo\u0142u ekspert\u00f3w - European Tissue Symposium<\/title>\n<meta name=\"description\" content=\"Wsp\u00f3lne o\u015bwiadczenie \u00a0Udowodniono, \u017ce osuszanie d\u0142oni z u\u017cyciem r\u0119cznik\u00f3w jednorazowych zamiast suszarek elektrycznych sprzyja obni\u017ceniu liczby bakterii na d\u0142oniach i w toalecie\u00a0\" \/>\n<meta name=\"robots\" content=\"index, follow, max-snippet:-1, max-image-preview:large, max-video-preview:-1\" \/>\n<link rel=\"canonical\" href=\"https:\/\/europeantissue.com\/pl\/higiena-pl\/oswiadczenie-konsensus-higieniczny-2\/consensus-statement-of-a-panel-of-experts-2\/\" \/>\n<meta property=\"og:locale\" content=\"pl_PL\" \/>\n<meta property=\"og:type\" content=\"article\" \/>\n<meta property=\"og:title\" content=\"Wsp\u00f3lne o\u015bwiadczenie zespo\u0142u ekspert\u00f3w - European Tissue Symposium\" \/>\n<meta property=\"og:description\" content=\"Wsp\u00f3lne o\u015bwiadczenie \u00a0Udowodniono, \u017ce osuszanie d\u0142oni z u\u017cyciem r\u0119cznik\u00f3w jednorazowych zamiast suszarek elektrycznych sprzyja obni\u017ceniu liczby bakterii na d\u0142oniach i w toalecie\u00a0\" \/>\n<meta property=\"og:url\" content=\"https:\/\/europeantissue.com\/pl\/higiena-pl\/oswiadczenie-konsensus-higieniczny-2\/consensus-statement-of-a-panel-of-experts-2\/\" \/>\n<meta property=\"og:site_name\" content=\"European Tissue Symposium\" \/>\n<meta property=\"article:modified_time\" content=\"2022-12-24T14:07:33+00:00\" \/>\n<meta name=\"twitter:card\" content=\"summary_large_image\" \/>\n<meta name=\"twitter:label1\" content=\"Szacowany czas czytania\" \/>\n\t<meta name=\"twitter:data1\" content=\"4 minuty\" \/>\n<script type=\"application\/ld+json\" class=\"yoast-schema-graph\">{\"@context\":\"https:\/\/schema.org\",\"@graph\":[{\"@type\":\"WebPage\",\"@id\":\"https:\/\/europeantissue.com\/pl\/higiena-pl\/oswiadczenie-konsensus-higieniczny-2\/consensus-statement-of-a-panel-of-experts-2\/\",\"url\":\"https:\/\/europeantissue.com\/pl\/higiena-pl\/oswiadczenie-konsensus-higieniczny-2\/consensus-statement-of-a-panel-of-experts-2\/\",\"name\":\"Wsp\u00f3lne o\u015bwiadczenie zespo\u0142u ekspert\u00f3w - European Tissue Symposium\",\"isPartOf\":{\"@id\":\"https:\/\/europeantissue.com\/de\/#website\"},\"datePublished\":\"2015-09-20T07:04:18+00:00\",\"dateModified\":\"2022-12-24T14:07:33+00:00\",\"description\":\"Wsp\u00f3lne o\u015bwiadczenie \u00a0Udowodniono, \u017ce osuszanie d\u0142oni z u\u017cyciem r\u0119cznik\u00f3w jednorazowych zamiast suszarek elektrycznych sprzyja obni\u017ceniu liczby bakterii na d\u0142oniach i w toalecie\u00a0\",\"breadcrumb\":{\"@id\":\"https:\/\/europeantissue.com\/pl\/higiena-pl\/oswiadczenie-konsensus-higieniczny-2\/consensus-statement-of-a-panel-of-experts-2\/#breadcrumb\"},\"inLanguage\":\"pl-PL\",\"potentialAction\":[{\"@type\":\"ReadAction\",\"target\":[\"https:\/\/europeantissue.com\/pl\/higiena-pl\/oswiadczenie-konsensus-higieniczny-2\/consensus-statement-of-a-panel-of-experts-2\/\"]}]},{\"@type\":\"BreadcrumbList\",\"@id\":\"https:\/\/europeantissue.com\/pl\/higiena-pl\/oswiadczenie-konsensus-higieniczny-2\/consensus-statement-of-a-panel-of-experts-2\/#breadcrumb\",\"itemListElement\":[{\"@type\":\"ListItem\",\"position\":1,\"name\":\"Home\",\"item\":\"https:\/\/europeantissue.com\/pl\/\"},{\"@type\":\"ListItem\",\"position\":2,\"name\":\"Higiena (PL)\",\"item\":\"https:\/\/europeantissue.com\/pl\/higiena-pl\/\"},{\"@type\":\"ListItem\",\"position\":3,\"name\":\"Wsp\u00f3lne o\u015bwiadczenie zespo\u0142u ekspert\u00f3w na temat higienicznego osuszania d\u0142oni\",\"item\":\"https:\/\/europeantissue.com\/pl\/higiena-pl\/oswiadczenie-konsensus-higieniczny-2\/\"},{\"@type\":\"ListItem\",\"position\":4,\"name\":\"Wsp\u00f3lne o\u015bwiadczenie zespo\u0142u ekspert\u00f3w\"}]},{\"@type\":\"WebSite\",\"@id\":\"https:\/\/europeantissue.com\/de\/#website\",\"url\":\"https:\/\/europeantissue.com\/de\/\",\"name\":\"European Tissue Symposium\",\"description\":\"\",\"potentialAction\":[{\"@type\":\"SearchAction\",\"target\":{\"@type\":\"EntryPoint\",\"urlTemplate\":\"https:\/\/europeantissue.com\/de\/?s={search_term_string}\"},\"query-input\":{\"@type\":\"PropertyValueSpecification\",\"valueRequired\":true,\"valueName\":\"search_term_string\"}}],\"inLanguage\":\"pl-PL\"}]}<\/script>\n<!-- \/ Yoast SEO plugin. -->","yoast_head_json":{"title":"Wsp\u00f3lne o\u015bwiadczenie zespo\u0142u ekspert\u00f3w - European Tissue Symposium","description":"Wsp\u00f3lne o\u015bwiadczenie \u00a0Udowodniono, \u017ce osuszanie d\u0142oni z u\u017cyciem r\u0119cznik\u00f3w jednorazowych zamiast suszarek elektrycznych sprzyja obni\u017ceniu liczby bakterii na d\u0142oniach i w toalecie\u00a0","robots":{"index":"index","follow":"follow","max-snippet":"max-snippet:-1","max-image-preview":"max-image-preview:large","max-video-preview":"max-video-preview:-1"},"canonical":"https:\/\/europeantissue.com\/pl\/higiena-pl\/oswiadczenie-konsensus-higieniczny-2\/consensus-statement-of-a-panel-of-experts-2\/","og_locale":"pl_PL","og_type":"article","og_title":"Wsp\u00f3lne o\u015bwiadczenie zespo\u0142u ekspert\u00f3w - European Tissue Symposium","og_description":"Wsp\u00f3lne o\u015bwiadczenie \u00a0Udowodniono, \u017ce osuszanie d\u0142oni z u\u017cyciem r\u0119cznik\u00f3w jednorazowych zamiast suszarek elektrycznych sprzyja obni\u017ceniu liczby bakterii na d\u0142oniach i w toalecie\u00a0","og_url":"https:\/\/europeantissue.com\/pl\/higiena-pl\/oswiadczenie-konsensus-higieniczny-2\/consensus-statement-of-a-panel-of-experts-2\/","og_site_name":"European Tissue Symposium","article_modified_time":"2022-12-24T14:07:33+00:00","twitter_card":"summary_large_image","twitter_misc":{"Szacowany czas czytania":"4 minuty"},"schema":{"@context":"https:\/\/schema.org","@graph":[{"@type":"WebPage","@id":"https:\/\/europeantissue.com\/pl\/higiena-pl\/oswiadczenie-konsensus-higieniczny-2\/consensus-statement-of-a-panel-of-experts-2\/","url":"https:\/\/europeantissue.com\/pl\/higiena-pl\/oswiadczenie-konsensus-higieniczny-2\/consensus-statement-of-a-panel-of-experts-2\/","name":"Wsp\u00f3lne o\u015bwiadczenie zespo\u0142u ekspert\u00f3w - European Tissue Symposium","isPartOf":{"@id":"https:\/\/europeantissue.com\/de\/#website"},"datePublished":"2015-09-20T07:04:18+00:00","dateModified":"2022-12-24T14:07:33+00:00","description":"Wsp\u00f3lne o\u015bwiadczenie \u00a0Udowodniono, \u017ce osuszanie d\u0142oni z u\u017cyciem r\u0119cznik\u00f3w jednorazowych zamiast suszarek elektrycznych sprzyja obni\u017ceniu liczby bakterii na d\u0142oniach i w toalecie\u00a0","breadcrumb":{"@id":"https:\/\/europeantissue.com\/pl\/higiena-pl\/oswiadczenie-konsensus-higieniczny-2\/consensus-statement-of-a-panel-of-experts-2\/#breadcrumb"},"inLanguage":"pl-PL","potentialAction":[{"@type":"ReadAction","target":["https:\/\/europeantissue.com\/pl\/higiena-pl\/oswiadczenie-konsensus-higieniczny-2\/consensus-statement-of-a-panel-of-experts-2\/"]}]},{"@type":"BreadcrumbList","@id":"https:\/\/europeantissue.com\/pl\/higiena-pl\/oswiadczenie-konsensus-higieniczny-2\/consensus-statement-of-a-panel-of-experts-2\/#breadcrumb","itemListElement":[{"@type":"ListItem","position":1,"name":"Home","item":"https:\/\/europeantissue.com\/pl\/"},{"@type":"ListItem","position":2,"name":"Higiena (PL)","item":"https:\/\/europeantissue.com\/pl\/higiena-pl\/"},{"@type":"ListItem","position":3,"name":"Wsp\u00f3lne o\u015bwiadczenie zespo\u0142u ekspert\u00f3w na temat higienicznego osuszania d\u0142oni","item":"https:\/\/europeantissue.com\/pl\/higiena-pl\/oswiadczenie-konsensus-higieniczny-2\/"},{"@type":"ListItem","position":4,"name":"Wsp\u00f3lne o\u015bwiadczenie zespo\u0142u ekspert\u00f3w"}]},{"@type":"WebSite","@id":"https:\/\/europeantissue.com\/de\/#website","url":"https:\/\/europeantissue.com\/de\/","name":"European Tissue Symposium","description":"","potentialAction":[{"@type":"SearchAction","target":{"@type":"EntryPoint","urlTemplate":"https:\/\/europeantissue.com\/de\/?s={search_term_string}"},"query-input":{"@type":"PropertyValueSpecification","valueRequired":true,"valueName":"search_term_string"}}],"inLanguage":"pl-PL"}]}},"_links":{"self":[{"href":"https:\/\/europeantissue.com\/pl\/wp-json\/wp\/v2\/pages\/7691","targetHints":{"allow":["GET"]}}],"collection":[{"href":"https:\/\/europeantissue.com\/pl\/wp-json\/wp\/v2\/pages"}],"about":[{"href":"https:\/\/europeantissue.com\/pl\/wp-json\/wp\/v2\/types\/page"}],"author":[{"embeddable":true,"href":"https:\/\/europeantissue.com\/pl\/wp-json\/wp\/v2\/users\/2"}],"replies":[{"embeddable":true,"href":"https:\/\/europeantissue.com\/pl\/wp-json\/wp\/v2\/comments?post=7691"}],"version-history":[{"count":0,"href":"https:\/\/europeantissue.com\/pl\/wp-json\/wp\/v2\/pages\/7691\/revisions"}],"up":[{"embeddable":true,"href":"https:\/\/europeantissue.com\/pl\/wp-json\/wp\/v2\/pages\/7685"}],"wp:attachment":[{"href":"https:\/\/europeantissue.com\/pl\/wp-json\/wp\/v2\/media?parent=7691"}],"curies":[{"name":"wp","href":"https:\/\/api.w.org\/{rel}","templated":true}]}}