 {"id":7633,"date":"2015-09-19T07:10:23","date_gmt":"2015-09-19T07:10:23","guid":{"rendered":"http:\/\/europeantissue.com\/?page_id=7633"},"modified":"2018-07-20T10:26:08","modified_gmt":"2018-07-20T10:26:08","slug":"suszenie-rak-w-obszarze-przygotowywania-posilkow-pl","status":"publish","type":"page","link":"https:\/\/europeantissue.com\/pl\/suszenie-rak-w-obszarze-przygotowywania-posilkow-pl\/","title":{"rendered":"Suszenie r\u0105k w obszarze przygotowywania posi\u0142k\u00f3w (PL)"},"content":{"rendered":"<h2>Wytyczne przedstawione przez \u015awiatow\u0105 Uni\u0119 Rynk\u00f3w Hurtowych dla Sektora Spo\u017cywczego (World Union of Wholesale Markets \u2013 WUWM) dotycz\u0105ce mycia i suszenia r\u0105k.<\/h2>\n<p class=\"p1\">\u015awiatowa Unia Rynk\u00f3w Hurtowych dla Sektora Spo\u017cywczego (World Union of Wholesale Markets \u2013 WUWM) jest stowarzyszeniem non profit dzia\u0142aj\u0105cym we wszystkich sektorach i rodzajach dzia\u0142alno\u015bci dotycz\u0105cej promowania rozwoju i mi\u0119dzynarodowej wymiany do\u015bwiadcze\u0144 oraz informacji o rynkach hurtowych sektora spo\u017cywczego.<\/p>\n<p class=\"p1\">WUWM liczy obecnie 200 cz\u0142onk\u00f3w dzia\u0142aj\u0105cych w 45 krajach \u015bwiata.<\/p>\n<p class=\"p1\">\u015awiatowa Unia Rynk\u00f3w Hurtowych dla Sektora Spo\u017cywczego (WUWM) opracowa\u0142a \u201eWytyczne Wsp\u00f3lnoty Europejskiej w sprawie prawid\u0142owych procedur higienicznych dla rynk\u00f3w hurtowych (European Community Guide to Good Hygienic Practices Specific to Wholesale Market Management)\u201d.<\/p>\n<p>Wytyczne te dotycz\u0105 r\u00f3\u017cnorodnych zagadnie\u0144 obejmuj\u0105cych:<\/p>\n<p><a href=\"http:\/\/europeantissue.com\/wp-content\/uploads\/2010\/12\/WUWM-hand-washing.jpg\"><img decoding=\"async\" class=\"alignright wp-image-8739 size-medium\" src=\"http:\/\/europeantissue.com\/wp-content\/uploads\/2010\/12\/WUWM-hand-washing-300x200.jpg\" alt=\"Suszenie r\u0105k w obszarze przygotowywania posi\u0142k\u00f3w\" width=\"300\" height=\"200\" srcset=\"https:\/\/europeantissue.com\/wp-content\/uploads\/2010\/12\/WUWM-hand-washing-300x200.jpg 300w, https:\/\/europeantissue.com\/wp-content\/uploads\/2010\/12\/WUWM-hand-washing-1024x681.jpg 1024w, https:\/\/europeantissue.com\/wp-content\/uploads\/2010\/12\/WUWM-hand-washing.jpg 2400w\" sizes=\"(max-width: 300px) 100vw, 300px\" \/><\/a><\/p>\n<ul>\n<li>Bezpieczne\u00a0przygotowywanie \u017cywno\u015bci<\/li>\n<li>Bezpiecze\u0144stwo\u00a0us\u0142ug \u017cywieniowych<\/li>\n<li>Wyposa\u017cenie\u00a0dla zapewnienia bezpiecze\u0144stwa produkowanej \u017cywno\u015bci<\/li>\n<li>Zapewnienie\u00a0higieny podczas przygotowywania posi\u0142k\u00f3w<\/li>\n<li>\u015arodki\u00a0higieniczne dotycz\u0105ce \u017cywno\u015bci i higieny osobistej<\/li>\n<\/ul>\n<p class=\"p1\">Jednym z rozdzia\u0142\u00f3w Wytycznych jest:<\/p>\n<p class=\"p1\">\u201e<strong>Higiena osobista<\/strong>: obejmuj\u0105ca toalety, umywalki do mycia r\u0105k, prysznice, urz\u0105dzenia \u0142azienkowe i inne urz\u0105dzenia dost\u0119pne dla og\u00f3\u0142u ludno\u015bci\u201d<\/p>\n<p><span style=\"background-color: #ffff00\">Wytyczne dostarczaj\u0105 <strong>nast\u0119puj\u0105cych wskaz\u00f3wek dotycz\u0105cych mycia i suszenia r\u0105k<\/strong>:<\/span><\/p>\n<p class=\"p1\">\u201ePowinna by\u0107 udost\u0119pniona odpowiednia liczba umywalek w\u0142a\u015bciwie rozmieszczonych i s\u0142u\u017c\u0105cych wy\u0142\u0105cznie do mycia r\u0105k. Umywalki do mycia r\u0105k powinny by\u0107 wyposa\u017cone w ciep\u0142\u0105 i zimn\u0105 wod\u0119, materia\u0142y do mycia i higienicznego suszenia r\u0105k. Wsz\u0119dzie, gdzie jest to niezb\u0119dne, urz\u0105dzenia do mycia produkt\u00f3w powinny by\u0107 odseparowane od urz\u0105dze\u0144 przeznaczonych do mycia r\u0105k.<\/p>\n<p class=\"p1\">* * * * * * * * * * * * * * * * * * *<\/p>\n<h2 class=\"p1\">Suszenie r\u0105k w obszarze przygotowywania posi\u0142k\u00f3w<\/h2>\n<p class=\"p1\">Osoby zatrudnione w sektorze przetw\u00f3rstwa spo\u017cywczego s\u0105 zasadniczo odpowiedzialne za takie aspekty jak:<\/p>\n<p class=\"p1\">&#8211; typ u\u017cywanego myd\u0142a (w miar\u0119 mo\u017cliwo\u015bci powinno to by\u0107 myd\u0142o bakteriob\u00f3jcze i niearomatyzowane, w szczeg\u00f3lno\u015bci w lokalach przeznaczonych do przygotowywania posi\u0142k\u00f3w);<br \/> \u2013 Kosze na zu\u017cyte r\u0119czniki (najlepiej otwierane peda\u0142em no\u017cnym, przeznaczone do gromadzenia wykorzystanych papierowych r\u0119cznik\u00f3w jednorazowego u\u017cytku);<br \/> &#8211;\u00a0<span style=\"color: #0000ff\"><span style=\"background-color: #ffff00\"><strong>W obszarach przeznaczonych do przygotowywania posi\u0142k\u00f3w nie powinno si\u0119 u\u017cywa\u0107 suszarek do r\u0105k ani r\u0119cznik\u00f3w z tkaniny na rolce <\/strong>(w takim przypadku wyst\u0119puje ryzyko rozprzestrzeniania organizm\u00f3w chorobotw\u00f3rczych, spowodowanego ruchem powietrza z suszarek),\u00a0<strong>zaleca si\u0119 korzystanie z r\u0119cznik\u00f3w papierowych.<\/strong><\/span><\/span><\/p>\n<p class=\"p1\"><span style=\"color: #0000ff\"><span style=\"background-color: #ffff00\"><strong>rooms as their installation may induce contamination <\/strong><\/span><\/span>(risk of <span style=\"text-decoration: underline\">germ dissemination through air movements for air dryers<\/span> for instance),<strong> <span style=\"color: #0000ff\"><span style=\"background-color: #ffff00\">paper towels are recommended.&#8221;<\/span><\/span><\/strong><\/p>\n<p class=\"p1\">Poni\u017cej zamieszczo link do pe\u0142nej wersji dokumentu (w j\u0119zyku angielskim).\u00a0Cz\u0119\u015b\u0107 dotycz\u0105ca suszenia r\u0105k znajduje si\u0119 na stronie 27 dokumentu (lub na stronach 32\/77 pliku pdf):<\/p>\n<p><a href=\"http:\/\/europeantissue.com\/wp-content\/uploads\/HACCP-and-hygiene.wholesale-market.WUWM-Nov-2009.pdf\">Community Guide to Good Hygienic Practices Specific to Wholesale Market Management in the European Union<\/a><\/p>\n<h3 class=\"p1\">Wskaz\u00f3wki dotycz\u0105ce mycia i suszenia r\u0105k zamieszczone w dokumencie: \u201eWytyczne dotycz\u0105ce HACCP, GMP i GHP dla ma\u0142ych i \u015brednich przedsi\u0119biorstw ASEAN zajmuj\u0105cych si\u0119 przetw\u00f3rstwem \u017cywno\u015bci\u201d.<\/h3>\n<p class=\"p1\">Wytyczne te zosta\u0142y opracowane w ramach programu cz\u0105stkowego \u201ePrzetw\u00f3rstwo \u017cywno\u015bci\u201d EC-ASEAN (Economic Cooperation Programme on Standards, Quality and Conformity\u00a0Assessment, 2003-2005). Program ten zosta\u0142\u00a0sfinansowany przez Komisj\u0119 Europejsk\u0105 i zrealizowany przez Europejski Komitet do Spraw Normalizacji (CEN)<\/p>\n<p class=\"p1\">Wytyczne te proponuj\u0105 innowacyjne podej\u015bcie do zagadnienia higieny \u017cywno\u015bci i do\u00a0HACCP\u00a0dla ma\u0142ych i \u015brednich przedsi\u0119biorstw nale\u017c\u0105cych do sektora przetw\u00f3rstwa \u017cywno\u015bci. Nosz\u0105 one tytu\u0142 \u201eComprehensive Hygiene Management\u201d (Kompleksowe zarz\u0105dzanie higien\u0105).<br \/> Metoda ta zosta\u0142a opracowana przez dr. Richarda Bonne, francuskiego lekarza weterynarii, inspektora i nauczyciela z ponad dwudziestoletnim do\u015bwiadczeniem zawodowym w dziedzinie inspekcji przedsi\u0119biorstw przygotowuj\u0105cych posi\u0142ki, pracuj\u0105cego w Europie, Azji i krajach \u015br\u00f3dziemnomorskich.<\/p>\n<p class=\"p1\">Zawiera ona nast\u0119puj\u0105c\u0105 wskaz\u00f3wk\u0119:<br \/> <span style=\"background-color: #ffff00\"><span style=\"font-weight: bold;color: #0000ff\">&#8222;Do suszenia r\u0105k nale\u017cy stosowa\u0107 produkty jednorazowego u\u017cytku (typu u\u017cyj i wyrzu\u0107: r\u0119czniki papierowe stanowi\u0105 praktycznie jedyne skuteczne rozwi\u0105zanie)&#8221;<\/span><\/span><\/p>\n<p class=\"p1\">Poni\u017cej zamieszczono link do pe\u0142nej wersji dokumentu. Instrukcje dotycz\u0105ce suszenia r\u0105k znajduj\u0105 si\u0119 na stronie 24\u00a0(lub na stronach 32\/98 w pliku pdf).\u00a0Suszenie r\u0105k w obszarze przygotowywania posi\u0142k\u00f3w .<br \/> <a href=\"http:\/\/europeantissue.com\/wp-content\/uploads\/sites\/2\/mdocsftp\/uploads\/haccp.pdf\">Guidelines on HACCP, GMP and GHP for ASEAN Food SMEs<\/a><\/p>\n","protected":false},"excerpt":{"rendered":"<p>Wytyczne przedstawione przez \u015awiatow\u0105 Uni\u0119 Rynk\u00f3w Hurtowych dla Sektora Spo\u017cywczego (World Union of Wholesale Markets \u2013 WUWM) dotycz\u0105ce mycia i suszenia r\u0105k. \u015awiatowa Unia Rynk\u00f3w Hurtowych dla Sektora Spo\u017cywczego (World Union of Wholesale Markets \u2013 WUWM) jest stowarzyszeniem non profit dzia\u0142aj\u0105cym we wszystkich sektorach i rodzajach dzia\u0142alno\u015bci dotycz\u0105cej promowania rozwoju i mi\u0119dzynarodowej wymiany do\u015bwiadcze\u0144 oraz  [&#8230;]<\/p>\n","protected":false},"author":2,"featured_media":0,"parent":0,"menu_order":4,"comment_status":"open","ping_status":"closed","template":"","meta":{"_monsterinsights_skip_tracking":false,"_monsterinsights_sitenote_active":false,"_monsterinsights_sitenote_note":"","_monsterinsights_sitenote_category":0,"ngg_post_thumbnail":0,"footnotes":""},"class_list":["post-7633","page","type-page","status-publish","hentry"],"yoast_head":"<!-- This site is optimized with the Yoast SEO plugin v26.3 - https:\/\/yoast.com\/wordpress\/plugins\/seo\/ -->\n<title>Suszenie r\u0105k w obszarze przygotowywania posi\u0142k\u00f3w (PL) - European Tissue Symposium<\/title>\n<meta name=\"description\" content=\"przygotowywania posi\u0142k\u00f3w \u00a0Wytyczne przedstawione przez \u015awiatow\u0105 Uni\u0119 Rynk\u00f3w Hurtowych dla Sektora Spo\u017cywczego dotycz\u0105ce mycia i suszenia r\u0105k.\" \/>\n<meta name=\"robots\" content=\"index, follow, max-snippet:-1, max-image-preview:large, max-video-preview:-1\" \/>\n<link rel=\"canonical\" href=\"https:\/\/europeantissue.com\/pl\/suszenie-rak-w-obszarze-przygotowywania-posilkow-pl\/\" \/>\n<meta property=\"og:locale\" content=\"pl_PL\" \/>\n<meta property=\"og:type\" content=\"article\" \/>\n<meta property=\"og:title\" content=\"Suszenie r\u0105k w obszarze przygotowywania posi\u0142k\u00f3w (PL) - European Tissue Symposium\" \/>\n<meta property=\"og:description\" content=\"przygotowywania posi\u0142k\u00f3w \u00a0Wytyczne przedstawione przez \u015awiatow\u0105 Uni\u0119 Rynk\u00f3w Hurtowych dla Sektora Spo\u017cywczego dotycz\u0105ce mycia i suszenia r\u0105k.\" \/>\n<meta property=\"og:url\" content=\"https:\/\/europeantissue.com\/pl\/suszenie-rak-w-obszarze-przygotowywania-posilkow-pl\/\" \/>\n<meta property=\"og:site_name\" content=\"European Tissue Symposium\" \/>\n<meta property=\"article:modified_time\" content=\"2018-07-20T10:26:08+00:00\" \/>\n<meta property=\"og:image\" content=\"http:\/\/europeantissue.com\/wp-content\/uploads\/2010\/12\/WUWM-hand-washing-300x200.jpg\" \/>\n<meta name=\"twitter:card\" content=\"summary_large_image\" \/>\n<meta name=\"twitter:label1\" content=\"Szacowany czas czytania\" \/>\n\t<meta name=\"twitter:data1\" content=\"3 minuty\" \/>\n<script type=\"application\/ld+json\" class=\"yoast-schema-graph\">{\"@context\":\"https:\/\/schema.org\",\"@graph\":[{\"@type\":\"WebPage\",\"@id\":\"https:\/\/europeantissue.com\/pl\/suszenie-rak-w-obszarze-przygotowywania-posilkow-pl\/\",\"url\":\"https:\/\/europeantissue.com\/pl\/suszenie-rak-w-obszarze-przygotowywania-posilkow-pl\/\",\"name\":\"Suszenie r\u0105k w obszarze przygotowywania posi\u0142k\u00f3w (PL) - European Tissue Symposium\",\"isPartOf\":{\"@id\":\"https:\/\/europeantissue.com\/de\/#website\"},\"primaryImageOfPage\":{\"@id\":\"https:\/\/europeantissue.com\/pl\/suszenie-rak-w-obszarze-przygotowywania-posilkow-pl\/#primaryimage\"},\"image\":{\"@id\":\"https:\/\/europeantissue.com\/pl\/suszenie-rak-w-obszarze-przygotowywania-posilkow-pl\/#primaryimage\"},\"thumbnailUrl\":\"http:\/\/europeantissue.com\/wp-content\/uploads\/2010\/12\/WUWM-hand-washing-300x200.jpg\",\"datePublished\":\"2015-09-19T07:10:23+00:00\",\"dateModified\":\"2018-07-20T10:26:08+00:00\",\"description\":\"przygotowywania posi\u0142k\u00f3w \u00a0Wytyczne przedstawione przez \u015awiatow\u0105 Uni\u0119 Rynk\u00f3w Hurtowych dla Sektora Spo\u017cywczego dotycz\u0105ce mycia i suszenia r\u0105k.\",\"breadcrumb\":{\"@id\":\"https:\/\/europeantissue.com\/pl\/suszenie-rak-w-obszarze-przygotowywania-posilkow-pl\/#breadcrumb\"},\"inLanguage\":\"pl-PL\",\"potentialAction\":[{\"@type\":\"ReadAction\",\"target\":[\"https:\/\/europeantissue.com\/pl\/suszenie-rak-w-obszarze-przygotowywania-posilkow-pl\/\"]}]},{\"@type\":\"ImageObject\",\"inLanguage\":\"pl-PL\",\"@id\":\"https:\/\/europeantissue.com\/pl\/suszenie-rak-w-obszarze-przygotowywania-posilkow-pl\/#primaryimage\",\"url\":\"http:\/\/europeantissue.com\/wp-content\/uploads\/2010\/12\/WUWM-hand-washing-300x200.jpg\",\"contentUrl\":\"http:\/\/europeantissue.com\/wp-content\/uploads\/2010\/12\/WUWM-hand-washing-300x200.jpg\"},{\"@type\":\"BreadcrumbList\",\"@id\":\"https:\/\/europeantissue.com\/pl\/suszenie-rak-w-obszarze-przygotowywania-posilkow-pl\/#breadcrumb\",\"itemListElement\":[{\"@type\":\"ListItem\",\"position\":1,\"name\":\"Home\",\"item\":\"https:\/\/europeantissue.com\/pl\/\"},{\"@type\":\"ListItem\",\"position\":2,\"name\":\"Suszenie r\u0105k w obszarze przygotowywania posi\u0142k\u00f3w (PL)\"}]},{\"@type\":\"WebSite\",\"@id\":\"https:\/\/europeantissue.com\/de\/#website\",\"url\":\"https:\/\/europeantissue.com\/de\/\",\"name\":\"European Tissue Symposium\",\"description\":\"\",\"potentialAction\":[{\"@type\":\"SearchAction\",\"target\":{\"@type\":\"EntryPoint\",\"urlTemplate\":\"https:\/\/europeantissue.com\/de\/?s={search_term_string}\"},\"query-input\":{\"@type\":\"PropertyValueSpecification\",\"valueRequired\":true,\"valueName\":\"search_term_string\"}}],\"inLanguage\":\"pl-PL\"}]}<\/script>\n<!-- \/ Yoast SEO plugin. -->","yoast_head_json":{"title":"Suszenie r\u0105k w obszarze przygotowywania posi\u0142k\u00f3w (PL) - European Tissue Symposium","description":"przygotowywania posi\u0142k\u00f3w \u00a0Wytyczne przedstawione przez \u015awiatow\u0105 Uni\u0119 Rynk\u00f3w Hurtowych dla Sektora Spo\u017cywczego dotycz\u0105ce mycia i suszenia r\u0105k.","robots":{"index":"index","follow":"follow","max-snippet":"max-snippet:-1","max-image-preview":"max-image-preview:large","max-video-preview":"max-video-preview:-1"},"canonical":"https:\/\/europeantissue.com\/pl\/suszenie-rak-w-obszarze-przygotowywania-posilkow-pl\/","og_locale":"pl_PL","og_type":"article","og_title":"Suszenie r\u0105k w obszarze przygotowywania posi\u0142k\u00f3w (PL) - European Tissue Symposium","og_description":"przygotowywania posi\u0142k\u00f3w \u00a0Wytyczne przedstawione przez \u015awiatow\u0105 Uni\u0119 Rynk\u00f3w Hurtowych dla Sektora Spo\u017cywczego dotycz\u0105ce mycia i suszenia r\u0105k.","og_url":"https:\/\/europeantissue.com\/pl\/suszenie-rak-w-obszarze-przygotowywania-posilkow-pl\/","og_site_name":"European Tissue Symposium","article_modified_time":"2018-07-20T10:26:08+00:00","og_image":[{"url":"http:\/\/europeantissue.com\/wp-content\/uploads\/2010\/12\/WUWM-hand-washing-300x200.jpg","type":"","width":"","height":""}],"twitter_card":"summary_large_image","twitter_misc":{"Szacowany czas czytania":"3 minuty"},"schema":{"@context":"https:\/\/schema.org","@graph":[{"@type":"WebPage","@id":"https:\/\/europeantissue.com\/pl\/suszenie-rak-w-obszarze-przygotowywania-posilkow-pl\/","url":"https:\/\/europeantissue.com\/pl\/suszenie-rak-w-obszarze-przygotowywania-posilkow-pl\/","name":"Suszenie r\u0105k w obszarze przygotowywania posi\u0142k\u00f3w (PL) - European Tissue Symposium","isPartOf":{"@id":"https:\/\/europeantissue.com\/de\/#website"},"primaryImageOfPage":{"@id":"https:\/\/europeantissue.com\/pl\/suszenie-rak-w-obszarze-przygotowywania-posilkow-pl\/#primaryimage"},"image":{"@id":"https:\/\/europeantissue.com\/pl\/suszenie-rak-w-obszarze-przygotowywania-posilkow-pl\/#primaryimage"},"thumbnailUrl":"http:\/\/europeantissue.com\/wp-content\/uploads\/2010\/12\/WUWM-hand-washing-300x200.jpg","datePublished":"2015-09-19T07:10:23+00:00","dateModified":"2018-07-20T10:26:08+00:00","description":"przygotowywania posi\u0142k\u00f3w \u00a0Wytyczne przedstawione przez \u015awiatow\u0105 Uni\u0119 Rynk\u00f3w Hurtowych dla Sektora Spo\u017cywczego dotycz\u0105ce mycia i suszenia r\u0105k.","breadcrumb":{"@id":"https:\/\/europeantissue.com\/pl\/suszenie-rak-w-obszarze-przygotowywania-posilkow-pl\/#breadcrumb"},"inLanguage":"pl-PL","potentialAction":[{"@type":"ReadAction","target":["https:\/\/europeantissue.com\/pl\/suszenie-rak-w-obszarze-przygotowywania-posilkow-pl\/"]}]},{"@type":"ImageObject","inLanguage":"pl-PL","@id":"https:\/\/europeantissue.com\/pl\/suszenie-rak-w-obszarze-przygotowywania-posilkow-pl\/#primaryimage","url":"http:\/\/europeantissue.com\/wp-content\/uploads\/2010\/12\/WUWM-hand-washing-300x200.jpg","contentUrl":"http:\/\/europeantissue.com\/wp-content\/uploads\/2010\/12\/WUWM-hand-washing-300x200.jpg"},{"@type":"BreadcrumbList","@id":"https:\/\/europeantissue.com\/pl\/suszenie-rak-w-obszarze-przygotowywania-posilkow-pl\/#breadcrumb","itemListElement":[{"@type":"ListItem","position":1,"name":"Home","item":"https:\/\/europeantissue.com\/pl\/"},{"@type":"ListItem","position":2,"name":"Suszenie r\u0105k w obszarze przygotowywania posi\u0142k\u00f3w (PL)"}]},{"@type":"WebSite","@id":"https:\/\/europeantissue.com\/de\/#website","url":"https:\/\/europeantissue.com\/de\/","name":"European Tissue Symposium","description":"","potentialAction":[{"@type":"SearchAction","target":{"@type":"EntryPoint","urlTemplate":"https:\/\/europeantissue.com\/de\/?s={search_term_string}"},"query-input":{"@type":"PropertyValueSpecification","valueRequired":true,"valueName":"search_term_string"}}],"inLanguage":"pl-PL"}]}},"_links":{"self":[{"href":"https:\/\/europeantissue.com\/pl\/wp-json\/wp\/v2\/pages\/7633","targetHints":{"allow":["GET"]}}],"collection":[{"href":"https:\/\/europeantissue.com\/pl\/wp-json\/wp\/v2\/pages"}],"about":[{"href":"https:\/\/europeantissue.com\/pl\/wp-json\/wp\/v2\/types\/page"}],"author":[{"embeddable":true,"href":"https:\/\/europeantissue.com\/pl\/wp-json\/wp\/v2\/users\/2"}],"replies":[{"embeddable":true,"href":"https:\/\/europeantissue.com\/pl\/wp-json\/wp\/v2\/comments?post=7633"}],"version-history":[{"count":0,"href":"https:\/\/europeantissue.com\/pl\/wp-json\/wp\/v2\/pages\/7633\/revisions"}],"wp:attachment":[{"href":"https:\/\/europeantissue.com\/pl\/wp-json\/wp\/v2\/media?parent=7633"}],"curies":[{"name":"wp","href":"https:\/\/api.w.org\/{rel}","templated":true}]}}