 {"id":7617,"date":"2015-09-14T18:36:59","date_gmt":"2015-09-14T18:36:59","guid":{"rendered":"http:\/\/europeantissue.com\/?page_id=7617"},"modified":"2020-02-19T09:01:02","modified_gmt":"2020-02-19T09:01:02","slug":"jak-myc-i-suszyc-rece-wytyczne-cdc","status":"publish","type":"page","link":"https:\/\/europeantissue.com\/pl\/jak-myc-i-suszyc-rece-wytyczne-cdc\/","title":{"rendered":"Jak my\u0107 i suszy\u0107 r\u0119ce &#8211; Wytyczne CDC"},"content":{"rendered":"<p><div class=\"fusion-fullwidth fullwidth-box fusion-builder-row-1 hundred-percent-fullwidth non-hundred-percent-height-scrolling\" style=\"--awb-border-radius-top-left:0px;--awb-border-radius-top-right:0px;--awb-border-radius-bottom-right:0px;--awb-border-radius-bottom-left:0px;--awb-overflow:visible;--awb-flex-wrap:wrap;\" ><div class=\"fusion-builder-row fusion-row\"><div class=\"fusion-layout-column fusion_builder_column fusion-builder-column-0 fusion_builder_column_1_1 1_1 fusion-one-full fusion-column-first fusion-column-last fusion-column-no-min-height\" style=\"--awb-bg-size:cover;--awb-margin-bottom:0px;\"><div class=\"fusion-column-wrapper fusion-flex-column-wrapper-legacy\"><div class=\"fusion-text fusion-text-1\"><\/div><div class=\"fusion-text fusion-text-2\"><\/div><div class=\"fusion-text fusion-text-3\"><\/div><div class=\"fusion-clearfix\"><\/div><\/div><\/div><div class=\"fusion-layout-column fusion_builder_column fusion-builder-column-1 fusion_builder_column_3_5 3_5 fusion-three-fifth fusion-column-first\" style=\"--awb-bg-size:cover;width:58.4%; margin-right: 4%;\"><div class=\"fusion-column-wrapper fusion-flex-column-wrapper-legacy\"><div class=\"fusion-text fusion-text-4\"><p class=\"p1\">Ameryka\u0144skie Centrum Rz\u0105dowe Kontroli i Zapobiegania Chorobom (<strong>Center for Disease Control<\/strong> and Prevention \u2013 CDC \u2013 <strong>USA<\/strong>) publikuje na stronie w j\u0119zyku angielskim &#8222;<a href=\"http:\/\/www.cdc.gov\/handhygiene\/Basics.html\">Urz\u0105dzenia dla zapewnienia higieny i zdrowia w systemie opieki zdrowotnej\u201d (Health Hygiene in Healthcare Settings)<\/a>&nbsp;&nbsp;szczeg\u00f3\u0142owe instrukcje, kt\u00f3re pozwol\u0105 zapewni\u0107 mo\u017clwie jak najwy\u017cszy poziom higieny r\u0105k.<\/p>\n<p class=\"p1\">Instrukcje zawieraj\u0105 r\u00f3wnie\u017c&nbsp;<a href=\"https:\/\/europeantissue.com\/pl\/jak-myc-i-suszyc-rece-zalecenia-swiatowej-organizacji-zdrowia-who\/?lang=pl\">Plakat \u015awiatowej Organizacji Zdrowia (World Health Organization \u2013 WHO): \u201eJak my\u0107 r\u0119ce\u201d<\/a><\/p>\n<\/div><div class=\"fusion-clearfix\"><\/div><\/div><\/div><div class=\"fusion-layout-column fusion_builder_column fusion-builder-column-2 fusion_builder_column_2_5 2_5 fusion-two-fifth fusion-column-last\" style=\"--awb-bg-size:cover;width:37.6%;\"><div class=\"fusion-column-wrapper fusion-flex-column-wrapper-legacy\"><div class=\"fusion-image-element in-legacy-container\" style=\"--awb-caption-title-font-family:var(--h2_typography-font-family);--awb-caption-title-font-weight:var(--h2_typography-font-weight);--awb-caption-title-font-style:var(--h2_typography-font-style);--awb-caption-title-size:var(--h2_typography-font-size);--awb-caption-title-transform:var(--h2_typography-text-transform);--awb-caption-title-line-height:var(--h2_typography-line-height);--awb-caption-title-letter-spacing:var(--h2_typography-letter-spacing);\"><span class=\" fusion-imageframe imageframe-none imageframe-1 hover-type-none\"><img decoding=\"async\" alt=\"Jak my\u0107 i suszy\u0107 r\u0119ce  CDC\" src=\"http:\/\/europeantissue.com\/wp-content\/uploads\/2010\/05\/Snap11-b-300x240.jpg\" class=\"img-responsive\"\/><\/span><\/div><div class=\"fusion-clearfix\"><\/div><\/div><\/div><\/div><\/div><div class=\"fusion-fullwidth fullwidth-box fusion-builder-row-2 nonhundred-percent-fullwidth non-hundred-percent-height-scrolling\" style=\"--awb-background-position:left top;--awb-border-radius-top-left:0px;--awb-border-radius-top-right:0px;--awb-border-radius-bottom-right:0px;--awb-border-radius-bottom-left:0px;--awb-padding-top:20px;--awb-padding-right:0px;--awb-padding-bottom:20px;--awb-padding-left:0px;--awb-border-sizes-top:0px;--awb-border-sizes-bottom:0px;--awb-flex-wrap:wrap;\" ><div class=\"fusion-builder-row fusion-row\"><div class=\"fusion-layout-column fusion_builder_column fusion-builder-column-3 fusion_builder_column_1_1 1_1 fusion-one-full fusion-column-first fusion-column-last fusion-column-no-min-height\" style=\"--awb-bg-size:cover;--awb-margin-bottom:0px;\"><div class=\"fusion-column-wrapper fusion-flex-column-wrapper-legacy\"><div class=\"fusion-text fusion-text-5\"><h2>Jak my\u0107 i suszy\u0107 r\u0119ce<\/h2>\n<h3><span style=\"color: #266496;\">Usilnie zaleca si\u0119 korzystanie z r\u0119cznik\u00f3w jednorazowego u\u017cytku (produkt\u00f3w przemys\u0142u papierniczego).<\/span><\/h3>\n<p class=\"p1\">Przedstawiony zosta\u0142 tak\u017ce interesuj\u0105cy film ilustruj\u0105cy znaczenie dok\u0142adnego mycia i wycierania r\u0105k dla ograniczenia rozprzestrzeniania si\u0119 organizm\u00f3w chorobotw\u00f3rczych.<\/p>\n<p class=\"p1\">Aby obejrze\u0107 film, kliknij poni\u017cej:<\/p>\n<p>Film o CDC (w wersji angielskiej)<\/p>\n<\/div><div class=\"fusion-text fusion-text-6\"><div style=\"width: 640px;\" class=\"wp-video\"><video class=\"wp-video-shortcode\" id=\"video-7617-1\" width=\"640\" height=\"360\" preload=\"metadata\" controls=\"controls\"><source type=\"video\/mp4\" src=\"https:\/\/europeantissue.com\/wp-content\/uploads\/2016\/01\/Hand-Hygiene-Saves-Lives.mp4.mp4?_=1\" \/><a href=\"https:\/\/europeantissue.com\/wp-content\/uploads\/2016\/01\/Hand-Hygiene-Saves-Lives.mp4.mp4\">https:\/\/europeantissue.com\/wp-content\/uploads\/2016\/01\/Hand-Hygiene-Saves-Lives.mp4.mp4<\/a><\/video><\/div>\n<p>&nbsp;<\/p>\n<\/div><div class=\"fusion-clearfix\"><\/div><\/div><\/div><\/div><\/div><div class=\"fusion-fullwidth fullwidth-box fusion-builder-row-3 hundred-percent-fullwidth non-hundred-percent-height-scrolling\" style=\"--awb-border-radius-top-left:0px;--awb-border-radius-top-right:0px;--awb-border-radius-bottom-right:0px;--awb-border-radius-bottom-left:0px;--awb-overflow:visible;--awb-flex-wrap:wrap;\" ><div class=\"fusion-builder-row fusion-row\"><div class=\"fusion-layout-column fusion_builder_column fusion-builder-column-4 fusion_builder_column_1_1 1_1 fusion-one-full fusion-column-first fusion-column-last fusion-column-no-min-height\" style=\"--awb-bg-size:cover;--awb-margin-bottom:0px;\"><div class=\"fusion-column-wrapper fusion-flex-column-wrapper-legacy\"><div class=\"fusion-text fusion-text-7\"><\/div><div class=\"fusion-text fusion-text-8\"><\/div><div class=\"fusion-clearfix\"><\/div><\/div><\/div><\/div><\/div><\/p>\n","protected":false},"excerpt":{"rendered":"","protected":false},"author":2,"featured_media":0,"parent":0,"menu_order":3,"comment_status":"open","ping_status":"closed","template":"","meta":{"_monsterinsights_skip_tracking":false,"_monsterinsights_sitenote_active":false,"_monsterinsights_sitenote_note":"","_monsterinsights_sitenote_category":0,"ngg_post_thumbnail":0,"footnotes":""},"class_list":["post-7617","page","type-page","status-publish","hentry"],"yoast_head":"<!-- This site is optimized with the Yoast SEO plugin v26.3 - https:\/\/yoast.com\/wordpress\/plugins\/seo\/ -->\n<title>Jak my\u0107 i suszy\u0107 r\u0119ce - Wytyczne CDC - European Tissue Symposium<\/title>\n<meta name=\"description\" content=\"Jak my\u0107 i suszy\u0107 r\u0119ce\u00a0Usilnie zaleca si\u0119 korzystanie z r\u0119cznik\u00f3w jednorazowego u\u017cytku (produkt\u00f3w przemys\u0142u papierniczego).\" \/>\n<meta name=\"robots\" content=\"index, follow, max-snippet:-1, max-image-preview:large, max-video-preview:-1\" \/>\n<link rel=\"canonical\" href=\"https:\/\/europeantissue.com\/pl\/jak-myc-i-suszyc-rece-wytyczne-cdc\/\" \/>\n<meta property=\"og:locale\" content=\"pl_PL\" \/>\n<meta property=\"og:type\" content=\"article\" \/>\n<meta property=\"og:title\" content=\"Jak my\u0107 i suszy\u0107 r\u0119ce - Wytyczne CDC - European Tissue Symposium\" \/>\n<meta property=\"og:description\" content=\"Jak my\u0107 i suszy\u0107 r\u0119ce\u00a0Usilnie zaleca si\u0119 korzystanie z r\u0119cznik\u00f3w jednorazowego u\u017cytku (produkt\u00f3w przemys\u0142u papierniczego).\" \/>\n<meta property=\"og:url\" content=\"https:\/\/europeantissue.com\/pl\/jak-myc-i-suszyc-rece-wytyczne-cdc\/\" \/>\n<meta property=\"og:site_name\" content=\"European Tissue Symposium\" \/>\n<meta property=\"article:modified_time\" content=\"2020-02-19T09:01:02+00:00\" \/>\n<meta property=\"og:image\" content=\"http:\/\/europeantissue.com\/wp-content\/uploads\/2010\/05\/Snap11-b-300x240.jpg\" \/>\n<meta name=\"twitter:card\" content=\"summary_large_image\" \/>\n<meta name=\"twitter:label1\" content=\"Szacowany czas czytania\" \/>\n\t<meta name=\"twitter:data1\" content=\"4 minuty\" \/>\n<script type=\"application\/ld+json\" class=\"yoast-schema-graph\">{\"@context\":\"https:\/\/schema.org\",\"@graph\":[{\"@type\":\"WebPage\",\"@id\":\"https:\/\/europeantissue.com\/pl\/jak-myc-i-suszyc-rece-wytyczne-cdc\/\",\"url\":\"https:\/\/europeantissue.com\/pl\/jak-myc-i-suszyc-rece-wytyczne-cdc\/\",\"name\":\"Jak my\u0107 i suszy\u0107 r\u0119ce - Wytyczne CDC - European Tissue Symposium\",\"isPartOf\":{\"@id\":\"https:\/\/europeantissue.com\/de\/#website\"},\"primaryImageOfPage\":{\"@id\":\"https:\/\/europeantissue.com\/pl\/jak-myc-i-suszyc-rece-wytyczne-cdc\/#primaryimage\"},\"image\":{\"@id\":\"https:\/\/europeantissue.com\/pl\/jak-myc-i-suszyc-rece-wytyczne-cdc\/#primaryimage\"},\"thumbnailUrl\":\"http:\/\/europeantissue.com\/wp-content\/uploads\/2010\/05\/Snap11-b-300x240.jpg\",\"datePublished\":\"2015-09-14T18:36:59+00:00\",\"dateModified\":\"2020-02-19T09:01:02+00:00\",\"description\":\"Jak my\u0107 i suszy\u0107 r\u0119ce\u00a0Usilnie zaleca si\u0119 korzystanie z r\u0119cznik\u00f3w jednorazowego u\u017cytku (produkt\u00f3w przemys\u0142u papierniczego).\",\"breadcrumb\":{\"@id\":\"https:\/\/europeantissue.com\/pl\/jak-myc-i-suszyc-rece-wytyczne-cdc\/#breadcrumb\"},\"inLanguage\":\"pl-PL\",\"potentialAction\":[{\"@type\":\"ReadAction\",\"target\":[\"https:\/\/europeantissue.com\/pl\/jak-myc-i-suszyc-rece-wytyczne-cdc\/\"]}]},{\"@type\":\"ImageObject\",\"inLanguage\":\"pl-PL\",\"@id\":\"https:\/\/europeantissue.com\/pl\/jak-myc-i-suszyc-rece-wytyczne-cdc\/#primaryimage\",\"url\":\"http:\/\/europeantissue.com\/wp-content\/uploads\/2010\/05\/Snap11-b-300x240.jpg\",\"contentUrl\":\"http:\/\/europeantissue.com\/wp-content\/uploads\/2010\/05\/Snap11-b-300x240.jpg\"},{\"@type\":\"BreadcrumbList\",\"@id\":\"https:\/\/europeantissue.com\/pl\/jak-myc-i-suszyc-rece-wytyczne-cdc\/#breadcrumb\",\"itemListElement\":[{\"@type\":\"ListItem\",\"position\":1,\"name\":\"Home\",\"item\":\"https:\/\/europeantissue.com\/pl\/\"},{\"@type\":\"ListItem\",\"position\":2,\"name\":\"Jak my\u0107 i suszy\u0107 r\u0119ce &#8211; Wytyczne CDC\"}]},{\"@type\":\"WebSite\",\"@id\":\"https:\/\/europeantissue.com\/de\/#website\",\"url\":\"https:\/\/europeantissue.com\/de\/\",\"name\":\"European Tissue Symposium\",\"description\":\"\",\"potentialAction\":[{\"@type\":\"SearchAction\",\"target\":{\"@type\":\"EntryPoint\",\"urlTemplate\":\"https:\/\/europeantissue.com\/de\/?s={search_term_string}\"},\"query-input\":{\"@type\":\"PropertyValueSpecification\",\"valueRequired\":true,\"valueName\":\"search_term_string\"}}],\"inLanguage\":\"pl-PL\"}]}<\/script>\n<!-- \/ Yoast SEO plugin. -->","yoast_head_json":{"title":"Jak my\u0107 i suszy\u0107 r\u0119ce - Wytyczne CDC - European Tissue Symposium","description":"Jak my\u0107 i suszy\u0107 r\u0119ce\u00a0Usilnie zaleca si\u0119 korzystanie z r\u0119cznik\u00f3w jednorazowego u\u017cytku (produkt\u00f3w przemys\u0142u papierniczego).","robots":{"index":"index","follow":"follow","max-snippet":"max-snippet:-1","max-image-preview":"max-image-preview:large","max-video-preview":"max-video-preview:-1"},"canonical":"https:\/\/europeantissue.com\/pl\/jak-myc-i-suszyc-rece-wytyczne-cdc\/","og_locale":"pl_PL","og_type":"article","og_title":"Jak my\u0107 i suszy\u0107 r\u0119ce - Wytyczne CDC - European Tissue Symposium","og_description":"Jak my\u0107 i suszy\u0107 r\u0119ce\u00a0Usilnie zaleca si\u0119 korzystanie z r\u0119cznik\u00f3w jednorazowego u\u017cytku (produkt\u00f3w przemys\u0142u papierniczego).","og_url":"https:\/\/europeantissue.com\/pl\/jak-myc-i-suszyc-rece-wytyczne-cdc\/","og_site_name":"European Tissue Symposium","article_modified_time":"2020-02-19T09:01:02+00:00","og_image":[{"url":"http:\/\/europeantissue.com\/wp-content\/uploads\/2010\/05\/Snap11-b-300x240.jpg","type":"","width":"","height":""}],"twitter_card":"summary_large_image","twitter_misc":{"Szacowany czas czytania":"4 minuty"},"schema":{"@context":"https:\/\/schema.org","@graph":[{"@type":"WebPage","@id":"https:\/\/europeantissue.com\/pl\/jak-myc-i-suszyc-rece-wytyczne-cdc\/","url":"https:\/\/europeantissue.com\/pl\/jak-myc-i-suszyc-rece-wytyczne-cdc\/","name":"Jak my\u0107 i suszy\u0107 r\u0119ce - Wytyczne CDC - European Tissue Symposium","isPartOf":{"@id":"https:\/\/europeantissue.com\/de\/#website"},"primaryImageOfPage":{"@id":"https:\/\/europeantissue.com\/pl\/jak-myc-i-suszyc-rece-wytyczne-cdc\/#primaryimage"},"image":{"@id":"https:\/\/europeantissue.com\/pl\/jak-myc-i-suszyc-rece-wytyczne-cdc\/#primaryimage"},"thumbnailUrl":"http:\/\/europeantissue.com\/wp-content\/uploads\/2010\/05\/Snap11-b-300x240.jpg","datePublished":"2015-09-14T18:36:59+00:00","dateModified":"2020-02-19T09:01:02+00:00","description":"Jak my\u0107 i suszy\u0107 r\u0119ce\u00a0Usilnie zaleca si\u0119 korzystanie z r\u0119cznik\u00f3w jednorazowego u\u017cytku (produkt\u00f3w przemys\u0142u papierniczego).","breadcrumb":{"@id":"https:\/\/europeantissue.com\/pl\/jak-myc-i-suszyc-rece-wytyczne-cdc\/#breadcrumb"},"inLanguage":"pl-PL","potentialAction":[{"@type":"ReadAction","target":["https:\/\/europeantissue.com\/pl\/jak-myc-i-suszyc-rece-wytyczne-cdc\/"]}]},{"@type":"ImageObject","inLanguage":"pl-PL","@id":"https:\/\/europeantissue.com\/pl\/jak-myc-i-suszyc-rece-wytyczne-cdc\/#primaryimage","url":"http:\/\/europeantissue.com\/wp-content\/uploads\/2010\/05\/Snap11-b-300x240.jpg","contentUrl":"http:\/\/europeantissue.com\/wp-content\/uploads\/2010\/05\/Snap11-b-300x240.jpg"},{"@type":"BreadcrumbList","@id":"https:\/\/europeantissue.com\/pl\/jak-myc-i-suszyc-rece-wytyczne-cdc\/#breadcrumb","itemListElement":[{"@type":"ListItem","position":1,"name":"Home","item":"https:\/\/europeantissue.com\/pl\/"},{"@type":"ListItem","position":2,"name":"Jak my\u0107 i suszy\u0107 r\u0119ce &#8211; Wytyczne CDC"}]},{"@type":"WebSite","@id":"https:\/\/europeantissue.com\/de\/#website","url":"https:\/\/europeantissue.com\/de\/","name":"European Tissue Symposium","description":"","potentialAction":[{"@type":"SearchAction","target":{"@type":"EntryPoint","urlTemplate":"https:\/\/europeantissue.com\/de\/?s={search_term_string}"},"query-input":{"@type":"PropertyValueSpecification","valueRequired":true,"valueName":"search_term_string"}}],"inLanguage":"pl-PL"}]}},"_links":{"self":[{"href":"https:\/\/europeantissue.com\/pl\/wp-json\/wp\/v2\/pages\/7617","targetHints":{"allow":["GET"]}}],"collection":[{"href":"https:\/\/europeantissue.com\/pl\/wp-json\/wp\/v2\/pages"}],"about":[{"href":"https:\/\/europeantissue.com\/pl\/wp-json\/wp\/v2\/types\/page"}],"author":[{"embeddable":true,"href":"https:\/\/europeantissue.com\/pl\/wp-json\/wp\/v2\/users\/2"}],"replies":[{"embeddable":true,"href":"https:\/\/europeantissue.com\/pl\/wp-json\/wp\/v2\/comments?post=7617"}],"version-history":[{"count":0,"href":"https:\/\/europeantissue.com\/pl\/wp-json\/wp\/v2\/pages\/7617\/revisions"}],"wp:attachment":[{"href":"https:\/\/europeantissue.com\/pl\/wp-json\/wp\/v2\/media?parent=7617"}],"curies":[{"name":"wp","href":"https:\/\/api.w.org\/{rel}","templated":true}]}}