 {"id":7611,"date":"2015-09-14T16:54:55","date_gmt":"2015-09-14T16:54:55","guid":{"rendered":"http:\/\/europeantissue.com\/?page_id=7611"},"modified":"2018-07-20T10:26:15","modified_gmt":"2018-07-20T10:26:15","slug":"jak-myc-i-suszyc-rece-zalecenia-swiatowej-organizacji-zdrowia-who","status":"publish","type":"page","link":"https:\/\/europeantissue.com\/pl\/jak-myc-i-suszyc-rece-zalecenia-swiatowej-organizacji-zdrowia-who\/","title":{"rendered":"Jak my\u0107 i suszy\u0107 r\u0119ce &#8211; Zalecenia \u015awiatowej Organizacji Zdrowia (WHO)"},"content":{"rendered":"<h2>Jak my\u0107 i suszy\u0107 r\u0119ce &#8211; Plakat \u015awiatowej Organizacji Zdrowia<\/h2>\n<div class=\"fusion-fullwidth fullwidth-box fusion-builder-row-1 hundred-percent-fullwidth non-hundred-percent-height-scrolling\" style=\"--awb-border-radius-top-left:0px;--awb-border-radius-top-right:0px;--awb-border-radius-bottom-right:0px;--awb-border-radius-bottom-left:0px;--awb-overflow:visible;--awb-flex-wrap:wrap;\" ><div class=\"fusion-builder-row fusion-row\"><div class=\"fusion-layout-column fusion_builder_column fusion-builder-column-0 fusion_builder_column_1_1 1_1 fusion-one-full fusion-column-first fusion-column-last fusion-column-no-min-height\" style=\"--awb-bg-size:cover;--awb-margin-bottom:0px;\"><div class=\"fusion-column-wrapper fusion-flex-column-wrapper-legacy\"><div id=\"attachment_6053\" style=\"width: 766px\" class=\"wp-caption alignnone\"><a href=\"http:\/\/europeantissue.com\/wp-content\/uploads\/140728-WHO-Poster-hands-washing-756x1024-756x1024.jpg\"><img decoding=\"async\" aria-describedby=\"caption-attachment-6053\" class=\"wp-image-6053 size-full\" src=\"http:\/\/europeantissue.com\/wp-content\/uploads\/140728-WHO-Poster-hands-washing-756x1024-756x1024.jpg\" alt=\"Plakat \u015awiatowej Organizacji Zdrowia\" width=\"756\" height=\"1024\" \/><\/a><p id=\"caption-attachment-6053\" class=\"wp-caption-text\">\u015awiatowa Organizacja Zdrowia (World Health Organization \u2013 WHO \u2013 CH-1211 Geneva-27 \u2013 Szwajcaria) <a href=\"http:\/\/www.who.int\/csr\">www.who.int\/csr<\/a> zapewnia wytyczne dla Instytucji Ochrony Zdrowia dotycz\u0105ce higieny r\u0105k.<\/p><\/div>\n<p>Przedstawione tutaj wytyczne pochodz\u0105 od \u015awiatowej Organizacji Zdrowia.<\/p>\n<p>Podstawowe zalecenie wymienionych powy\u017cej wytycznych brzmi nast\u0119puj\u0105co:<\/p>\n<p><strong>&#8222;Nale\u017cy dok\u0142adnie wyciera\u0107 r\u0119ce R\u0118CZNIKIEM JEDNORAZOWEGO U\u017bYTKU; nale\u017cy go r\u00f3wnie\u017c u\u017cywa\u0107 do zakr\u0119cenia kranu, unikaj\u0105c tym samym dotykania kranu d\u0142o\u0144mi&#8221;<\/strong><\/p>\n<p>W celu zapoznania si\u0119 z ca\u0142ym dokumentem (w wersji angielskiej) \u015awiatowej Organizacji Zdrowia kliknij tutaj:<a href=\"http:\/\/europeantissue.com\/wp-content\/uploads\/World-Health-Organization-Hands-Washing-Instructions.pdf\">Health Care facility recommendations for Hands Hygiene<\/a><\/p>\n<p><span style=\"text-decoration: underline\"><strong>Technika mycia r\u0105k:<\/strong><\/span><br \/>Tradycyjne mycie r\u0105k jest bardzo skuteczne, je\u015bli chodzi o fizyczne usuwanie brudu\u00a0i drobnoustroj\u00f3w z r\u0105k.<\/p>\n<p><span style=\"text-decoration: underline\"><strong>Technika higieny r\u0105k przy u\u017cyciu myd\u0142a i wody<\/strong><\/span><br \/>Czas trwania procedury: 40\u201360 sekund<br \/>Zmocz r\u0119ce wod\u0105. Nabierz tyle myd\u0142a, aby\u00a0pokry\u0107 ca\u0142e powierzchnie\u00a0d\u0142oni.<br \/>Pocieraj o siebie rozprostowane\u00a0d\u0142onie.<br \/>Po\u0142\u00f3\u017c praw\u0105 d\u0142o\u0144 na grzbiecie\u00a0lewej d\u0142oni przeplataj\u0105c\u00a0palce a nast\u0119pnie zamie\u0144\u00a0d\u0142onie.<br \/>Z\u0142\u00f3\u017c razem d\u0142onie przeplataj\u0105c\u00a0palce.<br \/>Grzbiet palc\u00f3w d\u0142oni schowaj\u00a0w drugiej d\u0142oni splataj\u0105c\u00a0razem palce.<br \/>Pocieraj obrotowo lewy\u00a0kciuk zaci\u015bni\u0119ty w prawej\u00a0d\u0142oni a nast\u0119pnie zamie\u0144\u00a0d\u0142onie.<br \/>Pocieraj obrotowo lew\u0105 d\u0142o\u0144\u00a0do ty\u0142u i do przodu zaci\u015bni\u0119-tymi palcami prawej d\u0142oni\u00a0a nast\u0119pnie zamie\u0144 r\u0119ce.<br \/>Op\u0142ucz r\u0119ce wod\u0105\u00a0Wytrzyj r\u0119ce do sucha jednorazowym\u00a0r\u0119cznikiem.<br \/><strong>U\u017cyj r\u0119cznika do zakr\u0119cenia\u00a0kranu.<\/strong><br \/>Teraz Twoje r\u0119ce s\u0105 bezpieczne.<br \/>W celu osuszenia r\u0105k najcz\u0119\u015bciej u\u017cywa si\u0119 jednorazowych r\u0119cznik\u00f3w papierowych\u00a0(osuszenie r\u0105k przy ich u\u017cyciu trwa 7\u20139 sekund; metoda ta pozwala tak\u017ce na usuni\u0119cie mechaniczne drobnoustroj\u00f3w wraz ze z\u0142uszczaj\u0105cym si\u0119 nask\u00f3rkiem). <strong>Delikatnie\u00a0przyk\u0142adaj r\u0119cznik do sk\u00f3ry, zamiast j\u0105 pociera\u0107.<\/strong> R\u0119ce mo\u017cna osuszy\u0107 r\u00f3wnie\u017c stosuj\u0105c\u00a0suszark\u0119 do r\u0105k na gor\u0105ce powietrze (osuszanie r\u0105k trwa 25\u201330 sekund10).<br \/>Uwaga: <strong>R\u0119czniki jednorazowe s\u0105 najbardziej higienicznym sposobem osuszania\u00a0r\u0105k. Suszarki powoduj\u0105 zwi\u0119kszone ryzyko przenoszenia drobnoustroj\u00f3w ze wzgl\u0119du\u00a0na tworzenie bioaerozolu podczas wydmuchiwania powietrza i jego przenoszenia\u00a0<\/strong><strong>na inne osoby w promieniu do 2 metr\u00f3w i nie powinny by\u0107 stosowane w strefach\u00a0medycznych.<\/strong><\/p>\n<div class=\"fusion-clearfix\"><\/div><\/div><\/div><\/div><\/div>\n","protected":false},"excerpt":{"rendered":"<p>Jak my\u0107 i suszy\u0107 r\u0119ce &#8211; Plakat \u015awiatowej Organizacji Zdrowia<\/p>\n","protected":false},"author":2,"featured_media":0,"parent":0,"menu_order":1,"comment_status":"open","ping_status":"closed","template":"","meta":{"_monsterinsights_skip_tracking":false,"_monsterinsights_sitenote_active":false,"_monsterinsights_sitenote_note":"","_monsterinsights_sitenote_category":0,"ngg_post_thumbnail":0,"footnotes":""},"class_list":["post-7611","page","type-page","status-publish","hentry"],"yoast_head":"<!-- This site is optimized with the Yoast SEO plugin v26.3 - https:\/\/yoast.com\/wordpress\/plugins\/seo\/ -->\n<title>Jak my\u0107 i suszy\u0107 r\u0119ce - Zalecenia \u015awiatowej Organizacji Zdrowia (WHO) - European Tissue Symposium<\/title>\n<meta name=\"description\" content=\"Jak my\u0107 i suszy\u0107 r\u0119ce - Plakat \u015awiatowej Organizacji Zdrowia -\u00a0Nale\u017cy dok\u0142adnie wyciera\u0107 r\u0119ce R\u0118CZNIKIEM JEDNORAZOWEGO U\u017bYTKU\u00a0\" \/>\n<meta name=\"robots\" content=\"index, follow, max-snippet:-1, max-image-preview:large, max-video-preview:-1\" \/>\n<link rel=\"canonical\" href=\"https:\/\/europeantissue.com\/pl\/jak-myc-i-suszyc-rece-zalecenia-swiatowej-organizacji-zdrowia-who\/\" \/>\n<meta property=\"og:locale\" content=\"pl_PL\" \/>\n<meta property=\"og:type\" content=\"article\" \/>\n<meta property=\"og:title\" content=\"Jak my\u0107 i suszy\u0107 r\u0119ce - Zalecenia \u015awiatowej Organizacji Zdrowia (WHO) - European Tissue Symposium\" \/>\n<meta property=\"og:description\" content=\"Jak my\u0107 i suszy\u0107 r\u0119ce - Plakat \u015awiatowej Organizacji Zdrowia -\u00a0Nale\u017cy dok\u0142adnie wyciera\u0107 r\u0119ce R\u0118CZNIKIEM JEDNORAZOWEGO U\u017bYTKU\u00a0\" \/>\n<meta property=\"og:url\" content=\"https:\/\/europeantissue.com\/pl\/jak-myc-i-suszyc-rece-zalecenia-swiatowej-organizacji-zdrowia-who\/\" \/>\n<meta property=\"og:site_name\" content=\"European Tissue Symposium\" \/>\n<meta property=\"article:modified_time\" content=\"2018-07-20T10:26:15+00:00\" \/>\n<meta property=\"og:image\" content=\"http:\/\/europeantissue.com\/wp-content\/uploads\/140728-WHO-Poster-hands-washing-756x1024-756x1024.jpg\" \/>\n<meta name=\"twitter:card\" content=\"summary_large_image\" \/>\n<meta name=\"twitter:label1\" content=\"Szacowany czas czytania\" \/>\n\t<meta name=\"twitter:data1\" content=\"2 minuty\" \/>\n<script type=\"application\/ld+json\" class=\"yoast-schema-graph\">{\"@context\":\"https:\/\/schema.org\",\"@graph\":[{\"@type\":\"WebPage\",\"@id\":\"https:\/\/europeantissue.com\/pl\/jak-myc-i-suszyc-rece-zalecenia-swiatowej-organizacji-zdrowia-who\/\",\"url\":\"https:\/\/europeantissue.com\/pl\/jak-myc-i-suszyc-rece-zalecenia-swiatowej-organizacji-zdrowia-who\/\",\"name\":\"Jak my\u0107 i suszy\u0107 r\u0119ce - Zalecenia \u015awiatowej Organizacji Zdrowia (WHO) - European Tissue Symposium\",\"isPartOf\":{\"@id\":\"https:\/\/europeantissue.com\/de\/#website\"},\"primaryImageOfPage\":{\"@id\":\"https:\/\/europeantissue.com\/pl\/jak-myc-i-suszyc-rece-zalecenia-swiatowej-organizacji-zdrowia-who\/#primaryimage\"},\"image\":{\"@id\":\"https:\/\/europeantissue.com\/pl\/jak-myc-i-suszyc-rece-zalecenia-swiatowej-organizacji-zdrowia-who\/#primaryimage\"},\"thumbnailUrl\":\"http:\/\/europeantissue.com\/wp-content\/uploads\/140728-WHO-Poster-hands-washing-756x1024-756x1024.jpg\",\"datePublished\":\"2015-09-14T16:54:55+00:00\",\"dateModified\":\"2018-07-20T10:26:15+00:00\",\"description\":\"Jak my\u0107 i suszy\u0107 r\u0119ce - Plakat \u015awiatowej Organizacji Zdrowia -\u00a0Nale\u017cy dok\u0142adnie wyciera\u0107 r\u0119ce R\u0118CZNIKIEM JEDNORAZOWEGO U\u017bYTKU\u00a0\",\"breadcrumb\":{\"@id\":\"https:\/\/europeantissue.com\/pl\/jak-myc-i-suszyc-rece-zalecenia-swiatowej-organizacji-zdrowia-who\/#breadcrumb\"},\"inLanguage\":\"pl-PL\",\"potentialAction\":[{\"@type\":\"ReadAction\",\"target\":[\"https:\/\/europeantissue.com\/pl\/jak-myc-i-suszyc-rece-zalecenia-swiatowej-organizacji-zdrowia-who\/\"]}]},{\"@type\":\"ImageObject\",\"inLanguage\":\"pl-PL\",\"@id\":\"https:\/\/europeantissue.com\/pl\/jak-myc-i-suszyc-rece-zalecenia-swiatowej-organizacji-zdrowia-who\/#primaryimage\",\"url\":\"http:\/\/europeantissue.com\/wp-content\/uploads\/140728-WHO-Poster-hands-washing-756x1024-756x1024.jpg\",\"contentUrl\":\"http:\/\/europeantissue.com\/wp-content\/uploads\/140728-WHO-Poster-hands-washing-756x1024-756x1024.jpg\"},{\"@type\":\"BreadcrumbList\",\"@id\":\"https:\/\/europeantissue.com\/pl\/jak-myc-i-suszyc-rece-zalecenia-swiatowej-organizacji-zdrowia-who\/#breadcrumb\",\"itemListElement\":[{\"@type\":\"ListItem\",\"position\":1,\"name\":\"Home\",\"item\":\"https:\/\/europeantissue.com\/pl\/\"},{\"@type\":\"ListItem\",\"position\":2,\"name\":\"Jak my\u0107 i suszy\u0107 r\u0119ce &#8211; Zalecenia \u015awiatowej Organizacji Zdrowia (WHO)\"}]},{\"@type\":\"WebSite\",\"@id\":\"https:\/\/europeantissue.com\/de\/#website\",\"url\":\"https:\/\/europeantissue.com\/de\/\",\"name\":\"European Tissue Symposium\",\"description\":\"\",\"potentialAction\":[{\"@type\":\"SearchAction\",\"target\":{\"@type\":\"EntryPoint\",\"urlTemplate\":\"https:\/\/europeantissue.com\/de\/?s={search_term_string}\"},\"query-input\":{\"@type\":\"PropertyValueSpecification\",\"valueRequired\":true,\"valueName\":\"search_term_string\"}}],\"inLanguage\":\"pl-PL\"}]}<\/script>\n<!-- \/ Yoast SEO plugin. -->","yoast_head_json":{"title":"Jak my\u0107 i suszy\u0107 r\u0119ce - Zalecenia \u015awiatowej Organizacji Zdrowia (WHO) - European Tissue Symposium","description":"Jak my\u0107 i suszy\u0107 r\u0119ce - Plakat \u015awiatowej Organizacji Zdrowia -\u00a0Nale\u017cy dok\u0142adnie wyciera\u0107 r\u0119ce R\u0118CZNIKIEM JEDNORAZOWEGO U\u017bYTKU\u00a0","robots":{"index":"index","follow":"follow","max-snippet":"max-snippet:-1","max-image-preview":"max-image-preview:large","max-video-preview":"max-video-preview:-1"},"canonical":"https:\/\/europeantissue.com\/pl\/jak-myc-i-suszyc-rece-zalecenia-swiatowej-organizacji-zdrowia-who\/","og_locale":"pl_PL","og_type":"article","og_title":"Jak my\u0107 i suszy\u0107 r\u0119ce - Zalecenia \u015awiatowej Organizacji Zdrowia (WHO) - European Tissue Symposium","og_description":"Jak my\u0107 i suszy\u0107 r\u0119ce - Plakat \u015awiatowej Organizacji Zdrowia -\u00a0Nale\u017cy dok\u0142adnie wyciera\u0107 r\u0119ce R\u0118CZNIKIEM JEDNORAZOWEGO U\u017bYTKU\u00a0","og_url":"https:\/\/europeantissue.com\/pl\/jak-myc-i-suszyc-rece-zalecenia-swiatowej-organizacji-zdrowia-who\/","og_site_name":"European Tissue Symposium","article_modified_time":"2018-07-20T10:26:15+00:00","og_image":[{"url":"http:\/\/europeantissue.com\/wp-content\/uploads\/140728-WHO-Poster-hands-washing-756x1024-756x1024.jpg","type":"","width":"","height":""}],"twitter_card":"summary_large_image","twitter_misc":{"Szacowany czas czytania":"2 minuty"},"schema":{"@context":"https:\/\/schema.org","@graph":[{"@type":"WebPage","@id":"https:\/\/europeantissue.com\/pl\/jak-myc-i-suszyc-rece-zalecenia-swiatowej-organizacji-zdrowia-who\/","url":"https:\/\/europeantissue.com\/pl\/jak-myc-i-suszyc-rece-zalecenia-swiatowej-organizacji-zdrowia-who\/","name":"Jak my\u0107 i suszy\u0107 r\u0119ce - Zalecenia \u015awiatowej Organizacji Zdrowia (WHO) - European Tissue Symposium","isPartOf":{"@id":"https:\/\/europeantissue.com\/de\/#website"},"primaryImageOfPage":{"@id":"https:\/\/europeantissue.com\/pl\/jak-myc-i-suszyc-rece-zalecenia-swiatowej-organizacji-zdrowia-who\/#primaryimage"},"image":{"@id":"https:\/\/europeantissue.com\/pl\/jak-myc-i-suszyc-rece-zalecenia-swiatowej-organizacji-zdrowia-who\/#primaryimage"},"thumbnailUrl":"http:\/\/europeantissue.com\/wp-content\/uploads\/140728-WHO-Poster-hands-washing-756x1024-756x1024.jpg","datePublished":"2015-09-14T16:54:55+00:00","dateModified":"2018-07-20T10:26:15+00:00","description":"Jak my\u0107 i suszy\u0107 r\u0119ce - Plakat \u015awiatowej Organizacji Zdrowia -\u00a0Nale\u017cy dok\u0142adnie wyciera\u0107 r\u0119ce R\u0118CZNIKIEM JEDNORAZOWEGO U\u017bYTKU\u00a0","breadcrumb":{"@id":"https:\/\/europeantissue.com\/pl\/jak-myc-i-suszyc-rece-zalecenia-swiatowej-organizacji-zdrowia-who\/#breadcrumb"},"inLanguage":"pl-PL","potentialAction":[{"@type":"ReadAction","target":["https:\/\/europeantissue.com\/pl\/jak-myc-i-suszyc-rece-zalecenia-swiatowej-organizacji-zdrowia-who\/"]}]},{"@type":"ImageObject","inLanguage":"pl-PL","@id":"https:\/\/europeantissue.com\/pl\/jak-myc-i-suszyc-rece-zalecenia-swiatowej-organizacji-zdrowia-who\/#primaryimage","url":"http:\/\/europeantissue.com\/wp-content\/uploads\/140728-WHO-Poster-hands-washing-756x1024-756x1024.jpg","contentUrl":"http:\/\/europeantissue.com\/wp-content\/uploads\/140728-WHO-Poster-hands-washing-756x1024-756x1024.jpg"},{"@type":"BreadcrumbList","@id":"https:\/\/europeantissue.com\/pl\/jak-myc-i-suszyc-rece-zalecenia-swiatowej-organizacji-zdrowia-who\/#breadcrumb","itemListElement":[{"@type":"ListItem","position":1,"name":"Home","item":"https:\/\/europeantissue.com\/pl\/"},{"@type":"ListItem","position":2,"name":"Jak my\u0107 i suszy\u0107 r\u0119ce &#8211; Zalecenia \u015awiatowej Organizacji Zdrowia (WHO)"}]},{"@type":"WebSite","@id":"https:\/\/europeantissue.com\/de\/#website","url":"https:\/\/europeantissue.com\/de\/","name":"European Tissue Symposium","description":"","potentialAction":[{"@type":"SearchAction","target":{"@type":"EntryPoint","urlTemplate":"https:\/\/europeantissue.com\/de\/?s={search_term_string}"},"query-input":{"@type":"PropertyValueSpecification","valueRequired":true,"valueName":"search_term_string"}}],"inLanguage":"pl-PL"}]}},"_links":{"self":[{"href":"https:\/\/europeantissue.com\/pl\/wp-json\/wp\/v2\/pages\/7611","targetHints":{"allow":["GET"]}}],"collection":[{"href":"https:\/\/europeantissue.com\/pl\/wp-json\/wp\/v2\/pages"}],"about":[{"href":"https:\/\/europeantissue.com\/pl\/wp-json\/wp\/v2\/types\/page"}],"author":[{"embeddable":true,"href":"https:\/\/europeantissue.com\/pl\/wp-json\/wp\/v2\/users\/2"}],"replies":[{"embeddable":true,"href":"https:\/\/europeantissue.com\/pl\/wp-json\/wp\/v2\/comments?post=7611"}],"version-history":[{"count":0,"href":"https:\/\/europeantissue.com\/pl\/wp-json\/wp\/v2\/pages\/7611\/revisions"}],"wp:attachment":[{"href":"https:\/\/europeantissue.com\/pl\/wp-json\/wp\/v2\/media?parent=7611"}],"curies":[{"name":"wp","href":"https:\/\/api.w.org\/{rel}","templated":true}]}}