 {"id":12441,"date":"2021-03-20T10:22:53","date_gmt":"2021-03-20T10:22:53","guid":{"rendered":"http:\/\/europeantissue.com\/?page_id=12441"},"modified":"2021-03-20T10:26:25","modified_gmt":"2021-03-20T10:26:25","slug":"nowe-badanie-pilotazowe-dotyczace-przenoszenia-drobnoustrojow-z-lazienek-szpitalnych-na-oddzialy-2021","status":"publish","type":"page","link":"https:\/\/europeantissue.com\/pl\/higiena-pl\/uczenie-sie\/nowe-badanie-pilotazowe-dotyczace-przenoszenia-drobnoustrojow-z-lazienek-szpitalnych-na-oddzialy-2021\/","title":{"rendered":"Nowe badanie pilota\u017cowe dotycz\u0105ce przenoszenia drobnoustroj\u00f3w z \u0142azienek szpitalnych na oddzia\u0142y (2021)"},"content":{"rendered":"<p><div class=\"fusion-fullwidth fullwidth-box fusion-builder-row-1 nonhundred-percent-fullwidth non-hundred-percent-height-scrolling\" style=\"--awb-border-radius-top-left:0px;--awb-border-radius-top-right:0px;--awb-border-radius-bottom-right:0px;--awb-border-radius-bottom-left:0px;--awb-flex-wrap:wrap;\" ><div class=\"fusion-builder-row fusion-row\"><div class=\"fusion-layout-column fusion_builder_column fusion-builder-column-0 fusion_builder_column_1_1 1_1 fusion-one-full fusion-column-first fusion-column-last\" style=\"--awb-bg-size:cover;--awb-margin-bottom:0px;\"><div class=\"fusion-column-wrapper fusion-flex-column-wrapper-legacy\"><div class=\"fusion-text fusion-text-1\"><h2 class=\"p1\" style=\"text-align: center;\"><span style=\"color: #333399;\"><strong>Badanie pilota\u017cowe wykaza\u0142o, \u017ce metoda suszenia r\u0105k mo\u017ce mie\u0107 znacz\u0105cy wp\u0142yw na przenoszenie drobnoustroj\u00f3w z ubikacji szpitalnych na oddzia\u0142y<\/strong><\/span><\/h2>\n<\/div><div class=\"fusion-clearfix\"><\/div><\/div><\/div><\/div><\/div><div class=\"fusion-fullwidth fullwidth-box fusion-builder-row-2 fusion-flex-container nonhundred-percent-fullwidth non-hundred-percent-height-scrolling\" style=\"--awb-border-radius-top-left:0px;--awb-border-radius-top-right:0px;--awb-border-radius-bottom-right:0px;--awb-border-radius-bottom-left:0px;--awb-flex-wrap:wrap;\" ><div class=\"fusion-builder-row fusion-row fusion-flex-align-items-flex-start fusion-flex-content-wrap\" style=\"max-width:1040px;margin-left: calc(-4% \/ 2 );margin-right: calc(-4% \/ 2 );\"><div class=\"fusion-layout-column fusion_builder_column fusion-builder-column-1 fusion_builder_column_1_1 1_1 fusion-flex-column\" style=\"--awb-bg-size:cover;--awb-width-large:100%;--awb-margin-top-large:0px;--awb-spacing-right-large:1.92%;--awb-margin-bottom-large:20px;--awb-spacing-left-large:1.92%;--awb-width-medium:100%;--awb-order-medium:0;--awb-spacing-right-medium:1.92%;--awb-spacing-left-medium:1.92%;--awb-width-small:100%;--awb-order-small:0;--awb-spacing-right-small:1.92%;--awb-spacing-left-small:1.92%;\"><div class=\"fusion-column-wrapper fusion-column-has-shadow fusion-flex-justify-content-flex-start fusion-content-layout-column\"><div class=\"fusion-text fusion-text-2\"><h2 style=\"text-align: center;\"><span style=\"color: #0000ff;\"><strong><em>\u015arednie poziomy zanieczyszcze\u0144 s\u0105 10-krotnie wy\u017csze po suszeniu r\u0105k suszarkami strumieniowymi<\/em><\/strong><\/span><\/h2>\n<p><a href=\"https:\/\/europeantissue.com\/wp-content\/uploads\/2021\/03\/ICHE-cover-March-2021-3d.jpg\"><img decoding=\"async\" class=\"alignleft wp-image-12447\" src=\"https:\/\/europeantissue.com\/wp-content\/uploads\/2021\/03\/ICHE-cover-March-2021-3d.jpg\" alt=\"\" width=\"300\" height=\"395\" srcset=\"https:\/\/europeantissue.com\/wp-content\/uploads\/2021\/03\/ICHE-cover-March-2021-3d-200x264.jpg 200w, https:\/\/europeantissue.com\/wp-content\/uploads\/2021\/03\/ICHE-cover-March-2021-3d-228x300.jpg 228w, https:\/\/europeantissue.com\/wp-content\/uploads\/2021\/03\/ICHE-cover-March-2021-3d-400x527.jpg 400w, https:\/\/europeantissue.com\/wp-content\/uploads\/2021\/03\/ICHE-cover-March-2021-3d.jpg 418w\" sizes=\"(max-width: 300px) 100vw, 300px\" \/><\/a><\/p>\n<p>W <a href=\"https:\/\/www.cambridge.org\/core\/journals\/infection-control-and-hospital-epidemiology\/article\/from-the-hospital-toilet-to-the-ward-a-pilot-study-on-microbe-dispersal-to-multiple-hospital-surfaces-following-hand-drying-using-a-jet-air-dryer-versus-paper-towels\/FA51D26C9C3DC261D35F122EF97593D5\">pilota\u017cowym badaniu<\/a>, kt\u00f3rego celem by\u0142o ustalenie, czy mikroorganizmy, kt\u00f3re pozostaj\u0105 na niedok\u0142adnie umytych r\u0119kach, mog\u0105 by\u0107 przenoszone poza obszar umywalni na obszary kliniczne i na pacjent\u00f3w, stwierdzono, \u017ce<strong> suszenie r\u0105k r\u0119cznikami papierowymi zamiast suszarkami strumieniowymi powoduje ni\u017cszy odsetek zaka\u017cenia wirusami na r\u0119kach i odzie\u017cy.<\/strong> Skutki tych r\u00f3\u017cnych poziom\u00f3w zanieczyszcze\u0144 pozostaj\u0105cych na r\u0119kach po wysuszeniu mierzono poprzez pobranie pr\u00f3bek z szeregu powierzchni w celu okre\u015blenia zakresu przenoszenia wirusa poza umywalni\u0119.<\/p>\n<p>Recenzowane w najnowszym wydaniu czasopisma \u201eInfection Control and Hospital Epidemiology\u201d badanie przeprowadzono w umywalni w szpitalu <strong>Leeds General Infirmary<\/strong> (Wielka Brytania), z kt\u00f3rej korzystali pracownicy, go\u015bcie i pacjenci. Roz\u0142o\u017cono je na okres 5 tygodni i badano przenoszenie wirusa poza obszar umywalni na powierzchnie w og\u00f3lnodost\u0119pnych i klinicznych pomieszczeniach szpitalnych.<\/p>\n<p>Bakteriofag (wyspecjalizowany wirus, kt\u00f3ry jest nieszkodliwy dla ludzi) wykorzystano do reprezentowania ska\u017cenia mikrobiologicznego po suszeniu r\u0105k na dwa sposoby: jeden przy u\u017cyciu r\u0119cznik\u00f3w papierowych, a drugi przy u\u017cyciu suszarek strumieniowych. Ochotnicy odka\u017cali r\u0119ce przed zanurzeniem ich w p\u0142ynie zawieraj\u0105cym bakteriofagi; t\u0119 czynno\u015b\u0107 wykonywali dwukrotnie, raz przy ka\u017cdym sposobie suszenia r\u0105k. Przed suszeniem d\u0142onie potrz\u0105sano trzykrotnie, aby usun\u0105\u0107 nadmiar p\u0142ynu. Ochotnicy nosili te\u017c plastikowe fartuchy, aby by\u0107 w stanie zmierzy\u0107 ska\u017cenie cia\u0142a\/odzie\u017cy podczas suszenia r\u0105k.<\/p>\n<p>Po u\u017cyciu suszarki strumieniowej wszystkie badane powierzchnie i pr\u00f3bki wykazywa\u0142y ska\u017cenie bakteriofagami powy\u017cej granicy wykrywalno\u015bci. Po osuszeniu r\u0105k r\u0119cznikami papierowymi ska\u017cenie wyst\u0105pi\u0142o tylko na 6 z 11 powierzchni. Na przyk\u0142ad symulacja korzystania z telefonu szpitalnego przez 10 sekund skutkowa\u0142a wykrywalnym ska\u017ceniem po wysuszeniu r\u0105k za pomoc\u0105 suszarek strumieniowych. W por\u00f3wnaniu z r\u0119cznikami papierowymi po u\u017cyciu suszarek strumieniowych ska\u017cenie tu\u0142owia i odzie\u017cy by\u0142o znacznie wi\u0119ksze. <strong><span style=\"color: #0000ff;\">\u015arednio poziom ska\u017cenia powierzchni po osuszeniu r\u0105k przy u\u017cyciu suszarek strumieniowych by\u0142 10-krotnie wy\u017cszy ni\u017c w przypadku u\u017cycia r\u0119cznik\u00f3w papierowych.<\/span><\/strong><\/p>\n<p>Badacze \u2013 Ines Moura PhD, Duncan Ewin BSc i Mark Wilcox MD \u2013 pobrali pr\u00f3bki z d\u0142oni i opuszek palc\u00f3w natychmiast po wysuszeniu, aby zmierzy\u0107 podstawowy poziom ska\u017cenia d\u0142oni przed pobraniem pr\u00f3bek \u015brodowiskowych. Nast\u0119pnie ochotnicy wychodzili z umywalni na wcze\u015bniej ustalon\u0105 tras\u0119, kt\u00f3ra obejmowa\u0142a obszary og\u00f3lnodost\u0119pne i kliniczne. Pr\u00f3bki pobrano z powierzchni \u015brodowiskowych po kontakcie z r\u0119kami lub fartuchem. Stetoskop zak\u0142adano na szyj\u0119, pozostawiaj\u0105c cz\u0119\u015b\u0107 piersiow\u0105 i s\u0142uchawk\u0119 w kontakcie z fartuchem przez mniej wi\u0119cej 7 minut. Ochotnicy trzymali te\u017c r\u0119ce skrzy\u017cowane na piersiach przez 2 minuty, a nast\u0119pnie przez 3 minuty opierali je na ramionach fotela. Z ka\u017cdej powierzchni pobrano wymaz g\u0105bk\u0105 zwil\u017con\u0105 buforem neutralizuj\u0105cym, a powierzchnie zdezynfekowano chusteczkami z chlorem zar\u00f3wno przed pobraniem pr\u00f3bek, jak i po nim.<\/p>\n<p>Wyniki bada\u0144 wskazuj\u0105 na <span style=\"color: #0000ff;\"><strong>wi\u0119ksze prawdopodobie\u0144stwo rozprzestrzeniania si\u0119 drobnoustroj\u00f3w w szpitalu po u\u017cyciu suszarki strumieniowej<\/strong><\/span> \u2013 prawdopodobnie z powodu wy\u017cszego ryzyka rozpryskiwania na u\u017cytkownik\u00f3w. To niepokoj\u0105ce, poniewa\u017c przedmioty i powierzchnie mog\u0105 s\u0142u\u017cy\u0107 jako rezerwuar mikroorganizm\u00f3w, kt\u00f3re mog\u0105 by\u0107 przenoszone poprzez kontakt z r\u0119k\u0105. Szczeg\u00f3lnie niepokoi znacznie wi\u0119ksze ska\u017cenie przedmiot\u00f3w b\u0119d\u0105cych w bliskim kontakcie z pracownikami s\u0142u\u017cby zdrowia i pacjentami \u2013 takich jak telefony i stetoskopy \u2013 po u\u017cyciu suszarki strumieniowej. Podstawow\u0105 zasad\u0105 profilaktyki zaka\u017ce\u0144 jest minimalizacja mo\u017cliwo\u015bci rozprzestrzeniania si\u0119 mikrob\u00f3w. Badanie wykaza\u0142o, \u017ce ska\u017cenie mikrobiologiczne r\u0105k lub tu\u0142owia u\u017cytkownika po u\u017cyciu suszarki strumieniowej zosta\u0142o bezpo\u015brednio i po\u015brednio przekazywane na powierzchnie poprzez kontakt z r\u0119kami, odzie\u017c\u0105 lub sk\u00f3r\u0105.<\/p>\n<p><strong><span style=\"color: #0000ff;\">Wyniki badania pilota\u017cowego poddaj\u0105 w w\u0105tpliwo\u015b\u0107 stosowanie suszarek strumieniowych w otoczeniu szpitalnym i potwierdzaj\u0105 zalecenia szpitali niemieckich oraz francuskiej organizacji FS2H, zgodnie z kt\u00f3rymi zalecan\u0105 metod\u0105 suszenia r\u0105k w plac\u00f3wkach opieki zdrowotnej powinny by\u0107 r\u0119czniki papierowe.<\/span><\/strong><\/p>\n<p><em><u>Uwaga do redakcji<\/u><\/em><\/p>\n<ul>\n<li><em>Patogeny mog\u0105 utrzymywa\u0107 si\u0119 na r\u0119kach przez kilka godzin, a na powierzchniach przez kilka miesi\u0119cy. Mo\u017cna si\u0119 nimi zarazi\u0107 w znacznym stopniu poprzez kontakt z powierzchniami otoczenia. Proces suszenia r\u0105k ma zasadnicze znaczenie dla zminimalizowania ryzyka rozprzestrzeniania si\u0119 patogen\u00f3w, poniewa\u017c wilgotno\u015b\u0107 resztkowa r\u0105k wi\u0105\u017ce si\u0119 ze zwi\u0119kszonym przenoszeniem mikroorganizm\u00f3w z r\u0105k na powierzchnie.<\/em><\/li>\n<li><em>Ju\u017c wcze\u015bniejsze badania wykaza\u0142y, \u017ce ryzyko ska\u017cenia bakteriami z otoczenia by\u0142o mniejsze, gdy do osuszania r\u0105k u\u017cywano r\u0119cznik\u00f3w papierowych. Wyst\u0119powa\u0142o mniejsze rozproszenie kropli i\/lub mikroorganizm\u00f3w, a w konsekwencji ni\u017cszy poziom ska\u017cenia powierzchni toalet.<\/em><\/li>\n<li><em>Naukowcy zalecaj\u0105, aby przysz\u0142e badania skupia\u0142y si\u0119 na wi\u0119kszej liczbie ochotnik\u00f3w, a potencjalnie obejmowa\u0142y tak\u017ce badanie procesu mycia r\u0105k przed ich osuszeniem, sprawdzaj\u0105c, jak spos\u00f3b i czas mycia r\u0105k mo\u017ce wp\u0142ywa\u0107 na stopie\u0144 przenoszenia bakteriofag\u00f3w i ska\u017cenia powierzchni. <\/em><\/li>\n<\/ul>\n<\/div><div class=\"fusion-text fusion-text-3\"><h3 style=\"text-align: center;\"><a href=\"https:\/\/www.cambridge.org\/core\/journals\/infection-control-and-hospital-epidemiology\/article\/from-the-hospital-toilet-to-the-ward-a-pilot-study-on-microbe-dispersal-to-multiple-hospital-surfaces-following-hand-drying-using-a-jet-air-dryer-versus-paper-towels\/FA51D26C9C3DC261D35F122EF97593D5\"><strong>CA\u0141E BADANIE MO\u017bESZ PRZECZYTA\u0106 TUTAJ<\/strong><\/a><\/h3>\n<p><a href=\"https:\/\/www.cambridge.org\/core\/journals\/infection-control-and-hospital-epidemiology\/article\/from-the-hospital-toilet-to-the-ward-a-pilot-study-on-microbe-dispersal-to-multiple-hospital-surfaces-following-hand-drying-using-a-jet-air-dryer-versus-paper-towels\/FA51D26C9C3DC261D35F122EF97593D5\"><img decoding=\"async\" class=\"aligncenter wp-image-12462 size-full\" src=\"https:\/\/europeantissue.com\/wp-content\/uploads\/2021\/03\/Read-the-full-study-3d.jpg\" alt=\"\" width=\"669\" height=\"161\" srcset=\"https:\/\/europeantissue.com\/wp-content\/uploads\/2021\/03\/Read-the-full-study-3d-200x48.jpg 200w, https:\/\/europeantissue.com\/wp-content\/uploads\/2021\/03\/Read-the-full-study-3d-300x72.jpg 300w, https:\/\/europeantissue.com\/wp-content\/uploads\/2021\/03\/Read-the-full-study-3d-400x96.jpg 400w, https:\/\/europeantissue.com\/wp-content\/uploads\/2021\/03\/Read-the-full-study-3d-600x144.jpg 600w, https:\/\/europeantissue.com\/wp-content\/uploads\/2021\/03\/Read-the-full-study-3d.jpg 669w\" sizes=\"(max-width: 669px) 100vw, 669px\" \/><\/a><\/p>\n<p>&nbsp;<\/p>\n<\/div><div class=\"fusion-text fusion-text-4\"><p><strong>Informacje o ETS<\/strong><\/p>\n<p>ETS to skr\u00f3t od angielskiej nazwy Europejskiego Stowarzyszenia Producent\u00f3w Wyrob\u00f3w Papierniczych (European Tissue Paper Industry Association). Cz\u0142onkowie ETS reprezentuj\u0105 wi\u0119kszo\u015b\u0107 europejskich producent\u00f3w higienicznych wyrob\u00f3w papierniczych i produkuj\u0105 ok. 90% wszystkich higienicznych wyrob\u00f3w papierniczych w Europie. ETS za\u0142o\u017cono w 1971 r. Siedziba Stowarzyszenia mie\u015bci si\u0119 w Brukseli. Wi\u0119cej informacji: <a href=\"http:\/\/www.europeantissue.com\">www.europeantissue.com<\/a><\/p>\n<p><strong>Dane kontaktowe redakcji:<\/strong><\/p>\n<p><strong>duomedia <br \/>\n<\/strong>Dorien Cooreman | tel. +32 2 560 21 50 | <a href=\"mailto:dorien.c@duomedia.com\">dorien.c@duomedia.com<\/a><\/p>\n<p><strong>ETS<br \/>\n<\/strong>Fanis Papakostas | tel. + 49 15 20 27 79 147| <a href=\"mailto:fanis.papakostas2@gmail.com\">fanis.papakostas2@gmail.com<\/a><\/p>\n<p><strong>Follow ETS on: <br \/>\n<\/strong>&nbsp;<a href=\"https:\/\/twitter.com\/ETSchoices\">Twitter.com\/ETS<\/a> | &nbsp;<a href=\"https:\/\/www.linkedin.com\/company\/european-tissue-symposium\/\">Linkedin.com\/ETS<\/a> | &nbsp;<a href=\"https:\/\/www.youtube.com\/user\/ETSChoices\">Youtube.com\/ETS<\/a> | &nbsp;<a href=\"https:\/\/www.facebook.com\/ETS-European-Tissue-Symposium-1463682673861615\/\">Facebook.com\/ETS<\/a><\/p>\n<p>&nbsp;<\/p>\n<\/div><\/div><\/div><\/div><\/div><\/p>\n","protected":false},"excerpt":{"rendered":"","protected":false},"author":16,"featured_media":0,"parent":7697,"menu_order":3,"comment_status":"open","ping_status":"closed","template":"","meta":{"_monsterinsights_skip_tracking":false,"_monsterinsights_sitenote_active":false,"_monsterinsights_sitenote_note":"","_monsterinsights_sitenote_category":0,"ngg_post_thumbnail":0,"footnotes":""},"class_list":["post-12441","page","type-page","status-publish","hentry"],"yoast_head":"<!-- This site is optimized with the Yoast SEO plugin v26.3 - https:\/\/yoast.com\/wordpress\/plugins\/seo\/ -->\n<title>Nowe badanie pilota\u017cowe dotycz\u0105ce przenoszenia drobnoustroj\u00f3w z \u0142azienek szpitalnych na oddzia\u0142y (2021) - European Tissue Symposium<\/title>\n<meta name=\"description\" content=\"Zanieczyszczenie \u0142azience: suszarki generuj\u0105ce strumie\u0144 powietrza i suszarki generuj\u0105ce gor\u0105ce powietrze zanieczyszczaj\u0105 przestrze\u0144 toalet i mog\u0105 by\u0107 niewskazane w plac\u00f3wkach opieki zdrowotnej.\" \/>\n<meta name=\"robots\" content=\"index, follow, max-snippet:-1, max-image-preview:large, max-video-preview:-1\" \/>\n<link rel=\"canonical\" href=\"https:\/\/europeantissue.com\/pl\/higiena-pl\/uczenie-sie\/nowe-badanie-pilotazowe-dotyczace-przenoszenia-drobnoustrojow-z-lazienek-szpitalnych-na-oddzialy-2021\/\" \/>\n<meta property=\"og:locale\" content=\"pl_PL\" \/>\n<meta property=\"og:type\" content=\"article\" \/>\n<meta property=\"og:title\" content=\"Nowe badanie pilota\u017cowe dotycz\u0105ce przenoszenia drobnoustroj\u00f3w z \u0142azienek szpitalnych na oddzia\u0142y (2021) - European Tissue Symposium\" \/>\n<meta property=\"og:description\" content=\"Zanieczyszczenie \u0142azience: suszarki generuj\u0105ce strumie\u0144 powietrza i suszarki generuj\u0105ce gor\u0105ce powietrze zanieczyszczaj\u0105 przestrze\u0144 toalet i mog\u0105 by\u0107 niewskazane w plac\u00f3wkach opieki zdrowotnej.\" \/>\n<meta property=\"og:url\" content=\"https:\/\/europeantissue.com\/pl\/higiena-pl\/uczenie-sie\/nowe-badanie-pilotazowe-dotyczace-przenoszenia-drobnoustrojow-z-lazienek-szpitalnych-na-oddzialy-2021\/\" \/>\n<meta property=\"og:site_name\" content=\"European Tissue Symposium\" \/>\n<meta property=\"article:modified_time\" content=\"2021-03-20T10:26:25+00:00\" \/>\n<meta property=\"og:image\" content=\"https:\/\/europeantissue.com\/wp-content\/uploads\/2021\/03\/ICHE-cover-March-2021-3d.jpg\" \/>\n<meta name=\"twitter:card\" content=\"summary_large_image\" \/>\n<meta name=\"twitter:label1\" content=\"Szacowany czas czytania\" \/>\n\t<meta name=\"twitter:data1\" content=\"6 minut\" \/>\n<script type=\"application\/ld+json\" class=\"yoast-schema-graph\">{\"@context\":\"https:\/\/schema.org\",\"@graph\":[{\"@type\":\"WebPage\",\"@id\":\"https:\/\/europeantissue.com\/pl\/higiena-pl\/uczenie-sie\/nowe-badanie-pilotazowe-dotyczace-przenoszenia-drobnoustrojow-z-lazienek-szpitalnych-na-oddzialy-2021\/\",\"url\":\"https:\/\/europeantissue.com\/pl\/higiena-pl\/uczenie-sie\/nowe-badanie-pilotazowe-dotyczace-przenoszenia-drobnoustrojow-z-lazienek-szpitalnych-na-oddzialy-2021\/\",\"name\":\"Nowe badanie pilota\u017cowe dotycz\u0105ce przenoszenia drobnoustroj\u00f3w z \u0142azienek szpitalnych na oddzia\u0142y (2021) - European Tissue Symposium\",\"isPartOf\":{\"@id\":\"https:\/\/europeantissue.com\/de\/#website\"},\"primaryImageOfPage\":{\"@id\":\"https:\/\/europeantissue.com\/pl\/higiena-pl\/uczenie-sie\/nowe-badanie-pilotazowe-dotyczace-przenoszenia-drobnoustrojow-z-lazienek-szpitalnych-na-oddzialy-2021\/#primaryimage\"},\"image\":{\"@id\":\"https:\/\/europeantissue.com\/pl\/higiena-pl\/uczenie-sie\/nowe-badanie-pilotazowe-dotyczace-przenoszenia-drobnoustrojow-z-lazienek-szpitalnych-na-oddzialy-2021\/#primaryimage\"},\"thumbnailUrl\":\"https:\/\/europeantissue.com\/wp-content\/uploads\/2021\/03\/ICHE-cover-March-2021-3d.jpg\",\"datePublished\":\"2021-03-20T10:22:53+00:00\",\"dateModified\":\"2021-03-20T10:26:25+00:00\",\"description\":\"Zanieczyszczenie \u0142azience: suszarki generuj\u0105ce strumie\u0144 powietrza i suszarki generuj\u0105ce gor\u0105ce powietrze zanieczyszczaj\u0105 przestrze\u0144 toalet i mog\u0105 by\u0107 niewskazane w plac\u00f3wkach opieki zdrowotnej.\",\"breadcrumb\":{\"@id\":\"https:\/\/europeantissue.com\/pl\/higiena-pl\/uczenie-sie\/nowe-badanie-pilotazowe-dotyczace-przenoszenia-drobnoustrojow-z-lazienek-szpitalnych-na-oddzialy-2021\/#breadcrumb\"},\"inLanguage\":\"pl-PL\",\"potentialAction\":[{\"@type\":\"ReadAction\",\"target\":[\"https:\/\/europeantissue.com\/pl\/higiena-pl\/uczenie-sie\/nowe-badanie-pilotazowe-dotyczace-przenoszenia-drobnoustrojow-z-lazienek-szpitalnych-na-oddzialy-2021\/\"]}]},{\"@type\":\"ImageObject\",\"inLanguage\":\"pl-PL\",\"@id\":\"https:\/\/europeantissue.com\/pl\/higiena-pl\/uczenie-sie\/nowe-badanie-pilotazowe-dotyczace-przenoszenia-drobnoustrojow-z-lazienek-szpitalnych-na-oddzialy-2021\/#primaryimage\",\"url\":\"https:\/\/europeantissue.com\/wp-content\/uploads\/2021\/03\/ICHE-cover-March-2021-3d.jpg\",\"contentUrl\":\"https:\/\/europeantissue.com\/wp-content\/uploads\/2021\/03\/ICHE-cover-March-2021-3d.jpg\"},{\"@type\":\"BreadcrumbList\",\"@id\":\"https:\/\/europeantissue.com\/pl\/higiena-pl\/uczenie-sie\/nowe-badanie-pilotazowe-dotyczace-przenoszenia-drobnoustrojow-z-lazienek-szpitalnych-na-oddzialy-2021\/#breadcrumb\",\"itemListElement\":[{\"@type\":\"ListItem\",\"position\":1,\"name\":\"Home\",\"item\":\"https:\/\/europeantissue.com\/pl\/\"},{\"@type\":\"ListItem\",\"position\":2,\"name\":\"Higiena (PL)\",\"item\":\"https:\/\/europeantissue.com\/pl\/higiena-pl\/\"},{\"@type\":\"ListItem\",\"position\":3,\"name\":\"Badania\",\"item\":\"https:\/\/europeantissue.com\/pl\/higiena-pl\/uczenie-sie\/\"},{\"@type\":\"ListItem\",\"position\":4,\"name\":\"Nowe badanie pilota\u017cowe dotycz\u0105ce przenoszenia drobnoustroj\u00f3w z \u0142azienek szpitalnych na oddzia\u0142y (2021)\"}]},{\"@type\":\"WebSite\",\"@id\":\"https:\/\/europeantissue.com\/de\/#website\",\"url\":\"https:\/\/europeantissue.com\/de\/\",\"name\":\"European Tissue Symposium\",\"description\":\"\",\"potentialAction\":[{\"@type\":\"SearchAction\",\"target\":{\"@type\":\"EntryPoint\",\"urlTemplate\":\"https:\/\/europeantissue.com\/de\/?s={search_term_string}\"},\"query-input\":{\"@type\":\"PropertyValueSpecification\",\"valueRequired\":true,\"valueName\":\"search_term_string\"}}],\"inLanguage\":\"pl-PL\"}]}<\/script>\n<!-- \/ Yoast SEO plugin. -->","yoast_head_json":{"title":"Nowe badanie pilota\u017cowe dotycz\u0105ce przenoszenia drobnoustroj\u00f3w z \u0142azienek szpitalnych na oddzia\u0142y (2021) - European Tissue Symposium","description":"Zanieczyszczenie \u0142azience: suszarki generuj\u0105ce strumie\u0144 powietrza i suszarki generuj\u0105ce gor\u0105ce powietrze zanieczyszczaj\u0105 przestrze\u0144 toalet i mog\u0105 by\u0107 niewskazane w plac\u00f3wkach opieki zdrowotnej.","robots":{"index":"index","follow":"follow","max-snippet":"max-snippet:-1","max-image-preview":"max-image-preview:large","max-video-preview":"max-video-preview:-1"},"canonical":"https:\/\/europeantissue.com\/pl\/higiena-pl\/uczenie-sie\/nowe-badanie-pilotazowe-dotyczace-przenoszenia-drobnoustrojow-z-lazienek-szpitalnych-na-oddzialy-2021\/","og_locale":"pl_PL","og_type":"article","og_title":"Nowe badanie pilota\u017cowe dotycz\u0105ce przenoszenia drobnoustroj\u00f3w z \u0142azienek szpitalnych na oddzia\u0142y (2021) - European Tissue Symposium","og_description":"Zanieczyszczenie \u0142azience: suszarki generuj\u0105ce strumie\u0144 powietrza i suszarki generuj\u0105ce gor\u0105ce powietrze zanieczyszczaj\u0105 przestrze\u0144 toalet i mog\u0105 by\u0107 niewskazane w plac\u00f3wkach opieki zdrowotnej.","og_url":"https:\/\/europeantissue.com\/pl\/higiena-pl\/uczenie-sie\/nowe-badanie-pilotazowe-dotyczace-przenoszenia-drobnoustrojow-z-lazienek-szpitalnych-na-oddzialy-2021\/","og_site_name":"European Tissue Symposium","article_modified_time":"2021-03-20T10:26:25+00:00","og_image":[{"url":"https:\/\/europeantissue.com\/wp-content\/uploads\/2021\/03\/ICHE-cover-March-2021-3d.jpg","type":"","width":"","height":""}],"twitter_card":"summary_large_image","twitter_misc":{"Szacowany czas czytania":"6 minut"},"schema":{"@context":"https:\/\/schema.org","@graph":[{"@type":"WebPage","@id":"https:\/\/europeantissue.com\/pl\/higiena-pl\/uczenie-sie\/nowe-badanie-pilotazowe-dotyczace-przenoszenia-drobnoustrojow-z-lazienek-szpitalnych-na-oddzialy-2021\/","url":"https:\/\/europeantissue.com\/pl\/higiena-pl\/uczenie-sie\/nowe-badanie-pilotazowe-dotyczace-przenoszenia-drobnoustrojow-z-lazienek-szpitalnych-na-oddzialy-2021\/","name":"Nowe badanie pilota\u017cowe dotycz\u0105ce przenoszenia drobnoustroj\u00f3w z \u0142azienek szpitalnych na oddzia\u0142y (2021) - European Tissue Symposium","isPartOf":{"@id":"https:\/\/europeantissue.com\/de\/#website"},"primaryImageOfPage":{"@id":"https:\/\/europeantissue.com\/pl\/higiena-pl\/uczenie-sie\/nowe-badanie-pilotazowe-dotyczace-przenoszenia-drobnoustrojow-z-lazienek-szpitalnych-na-oddzialy-2021\/#primaryimage"},"image":{"@id":"https:\/\/europeantissue.com\/pl\/higiena-pl\/uczenie-sie\/nowe-badanie-pilotazowe-dotyczace-przenoszenia-drobnoustrojow-z-lazienek-szpitalnych-na-oddzialy-2021\/#primaryimage"},"thumbnailUrl":"https:\/\/europeantissue.com\/wp-content\/uploads\/2021\/03\/ICHE-cover-March-2021-3d.jpg","datePublished":"2021-03-20T10:22:53+00:00","dateModified":"2021-03-20T10:26:25+00:00","description":"Zanieczyszczenie \u0142azience: suszarki generuj\u0105ce strumie\u0144 powietrza i suszarki generuj\u0105ce gor\u0105ce powietrze zanieczyszczaj\u0105 przestrze\u0144 toalet i mog\u0105 by\u0107 niewskazane w plac\u00f3wkach opieki zdrowotnej.","breadcrumb":{"@id":"https:\/\/europeantissue.com\/pl\/higiena-pl\/uczenie-sie\/nowe-badanie-pilotazowe-dotyczace-przenoszenia-drobnoustrojow-z-lazienek-szpitalnych-na-oddzialy-2021\/#breadcrumb"},"inLanguage":"pl-PL","potentialAction":[{"@type":"ReadAction","target":["https:\/\/europeantissue.com\/pl\/higiena-pl\/uczenie-sie\/nowe-badanie-pilotazowe-dotyczace-przenoszenia-drobnoustrojow-z-lazienek-szpitalnych-na-oddzialy-2021\/"]}]},{"@type":"ImageObject","inLanguage":"pl-PL","@id":"https:\/\/europeantissue.com\/pl\/higiena-pl\/uczenie-sie\/nowe-badanie-pilotazowe-dotyczace-przenoszenia-drobnoustrojow-z-lazienek-szpitalnych-na-oddzialy-2021\/#primaryimage","url":"https:\/\/europeantissue.com\/wp-content\/uploads\/2021\/03\/ICHE-cover-March-2021-3d.jpg","contentUrl":"https:\/\/europeantissue.com\/wp-content\/uploads\/2021\/03\/ICHE-cover-March-2021-3d.jpg"},{"@type":"BreadcrumbList","@id":"https:\/\/europeantissue.com\/pl\/higiena-pl\/uczenie-sie\/nowe-badanie-pilotazowe-dotyczace-przenoszenia-drobnoustrojow-z-lazienek-szpitalnych-na-oddzialy-2021\/#breadcrumb","itemListElement":[{"@type":"ListItem","position":1,"name":"Home","item":"https:\/\/europeantissue.com\/pl\/"},{"@type":"ListItem","position":2,"name":"Higiena (PL)","item":"https:\/\/europeantissue.com\/pl\/higiena-pl\/"},{"@type":"ListItem","position":3,"name":"Badania","item":"https:\/\/europeantissue.com\/pl\/higiena-pl\/uczenie-sie\/"},{"@type":"ListItem","position":4,"name":"Nowe badanie pilota\u017cowe dotycz\u0105ce przenoszenia drobnoustroj\u00f3w z \u0142azienek szpitalnych na oddzia\u0142y (2021)"}]},{"@type":"WebSite","@id":"https:\/\/europeantissue.com\/de\/#website","url":"https:\/\/europeantissue.com\/de\/","name":"European Tissue Symposium","description":"","potentialAction":[{"@type":"SearchAction","target":{"@type":"EntryPoint","urlTemplate":"https:\/\/europeantissue.com\/de\/?s={search_term_string}"},"query-input":{"@type":"PropertyValueSpecification","valueRequired":true,"valueName":"search_term_string"}}],"inLanguage":"pl-PL"}]}},"_links":{"self":[{"href":"https:\/\/europeantissue.com\/pl\/wp-json\/wp\/v2\/pages\/12441","targetHints":{"allow":["GET"]}}],"collection":[{"href":"https:\/\/europeantissue.com\/pl\/wp-json\/wp\/v2\/pages"}],"about":[{"href":"https:\/\/europeantissue.com\/pl\/wp-json\/wp\/v2\/types\/page"}],"author":[{"embeddable":true,"href":"https:\/\/europeantissue.com\/pl\/wp-json\/wp\/v2\/users\/16"}],"replies":[{"embeddable":true,"href":"https:\/\/europeantissue.com\/pl\/wp-json\/wp\/v2\/comments?post=12441"}],"version-history":[{"count":0,"href":"https:\/\/europeantissue.com\/pl\/wp-json\/wp\/v2\/pages\/12441\/revisions"}],"up":[{"embeddable":true,"href":"https:\/\/europeantissue.com\/pl\/wp-json\/wp\/v2\/pages\/7697"}],"wp:attachment":[{"href":"https:\/\/europeantissue.com\/pl\/wp-json\/wp\/v2\/media?parent=12441"}],"curies":[{"name":"wp","href":"https:\/\/api.w.org\/{rel}","templated":true}]}}