 {"id":11032,"date":"2020-02-19T09:19:23","date_gmt":"2020-02-19T09:19:23","guid":{"rendered":"http:\/\/europeantissue.com\/?page_id=11032"},"modified":"2020-02-19T11:36:46","modified_gmt":"2020-02-19T11:36:46","slug":"naukowcy-i-sanepid-ostrzegaja-suszarki-do-rak-rozprowadzaja-zarazki-fakty-tvn","status":"publish","type":"page","link":"https:\/\/europeantissue.com\/pl\/naukowcy-i-sanepid-ostrzegaja-suszarki-do-rak-rozprowadzaja-zarazki-fakty-tvn\/","title":{"rendered":"Naukowcy i sanepid ostrzegaj\u0105: suszarki do r\u0105k rozprowadzaj\u0105 zarazki (Fakty TVN)"},"content":{"rendered":"<p><div class=\"fusion-fullwidth fullwidth-box fusion-builder-row-1 hundred-percent-fullwidth non-hundred-percent-height-scrolling\" style=\"--awb-border-radius-top-left:0px;--awb-border-radius-top-right:0px;--awb-border-radius-bottom-right:0px;--awb-border-radius-bottom-left:0px;--awb-overflow:visible;--awb-flex-wrap:wrap;\" ><div class=\"fusion-builder-row fusion-row\"><div class=\"fusion-layout-column fusion_builder_column fusion-builder-column-0 fusion_builder_column_1_1 1_1 fusion-one-full fusion-column-first fusion-column-last\" style=\"--awb-bg-size:cover;\"><div class=\"fusion-column-wrapper fusion-flex-column-wrapper-legacy\"><div class=\"fusion-text fusion-text-1\"><h2>Naukowcy i sanepid ostrzegaj\u0105: suszarki do r\u0105k rozprowadzaj\u0105 zarazki<\/h2>\n<h4><strong>Gdyby bra\u0107 do serca ostrze\u017cenia naukowc\u00f3w, to nale\u017ca\u0142oby si\u0119 dobrze zastanowi\u0107 przed u\u017cyciem suszarek do r\u0105k. Ich powierzchnie pokryte s\u0105 kilkadziesi\u0105t razy wi\u0119ksz\u0105 liczb\u0105 bakterii ni\u017c pojemniki na r\u0119czniki. Suszarka, dmuchaj\u0105c powietrzem, rozprowadza bakterie i inne patogeny.<\/strong><\/h4>\n<p>Rozpylacze bakterii &#8211; tak\u0105 nazw\u0119 mog\u0142yby nosi\u0107 suszarki do r\u0105k, bez kt\u00f3rych trudno sobie wyobrazi\u0107 publiczne toalety. Likwiduj\u0105c wilgo\u0107 na naszych d\u0142oniach, przy okazji rozbryzguj\u0105 na wszystkie strony resztki wody z zarazkami: na umywalki obok, na \u015bciany, na nasze ubrania i twarze.<br \/>\n&#8211; Wi\u0119kszo\u015b\u0107 rozproszonych kropli uderza w klatk\u0119 piersiow\u0105 doros\u0142ej osoby i w twarz dziecka, to jest ten poziom. Dostaj\u0105 to te\u017c kolejne osoby czekaj\u0105ce w kolejce na u\u017cycie suszarki &#8211; opisuje przyk\u0142adow\u0105 sytuacj\u0119 prof. Mark Wilcox, konsultant ds. mikrobiologii medycznej z Wielkiej Brytanii. <br \/>\nNajgorzej jest w szpitalach. Naukowcy z Uniwersytetu w Leeds zbadali trzy kliniki i wyniki ich bada\u0144 by\u0142y dramatyczne. W samym szpitalu w Leeds powierzchnie suszarek by\u0142y pokryte dwadzie\u015bcia dwa razy wi\u0119ksz\u0105 ilo\u015bci\u0105 bakterii ni\u017c dystrybutory jednorazowych r\u0119cznik\u00f3w. W Pary\u017cu &#8211; trzydzie\u015bci trzy razy wi\u0119ksz\u0105 ilo\u015bci\u0105, a we w\u0142oskim Udine &#8211; stukrotnie.<\/p>\n<h4><strong>Koniec ery suszarek<\/strong><\/h4>\n<p>Na ca\u0142ym \u015bwiecie szpitale wycofuj\u0105 suszarki do r\u0105k ze wszystkich \u0142azienek. Tak\u017ce w Polsce. <br \/>\n&#8211; Wed\u0142ug naszego rozeznania s\u0105 to ju\u017c nieliczne miejsca, gdzie takie suszarki s\u0105, i one z zak\u0142adu opieki zdrowotnej powinny by\u0107 wycofywane &#8211; m\u00f3wi Andrzej Trybusz, dyrektor sanepidu w Poznaniu. <br \/>\nSuszarki rozbryzguj\u0105 zarazki ze \u017ale umytych r\u0105k, bo wi\u0119kszo\u015b\u0107 z nas nie myje ich wystarczaj\u0105co d\u0142ugo i dok\u0142adnie. <br \/>\nNajgorsze s\u0105 suszarki, do kt\u00f3rych trzeba wk\u0142ada\u0107 r\u0119ce, bo bardzo \u0142atwo ka\u017cdy, kto z nich korzysta, mo\u017ce dotkn\u0105\u0107 ich obudowy, nie tylko r\u0119kami, ale nawet cz\u0119\u015bciami garderoby. Tak wysuszone r\u0119ce nadaj\u0105 si\u0119 do ponownego mycia. <br \/>\nZdaniem Ma\u0142gorzaty Giemzy, konsultanta wojew\u00f3dzkiego w dziedzinie piel\u0119gniarstwa epidemiologicznego, takie suszarki powinny by\u0107 wycofane. &#8211; Ja nie jestem zwolenniczk\u0105 takiego suszenia, bo powoduje ono rozsiew nie tylko drobnoustroj\u00f3w, ale i kurzu &#8211; m\u00f3wi.<\/p>\n<h4><strong>Problem publicznych toalet <\/strong><\/h4>\n<p>Publiczne \u0142azienki, tak\u017ce bez suszarek, to epidemiologiczne bomby. Wszystkich tych miejsc dotykaj\u0105 setki os\u00f3b tu\u017c przed umyciem r\u0105k. Ju\u017c po umyciu wystarczy na przyk\u0142ad dotkn\u0105\u0107 kran lub otworzy\u0107 klamk\u0105 drzwi, \u017ceby zabra\u0107 ze sob\u0105 w dalsz\u0105 drog\u0119 niebezpieczne patogeny. <br \/>\n&#8211; Je\u017celi kto\u015b dotkn\u0105\u0142 zaka\u017con\u0105 b\u0105d\u017a brudn\u0105 r\u0119k\u0105 tego zlewozmywaka lub t\u0119 bateri\u0119, to po umyciu r\u0105k, zamykaj\u0105c j\u0105, te\u017c t\u0119 bateri\u0119 dotyka, i te bakterie, pomimo sp\u0142ukania wod\u0105, umycia wod\u0105 z myd\u0142em, na tych jego r\u0119kach b\u0119d\u0105 &#8211; wyja\u015bnia Marek Posobkiewicz, g\u0142\u00f3wny inspektor sanitarny MSWiA. <br \/>\nPrzysz\u0142o\u015b\u0107 nale\u017cy do jednorazowych r\u0119cznik\u00f3w i bezdotykowych urz\u0105dze\u0144 na fotokom\u00f3rk\u0119. Autor: Marek Nowicki \/ \u0179r\u00f3d\u0142o: Fakty TVN&nbsp;<\/p>\n<\/div><div class=\"fusion-clearfix\"><\/div><\/div><\/div><\/div><\/div><div class=\"fusion-fullwidth fullwidth-box fusion-builder-row-2 nonhundred-percent-fullwidth non-hundred-percent-height-scrolling\" style=\"--awb-background-position:left top;--awb-border-radius-top-left:0px;--awb-border-radius-top-right:0px;--awb-border-radius-bottom-right:0px;--awb-border-radius-bottom-left:0px;--awb-padding-top:20px;--awb-padding-right:0px;--awb-padding-bottom:20px;--awb-padding-left:0px;--awb-border-sizes-top:0px;--awb-border-sizes-bottom:0px;--awb-flex-wrap:wrap;\" ><div class=\"fusion-builder-row fusion-row\"><div class=\"fusion-layout-column fusion_builder_column fusion-builder-column-1 fusion_builder_column_1_1 1_1 fusion-one-full fusion-column-first fusion-column-last fusion-column-no-min-height\" style=\"--awb-bg-size:cover;--awb-margin-bottom:0px;\"><div class=\"fusion-column-wrapper fusion-flex-column-wrapper-legacy\"><div class=\"fusion-text fusion-text-2\"><div style=\"width: 960px;\" class=\"wp-video\"><video class=\"wp-video-shortcode\" id=\"video-11032-1\" width=\"960\" height=\"568\" preload=\"metadata\" controls=\"controls\"><source type=\"video\/mp4\" src=\"https:\/\/europeantissue.com\/wp-content\/uploads\/2020\/02\/Polish-Video-TV-Fakti.mp4?_=1\" \/><a href=\"https:\/\/europeantissue.com\/wp-content\/uploads\/2020\/02\/Polish-Video-TV-Fakti.mp4\">https:\/\/europeantissue.com\/wp-content\/uploads\/2020\/02\/Polish-Video-TV-Fakti.mp4<\/a><\/video><\/div>\n<\/div><div class=\"fusion-clearfix\"><\/div><\/div><\/div><\/div><\/div><\/p>\n","protected":false},"excerpt":{"rendered":"","protected":false},"author":16,"featured_media":0,"parent":0,"menu_order":3,"comment_status":"open","ping_status":"closed","template":"","meta":{"_monsterinsights_skip_tracking":false,"_monsterinsights_sitenote_active":false,"_monsterinsights_sitenote_note":"","_monsterinsights_sitenote_category":0,"ngg_post_thumbnail":0,"footnotes":""},"class_list":["post-11032","page","type-page","status-publish","hentry"],"yoast_head":"<!-- This site is optimized with the Yoast SEO plugin v26.3 - https:\/\/yoast.com\/wordpress\/plugins\/seo\/ -->\n<title>Naukowcy i sanepid ostrzegaj\u0105: suszarki do r\u0105k rozprowadzaj\u0105 zarazki (Fakty TVN) - European Tissue Symposium<\/title>\n<meta name=\"description\" content=\"Jak my\u0107 i suszy\u0107 r\u0119ce\u00a0Usilnie zaleca si\u0119 korzystanie z r\u0119cznik\u00f3w jednorazowego u\u017cytku (produkt\u00f3w przemys\u0142u papierniczego).\" \/>\n<meta name=\"robots\" content=\"index, follow, max-snippet:-1, max-image-preview:large, max-video-preview:-1\" \/>\n<link rel=\"canonical\" href=\"https:\/\/europeantissue.com\/pl\/naukowcy-i-sanepid-ostrzegaja-suszarki-do-rak-rozprowadzaja-zarazki-fakty-tvn\/\" \/>\n<meta property=\"og:locale\" content=\"pl_PL\" \/>\n<meta property=\"og:type\" content=\"article\" \/>\n<meta property=\"og:title\" content=\"Naukowcy i sanepid ostrzegaj\u0105: suszarki do r\u0105k rozprowadzaj\u0105 zarazki (Fakty TVN) - European Tissue Symposium\" \/>\n<meta property=\"og:description\" content=\"Jak my\u0107 i suszy\u0107 r\u0119ce\u00a0Usilnie zaleca si\u0119 korzystanie z r\u0119cznik\u00f3w jednorazowego u\u017cytku (produkt\u00f3w przemys\u0142u papierniczego).\" \/>\n<meta property=\"og:url\" content=\"https:\/\/europeantissue.com\/pl\/naukowcy-i-sanepid-ostrzegaja-suszarki-do-rak-rozprowadzaja-zarazki-fakty-tvn\/\" \/>\n<meta property=\"og:site_name\" content=\"European Tissue Symposium\" \/>\n<meta property=\"article:modified_time\" content=\"2020-02-19T11:36:46+00:00\" \/>\n<meta name=\"twitter:card\" content=\"summary_large_image\" \/>\n<meta name=\"twitter:label1\" content=\"Szacowany czas czytania\" \/>\n\t<meta name=\"twitter:data1\" content=\"4 minuty\" \/>\n<script type=\"application\/ld+json\" class=\"yoast-schema-graph\">{\"@context\":\"https:\/\/schema.org\",\"@graph\":[{\"@type\":\"WebPage\",\"@id\":\"https:\/\/europeantissue.com\/pl\/naukowcy-i-sanepid-ostrzegaja-suszarki-do-rak-rozprowadzaja-zarazki-fakty-tvn\/\",\"url\":\"https:\/\/europeantissue.com\/pl\/naukowcy-i-sanepid-ostrzegaja-suszarki-do-rak-rozprowadzaja-zarazki-fakty-tvn\/\",\"name\":\"Naukowcy i sanepid ostrzegaj\u0105: suszarki do r\u0105k rozprowadzaj\u0105 zarazki (Fakty TVN) - European Tissue Symposium\",\"isPartOf\":{\"@id\":\"https:\/\/europeantissue.com\/de\/#website\"},\"datePublished\":\"2020-02-19T09:19:23+00:00\",\"dateModified\":\"2020-02-19T11:36:46+00:00\",\"description\":\"Jak my\u0107 i suszy\u0107 r\u0119ce\u00a0Usilnie zaleca si\u0119 korzystanie z r\u0119cznik\u00f3w jednorazowego u\u017cytku (produkt\u00f3w przemys\u0142u papierniczego).\",\"breadcrumb\":{\"@id\":\"https:\/\/europeantissue.com\/pl\/naukowcy-i-sanepid-ostrzegaja-suszarki-do-rak-rozprowadzaja-zarazki-fakty-tvn\/#breadcrumb\"},\"inLanguage\":\"pl-PL\",\"potentialAction\":[{\"@type\":\"ReadAction\",\"target\":[\"https:\/\/europeantissue.com\/pl\/naukowcy-i-sanepid-ostrzegaja-suszarki-do-rak-rozprowadzaja-zarazki-fakty-tvn\/\"]}]},{\"@type\":\"BreadcrumbList\",\"@id\":\"https:\/\/europeantissue.com\/pl\/naukowcy-i-sanepid-ostrzegaja-suszarki-do-rak-rozprowadzaja-zarazki-fakty-tvn\/#breadcrumb\",\"itemListElement\":[{\"@type\":\"ListItem\",\"position\":1,\"name\":\"Home\",\"item\":\"https:\/\/europeantissue.com\/pl\/\"},{\"@type\":\"ListItem\",\"position\":2,\"name\":\"Naukowcy i sanepid ostrzegaj\u0105: suszarki do r\u0105k rozprowadzaj\u0105 zarazki (Fakty TVN)\"}]},{\"@type\":\"WebSite\",\"@id\":\"https:\/\/europeantissue.com\/de\/#website\",\"url\":\"https:\/\/europeantissue.com\/de\/\",\"name\":\"European Tissue Symposium\",\"description\":\"\",\"potentialAction\":[{\"@type\":\"SearchAction\",\"target\":{\"@type\":\"EntryPoint\",\"urlTemplate\":\"https:\/\/europeantissue.com\/de\/?s={search_term_string}\"},\"query-input\":{\"@type\":\"PropertyValueSpecification\",\"valueRequired\":true,\"valueName\":\"search_term_string\"}}],\"inLanguage\":\"pl-PL\"}]}<\/script>\n<!-- \/ Yoast SEO plugin. -->","yoast_head_json":{"title":"Naukowcy i sanepid ostrzegaj\u0105: suszarki do r\u0105k rozprowadzaj\u0105 zarazki (Fakty TVN) - European Tissue Symposium","description":"Jak my\u0107 i suszy\u0107 r\u0119ce\u00a0Usilnie zaleca si\u0119 korzystanie z r\u0119cznik\u00f3w jednorazowego u\u017cytku (produkt\u00f3w przemys\u0142u papierniczego).","robots":{"index":"index","follow":"follow","max-snippet":"max-snippet:-1","max-image-preview":"max-image-preview:large","max-video-preview":"max-video-preview:-1"},"canonical":"https:\/\/europeantissue.com\/pl\/naukowcy-i-sanepid-ostrzegaja-suszarki-do-rak-rozprowadzaja-zarazki-fakty-tvn\/","og_locale":"pl_PL","og_type":"article","og_title":"Naukowcy i sanepid ostrzegaj\u0105: suszarki do r\u0105k rozprowadzaj\u0105 zarazki (Fakty TVN) - European Tissue Symposium","og_description":"Jak my\u0107 i suszy\u0107 r\u0119ce\u00a0Usilnie zaleca si\u0119 korzystanie z r\u0119cznik\u00f3w jednorazowego u\u017cytku (produkt\u00f3w przemys\u0142u papierniczego).","og_url":"https:\/\/europeantissue.com\/pl\/naukowcy-i-sanepid-ostrzegaja-suszarki-do-rak-rozprowadzaja-zarazki-fakty-tvn\/","og_site_name":"European Tissue Symposium","article_modified_time":"2020-02-19T11:36:46+00:00","twitter_card":"summary_large_image","twitter_misc":{"Szacowany czas czytania":"4 minuty"},"schema":{"@context":"https:\/\/schema.org","@graph":[{"@type":"WebPage","@id":"https:\/\/europeantissue.com\/pl\/naukowcy-i-sanepid-ostrzegaja-suszarki-do-rak-rozprowadzaja-zarazki-fakty-tvn\/","url":"https:\/\/europeantissue.com\/pl\/naukowcy-i-sanepid-ostrzegaja-suszarki-do-rak-rozprowadzaja-zarazki-fakty-tvn\/","name":"Naukowcy i sanepid ostrzegaj\u0105: suszarki do r\u0105k rozprowadzaj\u0105 zarazki (Fakty TVN) - European Tissue Symposium","isPartOf":{"@id":"https:\/\/europeantissue.com\/de\/#website"},"datePublished":"2020-02-19T09:19:23+00:00","dateModified":"2020-02-19T11:36:46+00:00","description":"Jak my\u0107 i suszy\u0107 r\u0119ce\u00a0Usilnie zaleca si\u0119 korzystanie z r\u0119cznik\u00f3w jednorazowego u\u017cytku (produkt\u00f3w przemys\u0142u papierniczego).","breadcrumb":{"@id":"https:\/\/europeantissue.com\/pl\/naukowcy-i-sanepid-ostrzegaja-suszarki-do-rak-rozprowadzaja-zarazki-fakty-tvn\/#breadcrumb"},"inLanguage":"pl-PL","potentialAction":[{"@type":"ReadAction","target":["https:\/\/europeantissue.com\/pl\/naukowcy-i-sanepid-ostrzegaja-suszarki-do-rak-rozprowadzaja-zarazki-fakty-tvn\/"]}]},{"@type":"BreadcrumbList","@id":"https:\/\/europeantissue.com\/pl\/naukowcy-i-sanepid-ostrzegaja-suszarki-do-rak-rozprowadzaja-zarazki-fakty-tvn\/#breadcrumb","itemListElement":[{"@type":"ListItem","position":1,"name":"Home","item":"https:\/\/europeantissue.com\/pl\/"},{"@type":"ListItem","position":2,"name":"Naukowcy i sanepid ostrzegaj\u0105: suszarki do r\u0105k rozprowadzaj\u0105 zarazki (Fakty TVN)"}]},{"@type":"WebSite","@id":"https:\/\/europeantissue.com\/de\/#website","url":"https:\/\/europeantissue.com\/de\/","name":"European Tissue Symposium","description":"","potentialAction":[{"@type":"SearchAction","target":{"@type":"EntryPoint","urlTemplate":"https:\/\/europeantissue.com\/de\/?s={search_term_string}"},"query-input":{"@type":"PropertyValueSpecification","valueRequired":true,"valueName":"search_term_string"}}],"inLanguage":"pl-PL"}]}},"_links":{"self":[{"href":"https:\/\/europeantissue.com\/pl\/wp-json\/wp\/v2\/pages\/11032","targetHints":{"allow":["GET"]}}],"collection":[{"href":"https:\/\/europeantissue.com\/pl\/wp-json\/wp\/v2\/pages"}],"about":[{"href":"https:\/\/europeantissue.com\/pl\/wp-json\/wp\/v2\/types\/page"}],"author":[{"embeddable":true,"href":"https:\/\/europeantissue.com\/pl\/wp-json\/wp\/v2\/users\/16"}],"replies":[{"embeddable":true,"href":"https:\/\/europeantissue.com\/pl\/wp-json\/wp\/v2\/comments?post=11032"}],"version-history":[{"count":0,"href":"https:\/\/europeantissue.com\/pl\/wp-json\/wp\/v2\/pages\/11032\/revisions"}],"wp:attachment":[{"href":"https:\/\/europeantissue.com\/pl\/wp-json\/wp\/v2\/media?parent=11032"}],"curies":[{"name":"wp","href":"https:\/\/api.w.org\/{rel}","templated":true}]}}