 {"id":8876,"date":"2016-03-29T14:44:38","date_gmt":"2016-03-29T14:44:38","guid":{"rendered":"http:\/\/europeantissue.com\/hygiene\/studies\/hand-drying-with-single-use-towels-least-likely-to-spread-viruses\/?lang=it"},"modified":"2018-09-25T06:28:29","modified_gmt":"2018-09-25T06:28:29","slug":"hand-drying-with-single-use-towels-least-likely-to-spread-viruses","status":"publish","type":"page","link":"https:\/\/europeantissue.com\/it\/hygiene\/studies\/hand-drying-with-single-use-towels-least-likely-to-spread-viruses\/","title":{"rendered":"Trasmissione Virus"},"content":{"rendered":"<h1><strong>Gli asciugamani monouso rappresentano il metodo pi\u00f9 igienico per ridurre il rischio di trasmissione dei virus quando si asciugano <br \/>\nle mani nei bagni pubblici<\/strong><\/h1>\n<p>Una nuova <strong><span style=\"color: #1f628f;\">ricerca indipendente<\/span><\/strong> ha dimostrato che gli <span style=\"color: #1f628f;\"><strong>asciugamani monouso rappresentano il metodo pi\u00f9 efficace per asciugarsi le mani nei bagni pubblici<\/strong><\/span>. Lo studio indica che contribuiscono a ridurre al minimo alla trasmissione dei virus, compresi quelli associati a varie malattie come le infezioni gastrointestinali da Norovirus e Rotavirus.<\/p>\n<p>Gli asciugamani monouso disperdono una quantit\u00e0 inferiore di microorganismi nell&#8217;ambiente rispetto agli asciugatori a lama d&#8217;aria e agli asciugatori ad aria calda, inoltre riducono il rischio che i virus vengano portati dai getti d&#8217;aria sul viso dei bambini che accompagnano gli adulti in bagno. <br \/>\nQuesti risultati hanno implicazioni importanti per i responsabili dei servizi igienici in ambienti come ospedali e ristoranti dove l&#8217;igiene \u00e8 fondamentale.<\/p>\n<h2><strong>I risultati della ricerca<\/strong><\/h2>\n<p>Gli esperti microbiologi, il <span style=\"color: #1f628f;\"><strong>Dr. Patrick Kimmitt e il Dr. Keith Redway dell&#8217;Universit\u00e0 di Westminster<\/strong><\/span>, hanno studiato la trasmissione dei virus in tre metodi di asciugatura delle mani: un asciugatore a lama d&#8217;aria, un asciugatore ad aria calda e asciugamani in carta. <br \/>\nL&#8217;utilizzo di un asciugatore a lama d&#8217;aria ha evidenziato la trasmissione di un numero superiore di particelle virali, ad altezze diverse rispetto agli altri metodi e con un numero di virus che si diffondono nell&#8217;aria significativamente maggiore. Nell&#8217;intervallo di altezze esaminato, in media <span style=\"color: #ff0000;\"><strong>l&#8217;asciugatore a lama d&#8217;aria produce un numero di placche virali superiore di oltre 60 volte rispetto a quello dell&#8217;asciugatore ad aria calda e di oltre 1300 volte a confronto degli asciugamani in carta.<\/strong> <\/span>I risultati medi combinati a distanze fino a 3 metri dai dispositivi per l&#8217;asciugatura delle mani hanno dimostrato che un asciugatore a lama d&#8217;aria produce un numero di placche virali oltre 20 volte maggiore rispetto a un asciugatore ad aria calda e oltre 190 volte superiore rispetto agli asciugamani in carta. <br \/>\nCampioni di aria prelevati 15 minuti dopo l&#8217;uso hanno evidenziato che l&#8217;asciugatore a lama d&#8217;aria produce un numero di placche virali superiore di oltre 50 volte rispetto a quello dell&#8217;asciugatore ad aria calda e di oltre 100 volte a confronto degli asciugamani in carta.<\/p>\n<p><a href=\"http:\/\/europeantissue.com\/wp-content\/uploads\/2016\/03\/ETS_Infographic_UoW-Virus-Study_IT.jpg\" rel=\"attachment wp-att-8865\"><img decoding=\"async\" class=\"alignnone wp-image-8996\" src=\"http:\/\/europeantissue.com\/wp-content\/uploads\/2016\/03\/ETS_Infographic_UoW-Virus-Study_IT-1024x726.jpg\" alt=\"\" width=\"720\" height=\"510\" srcset=\"https:\/\/europeantissue.com\/wp-content\/uploads\/2016\/03\/ETS_Infographic_UoW-Virus-Study_IT-300x214.jpg 300w, https:\/\/europeantissue.com\/wp-content\/uploads\/2016\/03\/ETS_Infographic_UoW-Virus-Study_IT-768x544.jpg 768w, https:\/\/europeantissue.com\/wp-content\/uploads\/2016\/03\/ETS_Infographic_UoW-Virus-Study_IT-1024x726.jpg 1024w, https:\/\/europeantissue.com\/wp-content\/uploads\/2016\/03\/ETS_Infographic_UoW-Virus-Study_IT.jpg 1260w\" sizes=\"(max-width: 720px) 100vw, 720px\" \/><\/a><\/p>\n<p>I virus sono in grado di sopravvivere sulle mani per qualche tempo, come quello dell&#8217;influenza che resiste per 10-15 minuti, l&#8217;Herpes virus che resiste fino a due ore, il virus del raffreddore fino a una settimana e il rotavirus fino a 60 giorni. I patogeni virali come norovirus presentano una bassa dose di infezione e possono essere dispersi in grande numero nelle feci.&nbsp;<\/p>\n<p>\u201c<em>I nostri risultati indicano chiaramente che <span style=\"color: #1f628f;\"><strong>gli asciugamani monouso in carta diffondono il numero pi\u00f9 basso di virus fra tutti i metodi di asciugatura delle mani<\/strong><\/span> che abbiamo testato\u201d<\/em> ha dichiarato il Dr. Patrick Kimmitt . \u201c<em>Si stima che l&#8217;infezione incrociata contribuisca per il 40% ai casi di infezioni in ambito sanitario e che l&#8217;igiene reale a seguito del lavaggio e dell&#8217;asciugatura delle mani rappresenti un passaggio essenziale per ridurre al minimo tali infezioni\u201d.&nbsp; <\/em><\/p>\n<h2><strong>Passare parola<\/strong><\/h2>\n<p>Lo studio \u00e8 stato presentato brevemente da Keith Redway in occasione della Conferenza europea sulla salute pubblica che si \u00e8 tenuta a Milano a ottobre 2015, dove ha riscosso un grande interesse. Poi \u00e8 stata <span style=\"color: #1f628f;\"><strong>pubblicata in una rivista scientifica con revisione paritaria a dicembre 2015 (riferimento: Kimmitt, P.T. &amp; Redway, K.F. Evaluation of the potential for virus dispersal during hand drying: a comparison of three methods. <em>Journal of Applied Microbiology<\/em>. 120, 478-486. <a style=\"color: #1f628f;\" href=\"http:\/\/onlinelibrary.wiley.com\/doi\/10.1111\/jam.13014\/abstract\">http:\/\/onlinelibrary.wiley.com\/doi\/10.1111\/jam.13014\/abstract<\/a>).<\/strong><\/span><\/p>\n<p><a href=\"http:\/\/onlinelibrary.wiley.com\/doi\/10.1111\/jam.13014\/full\"><img decoding=\"async\" class=\"size-medium wp-image-9017 alignleft\" src=\"http:\/\/europeantissue.com\/wp-content\/uploads\/2016\/03\/KR-Viruses-Study-162x300.jpg\" alt=\"KR Viruses Study\" width=\"162\" height=\"300\" srcset=\"https:\/\/europeantissue.com\/wp-content\/uploads\/2016\/03\/KR-Viruses-Study-162x300.jpg 162w, https:\/\/europeantissue.com\/wp-content\/uploads\/2016\/03\/KR-Viruses-Study.jpg 210w\" sizes=\"(max-width: 162px) 100vw, 162px\" \/><\/a>E&#8217; possibile scaricare gratuitamente lo studio completo al seguente link:&nbsp;<a href=\"http:\/\/onlinelibrary.wiley.com\/doi\/10.1111\/jam.13014\/full\">http:\/\/onlinelibrary.wiley.com\/doi\/10.1111\/jam.13014\/full<\/a>&nbsp;<\/p>\n<p>Keith Redway inoltre ha presentato i risultati completi in occasione di ISSA\/Interclean, ad Amsterdam, l&#8217;11 maggio, in un intervento in lingua inglese intitolato \u201cWashroom hygiene: The dispersal of viruses by different hand-drying methods\u201d (Igiene nei bagni: la dispersione dei virus con diversi metodi di asciugatura delle mani).<\/p>\n<p>\u201c<em>Una buona igiene delle mani pu\u00f2 salvare delle vite<\/em>\u201d spiega Keith Redway. \u201c<em>Ridurre al minimo il rischio di infezione grazie a un&#8217;appropriata igiene delle mani prevede la comprensione degli elementi che possono comprometterla. La nostra ricerca e i risultati che abbiamo ottenuto negli anni hanno confermato che gli asciugamani monouso in carta rappresentano il metodo migliore per asciugarsi le mani nei bagni. Questo studio sui virus ha fornito un&#8217;ulteriore prova del fatto che, quando si tratta di igiene, asciugarsi le mani con un asciugamano monouso in carta \u00e8 il modo pi\u00f9 sicuro per ridurre la diffusione dei virus dopo una sosta nel bagno<\/em>.\u201d<\/p>\n<p>Inoltre, una ricerca precedente, condotta dalle Universit\u00e0 di Leeds&nbsp;e Westminster, ha evidenziato che gli asciugatori a lama d&#8217;aria e quelli ad aria calda possono disperdere una quantit\u00e0 superiore di batteri ed altri microbi nell&#8217;ambiente del bagno rispetto agli asciugamani in carta. &nbsp;&nbsp;<br \/>\nGuarda qui il video relativo allo studio: <a href=\"https:\/\/www.youtube.com\/watch?v=nJPxvHPCPUI\">https:\/\/www.youtube.com\/watch?v=nJPxvHPCPUI<\/a><\/p>\n<p><a href=\"https:\/\/www.youtube.com\/watch?v=nJPxvHPCPUI\"><img decoding=\"async\" class=\"aligncenter wp-image-9069 size-full\" src=\"http:\/\/europeantissue.com\/wp-content\/uploads\/2016\/03\/Video-Viruses-e1466018493419.jpg\" alt=\"Video Viruses\" width=\"350\" height=\"183\"><\/a><\/p>\n","protected":false},"excerpt":{"rendered":"<p>Gli asciugamani monouso rappresentano il metodo pi\u00f9 igienico per ridurre il rischio di trasmissione dei virus quando si asciugano le mani nei bagni pubblici Una nuova ricerca indipendente ha dimostrato che gli asciugamani monouso rappresentano il metodo pi\u00f9 efficace per asciugarsi le mani nei bagni pubblici. Lo studio indica che contribuiscono a ridurre al minimo  [&#8230;]<\/p>\n","protected":false},"author":16,"featured_media":0,"parent":7336,"menu_order":1,"comment_status":"closed","ping_status":"closed","template":"","meta":{"_monsterinsights_skip_tracking":false,"_monsterinsights_sitenote_active":false,"_monsterinsights_sitenote_note":"","_monsterinsights_sitenote_category":0,"ngg_post_thumbnail":0,"footnotes":""},"class_list":["post-8876","page","type-page","status-publish","hentry"],"yoast_head":"<!-- This site is optimized with the Yoast SEO plugin v26.3 - https:\/\/yoast.com\/wordpress\/plugins\/seo\/ -->\n<title>Trasmissione Virus - European Tissue Symposium<\/title>\n<meta name=\"description\" content=\"Gli asciugamani monouso rappresentano il metodo pi\u00f9 igienico per ridurre il rischio di trasmissione dei virus quando si asciugano\u00a0le mani nei bagni pubblici\" \/>\n<meta name=\"robots\" content=\"index, follow, max-snippet:-1, max-image-preview:large, max-video-preview:-1\" \/>\n<link rel=\"canonical\" href=\"https:\/\/europeantissue.com\/it\/hygiene\/studies\/hand-drying-with-single-use-towels-least-likely-to-spread-viruses\/\" \/>\n<meta property=\"og:locale\" content=\"it_IT\" \/>\n<meta property=\"og:type\" content=\"article\" \/>\n<meta property=\"og:title\" content=\"Trasmissione Virus - European Tissue Symposium\" \/>\n<meta property=\"og:description\" content=\"Gli asciugamani monouso rappresentano il metodo pi\u00f9 igienico per ridurre il rischio di trasmissione dei virus quando si asciugano\u00a0le mani nei bagni pubblici\" \/>\n<meta property=\"og:url\" content=\"https:\/\/europeantissue.com\/it\/hygiene\/studies\/hand-drying-with-single-use-towels-least-likely-to-spread-viruses\/\" \/>\n<meta property=\"og:site_name\" content=\"European Tissue Symposium\" \/>\n<meta property=\"article:modified_time\" content=\"2018-09-25T06:28:29+00:00\" \/>\n<meta property=\"og:image\" content=\"http:\/\/europeantissue.com\/wp-content\/uploads\/2016\/03\/ETS_Infographic_UoW-Virus-Study_IT-1024x726.jpg\" \/>\n<meta name=\"twitter:card\" content=\"summary_large_image\" \/>\n<meta name=\"twitter:label1\" content=\"Tempo di lettura stimato\" \/>\n\t<meta name=\"twitter:data1\" content=\"4 minuti\" \/>\n<script type=\"application\/ld+json\" class=\"yoast-schema-graph\">{\"@context\":\"https:\/\/schema.org\",\"@graph\":[{\"@type\":\"WebPage\",\"@id\":\"https:\/\/europeantissue.com\/it\/hygiene\/studies\/hand-drying-with-single-use-towels-least-likely-to-spread-viruses\/\",\"url\":\"https:\/\/europeantissue.com\/it\/hygiene\/studies\/hand-drying-with-single-use-towels-least-likely-to-spread-viruses\/\",\"name\":\"Trasmissione Virus - European Tissue Symposium\",\"isPartOf\":{\"@id\":\"https:\/\/europeantissue.com\/de\/#website\"},\"primaryImageOfPage\":{\"@id\":\"https:\/\/europeantissue.com\/it\/hygiene\/studies\/hand-drying-with-single-use-towels-least-likely-to-spread-viruses\/#primaryimage\"},\"image\":{\"@id\":\"https:\/\/europeantissue.com\/it\/hygiene\/studies\/hand-drying-with-single-use-towels-least-likely-to-spread-viruses\/#primaryimage\"},\"thumbnailUrl\":\"http:\/\/europeantissue.com\/wp-content\/uploads\/2016\/03\/ETS_Infographic_UoW-Virus-Study_IT-1024x726.jpg\",\"datePublished\":\"2016-03-29T14:44:38+00:00\",\"dateModified\":\"2018-09-25T06:28:29+00:00\",\"description\":\"Gli asciugamani monouso rappresentano il metodo pi\u00f9 igienico per ridurre il rischio di trasmissione dei virus quando si asciugano\u00a0le mani nei bagni pubblici\",\"breadcrumb\":{\"@id\":\"https:\/\/europeantissue.com\/it\/hygiene\/studies\/hand-drying-with-single-use-towels-least-likely-to-spread-viruses\/#breadcrumb\"},\"inLanguage\":\"it-IT\",\"potentialAction\":[{\"@type\":\"ReadAction\",\"target\":[\"https:\/\/europeantissue.com\/it\/hygiene\/studies\/hand-drying-with-single-use-towels-least-likely-to-spread-viruses\/\"]}]},{\"@type\":\"ImageObject\",\"inLanguage\":\"it-IT\",\"@id\":\"https:\/\/europeantissue.com\/it\/hygiene\/studies\/hand-drying-with-single-use-towels-least-likely-to-spread-viruses\/#primaryimage\",\"url\":\"http:\/\/europeantissue.com\/wp-content\/uploads\/2016\/03\/ETS_Infographic_UoW-Virus-Study_IT-1024x726.jpg\",\"contentUrl\":\"http:\/\/europeantissue.com\/wp-content\/uploads\/2016\/03\/ETS_Infographic_UoW-Virus-Study_IT-1024x726.jpg\"},{\"@type\":\"BreadcrumbList\",\"@id\":\"https:\/\/europeantissue.com\/it\/hygiene\/studies\/hand-drying-with-single-use-towels-least-likely-to-spread-viruses\/#breadcrumb\",\"itemListElement\":[{\"@type\":\"ListItem\",\"position\":1,\"name\":\"Home\",\"item\":\"https:\/\/europeantissue.com\/it\/\"},{\"@type\":\"ListItem\",\"position\":2,\"name\":\"Igiene\",\"item\":\"https:\/\/europeantissue.com\/it\/hygiene\/\"},{\"@type\":\"ListItem\",\"position\":3,\"name\":\"Studi\",\"item\":\"https:\/\/europeantissue.com\/it\/hygiene\/studies\/\"},{\"@type\":\"ListItem\",\"position\":4,\"name\":\"Trasmissione Virus\"}]},{\"@type\":\"WebSite\",\"@id\":\"https:\/\/europeantissue.com\/de\/#website\",\"url\":\"https:\/\/europeantissue.com\/de\/\",\"name\":\"European Tissue Symposium\",\"description\":\"\",\"potentialAction\":[{\"@type\":\"SearchAction\",\"target\":{\"@type\":\"EntryPoint\",\"urlTemplate\":\"https:\/\/europeantissue.com\/de\/?s={search_term_string}\"},\"query-input\":{\"@type\":\"PropertyValueSpecification\",\"valueRequired\":true,\"valueName\":\"search_term_string\"}}],\"inLanguage\":\"it-IT\"}]}<\/script>\n<!-- \/ Yoast SEO plugin. -->","yoast_head_json":{"title":"Trasmissione Virus - European Tissue Symposium","description":"Gli asciugamani monouso rappresentano il metodo pi\u00f9 igienico per ridurre il rischio di trasmissione dei virus quando si asciugano\u00a0le mani nei bagni pubblici","robots":{"index":"index","follow":"follow","max-snippet":"max-snippet:-1","max-image-preview":"max-image-preview:large","max-video-preview":"max-video-preview:-1"},"canonical":"https:\/\/europeantissue.com\/it\/hygiene\/studies\/hand-drying-with-single-use-towels-least-likely-to-spread-viruses\/","og_locale":"it_IT","og_type":"article","og_title":"Trasmissione Virus - European Tissue Symposium","og_description":"Gli asciugamani monouso rappresentano il metodo pi\u00f9 igienico per ridurre il rischio di trasmissione dei virus quando si asciugano\u00a0le mani nei bagni pubblici","og_url":"https:\/\/europeantissue.com\/it\/hygiene\/studies\/hand-drying-with-single-use-towels-least-likely-to-spread-viruses\/","og_site_name":"European Tissue Symposium","article_modified_time":"2018-09-25T06:28:29+00:00","og_image":[{"url":"http:\/\/europeantissue.com\/wp-content\/uploads\/2016\/03\/ETS_Infographic_UoW-Virus-Study_IT-1024x726.jpg","type":"","width":"","height":""}],"twitter_card":"summary_large_image","twitter_misc":{"Tempo di lettura stimato":"4 minuti"},"schema":{"@context":"https:\/\/schema.org","@graph":[{"@type":"WebPage","@id":"https:\/\/europeantissue.com\/it\/hygiene\/studies\/hand-drying-with-single-use-towels-least-likely-to-spread-viruses\/","url":"https:\/\/europeantissue.com\/it\/hygiene\/studies\/hand-drying-with-single-use-towels-least-likely-to-spread-viruses\/","name":"Trasmissione Virus - European Tissue Symposium","isPartOf":{"@id":"https:\/\/europeantissue.com\/de\/#website"},"primaryImageOfPage":{"@id":"https:\/\/europeantissue.com\/it\/hygiene\/studies\/hand-drying-with-single-use-towels-least-likely-to-spread-viruses\/#primaryimage"},"image":{"@id":"https:\/\/europeantissue.com\/it\/hygiene\/studies\/hand-drying-with-single-use-towels-least-likely-to-spread-viruses\/#primaryimage"},"thumbnailUrl":"http:\/\/europeantissue.com\/wp-content\/uploads\/2016\/03\/ETS_Infographic_UoW-Virus-Study_IT-1024x726.jpg","datePublished":"2016-03-29T14:44:38+00:00","dateModified":"2018-09-25T06:28:29+00:00","description":"Gli asciugamani monouso rappresentano il metodo pi\u00f9 igienico per ridurre il rischio di trasmissione dei virus quando si asciugano\u00a0le mani nei bagni pubblici","breadcrumb":{"@id":"https:\/\/europeantissue.com\/it\/hygiene\/studies\/hand-drying-with-single-use-towels-least-likely-to-spread-viruses\/#breadcrumb"},"inLanguage":"it-IT","potentialAction":[{"@type":"ReadAction","target":["https:\/\/europeantissue.com\/it\/hygiene\/studies\/hand-drying-with-single-use-towels-least-likely-to-spread-viruses\/"]}]},{"@type":"ImageObject","inLanguage":"it-IT","@id":"https:\/\/europeantissue.com\/it\/hygiene\/studies\/hand-drying-with-single-use-towels-least-likely-to-spread-viruses\/#primaryimage","url":"http:\/\/europeantissue.com\/wp-content\/uploads\/2016\/03\/ETS_Infographic_UoW-Virus-Study_IT-1024x726.jpg","contentUrl":"http:\/\/europeantissue.com\/wp-content\/uploads\/2016\/03\/ETS_Infographic_UoW-Virus-Study_IT-1024x726.jpg"},{"@type":"BreadcrumbList","@id":"https:\/\/europeantissue.com\/it\/hygiene\/studies\/hand-drying-with-single-use-towels-least-likely-to-spread-viruses\/#breadcrumb","itemListElement":[{"@type":"ListItem","position":1,"name":"Home","item":"https:\/\/europeantissue.com\/it\/"},{"@type":"ListItem","position":2,"name":"Igiene","item":"https:\/\/europeantissue.com\/it\/hygiene\/"},{"@type":"ListItem","position":3,"name":"Studi","item":"https:\/\/europeantissue.com\/it\/hygiene\/studies\/"},{"@type":"ListItem","position":4,"name":"Trasmissione Virus"}]},{"@type":"WebSite","@id":"https:\/\/europeantissue.com\/de\/#website","url":"https:\/\/europeantissue.com\/de\/","name":"European Tissue Symposium","description":"","potentialAction":[{"@type":"SearchAction","target":{"@type":"EntryPoint","urlTemplate":"https:\/\/europeantissue.com\/de\/?s={search_term_string}"},"query-input":{"@type":"PropertyValueSpecification","valueRequired":true,"valueName":"search_term_string"}}],"inLanguage":"it-IT"}]}},"_links":{"self":[{"href":"https:\/\/europeantissue.com\/it\/wp-json\/wp\/v2\/pages\/8876","targetHints":{"allow":["GET"]}}],"collection":[{"href":"https:\/\/europeantissue.com\/it\/wp-json\/wp\/v2\/pages"}],"about":[{"href":"https:\/\/europeantissue.com\/it\/wp-json\/wp\/v2\/types\/page"}],"author":[{"embeddable":true,"href":"https:\/\/europeantissue.com\/it\/wp-json\/wp\/v2\/users\/16"}],"replies":[{"embeddable":true,"href":"https:\/\/europeantissue.com\/it\/wp-json\/wp\/v2\/comments?post=8876"}],"version-history":[{"count":0,"href":"https:\/\/europeantissue.com\/it\/wp-json\/wp\/v2\/pages\/8876\/revisions"}],"up":[{"embeddable":true,"href":"https:\/\/europeantissue.com\/it\/wp-json\/wp\/v2\/pages\/7336"}],"wp:attachment":[{"href":"https:\/\/europeantissue.com\/it\/wp-json\/wp\/v2\/media?parent=8876"}],"curies":[{"name":"wp","href":"https:\/\/api.w.org\/{rel}","templated":true}]}}