 {"id":7944,"date":"2015-10-06T17:39:14","date_gmt":"2015-10-06T17:39:14","guid":{"rendered":"http:\/\/europeantissue.com\/?page_id=7944"},"modified":"2018-07-20T10:26:01","modified_gmt":"2018-07-20T10:26:01","slug":"studio-universita-di-westminster-2008","status":"publish","type":"page","link":"https:\/\/europeantissue.com\/it\/hygiene\/studies\/studio-universita-di-westminster-2008\/","title":{"rendered":"Studio Universit\u00e0 di Westminster (2008)"},"content":{"rendered":"<p>Si sono svolti molti studi sui benefici di lavare le manie sulla efficacia dei diversi prodotti per lavarle, ma relativamente pochi sul contributo dell&#8217;asciugatura delle mani all&#8217;igiene delle stesse. \u00a0L&#8217;ETS (European Tissue Symposium) ha chiesto al <span style=\"color: #2b768f\"><strong>Team di Ricerca della Universit\u00e0 di Westminster, guidato dal Microbiologo Keith Redway,<\/strong><\/span> di studiare le prestazioni igieniche di diversi sistemi di asciugatura delle mani, per tenere conto di nuove tecnologie e sviluppo di nuovi prodotti, compresa una nuova generazione di asciugatori a getto d&#8217;aria, mai testati precedentemente in studi comparativi. La metodologia fondamentale utilizzata per questo Studio 2008 della Universit\u00e0 di Westminster segue quella usata in passato dalla stessa Universit\u00e0 per questo tipo di studi, sin dal 1993\u00a0<\/p>\n<p>Lo studio ha analizzato 3 diversi metodi di asciugatura delle mani ed \u00e8 diviso in 4 parti:<\/p>\n<div class=\"page\" title=\"Page 3\">\n<div class=\"section\">\n<div class=\"layoutArea\">\n<div class=\"column\">\n<ul>\n<li>Parte A: <span style=\"color: #2776a3\"><strong>Efficienza di Asciugatura<\/strong><\/span>. (<em>La \u00a0quantit\u00e0 di acqua che rimane sulle mani delle persone dopo averle lavate ed asciugate usando 5 tipi di Asciugamani di Carta, un Asciugatore ad aria calda ed uno a getto d&#8217;aria \u00e8 stata misurata come percentuale (%) del livello di asciutto delle mani in momenti diversi, fino ad un minuto).<\/em><\/li>\n<\/ul>\n<\/div>\n<\/div>\n<\/div>\n<\/div>\n<div class=\"page\" title=\"Page 6\">\n<div class=\"section\">\n<div class=\"layoutArea\">\n<div class=\"column\">\n<p><a href=\"http:\/\/europeantissue.com\/wp-content\/uploads\/2009\/11\/Drying-Time.png\"><img decoding=\"async\" class=\"aligncenter size-full wp-image-7920\" src=\"http:\/\/europeantissue.com\/wp-content\/uploads\/2009\/11\/Drying-Time.png\" alt=\"Drying Time\" width=\"692\" height=\"408\" srcset=\"https:\/\/europeantissue.com\/wp-content\/uploads\/2009\/11\/Drying-Time-300x177.png 300w, https:\/\/europeantissue.com\/wp-content\/uploads\/2009\/11\/Drying-Time.png 692w\" sizes=\"(max-width: 692px) 100vw, 692px\" \/><\/a><\/p>\n<p style=\"text-align: center\">Grafico del livello medio di asciutto delle mani dei soggetti rispetto al tempo di asciugatura usando 5 diversi tipi <br \/>di Asciugamani di Carta (PT), un Asciugatore ad Aria Calda\u00a0(WAD), ed uno a Getto d&#8217;Aria (JAD).<\/p>\n<\/div>\n<\/div>\n<\/div>\n<\/div>\n<div class=\"page\" title=\"Page 7\">\n<div class=\"section\">\n<div class=\"layoutArea\">\n<div class=\"column\">\n<p style=\"padding-left: 30px\"><span style=\"color: #267a99\"><strong>Conclusioni per la Parte A<\/strong><\/span><\/p>\n<p style=\"padding-left: 30px\">I risultati hanno mostrato che i 5 tipi di Asciugamani di Carta e l&#8217;Asciugatore a getto d&#8217;aria sono stati parimenti efficienti nell&#8217;asciugare le mani degli Utenti, avendo tutti raggiunto un livello di asciutto \u00a0delle mani del 90% in circa 10 secondi. \u00a0Invece, i risultati hanno mostrato che l&#8217;asciugatore ad aria calda \u00e8 stato significativamente meno efficiente (cio\u00e8 \u00e8 stato pi\u00f9 lento) dei 5 tipi di Asciugamani di Carta ed anche dell&#8217;asciugatore a getto d&#8217;aria ed hanno impiegato <span style=\"color: #ff0000\"><strong>4 volte pi\u00f9 tempo per ottenere un livello di asciugatura delle mani del 90%<\/strong><\/span>.\u00a0<\/p>\n<p>&nbsp;<\/p>\n<\/div>\n<\/div>\n<\/div>\n<\/div>\n<div class=\"page\" title=\"Page 3\">\n<div class=\"section\">\n<div class=\"layoutArea\">\n<div class=\"column\">\n<ul>\n<li><span style=\"color: #2776a3\"><span style=\"color: #2776a3\"><span style=\"color: #2776a3\"><span style=\"color: #000000\">Parte B:<\/span><strong>\u00a0Variazione nel numero di diversi tipi di batteri sulle mani prima e dopo averle asciugate usando Asciugamani di Carta, Asciugatori ad Aria Calda e a Getto d&#8217;aria.\u00a0<\/strong><\/span><\/span><\/span><em>(Dopo che avevano fatto visita al bagno, i polpastrelli ed i palmi delle amni di 20 volontari sono stati esaminati alla ricerca di diversi tipi di batteri prima e dopo avere lavato le mani ed averle asciugate usando un Asciugamano di Carta, un Asciugatore ad Aria Calda ed uno a Getto d&#8217;Aria. Nel grafico qui sotto vengono mostrati i risultati combinati del conteggio di batteri in tre diversi tipi di sostanze di coltura (Nutrient Agar <div class=\"fusion-fullwidth fullwidth-box fusion-builder-row-1 hundred-percent-fullwidth non-hundred-percent-height-scrolling\" style=\"--awb-border-radius-top-left:0px;--awb-border-radius-top-right:0px;--awb-border-radius-bottom-right:0px;--awb-border-radius-bottom-left:0px;--awb-overflow:visible;--awb-flex-wrap:wrap;\" ><div class=\"fusion-builder-row fusion-row\"><div class=\"fusion-layout-column fusion_builder_column fusion-builder-column-0 fusion_builder_column_1_1 1_1 fusion-one-full fusion-column-first fusion-column-last fusion-column-no-min-height\" style=\"--awb-bg-size:cover;--awb-margin-bottom:0px;\"><div class=\"fusion-column-wrapper fusion-flex-column-wrapper-legacy\">[NA], Cystine-Lactose-Electrolyte Deficient agar [CLED], Mannitol Salt Agar [MSA]).<\/em>\n<div class=\"page\" title=\"Page 10\">\n<div class=\"section\">\n<div class=\"layoutArea\">\n<div class=\"column\">\n<p><a href=\"http:\/\/europeantissue.com\/wp-content\/uploads\/2009\/11\/Graph-Change-of-Colonies-JAD.png\"><img decoding=\"async\" class=\"aligncenter size-large wp-image-8013\" src=\"http:\/\/europeantissue.com\/wp-content\/uploads\/2009\/11\/Graph-Change-of-Colonies-JAD-1024x743.png\" alt=\"Graph Change of Colonies JAD\" width=\"669\" height=\"485\" srcset=\"https:\/\/europeantissue.com\/wp-content\/uploads\/2009\/11\/Graph-Change-of-Colonies-JAD-300x218.png 300w, https:\/\/europeantissue.com\/wp-content\/uploads\/2009\/11\/Graph-Change-of-Colonies-JAD-1024x743.png 1024w, https:\/\/europeantissue.com\/wp-content\/uploads\/2009\/11\/Graph-Change-of-Colonies-JAD.png 1456w\" sizes=\"(max-width: 669px) 100vw, 669px\" \/><\/a><\/p>\n<\/div>\n<\/div>\n<\/div>\n<\/div>\n<\/li>\n<\/ul>\n<\/div>\n<\/div>\n<\/div>\n<\/div>\n<p style=\"padding-left: 30px\"><span style=\"color: #2f749c\"><strong>Conclusioni per la parte B<\/strong><\/span><\/p>\n<p style=\"padding-left: 30px\">I due tipi di <strong><span style=\"color: #2b7199\">Asciugamani Carta<\/span><\/strong> testati (PT 1 e PT 3) hanno prodotto una <strong><span style=\"color: #2b7199\">riduzione media<\/span><\/strong> di tutti i tipi di batteri, tanto sui polpastrelli che sui palmi\u00a0\u00a0dei 20 volontari dopo che avevano lavato ed asciugato le mani. <span style=\"color: #2f749c\"><strong>Le diminuzioni sono state \u201351% \u00a0e \u00a0\u201376% per i polpastrelli e \u201348% e \u201377% per i palmi.<\/strong><\/span>\u00a0 L&#8217;<span style=\"color: #2b7199\"><strong>Asciugatore ad Aria Calda<\/strong><\/span> <span style=\"color: #2f749c\"><strong>(WAD)<\/strong>\u00a0<span style=\"color: #000000\">ha prodotto invece una<\/span>\u00a0<\/span><span style=\"color: #2f749c\"><strong>crescita media<\/strong><\/span>\u00a0 di tutti i tipi di batteri testati sui\u00a0<span style=\"color: #2f749c\"><strong>polpastrelli del +194%<\/strong><\/span>\u00a0e sui <strong><span style=\"color: #2f749c\">palmi del +254%<\/span>\u00a0delle mani dopo averle lavate ed asciugate<\/strong>. <br \/>Nonostante gli Asciugatori a Getto d&#8217;aria <span style=\"color: #2f749c\"><strong>JAD <\/strong><span style=\"color: #000000\">abbiano<\/span><strong>\u00a0<\/strong><\/span>avuto prestazioni migliori di quelli ad aria calda, WAD, non hanno avuto risultati buoni come gli Asciugamani di Carta e mediamente non hanno ridotto il numero di batteri sulle mani dopo il loro uso, ma \u00a0<strong><span style=\"color: #2f749c\">li hanno aumentati sui polpastrelli del +42%<\/span><span style=\"color: #2b7199\">\u00a0e sui\u00a0<\/span><\/strong><span style=\"color: #2f749c\"><strong><span style=\"color: #2b7199\">p<\/span>almi del +15%<\/strong><\/span>.<\/p>\n<p>&nbsp;<\/p>\n<div class=\"page\" title=\"Page 3\">\n<div class=\"section\">\n<div class=\"layoutArea\">\n<div class=\"column\">\n<ul>\n<li>Parte C: \u00a0<span style=\"color: #2776a3\"><span style=\"color: #2776a3\"><span style=\"color: #2776a3\"><strong>Contaminazione potenziale<\/strong><\/span><\/span><\/span><span style=\"color: #2776a3\"><span style=\"color: #2776a3\"><span style=\"color: #2776a3\"><strong>\u00a0of other users and the washroom environment\u00a0<strong>caused by Paper Towel, Warm Air Dryer and Jet Air Dryer.\u00a0<\/strong><\/strong><span style=\"color: #000000\"><em>(In questa parte dello studio sono state contaminate artificialmente le mani di 10 soggetti, \u00a0con una sospensione di lievito. I soggetti hanno poi asciugato le mani usando un asciugamano di carta, un asciugatore ad aria calda o uno a getto d&#8217;aria per un tempo definito (10 secondi per l&#8217;asciugamano di carta ed il JAD; 20 secondi per il WAD). Il lievito \u00e8 stato misurato a diverse distanze da ciascun apparato di asciugatura delle mani attraverso la coltura di colonie in piattelli di Sabouraud-dextrose agar (SDA))<\/em><\/span><strong><strong><br \/><\/strong><\/strong><\/span><\/span><\/span><em><span style=\"color: #2776a3\"><span style=\"color: #2776a3\"><strong><a href=\"http:\/\/europeantissue.com\/wp-content\/uploads\/2009\/11\/Plates-at-different-distances.png\"><img decoding=\"async\" class=\"aligncenter size-full wp-image-7932\" src=\"http:\/\/europeantissue.com\/wp-content\/uploads\/2009\/11\/Plates-at-different-distances.png\" alt=\"Plates at different distances\" width=\"707\" height=\"602\" srcset=\"https:\/\/europeantissue.com\/wp-content\/uploads\/2009\/11\/Plates-at-different-distances-300x255.png 300w, https:\/\/europeantissue.com\/wp-content\/uploads\/2009\/11\/Plates-at-different-distances.png 707w\" sizes=\"(max-width: 707px) 100vw, 707px\" \/><\/a><\/strong><\/span><\/span><\/em><\/li>\n<\/ul>\n<\/div>\n<\/div>\n<\/div>\n<\/div>\n<p style=\"padding-left: 30px\"><span style=\"color: #2b7a99\"><strong>Conclusioni per la parte C <\/strong><\/span><\/p>\n<p style=\"padding-left: 30px\">I risultati hanno mostrato che l&#8217;Asciugatore a Getto d&#8217;Aria ha disperso la contaminazione sulle mani a distanze sino a 2 metri. <br \/>L&#8217; Asciugamano di Carta ha avuto prestazioni migliori dell&#8217; Asciugatore ad Aria Calda \u00a0direttamente sotto l&#8217;apparato, ma entrambi questi metodi di asciugatura non hanno mostrato dispersioni significative oltre 0,25 metri, diversamente dagli Asciugatori a Getto d&#8217;Aria (JAD).\u00a0<\/p>\n<p><\/p>\n<div class=\"page\" title=\"Page 3\">\n<div class=\"section\">\n<div class=\"layoutArea\">\n<div class=\"column\">\n<ul>\n<li>Parte D: <span style=\"color: #2776a3\"><strong>Contaminazione Batterica degli Asciugatori a Getto d&#8217;Aria in locali igienici pubblici. <\/strong><\/span><em>(Le superfici ed il getto d&#8217;aria di 16 Asciugatori a Getto d&#8217;Aria sono stati misurati nei bagni maschili e femminili di una importante stazione ferroviaria di Londra in giorni ed ore diverse) \u00a0<\/em><\/li>\n<\/ul>\n<\/div>\n<\/div>\n<\/div>\n<\/div>\n<p><a href=\"http:\/\/europeantissue.com\/wp-content\/uploads\/2009\/11\/Surfaces-Sampling.png\"><img decoding=\"async\" class=\"aligncenter size-full wp-image-7938\" src=\"http:\/\/europeantissue.com\/wp-content\/uploads\/2009\/11\/Surfaces-Sampling.png\" alt=\"Surfaces Sampling\" width=\"772\" height=\"471\" srcset=\"https:\/\/europeantissue.com\/wp-content\/uploads\/2009\/11\/Surfaces-Sampling-300x183.png 300w, https:\/\/europeantissue.com\/wp-content\/uploads\/2009\/11\/Surfaces-Sampling.png 772w\" sizes=\"(max-width: 772px) 100vw, 772px\" \/><\/a><\/p>\n<p style=\"padding-left: 30px\"><strong><span style=\"color: #2b7a99\">Conclusioni per la parte D<\/span><\/strong><\/p>\n<p style=\"padding-left: 30px\">Molti dei batteri isolati sugli Asciugatori a Getto d&#8217;Aria in locali igienici pubblici sono potenzialmente patogeni (possono causare malattie) e\/o sono indicatori di contaminazioni fecali o di altro tipo. Il numero medio di batteri per centimetro quadrato \u00e8 nell&#8217;intervallo tra 85 e 171 per le superfici interne e le aperture dei getti d&#8217;aria dell&#8217;asciugatore e tra <span style=\"color: #ff0000\"><strong>4745<\/strong><\/span> e <strong><span style=\"color: #ff0000\">7537<\/span><\/strong>\u00a0 sul fondo degli Asciugatori a Getto d&#8217;Aria. \u00a0<br \/>Il numero in un campione d&#8217;aria di 10 secondi ha oscillato tra 10 e 20.\u00a0<\/p>\n<p><\/p>\n<p style=\"padding-left: 30px\"><span style=\"color: #2b7a99\"><strong>Conclusioni generali dello studio della Universit\u00e0 di Westminster<\/strong><\/span><\/p>\n<p style=\"padding-left: 30px\"><span style=\"color: #ff0000\"><strong>In base a questi risultati, l&#8217;uso di Asciugatori ad Aria Calda ed a getto d&#8217;Aria non \u00e8 raccomandabile, in particolare per installazioni ove l&#8217;igiene \u00e8 particolarmente rilevante, come Ospedali, Cliniche, Scuole, Nidi per l&#8217;Infanzia, Ricoveri per Anziani, Cucine ed altre Aree di Preparazione del Cibo.\u00a0<\/strong><\/span><\/p>\n<p style=\"padding-left: 30px\">\u00a0<\/p>\n<ul>\n<li><strong><strong><a href=\"\/pdfs\/090402-2008%20WUS%20Westminster%20University%20hygiene%20study,%20nov2008.pdf\">&#8220;Studio della Universit\u00e0 di Westminster&#8221; COMPLETO &#8211; \u00a0Uno studio comparativo di diversi metodi di asciugatura delle mani: asciugamani di carta, asciugatori elettrici ad aria calda, asciugatori eletrici a getto d&#8217;aria (in inglese) (Nov. 2008)<\/a><\/strong><\/strong>\n<p>&nbsp;<\/p>\n<\/li>\n<li><strong><strong><a href=\"\/pdfs\/090403-2009%20WUS%20presentation%20Comparative%20study%20of%20different%20hand%20drying%20methods,%20feb2009.pdf\">Una presentazione dei principali risultati di questo studio (in Inglese) pu\u00f2 esser vista cliccando qui (Feb. 2009)<\/a><\/strong><\/strong>\n<p>&nbsp;<\/p>\n<\/li>\n<li><strong><strong><a href=\"\/pdfs\/090403-2009%20WUS%20Summary%20of%20the%20comparative%20study%20of%20different%20hand%20drying%20methods,%202009.pdf\">Un Sommario in doppia pagina (in Inglese) pu\u00f2 essere scaricato cliccando qui (Feb. 2009)<\/a><\/strong><\/strong>\n<p>&nbsp;<\/p>\n<\/li>\n<li><strong><a href=\"\/pdfs\/090618%20Westminster%20University%20Study%20key%20findings.pdf\">Breve sommario dello studio della Universit\u00e0 di Westminster \u00a0(Feb. 2009)\n<p><\/a><\/strong><\/li>\n<\/ul>\n<ul>\n<li><strong><strong><a href=\"\/pdfs\/090403-2009%20WUS%20press%20release%20New%20evidence%20suggest%20health%20risks%20of%20electric%20hand%20dryers,%20feb2009.pdf\">Comunicato stampa: Nuove evidenze suggeriscono che gli asciugatori delle mani elettrici nei locali pubblici pongono rischi per la salute (Feb. 2009)<\/a><\/strong><\/strong><\/li>\n<\/ul>\n<p>&nbsp;<\/p>\n<div class=\"fusion-clearfix\"><\/div><\/div><\/div><\/div><\/div><\/p>\n","protected":false},"excerpt":{"rendered":"<p>Si sono svolti molti studi sui benefici di lavare le manie sulla efficacia dei diversi prodotti per lavarle, ma relativamente pochi sul contributo dell&#8217;asciugatura delle mani all&#8217;igiene delle stesse. \u00a0L&#8217;ETS (European Tissue Symposium) ha chiesto al Team di Ricerca della Universit\u00e0 di Westminster, guidato dal Microbiologo Keith Redway, di studiare le prestazioni igieniche di diversi  [&#8230;]<\/p>\n","protected":false},"author":2,"featured_media":0,"parent":7336,"menu_order":6,"comment_status":"open","ping_status":"closed","template":"","meta":{"_monsterinsights_skip_tracking":false,"_monsterinsights_sitenote_active":false,"_monsterinsights_sitenote_note":"","_monsterinsights_sitenote_category":0,"ngg_post_thumbnail":0,"footnotes":""},"class_list":["post-7944","page","type-page","status-publish","hentry"],"yoast_head":"<!-- This site is optimized with the Yoast SEO plugin v26.3 - https:\/\/yoast.com\/wordpress\/plugins\/seo\/ -->\n<title>Studio Universit\u00e0 di Westminster (2008) - European Tissue Symposium<\/title>\n<meta name=\"description\" content=\"Universit\u00e0 di Westminster: L&#039;uso di Asciugatori ad Aria Calda e a getto d&#039;Aria non \u00e8 raccomandabile in Ospedali, Cliniche, Scuole, Ricoveri per Anziani, etc.\" \/>\n<meta name=\"robots\" content=\"index, follow, max-snippet:-1, max-image-preview:large, max-video-preview:-1\" \/>\n<link rel=\"canonical\" href=\"https:\/\/europeantissue.com\/it\/hygiene\/studies\/studio-universita-di-westminster-2008\/\" \/>\n<meta property=\"og:locale\" content=\"it_IT\" \/>\n<meta property=\"og:type\" content=\"article\" \/>\n<meta property=\"og:title\" content=\"Studio Universit\u00e0 di Westminster (2008) - European Tissue Symposium\" \/>\n<meta property=\"og:description\" content=\"Universit\u00e0 di Westminster: L&#039;uso di Asciugatori ad Aria Calda e a getto d&#039;Aria non \u00e8 raccomandabile in Ospedali, Cliniche, Scuole, Ricoveri per Anziani, etc.\" \/>\n<meta property=\"og:url\" content=\"https:\/\/europeantissue.com\/it\/hygiene\/studies\/studio-universita-di-westminster-2008\/\" \/>\n<meta property=\"og:site_name\" content=\"European Tissue Symposium\" \/>\n<meta property=\"article:modified_time\" content=\"2018-07-20T10:26:01+00:00\" \/>\n<meta property=\"og:image\" content=\"http:\/\/europeantissue.com\/wp-content\/uploads\/2009\/11\/Drying-Time.png\" \/>\n<meta name=\"twitter:card\" content=\"summary_large_image\" \/>\n<meta name=\"twitter:label1\" content=\"Tempo di lettura stimato\" \/>\n\t<meta name=\"twitter:data1\" content=\"5 minuti\" \/>\n<script type=\"application\/ld+json\" class=\"yoast-schema-graph\">{\"@context\":\"https:\/\/schema.org\",\"@graph\":[{\"@type\":\"WebPage\",\"@id\":\"https:\/\/europeantissue.com\/it\/hygiene\/studies\/studio-universita-di-westminster-2008\/\",\"url\":\"https:\/\/europeantissue.com\/it\/hygiene\/studies\/studio-universita-di-westminster-2008\/\",\"name\":\"Studio Universit\u00e0 di Westminster (2008) - European Tissue Symposium\",\"isPartOf\":{\"@id\":\"https:\/\/europeantissue.com\/de\/#website\"},\"primaryImageOfPage\":{\"@id\":\"https:\/\/europeantissue.com\/it\/hygiene\/studies\/studio-universita-di-westminster-2008\/#primaryimage\"},\"image\":{\"@id\":\"https:\/\/europeantissue.com\/it\/hygiene\/studies\/studio-universita-di-westminster-2008\/#primaryimage\"},\"thumbnailUrl\":\"http:\/\/europeantissue.com\/wp-content\/uploads\/2009\/11\/Drying-Time.png\",\"datePublished\":\"2015-10-06T17:39:14+00:00\",\"dateModified\":\"2018-07-20T10:26:01+00:00\",\"description\":\"Universit\u00e0 di Westminster: L'uso di Asciugatori ad Aria Calda e a getto d'Aria non \u00e8 raccomandabile in Ospedali, Cliniche, Scuole, Ricoveri per Anziani, etc.\",\"breadcrumb\":{\"@id\":\"https:\/\/europeantissue.com\/it\/hygiene\/studies\/studio-universita-di-westminster-2008\/#breadcrumb\"},\"inLanguage\":\"it-IT\",\"potentialAction\":[{\"@type\":\"ReadAction\",\"target\":[\"https:\/\/europeantissue.com\/it\/hygiene\/studies\/studio-universita-di-westminster-2008\/\"]}]},{\"@type\":\"ImageObject\",\"inLanguage\":\"it-IT\",\"@id\":\"https:\/\/europeantissue.com\/it\/hygiene\/studies\/studio-universita-di-westminster-2008\/#primaryimage\",\"url\":\"http:\/\/europeantissue.com\/wp-content\/uploads\/2009\/11\/Drying-Time.png\",\"contentUrl\":\"http:\/\/europeantissue.com\/wp-content\/uploads\/2009\/11\/Drying-Time.png\"},{\"@type\":\"BreadcrumbList\",\"@id\":\"https:\/\/europeantissue.com\/it\/hygiene\/studies\/studio-universita-di-westminster-2008\/#breadcrumb\",\"itemListElement\":[{\"@type\":\"ListItem\",\"position\":1,\"name\":\"Home\",\"item\":\"https:\/\/europeantissue.com\/it\/\"},{\"@type\":\"ListItem\",\"position\":2,\"name\":\"Igiene\",\"item\":\"https:\/\/europeantissue.com\/it\/hygiene\/\"},{\"@type\":\"ListItem\",\"position\":3,\"name\":\"Studi\",\"item\":\"https:\/\/europeantissue.com\/it\/hygiene\/studies\/\"},{\"@type\":\"ListItem\",\"position\":4,\"name\":\"Studio Universit\u00e0 di Westminster (2008)\"}]},{\"@type\":\"WebSite\",\"@id\":\"https:\/\/europeantissue.com\/de\/#website\",\"url\":\"https:\/\/europeantissue.com\/de\/\",\"name\":\"European Tissue Symposium\",\"description\":\"\",\"potentialAction\":[{\"@type\":\"SearchAction\",\"target\":{\"@type\":\"EntryPoint\",\"urlTemplate\":\"https:\/\/europeantissue.com\/de\/?s={search_term_string}\"},\"query-input\":{\"@type\":\"PropertyValueSpecification\",\"valueRequired\":true,\"valueName\":\"search_term_string\"}}],\"inLanguage\":\"it-IT\"}]}<\/script>\n<!-- \/ Yoast SEO plugin. -->","yoast_head_json":{"title":"Studio Universit\u00e0 di Westminster (2008) - European Tissue Symposium","description":"Universit\u00e0 di Westminster: L'uso di Asciugatori ad Aria Calda e a getto d'Aria non \u00e8 raccomandabile in Ospedali, Cliniche, Scuole, Ricoveri per Anziani, etc.","robots":{"index":"index","follow":"follow","max-snippet":"max-snippet:-1","max-image-preview":"max-image-preview:large","max-video-preview":"max-video-preview:-1"},"canonical":"https:\/\/europeantissue.com\/it\/hygiene\/studies\/studio-universita-di-westminster-2008\/","og_locale":"it_IT","og_type":"article","og_title":"Studio Universit\u00e0 di Westminster (2008) - European Tissue Symposium","og_description":"Universit\u00e0 di Westminster: L'uso di Asciugatori ad Aria Calda e a getto d'Aria non \u00e8 raccomandabile in Ospedali, Cliniche, Scuole, Ricoveri per Anziani, etc.","og_url":"https:\/\/europeantissue.com\/it\/hygiene\/studies\/studio-universita-di-westminster-2008\/","og_site_name":"European Tissue Symposium","article_modified_time":"2018-07-20T10:26:01+00:00","og_image":[{"url":"http:\/\/europeantissue.com\/wp-content\/uploads\/2009\/11\/Drying-Time.png","type":"","width":"","height":""}],"twitter_card":"summary_large_image","twitter_misc":{"Tempo di lettura stimato":"5 minuti"},"schema":{"@context":"https:\/\/schema.org","@graph":[{"@type":"WebPage","@id":"https:\/\/europeantissue.com\/it\/hygiene\/studies\/studio-universita-di-westminster-2008\/","url":"https:\/\/europeantissue.com\/it\/hygiene\/studies\/studio-universita-di-westminster-2008\/","name":"Studio Universit\u00e0 di Westminster (2008) - European Tissue Symposium","isPartOf":{"@id":"https:\/\/europeantissue.com\/de\/#website"},"primaryImageOfPage":{"@id":"https:\/\/europeantissue.com\/it\/hygiene\/studies\/studio-universita-di-westminster-2008\/#primaryimage"},"image":{"@id":"https:\/\/europeantissue.com\/it\/hygiene\/studies\/studio-universita-di-westminster-2008\/#primaryimage"},"thumbnailUrl":"http:\/\/europeantissue.com\/wp-content\/uploads\/2009\/11\/Drying-Time.png","datePublished":"2015-10-06T17:39:14+00:00","dateModified":"2018-07-20T10:26:01+00:00","description":"Universit\u00e0 di Westminster: L'uso di Asciugatori ad Aria Calda e a getto d'Aria non \u00e8 raccomandabile in Ospedali, Cliniche, Scuole, Ricoveri per Anziani, etc.","breadcrumb":{"@id":"https:\/\/europeantissue.com\/it\/hygiene\/studies\/studio-universita-di-westminster-2008\/#breadcrumb"},"inLanguage":"it-IT","potentialAction":[{"@type":"ReadAction","target":["https:\/\/europeantissue.com\/it\/hygiene\/studies\/studio-universita-di-westminster-2008\/"]}]},{"@type":"ImageObject","inLanguage":"it-IT","@id":"https:\/\/europeantissue.com\/it\/hygiene\/studies\/studio-universita-di-westminster-2008\/#primaryimage","url":"http:\/\/europeantissue.com\/wp-content\/uploads\/2009\/11\/Drying-Time.png","contentUrl":"http:\/\/europeantissue.com\/wp-content\/uploads\/2009\/11\/Drying-Time.png"},{"@type":"BreadcrumbList","@id":"https:\/\/europeantissue.com\/it\/hygiene\/studies\/studio-universita-di-westminster-2008\/#breadcrumb","itemListElement":[{"@type":"ListItem","position":1,"name":"Home","item":"https:\/\/europeantissue.com\/it\/"},{"@type":"ListItem","position":2,"name":"Igiene","item":"https:\/\/europeantissue.com\/it\/hygiene\/"},{"@type":"ListItem","position":3,"name":"Studi","item":"https:\/\/europeantissue.com\/it\/hygiene\/studies\/"},{"@type":"ListItem","position":4,"name":"Studio Universit\u00e0 di Westminster (2008)"}]},{"@type":"WebSite","@id":"https:\/\/europeantissue.com\/de\/#website","url":"https:\/\/europeantissue.com\/de\/","name":"European Tissue Symposium","description":"","potentialAction":[{"@type":"SearchAction","target":{"@type":"EntryPoint","urlTemplate":"https:\/\/europeantissue.com\/de\/?s={search_term_string}"},"query-input":{"@type":"PropertyValueSpecification","valueRequired":true,"valueName":"search_term_string"}}],"inLanguage":"it-IT"}]}},"_links":{"self":[{"href":"https:\/\/europeantissue.com\/it\/wp-json\/wp\/v2\/pages\/7944","targetHints":{"allow":["GET"]}}],"collection":[{"href":"https:\/\/europeantissue.com\/it\/wp-json\/wp\/v2\/pages"}],"about":[{"href":"https:\/\/europeantissue.com\/it\/wp-json\/wp\/v2\/types\/page"}],"author":[{"embeddable":true,"href":"https:\/\/europeantissue.com\/it\/wp-json\/wp\/v2\/users\/2"}],"replies":[{"embeddable":true,"href":"https:\/\/europeantissue.com\/it\/wp-json\/wp\/v2\/comments?post=7944"}],"version-history":[{"count":0,"href":"https:\/\/europeantissue.com\/it\/wp-json\/wp\/v2\/pages\/7944\/revisions"}],"up":[{"embeddable":true,"href":"https:\/\/europeantissue.com\/it\/wp-json\/wp\/v2\/pages\/7336"}],"wp:attachment":[{"href":"https:\/\/europeantissue.com\/it\/wp-json\/wp\/v2\/media?parent=7944"}],"curies":[{"name":"wp","href":"https:\/\/api.w.org\/{rel}","templated":true}]}}