 {"id":7378,"date":"2015-08-30T13:02:10","date_gmt":"2015-08-30T13:02:10","guid":{"rendered":"http:\/\/europeantissue.com\/?page_id=7378"},"modified":"2018-07-20T10:26:19","modified_gmt":"2018-07-20T10:26:19","slug":"studio-sul-potenziale-di-contaminazione-dellambiente-2014","status":"publish","type":"page","link":"https:\/\/europeantissue.com\/it\/hygiene\/studies\/studio-sul-potenziale-di-contaminazione-dellambiente-2014\/","title":{"rendered":"Studio per valutare il potenziale di contaminazione dell&#8217;ambiente bagno (2014)"},"content":{"rendered":"<div class=\"fusion-fullwidth fullwidth-box fusion-builder-row-1 hundred-percent-fullwidth non-hundred-percent-height-scrolling\" style=\"--awb-border-radius-top-left:0px;--awb-border-radius-top-right:0px;--awb-border-radius-bottom-right:0px;--awb-border-radius-bottom-left:0px;--awb-overflow:visible;--awb-flex-wrap:wrap;\" ><div class=\"fusion-builder-row fusion-row\"><div class=\"fusion-layout-column fusion_builder_column fusion-builder-column-0 fusion_builder_column_1_1 1_1 fusion-one-full fusion-column-first fusion-column-last fusion-column-no-min-height\" style=\"--awb-bg-size:cover;--awb-margin-bottom:0px;\"><div class=\"fusion-column-wrapper fusion-flex-column-wrapper-legacy\"><div id=\"attachment_4918\" style=\"width: 236px\" class=\"wp-caption alignleft\"><a href=\"http:\/\/europeantissue.com\/wp-content\/uploads\/JHI.jpg\"><img decoding=\"async\" aria-describedby=\"caption-attachment-4918\" class=\"wp-image-4918 size-full\" src=\"http:\/\/europeantissue.com\/wp-content\/uploads\/JHI.jpg\" alt=\"Journal of Hospital Infections\" width=\"226\" height=\"300\" \/><\/a><p id=\"caption-attachment-4918\" class=\"wp-caption-text\">Journal of Hospital Infections<\/p><\/div>\n<h2 style=\"text-align: center\"><span style=\"color: #2c7394\">Contaminazione dell&#8217;ambiente bagno: gli asciugatori ad aria calda e a getto d&#8217;aria contaminano l&#8217;aria nei servizi igienici e possono essere inadeguati per l&#8217;uso in ambienti sanitari<\/span><\/h2>\n<p><strong>Batteri spinti nell&#8217;aria, su utenti ed astanti, pongono rischi di <\/strong><strong>contaminazione incrociata tra gli operatori sanitari ed il pubblico<\/strong><\/p>\n<p>Lo studio conclude che gli asciugatori a getto d&#8217;aria e quelli ad aria calda sono maggiormente suscettibili di contaminare le toilette, diffondendo batteri in aria, sugli utenti e gli astanti. I risultati hanno implicazioni significative per gli operatori sanitari e per gli addetti acquisti, responsabili di attrezzare le toilette degli ospedali.<br \/> Progettato e guidato da un esperto medico microbiologo <strong>professor Mark Wilcox, dell&#8217;Universit\u00e0 di Leeds e Leeds Teaching Hospitals<\/strong>, e finanziato da ETS, lo studio ha confrontato la propensione dei tre metodi comunemente usati per l&#8217;asciugatura delle mani ad aerosolizzare i batteri. <br \/> Si \u00e8 riscontrato che gli asciugatori a getto d&#8217;aria disperdono pi\u00f9 goccioline che trasportano batteri e le diffondono di pi\u00f9 degli asciugatori ad aria calda o degli asciugamani di carta. Inoltre, si \u00e8 riscontrato che i batteri persistono poi nell&#8217;aria delle toilette per un tempo considerevolmente pi\u00f9 lungo, anche dopo che l&#8217;asciugatura a getto d&#8217;aria \u00e8 terminata.<br \/> Lo studio, recentemente pubblicato sul Journal of Hospital Infection, \u00e8 stato presentato alla <a href=\"https:\/\/europeantissue.com\/hygiene\/participation-in-events\/his-participation\/\"><strong>9\u00b0 Conferenza internazionale di Lione, 16-18 novembre 2014 della Healthcare Infection Society (HIS)<\/strong> <\/a>.<br \/> Questo evento biennale riunisce circa 1000 professionisti provenienti da tutto il mondo, tra cui epidemiologi, microbiologi, gli operatori della sanit\u00e0 pubblica e direttori della prevenzione e controllo delle infezioni, per discutere le pi\u00f9 recenti ricerche e le migliori pratiche in materia di prevenzione e controllo delle infezioni.<\/p>\n<p><strong>Il titolo completo dello studio \u00e8: Confronto microbiologico dei metodi di asciugatura delle mani: il potenziale di contaminazione dell&#8217;ambiente, dell&#8217;utente e degli gli astanti. E.L. Best, 1 P. Parnell, 1 M.H. Wilcox 1,2 &#8211; Dipartimento di Microbiologia, Old Medical School, Leeds General Infirmary, Leeds Teaching Hospitals NHS Trust1 &amp; Universit\u00e0 di Leeds, 2 Leeds LS1 3EX, Regno Unito.<\/strong><\/p>\n<p>Lo studio completo pu\u00f2 essere scaricato, ad un costo di $ 35,95, presso: <a href=\"http:\/\/authors.elsevier.com\/sd\/article\/S0195670114002461\">http:\/\/authors.elsevier.com\/sd\/article\/S0195670114002461<\/a><\/p>\n<h3><span style=\"text-decoration: underline\">Diffusione nell&#8217;aria<\/span><\/h3>\n<p>&nbsp;<\/p>\n<p>Nella realizzazione dello studio, le mani guantate sono state contaminate da un ceppo di Lactobacillus innocuo, un organismo non si trova normalmente nei bagni. Ci\u00f2 \u00e8 stato fatto per simulare la carica batterica su mani lavate male. La rilevazione successiva di Lactobacillus nell&#8217;aria ha dimostrato che deve provenire dalle mani durante l&#8217;asciugatura. I ricercatori hanno misurato l&#8217;aria intorno asciugatori ed anche a distanza di uno e due metri. Il <span style=\"color: #ff0000\"><strong>numero di batteri nell&#8217;aria aria vicino agli asciugatori elettrici a getto d&#8217;aria \u00e8 risultato 4,5 volte superiore a quella intorno agli asciugatori ad aria calda e 27 volte maggiore rispetto all&#8217;uso di asciugamani di carta.<\/strong> <\/span>Accanto agli asciugatori, i batteri persistono in aria ben oltre i 15 secondi del tempo di asciugatura, con circa la met\u00e0 (48%) dei lattobacilli prelevati pi\u00f9 di 5 minuti dopo la fine della asciugatura. Lattobacilli sono stati ancora rilevati nell&#8217;aria 15 minuti dopo l&#8217;asciugatura delle mani (20% del totale di lattobacilli recuperati nell&#8217; l&#8217;aria nel caso degli asciugatori a getto d&#8217;aria).<\/p>\n<p><a href=\"http:\/\/europeantissue.com\/wp-content\/uploads\/2015\/08\/ETS_Infographic_A4_IT.jpg\" rel=\"attachment wp-att-8966\"><img decoding=\"async\" class=\"alignnone size-full wp-image-8966\" src=\"http:\/\/europeantissue.com\/wp-content\/uploads\/2015\/08\/ETS_Infographic_A4_IT.jpg\" alt=\"ETS_Infographic_A4_IT\" width=\"900\" height=\"636\" srcset=\"https:\/\/europeantissue.com\/wp-content\/uploads\/2015\/08\/ETS_Infographic_A4_IT-300x212.jpg 300w, https:\/\/europeantissue.com\/wp-content\/uploads\/2015\/08\/ETS_Infographic_A4_IT-768x543.jpg 768w, https:\/\/europeantissue.com\/wp-content\/uploads\/2015\/08\/ETS_Infographic_A4_IT.jpg 900w\" sizes=\"(max-width: 900px) 100vw, 900px\" \/><\/a><\/p>\n<p>Infografica in Italiano<\/p>\n<p><strong>Leggi gli articoli, in diverse lingue, che illustrano lo studio e vedi o scarica l&#8217;Infografica che lo riassume<\/strong><\/p>\n<p><strong>Inglese<\/strong>:<\/p>\n<p><a href=\"http:\/\/europeantissue.com\/wp-content\/uploads\/2015\/08\/Press-Release-LeedsAirStudy-English.pdf\">Press release dello Studio Leeds<\/a>\u00a0<\/p>\n<p><a href=\"http:\/\/europeantissue.com\/wp-content\/uploads\/Leeds-study-Infographic-English1.pdf\">Infografica in inglese dello studio della Leeds University<\/a><\/p>\n<p><strong>Tedesco:<\/strong><\/p>\n<p><a href=\"http:\/\/europeantissue.com\/wp-content\/uploads\/Press-Release-LeedsAirStudy-German.pdf\">Press Release LeedsAirStudy German<\/a><\/p>\n<p><a href=\"http:\/\/europeantissue.com\/wp-content\/uploads\/Leeds-study-Infographic-German.pdf\">Leeds study Infographic German<\/a><\/p>\n<p><strong>Francese:<\/strong><\/p>\n<p><a href=\"http:\/\/europeantissue.com\/wp-content\/uploads\/Press-Release-LeedsAirStudy-French.pdf\">Press Release LeedsAirStudy French<\/a><\/p>\n<p><a href=\"http:\/\/europeantissue.com\/wp-content\/uploads\/Leeds-study-Infographic-French.pdf\">Leeds study Infographic French<\/a><\/p>\n<p><strong>Italiano:<\/strong><\/p>\n<p><a href=\"http:\/\/europeantissue.com\/wp-content\/uploads\/Press-Release-LeedsAirStudy-Italian.pdf\">Press Release LeedsAirStudy Italian<\/a><\/p>\n<p><a href=\"http:\/\/europeantissue.com\/wp-content\/uploads\/Leeds-study-Infographic-Italian.pdf\">Leeds study Infographic Italian<\/a><\/p>\n<p><strong>Spagnolo:<\/strong><\/p>\n<p><a href=\"http:\/\/europeantissue.com\/wp-content\/uploads\/Press-Release-LeedsAirStudy-Spanish.pdf\">Press Release LeedsAirStudy Spanish<\/a><\/p>\n<p><a href=\"http:\/\/europeantissue.com\/wp-content\/uploads\/Leeds-study-Infographic-Spanish.pdf\">Leeds study Infographic Spanish<\/a><\/p>\n<p><strong>Polacco:<\/strong><\/p>\n<p><a href=\"http:\/\/europeantissue.com\/wp-content\/uploads\/Press-Release-LeedsAirStudy-Polish.pdf\">Press Release LeedsAirStudy Polish<\/a><\/p>\n<p><a href=\"http:\/\/europeantissue.com\/wp-content\/uploads\/Leeds-study-Infographic-Polish.pdf\">Leeds study Infographic Polish<\/a><\/p>\n<p><strong>Olandese:<\/strong><\/p>\n<p><a href=\"http:\/\/europeantissue.com\/wp-content\/uploads\/Press-Release-LeedsAirStudy-Dutch.pdf\">Press Release LeedsAirStudy Dutch<\/a><\/p>\n<p><a href=\"http:\/\/europeantissue.com\/wp-content\/uploads\/Leeds-study-Infographic-Dutch.pdf\">Leeds study Infographic Dutch<\/a><\/p>\n<p>Potete anche guardare il video del Prof. Mark Wilcox intervista con la BBC al link:\u00a0<strong><a href=\"https:\/\/www.youtube.com\/watch?v=orAcSHwYTms\">https:\/\/www.youtube.com\/watch?v=orAcSHwYTms\u00a0<\/a>\u00a0\u00a0<\/strong><\/p>\n<div class=\"fusion-clearfix\"><\/div><\/div><\/div><\/div><\/div>\n","protected":false},"excerpt":{"rendered":"","protected":false},"author":2,"featured_media":0,"parent":7336,"menu_order":3,"comment_status":"open","ping_status":"closed","template":"","meta":{"_monsterinsights_skip_tracking":false,"_monsterinsights_sitenote_active":false,"_monsterinsights_sitenote_note":"","_monsterinsights_sitenote_category":0,"ngg_post_thumbnail":0,"footnotes":""},"class_list":["post-7378","page","type-page","status-publish","hentry"],"yoast_head":"<!-- This site is optimized with the Yoast SEO plugin v26.3 - https:\/\/yoast.com\/wordpress\/plugins\/seo\/ -->\n<title>Studio per valutare il potenziale di contaminazione dell&#039;ambiente bagno (2014) - European Tissue Symposium<\/title>\n<meta name=\"description\" content=\"Contaminazione dell&#039;ambiente bagno: Batteri spinti nell&#039;aria, su utenti ed astanti, pongono rischi di\u00a0contaminazione incrociata tra gli operatori sanitari ed il pubblico\" \/>\n<meta name=\"robots\" content=\"index, follow, max-snippet:-1, max-image-preview:large, max-video-preview:-1\" \/>\n<link rel=\"canonical\" href=\"https:\/\/europeantissue.com\/it\/hygiene\/studies\/studio-sul-potenziale-di-contaminazione-dellambiente-2014\/\" \/>\n<meta property=\"og:locale\" content=\"it_IT\" \/>\n<meta property=\"og:type\" content=\"article\" \/>\n<meta property=\"og:title\" content=\"Studio per valutare il potenziale di contaminazione dell&#039;ambiente bagno (2014) - European Tissue Symposium\" \/>\n<meta property=\"og:description\" content=\"Contaminazione dell&#039;ambiente bagno: Batteri spinti nell&#039;aria, su utenti ed astanti, pongono rischi di\u00a0contaminazione incrociata tra gli operatori sanitari ed il pubblico\" \/>\n<meta property=\"og:url\" content=\"https:\/\/europeantissue.com\/it\/hygiene\/studies\/studio-sul-potenziale-di-contaminazione-dellambiente-2014\/\" \/>\n<meta property=\"og:site_name\" content=\"European Tissue Symposium\" \/>\n<meta property=\"article:modified_time\" content=\"2018-07-20T10:26:19+00:00\" \/>\n<meta property=\"og:image\" content=\"http:\/\/europeantissue.com\/wp-content\/uploads\/JHI.jpg\" \/>\n<meta name=\"twitter:card\" content=\"summary_large_image\" \/>\n<meta name=\"twitter:label1\" content=\"Tempo di lettura stimato\" \/>\n\t<meta name=\"twitter:data1\" content=\"3 minuti\" \/>\n<script type=\"application\/ld+json\" class=\"yoast-schema-graph\">{\"@context\":\"https:\/\/schema.org\",\"@graph\":[{\"@type\":\"WebPage\",\"@id\":\"https:\/\/europeantissue.com\/it\/hygiene\/studies\/studio-sul-potenziale-di-contaminazione-dellambiente-2014\/\",\"url\":\"https:\/\/europeantissue.com\/it\/hygiene\/studies\/studio-sul-potenziale-di-contaminazione-dellambiente-2014\/\",\"name\":\"Studio per valutare il potenziale di contaminazione dell'ambiente bagno (2014) - European Tissue Symposium\",\"isPartOf\":{\"@id\":\"https:\/\/europeantissue.com\/de\/#website\"},\"primaryImageOfPage\":{\"@id\":\"https:\/\/europeantissue.com\/it\/hygiene\/studies\/studio-sul-potenziale-di-contaminazione-dellambiente-2014\/#primaryimage\"},\"image\":{\"@id\":\"https:\/\/europeantissue.com\/it\/hygiene\/studies\/studio-sul-potenziale-di-contaminazione-dellambiente-2014\/#primaryimage\"},\"thumbnailUrl\":\"http:\/\/europeantissue.com\/wp-content\/uploads\/JHI.jpg\",\"datePublished\":\"2015-08-30T13:02:10+00:00\",\"dateModified\":\"2018-07-20T10:26:19+00:00\",\"description\":\"Contaminazione dell'ambiente bagno: Batteri spinti nell'aria, su utenti ed astanti, pongono rischi di\u00a0contaminazione incrociata tra gli operatori sanitari ed il pubblico\",\"breadcrumb\":{\"@id\":\"https:\/\/europeantissue.com\/it\/hygiene\/studies\/studio-sul-potenziale-di-contaminazione-dellambiente-2014\/#breadcrumb\"},\"inLanguage\":\"it-IT\",\"potentialAction\":[{\"@type\":\"ReadAction\",\"target\":[\"https:\/\/europeantissue.com\/it\/hygiene\/studies\/studio-sul-potenziale-di-contaminazione-dellambiente-2014\/\"]}]},{\"@type\":\"ImageObject\",\"inLanguage\":\"it-IT\",\"@id\":\"https:\/\/europeantissue.com\/it\/hygiene\/studies\/studio-sul-potenziale-di-contaminazione-dellambiente-2014\/#primaryimage\",\"url\":\"http:\/\/europeantissue.com\/wp-content\/uploads\/JHI.jpg\",\"contentUrl\":\"http:\/\/europeantissue.com\/wp-content\/uploads\/JHI.jpg\"},{\"@type\":\"BreadcrumbList\",\"@id\":\"https:\/\/europeantissue.com\/it\/hygiene\/studies\/studio-sul-potenziale-di-contaminazione-dellambiente-2014\/#breadcrumb\",\"itemListElement\":[{\"@type\":\"ListItem\",\"position\":1,\"name\":\"Home\",\"item\":\"https:\/\/europeantissue.com\/it\/\"},{\"@type\":\"ListItem\",\"position\":2,\"name\":\"Igiene\",\"item\":\"https:\/\/europeantissue.com\/it\/hygiene\/\"},{\"@type\":\"ListItem\",\"position\":3,\"name\":\"Studi\",\"item\":\"https:\/\/europeantissue.com\/it\/hygiene\/studies\/\"},{\"@type\":\"ListItem\",\"position\":4,\"name\":\"Studio per valutare il potenziale di contaminazione dell&#8217;ambiente bagno (2014)\"}]},{\"@type\":\"WebSite\",\"@id\":\"https:\/\/europeantissue.com\/de\/#website\",\"url\":\"https:\/\/europeantissue.com\/de\/\",\"name\":\"European Tissue Symposium\",\"description\":\"\",\"potentialAction\":[{\"@type\":\"SearchAction\",\"target\":{\"@type\":\"EntryPoint\",\"urlTemplate\":\"https:\/\/europeantissue.com\/de\/?s={search_term_string}\"},\"query-input\":{\"@type\":\"PropertyValueSpecification\",\"valueRequired\":true,\"valueName\":\"search_term_string\"}}],\"inLanguage\":\"it-IT\"}]}<\/script>\n<!-- \/ Yoast SEO plugin. -->","yoast_head_json":{"title":"Studio per valutare il potenziale di contaminazione dell'ambiente bagno (2014) - European Tissue Symposium","description":"Contaminazione dell'ambiente bagno: Batteri spinti nell'aria, su utenti ed astanti, pongono rischi di\u00a0contaminazione incrociata tra gli operatori sanitari ed il pubblico","robots":{"index":"index","follow":"follow","max-snippet":"max-snippet:-1","max-image-preview":"max-image-preview:large","max-video-preview":"max-video-preview:-1"},"canonical":"https:\/\/europeantissue.com\/it\/hygiene\/studies\/studio-sul-potenziale-di-contaminazione-dellambiente-2014\/","og_locale":"it_IT","og_type":"article","og_title":"Studio per valutare il potenziale di contaminazione dell'ambiente bagno (2014) - European Tissue Symposium","og_description":"Contaminazione dell'ambiente bagno: Batteri spinti nell'aria, su utenti ed astanti, pongono rischi di\u00a0contaminazione incrociata tra gli operatori sanitari ed il pubblico","og_url":"https:\/\/europeantissue.com\/it\/hygiene\/studies\/studio-sul-potenziale-di-contaminazione-dellambiente-2014\/","og_site_name":"European Tissue Symposium","article_modified_time":"2018-07-20T10:26:19+00:00","og_image":[{"url":"http:\/\/europeantissue.com\/wp-content\/uploads\/JHI.jpg","type":"","width":"","height":""}],"twitter_card":"summary_large_image","twitter_misc":{"Tempo di lettura stimato":"3 minuti"},"schema":{"@context":"https:\/\/schema.org","@graph":[{"@type":"WebPage","@id":"https:\/\/europeantissue.com\/it\/hygiene\/studies\/studio-sul-potenziale-di-contaminazione-dellambiente-2014\/","url":"https:\/\/europeantissue.com\/it\/hygiene\/studies\/studio-sul-potenziale-di-contaminazione-dellambiente-2014\/","name":"Studio per valutare il potenziale di contaminazione dell'ambiente bagno (2014) - European Tissue Symposium","isPartOf":{"@id":"https:\/\/europeantissue.com\/de\/#website"},"primaryImageOfPage":{"@id":"https:\/\/europeantissue.com\/it\/hygiene\/studies\/studio-sul-potenziale-di-contaminazione-dellambiente-2014\/#primaryimage"},"image":{"@id":"https:\/\/europeantissue.com\/it\/hygiene\/studies\/studio-sul-potenziale-di-contaminazione-dellambiente-2014\/#primaryimage"},"thumbnailUrl":"http:\/\/europeantissue.com\/wp-content\/uploads\/JHI.jpg","datePublished":"2015-08-30T13:02:10+00:00","dateModified":"2018-07-20T10:26:19+00:00","description":"Contaminazione dell'ambiente bagno: Batteri spinti nell'aria, su utenti ed astanti, pongono rischi di\u00a0contaminazione incrociata tra gli operatori sanitari ed il pubblico","breadcrumb":{"@id":"https:\/\/europeantissue.com\/it\/hygiene\/studies\/studio-sul-potenziale-di-contaminazione-dellambiente-2014\/#breadcrumb"},"inLanguage":"it-IT","potentialAction":[{"@type":"ReadAction","target":["https:\/\/europeantissue.com\/it\/hygiene\/studies\/studio-sul-potenziale-di-contaminazione-dellambiente-2014\/"]}]},{"@type":"ImageObject","inLanguage":"it-IT","@id":"https:\/\/europeantissue.com\/it\/hygiene\/studies\/studio-sul-potenziale-di-contaminazione-dellambiente-2014\/#primaryimage","url":"http:\/\/europeantissue.com\/wp-content\/uploads\/JHI.jpg","contentUrl":"http:\/\/europeantissue.com\/wp-content\/uploads\/JHI.jpg"},{"@type":"BreadcrumbList","@id":"https:\/\/europeantissue.com\/it\/hygiene\/studies\/studio-sul-potenziale-di-contaminazione-dellambiente-2014\/#breadcrumb","itemListElement":[{"@type":"ListItem","position":1,"name":"Home","item":"https:\/\/europeantissue.com\/it\/"},{"@type":"ListItem","position":2,"name":"Igiene","item":"https:\/\/europeantissue.com\/it\/hygiene\/"},{"@type":"ListItem","position":3,"name":"Studi","item":"https:\/\/europeantissue.com\/it\/hygiene\/studies\/"},{"@type":"ListItem","position":4,"name":"Studio per valutare il potenziale di contaminazione dell&#8217;ambiente bagno (2014)"}]},{"@type":"WebSite","@id":"https:\/\/europeantissue.com\/de\/#website","url":"https:\/\/europeantissue.com\/de\/","name":"European Tissue Symposium","description":"","potentialAction":[{"@type":"SearchAction","target":{"@type":"EntryPoint","urlTemplate":"https:\/\/europeantissue.com\/de\/?s={search_term_string}"},"query-input":{"@type":"PropertyValueSpecification","valueRequired":true,"valueName":"search_term_string"}}],"inLanguage":"it-IT"}]}},"_links":{"self":[{"href":"https:\/\/europeantissue.com\/it\/wp-json\/wp\/v2\/pages\/7378","targetHints":{"allow":["GET"]}}],"collection":[{"href":"https:\/\/europeantissue.com\/it\/wp-json\/wp\/v2\/pages"}],"about":[{"href":"https:\/\/europeantissue.com\/it\/wp-json\/wp\/v2\/types\/page"}],"author":[{"embeddable":true,"href":"https:\/\/europeantissue.com\/it\/wp-json\/wp\/v2\/users\/2"}],"replies":[{"embeddable":true,"href":"https:\/\/europeantissue.com\/it\/wp-json\/wp\/v2\/comments?post=7378"}],"version-history":[{"count":0,"href":"https:\/\/europeantissue.com\/it\/wp-json\/wp\/v2\/pages\/7378\/revisions"}],"up":[{"embeddable":true,"href":"https:\/\/europeantissue.com\/it\/wp-json\/wp\/v2\/pages\/7336"}],"wp:attachment":[{"href":"https:\/\/europeantissue.com\/it\/wp-json\/wp\/v2\/media?parent=7378"}],"curies":[{"name":"wp","href":"https:\/\/api.w.org\/{rel}","templated":true}]}}