 {"id":7371,"date":"2015-08-30T10:21:45","date_gmt":"2015-08-30T10:21:45","guid":{"rendered":"http:\/\/europeantissue.com\/?page_id=7371"},"modified":"2018-09-25T06:29:58","modified_gmt":"2018-09-25T06:29:58","slug":"confronto-di-diversi-metodi-di-asciugature-delle-mani-il-potenziale-di-dispersione-dei-microbi-in-aria-e-di-contaminazione","status":"publish","type":"page","link":"https:\/\/europeantissue.com\/it\/hygiene\/studies\/confronto-di-diversi-metodi-di-asciugature-delle-mani-il-potenziale-di-dispersione-dei-microbi-in-aria-e-di-contaminazione\/","title":{"rendered":"Confronto metodi asciugatura"},"content":{"rendered":"<p><div class=\"fusion-fullwidth fullwidth-box fusion-builder-row-1 hundred-percent-fullwidth non-hundred-percent-height-scrolling\" style=\"--awb-border-radius-top-left:0px;--awb-border-radius-top-right:0px;--awb-border-radius-bottom-right:0px;--awb-border-radius-bottom-left:0px;--awb-overflow:visible;--awb-flex-wrap:wrap;\" ><div class=\"fusion-builder-row fusion-row\"><div class=\"fusion-layout-column fusion_builder_column fusion-builder-column-0 fusion_builder_column_1_1 1_1 fusion-one-full fusion-column-first fusion-column-last fusion-column-no-min-height\" style=\"--awb-bg-size:cover;--awb-margin-bottom:0px;\"><div class=\"fusion-column-wrapper fusion-flex-column-wrapper-legacy\"><div class=\"fusion-text fusion-text-1\"><\/div><div class=\"fusion-clearfix\"><\/div><\/div><\/div><\/div><\/div><div class=\"fusion-fullwidth fullwidth-box fusion-builder-row-2 nonhundred-percent-fullwidth non-hundred-percent-height-scrolling\" style=\"--awb-background-position:left top;--awb-border-radius-top-left:0px;--awb-border-radius-top-right:0px;--awb-border-radius-bottom-right:0px;--awb-border-radius-bottom-left:0px;--awb-padding-top:20px;--awb-padding-right:0px;--awb-padding-bottom:20px;--awb-padding-left:0px;--awb-border-sizes-top:0px;--awb-border-sizes-bottom:0px;--awb-flex-wrap:wrap;\" ><div class=\"fusion-builder-row fusion-row\"><div class=\"fusion-layout-column fusion_builder_column fusion-builder-column-1 fusion_builder_column_1_1 1_1 fusion-one-full fusion-column-first fusion-column-last fusion-column-no-min-height\" style=\"--awb-bg-size:cover;--awb-margin-bottom:0px;\"><div class=\"fusion-column-wrapper fusion-flex-column-wrapper-legacy\"><div class=\"fusion-text fusion-text-2\"><h2>Misurando la dispersione dei microbi, uno studio della Universit\u00e0 di Westminster peer-reviewed e pubblicato suggerisce che gli asciugamani monouso sono il modo pi\u00f9 igienico per asciugare le mani dopo aver visitato il bagno.<\/h2>\n<p>\n<a href=\"http:\/\/authors.elsevier.com\/sd\/article\/S0195670114002461\"><img decoding=\"async\" class=\"alignleft size-medium wp-image-5035\" src=\"http:\/\/europeantissue.com\/wp-content\/uploads\/K-Redway-study-Icon-226x300.jpg\" alt=\"K Redway study Icon\" width=\"250\" height=\"340\"><\/a>&nbsp;Una nuova ricerca della University of Westminster, commissionato da ETS, l&#8217; European Tissue Symposium, suggerisce che gli asciugamani monouso sono il modo pi\u00f9 igienico per asciugare le mani dopo aver visitato il bagno. Nonostante una tendenza negli ultimi anni verso asciugatori sofisticati, sembra che i tradizionali asciugamani monouso offrano un livello impareggiabile di igiene, quando si asciugano le mani dopo aver visitato il bagno. Lo studio \u00e8 stato intrapreso dall&#8217;importante microbiologo Keith Redway e ha esaminato il potenziale di contaminazione microbica da asciugatura delle mani ed i rischi potenziali per la diffusione di microbi nell&#8217;aria, in particolare se le mani non vengono lavate correttamente. La ricerca ha utilizzato quattro diversi metodi di asciugatura delle mani e tre modelli di test per confrontare le differenze tra i metodi di asciugatura e la loro capacit\u00e0 di diffondere potenzialmente i microbi dalle mani degli utenti ad altre persone nei bagni pubblici. Il titolo completo dello studio di Keith Redway \u00e8: &#8220;<strong>Confronto tra diversi metodi per asciugare le mani: il potenziale di dispersione dei microbi per via aerea e di contaminazione<\/strong>&#8221; ed \u00e8 scritto da Keith Redway (Dipartimento di Scienze Biomediche, Facolt\u00e0 di Scienze e Tecnologie, Universit\u00e0 di Westminster , London, UK) e da E.L.Best (Dipartimento di Microbiologia, Old Medical School, Leeds General Infirmary, Leeds Teaching Hospitals NHS Trust, Leeds UK)<\/p>\n<p>Lo studio completo pu\u00f2 essere scaricato, ad un costo di $ 31,50, presso: <a href=\"http:\/\/www.journalofhospitalinfection.com\/article\/S0195-6701(14)00372-7\/abstract\">http:\/\/www.journalofhospitalinfection.com\/article\/S0195-6701(14)00372-7\/abstract<\/a><\/p>\n<h4><span style=\"text-decoration: underline;\">Diffusione di microbi che colpiscono adulti e bambini <\/span><\/h4>\n<p>Lo studio peer-reviewed, pubblicato nell&#8217;edizione di <strong>marzo 2015 del Journal of Hospital Infection<\/strong>, ha anche esaminato l&#8217;altezza del corpo in cui i microbi sono stati sparsi dagli asciugatori ad aria. Si \u00e8 riscontato che la maggiore dispersione era a <strong>0,6 &#8211; 0,9 m dal pavimento<\/strong>. Questo \u00e8 preoccupante in quanto equivale all&#8217;altezza del volto di bambini che potrebbero essere in piedi vicino l&#8217;asciugatore quando un genitore si asciuga le sue mani. Questo suggerisce che i genitori dovrebbero aver cura di tenere lontano i bambini nei bagni dal flusso d&#8217;aria diretto di asciugatori a getto d&#8217;aria, al fine di garantire che non vengano involontariamente contaminati. I principali risultati dello studio sono riassunti nel seguente video:&nbsp;<\/p>\n<p>&nbsp;<\/p>\n<\/div><div class=\"fusion-clearfix\"><\/div><\/div><\/div><div class=\"fusion-layout-column fusion_builder_column fusion-builder-column-2 fusion_builder_column_1_1 1_1 fusion-one-full fusion-column-first fusion-column-last\" style=\"--awb-bg-size:cover;\"><div class=\"fusion-column-wrapper fusion-flex-column-wrapper-legacy\"><iframe width=\"700\" height=\"393\" src=\"https:\/\/www.youtube.com\/embed\/F_gWSd8GYfs\" frameborder=\"0\" allowfullscreen><\/iframe><div class=\"fusion-clearfix\"><\/div><\/div><\/div><div class=\"fusion-layout-column fusion_builder_column fusion-builder-column-3 fusion_builder_column_1_1 1_1 fusion-one-full fusion-column-first fusion-column-last fusion-column-no-min-height\" style=\"--awb-bg-size:cover;--awb-margin-bottom:0px;\"><div class=\"fusion-column-wrapper fusion-flex-column-wrapper-legacy\"><div class=\"fusion-text fusion-text-3\"><p><em>&#8220;Questi risultati indicano chiaramente che gli asciugamani monouso diffondono i microbi in minor numero tra tutti i metodi per asciugare le mani&#8221;<\/em>, ha detto Keith Redway. <em>&#8220;La contaminazione tra persone nei bagni pubblici \u00e8 una legittima preoccupazione per la salute pubblica. La misura in cui gli asciugatori a getto d&#8217;aria disperdono i microbi nell&#8217;ambiente bagno ha delle implicazioni per orientare le politiche dei manager responsabili di strutture che operano in una vasta gamma di ambienti, dagli impianti sportivi ed aeroporti fino alle scuole ed ospedali.<\/em>&#8220;<\/p>\n<p><strong>Leggi l&#8217;articolo che illustra lo studio<\/strong>: in Italiano: <a href=\"http:\/\/europeantissue.com\/wp-content\/uploads\/2015\/08\/ETS_pr15002_UoW_GenPublic_IT.pdf\">Studio ETS UoW<\/a><\/p>\n<p>&nbsp;<\/p>\n<p>&nbsp;<\/p>\n<\/div><div class=\"fusion-clearfix\"><\/div><\/div><\/div><div class=\"fusion-layout-column fusion_builder_column fusion-builder-column-4 fusion_builder_column_1_1 1_1 fusion-one-full fusion-column-first fusion-column-last fusion-column-no-min-height\" style=\"--awb-bg-size:cover;--awb-margin-bottom:0px;\"><div class=\"fusion-column-wrapper fusion-flex-column-wrapper-legacy\">Click edit button to change this code.<div class=\"fusion-clearfix\"><\/div><\/div><\/div><\/div><\/div><div class=\"fusion-fullwidth fullwidth-box fusion-builder-row-3 hundred-percent-fullwidth non-hundred-percent-height-scrolling\" style=\"--awb-border-radius-top-left:0px;--awb-border-radius-top-right:0px;--awb-border-radius-bottom-right:0px;--awb-border-radius-bottom-left:0px;--awb-overflow:visible;--awb-flex-wrap:wrap;\" ><div class=\"fusion-builder-row fusion-row\"><div class=\"fusion-layout-column fusion_builder_column fusion-builder-column-5 fusion_builder_column_1_1 1_1 fusion-one-full fusion-column-first fusion-column-last fusion-column-no-min-height\" style=\"--awb-bg-size:cover;--awb-margin-bottom:0px;\"><div class=\"fusion-column-wrapper fusion-flex-column-wrapper-legacy\"><div class=\"fusion-text fusion-text-4\"><\/div><div class=\"fusion-clearfix\"><\/div><\/div><\/div><\/div><\/div><\/p>\n","protected":false},"excerpt":{"rendered":"","protected":false},"author":2,"featured_media":0,"parent":7336,"menu_order":2,"comment_status":"open","ping_status":"closed","template":"","meta":{"_monsterinsights_skip_tracking":false,"_monsterinsights_sitenote_active":false,"_monsterinsights_sitenote_note":"","_monsterinsights_sitenote_category":0,"ngg_post_thumbnail":0,"footnotes":""},"class_list":["post-7371","page","type-page","status-publish","hentry"],"yoast_head":"<!-- This site is optimized with the Yoast SEO plugin v26.3 - https:\/\/yoast.com\/wordpress\/plugins\/seo\/ -->\n<title>Potenziale di dispersione dei microbi in aria<\/title>\n<meta name=\"description\" content=\"Misurando la dispersione dei microbi, uno studio della Westminster University dimostra che gli asciugamani monouso sono il modo pi\u00f9 igienico per asciugare le mani\" \/>\n<meta name=\"robots\" content=\"index, follow, max-snippet:-1, max-image-preview:large, max-video-preview:-1\" \/>\n<link rel=\"canonical\" href=\"https:\/\/europeantissue.com\/it\/hygiene\/studies\/confronto-di-diversi-metodi-di-asciugature-delle-mani-il-potenziale-di-dispersione-dei-microbi-in-aria-e-di-contaminazione\/\" \/>\n<meta property=\"og:locale\" content=\"it_IT\" \/>\n<meta property=\"og:type\" content=\"article\" \/>\n<meta property=\"og:title\" content=\"Potenziale di dispersione dei microbi in aria\" \/>\n<meta property=\"og:description\" content=\"Misurando la dispersione dei microbi, uno studio della Westminster University dimostra che gli asciugamani monouso sono il modo pi\u00f9 igienico per asciugare le mani\" \/>\n<meta property=\"og:url\" content=\"https:\/\/europeantissue.com\/it\/hygiene\/studies\/confronto-di-diversi-metodi-di-asciugature-delle-mani-il-potenziale-di-dispersione-dei-microbi-in-aria-e-di-contaminazione\/\" \/>\n<meta property=\"og:site_name\" content=\"European Tissue Symposium\" \/>\n<meta property=\"article:modified_time\" content=\"2018-09-25T06:29:58+00:00\" \/>\n<meta property=\"og:image\" content=\"http:\/\/europeantissue.com\/wp-content\/uploads\/K-Redway-study-Icon-226x300.jpg\" \/>\n<meta name=\"twitter:card\" content=\"summary_large_image\" \/>\n<meta name=\"twitter:label1\" content=\"Tempo di lettura stimato\" \/>\n\t<meta name=\"twitter:data1\" content=\"5 minuti\" \/>\n<script type=\"application\/ld+json\" class=\"yoast-schema-graph\">{\"@context\":\"https:\/\/schema.org\",\"@graph\":[{\"@type\":\"WebPage\",\"@id\":\"https:\/\/europeantissue.com\/it\/hygiene\/studies\/confronto-di-diversi-metodi-di-asciugature-delle-mani-il-potenziale-di-dispersione-dei-microbi-in-aria-e-di-contaminazione\/\",\"url\":\"https:\/\/europeantissue.com\/it\/hygiene\/studies\/confronto-di-diversi-metodi-di-asciugature-delle-mani-il-potenziale-di-dispersione-dei-microbi-in-aria-e-di-contaminazione\/\",\"name\":\"Potenziale di dispersione dei microbi in aria\",\"isPartOf\":{\"@id\":\"https:\/\/europeantissue.com\/de\/#website\"},\"primaryImageOfPage\":{\"@id\":\"https:\/\/europeantissue.com\/it\/hygiene\/studies\/confronto-di-diversi-metodi-di-asciugature-delle-mani-il-potenziale-di-dispersione-dei-microbi-in-aria-e-di-contaminazione\/#primaryimage\"},\"image\":{\"@id\":\"https:\/\/europeantissue.com\/it\/hygiene\/studies\/confronto-di-diversi-metodi-di-asciugature-delle-mani-il-potenziale-di-dispersione-dei-microbi-in-aria-e-di-contaminazione\/#primaryimage\"},\"thumbnailUrl\":\"http:\/\/europeantissue.com\/wp-content\/uploads\/K-Redway-study-Icon-226x300.jpg\",\"datePublished\":\"2015-08-30T10:21:45+00:00\",\"dateModified\":\"2018-09-25T06:29:58+00:00\",\"description\":\"Misurando la dispersione dei microbi, uno studio della Westminster University dimostra che gli asciugamani monouso sono il modo pi\u00f9 igienico per asciugare le mani\",\"breadcrumb\":{\"@id\":\"https:\/\/europeantissue.com\/it\/hygiene\/studies\/confronto-di-diversi-metodi-di-asciugature-delle-mani-il-potenziale-di-dispersione-dei-microbi-in-aria-e-di-contaminazione\/#breadcrumb\"},\"inLanguage\":\"it-IT\",\"potentialAction\":[{\"@type\":\"ReadAction\",\"target\":[\"https:\/\/europeantissue.com\/it\/hygiene\/studies\/confronto-di-diversi-metodi-di-asciugature-delle-mani-il-potenziale-di-dispersione-dei-microbi-in-aria-e-di-contaminazione\/\"]}]},{\"@type\":\"ImageObject\",\"inLanguage\":\"it-IT\",\"@id\":\"https:\/\/europeantissue.com\/it\/hygiene\/studies\/confronto-di-diversi-metodi-di-asciugature-delle-mani-il-potenziale-di-dispersione-dei-microbi-in-aria-e-di-contaminazione\/#primaryimage\",\"url\":\"http:\/\/europeantissue.com\/wp-content\/uploads\/K-Redway-study-Icon-226x300.jpg\",\"contentUrl\":\"http:\/\/europeantissue.com\/wp-content\/uploads\/K-Redway-study-Icon-226x300.jpg\"},{\"@type\":\"BreadcrumbList\",\"@id\":\"https:\/\/europeantissue.com\/it\/hygiene\/studies\/confronto-di-diversi-metodi-di-asciugature-delle-mani-il-potenziale-di-dispersione-dei-microbi-in-aria-e-di-contaminazione\/#breadcrumb\",\"itemListElement\":[{\"@type\":\"ListItem\",\"position\":1,\"name\":\"Home\",\"item\":\"https:\/\/europeantissue.com\/it\/\"},{\"@type\":\"ListItem\",\"position\":2,\"name\":\"Igiene\",\"item\":\"https:\/\/europeantissue.com\/it\/hygiene\/\"},{\"@type\":\"ListItem\",\"position\":3,\"name\":\"Studi\",\"item\":\"https:\/\/europeantissue.com\/it\/hygiene\/studies\/\"},{\"@type\":\"ListItem\",\"position\":4,\"name\":\"Confronto metodi asciugatura\"}]},{\"@type\":\"WebSite\",\"@id\":\"https:\/\/europeantissue.com\/de\/#website\",\"url\":\"https:\/\/europeantissue.com\/de\/\",\"name\":\"European Tissue Symposium\",\"description\":\"\",\"potentialAction\":[{\"@type\":\"SearchAction\",\"target\":{\"@type\":\"EntryPoint\",\"urlTemplate\":\"https:\/\/europeantissue.com\/de\/?s={search_term_string}\"},\"query-input\":{\"@type\":\"PropertyValueSpecification\",\"valueRequired\":true,\"valueName\":\"search_term_string\"}}],\"inLanguage\":\"it-IT\"}]}<\/script>\n<!-- \/ Yoast SEO plugin. -->","yoast_head_json":{"title":"Potenziale di dispersione dei microbi in aria","description":"Misurando la dispersione dei microbi, uno studio della Westminster University dimostra che gli asciugamani monouso sono il modo pi\u00f9 igienico per asciugare le mani","robots":{"index":"index","follow":"follow","max-snippet":"max-snippet:-1","max-image-preview":"max-image-preview:large","max-video-preview":"max-video-preview:-1"},"canonical":"https:\/\/europeantissue.com\/it\/hygiene\/studies\/confronto-di-diversi-metodi-di-asciugature-delle-mani-il-potenziale-di-dispersione-dei-microbi-in-aria-e-di-contaminazione\/","og_locale":"it_IT","og_type":"article","og_title":"Potenziale di dispersione dei microbi in aria","og_description":"Misurando la dispersione dei microbi, uno studio della Westminster University dimostra che gli asciugamani monouso sono il modo pi\u00f9 igienico per asciugare le mani","og_url":"https:\/\/europeantissue.com\/it\/hygiene\/studies\/confronto-di-diversi-metodi-di-asciugature-delle-mani-il-potenziale-di-dispersione-dei-microbi-in-aria-e-di-contaminazione\/","og_site_name":"European Tissue Symposium","article_modified_time":"2018-09-25T06:29:58+00:00","og_image":[{"url":"http:\/\/europeantissue.com\/wp-content\/uploads\/K-Redway-study-Icon-226x300.jpg","type":"","width":"","height":""}],"twitter_card":"summary_large_image","twitter_misc":{"Tempo di lettura stimato":"5 minuti"},"schema":{"@context":"https:\/\/schema.org","@graph":[{"@type":"WebPage","@id":"https:\/\/europeantissue.com\/it\/hygiene\/studies\/confronto-di-diversi-metodi-di-asciugature-delle-mani-il-potenziale-di-dispersione-dei-microbi-in-aria-e-di-contaminazione\/","url":"https:\/\/europeantissue.com\/it\/hygiene\/studies\/confronto-di-diversi-metodi-di-asciugature-delle-mani-il-potenziale-di-dispersione-dei-microbi-in-aria-e-di-contaminazione\/","name":"Potenziale di dispersione dei microbi in aria","isPartOf":{"@id":"https:\/\/europeantissue.com\/de\/#website"},"primaryImageOfPage":{"@id":"https:\/\/europeantissue.com\/it\/hygiene\/studies\/confronto-di-diversi-metodi-di-asciugature-delle-mani-il-potenziale-di-dispersione-dei-microbi-in-aria-e-di-contaminazione\/#primaryimage"},"image":{"@id":"https:\/\/europeantissue.com\/it\/hygiene\/studies\/confronto-di-diversi-metodi-di-asciugature-delle-mani-il-potenziale-di-dispersione-dei-microbi-in-aria-e-di-contaminazione\/#primaryimage"},"thumbnailUrl":"http:\/\/europeantissue.com\/wp-content\/uploads\/K-Redway-study-Icon-226x300.jpg","datePublished":"2015-08-30T10:21:45+00:00","dateModified":"2018-09-25T06:29:58+00:00","description":"Misurando la dispersione dei microbi, uno studio della Westminster University dimostra che gli asciugamani monouso sono il modo pi\u00f9 igienico per asciugare le mani","breadcrumb":{"@id":"https:\/\/europeantissue.com\/it\/hygiene\/studies\/confronto-di-diversi-metodi-di-asciugature-delle-mani-il-potenziale-di-dispersione-dei-microbi-in-aria-e-di-contaminazione\/#breadcrumb"},"inLanguage":"it-IT","potentialAction":[{"@type":"ReadAction","target":["https:\/\/europeantissue.com\/it\/hygiene\/studies\/confronto-di-diversi-metodi-di-asciugature-delle-mani-il-potenziale-di-dispersione-dei-microbi-in-aria-e-di-contaminazione\/"]}]},{"@type":"ImageObject","inLanguage":"it-IT","@id":"https:\/\/europeantissue.com\/it\/hygiene\/studies\/confronto-di-diversi-metodi-di-asciugature-delle-mani-il-potenziale-di-dispersione-dei-microbi-in-aria-e-di-contaminazione\/#primaryimage","url":"http:\/\/europeantissue.com\/wp-content\/uploads\/K-Redway-study-Icon-226x300.jpg","contentUrl":"http:\/\/europeantissue.com\/wp-content\/uploads\/K-Redway-study-Icon-226x300.jpg"},{"@type":"BreadcrumbList","@id":"https:\/\/europeantissue.com\/it\/hygiene\/studies\/confronto-di-diversi-metodi-di-asciugature-delle-mani-il-potenziale-di-dispersione-dei-microbi-in-aria-e-di-contaminazione\/#breadcrumb","itemListElement":[{"@type":"ListItem","position":1,"name":"Home","item":"https:\/\/europeantissue.com\/it\/"},{"@type":"ListItem","position":2,"name":"Igiene","item":"https:\/\/europeantissue.com\/it\/hygiene\/"},{"@type":"ListItem","position":3,"name":"Studi","item":"https:\/\/europeantissue.com\/it\/hygiene\/studies\/"},{"@type":"ListItem","position":4,"name":"Confronto metodi asciugatura"}]},{"@type":"WebSite","@id":"https:\/\/europeantissue.com\/de\/#website","url":"https:\/\/europeantissue.com\/de\/","name":"European Tissue Symposium","description":"","potentialAction":[{"@type":"SearchAction","target":{"@type":"EntryPoint","urlTemplate":"https:\/\/europeantissue.com\/de\/?s={search_term_string}"},"query-input":{"@type":"PropertyValueSpecification","valueRequired":true,"valueName":"search_term_string"}}],"inLanguage":"it-IT"}]}},"_links":{"self":[{"href":"https:\/\/europeantissue.com\/it\/wp-json\/wp\/v2\/pages\/7371","targetHints":{"allow":["GET"]}}],"collection":[{"href":"https:\/\/europeantissue.com\/it\/wp-json\/wp\/v2\/pages"}],"about":[{"href":"https:\/\/europeantissue.com\/it\/wp-json\/wp\/v2\/types\/page"}],"author":[{"embeddable":true,"href":"https:\/\/europeantissue.com\/it\/wp-json\/wp\/v2\/users\/2"}],"replies":[{"embeddable":true,"href":"https:\/\/europeantissue.com\/it\/wp-json\/wp\/v2\/comments?post=7371"}],"version-history":[{"count":0,"href":"https:\/\/europeantissue.com\/it\/wp-json\/wp\/v2\/pages\/7371\/revisions"}],"up":[{"embeddable":true,"href":"https:\/\/europeantissue.com\/it\/wp-json\/wp\/v2\/pages\/7336"}],"wp:attachment":[{"href":"https:\/\/europeantissue.com\/it\/wp-json\/wp\/v2\/media?parent=7371"}],"curies":[{"name":"wp","href":"https:\/\/api.w.org\/{rel}","templated":true}]}}