 {"id":7338,"date":"2015-08-29T18:55:06","date_gmt":"2015-08-29T18:55:06","guid":{"rendered":"http:\/\/europeantissue.com\/?page_id=7338"},"modified":"2018-09-25T06:31:05","modified_gmt":"2018-09-25T06:31:05","slug":"articolo-mayo-clinic-proceedings-lefficacia-dei-diversi-sistemi-di-asciugatura","status":"publish","type":"page","link":"https:\/\/europeantissue.com\/it\/hygiene\/studies\/articolo-mayo-clinic-proceedings-lefficacia-dei-diversi-sistemi-di-asciugatura\/","title":{"rendered":"Mayo Clinic Proceedings"},"content":{"rendered":"<p><a href=\"http:\/\/europeantissue.com\/wp-content\/uploads\/Mayo-Clinic-Head.jpg\"><img decoding=\"async\" class=\"aligncenter wp-image-3876 size-full\" title=\"Mayo Clinic Head\" src=\"http:\/\/europeantissue.com\/wp-content\/uploads\/Mayo-Clinic-Head.jpg\" alt=\"Mayo clinic Proceedings\" width=\"966\" height=\"106\"><\/a><\/p>\n<p><em>Rivista scientifica di punta ed uno dei principali&nbsp;<strong> &#8220;<span style=\"color: #0b2cf3;\">peer-reviewed clinical journals&#8221; <\/span>specializzato in medicina generale<\/strong>, <strong><span style=\"text-decoration: underline;\"><span style=\"color: #0b2cf3;\">Mayo Clinic Proceedings<\/span><\/span><\/strong> \u00e8 tra le pubblicazioni&nbsp; scientifiche per medici pi\u00f9 lette e frequentemente citate, con una circolazione&nbsp; di circa 124,000.&nbsp; Pubblicata con continuit\u00e0 dal 1926, il contenuto dei &#8220;Proceedings&#8221; ha presentato articoli relativi a ricerche vincitrici di Premi Nobel. Tra altri studi, gli autori fanno riferimento agli studi compiuti nel 2008 dall&#8217; University of Westminster , sponsorizzati dall&#8217; ETS (ed anche allo studio dell&#8217; University of Bradford, supportato da un produttore di asciugatori elettrici). <\/em><\/p>\n<p style=\"color: #051df9;\"><strong>Questo&nbsp; importante articolo, pubblicato nel Giugno 2012 sul peer-reviewed clinical journal &#8220;Mayo Clinic Proceedings&#8221;, illustra la chiara superiorit\u00e0 degli Asciugamani di Carta rispetto agli asciugatori ad aria dal punto di vista dell&#8217; Igiene.<\/strong><\/p>\n<h3>Sintesi dell&#8217; articolo<\/h3>\n<p>La <strong>trasmissione di batteri avviene pi\u00f9 facilmente dalla pelle umida che da quella asciutta; <\/strong>pertanto, un&#8217; adeguata asciugatura delle mani dopo averle lavate deve essere considerata in elemento essenziale nell&#8217; idiene delle mani, in particolare in ambito health care.<br \/>\nL&#8217; articolo&nbsp; rivede sistematicamente le ricerche le ricerche sull&#8217; efficacia, dal punto di vista dell&#8217; igiene, di diversi sistemi di asciugatura delle mani. <br \/>\nUna ricerca sulla letteratura scientifica su questo tema \u00e8 stato condoto nell&#8217; Aprile 2011, utilizzando i database elettronici&nbsp; PubMed, Scopus, e Web of Science. I termini utilizzati sono stati: &#8220;hand dryer&#8221; e &#8220;hand drying&#8221;.<br \/>\n&nbsp;La ricerca pubblicata su Mayo Clinic Proceedings si \u00e8 focalizzata su articoli, pubblicati in Inglese, da Gennaio 1970 fino a Marzo 2011.&nbsp; <br \/>\n<strong>Sono stati esaminati dodici studi. <\/strong><br \/>\nL&#8217; efficacia nell&#8217; asciugatura delle mani comprende tre aspetti: la <strong>velocit\u00e0<\/strong> di asciugamento, il&nbsp;<strong>livello&nbsp; di asciutto raggiunto, un&#8217; efficace rimozione di batteri e l&#8217;evitare la contaminazione&nbsp; di altre persone e superfici. <\/strong><br \/>\nL&#8217;esame degli studi esistenti ha riscontrato poco accordo circa l&#8217;efficacia degli asciugatori elettrici. <br \/>\nTuttavia, <strong>la maggioranza degli studi suggerisce che gli asciugamani di carta sono assai efficienti nell&#8217; asciugare le mani, efficaci nel rimuovere batteri <\/strong>e<strong> contaminano meno l&#8217; ambiente bagno <\/strong>in cui sono inseriti.&nbsp; <strong style=\"color: #fb0d03;\">Dal punto di vista dell&#8217;Igiene, gli asciugamani di carta sono superiori agli asciugatori elettrici. L&#8217; utilizzo di asciugamani di carta deve essere raccomandato nelle aree nelle quali l&#8217;igiene \u00e8 fondamentale, come ospedali e cliniche. <br \/>\n<\/strong><\/p>\n<p>Nel 2009 l&#8217;influenza suina&nbsp; A (H1N1) trasformatasi in pandemia per gli umani ha ricordato a tutti gli operatori della sanit\u00e0 ed alle comunit\u00e0 <strong>l&#8217;&nbsp; importanza dell&#8217; igiene delle mani per prevenire la diffusione di malattie. <\/strong><br \/>\nL&#8217; efficacia dell&#8217; Igiene delle mani nel controllo delle infezioni \u00e8 stata riconosciuta sin dall&#8217; osservazione di Semmelweis nel 1847,&nbsp; che un efficace lavaggio delle mani riduceva la mortalit\u00e0 di donne colpita da febbre puerperale. Per secoli, lavare accuratamente le mani \u00e8 stata considerata la misura pi\u00f9 importante per ridurre&nbsp; il rischio di infezioni in ambito sanitario.<\/p>\n<p>Il lavaggio delle mani va eseguito con sapone normale o antimicrobico ed acqua. Nella realt\u00e0 pratica, pu\u00f2 variare sensibilmente da un rapido risciaquo fino ad un lavaggio accurato, strifinandole con cura. Lavando le mani in modo adeguato,<strong> si \u00e8 riscontrata una riduzione significativa delle malattie infettive&nbsp; in diverse situazioni, come le istituzioni sanitarie, le industrie alimentari, i centri che ospitano bambini, le scuole, e tutte le situazioni pubbliche e domestiche. <\/strong><br \/>\nFino ad ora, tuttavia, un gran numero di studi si \u00e8 focalizzato sulle tecniche di lavaggio delle mani, la scelta e gestione degli principi attivi per il lavaggio, e come migliorare il rispetto delle procedure di igiene delle mani da parte deglio operatori sanitari. Meno si sa sul ruolo della asciugatura delle mani dopo averle lavate e sulla efficacia dei diversi sistemi al fine di ridurre la contaminazione. <a href=\"http:\/\/www.youtube.com\/watch?v=3w2CC3KJrrg\"><img decoding=\"async\" class=\"alignright size-medium wp-image-3939\" title=\"Video - The Hygienic Efficacy of Different Hand-Drying Methods\" src=\"http:\/\/europeantissue.com\/wp-content\/uploads\/Video-The-Hygienic-Efficacy-of-Different-Hand-Drying-Methods-300x230.jpg\" alt=\"\" width=\"300\" height=\"230\"><\/a><\/p>\n<p style=\"color: #fb2603;\"><strong style=\"color: #1130ee;\">Un&#8217;adeguata asciugatura delle mani deve essere un elemento essenziale di procedure efficaci di igiene delle mani.&nbsp;<\/strong> <em><a href=\"http:\/\/www.youtube.com\/watch?v=3w2CC3KJrrg\">(Uno degli Autori dell&#8217; articolo spiega le conclusioni fondamentali in questo video)<\/a><\/em><\/p>\n<p>Coates ed altri hanno concluso nei loro studi che lavare le mani con acqua e sapone oppure con sola acqua, associato con l&#8217; asciugatura con asciugamani di carta pu\u00f2 rimuovere efficacemente i batteri dalle mani. Tutatvia, se le mani vengono solo scrollate dopo averle lavate, alcuni&nbsp; batteri probabilmente rimangono. <br \/>\nPatrick ed altri hanno analizzato la relazione tra la quantit\u00e0 di acqua residua rimasta sulle mani e i livelli di trasmissione batterica. <br \/>\nLa&nbsp; transmissione Batterica avviene assai pi\u00f9 facilmente da mani umide che non da mani asciutte. <br \/>\nMerry ed altri hanno anche confermato il ruolo importante dell&#8217; acqua residua sulle mani sul livello di contaminazione associata al toccare le superfici.<\/p>\n<p>Nonostante gli studi abbiano confermato l&#8217; importanza di un accurata asciugatura delle mani dopo averle lavate, il ruolo della asciugatura delle mani <strong>non \u00e8 stato ampiamente promosso<\/strong>, e la sua <strong>rilevanza per una buona igiene delle mani ed il controllo delle infezioni sembra che sia stato trascurato. <\/strong><br \/>\nLa mancanza di attenzione a questo aspetto pu\u00f2 annullare i benifici di un lavaggio accurato in ambito sanitario.&nbsp;<br \/>\nPer ora, <strong>poche ricerche sono state condotte per esaminare il contributo&nbsp; che un&#8217; adeguata asciugatura garantisce alla asciugatura delle mani. <br \/>\n<\/strong> Lo scopo&nbsp; di questo articolo \u00e8 di offrire <strong>un esame sistematico <\/strong>delle ricerche che hanno esaminato le performance di diversi sistemi di&nbsp; asciugatura delle mani e di offrire delle indicazioni per ricerche future.<\/p>\n<h3>Contenuti fondamentali dell&#8217; articolo<\/h3>\n<p>\u25a0 Il lavaggio delle mani \u00e8 la <strong>misura pi\u00f9 importante per ridurre il rischio di infezioni in ambito sanitario<\/strong>.<\/p>\n<p>\u25a0 Poich\u00e9 la trasmissione di batteri avviene maggiormente da pelle umida che da pelle asciutta, <strong>un&#8217;adeguata asciugatura delle mani dopo il lavaggio deve essere un elemento essenziale delle procedure di igiene delle mani<\/strong>.<\/p>\n<p>\u25a0 L&#8217;efficacia ai fini dell&#8217;igiene dell&#8217;asciugatura delle mani comprende&nbsp; <strong>l&#8217; efficienza nella asciugatura, un&#8217; efficace rimozione dei batteri, e la prevenzione di contaminazione tra una persona e l&#8217;altra.&nbsp;<\/strong><\/p>\n<p>\u25a0 Da un punto di vista di <strong>Igiene<\/strong>, <strong style=\"color: #fc0c02;\">gli asciugamani di carta sono superiori agli asciugatori elettrici.<\/strong><\/p>\n<p>\u25a0 <strong style=\"color: #fb2603;\">Asciugare le mani accuratamente attraverso un asciugamano di carta monouso, usa e getta \u00e8 il metodo preferibile in ambito sanitario.&nbsp;<\/strong><\/p>\n<p>\u25a0 La fornitura di asciugamani di carta deve essere considerata un mezzo <strong>per migliorare il rispetto degli standard di igiene delle mani&nbsp; tra gli operatori sanitari<\/strong><\/p>\n<p>&nbsp;<\/p>\n<p><strong>Potete scaricare la pubblicazione completa<em> <div class=\"fusion-fullwidth fullwidth-box fusion-builder-row-1 hundred-percent-fullwidth non-hundred-percent-height-scrolling\" style=\"--awb-border-radius-top-left:0px;--awb-border-radius-top-right:0px;--awb-border-radius-bottom-right:0px;--awb-border-radius-bottom-left:0px;--awb-overflow:visible;--awb-flex-wrap:wrap;\" ><div class=\"fusion-builder-row fusion-row\"><div class=\"fusion-layout-column fusion_builder_column fusion-builder-column-0 fusion_builder_column_1_1 1_1 fusion-one-full fusion-column-first fusion-column-last fusion-column-no-min-height\" style=\"--awb-bg-size:cover;--awb-margin-bottom:0px;\"><div class=\"fusion-column-wrapper fusion-flex-column-wrapper-legacy\">[in inglese] <\/em>a questo link:&nbsp; <a href=\"http:\/\/europeantissue.com\/wp-content\/uploads\/Mayo-Clinic-The-Hygienic-Efficacy-of-Different-Hand-Drying-Methods.pdf\">Mayo Clinic Proceedings- The Hygienic Efficacy of Different Hand-Drying Methods<\/a><\/strong><\/p>\n<p><strong>Potete anche leggere il blog del Washington Post sull articolo del Mayo Clinic Proceedings a questo link: <a href=\"http:\/\/www.washingtonpost.com\/blogs\/compost\/wp\/2012\/12\/14\/the-paper-towel-hand-dryer-wars-are-over\/\">The paper towel-hand dryer wars are over<\/a><\/strong><\/p>\n<div class=\"fusion-clearfix\"><\/div><\/div><\/div><\/div><\/div><\/p>\n","protected":false},"excerpt":{"rendered":"<p>Rivista scientifica di punta ed uno dei principali&nbsp; &#8220;peer-reviewed clinical journals&#8221; specializzato in medicina generale, Mayo Clinic Proceedings \u00e8 tra le pubblicazioni&nbsp; scientifiche per medici pi\u00f9 lette e frequentemente citate, con una circolazione&nbsp; di circa 124,000.&nbsp; Pubblicata con continuit\u00e0 dal 1926, il contenuto dei &#8220;Proceedings&#8221; ha presentato articoli relativi a ricerche vincitrici di Premi Nobel.  [&#8230;]<\/p>\n","protected":false},"author":2,"featured_media":0,"parent":7336,"menu_order":4,"comment_status":"open","ping_status":"closed","template":"","meta":{"_monsterinsights_skip_tracking":false,"_monsterinsights_sitenote_active":false,"_monsterinsights_sitenote_note":"","_monsterinsights_sitenote_category":0,"ngg_post_thumbnail":0,"footnotes":""},"class_list":["post-7338","page","type-page","status-publish","hentry"],"yoast_head":"<!-- This site is optimized with the Yoast SEO plugin v26.3 - https:\/\/yoast.com\/wordpress\/plugins\/seo\/ -->\n<title>Mayo Clinic Proceedings - European Tissue Symposium<\/title>\n<meta name=\"description\" content=\"Mayo Clinic Proceedings:\u00a0Asciugare le mani accuratamente attraverso un asciugamano di carta monouso, usa e getta \u00e8 il metodo preferibile in ambito sanitario\" \/>\n<meta name=\"robots\" content=\"index, follow, max-snippet:-1, max-image-preview:large, max-video-preview:-1\" \/>\n<link rel=\"canonical\" href=\"https:\/\/europeantissue.com\/it\/hygiene\/studies\/articolo-mayo-clinic-proceedings-lefficacia-dei-diversi-sistemi-di-asciugatura\/\" \/>\n<meta property=\"og:locale\" content=\"it_IT\" \/>\n<meta property=\"og:type\" content=\"article\" \/>\n<meta property=\"og:title\" content=\"Mayo Clinic Proceedings - European Tissue Symposium\" \/>\n<meta property=\"og:description\" content=\"Mayo Clinic Proceedings:\u00a0Asciugare le mani accuratamente attraverso un asciugamano di carta monouso, usa e getta \u00e8 il metodo preferibile in ambito sanitario\" \/>\n<meta property=\"og:url\" content=\"https:\/\/europeantissue.com\/it\/hygiene\/studies\/articolo-mayo-clinic-proceedings-lefficacia-dei-diversi-sistemi-di-asciugatura\/\" \/>\n<meta property=\"og:site_name\" content=\"European Tissue Symposium\" \/>\n<meta property=\"article:modified_time\" content=\"2018-09-25T06:31:05+00:00\" \/>\n<meta property=\"og:image\" content=\"http:\/\/europeantissue.com\/wp-content\/uploads\/Mayo-Clinic-Head.jpg\" \/>\n<meta name=\"twitter:card\" content=\"summary_large_image\" \/>\n<meta name=\"twitter:label1\" content=\"Tempo di lettura stimato\" \/>\n\t<meta name=\"twitter:data1\" content=\"6 minuti\" \/>\n<script type=\"application\/ld+json\" class=\"yoast-schema-graph\">{\"@context\":\"https:\/\/schema.org\",\"@graph\":[{\"@type\":\"WebPage\",\"@id\":\"https:\/\/europeantissue.com\/it\/hygiene\/studies\/articolo-mayo-clinic-proceedings-lefficacia-dei-diversi-sistemi-di-asciugatura\/\",\"url\":\"https:\/\/europeantissue.com\/it\/hygiene\/studies\/articolo-mayo-clinic-proceedings-lefficacia-dei-diversi-sistemi-di-asciugatura\/\",\"name\":\"Mayo Clinic Proceedings - European Tissue Symposium\",\"isPartOf\":{\"@id\":\"https:\/\/europeantissue.com\/de\/#website\"},\"primaryImageOfPage\":{\"@id\":\"https:\/\/europeantissue.com\/it\/hygiene\/studies\/articolo-mayo-clinic-proceedings-lefficacia-dei-diversi-sistemi-di-asciugatura\/#primaryimage\"},\"image\":{\"@id\":\"https:\/\/europeantissue.com\/it\/hygiene\/studies\/articolo-mayo-clinic-proceedings-lefficacia-dei-diversi-sistemi-di-asciugatura\/#primaryimage\"},\"thumbnailUrl\":\"http:\/\/europeantissue.com\/wp-content\/uploads\/Mayo-Clinic-Head.jpg\",\"datePublished\":\"2015-08-29T18:55:06+00:00\",\"dateModified\":\"2018-09-25T06:31:05+00:00\",\"description\":\"Mayo Clinic Proceedings:\u00a0Asciugare le mani accuratamente attraverso un asciugamano di carta monouso, usa e getta \u00e8 il metodo preferibile in ambito sanitario\",\"breadcrumb\":{\"@id\":\"https:\/\/europeantissue.com\/it\/hygiene\/studies\/articolo-mayo-clinic-proceedings-lefficacia-dei-diversi-sistemi-di-asciugatura\/#breadcrumb\"},\"inLanguage\":\"it-IT\",\"potentialAction\":[{\"@type\":\"ReadAction\",\"target\":[\"https:\/\/europeantissue.com\/it\/hygiene\/studies\/articolo-mayo-clinic-proceedings-lefficacia-dei-diversi-sistemi-di-asciugatura\/\"]}]},{\"@type\":\"ImageObject\",\"inLanguage\":\"it-IT\",\"@id\":\"https:\/\/europeantissue.com\/it\/hygiene\/studies\/articolo-mayo-clinic-proceedings-lefficacia-dei-diversi-sistemi-di-asciugatura\/#primaryimage\",\"url\":\"http:\/\/europeantissue.com\/wp-content\/uploads\/Mayo-Clinic-Head.jpg\",\"contentUrl\":\"http:\/\/europeantissue.com\/wp-content\/uploads\/Mayo-Clinic-Head.jpg\"},{\"@type\":\"BreadcrumbList\",\"@id\":\"https:\/\/europeantissue.com\/it\/hygiene\/studies\/articolo-mayo-clinic-proceedings-lefficacia-dei-diversi-sistemi-di-asciugatura\/#breadcrumb\",\"itemListElement\":[{\"@type\":\"ListItem\",\"position\":1,\"name\":\"Home\",\"item\":\"https:\/\/europeantissue.com\/it\/\"},{\"@type\":\"ListItem\",\"position\":2,\"name\":\"Igiene\",\"item\":\"https:\/\/europeantissue.com\/it\/hygiene\/\"},{\"@type\":\"ListItem\",\"position\":3,\"name\":\"Studi\",\"item\":\"https:\/\/europeantissue.com\/it\/hygiene\/studies\/\"},{\"@type\":\"ListItem\",\"position\":4,\"name\":\"Mayo Clinic Proceedings\"}]},{\"@type\":\"WebSite\",\"@id\":\"https:\/\/europeantissue.com\/de\/#website\",\"url\":\"https:\/\/europeantissue.com\/de\/\",\"name\":\"European Tissue Symposium\",\"description\":\"\",\"potentialAction\":[{\"@type\":\"SearchAction\",\"target\":{\"@type\":\"EntryPoint\",\"urlTemplate\":\"https:\/\/europeantissue.com\/de\/?s={search_term_string}\"},\"query-input\":{\"@type\":\"PropertyValueSpecification\",\"valueRequired\":true,\"valueName\":\"search_term_string\"}}],\"inLanguage\":\"it-IT\"}]}<\/script>\n<!-- \/ Yoast SEO plugin. -->","yoast_head_json":{"title":"Mayo Clinic Proceedings - European Tissue Symposium","description":"Mayo Clinic Proceedings:\u00a0Asciugare le mani accuratamente attraverso un asciugamano di carta monouso, usa e getta \u00e8 il metodo preferibile in ambito sanitario","robots":{"index":"index","follow":"follow","max-snippet":"max-snippet:-1","max-image-preview":"max-image-preview:large","max-video-preview":"max-video-preview:-1"},"canonical":"https:\/\/europeantissue.com\/it\/hygiene\/studies\/articolo-mayo-clinic-proceedings-lefficacia-dei-diversi-sistemi-di-asciugatura\/","og_locale":"it_IT","og_type":"article","og_title":"Mayo Clinic Proceedings - European Tissue Symposium","og_description":"Mayo Clinic Proceedings:\u00a0Asciugare le mani accuratamente attraverso un asciugamano di carta monouso, usa e getta \u00e8 il metodo preferibile in ambito sanitario","og_url":"https:\/\/europeantissue.com\/it\/hygiene\/studies\/articolo-mayo-clinic-proceedings-lefficacia-dei-diversi-sistemi-di-asciugatura\/","og_site_name":"European Tissue Symposium","article_modified_time":"2018-09-25T06:31:05+00:00","og_image":[{"url":"http:\/\/europeantissue.com\/wp-content\/uploads\/Mayo-Clinic-Head.jpg","type":"","width":"","height":""}],"twitter_card":"summary_large_image","twitter_misc":{"Tempo di lettura stimato":"6 minuti"},"schema":{"@context":"https:\/\/schema.org","@graph":[{"@type":"WebPage","@id":"https:\/\/europeantissue.com\/it\/hygiene\/studies\/articolo-mayo-clinic-proceedings-lefficacia-dei-diversi-sistemi-di-asciugatura\/","url":"https:\/\/europeantissue.com\/it\/hygiene\/studies\/articolo-mayo-clinic-proceedings-lefficacia-dei-diversi-sistemi-di-asciugatura\/","name":"Mayo Clinic Proceedings - European Tissue Symposium","isPartOf":{"@id":"https:\/\/europeantissue.com\/de\/#website"},"primaryImageOfPage":{"@id":"https:\/\/europeantissue.com\/it\/hygiene\/studies\/articolo-mayo-clinic-proceedings-lefficacia-dei-diversi-sistemi-di-asciugatura\/#primaryimage"},"image":{"@id":"https:\/\/europeantissue.com\/it\/hygiene\/studies\/articolo-mayo-clinic-proceedings-lefficacia-dei-diversi-sistemi-di-asciugatura\/#primaryimage"},"thumbnailUrl":"http:\/\/europeantissue.com\/wp-content\/uploads\/Mayo-Clinic-Head.jpg","datePublished":"2015-08-29T18:55:06+00:00","dateModified":"2018-09-25T06:31:05+00:00","description":"Mayo Clinic Proceedings:\u00a0Asciugare le mani accuratamente attraverso un asciugamano di carta monouso, usa e getta \u00e8 il metodo preferibile in ambito sanitario","breadcrumb":{"@id":"https:\/\/europeantissue.com\/it\/hygiene\/studies\/articolo-mayo-clinic-proceedings-lefficacia-dei-diversi-sistemi-di-asciugatura\/#breadcrumb"},"inLanguage":"it-IT","potentialAction":[{"@type":"ReadAction","target":["https:\/\/europeantissue.com\/it\/hygiene\/studies\/articolo-mayo-clinic-proceedings-lefficacia-dei-diversi-sistemi-di-asciugatura\/"]}]},{"@type":"ImageObject","inLanguage":"it-IT","@id":"https:\/\/europeantissue.com\/it\/hygiene\/studies\/articolo-mayo-clinic-proceedings-lefficacia-dei-diversi-sistemi-di-asciugatura\/#primaryimage","url":"http:\/\/europeantissue.com\/wp-content\/uploads\/Mayo-Clinic-Head.jpg","contentUrl":"http:\/\/europeantissue.com\/wp-content\/uploads\/Mayo-Clinic-Head.jpg"},{"@type":"BreadcrumbList","@id":"https:\/\/europeantissue.com\/it\/hygiene\/studies\/articolo-mayo-clinic-proceedings-lefficacia-dei-diversi-sistemi-di-asciugatura\/#breadcrumb","itemListElement":[{"@type":"ListItem","position":1,"name":"Home","item":"https:\/\/europeantissue.com\/it\/"},{"@type":"ListItem","position":2,"name":"Igiene","item":"https:\/\/europeantissue.com\/it\/hygiene\/"},{"@type":"ListItem","position":3,"name":"Studi","item":"https:\/\/europeantissue.com\/it\/hygiene\/studies\/"},{"@type":"ListItem","position":4,"name":"Mayo Clinic Proceedings"}]},{"@type":"WebSite","@id":"https:\/\/europeantissue.com\/de\/#website","url":"https:\/\/europeantissue.com\/de\/","name":"European Tissue Symposium","description":"","potentialAction":[{"@type":"SearchAction","target":{"@type":"EntryPoint","urlTemplate":"https:\/\/europeantissue.com\/de\/?s={search_term_string}"},"query-input":{"@type":"PropertyValueSpecification","valueRequired":true,"valueName":"search_term_string"}}],"inLanguage":"it-IT"}]}},"_links":{"self":[{"href":"https:\/\/europeantissue.com\/it\/wp-json\/wp\/v2\/pages\/7338","targetHints":{"allow":["GET"]}}],"collection":[{"href":"https:\/\/europeantissue.com\/it\/wp-json\/wp\/v2\/pages"}],"about":[{"href":"https:\/\/europeantissue.com\/it\/wp-json\/wp\/v2\/types\/page"}],"author":[{"embeddable":true,"href":"https:\/\/europeantissue.com\/it\/wp-json\/wp\/v2\/users\/2"}],"replies":[{"embeddable":true,"href":"https:\/\/europeantissue.com\/it\/wp-json\/wp\/v2\/comments?post=7338"}],"version-history":[{"count":0,"href":"https:\/\/europeantissue.com\/it\/wp-json\/wp\/v2\/pages\/7338\/revisions"}],"up":[{"embeddable":true,"href":"https:\/\/europeantissue.com\/it\/wp-json\/wp\/v2\/pages\/7336"}],"wp:attachment":[{"href":"https:\/\/europeantissue.com\/it\/wp-json\/wp\/v2\/media?parent=7338"}],"curies":[{"name":"wp","href":"https:\/\/api.w.org\/{rel}","templated":true}]}}