 {"id":12440,"date":"2021-03-19T15:11:42","date_gmt":"2021-03-19T15:11:42","guid":{"rendered":"http:\/\/europeantissue.com\/?page_id=12440"},"modified":"2021-03-19T16:31:14","modified_gmt":"2021-03-19T16:31:14","slug":"nuovo-studio-pilota-sulla-trasmissione-di-microbi-dai-bagni-degli-ospedali-ai-reparti-2021","status":"publish","type":"page","link":"https:\/\/europeantissue.com\/it\/hygiene\/studies\/nuovo-studio-pilota-sulla-trasmissione-di-microbi-dai-bagni-degli-ospedali-ai-reparti-2021\/","title":{"rendered":"Nuovo studio pilota sulla trasmissione di microbi dai bagni degli ospedali ai reparti (2021)"},"content":{"rendered":"<p><div class=\"fusion-fullwidth fullwidth-box fusion-builder-row-1 nonhundred-percent-fullwidth non-hundred-percent-height-scrolling\" style=\"--awb-border-radius-top-left:0px;--awb-border-radius-top-right:0px;--awb-border-radius-bottom-right:0px;--awb-border-radius-bottom-left:0px;--awb-flex-wrap:wrap;\" ><div class=\"fusion-builder-row fusion-row\"><div class=\"fusion-layout-column fusion_builder_column fusion-builder-column-0 fusion_builder_column_1_1 1_1 fusion-one-full fusion-column-first fusion-column-last\" style=\"--awb-bg-size:cover;--awb-margin-bottom:0px;\"><div class=\"fusion-column-wrapper fusion-flex-column-wrapper-legacy\"><div class=\"fusion-text fusion-text-1\"><h2><strong>Un nuovo<\/strong><strong> studio pilota dimostra che il metodo di asciugatura delle mani pu\u00f2 incidere notevolmente sulla trasmissione dei microbi dai bagni degli ospedali ai reparti<\/strong><\/h2>\n<\/div><div class=\"fusion-clearfix\"><\/div><\/div><\/div><\/div><\/div><div class=\"fusion-fullwidth fullwidth-box fusion-builder-row-2 hundred-percent-fullwidth non-hundred-percent-height-scrolling\" style=\"--awb-border-radius-top-left:0px;--awb-border-radius-top-right:0px;--awb-border-radius-bottom-right:0px;--awb-border-radius-bottom-left:0px;--awb-overflow:visible;--awb-flex-wrap:wrap;\" ><div class=\"fusion-builder-row fusion-row\"><div class=\"fusion-layout-column fusion_builder_column fusion-builder-column-1 fusion_builder_column_1_1 1_1 fusion-one-full fusion-column-first fusion-column-last fusion-column-no-min-height\" style=\"--awb-bg-size:cover;--awb-margin-bottom:0px;\"><div class=\"fusion-column-wrapper fusion-flex-column-wrapper-legacy\"><div class=\"fusion-text fusion-text-2\"><h2 style=\"text-align: center;\"><span style=\"color: #0000ff;\"><strong><em>I livelli medi di contaminazione sono 10 volte pi\u00f9 elevati in seguito all\u2019asciugatura delle mani con asciugamani a getto d\u2019aria<\/em><\/strong><\/span><\/h2>\n<p><a href=\"https:\/\/europeantissue.com\/wp-content\/uploads\/2021\/03\/ICHE-cover-March-2021-3d.jpg\"><img decoding=\"async\" class=\"alignleft wp-image-12447\" src=\"https:\/\/europeantissue.com\/wp-content\/uploads\/2021\/03\/ICHE-cover-March-2021-3d.jpg\" alt=\"\" width=\"300\" height=\"395\" srcset=\"https:\/\/europeantissue.com\/wp-content\/uploads\/2021\/03\/ICHE-cover-March-2021-3d-200x264.jpg 200w, https:\/\/europeantissue.com\/wp-content\/uploads\/2021\/03\/ICHE-cover-March-2021-3d-228x300.jpg 228w, https:\/\/europeantissue.com\/wp-content\/uploads\/2021\/03\/ICHE-cover-March-2021-3d-400x527.jpg 400w, https:\/\/europeantissue.com\/wp-content\/uploads\/2021\/03\/ICHE-cover-March-2021-3d.jpg 418w\" sizes=\"(max-width: 300px) 100vw, 300px\" \/><\/a>Uno <a href=\"https:\/\/www.cambridge.org\/core\/journals\/infection-control-and-hospital-epidemiology\/article\/from-the-hospital-toilet-to-the-ward-a-pilot-study-on-microbe-dispersal-to-multiple-hospital-surfaces-following-hand-drying-using-a-jet-air-dryer-versus-paper-towels\/FA51D26C9C3DC261D35F122EF97593D5\">studio pilota<\/a> che esamina la possibilit\u00e0 di trasferimento dei microorganismi presenti sulle mani lavate in modo insufficiente oltre l\u2019ambiente del bagno verso aree ospedaliere e reparti ha rilevato che <strong>asciugarsi le mani con asciugamani in carta rispetto agli asciugamani a getto d\u2019aria si traduce in tassi inferiori di contaminazione dei virus su mani e indumenti<\/strong>. Le conseguenze di questi diversi tassi di contaminazione residua sulle mani dopo l&#8217;asciugatura sono state misurate mediante campionamento di una serie di superfici per stabilire la portata della trasmissione di un virus al di fuori delle pareti del bagno.<\/p>\n<p>Lo studio, in peer-review nell\u2019ultima edizione della rivista <em>Infection Contro and Hospital Epidemiology<\/em>, \u00e8 stato condotto in un bagno dell\u2019<strong>ospedale Leeds General Infirmary<\/strong> nel Regno Unito utilizzato da personale, visitatori e pazienti. Lo studio si \u00e8 svolto su un periodo di 5 settimane e ha analizzato la trasmissione del virus al di fuori delle pareti del bagno verso superfici nelle aree pubbliche e di servizi clinici dell\u2019ospedale.<\/p>\n<p>\u00c8 stato impiegato un batteriofago (un virus specializzato innocuo per gli esseri umani) per rappresentare la contaminazione microbica in seguito a due modalit\u00e0 di asciugatura delle mani: la prima con asciugamani in carta e la seconda con asciugamani a getto d\u2019aria. I volontari hanno igienizzato le loro mani prima di immergerle in un liquido contenente il batteriofago, e hanno ripetuto due volte l\u2019operazione, facendo ricorso ogni volta a un metodo diverso di asciugatura delle mani. Le mani sono state scosse tre volte per rimuovere il liquido in eccesso prima di asciugarle. I volontari inoltre hanno indossato grembiuli in plastica per misurare la contaminazione del corpo\/degli indumenti durante l&#8217;asciugatura delle mani.<\/p>\n<p>Tutte le superfici e i campioni analizzati hanno riportato una contaminazione da batteriofago superiore al limite di rilevazione in seguito all\u2019uso dell\u2019asciugamano a getto d\u2019aria. La contaminazione in seguito all&#8217;asciugatura delle mani con gli asciugamani in carta \u00e8 avvenuta solo su 6 superfici su 11. Ad esempio, l\u2019uso simulato di un telefono dell\u2019ospedale per 10 secondi ha dato come risultato una contaminazione rilevabile in seguito all\u2019asciugatura con getto d\u2019aria. La contaminazione di busto e indumenti si \u00e8 rivelata notevolmente superiore in seguito all\u2019uso di asciugamani a getto d\u2019aria rispetto agli asciugamani in carta. In media, <span style=\"color: #0000ff;\"><strong>i livelli di contaminazione delle superfici in seguito all\u2019asciugatura delle mani con getto d\u2019aria sono stati di 10 volte superiori rispetto a quelli rilevati dopo l\u2019uso degli asciugamani in carta.<\/strong><\/span><\/p>\n<p>I ricercatori \u2013 la dottoranda Ines Moura, il dottor Duncan Ewin e il dottore in medicina Mark Wilcox &#8211; hanno raccolto campioni dal palmo della mano e dalle punte delle dita subito dopo l\u2019asciugatura per misurare la contaminazione di riferimento delle mani prima del campionamento ambientale. I volontari sono quindi usciti dal bagno e hanno seguito un percorso predefinito, che includeva aree pubbliche e dei servizi clinici. I campioni sono stati raccolti da superfici ambientali in seguito al contatto con mani o con il grembiule. \u00c8 stato appeso uno stetoscopio attorno al collo, lasciando la testa e l\u2019archetto auricolare in contatto con il grembiule per circa 7 minuti. I volontari hanno inoltre incrociato le braccia sul petto per 2 minuti e quindi le hanno appoggiate sui braccioli di una sedia per 3 minuti. Da ogni superficie sono stati prelevati campioni con uno stick inumidito con tampone neutralizzante e le superfici sono state disinfettate con salviette al cloro prima e dopo il prelievo di campioni.<\/p>\n<p>I risultati suggeriscono un <span style=\"color: #0000ff;\"><strong>potenziale maggiore di diffusione di microbi attraverso l\u2019uso di asciugamani a getto d\u2019aria<\/strong><\/span>, probabilmente dovuto al rischio maggiore di indirizzare schizzi sugli utenti. Questo risultato \u00e8 preoccupante perch\u00e9 oggetti e superfici possono fungere da bacini di microorganismi che vengono acquisiti tramite contatto delle mani. \u00c8 particolarmente preoccupante la contaminazione sensibilmente superiore di articoli venuti a stretto contatto con operatori sanitari e pazienti, come telefoni e stetoscopi, in seguito all\u2019uso dell\u2019asciugamano a getto d\u2019aria. La riduzione del potenziale di diffusione dei microbi \u00e8 un principio fondamentale di prevenzione delle infezioni. Questo studio ha dimostrato che la contaminazione microbica delle mani o del busto degli utenti in seguito all\u2019uso dell\u2019asciugamano a getto d\u2019aria \u00e8 stata direttamente e indirettamente trasferita su superfici attraverso il contatto con mani, indumenti o pelle.<\/p>\n<p><span style=\"color: #0000ff;\"><strong>I risultati dello studio pilota mettono in discussione l\u2019uso degli asciugamani a getto d\u2019aria in un ambiente ospedaliero e sostengono le raccomandazioni degli ospedali tedeschi e della societ\u00e0 francese per l\u2019igiene ospedaliera FS2H che indicano gli asciugamani in carta come metodo previsto per asciugare le mani in ambienti sanitari.<\/strong><\/span><\/p>\n<p><em><u>Nota per i redattori<\/u><\/em><\/p>\n<ul>\n<li><em>I patogeni possono sopravvivere sulle mani per diverse ore e sulle superfici per diversi mesi. Possono essere acquisiti in percentuale elevata mediante il contatto con superfici ambientali. Il processo di asciugatura delle mani \u00e8 essenziale per la riduzione del rischio di diffusione patogena poich\u00e9 l\u2019umidit\u00e0 residua sulle mani \u00e8 associata a un trasferimento superiore dei microorganismi dalle mani alle superfici.<\/em><\/li>\n<li><em>Studi precedenti hanno gi\u00e0 dimostrato che il rischio di contaminazione batterica ambientale \u00e8 inferiore con l\u2019uso di asciugamani in carta in quanto metodo di asciugatura delle mani. Si verifica una minore dispersione di goccioline e\/o microbi e di conseguenza si registrano livelli minori di contaminazione delle superfici.<\/em><\/li>\n<li><em>I ricercatori consigliano che gli studi futuri si concentrino su un numero maggiore di volontari e che includano possibilmente uno studio del processo di lavaggio delle mani precedente all\u2019asciugatura, analizzando il modo in cui il metodo e la durata del lavaggio delle mani pu\u00f2 incidere sul grado di trasferimento di batteriofagi e sulla contaminazione delle superfici. <\/em><\/li>\n<\/ul>\n<\/div><div class=\"fusion-text fusion-text-3\"><h3 style=\"text-align: center;\"><a href=\"https:\/\/www.cambridge.org\/core\/journals\/infection-control-and-hospital-epidemiology\/article\/from-the-hospital-toilet-to-the-ward-a-pilot-study-on-microbe-dispersal-to-multiple-hospital-surfaces-following-hand-drying-using-a-jet-air-dryer-versus-paper-towels\/FA51D26C9C3DC261D35F122EF97593D5\"><strong>POTETE LEGGERE QUI LO STUDIO COMPLETO<\/strong><\/a><\/h3>\n<p><a href=\"https:\/\/www.cambridge.org\/core\/journals\/infection-control-and-hospital-epidemiology\/article\/from-the-hospital-toilet-to-the-ward-a-pilot-study-on-microbe-dispersal-to-multiple-hospital-surfaces-following-hand-drying-using-a-jet-air-dryer-versus-paper-towels\/FA51D26C9C3DC261D35F122EF97593D5\"><img decoding=\"async\" class=\"aligncenter wp-image-12462 size-full\" src=\"https:\/\/europeantissue.com\/wp-content\/uploads\/2021\/03\/Read-the-full-study-3d.jpg\" alt=\"\" width=\"669\" height=\"161\" srcset=\"https:\/\/europeantissue.com\/wp-content\/uploads\/2021\/03\/Read-the-full-study-3d-200x48.jpg 200w, https:\/\/europeantissue.com\/wp-content\/uploads\/2021\/03\/Read-the-full-study-3d-300x72.jpg 300w, https:\/\/europeantissue.com\/wp-content\/uploads\/2021\/03\/Read-the-full-study-3d-400x96.jpg 400w, https:\/\/europeantissue.com\/wp-content\/uploads\/2021\/03\/Read-the-full-study-3d-600x144.jpg 600w, https:\/\/europeantissue.com\/wp-content\/uploads\/2021\/03\/Read-the-full-study-3d.jpg 669w\" sizes=\"(max-width: 669px) 100vw, 669px\" \/><\/a><\/p>\n<p>&nbsp;<\/p>\n<\/div><div class=\"fusion-clearfix\"><\/div><\/div><\/div><div class=\"fusion-layout-column fusion_builder_column fusion-builder-column-2 fusion_builder_column_1_1 1_1 fusion-one-full fusion-column-first fusion-column-last fusion-column-no-min-height\" style=\"--awb-bg-size:cover;--awb-margin-bottom:0px;\"><div class=\"fusion-column-wrapper fusion-flex-column-wrapper-legacy\"><div class=\"fusion-text fusion-text-4\"><p><strong>Profilo di ETS<\/strong><\/p>\n<p>ETS \u00e8 l\u2019associazione europea dei produttori di carta tissue. I membri di ETS rappresentano la maggioranza dei produttori di carta tissue in tutta Europa e circa il 90% della produzione totale europea di carta tissue. ETS \u00e8 stata fondata nel 1971 e ha sede a Bruxelles. Per ulteriori informazioni: <a href=\"http:\/\/www.europeantissue.com\">www.europeantissue.com<\/a><\/p>\n<p>&nbsp;<\/p>\n<p><strong>Contatti Editoriali:<\/strong><\/p>\n<p><strong>duomedia <br \/>\n<\/strong>Dorien Cooreman | tel. +32 2 560 21 50 | <a href=\"mailto:dorien.c@duomedia.com\">dorien.c@duomedia.com<\/a><\/p>\n<p><strong>ETS<br \/>\n<\/strong>Fanis Papakostas | tel. + 49 15 20 27 79 147| <a href=\"mailto:fanis.papakostas2@gmail.com\">fanis.papakostas2@gmail.com<\/a><\/p>\n<p><strong>Follow ETS on: <br \/>\n<\/strong>&nbsp;<a href=\"https:\/\/twitter.com\/ETSchoices\">Twitter.com\/ETS<\/a> | &nbsp;<a href=\"https:\/\/www.linkedin.com\/company\/european-tissue-symposium\/\">Linkedin.com\/ETS<\/a> | &nbsp;<a href=\"https:\/\/www.youtube.com\/user\/ETSChoices\">Youtube.com\/ETS<\/a> | &nbsp;<a href=\"https:\/\/www.facebook.com\/ETS-European-Tissue-Symposium-1463682673861615\/\">Facebook.com\/ETS<\/a><\/p>\n<p>&nbsp;<\/p>\n<\/div><div class=\"fusion-clearfix\"><\/div><\/div><\/div><\/div><\/div><\/p>\n","protected":false},"excerpt":{"rendered":"","protected":false},"author":16,"featured_media":0,"parent":7336,"menu_order":3,"comment_status":"open","ping_status":"closed","template":"","meta":{"_monsterinsights_skip_tracking":false,"_monsterinsights_sitenote_active":false,"_monsterinsights_sitenote_note":"","_monsterinsights_sitenote_category":0,"ngg_post_thumbnail":0,"footnotes":""},"class_list":["post-12440","page","type-page","status-publish","hentry"],"yoast_head":"<!-- This site is optimized with the Yoast SEO plugin v26.3 - https:\/\/yoast.com\/wordpress\/plugins\/seo\/ -->\n<title>Nuovo studio pilota sulla trasmissione di microbi dai bagni degli ospedali ai reparti (2021) - European Tissue Symposium<\/title>\n<meta name=\"description\" content=\"Contamination of the Washroom: Jet air and warm air driers contaminate air in washrooms and may be unsuitable for use in healthcare settings\" \/>\n<meta name=\"robots\" content=\"index, follow, max-snippet:-1, max-image-preview:large, max-video-preview:-1\" \/>\n<link rel=\"canonical\" href=\"https:\/\/europeantissue.com\/it\/hygiene\/studies\/nuovo-studio-pilota-sulla-trasmissione-di-microbi-dai-bagni-degli-ospedali-ai-reparti-2021\/\" \/>\n<meta property=\"og:locale\" content=\"it_IT\" \/>\n<meta property=\"og:type\" content=\"article\" \/>\n<meta property=\"og:title\" content=\"Nuovo studio pilota sulla trasmissione di microbi dai bagni degli ospedali ai reparti (2021) - European Tissue Symposium\" \/>\n<meta property=\"og:description\" content=\"Contamination of the Washroom: Jet air and warm air driers contaminate air in washrooms and may be unsuitable for use in healthcare settings\" \/>\n<meta property=\"og:url\" content=\"https:\/\/europeantissue.com\/it\/hygiene\/studies\/nuovo-studio-pilota-sulla-trasmissione-di-microbi-dai-bagni-degli-ospedali-ai-reparti-2021\/\" \/>\n<meta property=\"og:site_name\" content=\"European Tissue Symposium\" \/>\n<meta property=\"article:modified_time\" content=\"2021-03-19T16:31:14+00:00\" \/>\n<meta property=\"og:image\" content=\"https:\/\/europeantissue.com\/wp-content\/uploads\/2021\/03\/ICHE-cover-March-2021-3d.jpg\" \/>\n<meta name=\"twitter:card\" content=\"summary_large_image\" \/>\n<meta name=\"twitter:label1\" content=\"Tempo di lettura stimato\" \/>\n\t<meta name=\"twitter:data1\" content=\"8 minuti\" \/>\n<script type=\"application\/ld+json\" class=\"yoast-schema-graph\">{\"@context\":\"https:\/\/schema.org\",\"@graph\":[{\"@type\":\"WebPage\",\"@id\":\"https:\/\/europeantissue.com\/it\/hygiene\/studies\/nuovo-studio-pilota-sulla-trasmissione-di-microbi-dai-bagni-degli-ospedali-ai-reparti-2021\/\",\"url\":\"https:\/\/europeantissue.com\/it\/hygiene\/studies\/nuovo-studio-pilota-sulla-trasmissione-di-microbi-dai-bagni-degli-ospedali-ai-reparti-2021\/\",\"name\":\"Nuovo studio pilota sulla trasmissione di microbi dai bagni degli ospedali ai reparti (2021) - European Tissue Symposium\",\"isPartOf\":{\"@id\":\"https:\/\/europeantissue.com\/de\/#website\"},\"primaryImageOfPage\":{\"@id\":\"https:\/\/europeantissue.com\/it\/hygiene\/studies\/nuovo-studio-pilota-sulla-trasmissione-di-microbi-dai-bagni-degli-ospedali-ai-reparti-2021\/#primaryimage\"},\"image\":{\"@id\":\"https:\/\/europeantissue.com\/it\/hygiene\/studies\/nuovo-studio-pilota-sulla-trasmissione-di-microbi-dai-bagni-degli-ospedali-ai-reparti-2021\/#primaryimage\"},\"thumbnailUrl\":\"https:\/\/europeantissue.com\/wp-content\/uploads\/2021\/03\/ICHE-cover-March-2021-3d.jpg\",\"datePublished\":\"2021-03-19T15:11:42+00:00\",\"dateModified\":\"2021-03-19T16:31:14+00:00\",\"description\":\"Contamination of the Washroom: Jet air and warm air driers contaminate air in washrooms and may be unsuitable for use in healthcare settings\",\"breadcrumb\":{\"@id\":\"https:\/\/europeantissue.com\/it\/hygiene\/studies\/nuovo-studio-pilota-sulla-trasmissione-di-microbi-dai-bagni-degli-ospedali-ai-reparti-2021\/#breadcrumb\"},\"inLanguage\":\"it-IT\",\"potentialAction\":[{\"@type\":\"ReadAction\",\"target\":[\"https:\/\/europeantissue.com\/it\/hygiene\/studies\/nuovo-studio-pilota-sulla-trasmissione-di-microbi-dai-bagni-degli-ospedali-ai-reparti-2021\/\"]}]},{\"@type\":\"ImageObject\",\"inLanguage\":\"it-IT\",\"@id\":\"https:\/\/europeantissue.com\/it\/hygiene\/studies\/nuovo-studio-pilota-sulla-trasmissione-di-microbi-dai-bagni-degli-ospedali-ai-reparti-2021\/#primaryimage\",\"url\":\"https:\/\/europeantissue.com\/wp-content\/uploads\/2021\/03\/ICHE-cover-March-2021-3d.jpg\",\"contentUrl\":\"https:\/\/europeantissue.com\/wp-content\/uploads\/2021\/03\/ICHE-cover-March-2021-3d.jpg\"},{\"@type\":\"BreadcrumbList\",\"@id\":\"https:\/\/europeantissue.com\/it\/hygiene\/studies\/nuovo-studio-pilota-sulla-trasmissione-di-microbi-dai-bagni-degli-ospedali-ai-reparti-2021\/#breadcrumb\",\"itemListElement\":[{\"@type\":\"ListItem\",\"position\":1,\"name\":\"Home\",\"item\":\"https:\/\/europeantissue.com\/it\/\"},{\"@type\":\"ListItem\",\"position\":2,\"name\":\"Igiene\",\"item\":\"https:\/\/europeantissue.com\/it\/hygiene\/\"},{\"@type\":\"ListItem\",\"position\":3,\"name\":\"Studi\",\"item\":\"https:\/\/europeantissue.com\/it\/hygiene\/studies\/\"},{\"@type\":\"ListItem\",\"position\":4,\"name\":\"Nuovo studio pilota sulla trasmissione di microbi dai bagni degli ospedali ai reparti (2021)\"}]},{\"@type\":\"WebSite\",\"@id\":\"https:\/\/europeantissue.com\/de\/#website\",\"url\":\"https:\/\/europeantissue.com\/de\/\",\"name\":\"European Tissue Symposium\",\"description\":\"\",\"potentialAction\":[{\"@type\":\"SearchAction\",\"target\":{\"@type\":\"EntryPoint\",\"urlTemplate\":\"https:\/\/europeantissue.com\/de\/?s={search_term_string}\"},\"query-input\":{\"@type\":\"PropertyValueSpecification\",\"valueRequired\":true,\"valueName\":\"search_term_string\"}}],\"inLanguage\":\"it-IT\"}]}<\/script>\n<!-- \/ Yoast SEO plugin. -->","yoast_head_json":{"title":"Nuovo studio pilota sulla trasmissione di microbi dai bagni degli ospedali ai reparti (2021) - European Tissue Symposium","description":"Contamination of the Washroom: Jet air and warm air driers contaminate air in washrooms and may be unsuitable for use in healthcare settings","robots":{"index":"index","follow":"follow","max-snippet":"max-snippet:-1","max-image-preview":"max-image-preview:large","max-video-preview":"max-video-preview:-1"},"canonical":"https:\/\/europeantissue.com\/it\/hygiene\/studies\/nuovo-studio-pilota-sulla-trasmissione-di-microbi-dai-bagni-degli-ospedali-ai-reparti-2021\/","og_locale":"it_IT","og_type":"article","og_title":"Nuovo studio pilota sulla trasmissione di microbi dai bagni degli ospedali ai reparti (2021) - European Tissue Symposium","og_description":"Contamination of the Washroom: Jet air and warm air driers contaminate air in washrooms and may be unsuitable for use in healthcare settings","og_url":"https:\/\/europeantissue.com\/it\/hygiene\/studies\/nuovo-studio-pilota-sulla-trasmissione-di-microbi-dai-bagni-degli-ospedali-ai-reparti-2021\/","og_site_name":"European Tissue Symposium","article_modified_time":"2021-03-19T16:31:14+00:00","og_image":[{"url":"https:\/\/europeantissue.com\/wp-content\/uploads\/2021\/03\/ICHE-cover-March-2021-3d.jpg","type":"","width":"","height":""}],"twitter_card":"summary_large_image","twitter_misc":{"Tempo di lettura stimato":"8 minuti"},"schema":{"@context":"https:\/\/schema.org","@graph":[{"@type":"WebPage","@id":"https:\/\/europeantissue.com\/it\/hygiene\/studies\/nuovo-studio-pilota-sulla-trasmissione-di-microbi-dai-bagni-degli-ospedali-ai-reparti-2021\/","url":"https:\/\/europeantissue.com\/it\/hygiene\/studies\/nuovo-studio-pilota-sulla-trasmissione-di-microbi-dai-bagni-degli-ospedali-ai-reparti-2021\/","name":"Nuovo studio pilota sulla trasmissione di microbi dai bagni degli ospedali ai reparti (2021) - European Tissue Symposium","isPartOf":{"@id":"https:\/\/europeantissue.com\/de\/#website"},"primaryImageOfPage":{"@id":"https:\/\/europeantissue.com\/it\/hygiene\/studies\/nuovo-studio-pilota-sulla-trasmissione-di-microbi-dai-bagni-degli-ospedali-ai-reparti-2021\/#primaryimage"},"image":{"@id":"https:\/\/europeantissue.com\/it\/hygiene\/studies\/nuovo-studio-pilota-sulla-trasmissione-di-microbi-dai-bagni-degli-ospedali-ai-reparti-2021\/#primaryimage"},"thumbnailUrl":"https:\/\/europeantissue.com\/wp-content\/uploads\/2021\/03\/ICHE-cover-March-2021-3d.jpg","datePublished":"2021-03-19T15:11:42+00:00","dateModified":"2021-03-19T16:31:14+00:00","description":"Contamination of the Washroom: Jet air and warm air driers contaminate air in washrooms and may be unsuitable for use in healthcare settings","breadcrumb":{"@id":"https:\/\/europeantissue.com\/it\/hygiene\/studies\/nuovo-studio-pilota-sulla-trasmissione-di-microbi-dai-bagni-degli-ospedali-ai-reparti-2021\/#breadcrumb"},"inLanguage":"it-IT","potentialAction":[{"@type":"ReadAction","target":["https:\/\/europeantissue.com\/it\/hygiene\/studies\/nuovo-studio-pilota-sulla-trasmissione-di-microbi-dai-bagni-degli-ospedali-ai-reparti-2021\/"]}]},{"@type":"ImageObject","inLanguage":"it-IT","@id":"https:\/\/europeantissue.com\/it\/hygiene\/studies\/nuovo-studio-pilota-sulla-trasmissione-di-microbi-dai-bagni-degli-ospedali-ai-reparti-2021\/#primaryimage","url":"https:\/\/europeantissue.com\/wp-content\/uploads\/2021\/03\/ICHE-cover-March-2021-3d.jpg","contentUrl":"https:\/\/europeantissue.com\/wp-content\/uploads\/2021\/03\/ICHE-cover-March-2021-3d.jpg"},{"@type":"BreadcrumbList","@id":"https:\/\/europeantissue.com\/it\/hygiene\/studies\/nuovo-studio-pilota-sulla-trasmissione-di-microbi-dai-bagni-degli-ospedali-ai-reparti-2021\/#breadcrumb","itemListElement":[{"@type":"ListItem","position":1,"name":"Home","item":"https:\/\/europeantissue.com\/it\/"},{"@type":"ListItem","position":2,"name":"Igiene","item":"https:\/\/europeantissue.com\/it\/hygiene\/"},{"@type":"ListItem","position":3,"name":"Studi","item":"https:\/\/europeantissue.com\/it\/hygiene\/studies\/"},{"@type":"ListItem","position":4,"name":"Nuovo studio pilota sulla trasmissione di microbi dai bagni degli ospedali ai reparti (2021)"}]},{"@type":"WebSite","@id":"https:\/\/europeantissue.com\/de\/#website","url":"https:\/\/europeantissue.com\/de\/","name":"European Tissue Symposium","description":"","potentialAction":[{"@type":"SearchAction","target":{"@type":"EntryPoint","urlTemplate":"https:\/\/europeantissue.com\/de\/?s={search_term_string}"},"query-input":{"@type":"PropertyValueSpecification","valueRequired":true,"valueName":"search_term_string"}}],"inLanguage":"it-IT"}]}},"_links":{"self":[{"href":"https:\/\/europeantissue.com\/it\/wp-json\/wp\/v2\/pages\/12440","targetHints":{"allow":["GET"]}}],"collection":[{"href":"https:\/\/europeantissue.com\/it\/wp-json\/wp\/v2\/pages"}],"about":[{"href":"https:\/\/europeantissue.com\/it\/wp-json\/wp\/v2\/types\/page"}],"author":[{"embeddable":true,"href":"https:\/\/europeantissue.com\/it\/wp-json\/wp\/v2\/users\/16"}],"replies":[{"embeddable":true,"href":"https:\/\/europeantissue.com\/it\/wp-json\/wp\/v2\/comments?post=12440"}],"version-history":[{"count":0,"href":"https:\/\/europeantissue.com\/it\/wp-json\/wp\/v2\/pages\/12440\/revisions"}],"up":[{"embeddable":true,"href":"https:\/\/europeantissue.com\/it\/wp-json\/wp\/v2\/pages\/7336"}],"wp:attachment":[{"href":"https:\/\/europeantissue.com\/it\/wp-json\/wp\/v2\/media?parent=12440"}],"curies":[{"name":"wp","href":"https:\/\/api.w.org\/{rel}","templated":true}]}}