 {"id":8883,"date":"2016-03-29T14:44:38","date_gmt":"2016-03-29T14:44:38","guid":{"rendered":"http:\/\/europeantissue.com\/hygiene\/studies\/hand-drying-with-single-use-towels-least-likely-to-spread-viruses\/?lang=fr"},"modified":"2019-09-16T19:34:32","modified_gmt":"2019-09-16T19:34:32","slug":"towels-spread-less-viruses","status":"publish","type":"page","link":"https:\/\/europeantissue.com\/fr\/hygiene\/studies\/towels-spread-less-viruses\/","title":{"rendered":"Le s\u00e9chage avec un essuie-mains \u00e0 usage unique est le moyen le moins susceptible de propager les virus"},"content":{"rendered":"<h1>Les essuie-mains \u00e0 usage unique sont le moyen le plus hygi\u00e9nique pour r\u00e9duire le risque de transmission des virus lors du lavage de mains dans les sanitaire&nbsp;<\/h1>\n<p>Une nouvelle<span style=\"color: #1e6194;\"><strong> \u00e9tude ind\u00e9pendante<\/strong><\/span> a montr\u00e9 que l\u2019utilisation d\u2019<span style=\"color: #1e6194;\"><strong>essuie-mains en papier \u00e0 usage unique est le moyen le plus efficace pour se s\u00e9cher les mains dans les sanitaires<\/strong><\/span>. Cette \u00e9tude montre que la m\u00e9thode aide \u00e0 r\u00e9duire la propagation des virus, notamment ceux associ\u00e9s \u00e0 diff\u00e9rentes maladies telles que celles responsables d\u2019infections gastro-intestinales, comme le Norovirus et le Rotavirus.<\/p>\n<p>Les essuie-mains \u00e0 usage unique dispersent moins de microorganismes dans l\u2019environnement que les s\u00e8che-mains \u00e0 air puls\u00e9 ou les s\u00e8che-mains \u00e0 air chaud, et ils aident \u00e0 r\u00e9duire le risque de propagation des virus vers le visage des jeunes enfants qui accompagnent les adultes dans les sanitaires. Les cons\u00e9quences de cette d\u00e9couverte sont essentielles pour les responsables des sanitaires d\u2019\u00e9tablissements tels que les restaurants ou les h\u00f4pitaux, au sein desquels l\u2019hygi\u00e8ne est primordiale.<\/p>\n<h2>Les r\u00e9sultats de l\u2019\u00e9tude<\/h2>\n<p>Des microbiologistes de renom, les <strong><span style=\"color: #1e6194;\">Dr. Patrick Kimmitt et Keith Redway, de l\u2019Universit\u00e9 de Westminster<\/span><\/strong>, ont \u00e9tudi\u00e9 la transmission de virus en utilisant diff\u00e9rentes m\u00e9thodes de s\u00e9chage des mains : un s\u00e8che-mains \u00e0 air puls\u00e9, un s\u00e8che-mains \u00e0 air chaud et des essuie-mains en papier. Il s\u2019est av\u00e9r\u00e9 que le s\u00e8che-mains \u00e0 air puls\u00e9 transmet davantage de particules virales que les autres m\u00e9thodes, et \u00e0 des hauteurs diff\u00e9rentes, le nombre de virus pr\u00e9sents dans l\u2019air \u00e9tant \u00e9galement significativement sup\u00e9rieur. <span style=\"color: #ff0000;\"><strong>Sur la plage des hauteurs test\u00e9es, le s\u00e8che-mains \u00e0 air puls\u00e9 produit en moyenne plus de 60 fois plus de plaques virales qu\u2019un s\u00e8che-mains \u00e0 air chaud et plus de 1300 fois plus que les essuie-mains en papier.<\/strong> <\/span>Les r\u00e9sultats moyens combin\u00e9s \u00e0 des distances allant jusqu\u2019\u00e0 3 m\u00e8tres du dispositif de s\u00e9chage des mains soulignent que le s\u00e8che-mains \u00e0 air puls\u00e9 g\u00e9n\u00e8re plus de 20 fois plus de plaques virales qu\u2019un s\u00e8che-mains \u00e0 air chaud et plus de 190 fois qu\u2019un essuie-mains en papier. Les \u00e9chantillons d\u2019air recueillis 15 minutes apr\u00e8s utilisation montrent que le s\u00e8che-mains \u00e0 air puls\u00e9 produit plus de 50 fois plus de plaques virales qu\u2019un s\u00e8che-mains \u00e0 air chaud et plus de 100 fois plus qu\u2019un essuie-mains en papier.&nbsp;<\/p>\n<p><a href=\"http:\/\/europeantissue.com\/wp-content\/uploads\/2016\/03\/ETS_Infographic_UoW-Virus-Study_FR.jpg\" rel=\"attachment wp-att-8865\"><img decoding=\"async\" class=\"alignnone wp-image-8984\" src=\"http:\/\/europeantissue.com\/wp-content\/uploads\/2016\/03\/ETS_Infographic_UoW-Virus-Study_FR-1024x724.jpg\" alt=\"\" width=\"720\" height=\"509\" srcset=\"https:\/\/europeantissue.com\/wp-content\/uploads\/2016\/03\/ETS_Infographic_UoW-Virus-Study_FR-300x212.jpg 300w, https:\/\/europeantissue.com\/wp-content\/uploads\/2016\/03\/ETS_Infographic_UoW-Virus-Study_FR-768x543.jpg 768w, https:\/\/europeantissue.com\/wp-content\/uploads\/2016\/03\/ETS_Infographic_UoW-Virus-Study_FR-1024x724.jpg 1024w, https:\/\/europeantissue.com\/wp-content\/uploads\/2016\/03\/ETS_Infographic_UoW-Virus-Study_FR.jpg 1263w\" sizes=\"(max-width: 720px) 100vw, 720px\" \/><\/a><\/p>\n<p>On a montr\u00e9 que les virus survivent sur les mains pendant un certain temps, le virus de la grippe survivant de 10 \u00e0 15 minutes, le virus de l\u2019herp\u00e8s jusqu\u2019\u00e0 2 heures, le virus du rhume jusqu\u2019\u00e0 une semaine et le rotavirus jusqu\u2019\u00e0 60 jours. Les pathog\u00e8nes viraux, \u00e0 l\u2019instar du Norovirus, ont une faible dose infectante et peuvent se retrouver en grand nombre dans les selles. &nbsp;<\/p>\n<p>\u00ab Nos r\u00e9sultats indiquent clairement que, parmi les m\u00e9thodes de s\u00e9chage que nous avons test\u00e9es, <span style=\"color: #1e6194;\"><strong>les essuie-mains papier \u00e0 usage unique diss\u00e9minent le plus faible nombre de virus<\/strong> <\/span>\u00bb, explique le Dr. Patrick Kimmitt. \u00ab On estime que les contaminations crois\u00e9es contribuent \u00e0 40 % des cas d\u2019infections associ\u00e9es aux soins m\u00e9dicaux. Le lavage et le s\u00e9chage hygi\u00e9nique et efficace des mains sont donc des \u00e9tapes essentielles pour r\u00e9duire au minimum ces infections. \u00bb &nbsp;<\/p>\n<h2>Faire passer le message !<\/h2>\n<p>Cette \u00e9tude a fait l\u2019objet d\u2019une br\u00e8ve pr\u00e9sentation par Keith Redway lors de la Conf\u00e9rence europ\u00e9enne sur la sant\u00e9 publique organis\u00e9e \u00e0 Milan en Octobre 2015, et elle a suscit\u00e9 un grand int\u00e9r\u00eat. Elle a ensuite \u00e9t\u00e9 <strong><span style=\"color: #1e6194;\">publi\u00e9e dans un journal scientifique \u00e9valu\u00e9 par les pairs en d\u00e9cembre 2015 (r\u00e9f\u00e9rence : Kimmitt, P.T. &amp; Redway, K.F. Evaluation of the potential for virus dispersal during hand drying: a comparison of three methods (\u00c9valuation du potentiel de dispersion virale lors du s\u00e9chage des mains : comparaison de trois m\u00e9thodes). Journal of Applied Microbiology. 120, 478-486. <a href=\"http:\/\/onlinelibrary.wiley.com\/doi\/10.1111\/jam.13014\/full\">http:\/\/onlinelibrary.wiley.com\/doi\/10.1111\/jam.13014\/abstract<\/a>).<\/span><\/strong><\/p>\n<p><a href=\"http:\/\/onlinelibrary.wiley.com\/doi\/10.1111\/jam.13014\/full\"><img decoding=\"async\" class=\"size-medium wp-image-9015 alignleft\" src=\"http:\/\/europeantissue.com\/wp-content\/uploads\/2016\/03\/KR-Viruses-Study-162x300.jpg\" alt=\"KR Viruses Study\" width=\"162\" height=\"300\" srcset=\"https:\/\/europeantissue.com\/wp-content\/uploads\/2016\/03\/KR-Viruses-Study-162x300.jpg 162w, https:\/\/europeantissue.com\/wp-content\/uploads\/2016\/03\/KR-Viruses-Study.jpg 210w\" sizes=\"(max-width: 162px) 100vw, 162px\" \/><\/a>Vous pouvez t\u00e9l\u00e9charger l&rsquo;\u00e9tude compl\u00e8te \u00e0 l&rsquo;adresse suivante:&nbsp;<a href=\"http:\/\/onlinelibrary.wiley.com\/doi\/10.1111\/jam.13014\/full\">http:\/\/onlinelibrary.wiley.com\/doi\/10.1111\/jam.13014\/full<\/a>&nbsp;<\/p>\n<p>Keith Redway a pr\u00e9sent\u00e9&nbsp;\u00e9galement ces r\u00e9sultats, complets, lors de l\u2019ISSA\/Interclean d\u2019Amsterdam le 11 mai, au cours d\u2019une intervention intitul\u00e9e \u00ab Washroom hygiene: The dispersal of viruses by different hand-drying methods \u00bb (L\u2019hygi\u00e8ne dans les sanitaires : la dispersion des virus selon diff\u00e9rentes m\u00e9thodes de s\u00e9chage des mains).<\/p>\n<p>Keith Redway explique que \u00ab Une bonne hygi\u00e8ne des mains peut sauver des vies. Pour r\u00e9duire le risque d\u2019infection \u00e0 un minimum par une hygi\u00e8ne des mains adapt\u00e9e, il est important de bien comprendre les facteurs compromettants. Nos recherches et les r\u00e9sultats engrang\u00e9s sur plusieurs ann\u00e9es montrent encore et toujours que les essuie-mains \u00e0 usage unique sont dans les sanitaires le moyen le plus s\u00fbr pour se s\u00e9cher les mains. Cette \u00e9tude sur les virus atteste en outre que lorsqu\u2019il est question d\u2019hygi\u00e8ne, le s\u00e9chage des mains avec un essuie-mains papier \u00e0 usage unique est le moyen le plus s\u00fbr pour r\u00e9duire la propagation des virus suite \u00e0 un passage dans les sanitaires. \u00bb<\/p>\n<p>Des recherches pr\u00e9c\u00e9dentes men\u00e9es par les Universit\u00e9s de Leeds et de Westminster ont aussi montr\u00e9 que les s\u00e8che-mains \u00e0 air puls\u00e9 et \u00e0 air chaud peuvent transmettre davantage de bact\u00e9ries et autres microbes que les essuie-mains en papier dans l\u2019environnement des sanitaires.<\/p>\n<p>Regardez ici la vid\u00e9o par rapport \u00e0 l&rsquo;\u00e9tude: <a href=\"https:\/\/www.youtube.com\/watch?v=nJPxvHPCPUI\">https:\/\/www.youtube.com\/watch?v=nJPxvHPCPUI<\/a><\/p>\n<p><a href=\"https:\/\/www.youtube.com\/watch?v=nJPxvHPCPUI\"><img decoding=\"async\" class=\"aligncenter wp-image-9067\" src=\"http:\/\/europeantissue.com\/wp-content\/uploads\/2016\/03\/Video-Viruses.jpg\" alt=\"Video Viruses\" width=\"550\" height=\"287\" srcset=\"https:\/\/europeantissue.com\/wp-content\/uploads\/2016\/03\/Video-Viruses-300x157.jpg 300w, https:\/\/europeantissue.com\/wp-content\/uploads\/2016\/03\/Video-Viruses-768x401.jpg 768w, https:\/\/europeantissue.com\/wp-content\/uploads\/2016\/03\/Video-Viruses.jpg 949w\" sizes=\"(max-width: 550px) 100vw, 550px\" \/><\/a><\/p>\n","protected":false},"excerpt":{"rendered":"<p>Les essuie-mains \u00e0 usage unique sont le moyen le plus hygi\u00e9nique pour r\u00e9duire le risque de transmission des virus lors du lavage de mains dans les sanitaire&nbsp; Une nouvelle \u00e9tude ind\u00e9pendante a montr\u00e9 que l\u2019utilisation d\u2019essuie-mains en papier \u00e0 usage unique est le moyen le plus efficace pour se s\u00e9cher les mains dans les sanitaires.  [&#8230;]<\/p>\n","protected":false},"author":16,"featured_media":0,"parent":7693,"menu_order":1,"comment_status":"closed","ping_status":"closed","template":"","meta":{"_monsterinsights_skip_tracking":false,"_monsterinsights_sitenote_active":false,"_monsterinsights_sitenote_note":"","_monsterinsights_sitenote_category":0,"ngg_post_thumbnail":0,"footnotes":""},"class_list":["post-8883","page","type-page","status-publish","hentry"],"yoast_head":"<!-- This site is optimized with the Yoast SEO plugin v26.3 - https:\/\/yoast.com\/wordpress\/plugins\/seo\/ -->\n<title>Le s\u00e9chage avec un essuie-mains \u00e0 usage unique est le moyen le moins susceptible de propager les virus - European Tissue Symposium<\/title>\n<meta name=\"description\" content=\"Les essuie-mains \u00e0 usage unique sont le moyen le plus hygi\u00e9nique pour r\u00e9duire le risque de transmission des virus lors du lavage de mains dans les sanitaire\" \/>\n<meta name=\"robots\" content=\"index, follow, max-snippet:-1, max-image-preview:large, max-video-preview:-1\" \/>\n<link rel=\"canonical\" href=\"https:\/\/europeantissue.com\/fr\/hygiene\/studies\/towels-spread-less-viruses\/\" \/>\n<meta property=\"og:locale\" content=\"fr_FR\" \/>\n<meta property=\"og:type\" content=\"article\" \/>\n<meta property=\"og:title\" content=\"Le s\u00e9chage avec un essuie-mains \u00e0 usage unique est le moyen le moins susceptible de propager les virus - European Tissue Symposium\" \/>\n<meta property=\"og:description\" content=\"Les essuie-mains \u00e0 usage unique sont le moyen le plus hygi\u00e9nique pour r\u00e9duire le risque de transmission des virus lors du lavage de mains dans les sanitaire\" \/>\n<meta property=\"og:url\" content=\"https:\/\/europeantissue.com\/fr\/hygiene\/studies\/towels-spread-less-viruses\/\" \/>\n<meta property=\"og:site_name\" content=\"European Tissue Symposium\" \/>\n<meta property=\"article:modified_time\" content=\"2019-09-16T19:34:32+00:00\" \/>\n<meta property=\"og:image\" content=\"http:\/\/europeantissue.com\/wp-content\/uploads\/2016\/03\/ETS_Infographic_UoW-Virus-Study_FR-1024x724.jpg\" \/>\n<meta name=\"twitter:card\" content=\"summary_large_image\" \/>\n<meta name=\"twitter:label1\" content=\"Dur\u00e9e de lecture estim\u00e9e\" \/>\n\t<meta name=\"twitter:data1\" content=\"5 minutes\" \/>\n<script type=\"application\/ld+json\" class=\"yoast-schema-graph\">{\"@context\":\"https:\/\/schema.org\",\"@graph\":[{\"@type\":\"WebPage\",\"@id\":\"https:\/\/europeantissue.com\/fr\/hygiene\/studies\/towels-spread-less-viruses\/\",\"url\":\"https:\/\/europeantissue.com\/fr\/hygiene\/studies\/towels-spread-less-viruses\/\",\"name\":\"Le s\u00e9chage avec un essuie-mains \u00e0 usage unique est le moyen le moins susceptible de propager les virus - European Tissue Symposium\",\"isPartOf\":{\"@id\":\"https:\/\/europeantissue.com\/de\/#website\"},\"primaryImageOfPage\":{\"@id\":\"https:\/\/europeantissue.com\/fr\/hygiene\/studies\/towels-spread-less-viruses\/#primaryimage\"},\"image\":{\"@id\":\"https:\/\/europeantissue.com\/fr\/hygiene\/studies\/towels-spread-less-viruses\/#primaryimage\"},\"thumbnailUrl\":\"http:\/\/europeantissue.com\/wp-content\/uploads\/2016\/03\/ETS_Infographic_UoW-Virus-Study_FR-1024x724.jpg\",\"datePublished\":\"2016-03-29T14:44:38+00:00\",\"dateModified\":\"2019-09-16T19:34:32+00:00\",\"description\":\"Les essuie-mains \u00e0 usage unique sont le moyen le plus hygi\u00e9nique pour r\u00e9duire le risque de transmission des virus lors du lavage de mains dans les sanitaire\",\"breadcrumb\":{\"@id\":\"https:\/\/europeantissue.com\/fr\/hygiene\/studies\/towels-spread-less-viruses\/#breadcrumb\"},\"inLanguage\":\"fr-FR\",\"potentialAction\":[{\"@type\":\"ReadAction\",\"target\":[\"https:\/\/europeantissue.com\/fr\/hygiene\/studies\/towels-spread-less-viruses\/\"]}]},{\"@type\":\"ImageObject\",\"inLanguage\":\"fr-FR\",\"@id\":\"https:\/\/europeantissue.com\/fr\/hygiene\/studies\/towels-spread-less-viruses\/#primaryimage\",\"url\":\"http:\/\/europeantissue.com\/wp-content\/uploads\/2016\/03\/ETS_Infographic_UoW-Virus-Study_FR-1024x724.jpg\",\"contentUrl\":\"http:\/\/europeantissue.com\/wp-content\/uploads\/2016\/03\/ETS_Infographic_UoW-Virus-Study_FR-1024x724.jpg\"},{\"@type\":\"BreadcrumbList\",\"@id\":\"https:\/\/europeantissue.com\/fr\/hygiene\/studies\/towels-spread-less-viruses\/#breadcrumb\",\"itemListElement\":[{\"@type\":\"ListItem\",\"position\":1,\"name\":\"Home\",\"item\":\"https:\/\/europeantissue.com\/fr\/\"},{\"@type\":\"ListItem\",\"position\":2,\"name\":\"Hygi\u00e8ne\",\"item\":\"https:\/\/europeantissue.com\/fr\/hygiene\/\"},{\"@type\":\"ListItem\",\"position\":3,\"name\":\"\u00c9tudes\",\"item\":\"https:\/\/europeantissue.com\/fr\/hygiene\/studies\/\"},{\"@type\":\"ListItem\",\"position\":4,\"name\":\"Le s\u00e9chage avec un essuie-mains \u00e0 usage unique est le moyen le moins susceptible de propager les virus\"}]},{\"@type\":\"WebSite\",\"@id\":\"https:\/\/europeantissue.com\/de\/#website\",\"url\":\"https:\/\/europeantissue.com\/de\/\",\"name\":\"European Tissue Symposium\",\"description\":\"\",\"potentialAction\":[{\"@type\":\"SearchAction\",\"target\":{\"@type\":\"EntryPoint\",\"urlTemplate\":\"https:\/\/europeantissue.com\/de\/?s={search_term_string}\"},\"query-input\":{\"@type\":\"PropertyValueSpecification\",\"valueRequired\":true,\"valueName\":\"search_term_string\"}}],\"inLanguage\":\"fr-FR\"}]}<\/script>\n<!-- \/ Yoast SEO plugin. -->","yoast_head_json":{"title":"Le s\u00e9chage avec un essuie-mains \u00e0 usage unique est le moyen le moins susceptible de propager les virus - European Tissue Symposium","description":"Les essuie-mains \u00e0 usage unique sont le moyen le plus hygi\u00e9nique pour r\u00e9duire le risque de transmission des virus lors du lavage de mains dans les sanitaire","robots":{"index":"index","follow":"follow","max-snippet":"max-snippet:-1","max-image-preview":"max-image-preview:large","max-video-preview":"max-video-preview:-1"},"canonical":"https:\/\/europeantissue.com\/fr\/hygiene\/studies\/towels-spread-less-viruses\/","og_locale":"fr_FR","og_type":"article","og_title":"Le s\u00e9chage avec un essuie-mains \u00e0 usage unique est le moyen le moins susceptible de propager les virus - European Tissue Symposium","og_description":"Les essuie-mains \u00e0 usage unique sont le moyen le plus hygi\u00e9nique pour r\u00e9duire le risque de transmission des virus lors du lavage de mains dans les sanitaire","og_url":"https:\/\/europeantissue.com\/fr\/hygiene\/studies\/towels-spread-less-viruses\/","og_site_name":"European Tissue Symposium","article_modified_time":"2019-09-16T19:34:32+00:00","og_image":[{"url":"http:\/\/europeantissue.com\/wp-content\/uploads\/2016\/03\/ETS_Infographic_UoW-Virus-Study_FR-1024x724.jpg","type":"","width":"","height":""}],"twitter_card":"summary_large_image","twitter_misc":{"Dur\u00e9e de lecture estim\u00e9e":"5 minutes"},"schema":{"@context":"https:\/\/schema.org","@graph":[{"@type":"WebPage","@id":"https:\/\/europeantissue.com\/fr\/hygiene\/studies\/towels-spread-less-viruses\/","url":"https:\/\/europeantissue.com\/fr\/hygiene\/studies\/towels-spread-less-viruses\/","name":"Le s\u00e9chage avec un essuie-mains \u00e0 usage unique est le moyen le moins susceptible de propager les virus - European Tissue Symposium","isPartOf":{"@id":"https:\/\/europeantissue.com\/de\/#website"},"primaryImageOfPage":{"@id":"https:\/\/europeantissue.com\/fr\/hygiene\/studies\/towels-spread-less-viruses\/#primaryimage"},"image":{"@id":"https:\/\/europeantissue.com\/fr\/hygiene\/studies\/towels-spread-less-viruses\/#primaryimage"},"thumbnailUrl":"http:\/\/europeantissue.com\/wp-content\/uploads\/2016\/03\/ETS_Infographic_UoW-Virus-Study_FR-1024x724.jpg","datePublished":"2016-03-29T14:44:38+00:00","dateModified":"2019-09-16T19:34:32+00:00","description":"Les essuie-mains \u00e0 usage unique sont le moyen le plus hygi\u00e9nique pour r\u00e9duire le risque de transmission des virus lors du lavage de mains dans les sanitaire","breadcrumb":{"@id":"https:\/\/europeantissue.com\/fr\/hygiene\/studies\/towels-spread-less-viruses\/#breadcrumb"},"inLanguage":"fr-FR","potentialAction":[{"@type":"ReadAction","target":["https:\/\/europeantissue.com\/fr\/hygiene\/studies\/towels-spread-less-viruses\/"]}]},{"@type":"ImageObject","inLanguage":"fr-FR","@id":"https:\/\/europeantissue.com\/fr\/hygiene\/studies\/towels-spread-less-viruses\/#primaryimage","url":"http:\/\/europeantissue.com\/wp-content\/uploads\/2016\/03\/ETS_Infographic_UoW-Virus-Study_FR-1024x724.jpg","contentUrl":"http:\/\/europeantissue.com\/wp-content\/uploads\/2016\/03\/ETS_Infographic_UoW-Virus-Study_FR-1024x724.jpg"},{"@type":"BreadcrumbList","@id":"https:\/\/europeantissue.com\/fr\/hygiene\/studies\/towels-spread-less-viruses\/#breadcrumb","itemListElement":[{"@type":"ListItem","position":1,"name":"Home","item":"https:\/\/europeantissue.com\/fr\/"},{"@type":"ListItem","position":2,"name":"Hygi\u00e8ne","item":"https:\/\/europeantissue.com\/fr\/hygiene\/"},{"@type":"ListItem","position":3,"name":"\u00c9tudes","item":"https:\/\/europeantissue.com\/fr\/hygiene\/studies\/"},{"@type":"ListItem","position":4,"name":"Le s\u00e9chage avec un essuie-mains \u00e0 usage unique est le moyen le moins susceptible de propager les virus"}]},{"@type":"WebSite","@id":"https:\/\/europeantissue.com\/de\/#website","url":"https:\/\/europeantissue.com\/de\/","name":"European Tissue Symposium","description":"","potentialAction":[{"@type":"SearchAction","target":{"@type":"EntryPoint","urlTemplate":"https:\/\/europeantissue.com\/de\/?s={search_term_string}"},"query-input":{"@type":"PropertyValueSpecification","valueRequired":true,"valueName":"search_term_string"}}],"inLanguage":"fr-FR"}]}},"_links":{"self":[{"href":"https:\/\/europeantissue.com\/fr\/wp-json\/wp\/v2\/pages\/8883","targetHints":{"allow":["GET"]}}],"collection":[{"href":"https:\/\/europeantissue.com\/fr\/wp-json\/wp\/v2\/pages"}],"about":[{"href":"https:\/\/europeantissue.com\/fr\/wp-json\/wp\/v2\/types\/page"}],"author":[{"embeddable":true,"href":"https:\/\/europeantissue.com\/fr\/wp-json\/wp\/v2\/users\/16"}],"replies":[{"embeddable":true,"href":"https:\/\/europeantissue.com\/fr\/wp-json\/wp\/v2\/comments?post=8883"}],"version-history":[{"count":0,"href":"https:\/\/europeantissue.com\/fr\/wp-json\/wp\/v2\/pages\/8883\/revisions"}],"up":[{"embeddable":true,"href":"https:\/\/europeantissue.com\/fr\/wp-json\/wp\/v2\/pages\/7693"}],"wp:attachment":[{"href":"https:\/\/europeantissue.com\/fr\/wp-json\/wp\/v2\/media?parent=8883"}],"curies":[{"name":"wp","href":"https:\/\/api.w.org\/{rel}","templated":true}]}}