 {"id":7719,"date":"2015-09-20T08:00:54","date_gmt":"2015-09-20T08:00:54","guid":{"rendered":"http:\/\/europeantissue.com\/?page_id=7719"},"modified":"2018-07-20T10:26:02","modified_gmt":"2018-07-20T10:26:02","slug":"published-on-mayo-clinic-proceedings-the-hygienic-efficacy-of-different-hand-drying-methods","status":"publish","type":"page","link":"https:\/\/europeantissue.com\/fr\/hygiene\/studies\/published-on-mayo-clinic-proceedings-the-hygienic-efficacy-of-different-hand-drying-methods\/","title":{"rendered":"Publi\u00e9 sur \u00ab Mayo Clinic Proceedings \u00bb : L&rsquo;efficacit\u00e9 de l&rsquo;hygi\u00e8ne des diff\u00e9rentes m\u00e9thodes de s\u00e9chage des mains: un examen de la preuve"},"content":{"rendered":"<p><a href=\"http:\/\/europeantissue.com\/wp-content\/uploads\/Mayo-Clinic-Head.jpg\"><img decoding=\"async\" class=\"aligncenter size-full wp-image-3876\" title=\"Mayo Clinic Head\" src=\"http:\/\/europeantissue.com\/wp-content\/uploads\/Mayo-Clinic-Head.jpg\" alt=\"\" width=\"966\" height=\"106\" \/><\/a><\/p>\n<p><em>La revue phare de la Mayo Clinic et sans doute<\/em> <span style=\"color: #296991\"><strong><em>l&rsquo;une des revues les plus importantes et fiables<\/em><\/strong> <\/span><strong><em><span style=\"color: #296991\">en m\u00e9decine<\/span> <span style=\"color: #296991\">g\u00e9n\u00e9rale.<\/span><\/em><\/strong><span style=\"color: #296991\">\u00a0<strong><em>La Mayo Clinic Proceedings<\/em><\/strong><\/span> <em>est parmi les publications scientifiques les plus lues et les plus cit\u00e9es par les m\u00e9decins, avec un tirage d&rsquo;environ 124 000 copies.\u00a0Publi\u00e9 sans interruptions depuis 1926, le contenu des Mayo Clinic Proccedings comprend les recherches men\u00e9es par les prix Nobel. Parmi d&rsquo;autres \u00e9tudes, les auteurs font \u00e9galement r\u00e9f\u00e9rence \u00e0 l&rsquo;\u00e9tude de l&rsquo;Universit\u00e9 de Westminster en 2008 pour l&rsquo;ETS (et \u00e0 l&rsquo;\u00e9tude de l&rsquo;universit\u00e9 de Bradford, soutenu par un fabricant de de s\u00e8che \u2013mains \u00e0 air puls\u00e9).\u00a0<\/em><\/p>\n<h4><span style=\"color: #296991\">Cet important article, paru en juin 2012 dans la revue \u00ab Mayo Clinic Proceedings \u00bb, pratiquant un examen coll\u00e9gial, illustre la nette sup\u00e9riorit\u00e9 du point de vue de l\u2019hygi\u00e8ne des essuie-mains papier par rapport aux s\u00e8che-mains \u00e9lectriques.<\/span><\/h4>\n<h3>R\u00e9sum\u00e9 de l&rsquo;article de Mayo Clinic Proceedings<\/h3>\n<p>\u00ab La <span style=\"color: #296991\"><strong>transmission de bact\u00e9ries est plus susceptible de se produire \u00e0 partir de la peau mouill\u00e9e que de la peau s\u00e8che<\/strong><\/span>; par cons\u00e9quent, le s\u00e9chage correct des mains apr\u00e8s le lavage doit \u00eatre une partie int\u00e9grante du processus d&rsquo;hygi\u00e9nisation des mains dans le cadre du syst\u00e8me sanitaire.<br \/> Cet article examine syst\u00e9matiquement les recherches men\u00e9es sur l&rsquo;efficacit\u00e9 hygi\u00e9nique des diff\u00e9rentes m\u00e9thodes de s\u00e9chage des mains.<br \/> Une recherche bibliographique a \u00e9t\u00e9 effectu\u00e9e en Avril 2011 en utilisant les bases de donn\u00e9es \u00e9lectroniques PubMed, Scopus et Web of Science. Les termes de recherche utilis\u00e9s \u00e9taient \u00ab s\u00e8che-mains \u00bb et \u00ab s\u00e9chage des mains \u00bb.<br \/> La recherche a \u00e9t\u00e9 limit\u00e9e \u00e0 des articles publi\u00e9s en anglais de janvier 1970 \u00e0 mars de 2011.\u00a0<strong>Douze \u00e9tudes ont \u00e9t\u00e9 incluses dans l&rsquo;examen.<\/strong><br \/> L&rsquo;efficacit\u00e9 du s\u00e9chage des mains inclut <strong><span style=\"color: #296991\">la vitesse de s\u00e9chage, le degr\u00e9 de s\u00e9chage, l&rsquo;\u00e9limination efficace des bact\u00e9ries, et la pr\u00e9vention de la contamination crois\u00e9e<\/span>.<\/strong><br \/> Cet examen a re\u00e7u un accueil peu favorable en ce qui concerne l&rsquo;efficacit\u00e9 relative des s\u00e8che-mains \u00e0 jets d&rsquo;air \u00e9lectriques.<br \/> Cependant, <span style=\"color: #296991\"><strong>la plupart des \u00e9tudes sugg\u00e8rent que les essuie-mains\u00a0en papier peuvent s\u00e9cher les mains et \u00e9liminer les bact\u00e9ries de mani\u00e8re efficace, ainsi que causer moins de contamination de l&rsquo;environnement des toilettes.<\/strong>\u00a0<\/span><strong><span style=\"color: #296991\">D&rsquo;un point de vue hygi\u00e9nique, les essuie-mains en papier\u00a0sont sup\u00e9rieures aux s\u00e8ches-main \u00e0 jet d&rsquo;air \u00e9lectriques. les essuie-mains en papier devraient \u00eatre recommand\u00e9es dans les endroits o\u00f9 l&rsquo;hygi\u00e8ne est primordiale, tels que les h\u00f4pitaux et les cliniques \u00bb<\/span>.<\/strong><\/p>\n<p>\u00ab L&rsquo;\u00e9dition 2009 sur la grippe porcine humaine A (H1N1) a rappel\u00e9 aux professionnels de sant\u00e9 et \u00e0 toute la communaut\u00e9 m\u00e9dicale\u00a0<strong>l&rsquo;importance de l&rsquo;hygi\u00e8ne des mains afin de pr\u00e9venir la propagation des maladies<\/strong>.<br \/> L&rsquo;efficacit\u00e9 de l&rsquo;hygi\u00e8ne des mains dans le contr\u00f4le des infections a \u00e9t\u00e9 reconnue depuis l&rsquo;observation de Semmelweis en 1847 selon laquelle le lavage des mains r\u00e9duit le nombre de d\u00e9c\u00e8s chez les femmes attaqu\u00e9es de fi\u00e8vre puerp\u00e9rale. Pendant des si\u00e8cles, le lavage des mains a \u00e9t\u00e9 consid\u00e9r\u00e9 comme la mesure la plus importante pour r\u00e9duire le fardeau de l&rsquo;infection associ\u00e9e aux soins de sant\u00e9.<\/p>\n<p>Le lavage des mains veut dire se laver les mains avec du savon antimicrobien et de l&rsquo;eau. \u00a0Dans les pratiques actuelles, cette action peut varier consid\u00e9rablement d&rsquo;un bref rin\u00e7age des mains \u00e0 un r\u00e9curage intensif. Avec <strong>un lavage des mains ad\u00e9quat, des r\u00e9ductions significatives dans les taux de maladies infectieuses ont \u00e9t\u00e9 signal\u00e9es dans un certain nombre de contextes, tels que les \u00e9tablissements de sant\u00e9, l&rsquo;industrie alimentaire, les garderies, les \u00e9coles et tous les groupes communautaires ainsi que dans tous les milieux communautaires et domestiques.<\/strong><\/p>\n<div class=\"fusion-fullwidth fullwidth-box fusion-builder-row-1 hundred-percent-fullwidth non-hundred-percent-height-scrolling\" style=\"--awb-border-radius-top-left:0px;--awb-border-radius-top-right:0px;--awb-border-radius-bottom-right:0px;--awb-border-radius-bottom-left:0px;--awb-overflow:visible;--awb-flex-wrap:wrap;\" ><div class=\"fusion-builder-row fusion-row\"><div class=\"fusion-layout-column fusion_builder_column fusion-builder-column-0 fusion_builder_column_1_1 1_1 fusion-one-full fusion-column-first fusion-column-last fusion-column-no-min-height\" style=\"--awb-bg-size:cover;--awb-margin-bottom:0px;\"><div class=\"fusion-column-wrapper fusion-flex-column-wrapper-legacy\"><div id=\"attachment_3939\" style=\"width: 310px\" class=\"wp-caption alignright\"><a href=\"http:\/\/www.youtube.com\/watch?v=3w2CC3KJrrg\"><img decoding=\"async\" aria-describedby=\"caption-attachment-3939\" class=\"wp-image-3939 size-medium\" title=\"Video - The Hygienic Efficacy of Different Hand-Drying Methods\" src=\"http:\/\/europeantissue.com\/wp-content\/uploads\/Video-The-Hygienic-Efficacy-of-Different-Hand-Drying-Methods-300x230.jpg\" alt=\"Video Mayo Clinic Proceedings\" width=\"300\" height=\"230\" \/><\/a><p id=\"caption-attachment-3939\" class=\"wp-caption-text\">Video Mayo Clinic Proceedings<\/p><\/div>\n<p>Jusqu&rsquo;aujourd&rsquo;hui, toutefois, un grand nombre d&rsquo;\u00e9tudes ont port\u00e9 sur des sujets tels que les techniques de lavage des mains, la s\u00e9lection et la manipulation des solutions de lavage des mains, et la fa\u00e7on d&rsquo;am\u00e9liorer le respect des normes d&rsquo;hygi\u00e8ne pour le lavage des mains chez les praticiens de sant\u00e9. \u00a0On conna\u00eet moins le r\u00f4le du s\u00e9chage des mains apr\u00e8s le lavage et l&rsquo;efficacit\u00e9 relative de diff\u00e9rentes m\u00e9thodes de s\u00e9chage des mains dans la r\u00e9duction de la contamination.<\/p>\n<p><span style=\"color: #34629e\"><strong>Le s\u00e9chage correct des mains doit \u00eatre une composante essentielle des proc\u00e9dures efficaces d&rsquo;hygi\u00e8ne des mains.<\/strong><\/span>\u00a0\u00a0<a href=\"http:\/\/www.youtube.com\/watch?v=3w2CC3KJrrg\"><em>(L&rsquo;un des auteurs de l&rsquo;article explique les conclusions principales dans cette vid\u00e9o)<\/em><\/a><\/p>\n<p>Coates et al ont rapport\u00e9 que le lavage des mains avec de l&rsquo;eau savonneuse ou de l&rsquo;eau seule combin\u00e9 \u00e0 un s\u00e9chage avec du papier absorbant peut \u00e9liminer de mani\u00e8re efficace les bact\u00e9ries des mains. Toutefois, si les mains sont seulement secou\u00e9es apr\u00e8s le lavage, certaines bact\u00e9ries sont susceptibles de rester. Patrick et al ont r\u00e9alis\u00e9 des investigations sur la relation entre la quantit\u00e9 d&rsquo;eau r\u00e9siduelle sur les mains et les niveaux de translocation bact\u00e9rienne.<br \/> La transmission de bact\u00e9ries \u00e9tait plus susceptible de se produire \u00e0 partir des mains mouill\u00e9es que des mains s\u00e8ches. Merry et al ont \u00e9galement confirm\u00e9 le r\u00f4le important de l&rsquo;eau r\u00e9siduelle sur les mains au niveau de la contamination tactile ou li\u00e9e au contact.<\/p>\n<p>Bien que des \u00e9tudes aient signal\u00e9 l&rsquo;importance du s\u00e9chage complet des mains apr\u00e8s le lavage, son r\u00f4le n&rsquo;a pas \u00e9t\u00e9 largement promu, et <strong>sa pertinence pour l&rsquo;hygi\u00e8ne des mains et pour le contr\u00f4le des infections semble avoir \u00e9t\u00e9 n\u00e9glig\u00e9.<\/strong><br \/> Le manque d&rsquo;attention pour cet aspect peut nier les avantages d&rsquo;un lavage soigneux des mains dans les soins de sant\u00e9. Jusqu&rsquo;ici, <strong>peu de recherches ont \u00e9t\u00e9 men\u00e9es afin d&rsquo;examiner la contribution qu&rsquo;un s\u00e9chage correct des mains donne \u00e0 l&rsquo;efficacit\u00e9 globale des pratiques d&rsquo;hygi\u00e8ne des mains.<\/strong>\u00a0Les objectifs de cet article sont de fournir <strong>un examen syst\u00e9matique<\/strong> des recherches \u00e9tudiant les r\u00e9sultats des diff\u00e9rentes m\u00e9thodes de s\u00e9chage des mains et de formuler des recommandations pour la recherche future \u00ab\u00a0.<\/p>\n<h3>L&rsquo;article de\u00a0Mayo Clinic Proceedings souligne que:<\/h3>\n<p>\u25a0 \u00ab<strong>le lavage des mains<\/strong> est la <strong>mesure la plus importante pour r\u00e9duire<\/strong> le fardeau de l&rsquo;infection li\u00e9 aux soins <strong>m\u00e9dicaux<\/strong>\u00bb.<\/p>\n<p>\u25a0 \u00ab Puisque la transmission des bact\u00e9ries est plus susceptible de se produire \u00e0 partir de la peau mouill\u00e9e que de la peau s\u00e8che, <strong>le s\u00e9chage correct des mains apr\u00e8s le lavage devrait \u00eatre une composante essentielle des proc\u00e9dures d&rsquo;hygi\u00e8ne des mains<\/strong>\u00bb.<\/p>\n<p>\u25a0 \u00ab L&rsquo;efficacit\u00e9 hygi\u00e9nique du s\u00e9chage des mains comprend <strong>l&rsquo;efficacit\u00e9 du s\u00e9chage, l&rsquo;\u00e9limination efficace des bact\u00e9ries, et la pr\u00e9vention de la contamination crois\u00e9e \u00bb.<\/strong><\/p>\n<p>\u25a0 \u00ab D&rsquo;un <strong>point<\/strong> de vue, <strong>hygi\u00e9nique <span style=\"color: #29728f\">les\u00a0essuie-mains\u00a0<\/span><span style=\"color: #34629e\"><span style=\"color: #29728f\">\u00a0<\/span>en papier sont sup\u00e9rieures aux s\u00e8che-mains \u00e0 jets d&rsquo;air \u00e9lectriques<\/span> \u00bb.<\/strong><\/p>\n<p>\u25a0 \u00ab<span style=\"color: #34629e\"><strong>Bien s\u00e9cher les mains avec un essuie-mains\u00a0\u00e0 usage unique, des essuie-mains en papier jetables est la m\u00e9thode pr\u00e9f\u00e9rable de s\u00e9chage des mains dans le cadre des soins m\u00e9dicaux<\/strong><\/span>\u00bb.<\/p>\n<p>\u25a0 \u00ab L&rsquo;approvisionnement des serviettes en papier doit \u00eatre consid\u00e9r\u00e9 comme un moyen <strong>d&rsquo;am\u00e9liorer le conformit\u00e9 aux normes d&rsquo;hygi\u00e8ne des mains chez les praticiens des soins de sant\u00e9 \u00bb<\/strong><\/p>\n<p>&nbsp;<\/p>\n<p><strong>Vous pouvez t\u00e9l\u00e9charger le document complet sur ce lien :<\/strong><strong>\u00a0<\/strong><a href=\"http:\/\/europeantissue.com\/wp-content\/uploads\/Mayo-Clinic-The-Hygienic-Efficacy-of-Different-Hand-Drying-Methods.pdf\"><strong>Mayo Clinic Proceedings &#8211; l&rsquo;efficacit\u00e9 hygi\u00e9nique des diff\u00e9rentes m\u00e9thodes de s\u00e9chage des mains<\/strong><\/a><\/p>\n<p><strong>Vous pouvez \u00e9galement lire le blog du Washington Post sur l&rsquo;article de la Mayo Clinic Proceedings \u00e0 : \u00a0<\/strong><a href=\"http:\/\/www.washingtonpost.com\/blogs\/compost\/wp\/2012\/12\/14\/the-paper-towel-hand-dryer-wars-are-over\/\"><strong>La guerre aux essuie-mains\u00a0en papier pour se s\u00e9cher les mains est finie<\/strong><\/a><\/p>\n<p>&nbsp;<\/p>\n<div class=\"fusion-clearfix\"><\/div><\/div><\/div><\/div><\/div>\n","protected":false},"excerpt":{"rendered":"<p>La revue phare de la Mayo Clinic et sans doute l&rsquo;une des revues les plus importantes et fiables en m\u00e9decine g\u00e9n\u00e9rale.\u00a0La Mayo Clinic Proceedings est parmi les publications scientifiques les plus lues et les plus cit\u00e9es par les m\u00e9decins, avec un tirage d&rsquo;environ 124 000 copies.\u00a0Publi\u00e9 sans interruptions depuis 1926, le contenu des Mayo Clinic  [&#8230;]<\/p>\n","protected":false},"author":2,"featured_media":0,"parent":7693,"menu_order":4,"comment_status":"open","ping_status":"closed","template":"","meta":{"_monsterinsights_skip_tracking":false,"_monsterinsights_sitenote_active":false,"_monsterinsights_sitenote_note":"","_monsterinsights_sitenote_category":0,"ngg_post_thumbnail":0,"footnotes":""},"class_list":["post-7719","page","type-page","status-publish","hentry"],"yoast_head":"<!-- This site is optimized with the Yoast SEO plugin v26.3 - https:\/\/yoast.com\/wordpress\/plugins\/seo\/ -->\n<title>Publi\u00e9 sur \u00ab Mayo Clinic Proceedings \u00bb : L&#039;efficacit\u00e9 de l&#039;hygi\u00e8ne des diff\u00e9rentes m\u00e9thodes de s\u00e9chage des mains: un examen de la preuve - European Tissue Symposium<\/title>\n<meta name=\"description\" content=\"Mayo Clinic Proceedings:\u00a0Bien s\u00e9cher les mains avec un essuie-mains\u00a0\u00e0 usage unique, des essuie-mains en papier jetables est la m\u00e9thode pr\u00e9f\u00e9rable de s\u00e9chage des mains dans le cadre des soins m\u00e9dicaux\" \/>\n<meta name=\"robots\" content=\"index, follow, max-snippet:-1, max-image-preview:large, max-video-preview:-1\" \/>\n<link rel=\"canonical\" href=\"https:\/\/europeantissue.com\/fr\/hygiene\/studies\/published-on-mayo-clinic-proceedings-the-hygienic-efficacy-of-different-hand-drying-methods\/\" \/>\n<meta property=\"og:locale\" content=\"fr_FR\" \/>\n<meta property=\"og:type\" content=\"article\" \/>\n<meta property=\"og:title\" content=\"Publi\u00e9 sur \u00ab Mayo Clinic Proceedings \u00bb : L&#039;efficacit\u00e9 de l&#039;hygi\u00e8ne des diff\u00e9rentes m\u00e9thodes de s\u00e9chage des mains: un examen de la preuve - European Tissue Symposium\" \/>\n<meta property=\"og:description\" content=\"Mayo Clinic Proceedings:\u00a0Bien s\u00e9cher les mains avec un essuie-mains\u00a0\u00e0 usage unique, des essuie-mains en papier jetables est la m\u00e9thode pr\u00e9f\u00e9rable de s\u00e9chage des mains dans le cadre des soins m\u00e9dicaux\" \/>\n<meta property=\"og:url\" content=\"https:\/\/europeantissue.com\/fr\/hygiene\/studies\/published-on-mayo-clinic-proceedings-the-hygienic-efficacy-of-different-hand-drying-methods\/\" \/>\n<meta property=\"og:site_name\" content=\"European Tissue Symposium\" \/>\n<meta property=\"article:modified_time\" content=\"2018-07-20T10:26:02+00:00\" \/>\n<meta property=\"og:image\" content=\"http:\/\/europeantissue.com\/wp-content\/uploads\/Mayo-Clinic-Head.jpg\" \/>\n<meta name=\"twitter:card\" content=\"summary_large_image\" \/>\n<meta name=\"twitter:label1\" content=\"Dur\u00e9e de lecture estim\u00e9e\" \/>\n\t<meta name=\"twitter:data1\" content=\"7 minutes\" \/>\n<script type=\"application\/ld+json\" class=\"yoast-schema-graph\">{\"@context\":\"https:\/\/schema.org\",\"@graph\":[{\"@type\":\"WebPage\",\"@id\":\"https:\/\/europeantissue.com\/fr\/hygiene\/studies\/published-on-mayo-clinic-proceedings-the-hygienic-efficacy-of-different-hand-drying-methods\/\",\"url\":\"https:\/\/europeantissue.com\/fr\/hygiene\/studies\/published-on-mayo-clinic-proceedings-the-hygienic-efficacy-of-different-hand-drying-methods\/\",\"name\":\"Publi\u00e9 sur \u00ab Mayo Clinic Proceedings \u00bb : L'efficacit\u00e9 de l'hygi\u00e8ne des diff\u00e9rentes m\u00e9thodes de s\u00e9chage des mains: un examen de la preuve - European Tissue Symposium\",\"isPartOf\":{\"@id\":\"https:\/\/europeantissue.com\/de\/#website\"},\"primaryImageOfPage\":{\"@id\":\"https:\/\/europeantissue.com\/fr\/hygiene\/studies\/published-on-mayo-clinic-proceedings-the-hygienic-efficacy-of-different-hand-drying-methods\/#primaryimage\"},\"image\":{\"@id\":\"https:\/\/europeantissue.com\/fr\/hygiene\/studies\/published-on-mayo-clinic-proceedings-the-hygienic-efficacy-of-different-hand-drying-methods\/#primaryimage\"},\"thumbnailUrl\":\"http:\/\/europeantissue.com\/wp-content\/uploads\/Mayo-Clinic-Head.jpg\",\"datePublished\":\"2015-09-20T08:00:54+00:00\",\"dateModified\":\"2018-07-20T10:26:02+00:00\",\"description\":\"Mayo Clinic Proceedings:\u00a0Bien s\u00e9cher les mains avec un essuie-mains\u00a0\u00e0 usage unique, des essuie-mains en papier jetables est la m\u00e9thode pr\u00e9f\u00e9rable de s\u00e9chage des mains dans le cadre des soins m\u00e9dicaux\",\"breadcrumb\":{\"@id\":\"https:\/\/europeantissue.com\/fr\/hygiene\/studies\/published-on-mayo-clinic-proceedings-the-hygienic-efficacy-of-different-hand-drying-methods\/#breadcrumb\"},\"inLanguage\":\"fr-FR\",\"potentialAction\":[{\"@type\":\"ReadAction\",\"target\":[\"https:\/\/europeantissue.com\/fr\/hygiene\/studies\/published-on-mayo-clinic-proceedings-the-hygienic-efficacy-of-different-hand-drying-methods\/\"]}]},{\"@type\":\"ImageObject\",\"inLanguage\":\"fr-FR\",\"@id\":\"https:\/\/europeantissue.com\/fr\/hygiene\/studies\/published-on-mayo-clinic-proceedings-the-hygienic-efficacy-of-different-hand-drying-methods\/#primaryimage\",\"url\":\"http:\/\/europeantissue.com\/wp-content\/uploads\/Mayo-Clinic-Head.jpg\",\"contentUrl\":\"http:\/\/europeantissue.com\/wp-content\/uploads\/Mayo-Clinic-Head.jpg\"},{\"@type\":\"BreadcrumbList\",\"@id\":\"https:\/\/europeantissue.com\/fr\/hygiene\/studies\/published-on-mayo-clinic-proceedings-the-hygienic-efficacy-of-different-hand-drying-methods\/#breadcrumb\",\"itemListElement\":[{\"@type\":\"ListItem\",\"position\":1,\"name\":\"Home\",\"item\":\"https:\/\/europeantissue.com\/fr\/\"},{\"@type\":\"ListItem\",\"position\":2,\"name\":\"Hygi\u00e8ne\",\"item\":\"https:\/\/europeantissue.com\/fr\/hygiene\/\"},{\"@type\":\"ListItem\",\"position\":3,\"name\":\"\u00c9tudes\",\"item\":\"https:\/\/europeantissue.com\/fr\/hygiene\/studies\/\"},{\"@type\":\"ListItem\",\"position\":4,\"name\":\"Publi\u00e9 sur \u00ab Mayo Clinic Proceedings \u00bb : L&rsquo;efficacit\u00e9 de l&rsquo;hygi\u00e8ne des diff\u00e9rentes m\u00e9thodes de s\u00e9chage des mains: un examen de la preuve\"}]},{\"@type\":\"WebSite\",\"@id\":\"https:\/\/europeantissue.com\/de\/#website\",\"url\":\"https:\/\/europeantissue.com\/de\/\",\"name\":\"European Tissue Symposium\",\"description\":\"\",\"potentialAction\":[{\"@type\":\"SearchAction\",\"target\":{\"@type\":\"EntryPoint\",\"urlTemplate\":\"https:\/\/europeantissue.com\/de\/?s={search_term_string}\"},\"query-input\":{\"@type\":\"PropertyValueSpecification\",\"valueRequired\":true,\"valueName\":\"search_term_string\"}}],\"inLanguage\":\"fr-FR\"}]}<\/script>\n<!-- \/ Yoast SEO plugin. -->","yoast_head_json":{"title":"Publi\u00e9 sur \u00ab Mayo Clinic Proceedings \u00bb : L'efficacit\u00e9 de l'hygi\u00e8ne des diff\u00e9rentes m\u00e9thodes de s\u00e9chage des mains: un examen de la preuve - European Tissue Symposium","description":"Mayo Clinic Proceedings:\u00a0Bien s\u00e9cher les mains avec un essuie-mains\u00a0\u00e0 usage unique, des essuie-mains en papier jetables est la m\u00e9thode pr\u00e9f\u00e9rable de s\u00e9chage des mains dans le cadre des soins m\u00e9dicaux","robots":{"index":"index","follow":"follow","max-snippet":"max-snippet:-1","max-image-preview":"max-image-preview:large","max-video-preview":"max-video-preview:-1"},"canonical":"https:\/\/europeantissue.com\/fr\/hygiene\/studies\/published-on-mayo-clinic-proceedings-the-hygienic-efficacy-of-different-hand-drying-methods\/","og_locale":"fr_FR","og_type":"article","og_title":"Publi\u00e9 sur \u00ab Mayo Clinic Proceedings \u00bb : L'efficacit\u00e9 de l'hygi\u00e8ne des diff\u00e9rentes m\u00e9thodes de s\u00e9chage des mains: un examen de la preuve - European Tissue Symposium","og_description":"Mayo Clinic Proceedings:\u00a0Bien s\u00e9cher les mains avec un essuie-mains\u00a0\u00e0 usage unique, des essuie-mains en papier jetables est la m\u00e9thode pr\u00e9f\u00e9rable de s\u00e9chage des mains dans le cadre des soins m\u00e9dicaux","og_url":"https:\/\/europeantissue.com\/fr\/hygiene\/studies\/published-on-mayo-clinic-proceedings-the-hygienic-efficacy-of-different-hand-drying-methods\/","og_site_name":"European Tissue Symposium","article_modified_time":"2018-07-20T10:26:02+00:00","og_image":[{"url":"http:\/\/europeantissue.com\/wp-content\/uploads\/Mayo-Clinic-Head.jpg","type":"","width":"","height":""}],"twitter_card":"summary_large_image","twitter_misc":{"Dur\u00e9e de lecture estim\u00e9e":"7 minutes"},"schema":{"@context":"https:\/\/schema.org","@graph":[{"@type":"WebPage","@id":"https:\/\/europeantissue.com\/fr\/hygiene\/studies\/published-on-mayo-clinic-proceedings-the-hygienic-efficacy-of-different-hand-drying-methods\/","url":"https:\/\/europeantissue.com\/fr\/hygiene\/studies\/published-on-mayo-clinic-proceedings-the-hygienic-efficacy-of-different-hand-drying-methods\/","name":"Publi\u00e9 sur \u00ab Mayo Clinic Proceedings \u00bb : L'efficacit\u00e9 de l'hygi\u00e8ne des diff\u00e9rentes m\u00e9thodes de s\u00e9chage des mains: un examen de la preuve - European Tissue Symposium","isPartOf":{"@id":"https:\/\/europeantissue.com\/de\/#website"},"primaryImageOfPage":{"@id":"https:\/\/europeantissue.com\/fr\/hygiene\/studies\/published-on-mayo-clinic-proceedings-the-hygienic-efficacy-of-different-hand-drying-methods\/#primaryimage"},"image":{"@id":"https:\/\/europeantissue.com\/fr\/hygiene\/studies\/published-on-mayo-clinic-proceedings-the-hygienic-efficacy-of-different-hand-drying-methods\/#primaryimage"},"thumbnailUrl":"http:\/\/europeantissue.com\/wp-content\/uploads\/Mayo-Clinic-Head.jpg","datePublished":"2015-09-20T08:00:54+00:00","dateModified":"2018-07-20T10:26:02+00:00","description":"Mayo Clinic Proceedings:\u00a0Bien s\u00e9cher les mains avec un essuie-mains\u00a0\u00e0 usage unique, des essuie-mains en papier jetables est la m\u00e9thode pr\u00e9f\u00e9rable de s\u00e9chage des mains dans le cadre des soins m\u00e9dicaux","breadcrumb":{"@id":"https:\/\/europeantissue.com\/fr\/hygiene\/studies\/published-on-mayo-clinic-proceedings-the-hygienic-efficacy-of-different-hand-drying-methods\/#breadcrumb"},"inLanguage":"fr-FR","potentialAction":[{"@type":"ReadAction","target":["https:\/\/europeantissue.com\/fr\/hygiene\/studies\/published-on-mayo-clinic-proceedings-the-hygienic-efficacy-of-different-hand-drying-methods\/"]}]},{"@type":"ImageObject","inLanguage":"fr-FR","@id":"https:\/\/europeantissue.com\/fr\/hygiene\/studies\/published-on-mayo-clinic-proceedings-the-hygienic-efficacy-of-different-hand-drying-methods\/#primaryimage","url":"http:\/\/europeantissue.com\/wp-content\/uploads\/Mayo-Clinic-Head.jpg","contentUrl":"http:\/\/europeantissue.com\/wp-content\/uploads\/Mayo-Clinic-Head.jpg"},{"@type":"BreadcrumbList","@id":"https:\/\/europeantissue.com\/fr\/hygiene\/studies\/published-on-mayo-clinic-proceedings-the-hygienic-efficacy-of-different-hand-drying-methods\/#breadcrumb","itemListElement":[{"@type":"ListItem","position":1,"name":"Home","item":"https:\/\/europeantissue.com\/fr\/"},{"@type":"ListItem","position":2,"name":"Hygi\u00e8ne","item":"https:\/\/europeantissue.com\/fr\/hygiene\/"},{"@type":"ListItem","position":3,"name":"\u00c9tudes","item":"https:\/\/europeantissue.com\/fr\/hygiene\/studies\/"},{"@type":"ListItem","position":4,"name":"Publi\u00e9 sur \u00ab Mayo Clinic Proceedings \u00bb : L&rsquo;efficacit\u00e9 de l&rsquo;hygi\u00e8ne des diff\u00e9rentes m\u00e9thodes de s\u00e9chage des mains: un examen de la preuve"}]},{"@type":"WebSite","@id":"https:\/\/europeantissue.com\/de\/#website","url":"https:\/\/europeantissue.com\/de\/","name":"European Tissue Symposium","description":"","potentialAction":[{"@type":"SearchAction","target":{"@type":"EntryPoint","urlTemplate":"https:\/\/europeantissue.com\/de\/?s={search_term_string}"},"query-input":{"@type":"PropertyValueSpecification","valueRequired":true,"valueName":"search_term_string"}}],"inLanguage":"fr-FR"}]}},"_links":{"self":[{"href":"https:\/\/europeantissue.com\/fr\/wp-json\/wp\/v2\/pages\/7719","targetHints":{"allow":["GET"]}}],"collection":[{"href":"https:\/\/europeantissue.com\/fr\/wp-json\/wp\/v2\/pages"}],"about":[{"href":"https:\/\/europeantissue.com\/fr\/wp-json\/wp\/v2\/types\/page"}],"author":[{"embeddable":true,"href":"https:\/\/europeantissue.com\/fr\/wp-json\/wp\/v2\/users\/2"}],"replies":[{"embeddable":true,"href":"https:\/\/europeantissue.com\/fr\/wp-json\/wp\/v2\/comments?post=7719"}],"version-history":[{"count":0,"href":"https:\/\/europeantissue.com\/fr\/wp-json\/wp\/v2\/pages\/7719\/revisions"}],"up":[{"embeddable":true,"href":"https:\/\/europeantissue.com\/fr\/wp-json\/wp\/v2\/pages\/7693"}],"wp:attachment":[{"href":"https:\/\/europeantissue.com\/fr\/wp-json\/wp\/v2\/media?parent=7719"}],"curies":[{"name":"wp","href":"https:\/\/api.w.org\/{rel}","templated":true}]}}