 {"id":7713,"date":"2015-09-20T07:49:38","date_gmt":"2015-09-20T07:49:38","guid":{"rendered":"http:\/\/europeantissue.com\/?page_id=7713"},"modified":"2018-07-20T10:26:03","modified_gmt":"2018-07-20T10:26:03","slug":"potential-for-contamination-of-the-environment-study-2014","status":"publish","type":"page","link":"https:\/\/europeantissue.com\/fr\/hygiene\/studies\/potential-for-contamination-of-the-environment-study-2014\/","title":{"rendered":"\u00c9tude pour \u00e9valuer la contamination potentielle des bains (2014)"},"content":{"rendered":"<h2 style=\"text-align: center\"><span style=\"color: #2f7299\"><strong>Contamination potentielle des bains: les s\u00e8che-mains \u00e0 jet d&rsquo;air froid et chaud contaminent l&rsquo;environnement des sanitaires\/toilettes et peuvent \u00eatre inadapt\u00e9s aux \u00e9tablissements de sant\u00e9<\/strong><\/span><\/h2>\n<p><strong>Les bact\u00e9ries propuls\u00e9es dans l&rsquo;air et sur les utilisateurs et sur les passants constituent un risque de contamination\u00a0<\/strong><strong>crois\u00e9e entre personnel de sant\u00e9 et grand public<\/strong><\/p>\n<p>L&rsquo;\u00e9tude conclut que les s\u00e8che-mains \u00e0 air chaud et \u00e0 jet d\u2019air puls\u00e9 pr\u00e9sentent un plus grand potentiel de contamination des toilettes par propagation de bact\u00e9ries dans l&rsquo;air, sur les utilisateurs et sur les passants. Les r\u00e9sultats ont des implications importantes pour les professionnels de sant\u00e9 sp\u00e9cialis\u00e9s dans la lutte contre les infections ainsi que pour les directeurs des achats charg\u00e9s de l&rsquo;\u00e9quipement des toilettes d&rsquo;h\u00f4pital.<br \/> Con\u00e7ue et dirig\u00e9e par le m\u00e9decin microbiologiste <strong><span style=\"color: #2f7299\">Professeur Mark Wilcox, de l&rsquo;Universit\u00e9 de Leeds et du CHU de Leeds<\/span>,<\/strong> et financ\u00e9e par l&rsquo;ETS, l&rsquo;\u00e9tude a compar\u00e9 la propension des trois m\u00e9thodes couramment utilis\u00e9es de s\u00e9chage des mains \u00e0 disperser des bact\u00e9ries par a\u00e9rolisation. Il s&rsquo;est av\u00e9r\u00e9 que les s\u00e8che-mains \u00e9lectrique \u00e0 jet d\u2019air puls\u00e9 dispersent plus de gouttes contenant des bact\u00e9ries et les diffusent plus loin que s\u00e8che-mains \u00e0 air chaud ou les essuie-mains\u00a0en papier. Ils ont en outre mis en \u00e9vidence que les bact\u00e9ries restent dans l&rsquo;air ambiant des toilettes pendant bien plus de temps apr\u00e8s l&rsquo;arr\u00eat du s\u00e8che-mains.<br \/> L&rsquo;\u00e9tude, publi\u00e9e r\u00e9cemment dans le Journal of Hospital Infection, est pr\u00e9sent\u00e9e \u00e0 la <a href=\"https:\/\/europeantissue.com\/hygiene\/participation-in-events\/his-participation\/\"><strong>9\u00e8me Conference International de la Healthcare Society de lutte contre les infections (HIS) \u00e0 Lyon,<\/strong><\/a> du 16 au 18 novembre 2014.<br \/> Cet \u00e9v\u00e9nement biennal rassemble environ 1000 professionnels provenant du monde entier, y compris des \u00e9pid\u00e9miologistes, des microbiologistes, des praticiens de sant\u00e9 publique et des directeurs de pr\u00e9vention et de contr\u00f4le des infections, <br \/> pour discuter les derni\u00e8res donn\u00e9es obtenues par la recherche et les meilleures pratiques en mati\u00e8re de pr\u00e9vention et de contr\u00f4le des infections.<\/p>\n<p><a href=\"http:\/\/europeantissue.com\/wp-content\/uploads\/JHI.jpg\"><img decoding=\"async\" class=\"alignleft size-full wp-image-4918\" src=\"http:\/\/europeantissue.com\/wp-content\/uploads\/JHI.jpg\" alt=\"JHI\" width=\"226\" height=\"300\" \/><\/a><strong>Le titre complet de l&rsquo;\u00e9tude est : \u00a0Comparaison microbiologique des m\u00e9thodes de s\u00e9chage des mains : potentiel de contamination de l&rsquo;environnement, des utilisateurs et des passants. E.L. Best, 1 P. Parnell, 1 MH Wilcox 1,2 &#8211; D\u00e9partement de microbiologie, Old Medical School, Leeds General Infirmary, CHU de Leeds NHS Trust1 &amp; Universit\u00e9 de Leeds, Leeds LS1 3EX 2, Royaume-Uni. \u00a0\u00a0<\/strong><\/p>\n<p>L&rsquo;\u00e9tude compl\u00e8te peut \u00eatre t\u00e9l\u00e9charg\u00e9e, au prix de 35,95 $, sur : <a href=\"http:\/\/authors.elsevier.com\/sd\/article\/S0195670114002461\">http:\/\/authors.elsevier.com\/sd\/article\/S0195670114002461\u00a0<\/a><\/p>\n<h3>Diffusion a\u00e9rienne<\/h3>\n<p>Durant l&rsquo;ex\u00e9cution de l&rsquo;\u00e9tude, les mains prot\u00e9g\u00e9es par des gants ont \u00e9t\u00e9 contamin\u00e9es par une souche inoffensive de Lactobacillus, un organisme qui normalement ne se trouve pas dans les toilettes. Cela a \u00e9t\u00e9 fait pour reproduire la charge bact\u00e9rienne pr\u00e9sente sur des mains mal lav\u00e9es. La d\u00e9tection successive du Lactobacillus dans l&rsquo;air a prouv\u00e9 que cette bact\u00e9rie devait provenir des mains lors du s\u00e9chage. Les chercheurs ont mesur\u00e9 l&rsquo;air autour des s\u00e8ches-mains et \u00e9galement \u00e0 des distances d&rsquo;un et deux m\u00e8tres.\u00a0<span style=\"color: #ff0000\"><strong>Le nombre de bact\u00e9ries dans l&rsquo;air \u00e0 proximit\u00e9 des s\u00e8che-mains \u00e0 jets d&rsquo;air froid a \u00e9t\u00e9 estim\u00e9<\/strong> <strong>4,5 fois sup\u00e9rieur<\/strong><\/span> au nombre de bact\u00e9ries autours du s\u00e8che-mains \u00e0 air chaud et <strong><span style=\"color: #ff0000\">27 fois sup\u00e9rieur \u00e0 celui qui \u00e9tait dispers\u00e9 par des essuie-mains en papier<\/span>.<\/strong>\u00a0\u00c0 c\u00f4t\u00e9 des s\u00e8che-mains, les bact\u00e9ries sont rest\u00e9es dans l&rsquo;air ambiant bien au-del\u00e0 d&rsquo;un temps de s\u00e9chage des mains de 15 secondes, avec environ la moiti\u00e9 (48%) des lactobacilles collect\u00e9s plus de 5 minutes apr\u00e8s la fin du s\u00e9chage. Les lactobacilles ont encore \u00e9t\u00e9 d\u00e9tect\u00e9s dans l&rsquo;air 15 minutes apr\u00e8s le s\u00e9chage des mains (20% du total des lactobacilles r\u00e9cup\u00e9r\u00e9s pour le s\u00e8che-main \u00e0 jet d\u2019air puls\u00e9).<\/p>\n<p><a href=\"http:\/\/europeantissue.com\/wp-content\/uploads\/2015\/09\/ETS_Infographic_A4_FR.jpg\" rel=\"attachment wp-att-8960\"><img decoding=\"async\" class=\"alignnone size-full wp-image-8960\" src=\"http:\/\/europeantissue.com\/wp-content\/uploads\/2015\/09\/ETS_Infographic_A4_FR.jpg\" alt=\"ETS_Infographic_A4_FR\" width=\"900\" height=\"636\" srcset=\"https:\/\/europeantissue.com\/wp-content\/uploads\/2015\/09\/ETS_Infographic_A4_FR-300x212.jpg 300w, https:\/\/europeantissue.com\/wp-content\/uploads\/2015\/09\/ETS_Infographic_A4_FR-768x543.jpg 768w, https:\/\/europeantissue.com\/wp-content\/uploads\/2015\/09\/ETS_Infographic_A4_FR.jpg 900w\" sizes=\"(max-width: 900px) 100vw, 900px\" \/><\/a><\/p>\n<p><strong>Lisez les articles, dans diff\u00e9rentes langues, qui r\u00e9sument l&rsquo;\u00e9tude et regardez ou t\u00e9l\u00e9chargez l&rsquo;infographie relative \u00e0 l&rsquo;\u00e9tude.<\/strong><\/p>\n<p><strong>Anglais :<\/strong><\/p>\n<p><a href=\"http:\/\/europeantissue.com\/wp-content\/uploads\/2014\/11\/Press-Release-LeedsAirStudy-English.pdf\">communiqu\u00e9 de presse Leeds Anglais<\/a><\/p>\n<p><a href=\"http:\/\/europeantissue.com\/wp-content\/uploads\/Leeds-study-Infographic-English1.pdf\">\u00c9tude Leeds Infographie Anglais<\/a><\/p>\n<p>&nbsp;<\/p>\n<p><strong>Allemand :<\/strong><\/p>\n<p><a href=\"http:\/\/europeantissue.com\/wp-content\/uploads\/Press-Release-LeedsAirStudy-German.pdf\">Communiqu\u00e9 de presse Leeds \u00c9tude d&rsquo;A\u00e9rodispersion Allemand<\/a><\/p>\n<p><a href=\"http:\/\/europeantissue.com\/wp-content\/uploads\/Leeds-study-Infographic-German.pdf\">\u00c9tude Leeds Infographie Allemand<\/a><\/p>\n<p>&nbsp;<\/p>\n<p><strong>En fran\u00e7ais :<\/strong><\/p>\n<p><a href=\"http:\/\/europeantissue.com\/wp-content\/uploads\/Press-Release-LeedsAirStudy-French.pdf\">Communiqu\u00e9 de presse Leeds \u00c9tude d&rsquo;a\u00e9rodispersion Fran\u00e7ais<\/a><\/p>\n<p><a href=\"http:\/\/europeantissue.com\/wp-content\/uploads\/Leeds-study-Infographic-French.pdf\">\u00c9tude Leeds Infographie Fran\u00e7ais<\/a><\/p>\n<p>&nbsp;<\/p>\n<p><strong>Italien :<\/strong><\/p>\n<p><a href=\"http:\/\/europeantissue.com\/wp-content\/uploads\/Press-Release-LeedsAirStudy-Italian.pdf\">Communiqu\u00e9 de presse Leeds \u00c9tude d&rsquo;a\u00e9rodispersion Italien<\/a><\/p>\n<p><a href=\"http:\/\/europeantissue.com\/wp-content\/uploads\/Leeds-study-Infographic-Italian.pdf\">\u00c9tude Leeds Infographie italienne<\/a><\/p>\n<p>&nbsp;<\/p>\n<p><strong>Espagnol :<\/strong><\/p>\n<p><a href=\"http:\/\/europeantissue.com\/wp-content\/uploads\/Press-Release-LeedsAirStudy-Spanish.pdf\">Communiqu\u00e9 de presse Leeds \u00c9tude d&rsquo;a\u00e9rodispersion Espagnol<\/a><\/p>\n<p><a href=\"http:\/\/europeantissue.com\/wp-content\/uploads\/Leeds-study-Infographic-Spanish.pdf\">\u00c9tude Leeds Infographie Espagnol<\/a><\/p>\n<p>&nbsp;<\/p>\n<p><strong>Polonais :<\/strong><\/p>\n<p><a href=\"http:\/\/europeantissue.com\/wp-content\/uploads\/Press-Release-LeedsAirStudy-Polish.pdf\">Communiqu\u00e9 de presse Leeds \u00c9tude d&rsquo;a\u00e9rodispersion Polonais<\/a><\/p>\n<p><a href=\"http:\/\/europeantissue.com\/wp-content\/uploads\/Leeds-study-Infographic-Polish.pdf\">\u00c9tude Leeds Infographie Polonais<\/a><\/p>\n<p>&nbsp;<\/p>\n<p><strong>N\u00e9erlandais :<\/strong><\/p>\n<p><a href=\"http:\/\/europeantissue.com\/wp-content\/uploads\/Press-Release-LeedsAirStudy-Dutch.pdf\">Communiqu\u00e9 de presse Leeds \u00c9tude d&rsquo;a\u00e9rodispersion N\u00e9erlandais<\/a><\/p>\n<p><a href=\"http:\/\/europeantissue.com\/wp-content\/uploads\/Leeds-study-Infographic-Dutch.pdf\">\u00c9tude Leeds Infographie N\u00e9erlandais<\/a><\/p>\n<p>&nbsp;<\/p>\n<p>Vous pouvez aussi regarder la vid\u00e9o de l&rsquo;interview du Prof. Mark Wilcox avec la BBC sur le lien<strong>: \u00a0<a href=\"https:\/\/www.youtube.com\/watch?v=orAcSHwYTms\"><strong>https:\/\/www.youtube.com\/watch?v=orAcSHwYTms\u00a0<\/strong><\/a><strong>\u00a0\u00a0<\/strong><\/strong><\/p>\n<p>&nbsp;<\/p>\n","protected":false},"excerpt":{"rendered":"<p>Contamination potentielle des bains: les s\u00e8che-mains \u00e0 jet d&rsquo;air froid et chaud contaminent l&rsquo;environnement des sanitaires\/toilettes et peuvent \u00eatre inadapt\u00e9s aux \u00e9tablissements de sant\u00e9 Les bact\u00e9ries propuls\u00e9es dans l&rsquo;air et sur les utilisateurs et sur les passants constituent un risque de contamination\u00a0crois\u00e9e entre personnel de sant\u00e9 et grand public L&rsquo;\u00e9tude conclut que les s\u00e8che-mains \u00e0  [&#8230;]<\/p>\n","protected":false},"author":2,"featured_media":0,"parent":7693,"menu_order":3,"comment_status":"open","ping_status":"closed","template":"","meta":{"_monsterinsights_skip_tracking":false,"_monsterinsights_sitenote_active":false,"_monsterinsights_sitenote_note":"","_monsterinsights_sitenote_category":0,"ngg_post_thumbnail":0,"footnotes":""},"class_list":["post-7713","page","type-page","status-publish","hentry"],"yoast_head":"<!-- This site is optimized with the Yoast SEO plugin v26.3 - https:\/\/yoast.com\/wordpress\/plugins\/seo\/ -->\n<title>\u00c9tude pour \u00e9valuer la contamination potentielle des bains (2014) - European Tissue Symposium<\/title>\n<meta name=\"description\" content=\"Contamination potentielle des bains: les s\u00e8che-mains \u00e0 jet d&#039;air froid et chaud contaminent l&#039;environnement des sanitaires\/toilettes\" \/>\n<meta name=\"robots\" content=\"index, follow, max-snippet:-1, max-image-preview:large, max-video-preview:-1\" \/>\n<link rel=\"canonical\" href=\"https:\/\/europeantissue.com\/fr\/hygiene\/studies\/potential-for-contamination-of-the-environment-study-2014\/\" \/>\n<meta property=\"og:locale\" content=\"fr_FR\" \/>\n<meta property=\"og:type\" content=\"article\" \/>\n<meta property=\"og:title\" content=\"\u00c9tude pour \u00e9valuer la contamination potentielle des bains (2014) - European Tissue Symposium\" \/>\n<meta property=\"og:description\" content=\"Contamination potentielle des bains: les s\u00e8che-mains \u00e0 jet d&#039;air froid et chaud contaminent l&#039;environnement des sanitaires\/toilettes\" \/>\n<meta property=\"og:url\" content=\"https:\/\/europeantissue.com\/fr\/hygiene\/studies\/potential-for-contamination-of-the-environment-study-2014\/\" \/>\n<meta property=\"og:site_name\" content=\"European Tissue Symposium\" \/>\n<meta property=\"article:modified_time\" content=\"2018-07-20T10:26:03+00:00\" \/>\n<meta property=\"og:image\" content=\"http:\/\/europeantissue.com\/wp-content\/uploads\/JHI.jpg\" \/>\n<meta name=\"twitter:card\" content=\"summary_large_image\" \/>\n<meta name=\"twitter:label1\" content=\"Dur\u00e9e de lecture estim\u00e9e\" \/>\n\t<meta name=\"twitter:data1\" content=\"4 minutes\" \/>\n<script type=\"application\/ld+json\" class=\"yoast-schema-graph\">{\"@context\":\"https:\/\/schema.org\",\"@graph\":[{\"@type\":\"WebPage\",\"@id\":\"https:\/\/europeantissue.com\/fr\/hygiene\/studies\/potential-for-contamination-of-the-environment-study-2014\/\",\"url\":\"https:\/\/europeantissue.com\/fr\/hygiene\/studies\/potential-for-contamination-of-the-environment-study-2014\/\",\"name\":\"\u00c9tude pour \u00e9valuer la contamination potentielle des bains (2014) - European Tissue Symposium\",\"isPartOf\":{\"@id\":\"https:\/\/europeantissue.com\/de\/#website\"},\"primaryImageOfPage\":{\"@id\":\"https:\/\/europeantissue.com\/fr\/hygiene\/studies\/potential-for-contamination-of-the-environment-study-2014\/#primaryimage\"},\"image\":{\"@id\":\"https:\/\/europeantissue.com\/fr\/hygiene\/studies\/potential-for-contamination-of-the-environment-study-2014\/#primaryimage\"},\"thumbnailUrl\":\"http:\/\/europeantissue.com\/wp-content\/uploads\/JHI.jpg\",\"datePublished\":\"2015-09-20T07:49:38+00:00\",\"dateModified\":\"2018-07-20T10:26:03+00:00\",\"description\":\"Contamination potentielle des bains: les s\u00e8che-mains \u00e0 jet d'air froid et chaud contaminent l'environnement des sanitaires\/toilettes\",\"breadcrumb\":{\"@id\":\"https:\/\/europeantissue.com\/fr\/hygiene\/studies\/potential-for-contamination-of-the-environment-study-2014\/#breadcrumb\"},\"inLanguage\":\"fr-FR\",\"potentialAction\":[{\"@type\":\"ReadAction\",\"target\":[\"https:\/\/europeantissue.com\/fr\/hygiene\/studies\/potential-for-contamination-of-the-environment-study-2014\/\"]}]},{\"@type\":\"ImageObject\",\"inLanguage\":\"fr-FR\",\"@id\":\"https:\/\/europeantissue.com\/fr\/hygiene\/studies\/potential-for-contamination-of-the-environment-study-2014\/#primaryimage\",\"url\":\"http:\/\/europeantissue.com\/wp-content\/uploads\/JHI.jpg\",\"contentUrl\":\"http:\/\/europeantissue.com\/wp-content\/uploads\/JHI.jpg\"},{\"@type\":\"BreadcrumbList\",\"@id\":\"https:\/\/europeantissue.com\/fr\/hygiene\/studies\/potential-for-contamination-of-the-environment-study-2014\/#breadcrumb\",\"itemListElement\":[{\"@type\":\"ListItem\",\"position\":1,\"name\":\"Home\",\"item\":\"https:\/\/europeantissue.com\/fr\/\"},{\"@type\":\"ListItem\",\"position\":2,\"name\":\"Hygi\u00e8ne\",\"item\":\"https:\/\/europeantissue.com\/fr\/hygiene\/\"},{\"@type\":\"ListItem\",\"position\":3,\"name\":\"\u00c9tudes\",\"item\":\"https:\/\/europeantissue.com\/fr\/hygiene\/studies\/\"},{\"@type\":\"ListItem\",\"position\":4,\"name\":\"\u00c9tude pour \u00e9valuer la contamination potentielle des bains (2014)\"}]},{\"@type\":\"WebSite\",\"@id\":\"https:\/\/europeantissue.com\/de\/#website\",\"url\":\"https:\/\/europeantissue.com\/de\/\",\"name\":\"European Tissue Symposium\",\"description\":\"\",\"potentialAction\":[{\"@type\":\"SearchAction\",\"target\":{\"@type\":\"EntryPoint\",\"urlTemplate\":\"https:\/\/europeantissue.com\/de\/?s={search_term_string}\"},\"query-input\":{\"@type\":\"PropertyValueSpecification\",\"valueRequired\":true,\"valueName\":\"search_term_string\"}}],\"inLanguage\":\"fr-FR\"}]}<\/script>\n<!-- \/ Yoast SEO plugin. -->","yoast_head_json":{"title":"\u00c9tude pour \u00e9valuer la contamination potentielle des bains (2014) - European Tissue Symposium","description":"Contamination potentielle des bains: les s\u00e8che-mains \u00e0 jet d'air froid et chaud contaminent l'environnement des sanitaires\/toilettes","robots":{"index":"index","follow":"follow","max-snippet":"max-snippet:-1","max-image-preview":"max-image-preview:large","max-video-preview":"max-video-preview:-1"},"canonical":"https:\/\/europeantissue.com\/fr\/hygiene\/studies\/potential-for-contamination-of-the-environment-study-2014\/","og_locale":"fr_FR","og_type":"article","og_title":"\u00c9tude pour \u00e9valuer la contamination potentielle des bains (2014) - European Tissue Symposium","og_description":"Contamination potentielle des bains: les s\u00e8che-mains \u00e0 jet d'air froid et chaud contaminent l'environnement des sanitaires\/toilettes","og_url":"https:\/\/europeantissue.com\/fr\/hygiene\/studies\/potential-for-contamination-of-the-environment-study-2014\/","og_site_name":"European Tissue Symposium","article_modified_time":"2018-07-20T10:26:03+00:00","og_image":[{"url":"http:\/\/europeantissue.com\/wp-content\/uploads\/JHI.jpg","type":"","width":"","height":""}],"twitter_card":"summary_large_image","twitter_misc":{"Dur\u00e9e de lecture estim\u00e9e":"4 minutes"},"schema":{"@context":"https:\/\/schema.org","@graph":[{"@type":"WebPage","@id":"https:\/\/europeantissue.com\/fr\/hygiene\/studies\/potential-for-contamination-of-the-environment-study-2014\/","url":"https:\/\/europeantissue.com\/fr\/hygiene\/studies\/potential-for-contamination-of-the-environment-study-2014\/","name":"\u00c9tude pour \u00e9valuer la contamination potentielle des bains (2014) - European Tissue Symposium","isPartOf":{"@id":"https:\/\/europeantissue.com\/de\/#website"},"primaryImageOfPage":{"@id":"https:\/\/europeantissue.com\/fr\/hygiene\/studies\/potential-for-contamination-of-the-environment-study-2014\/#primaryimage"},"image":{"@id":"https:\/\/europeantissue.com\/fr\/hygiene\/studies\/potential-for-contamination-of-the-environment-study-2014\/#primaryimage"},"thumbnailUrl":"http:\/\/europeantissue.com\/wp-content\/uploads\/JHI.jpg","datePublished":"2015-09-20T07:49:38+00:00","dateModified":"2018-07-20T10:26:03+00:00","description":"Contamination potentielle des bains: les s\u00e8che-mains \u00e0 jet d'air froid et chaud contaminent l'environnement des sanitaires\/toilettes","breadcrumb":{"@id":"https:\/\/europeantissue.com\/fr\/hygiene\/studies\/potential-for-contamination-of-the-environment-study-2014\/#breadcrumb"},"inLanguage":"fr-FR","potentialAction":[{"@type":"ReadAction","target":["https:\/\/europeantissue.com\/fr\/hygiene\/studies\/potential-for-contamination-of-the-environment-study-2014\/"]}]},{"@type":"ImageObject","inLanguage":"fr-FR","@id":"https:\/\/europeantissue.com\/fr\/hygiene\/studies\/potential-for-contamination-of-the-environment-study-2014\/#primaryimage","url":"http:\/\/europeantissue.com\/wp-content\/uploads\/JHI.jpg","contentUrl":"http:\/\/europeantissue.com\/wp-content\/uploads\/JHI.jpg"},{"@type":"BreadcrumbList","@id":"https:\/\/europeantissue.com\/fr\/hygiene\/studies\/potential-for-contamination-of-the-environment-study-2014\/#breadcrumb","itemListElement":[{"@type":"ListItem","position":1,"name":"Home","item":"https:\/\/europeantissue.com\/fr\/"},{"@type":"ListItem","position":2,"name":"Hygi\u00e8ne","item":"https:\/\/europeantissue.com\/fr\/hygiene\/"},{"@type":"ListItem","position":3,"name":"\u00c9tudes","item":"https:\/\/europeantissue.com\/fr\/hygiene\/studies\/"},{"@type":"ListItem","position":4,"name":"\u00c9tude pour \u00e9valuer la contamination potentielle des bains (2014)"}]},{"@type":"WebSite","@id":"https:\/\/europeantissue.com\/de\/#website","url":"https:\/\/europeantissue.com\/de\/","name":"European Tissue Symposium","description":"","potentialAction":[{"@type":"SearchAction","target":{"@type":"EntryPoint","urlTemplate":"https:\/\/europeantissue.com\/de\/?s={search_term_string}"},"query-input":{"@type":"PropertyValueSpecification","valueRequired":true,"valueName":"search_term_string"}}],"inLanguage":"fr-FR"}]}},"_links":{"self":[{"href":"https:\/\/europeantissue.com\/fr\/wp-json\/wp\/v2\/pages\/7713","targetHints":{"allow":["GET"]}}],"collection":[{"href":"https:\/\/europeantissue.com\/fr\/wp-json\/wp\/v2\/pages"}],"about":[{"href":"https:\/\/europeantissue.com\/fr\/wp-json\/wp\/v2\/types\/page"}],"author":[{"embeddable":true,"href":"https:\/\/europeantissue.com\/fr\/wp-json\/wp\/v2\/users\/2"}],"replies":[{"embeddable":true,"href":"https:\/\/europeantissue.com\/fr\/wp-json\/wp\/v2\/comments?post=7713"}],"version-history":[{"count":0,"href":"https:\/\/europeantissue.com\/fr\/wp-json\/wp\/v2\/pages\/7713\/revisions"}],"up":[{"embeddable":true,"href":"https:\/\/europeantissue.com\/fr\/wp-json\/wp\/v2\/pages\/7693"}],"wp:attachment":[{"href":"https:\/\/europeantissue.com\/fr\/wp-json\/wp\/v2\/media?parent=7713"}],"curies":[{"name":"wp","href":"https:\/\/api.w.org\/{rel}","templated":true}]}}