 {"id":7693,"date":"2015-09-20T07:10:15","date_gmt":"2015-09-20T07:10:15","guid":{"rendered":"http:\/\/europeantissue.com\/?page_id=7693"},"modified":"2018-07-20T10:26:05","modified_gmt":"2018-07-20T10:26:05","slug":"studies","status":"publish","type":"page","link":"https:\/\/europeantissue.com\/fr\/hygiene\/studies\/","title":{"rendered":"\u00c9tudes"},"content":{"rendered":"<p>Malgr\u00e9 son apparence simple, le papier en ouate de cellulose est un produit tr\u00e8s complexe.\u00a0<br \/> Pour bien comprendre et d\u00e9crire correctement les produit d\u2019hygi\u00e8ne et d\u2019essuyage en ouate de cellulose, l\u2019organisation ETS, se soucie de fournir autant d&rsquo;aper\u00e7us que possible \u00e0 ses membres et \u00e0 l&rsquo;ext\u00e9rieur.<\/p>\n<p>Par cons\u00e9quent, ETS est int\u00e9ress\u00e9e par toute <span style=\"color: #286d8f\"><strong>\u00e9tude pertinente<\/strong><\/span> initi\u00e9e par les instances sociales et les Instituts concern\u00e9s. En outre, ETS a <span style=\"color: #286d8f\"><strong>pris l&rsquo;initiative d&rsquo;effectuer des \u00e9tudes et des enqu\u00eates sur les diff\u00e9rents aspects des produits d\u2019hygi\u00e8ne en ouate de cellulose<\/strong><\/span>, sans n\u00e9gliger ceux qui sont particuli\u00e8rement importants pour l&rsquo;utilisateur final.<\/p>\n<p>Selon les enqu\u00eates et les \u00e9tudes r\u00e9centes, l&rsquo;ETS a \u00e9dit\u00e9 des conclusions et des points de vue de l&rsquo;industrie sur l&rsquo;hygi\u00e8ne pour la diffusion et \/ ou sous forme de documents de synth\u00e8se.<\/p>\n<ul>\n<li><strong>Comparaison entre diff\u00e9rentes m\u00e9thodes de s\u00e9chage des mains par rapport au potentiel de dispersion a\u00e9rienne et de contamination microbienne (\u00e9tude men\u00e9e par l&rsquo;University of Westminster examin\u00e9e par des pairs \u00a02015)<\/strong>\n<ul>\n<li><a href=\"https:\/\/europeantissue.com\/fr\/hygiene\/studies\/comparison-of-different-hand-drying-methods-the-potential-for-airborne-microbe-dispersal-and-contamination\/?lang=fr\">En savoir plus<\/a> sur l&rsquo;\u00e9tude men\u00e9e par l&rsquo;Universit\u00e9 de Westminster examin\u00e9e par des pairs<\/li>\n<\/ul>\n<\/li>\n<\/ul>\n<ul>\n<li><strong>Potentiel de contamination de l&rsquo;environnement sanitaire (\u00e9tude 2014 men\u00e9e par l&rsquo;Universit\u00e9 de Leeds)<\/strong>\n<ul>\n<li>en <a href=\"https:\/\/europeantissue.com\/fr\/hygiene\/studies\/potential-for-contamination-of-the-environment-study-2014\/?lang=fr\">savoir plus<\/a>\u00a0sur l&rsquo;\u00e9tude men\u00e9e par l&rsquo;Universit\u00e9 de Leeds examin\u00e9e par des pairs<\/li>\n<\/ul>\n<\/li>\n<\/ul>\n<ul>\n<li><strong>Parution dans Mayo Clinic Proceedings : l&rsquo;efficacit\u00e9 hygi\u00e9nique des diff\u00e9rentes m\u00e9thodes de s\u00e9chage des mains (2012)<\/strong>\n<ul>\n<li><a href=\"https:\/\/europeantissue.com\/fr\/hygiene\/studies\/published-on-mayo-clinic-proceedings-the-hygienic-efficacy-of-different-hand-drying-methods\/?lang=fr\">lire<\/a> l&rsquo;article contenu dans les Mayo Clinic Proceedings<\/li>\n<\/ul>\n<\/li>\n<\/ul>\n<ul>\n<li><strong>D\u00e9sinfectant \u00e0 base d&rsquo;alcool vs lavage des mains quelle m\u00e9thode lutte le mieux contre le norovirus (article examin\u00e9 par les pairs 2015)<\/strong>\n<ul>\n<li><a href=\"https:\/\/europeantissue.com\/hygiene\/studies\/alcohol-based-disinfectant-vs-hand-washing-which-fights-noroviruses-better\/\">lire la page<\/a> sur l&rsquo;article<\/li>\n<\/ul>\n<\/li>\n<\/ul>\n<ul>\n<li><strong>\u00c9tude Eurofins-Inlab : La contamination microbienne des surfaces associ\u00e9es \u00e0 diff\u00e9rents s\u00e8che-mains (2012)<\/strong>\n<ul>\n<li><a href=\"https:\/\/europeantissue.com\/hygiene\/studies\/eurofins-inlab-study\/\">En savoir plus<\/a> sur l&rsquo;\u00e9tude Eurofins-Inlab<\/li>\n<\/ul>\n<\/li>\n<\/ul>\n<ul>\n<li><strong>Enqu\u00eate portant sur plusieurs pays concernant les pr\u00e9f\u00e9rences des consommateurs de diff\u00e9rents syst\u00e8mes de s\u00e9chage &#8211; INTERMETRA (Juin 2008)<\/strong>\n<ul>\n<li><a href=\"https:\/\/europeantissue.com\/about-tissue\/away-from-home\/properties-of-tissue\/user-preference\/\">En savoir plus<\/a> sur l&rsquo;\u00e9tude Intermetra<\/li>\n<\/ul>\n<\/li>\n<\/ul>\n<ul>\n<li><strong>\u00c9tude d&rsquo;hygi\u00e8ne comparative entre quatre diff\u00e9rentes m\u00e9thodes de s\u00e9chage des mains : essuie-mains en papier, essuie-mains rouleau textile continu, s\u00e8che-mains \u00e0 air chaud, s\u00e8che-mains \u00e0 jets d&rsquo;air puls\u00e9 &#8211; Universit\u00e9 de Westminster (2010)<\/strong>\n<ul>\n<li><a href=\"http:\/\/europeantissue.com\/wp-content\/uploads\/WU-Study-2010-Report.pdf\">Lire l&rsquo;\u00e9tude UoW 2010<\/a><\/li>\n<\/ul>\n<\/li>\n<\/ul>\n<ul>\n<li><strong>\u00c9tude comparative sur l&rsquo;hygi\u00e8ne entre trois diff\u00e9rentes m\u00e9thodes de s\u00e9chage des mains : serviettes en papier, s\u00e8che-mains \u00e0 air chaud, s\u00e8che-mains \u00e0 jet d&rsquo;air &#8211; UNIVERSIT\u00c9 de Westminster (Novembre 2008)<\/strong>\n<ul>\n<li><a href=\"http:\/\/europeantissue.com\/pdfs\/090402-2008%20WUS%20Westminster%20University%20hygiene%20study,%20nov2008.pdf\">En savoir plus<\/a> sur l&rsquo;\u00e9tude UoW<\/li>\n<\/ul>\n<\/li>\n<\/ul>\n<ul>\n<li><strong>Etude sur diff\u00e9rentes m\u00e9thodes de s\u00e9chage des mains. &#8211; T\u00dcV (Septembre 2005) \u00ab \u00c9tude T\u00dcV \u00bb &#8211; Etude men\u00e9e en mati\u00e8re de m\u00e9thodes utilis\u00e9es pour le s\u00e9chage des mains (Sep 2005)<\/strong>\n<ul>\n<li><a href=\"http:\/\/europeantissue.com\/facts-studies\/research\/hygiene\/\">En savoir plus<\/a> sur l&rsquo;\u00e9tude T\u00dcV<\/li>\n<\/ul>\n<\/li>\n<\/ul>\n<ul>\n<li><strong>\u00c9valuation de l&rsquo;hygi\u00e8ne des mouchoirs en papier &#8211; Universit\u00e9 d&rsquo;Erlangen (1994)<\/strong>\n<ul>\n<li><a href=\"http:\/\/europeantissue.com\/facts-studies\/research\/hygiene\/\">En savoir plus<\/a> sur les \u00e9tudes d&rsquo;hygi\u00e8ne des tissus<\/li>\n<\/ul>\n<\/li>\n<\/ul>\n<ul>\n<li><strong>Handwashingforlife<\/strong><\/li>\n<\/ul>\n<p>Regardez aussi :<\/p>\n<div class=\"fusion-fullwidth fullwidth-box fusion-builder-row-1 hundred-percent-fullwidth non-hundred-percent-height-scrolling\" style=\"--awb-border-radius-top-left:0px;--awb-border-radius-top-right:0px;--awb-border-radius-bottom-right:0px;--awb-border-radius-bottom-left:0px;--awb-overflow:visible;--awb-flex-wrap:wrap;\" ><div class=\"fusion-builder-row fusion-row\"><div class=\"fusion-layout-column fusion_builder_column fusion-builder-column-0 fusion_builder_column_1_1 1_1 fusion-one-full fusion-column-first fusion-column-last fusion-column-no-min-height\" style=\"--awb-bg-size:cover;--awb-margin-bottom:0px;\"><div class=\"fusion-column-wrapper fusion-flex-column-wrapper-legacy\"><div style=\"width: 260px\" class=\"wp-caption alignnone\"><img decoding=\"async\" src=\"http:\/\/europeantissue.com\/wp-content\/uploads\/image\/handwashingforlife.jpg\" alt=\"Handwashingforlife\" width=\"250\" height=\"60\" \/><p class=\"wp-caption-text\">Handwashingforlife<\/p><\/div>\n<p><a href=\"http:\/\/www.handwashingforlife.com\/protecting_food_safety_during_economic_pinch\">L&rsquo;Institut Handwashingforlife<\/a> se consacre \u00e0 l&rsquo;avancement de la science de l&rsquo;hygi\u00e8ne des mains dans le but de r\u00e9duire l&rsquo;incidence des maladies d&rsquo;origine alimentaire et les infections nosocomiales caus\u00e9es par une mauvaise hygi\u00e8ne des mains. C&rsquo;est une organisation mondiale de soutien aux d\u00e9fis communs de l&rsquo;hygi\u00e8ne des mains dans le monde entier.<\/p>\n<div class=\"fusion-clearfix\"><\/div><\/div><\/div><\/div><\/div>\n","protected":false},"excerpt":{"rendered":"<p>Malgr\u00e9 son apparence simple, le papier en ouate de cellulose est un produit tr\u00e8s complexe.\u00a0 Pour bien comprendre et d\u00e9crire correctement les produit d\u2019hygi\u00e8ne et d\u2019essuyage en ouate de cellulose, l\u2019organisation ETS, se soucie de fournir autant d&rsquo;aper\u00e7us que possible \u00e0 ses membres et \u00e0 l&rsquo;ext\u00e9rieur. Par cons\u00e9quent, ETS est int\u00e9ress\u00e9e par toute \u00e9tude pertinente  [&#8230;]<\/p>\n","protected":false},"author":2,"featured_media":0,"parent":7661,"menu_order":2,"comment_status":"open","ping_status":"closed","template":"","meta":{"_monsterinsights_skip_tracking":false,"_monsterinsights_sitenote_active":false,"_monsterinsights_sitenote_note":"","_monsterinsights_sitenote_category":0,"ngg_post_thumbnail":0,"footnotes":""},"class_list":["post-7693","page","type-page","status-publish","hentry"],"yoast_head":"<!-- This site is optimized with the Yoast SEO plugin v26.3 - https:\/\/yoast.com\/wordpress\/plugins\/seo\/ -->\n<title>\u00c9tudes - European Tissue Symposium<\/title>\n<meta name=\"description\" content=\"ETS a\u00a0pris l&#039;initiative d&#039;effectuer des \u00e9tudes et des enqu\u00eates sur les diff\u00e9rents aspects des produits d\u2019hygi\u00e8ne en ouate de cellulose,\" \/>\n<meta name=\"robots\" content=\"index, follow, max-snippet:-1, max-image-preview:large, max-video-preview:-1\" \/>\n<link rel=\"canonical\" href=\"https:\/\/europeantissue.com\/fr\/hygiene\/studies\/\" \/>\n<meta property=\"og:locale\" content=\"fr_FR\" \/>\n<meta property=\"og:type\" content=\"article\" \/>\n<meta property=\"og:title\" content=\"\u00c9tudes - European Tissue Symposium\" \/>\n<meta property=\"og:description\" content=\"ETS a\u00a0pris l&#039;initiative d&#039;effectuer des \u00e9tudes et des enqu\u00eates sur les diff\u00e9rents aspects des produits d\u2019hygi\u00e8ne en ouate de cellulose,\" \/>\n<meta property=\"og:url\" content=\"https:\/\/europeantissue.com\/fr\/hygiene\/studies\/\" \/>\n<meta property=\"og:site_name\" content=\"European Tissue Symposium\" \/>\n<meta property=\"article:modified_time\" content=\"2018-07-20T10:26:05+00:00\" \/>\n<meta property=\"og:image\" content=\"http:\/\/europeantissue.com\/wp-content\/uploads\/image\/handwashingforlife.jpg\" \/>\n<meta name=\"twitter:card\" content=\"summary_large_image\" \/>\n<meta name=\"twitter:label1\" content=\"Dur\u00e9e de lecture estim\u00e9e\" \/>\n\t<meta name=\"twitter:data1\" content=\"3 minutes\" \/>\n<script type=\"application\/ld+json\" class=\"yoast-schema-graph\">{\"@context\":\"https:\/\/schema.org\",\"@graph\":[{\"@type\":\"WebPage\",\"@id\":\"https:\/\/europeantissue.com\/fr\/hygiene\/studies\/\",\"url\":\"https:\/\/europeantissue.com\/fr\/hygiene\/studies\/\",\"name\":\"\u00c9tudes - European Tissue Symposium\",\"isPartOf\":{\"@id\":\"https:\/\/europeantissue.com\/de\/#website\"},\"primaryImageOfPage\":{\"@id\":\"https:\/\/europeantissue.com\/fr\/hygiene\/studies\/#primaryimage\"},\"image\":{\"@id\":\"https:\/\/europeantissue.com\/fr\/hygiene\/studies\/#primaryimage\"},\"thumbnailUrl\":\"http:\/\/europeantissue.com\/wp-content\/uploads\/image\/handwashingforlife.jpg\",\"datePublished\":\"2015-09-20T07:10:15+00:00\",\"dateModified\":\"2018-07-20T10:26:05+00:00\",\"description\":\"ETS a\u00a0pris l'initiative d'effectuer des \u00e9tudes et des enqu\u00eates sur les diff\u00e9rents aspects des produits d\u2019hygi\u00e8ne en ouate de cellulose,\",\"breadcrumb\":{\"@id\":\"https:\/\/europeantissue.com\/fr\/hygiene\/studies\/#breadcrumb\"},\"inLanguage\":\"fr-FR\",\"potentialAction\":[{\"@type\":\"ReadAction\",\"target\":[\"https:\/\/europeantissue.com\/fr\/hygiene\/studies\/\"]}]},{\"@type\":\"ImageObject\",\"inLanguage\":\"fr-FR\",\"@id\":\"https:\/\/europeantissue.com\/fr\/hygiene\/studies\/#primaryimage\",\"url\":\"http:\/\/europeantissue.com\/wp-content\/uploads\/image\/handwashingforlife.jpg\",\"contentUrl\":\"http:\/\/europeantissue.com\/wp-content\/uploads\/image\/handwashingforlife.jpg\"},{\"@type\":\"BreadcrumbList\",\"@id\":\"https:\/\/europeantissue.com\/fr\/hygiene\/studies\/#breadcrumb\",\"itemListElement\":[{\"@type\":\"ListItem\",\"position\":1,\"name\":\"Home\",\"item\":\"https:\/\/europeantissue.com\/fr\/\"},{\"@type\":\"ListItem\",\"position\":2,\"name\":\"Hygi\u00e8ne\",\"item\":\"https:\/\/europeantissue.com\/fr\/hygiene\/\"},{\"@type\":\"ListItem\",\"position\":3,\"name\":\"\u00c9tudes\"}]},{\"@type\":\"WebSite\",\"@id\":\"https:\/\/europeantissue.com\/de\/#website\",\"url\":\"https:\/\/europeantissue.com\/de\/\",\"name\":\"European Tissue Symposium\",\"description\":\"\",\"potentialAction\":[{\"@type\":\"SearchAction\",\"target\":{\"@type\":\"EntryPoint\",\"urlTemplate\":\"https:\/\/europeantissue.com\/de\/?s={search_term_string}\"},\"query-input\":{\"@type\":\"PropertyValueSpecification\",\"valueRequired\":true,\"valueName\":\"search_term_string\"}}],\"inLanguage\":\"fr-FR\"}]}<\/script>\n<!-- \/ Yoast SEO plugin. -->","yoast_head_json":{"title":"\u00c9tudes - European Tissue Symposium","description":"ETS a\u00a0pris l'initiative d'effectuer des \u00e9tudes et des enqu\u00eates sur les diff\u00e9rents aspects des produits d\u2019hygi\u00e8ne en ouate de cellulose,","robots":{"index":"index","follow":"follow","max-snippet":"max-snippet:-1","max-image-preview":"max-image-preview:large","max-video-preview":"max-video-preview:-1"},"canonical":"https:\/\/europeantissue.com\/fr\/hygiene\/studies\/","og_locale":"fr_FR","og_type":"article","og_title":"\u00c9tudes - European Tissue Symposium","og_description":"ETS a\u00a0pris l'initiative d'effectuer des \u00e9tudes et des enqu\u00eates sur les diff\u00e9rents aspects des produits d\u2019hygi\u00e8ne en ouate de cellulose,","og_url":"https:\/\/europeantissue.com\/fr\/hygiene\/studies\/","og_site_name":"European Tissue Symposium","article_modified_time":"2018-07-20T10:26:05+00:00","og_image":[{"url":"http:\/\/europeantissue.com\/wp-content\/uploads\/image\/handwashingforlife.jpg","type":"","width":"","height":""}],"twitter_card":"summary_large_image","twitter_misc":{"Dur\u00e9e de lecture estim\u00e9e":"3 minutes"},"schema":{"@context":"https:\/\/schema.org","@graph":[{"@type":"WebPage","@id":"https:\/\/europeantissue.com\/fr\/hygiene\/studies\/","url":"https:\/\/europeantissue.com\/fr\/hygiene\/studies\/","name":"\u00c9tudes - European Tissue Symposium","isPartOf":{"@id":"https:\/\/europeantissue.com\/de\/#website"},"primaryImageOfPage":{"@id":"https:\/\/europeantissue.com\/fr\/hygiene\/studies\/#primaryimage"},"image":{"@id":"https:\/\/europeantissue.com\/fr\/hygiene\/studies\/#primaryimage"},"thumbnailUrl":"http:\/\/europeantissue.com\/wp-content\/uploads\/image\/handwashingforlife.jpg","datePublished":"2015-09-20T07:10:15+00:00","dateModified":"2018-07-20T10:26:05+00:00","description":"ETS a\u00a0pris l'initiative d'effectuer des \u00e9tudes et des enqu\u00eates sur les diff\u00e9rents aspects des produits d\u2019hygi\u00e8ne en ouate de cellulose,","breadcrumb":{"@id":"https:\/\/europeantissue.com\/fr\/hygiene\/studies\/#breadcrumb"},"inLanguage":"fr-FR","potentialAction":[{"@type":"ReadAction","target":["https:\/\/europeantissue.com\/fr\/hygiene\/studies\/"]}]},{"@type":"ImageObject","inLanguage":"fr-FR","@id":"https:\/\/europeantissue.com\/fr\/hygiene\/studies\/#primaryimage","url":"http:\/\/europeantissue.com\/wp-content\/uploads\/image\/handwashingforlife.jpg","contentUrl":"http:\/\/europeantissue.com\/wp-content\/uploads\/image\/handwashingforlife.jpg"},{"@type":"BreadcrumbList","@id":"https:\/\/europeantissue.com\/fr\/hygiene\/studies\/#breadcrumb","itemListElement":[{"@type":"ListItem","position":1,"name":"Home","item":"https:\/\/europeantissue.com\/fr\/"},{"@type":"ListItem","position":2,"name":"Hygi\u00e8ne","item":"https:\/\/europeantissue.com\/fr\/hygiene\/"},{"@type":"ListItem","position":3,"name":"\u00c9tudes"}]},{"@type":"WebSite","@id":"https:\/\/europeantissue.com\/de\/#website","url":"https:\/\/europeantissue.com\/de\/","name":"European Tissue Symposium","description":"","potentialAction":[{"@type":"SearchAction","target":{"@type":"EntryPoint","urlTemplate":"https:\/\/europeantissue.com\/de\/?s={search_term_string}"},"query-input":{"@type":"PropertyValueSpecification","valueRequired":true,"valueName":"search_term_string"}}],"inLanguage":"fr-FR"}]}},"_links":{"self":[{"href":"https:\/\/europeantissue.com\/fr\/wp-json\/wp\/v2\/pages\/7693","targetHints":{"allow":["GET"]}}],"collection":[{"href":"https:\/\/europeantissue.com\/fr\/wp-json\/wp\/v2\/pages"}],"about":[{"href":"https:\/\/europeantissue.com\/fr\/wp-json\/wp\/v2\/types\/page"}],"author":[{"embeddable":true,"href":"https:\/\/europeantissue.com\/fr\/wp-json\/wp\/v2\/users\/2"}],"replies":[{"embeddable":true,"href":"https:\/\/europeantissue.com\/fr\/wp-json\/wp\/v2\/comments?post=7693"}],"version-history":[{"count":0,"href":"https:\/\/europeantissue.com\/fr\/wp-json\/wp\/v2\/pages\/7693\/revisions"}],"up":[{"embeddable":true,"href":"https:\/\/europeantissue.com\/fr\/wp-json\/wp\/v2\/pages\/7661"}],"wp:attachment":[{"href":"https:\/\/europeantissue.com\/fr\/wp-json\/wp\/v2\/media?parent=7693"}],"curies":[{"name":"wp","href":"https:\/\/api.w.org\/{rel}","templated":true}]}}