 {"id":7681,"date":"2015-09-20T06:46:04","date_gmt":"2015-09-20T06:46:04","guid":{"rendered":"http:\/\/europeantissue.com\/?page_id=7681"},"modified":"2022-12-05T17:43:03","modified_gmt":"2022-12-05T17:43:03","slug":"consensus-statement-on-hygienic-hand-drying-2","status":"publish","type":"page","link":"https:\/\/europeantissue.com\/fr\/hygiene\/consensus-statement-on-hygienic-hand-drying-2\/","title":{"rendered":"D\u00e9claration consensuelle d&rsquo;un panel d&rsquo;experts sur le s\u00e9chage hygi\u00e9nique des mains"},"content":{"rendered":"<p>ETS, le groupement Europ\u00e9en des fabricants de produits d\u2019hygi\u00e8ne \u00e0 base de fibres de cellulose a parrain\u00e9 des panels scientifiques sur le s\u00e9chage hygi\u00e9nique des mains avec la participation d&rsquo;\u00e9minents microbiologistes et hygi\u00e9nistes hospitaliers provenant de l&rsquo;Europe enti\u00e8re \u00e0 l&rsquo;Universit\u00e9 de Louvain les 20 mars 2013, 11 juin 2014, 14 avril 2015, 10 mars 2016, 30 ao\u00fbt 2017, 18 novembre 2018, le 29 janvier 2020 <span style=\"color: #0000ff;\"><strong>et le 11 octobre 2022.&nbsp;<\/strong><\/span><br \/>\nIl a \u00e9t\u00e9 demand\u00e9 aux experts d&rsquo;examiner les donn\u00e9es scientifiques relatives aux dispositifs de s\u00e9chage des mains, tels que les essuie-mains &nbsp;en papier, les serviettes en textile, et les s\u00e8che-mains \u00e9lectriques, afin d&rsquo;aboutir \u00e0 des recommandations pour une future politique publique de recherche scientifique.<\/p>\n<p>En se basant sur une<a href=\"https:\/\/europeantissue.com\/hygiene\/consensus-statement-on-hygienic-hand-drying\/scientific-literature-on-hygienic-hand-drying\/\"> vaste litt\u00e9rature scientifique<\/a> concernant le s\u00e9chage hygi\u00e9nique des mains, le panel constitu\u00e9 de six scientifiques europ\u00e9ens est parvenu \u00e0 un consensus sur le document suivant&nbsp;<a href=\"https:\/\/europeantissue.com\/fr\/hygiene\/consensus-statement-on-hygienic-hand-drying-2\/declaration-de-consensus-dun-groupe-dexperts-2\/\"><strong><u>D\u00e9claration consensuelle<\/u><\/strong>:<\/a><\/p>\n<p><strong>Auteurs:<br \/>\nProfesseur Marc Van Ranst, 2013 &#8211; aujourd&rsquo;hui <a href=\"https:\/\/europeantissue.com\/fr\/hygiene\/consensus-statement-on-hygienic-hand-drying\/declaration-de-consensus-dun-groupe-dexperts\/\"><img decoding=\"async\" class=\"size-medium wp-image-8458 alignright\" src=\"http:\/\/europeantissue.com\/wp-content\/uploads\/2015\/09\/Consensus-Statement-Image-FR-300x252.jpg\" alt=\"Consensus Statement Image FR\" width=\"300\" height=\"252\" srcset=\"https:\/\/europeantissue.com\/wp-content\/uploads\/2015\/09\/Consensus-Statement-Image-FR-300x252.jpg 300w, https:\/\/europeantissue.com\/wp-content\/uploads\/2015\/09\/Consensus-Statement-Image-FR.jpg 365w\" sizes=\"(max-width: 300px) 100vw, 300px\" \/><\/a><br \/>\nProfesseur Mark Wilcox, 2013 &#8211; aujourd&rsquo;hui<br \/>\nProfesseur Fr\u00e9d\u00e9ric Barbut, 2015 &#8211; aujourd&rsquo;hui<br \/>\nProfesseur Angel Asensio, 2015 &#8211; aujourd&rsquo;hui<br \/>\nProfesseur Silvio Brusaferro, 2013 &#8211; fin 2018<br \/>\nMembre \u00e9m\u00e9rite Keith Redway, 2013 &#8211; aujourd&rsquo;hui&nbsp;<br \/>\nProfesseur Bertil Kaijser, 2013 &#8211; 2015<br \/>\nDr Ralf Kammerer, 2013 &#8211; 2015<br \/>\n<\/strong><strong>Prof. Dr. med. Prof. h. c. (MNG) &nbsp;Walter Popp, 2020 \u2013 aujourd&rsquo;hui<\/strong><\/p>\n<p>&nbsp;<\/p>\n","protected":false},"excerpt":{"rendered":"<p>ETS, le groupement Europ\u00e9en des fabricants de produits d\u2019hygi\u00e8ne \u00e0 base de fibres de cellulose a parrain\u00e9 des panels scientifiques sur le s\u00e9chage hygi\u00e9nique des mains avec la participation d&rsquo;\u00e9minents microbiologistes et hygi\u00e9nistes hospitaliers provenant de l&rsquo;Europe enti\u00e8re \u00e0 l&rsquo;Universit\u00e9 de Louvain les 20 mars 2013, 11 juin 2014, 14 avril 2015, 10 mars 2016,  [&#8230;]<\/p>\n","protected":false},"author":2,"featured_media":0,"parent":7661,"menu_order":1,"comment_status":"open","ping_status":"closed","template":"","meta":{"_monsterinsights_skip_tracking":false,"_monsterinsights_sitenote_active":false,"_monsterinsights_sitenote_note":"","_monsterinsights_sitenote_category":0,"ngg_post_thumbnail":0,"footnotes":""},"class_list":["post-7681","page","type-page","status-publish","hentry"],"yoast_head":"<!-- This site is optimized with the Yoast SEO plugin v26.3 - https:\/\/yoast.com\/wordpress\/plugins\/seo\/ -->\n<title>D\u00e9claration consensuelle d&#039;un panel d&#039;experts<\/title>\n<meta name=\"description\" content=\"D\u00e9claration consensuelle d&#039;un panel d&#039;experts sur le s\u00e9chage hygi\u00e9nique des mains. Eminents microbiologistes\u00a0ont examin\u00e9 les donn\u00e9es scientifiques relatives aux \u00a0s\u00e9chage des mains\" \/>\n<meta name=\"robots\" content=\"index, follow, max-snippet:-1, max-image-preview:large, max-video-preview:-1\" \/>\n<link rel=\"canonical\" href=\"https:\/\/europeantissue.com\/fr\/hygiene\/consensus-statement-on-hygienic-hand-drying-2\/\" \/>\n<meta property=\"og:locale\" content=\"fr_FR\" \/>\n<meta property=\"og:type\" content=\"article\" \/>\n<meta property=\"og:title\" content=\"D\u00e9claration consensuelle d&#039;un panel d&#039;experts\" \/>\n<meta property=\"og:description\" content=\"D\u00e9claration consensuelle d&#039;un panel d&#039;experts sur le s\u00e9chage hygi\u00e9nique des mains. Eminents microbiologistes\u00a0ont examin\u00e9 les donn\u00e9es scientifiques relatives aux \u00a0s\u00e9chage des mains\" \/>\n<meta property=\"og:url\" content=\"https:\/\/europeantissue.com\/fr\/hygiene\/consensus-statement-on-hygienic-hand-drying-2\/\" \/>\n<meta property=\"og:site_name\" content=\"European Tissue Symposium\" \/>\n<meta property=\"article:modified_time\" content=\"2022-12-05T17:43:03+00:00\" \/>\n<meta property=\"og:image\" content=\"http:\/\/europeantissue.com\/wp-content\/uploads\/2015\/09\/Consensus-Statement-Image-FR-300x252.jpg\" \/>\n<meta name=\"twitter:card\" content=\"summary_large_image\" \/>\n<meta name=\"twitter:label1\" content=\"Dur\u00e9e de lecture estim\u00e9e\" \/>\n\t<meta name=\"twitter:data1\" content=\"2 minutes\" \/>\n<script type=\"application\/ld+json\" class=\"yoast-schema-graph\">{\"@context\":\"https:\/\/schema.org\",\"@graph\":[{\"@type\":\"WebPage\",\"@id\":\"https:\/\/europeantissue.com\/fr\/hygiene\/consensus-statement-on-hygienic-hand-drying-2\/\",\"url\":\"https:\/\/europeantissue.com\/fr\/hygiene\/consensus-statement-on-hygienic-hand-drying-2\/\",\"name\":\"D\u00e9claration consensuelle d'un panel d'experts\",\"isPartOf\":{\"@id\":\"https:\/\/europeantissue.com\/de\/#website\"},\"primaryImageOfPage\":{\"@id\":\"https:\/\/europeantissue.com\/fr\/hygiene\/consensus-statement-on-hygienic-hand-drying-2\/#primaryimage\"},\"image\":{\"@id\":\"https:\/\/europeantissue.com\/fr\/hygiene\/consensus-statement-on-hygienic-hand-drying-2\/#primaryimage\"},\"thumbnailUrl\":\"http:\/\/europeantissue.com\/wp-content\/uploads\/2015\/09\/Consensus-Statement-Image-FR-300x252.jpg\",\"datePublished\":\"2015-09-20T06:46:04+00:00\",\"dateModified\":\"2022-12-05T17:43:03+00:00\",\"description\":\"D\u00e9claration consensuelle d'un panel d'experts sur le s\u00e9chage hygi\u00e9nique des mains. Eminents microbiologistes\u00a0ont examin\u00e9 les donn\u00e9es scientifiques relatives aux \u00a0s\u00e9chage des mains\",\"breadcrumb\":{\"@id\":\"https:\/\/europeantissue.com\/fr\/hygiene\/consensus-statement-on-hygienic-hand-drying-2\/#breadcrumb\"},\"inLanguage\":\"fr-FR\",\"potentialAction\":[{\"@type\":\"ReadAction\",\"target\":[\"https:\/\/europeantissue.com\/fr\/hygiene\/consensus-statement-on-hygienic-hand-drying-2\/\"]}]},{\"@type\":\"ImageObject\",\"inLanguage\":\"fr-FR\",\"@id\":\"https:\/\/europeantissue.com\/fr\/hygiene\/consensus-statement-on-hygienic-hand-drying-2\/#primaryimage\",\"url\":\"http:\/\/europeantissue.com\/wp-content\/uploads\/2015\/09\/Consensus-Statement-Image-FR-300x252.jpg\",\"contentUrl\":\"http:\/\/europeantissue.com\/wp-content\/uploads\/2015\/09\/Consensus-Statement-Image-FR-300x252.jpg\"},{\"@type\":\"BreadcrumbList\",\"@id\":\"https:\/\/europeantissue.com\/fr\/hygiene\/consensus-statement-on-hygienic-hand-drying-2\/#breadcrumb\",\"itemListElement\":[{\"@type\":\"ListItem\",\"position\":1,\"name\":\"Home\",\"item\":\"https:\/\/europeantissue.com\/fr\/\"},{\"@type\":\"ListItem\",\"position\":2,\"name\":\"Hygi\u00e8ne\",\"item\":\"https:\/\/europeantissue.com\/fr\/hygiene\/\"},{\"@type\":\"ListItem\",\"position\":3,\"name\":\"D\u00e9claration consensuelle d&rsquo;un panel d&rsquo;experts sur le s\u00e9chage hygi\u00e9nique des mains\"}]},{\"@type\":\"WebSite\",\"@id\":\"https:\/\/europeantissue.com\/de\/#website\",\"url\":\"https:\/\/europeantissue.com\/de\/\",\"name\":\"European Tissue Symposium\",\"description\":\"\",\"potentialAction\":[{\"@type\":\"SearchAction\",\"target\":{\"@type\":\"EntryPoint\",\"urlTemplate\":\"https:\/\/europeantissue.com\/de\/?s={search_term_string}\"},\"query-input\":{\"@type\":\"PropertyValueSpecification\",\"valueRequired\":true,\"valueName\":\"search_term_string\"}}],\"inLanguage\":\"fr-FR\"}]}<\/script>\n<!-- \/ Yoast SEO plugin. -->","yoast_head_json":{"title":"D\u00e9claration consensuelle d'un panel d'experts","description":"D\u00e9claration consensuelle d'un panel d'experts sur le s\u00e9chage hygi\u00e9nique des mains. Eminents microbiologistes\u00a0ont examin\u00e9 les donn\u00e9es scientifiques relatives aux \u00a0s\u00e9chage des mains","robots":{"index":"index","follow":"follow","max-snippet":"max-snippet:-1","max-image-preview":"max-image-preview:large","max-video-preview":"max-video-preview:-1"},"canonical":"https:\/\/europeantissue.com\/fr\/hygiene\/consensus-statement-on-hygienic-hand-drying-2\/","og_locale":"fr_FR","og_type":"article","og_title":"D\u00e9claration consensuelle d'un panel d'experts","og_description":"D\u00e9claration consensuelle d'un panel d'experts sur le s\u00e9chage hygi\u00e9nique des mains. Eminents microbiologistes\u00a0ont examin\u00e9 les donn\u00e9es scientifiques relatives aux \u00a0s\u00e9chage des mains","og_url":"https:\/\/europeantissue.com\/fr\/hygiene\/consensus-statement-on-hygienic-hand-drying-2\/","og_site_name":"European Tissue Symposium","article_modified_time":"2022-12-05T17:43:03+00:00","og_image":[{"url":"http:\/\/europeantissue.com\/wp-content\/uploads\/2015\/09\/Consensus-Statement-Image-FR-300x252.jpg","type":"","width":"","height":""}],"twitter_card":"summary_large_image","twitter_misc":{"Dur\u00e9e de lecture estim\u00e9e":"2 minutes"},"schema":{"@context":"https:\/\/schema.org","@graph":[{"@type":"WebPage","@id":"https:\/\/europeantissue.com\/fr\/hygiene\/consensus-statement-on-hygienic-hand-drying-2\/","url":"https:\/\/europeantissue.com\/fr\/hygiene\/consensus-statement-on-hygienic-hand-drying-2\/","name":"D\u00e9claration consensuelle d'un panel d'experts","isPartOf":{"@id":"https:\/\/europeantissue.com\/de\/#website"},"primaryImageOfPage":{"@id":"https:\/\/europeantissue.com\/fr\/hygiene\/consensus-statement-on-hygienic-hand-drying-2\/#primaryimage"},"image":{"@id":"https:\/\/europeantissue.com\/fr\/hygiene\/consensus-statement-on-hygienic-hand-drying-2\/#primaryimage"},"thumbnailUrl":"http:\/\/europeantissue.com\/wp-content\/uploads\/2015\/09\/Consensus-Statement-Image-FR-300x252.jpg","datePublished":"2015-09-20T06:46:04+00:00","dateModified":"2022-12-05T17:43:03+00:00","description":"D\u00e9claration consensuelle d'un panel d'experts sur le s\u00e9chage hygi\u00e9nique des mains. Eminents microbiologistes\u00a0ont examin\u00e9 les donn\u00e9es scientifiques relatives aux \u00a0s\u00e9chage des mains","breadcrumb":{"@id":"https:\/\/europeantissue.com\/fr\/hygiene\/consensus-statement-on-hygienic-hand-drying-2\/#breadcrumb"},"inLanguage":"fr-FR","potentialAction":[{"@type":"ReadAction","target":["https:\/\/europeantissue.com\/fr\/hygiene\/consensus-statement-on-hygienic-hand-drying-2\/"]}]},{"@type":"ImageObject","inLanguage":"fr-FR","@id":"https:\/\/europeantissue.com\/fr\/hygiene\/consensus-statement-on-hygienic-hand-drying-2\/#primaryimage","url":"http:\/\/europeantissue.com\/wp-content\/uploads\/2015\/09\/Consensus-Statement-Image-FR-300x252.jpg","contentUrl":"http:\/\/europeantissue.com\/wp-content\/uploads\/2015\/09\/Consensus-Statement-Image-FR-300x252.jpg"},{"@type":"BreadcrumbList","@id":"https:\/\/europeantissue.com\/fr\/hygiene\/consensus-statement-on-hygienic-hand-drying-2\/#breadcrumb","itemListElement":[{"@type":"ListItem","position":1,"name":"Home","item":"https:\/\/europeantissue.com\/fr\/"},{"@type":"ListItem","position":2,"name":"Hygi\u00e8ne","item":"https:\/\/europeantissue.com\/fr\/hygiene\/"},{"@type":"ListItem","position":3,"name":"D\u00e9claration consensuelle d&rsquo;un panel d&rsquo;experts sur le s\u00e9chage hygi\u00e9nique des mains"}]},{"@type":"WebSite","@id":"https:\/\/europeantissue.com\/de\/#website","url":"https:\/\/europeantissue.com\/de\/","name":"European Tissue Symposium","description":"","potentialAction":[{"@type":"SearchAction","target":{"@type":"EntryPoint","urlTemplate":"https:\/\/europeantissue.com\/de\/?s={search_term_string}"},"query-input":{"@type":"PropertyValueSpecification","valueRequired":true,"valueName":"search_term_string"}}],"inLanguage":"fr-FR"}]}},"_links":{"self":[{"href":"https:\/\/europeantissue.com\/fr\/wp-json\/wp\/v2\/pages\/7681","targetHints":{"allow":["GET"]}}],"collection":[{"href":"https:\/\/europeantissue.com\/fr\/wp-json\/wp\/v2\/pages"}],"about":[{"href":"https:\/\/europeantissue.com\/fr\/wp-json\/wp\/v2\/types\/page"}],"author":[{"embeddable":true,"href":"https:\/\/europeantissue.com\/fr\/wp-json\/wp\/v2\/users\/2"}],"replies":[{"embeddable":true,"href":"https:\/\/europeantissue.com\/fr\/wp-json\/wp\/v2\/comments?post=7681"}],"version-history":[{"count":0,"href":"https:\/\/europeantissue.com\/fr\/wp-json\/wp\/v2\/pages\/7681\/revisions"}],"up":[{"embeddable":true,"href":"https:\/\/europeantissue.com\/fr\/wp-json\/wp\/v2\/pages\/7661"}],"wp:attachment":[{"href":"https:\/\/europeantissue.com\/fr\/wp-json\/wp\/v2\/media?parent=7681"}],"curies":[{"name":"wp","href":"https:\/\/api.w.org\/{rel}","templated":true}]}}