 {"id":7661,"date":"2015-09-19T16:39:07","date_gmt":"2015-09-19T16:39:07","guid":{"rendered":"http:\/\/europeantissue.com\/?page_id=7661"},"modified":"2015-11-25T08:39:11","modified_gmt":"2015-11-25T08:39:11","slug":"hygiene","status":"publish","type":"page","link":"https:\/\/europeantissue.com\/fr\/hygiene\/","title":{"rendered":"Hygi\u00e8ne"},"content":{"rendered":"<p class=\"p1\">L\u2019innovation permet l\u2019introduction constante et de lancer en permanence des <span style=\"color: #246a8c\"><strong>produits papier \u00e0 usage unique pour l\u2019hygi\u00e8ne, nouveaux ou am\u00e9lior\u00e9s,<\/strong><\/span> qui apportent qualit\u00e9 et confort aux utilisateurs.<\/p>\n<p class=\"p1\">Un meilleur niveau d\u2019hygi\u00e8ne est un besoin croissant, aussi bien \u00e0 la maison qu\u2019en ext\u00e9rieur.<\/p>\n<p class=\"p1\"><span style=\"color: #246a8c\"><strong>Les produits en papier<\/strong><\/span>\u00a0sont utilis\u00e9s depuis des si\u00e8cles pour am\u00e9liorer l\u2019<span style=\"color: #246a8c\"><strong>hygi\u00e8ne<\/strong><\/span>, mais les produits papier \u00e0 usage unique que nous connaissons aujourd\u2019hui se sont diffus\u00e9s dans le monde depuis le milieu des ann\u00e9es 1940.<\/p>\n<p class=\"p1\">Les produits pour l\u2019hygi\u00e8ne, r\u00e9alis\u00e9s avec du papier sont fabriqu\u00e9s comme les <span style=\"color: #246a8c\"><strong>mouchoirs en papier conditionn\u00e9s en bo\u00eete, les mouchoirs en petits paquets, les serviettes, le papier hygi\u00e9nique, les rouleaux de papier absorbant pour la maison et les essuie-mains en papier pour les sanitaires\/toilettes situ\u00e9es \u00e0 l\u2019ext\u00e9rieur de la maison, les lingettes industrielles,<\/strong><\/span>\u00a0etc.<\/p>\n<p class=\"p1\">Dans cette rubrique consacr\u00e9e \u00e0 l\u2019<span style=\"color: #246a8c\"><strong>hygi\u00e8ne<\/strong><\/span>, plusieurs th\u00e8mes seront abord\u00e9s,\u00a0y compris les <span style=\"color: #246a8c\"><strong>\u00e9tudes d&rsquo;hygi\u00e8ne<\/strong><\/span>, les r<span style=\"color: #246a8c\"><strong>ecommandations officielles au sujet du lavage des mains et le s\u00e9chage<\/strong><\/span>, et parmi eux\u00a0<em> (cliquez pour voir la page relative)<\/em><\/p>\n<ul>\n<li><a href=\"https:\/\/europeantissue.com\/fr\/hygiene\/studies\/comparison-of-different-hand-drying-methods-the-potential-for-airborne-microbe-dispersal-and-contamination\/?lang=fr\">Comparaison entre diff\u00e9rentes m\u00e9thodes de s\u00e9chage des mains par rapport au potentiel de dispersion a\u00e9rienne et de contamination microbienne (\u00e9tude men\u00e9e par l&rsquo;University of Westminster par des pairs 2015)\n<p><\/a><\/li>\n<li><span style=\"color: #ff0000\"><a href=\"https:\/\/europeantissue.com\/fr\/hygiene\/studies\/potential-for-contamination-of-the-environment-study-2014\/?lang=fr\">\u00c9tude sur le potentiel de contamination de l\u2019environnement (\u00e9tude 2014 men\u00e9e par l&rsquo;Universit\u00e9 de Leeds 2014)<br \/><strong><br \/><\/strong><\/a><\/span><\/li>\n<li><a href=\"https:\/\/europeantissue.com\/fr\/hygiene\/studies\/published-on-mayo-clinic-proceedings-the-hygienic-efficacy-of-different-hand-drying-methods\/?lang=fr\">Paru dans les Mayo Clinic Proceedings : l&rsquo;efficacit\u00e9 hygi\u00e9nique des diff\u00e9rentes m\u00e9thodes de s\u00e9chage des mains<\/a>\u00a0<a href=\"https:\/\/europeantissue.com\/fr\/hygiene\/studies\/published-on-mayo-clinic-proceedings-the-hygienic-efficacy-of-different-hand-drying-methods\/?lang=fr\">(2012)<\/a><strong><a href=\"https:\/\/europeantissue.com\/fr\/hygiene\/studies\/published-on-mayo-clinic-proceedings-the-hygienic-efficacy-of-different-hand-drying-methods\/?lang=fr\">\n<p><\/a><\/strong><\/li>\n<li><a href=\"https:\/\/europeantissue.com\/hygiene\/studies\/alcohol-based-disinfectant-vs-hand-washing-which-fights-noroviruses-better\/\">D\u00e9sinfectant \u00e0 base d&rsquo;alcool vs lavage des mains quelle m\u00e9thode lutte le mieux contre le norovirus (article examin\u00e9 par les pairs 2015)\n<p><\/a><\/li>\n<li><a href=\"https:\/\/europeantissue.com\/hygiene\/studies\/eurofins-inlab-study\/\">\u00c9tude Eurofins-Inlab : La contamination microbienne des surfaces associ\u00e9es \u00e0 diff\u00e9rents s\u00e8che-mains (2012)<\/a><\/li>\n<li>\n<p class=\"p1\"><a href=\"https:\/\/europeantissue.com\/fr\/comment-se-laver-et-se-secher-les-mains-recommandations-cdc\/?lang=fr\">Comment se<span class=\"Apple-converted-space\">\u00a0<\/span>laver et se s\u00e9cher les mains:\u00a0vid\u00e9o et indications du Centre de<span class=\"Apple-converted-space\">\u00a0<\/span>Contr\u00f4le de la Maladie am\u00e9ricain (Center for Disease\u00a0Control \u2013 CDC &#8211; USA)<\/a><\/p>\n<\/li>\n<li>\n<p class=\"p1\"><a href=\"https:\/\/europeantissue.com\/fr\/hygiene\/secher-les-mains-recommandations-de-oms-who\/?lang=fr\">Comment se<span class=\"Apple-converted-space\">\u00a0<\/span>laver et se s\u00e9cher les mains:\u00a0indications de l&rsquo;Organisation<span class=\"Apple-converted-space\">\u00a0<\/span>mondiale de la Sant\u00e9 (OMS &#8211; WHO)<\/a><\/p>\n<\/li>\n<li>\n<p class=\"p1\"><a href=\"https:\/\/europeantissue.com\/fr\/comment-laver-et-secher-ses-mains-indications-hpa-et-nhs-du-royaume-uni\/?lang=fr\">Comment se<span class=\"Apple-converted-space\">\u00a0<\/span>laver et se s\u00e9cher les mains:\u00a0indications de l&rsquo;Agence de\u00a0Protection de la Sant\u00e9 anglaise (<em>Health<span class=\"Apple-converted-space\">\u00a0<\/span>Protection Agency \u2013 HPA<\/em>) et du Service sanitaire national anglais<span class=\"Apple-converted-space\">\u00a0<\/span>(<em>National Health Service- NHS<\/em>)<\/a><\/p>\n<\/li>\n<li>\n<p class=\"p1\"><a href=\"https:\/\/europeantissue.com\/fr\/sechage-des-mains-dans-les-zones-de-preparation-des-aliments\/?lang=fr\">Comment se\u00a0laver et se s\u00e9cher les mains dans les zones\u00a0de pr\u00e9paration des aliments <\/a><\/p>\n<\/li>\n<li>\n<p class=\"p1\"><a href=\"http:\/\/europeantissue.com\/hygiene\/hygiene-in-the-world\/\">Hygi\u00e8ne dans le monde<\/a> <span style=\"color: #0000ff\"><em>(page en langue anglaise r\u00e9capitulant les activit\u00e9s des autorit\u00e9s<span class=\"Apple-converted-space\">\u00a0<\/span>nationales et internationales en faveur de l\u2019hygi\u00e8ne)<\/em><\/span><\/p>\n<\/li>\n<li>\n<p class=\"p1\"><a href=\"http:\/\/europeantissue.com\/hygiene\/ets-at-issa-interclean-amsterdam-april-2010\/\">La participation de l&rsquo;ETS au salon ISSA Interclean \u2013 Amsterdam avril\u00a02010<\/a> <em><a href=\"http:\/\/europeantissue.com\/hygiene\/official-recommendations-on-hand-washing-and-drying-3-uk\/\">(en anglais)<\/a><\/em><\/p>\n<\/li>\n<li>\n<div id=\"post-3616\"><a href=\"http:\/\/europeantissue.com\/hygiene\/official-recommendations-on-hand-drying\/\">Les recommandations officielles sur le lavage et s\u00e9chage des mains \u2013 1 (WHO \u2013 EU \u2013 Belgium)<\/p>\n<p><\/a><\/div>\n<\/li>\n<li><a href=\"http:\/\/europeantissue.com\/hygiene\/official-recommendations-on-hand-washing-and-drying-2\/\">Les recommandations officielles sur le lavage et s\u00e9chage des mains: Essuie-mains\u00a0en papier, serviettes textile, s\u00e8che-mains \u00e9lectriques (part 2 \u2013 France)\n<p><\/a><\/li>\n<li><a href=\"http:\/\/europeantissue.com\/hygiene\/official-recommendations-on-hand-washing-and-drying-3-uk\/\">Les recommandations officielles sur le lavage et s\u00e9chage des mains: Essuie-mains\u00a0en papier, serviettes textile, s\u00e8che-mains \u00e9lectriques <\/a> (<a href=\"http:\/\/europeantissue.com\/hygiene\/official-recommendations-on-hand-washing-and-drying-3-uk\/\">part 3 \u2013 UK)\n<p><\/a><\/li>\n<li><a href=\"http:\/\/europeantissue.com\/hygiene\/official-recommendations-on-hand-washing-and-drying-4-australia-canada-usa\/\">Les recommandations officielles sur le lavage et s\u00e9chage des mains: Essuie-mains en papier, serviettes en textile, s\u00e8che-mains \u00e9lectriques <\/a><a href=\"http:\/\/europeantissue.com\/hygiene\/official-recommendations-on-hand-washing-and-drying-4-australia-canada-usa\/\"> (part 4 \u2013 Australia \u2013 Canada \u2013 USA)<br \/><\/a><span style=\"text-decoration: underline\"><br \/> <\/span><\/li>\n<li><a href=\"http:\/\/europeantissue.com\/hygiene\/the-infection-risk-associated-with-clothing-and-household-linens\/\">Le risque d&rsquo;infection associ\u00e9 avec les serviettes de textile de maison<\/a><\/li>\n<\/ul>\n","protected":false},"excerpt":{"rendered":"<p>L\u2019innovation permet l\u2019introduction constante et de lancer en permanence des produits papier \u00e0 usage unique pour l\u2019hygi\u00e8ne, nouveaux ou am\u00e9lior\u00e9s, qui apportent qualit\u00e9 et confort aux utilisateurs. Un meilleur niveau d\u2019hygi\u00e8ne est un besoin croissant, aussi bien \u00e0 la maison qu\u2019en ext\u00e9rieur. Les produits en papier\u00a0sont utilis\u00e9s depuis des si\u00e8cles pour am\u00e9liorer l\u2019hygi\u00e8ne, mais les  [&#8230;]<\/p>\n","protected":false},"author":2,"featured_media":0,"parent":0,"menu_order":3,"comment_status":"open","ping_status":"closed","template":"","meta":{"_monsterinsights_skip_tracking":false,"_monsterinsights_sitenote_active":false,"_monsterinsights_sitenote_note":"","_monsterinsights_sitenote_category":0,"ngg_post_thumbnail":0,"footnotes":""},"class_list":["post-7661","page","type-page","status-publish","hentry"],"yoast_head":"<!-- This site is optimized with the Yoast SEO plugin v26.3 - https:\/\/yoast.com\/wordpress\/plugins\/seo\/ -->\n<title>Hygi\u00e8ne - European Tissue Symposium<\/title>\n<meta name=\"description\" content=\"Les produits en papier\u00a0sont utilis\u00e9s depuis des si\u00e8cles pour am\u00e9liorer l\u2019hygi\u00e8ne\" \/>\n<meta name=\"robots\" content=\"index, follow, max-snippet:-1, max-image-preview:large, max-video-preview:-1\" \/>\n<link rel=\"canonical\" href=\"https:\/\/europeantissue.com\/fr\/hygiene\/\" \/>\n<meta property=\"og:locale\" content=\"fr_FR\" \/>\n<meta property=\"og:type\" content=\"article\" \/>\n<meta property=\"og:title\" content=\"Hygi\u00e8ne - European Tissue Symposium\" \/>\n<meta property=\"og:description\" content=\"Les produits en papier\u00a0sont utilis\u00e9s depuis des si\u00e8cles pour am\u00e9liorer l\u2019hygi\u00e8ne\" \/>\n<meta property=\"og:url\" content=\"https:\/\/europeantissue.com\/fr\/hygiene\/\" \/>\n<meta property=\"og:site_name\" content=\"European Tissue Symposium\" \/>\n<meta property=\"article:modified_time\" content=\"2015-11-25T08:39:11+00:00\" \/>\n<meta name=\"twitter:card\" content=\"summary_large_image\" \/>\n<meta name=\"twitter:label1\" content=\"Dur\u00e9e de lecture estim\u00e9e\" \/>\n\t<meta name=\"twitter:data1\" content=\"3 minutes\" \/>\n<script type=\"application\/ld+json\" class=\"yoast-schema-graph\">{\"@context\":\"https:\/\/schema.org\",\"@graph\":[{\"@type\":\"WebPage\",\"@id\":\"https:\/\/europeantissue.com\/fr\/hygiene\/\",\"url\":\"https:\/\/europeantissue.com\/fr\/hygiene\/\",\"name\":\"Hygi\u00e8ne - European Tissue Symposium\",\"isPartOf\":{\"@id\":\"https:\/\/europeantissue.com\/de\/#website\"},\"datePublished\":\"2015-09-19T16:39:07+00:00\",\"dateModified\":\"2015-11-25T08:39:11+00:00\",\"description\":\"Les produits en papier\u00a0sont utilis\u00e9s depuis des si\u00e8cles pour am\u00e9liorer l\u2019hygi\u00e8ne\",\"breadcrumb\":{\"@id\":\"https:\/\/europeantissue.com\/fr\/hygiene\/#breadcrumb\"},\"inLanguage\":\"fr-FR\",\"potentialAction\":[{\"@type\":\"ReadAction\",\"target\":[\"https:\/\/europeantissue.com\/fr\/hygiene\/\"]}]},{\"@type\":\"BreadcrumbList\",\"@id\":\"https:\/\/europeantissue.com\/fr\/hygiene\/#breadcrumb\",\"itemListElement\":[{\"@type\":\"ListItem\",\"position\":1,\"name\":\"Home\",\"item\":\"https:\/\/europeantissue.com\/fr\/\"},{\"@type\":\"ListItem\",\"position\":2,\"name\":\"Hygi\u00e8ne\"}]},{\"@type\":\"WebSite\",\"@id\":\"https:\/\/europeantissue.com\/de\/#website\",\"url\":\"https:\/\/europeantissue.com\/de\/\",\"name\":\"European Tissue Symposium\",\"description\":\"\",\"potentialAction\":[{\"@type\":\"SearchAction\",\"target\":{\"@type\":\"EntryPoint\",\"urlTemplate\":\"https:\/\/europeantissue.com\/de\/?s={search_term_string}\"},\"query-input\":{\"@type\":\"PropertyValueSpecification\",\"valueRequired\":true,\"valueName\":\"search_term_string\"}}],\"inLanguage\":\"fr-FR\"}]}<\/script>\n<!-- \/ Yoast SEO plugin. -->","yoast_head_json":{"title":"Hygi\u00e8ne - European Tissue Symposium","description":"Les produits en papier\u00a0sont utilis\u00e9s depuis des si\u00e8cles pour am\u00e9liorer l\u2019hygi\u00e8ne","robots":{"index":"index","follow":"follow","max-snippet":"max-snippet:-1","max-image-preview":"max-image-preview:large","max-video-preview":"max-video-preview:-1"},"canonical":"https:\/\/europeantissue.com\/fr\/hygiene\/","og_locale":"fr_FR","og_type":"article","og_title":"Hygi\u00e8ne - European Tissue Symposium","og_description":"Les produits en papier\u00a0sont utilis\u00e9s depuis des si\u00e8cles pour am\u00e9liorer l\u2019hygi\u00e8ne","og_url":"https:\/\/europeantissue.com\/fr\/hygiene\/","og_site_name":"European Tissue Symposium","article_modified_time":"2015-11-25T08:39:11+00:00","twitter_card":"summary_large_image","twitter_misc":{"Dur\u00e9e de lecture estim\u00e9e":"3 minutes"},"schema":{"@context":"https:\/\/schema.org","@graph":[{"@type":"WebPage","@id":"https:\/\/europeantissue.com\/fr\/hygiene\/","url":"https:\/\/europeantissue.com\/fr\/hygiene\/","name":"Hygi\u00e8ne - European Tissue Symposium","isPartOf":{"@id":"https:\/\/europeantissue.com\/de\/#website"},"datePublished":"2015-09-19T16:39:07+00:00","dateModified":"2015-11-25T08:39:11+00:00","description":"Les produits en papier\u00a0sont utilis\u00e9s depuis des si\u00e8cles pour am\u00e9liorer l\u2019hygi\u00e8ne","breadcrumb":{"@id":"https:\/\/europeantissue.com\/fr\/hygiene\/#breadcrumb"},"inLanguage":"fr-FR","potentialAction":[{"@type":"ReadAction","target":["https:\/\/europeantissue.com\/fr\/hygiene\/"]}]},{"@type":"BreadcrumbList","@id":"https:\/\/europeantissue.com\/fr\/hygiene\/#breadcrumb","itemListElement":[{"@type":"ListItem","position":1,"name":"Home","item":"https:\/\/europeantissue.com\/fr\/"},{"@type":"ListItem","position":2,"name":"Hygi\u00e8ne"}]},{"@type":"WebSite","@id":"https:\/\/europeantissue.com\/de\/#website","url":"https:\/\/europeantissue.com\/de\/","name":"European Tissue Symposium","description":"","potentialAction":[{"@type":"SearchAction","target":{"@type":"EntryPoint","urlTemplate":"https:\/\/europeantissue.com\/de\/?s={search_term_string}"},"query-input":{"@type":"PropertyValueSpecification","valueRequired":true,"valueName":"search_term_string"}}],"inLanguage":"fr-FR"}]}},"_links":{"self":[{"href":"https:\/\/europeantissue.com\/fr\/wp-json\/wp\/v2\/pages\/7661","targetHints":{"allow":["GET"]}}],"collection":[{"href":"https:\/\/europeantissue.com\/fr\/wp-json\/wp\/v2\/pages"}],"about":[{"href":"https:\/\/europeantissue.com\/fr\/wp-json\/wp\/v2\/types\/page"}],"author":[{"embeddable":true,"href":"https:\/\/europeantissue.com\/fr\/wp-json\/wp\/v2\/users\/2"}],"replies":[{"embeddable":true,"href":"https:\/\/europeantissue.com\/fr\/wp-json\/wp\/v2\/comments?post=7661"}],"version-history":[{"count":0,"href":"https:\/\/europeantissue.com\/fr\/wp-json\/wp\/v2\/pages\/7661\/revisions"}],"wp:attachment":[{"href":"https:\/\/europeantissue.com\/fr\/wp-json\/wp\/v2\/media?parent=7661"}],"curies":[{"name":"wp","href":"https:\/\/api.w.org\/{rel}","templated":true}]}}