 {"id":7655,"date":"2015-09-19T09:34:49","date_gmt":"2015-09-19T09:34:49","guid":{"rendered":"http:\/\/europeantissue.com\/?page_id=7655"},"modified":"2018-01-05T09:24:57","modified_gmt":"2018-01-05T09:24:57","slug":"faits-et-donnees-des-marches-du-papier-a-usage-unique","status":"publish","type":"page","link":"https:\/\/europeantissue.com\/fr\/faits-et-donnees-des-marches-du-papier-a-usage-unique\/","title":{"rendered":"Faits et donn\u00e9es des march\u00e9s du papier \u00e0 usage unique"},"content":{"rendered":"<p class=\"p1\">Faits et donn\u00e9es: le march\u00e9 des produits en papier \u00e0 usage unique europ\u00e9en g\u00e9n\u00e8re un chiffre d\u2019affaires annuel d\u2019environ <strong>10&nbsp;milliards d\u2019euros<\/strong>. Il conna\u00eet une croissance moyenne ces derni\u00e8res ann\u00e9es de l\u2019ordre de 2 %.<\/p>\n<p class=\"p1\">Le march\u00e9 europ\u00e9en repr\u00e9sente environ <strong>23&nbsp;%<\/strong> du march\u00e9 mondial.<\/p>\n<p class=\"p1\">Les produits en papier \u00e0 usage unique pour l\u2019hygi\u00e8ne repr\u00e9sentent environ 10&nbsp;% du march\u00e9 mondial du papier et du carton.<\/p>\n<p class=\"p1\">Ce sont<strong> 75&nbsp;%<\/strong>&nbsp;du march\u00e9 \u00e0 valeur qui sont vendus via les points de vente publics tandis que le reste est vendu au march\u00e9 \u00ab&nbsp;hors foyer&nbsp;\u00bb (Away From Home \u2013 AFH), c\u2019est-\u00e0-dire le march\u00e9 qui est \u00e9galement appel\u00e9 le march\u00e9 \u00ab&nbsp;business to business&nbsp;\u00bb. Ce second segment comprend des secteurs comme les services sanitaires, les h\u00f4tels et les restaurants, les usines, les transports, etc.<\/p>\n<p class=\"p1\">L\u2019utilisation de produits en papier \u00e0 usage unique est encore relativement faible en Europe si l\u2019on compare par exemple avec l\u2019Am\u00e9rique du nord o\u00f9, dans certains secteurs, la consommation est \u00e9galement multipli\u00e9e par trois. Dans tous les cas, la consommation augmente, y compris en Europe.<\/p>\n<p class=\"p1\">Vous trouverez ci-dessous les liens vers des donn\u00e9es fondamentales sur la consommation de produits en papier \u00e0 usage unique en Europe (graphiques avec textes en anglais).<\/p>\n<ul>\n<li style=\"padding-left: 30px\">\n<h4><a href=\"https:\/\/europeantissue.com\/about-tissue\/fact-and-figures\/tissue-consumption-per-capita\/\">Consommation<span class=\"Apple-converted-space\">&nbsp;<\/span>de papier \u00e0 usage unique par habitant<\/a><\/h4>\n<\/li>\n<li style=\"padding-left: 30px\">\n<h4><a href=\"https:\/\/europeantissue.com\/about-tissue\/fact-and-figures\/production-and-supply\/\">Parts<span class=\"Apple-converted-space\">&nbsp;<\/span>de march\u00e9 europ\u00e9ennes et mondiales de la capacit\u00e9 de production<\/a><\/h4>\n<\/li>\n<li style=\"padding-left: 30px\">\n<h4><a href=\"https:\/\/europeantissue.com\/about-tissue\/fact-and-figures\/tissue-consumption-per-country\/\">Consommation<span class=\"Apple-converted-space\">&nbsp;<\/span>par habitant en Europe de l&rsquo;Ouest et de l&rsquo;Est<\/a><\/h4>\n<\/li>\n<li style=\"padding-left: 30px\">\n<h4><a href=\"https:\/\/europeantissue.com\/about-tissue\/fact-and-figures\/tissue-market-growth\/\">Croissance<span class=\"Apple-converted-space\">&nbsp;<\/span>du march\u00e9 europ\u00e9en des produits papier \u00e0 usage unique pour l\u2019hygi\u00e8ne<\/a><\/h4>\n<\/li>\n<li style=\"padding-left: 30px\">\n<h4><a href=\"https:\/\/europeantissue.com\/about-tissue\/fact-and-figures\/tissue-market-growth\/\">Croissance<span class=\"Apple-converted-space\">&nbsp;<\/span>du march\u00e9 du papier \u00e0 usage unique mondial<\/a><\/h4>\n<\/li>\n<\/ul>\n<p class=\"p1\">La <strong>CEPI<\/strong>, la Conf\u00e9d\u00e9ration europ\u00e9enne des Industries papeti\u00e8res (Confederation of European Paper Industries), analyse et publie les statistiques de diff\u00e9rents secteurs papetiers, y compris les produits papier \u00e0 usage unique.<\/p>\n<p><a href=\"http:\/\/www.cepi.org\/topics\/statistics\">Lien vers les statistiques de la CEPI<\/a><\/p>\n","protected":false},"excerpt":{"rendered":"<p>Faits et donn\u00e9es: le march\u00e9 des produits en papier \u00e0 usage unique europ\u00e9en g\u00e9n\u00e8re un chiffre d\u2019affaires annuel d\u2019environ 10&nbsp;milliards d\u2019euros. Il conna\u00eet une croissance moyenne ces derni\u00e8res ann\u00e9es de l\u2019ordre de 2 %. Le march\u00e9 europ\u00e9en repr\u00e9sente environ 23&nbsp;% du march\u00e9 mondial. Les produits en papier \u00e0 usage unique pour l\u2019hygi\u00e8ne repr\u00e9sentent environ 10&nbsp;%  [&#8230;]<\/p>\n","protected":false},"author":2,"featured_media":0,"parent":0,"menu_order":0,"comment_status":"open","ping_status":"open","template":"","meta":{"_monsterinsights_skip_tracking":false,"_monsterinsights_sitenote_active":false,"_monsterinsights_sitenote_note":"","_monsterinsights_sitenote_category":0,"ngg_post_thumbnail":0,"footnotes":""},"class_list":["post-7655","page","type-page","status-publish","hentry"],"yoast_head":"<!-- This site is optimized with the Yoast SEO plugin v26.3 - https:\/\/yoast.com\/wordpress\/plugins\/seo\/ -->\n<title>Faits et donn\u00e9es des march\u00e9s du papier \u00e0 usage unique - European Tissue Symposium<\/title>\n<meta name=\"description\" content=\"Faits et donn\u00e9es: le march\u00e9 des produits en papier \u00e0 usage unique europ\u00e9en g\u00e9n\u00e8re un chiffre d\u2019affaires annuel d\u2019environ\u00a010\u00a0milliards d\u2019euros.\" \/>\n<meta name=\"robots\" content=\"index, follow, max-snippet:-1, max-image-preview:large, max-video-preview:-1\" \/>\n<link rel=\"canonical\" href=\"https:\/\/europeantissue.com\/fr\/faits-et-donnees-des-marches-du-papier-a-usage-unique\/\" \/>\n<meta property=\"og:locale\" content=\"fr_FR\" \/>\n<meta property=\"og:type\" content=\"article\" \/>\n<meta property=\"og:title\" content=\"Faits et donn\u00e9es des march\u00e9s du papier \u00e0 usage unique - European Tissue Symposium\" \/>\n<meta property=\"og:description\" content=\"Faits et donn\u00e9es: le march\u00e9 des produits en papier \u00e0 usage unique europ\u00e9en g\u00e9n\u00e8re un chiffre d\u2019affaires annuel d\u2019environ\u00a010\u00a0milliards d\u2019euros.\" \/>\n<meta property=\"og:url\" content=\"https:\/\/europeantissue.com\/fr\/faits-et-donnees-des-marches-du-papier-a-usage-unique\/\" \/>\n<meta property=\"og:site_name\" content=\"European Tissue Symposium\" \/>\n<meta property=\"article:modified_time\" content=\"2018-01-05T09:24:57+00:00\" \/>\n<meta name=\"twitter:card\" content=\"summary_large_image\" \/>\n<meta name=\"twitter:label1\" content=\"Dur\u00e9e de lecture estim\u00e9e\" \/>\n\t<meta name=\"twitter:data1\" content=\"2 minutes\" \/>\n<script type=\"application\/ld+json\" class=\"yoast-schema-graph\">{\"@context\":\"https:\/\/schema.org\",\"@graph\":[{\"@type\":\"WebPage\",\"@id\":\"https:\/\/europeantissue.com\/fr\/faits-et-donnees-des-marches-du-papier-a-usage-unique\/\",\"url\":\"https:\/\/europeantissue.com\/fr\/faits-et-donnees-des-marches-du-papier-a-usage-unique\/\",\"name\":\"Faits et donn\u00e9es des march\u00e9s du papier \u00e0 usage unique - European Tissue Symposium\",\"isPartOf\":{\"@id\":\"https:\/\/europeantissue.com\/de\/#website\"},\"datePublished\":\"2015-09-19T09:34:49+00:00\",\"dateModified\":\"2018-01-05T09:24:57+00:00\",\"description\":\"Faits et donn\u00e9es: le march\u00e9 des produits en papier \u00e0 usage unique europ\u00e9en g\u00e9n\u00e8re un chiffre d\u2019affaires annuel d\u2019environ\u00a010\u00a0milliards d\u2019euros.\",\"breadcrumb\":{\"@id\":\"https:\/\/europeantissue.com\/fr\/faits-et-donnees-des-marches-du-papier-a-usage-unique\/#breadcrumb\"},\"inLanguage\":\"fr-FR\",\"potentialAction\":[{\"@type\":\"ReadAction\",\"target\":[\"https:\/\/europeantissue.com\/fr\/faits-et-donnees-des-marches-du-papier-a-usage-unique\/\"]}]},{\"@type\":\"BreadcrumbList\",\"@id\":\"https:\/\/europeantissue.com\/fr\/faits-et-donnees-des-marches-du-papier-a-usage-unique\/#breadcrumb\",\"itemListElement\":[{\"@type\":\"ListItem\",\"position\":1,\"name\":\"Home\",\"item\":\"https:\/\/europeantissue.com\/fr\/\"},{\"@type\":\"ListItem\",\"position\":2,\"name\":\"Faits et donn\u00e9es des march\u00e9s du papier \u00e0 usage unique\"}]},{\"@type\":\"WebSite\",\"@id\":\"https:\/\/europeantissue.com\/de\/#website\",\"url\":\"https:\/\/europeantissue.com\/de\/\",\"name\":\"European Tissue Symposium\",\"description\":\"\",\"potentialAction\":[{\"@type\":\"SearchAction\",\"target\":{\"@type\":\"EntryPoint\",\"urlTemplate\":\"https:\/\/europeantissue.com\/de\/?s={search_term_string}\"},\"query-input\":{\"@type\":\"PropertyValueSpecification\",\"valueRequired\":true,\"valueName\":\"search_term_string\"}}],\"inLanguage\":\"fr-FR\"}]}<\/script>\n<!-- \/ Yoast SEO plugin. -->","yoast_head_json":{"title":"Faits et donn\u00e9es des march\u00e9s du papier \u00e0 usage unique - European Tissue Symposium","description":"Faits et donn\u00e9es: le march\u00e9 des produits en papier \u00e0 usage unique europ\u00e9en g\u00e9n\u00e8re un chiffre d\u2019affaires annuel d\u2019environ\u00a010\u00a0milliards d\u2019euros.","robots":{"index":"index","follow":"follow","max-snippet":"max-snippet:-1","max-image-preview":"max-image-preview:large","max-video-preview":"max-video-preview:-1"},"canonical":"https:\/\/europeantissue.com\/fr\/faits-et-donnees-des-marches-du-papier-a-usage-unique\/","og_locale":"fr_FR","og_type":"article","og_title":"Faits et donn\u00e9es des march\u00e9s du papier \u00e0 usage unique - European Tissue Symposium","og_description":"Faits et donn\u00e9es: le march\u00e9 des produits en papier \u00e0 usage unique europ\u00e9en g\u00e9n\u00e8re un chiffre d\u2019affaires annuel d\u2019environ\u00a010\u00a0milliards d\u2019euros.","og_url":"https:\/\/europeantissue.com\/fr\/faits-et-donnees-des-marches-du-papier-a-usage-unique\/","og_site_name":"European Tissue Symposium","article_modified_time":"2018-01-05T09:24:57+00:00","twitter_card":"summary_large_image","twitter_misc":{"Dur\u00e9e de lecture estim\u00e9e":"2 minutes"},"schema":{"@context":"https:\/\/schema.org","@graph":[{"@type":"WebPage","@id":"https:\/\/europeantissue.com\/fr\/faits-et-donnees-des-marches-du-papier-a-usage-unique\/","url":"https:\/\/europeantissue.com\/fr\/faits-et-donnees-des-marches-du-papier-a-usage-unique\/","name":"Faits et donn\u00e9es des march\u00e9s du papier \u00e0 usage unique - European Tissue Symposium","isPartOf":{"@id":"https:\/\/europeantissue.com\/de\/#website"},"datePublished":"2015-09-19T09:34:49+00:00","dateModified":"2018-01-05T09:24:57+00:00","description":"Faits et donn\u00e9es: le march\u00e9 des produits en papier \u00e0 usage unique europ\u00e9en g\u00e9n\u00e8re un chiffre d\u2019affaires annuel d\u2019environ\u00a010\u00a0milliards d\u2019euros.","breadcrumb":{"@id":"https:\/\/europeantissue.com\/fr\/faits-et-donnees-des-marches-du-papier-a-usage-unique\/#breadcrumb"},"inLanguage":"fr-FR","potentialAction":[{"@type":"ReadAction","target":["https:\/\/europeantissue.com\/fr\/faits-et-donnees-des-marches-du-papier-a-usage-unique\/"]}]},{"@type":"BreadcrumbList","@id":"https:\/\/europeantissue.com\/fr\/faits-et-donnees-des-marches-du-papier-a-usage-unique\/#breadcrumb","itemListElement":[{"@type":"ListItem","position":1,"name":"Home","item":"https:\/\/europeantissue.com\/fr\/"},{"@type":"ListItem","position":2,"name":"Faits et donn\u00e9es des march\u00e9s du papier \u00e0 usage unique"}]},{"@type":"WebSite","@id":"https:\/\/europeantissue.com\/de\/#website","url":"https:\/\/europeantissue.com\/de\/","name":"European Tissue Symposium","description":"","potentialAction":[{"@type":"SearchAction","target":{"@type":"EntryPoint","urlTemplate":"https:\/\/europeantissue.com\/de\/?s={search_term_string}"},"query-input":{"@type":"PropertyValueSpecification","valueRequired":true,"valueName":"search_term_string"}}],"inLanguage":"fr-FR"}]}},"_links":{"self":[{"href":"https:\/\/europeantissue.com\/fr\/wp-json\/wp\/v2\/pages\/7655","targetHints":{"allow":["GET"]}}],"collection":[{"href":"https:\/\/europeantissue.com\/fr\/wp-json\/wp\/v2\/pages"}],"about":[{"href":"https:\/\/europeantissue.com\/fr\/wp-json\/wp\/v2\/types\/page"}],"author":[{"embeddable":true,"href":"https:\/\/europeantissue.com\/fr\/wp-json\/wp\/v2\/users\/2"}],"replies":[{"embeddable":true,"href":"https:\/\/europeantissue.com\/fr\/wp-json\/wp\/v2\/comments?post=7655"}],"version-history":[{"count":0,"href":"https:\/\/europeantissue.com\/fr\/wp-json\/wp\/v2\/pages\/7655\/revisions"}],"wp:attachment":[{"href":"https:\/\/europeantissue.com\/fr\/wp-json\/wp\/v2\/media?parent=7655"}],"curies":[{"name":"wp","href":"https:\/\/api.w.org\/{rel}","templated":true}]}}