 {"id":7619,"date":"2015-09-15T10:02:34","date_gmt":"2015-09-15T10:02:34","guid":{"rendered":"http:\/\/europeantissue.com\/?page_id=7619"},"modified":"2018-07-20T10:26:14","modified_gmt":"2018-07-20T10:26:14","slug":"comment-laver-et-secher-ses-mains-indications-hpa-et-nhs-du-royaume-uni","status":"publish","type":"page","link":"https:\/\/europeantissue.com\/fr\/comment-laver-et-secher-ses-mains-indications-hpa-et-nhs-du-royaume-uni\/","title":{"rendered":"Comment laver et s\u00e9cher ses mains \u2013 Indications HPA et NHS du Royaume-Uni"},"content":{"rendered":"<p><div class=\"fusion-fullwidth fullwidth-box fusion-builder-row-1 hundred-percent-fullwidth non-hundred-percent-height-scrolling\" style=\"--awb-border-radius-top-left:0px;--awb-border-radius-top-right:0px;--awb-border-radius-bottom-right:0px;--awb-border-radius-bottom-left:0px;--awb-overflow:visible;--awb-flex-wrap:wrap;\" ><div class=\"fusion-builder-row fusion-row\"><div class=\"fusion-layout-column fusion_builder_column fusion-builder-column-0 fusion_builder_column_1_1 1_1 fusion-one-full fusion-column-first fusion-column-last fusion-column-no-min-height\" style=\"--awb-bg-size:cover;--awb-margin-bottom:0px;\"><div class=\"fusion-column-wrapper fusion-flex-column-wrapper-legacy\"><div class=\"fusion-text fusion-text-1\"><\/div><div class=\"fusion-text fusion-text-2\"><\/div><div class=\"fusion-text fusion-text-3\"><h2 class=\"p1\">Comment laver et s\u00e9cher ses mains &#8211; Agence de Protection de la Sant\u00e9 (Health Protection Agency \u2013 HPA)<\/h2>\n<p>&nbsp;<\/p>\n<\/div><div class=\"fusion-clearfix\"><\/div><\/div><\/div><\/div><\/div><div class=\"fusion-fullwidth fullwidth-box fusion-builder-row-2 nonhundred-percent-fullwidth non-hundred-percent-height-scrolling\" style=\"--awb-background-position:left top;--awb-border-radius-top-left:0px;--awb-border-radius-top-right:0px;--awb-border-radius-bottom-right:0px;--awb-border-radius-bottom-left:0px;--awb-padding-top:10px;--awb-padding-right:0px;--awb-padding-bottom:20px;--awb-padding-left:0px;--awb-border-sizes-top:0px;--awb-border-sizes-bottom:0px;--awb-flex-wrap:wrap;\" ><div class=\"fusion-builder-row fusion-row\"><div class=\"fusion-layout-column fusion_builder_column fusion-builder-column-1 fusion_builder_column_1_1 1_1 fusion-one-full fusion-column-first fusion-column-last fusion-column-no-min-height\" style=\"--awb-bg-size:cover;--awb-margin-bottom:0px;\"><div class=\"fusion-column-wrapper fusion-flex-column-wrapper-legacy\"><div class=\"fusion-image-element in-legacy-container\" style=\"--awb-caption-title-font-family:var(--h2_typography-font-family);--awb-caption-title-font-weight:var(--h2_typography-font-weight);--awb-caption-title-font-style:var(--h2_typography-font-style);--awb-caption-title-size:var(--h2_typography-font-size);--awb-caption-title-transform:var(--h2_typography-text-transform);--awb-caption-title-line-height:var(--h2_typography-line-height);--awb-caption-title-letter-spacing:var(--h2_typography-letter-spacing);\"><span class=\" fusion-imageframe imageframe-none imageframe-1 hover-type-none\"><a href=\"http:\/\/europeantissue.com\/wp-content\/uploads\/2010\/05\/HPA-Advice-1024x6981.jpg\" class=\"fusion-lightbox\" data-rel=\"iLightbox[d33ebe76bc851f63597]\"><img decoding=\"async\" alt=\"Comment laver et s\u00e9cher ses mains \u2013 Indications HPA et NHS du Royaume-Uni\" src=\"http:\/\/europeantissue.com\/wp-content\/uploads\/2010\/05\/HPA-Advice-1024x6981.jpg\" class=\"img-responsive\"\/><\/a><\/span><\/div><div class=\"fusion-text fusion-text-4\"><p class=\"p1\">L\u2019Agence anglaise de Protection de la Sant\u00e9 (Health Protection Agency \u2013 HPA), <span class=\"s1\"><a href=\"http:\/\/www.who.int\/csr\">www.hpa.org.uk\/<\/a><\/span>, offre des indications pr\u00e9cises au grand public quant au lavage et au s\u00e9chage des mains.\u00a0Les instructions visuelles ci-dessus sont fournies par cette agence anglaise.<\/p>\n<p class=\"p1\">L\u2019infrastructure indiqu\u00e9e pour un lavage efficace des mains comprend:<\/p>\n<h3>\u00abLES ESSUIE-MAINS EN PAPIER \u00c0 USAGE UNIQUE (DISPOSABLE PAPER TOWEL)\u00bb<\/h3>\n<p class=\"p1\">Ce lien vous dirige vers le document de l\u2019Agence anglaise de Protection de la<span class=\"Apple-converted-space\">\u00a0 <\/span>Sant\u00e9 (HPA): <a href=\"http:\/\/webarchive.nationalarchives.gov.uk\/20140714084352\/http:\/\/www.hpa.org.uk\/web\/HPAwebFile\/HPAweb_C\/1194947403810\">Document UK Health Care\u00a0 Protection Agency document<\/a><\/p>\n<h2>Syst\u00e8me de Sant\u00e9 public Anglais (National Health Service \u2013NHS)<\/h2>\n<p class=\"p1\">Le <strong>Service de Sant\u00e9 public Anglais (NHS)<\/strong> propose un \u00ab<strong>Guide pour les personnels de sant\u00e9 concernant le MRSA (Staphylocoque dor\u00e9 r\u00e9sistant \u00e0 la M\u00e9thicilline)<\/strong>\u00bb, une bact\u00e9rie dangereuse responsable d\u2019affections graves et difficiles \u00e0 traiter. Ce guide essentiel (en anglais) peut \u00eatre consult\u00e9 via le lien:\u00a0\u00a0<a href=\"http:\/\/www.nhs.uk\/conditions\/mrsa\/documents\/rcn%20mrsa%20guidelines.pdf\">Guidance<\/a><\/p>\n<p class=\"p1\">Parmi les instructions fondamentales fournies, la page 7 indique\u00a0:<\/p>\n<h3>\u00abS\u00c9CHEZ-VOUS SOIGNEUSEMENT LES MAINS \u00c0 L\u2019AIDE D\u2019UN ESSUIE-MAINS EN PAPIER \u00c0 USAGE UNIQUE (DRY WELL USING DISPOSABLE PAPER TOWELS)\u00bb.<\/h3>\n<\/div><div class=\"fusion-clearfix\"><\/div><\/div><\/div><\/div><\/div><div class=\"fusion-fullwidth fullwidth-box fusion-builder-row-3 hundred-percent-fullwidth non-hundred-percent-height-scrolling\" style=\"--awb-border-radius-top-left:0px;--awb-border-radius-top-right:0px;--awb-border-radius-bottom-right:0px;--awb-border-radius-bottom-left:0px;--awb-overflow:visible;--awb-flex-wrap:wrap;\" ><div class=\"fusion-builder-row fusion-row\"><div class=\"fusion-layout-column fusion_builder_column fusion-builder-column-2 fusion_builder_column_1_1 1_1 fusion-one-full fusion-column-first fusion-column-last fusion-column-no-min-height\" style=\"--awb-bg-size:cover;--awb-margin-bottom:0px;\"><div class=\"fusion-column-wrapper fusion-flex-column-wrapper-legacy\"><div class=\"fusion-text fusion-text-5\"><\/div><div class=\"fusion-text fusion-text-6\"><\/div>\n<div class=\"fusion-clearfix\"><\/div><\/div><\/div><\/div><\/div><\/p>\n","protected":false},"excerpt":{"rendered":"","protected":false},"author":2,"featured_media":0,"parent":0,"menu_order":2,"comment_status":"open","ping_status":"closed","template":"","meta":{"_monsterinsights_skip_tracking":false,"_monsterinsights_sitenote_active":false,"_monsterinsights_sitenote_note":"","_monsterinsights_sitenote_category":0,"ngg_post_thumbnail":0,"footnotes":""},"class_list":["post-7619","page","type-page","status-publish","hentry"],"yoast_head":"<!-- This site is optimized with the Yoast SEO plugin v26.3 - https:\/\/yoast.com\/wordpress\/plugins\/seo\/ -->\n<title>Comment laver et s\u00e9cher ses mains \u2013 Indications HPA et NHS du Royaume-Uni - European Tissue Symposium<\/title>\n<meta name=\"description\" content=\"Comment laver et s\u00e9cher ses mains -\u00a0L\u2019Agence anglaise de Protection de la Sant\u00e9 (HPA)\u00a0offre des indications pr\u00e9cises au public quant au lavage et au s\u00e9chage des mains.\" \/>\n<meta name=\"robots\" content=\"index, follow, max-snippet:-1, max-image-preview:large, max-video-preview:-1\" \/>\n<link rel=\"canonical\" href=\"https:\/\/europeantissue.com\/fr\/comment-laver-et-secher-ses-mains-indications-hpa-et-nhs-du-royaume-uni\/\" \/>\n<meta property=\"og:locale\" content=\"fr_FR\" \/>\n<meta property=\"og:type\" content=\"article\" \/>\n<meta property=\"og:title\" content=\"Comment laver et s\u00e9cher ses mains \u2013 Indications HPA et NHS du Royaume-Uni - European Tissue Symposium\" \/>\n<meta property=\"og:description\" content=\"Comment laver et s\u00e9cher ses mains -\u00a0L\u2019Agence anglaise de Protection de la Sant\u00e9 (HPA)\u00a0offre des indications pr\u00e9cises au public quant au lavage et au s\u00e9chage des mains.\" \/>\n<meta property=\"og:url\" content=\"https:\/\/europeantissue.com\/fr\/comment-laver-et-secher-ses-mains-indications-hpa-et-nhs-du-royaume-uni\/\" \/>\n<meta property=\"og:site_name\" content=\"European Tissue Symposium\" \/>\n<meta property=\"article:modified_time\" content=\"2018-07-20T10:26:14+00:00\" \/>\n<meta property=\"og:image\" content=\"http:\/\/europeantissue.com\/wp-content\/uploads\/2010\/05\/HPA-Advice-1024x6981.jpg\" \/>\n<meta name=\"twitter:card\" content=\"summary_large_image\" \/>\n<meta name=\"twitter:label1\" content=\"Dur\u00e9e de lecture estim\u00e9e\" \/>\n\t<meta name=\"twitter:data1\" content=\"3 minutes\" \/>\n<script type=\"application\/ld+json\" class=\"yoast-schema-graph\">{\"@context\":\"https:\/\/schema.org\",\"@graph\":[{\"@type\":\"WebPage\",\"@id\":\"https:\/\/europeantissue.com\/fr\/comment-laver-et-secher-ses-mains-indications-hpa-et-nhs-du-royaume-uni\/\",\"url\":\"https:\/\/europeantissue.com\/fr\/comment-laver-et-secher-ses-mains-indications-hpa-et-nhs-du-royaume-uni\/\",\"name\":\"Comment laver et s\u00e9cher ses mains \u2013 Indications HPA et NHS du Royaume-Uni - European Tissue Symposium\",\"isPartOf\":{\"@id\":\"https:\/\/europeantissue.com\/de\/#website\"},\"primaryImageOfPage\":{\"@id\":\"https:\/\/europeantissue.com\/fr\/comment-laver-et-secher-ses-mains-indications-hpa-et-nhs-du-royaume-uni\/#primaryimage\"},\"image\":{\"@id\":\"https:\/\/europeantissue.com\/fr\/comment-laver-et-secher-ses-mains-indications-hpa-et-nhs-du-royaume-uni\/#primaryimage\"},\"thumbnailUrl\":\"http:\/\/europeantissue.com\/wp-content\/uploads\/2010\/05\/HPA-Advice-1024x6981.jpg\",\"datePublished\":\"2015-09-15T10:02:34+00:00\",\"dateModified\":\"2018-07-20T10:26:14+00:00\",\"description\":\"Comment laver et s\u00e9cher ses mains -\u00a0L\u2019Agence anglaise de Protection de la Sant\u00e9 (HPA)\u00a0offre des indications pr\u00e9cises au public quant au lavage et au s\u00e9chage des mains.\",\"breadcrumb\":{\"@id\":\"https:\/\/europeantissue.com\/fr\/comment-laver-et-secher-ses-mains-indications-hpa-et-nhs-du-royaume-uni\/#breadcrumb\"},\"inLanguage\":\"fr-FR\",\"potentialAction\":[{\"@type\":\"ReadAction\",\"target\":[\"https:\/\/europeantissue.com\/fr\/comment-laver-et-secher-ses-mains-indications-hpa-et-nhs-du-royaume-uni\/\"]}]},{\"@type\":\"ImageObject\",\"inLanguage\":\"fr-FR\",\"@id\":\"https:\/\/europeantissue.com\/fr\/comment-laver-et-secher-ses-mains-indications-hpa-et-nhs-du-royaume-uni\/#primaryimage\",\"url\":\"http:\/\/europeantissue.com\/wp-content\/uploads\/2010\/05\/HPA-Advice-1024x6981.jpg\",\"contentUrl\":\"http:\/\/europeantissue.com\/wp-content\/uploads\/2010\/05\/HPA-Advice-1024x6981.jpg\"},{\"@type\":\"BreadcrumbList\",\"@id\":\"https:\/\/europeantissue.com\/fr\/comment-laver-et-secher-ses-mains-indications-hpa-et-nhs-du-royaume-uni\/#breadcrumb\",\"itemListElement\":[{\"@type\":\"ListItem\",\"position\":1,\"name\":\"Home\",\"item\":\"https:\/\/europeantissue.com\/fr\/\"},{\"@type\":\"ListItem\",\"position\":2,\"name\":\"Comment laver et s\u00e9cher ses mains \u2013 Indications HPA et NHS du Royaume-Uni\"}]},{\"@type\":\"WebSite\",\"@id\":\"https:\/\/europeantissue.com\/de\/#website\",\"url\":\"https:\/\/europeantissue.com\/de\/\",\"name\":\"European Tissue Symposium\",\"description\":\"\",\"potentialAction\":[{\"@type\":\"SearchAction\",\"target\":{\"@type\":\"EntryPoint\",\"urlTemplate\":\"https:\/\/europeantissue.com\/de\/?s={search_term_string}\"},\"query-input\":{\"@type\":\"PropertyValueSpecification\",\"valueRequired\":true,\"valueName\":\"search_term_string\"}}],\"inLanguage\":\"fr-FR\"}]}<\/script>\n<!-- \/ Yoast SEO plugin. -->","yoast_head_json":{"title":"Comment laver et s\u00e9cher ses mains \u2013 Indications HPA et NHS du Royaume-Uni - European Tissue Symposium","description":"Comment laver et s\u00e9cher ses mains -\u00a0L\u2019Agence anglaise de Protection de la Sant\u00e9 (HPA)\u00a0offre des indications pr\u00e9cises au public quant au lavage et au s\u00e9chage des mains.","robots":{"index":"index","follow":"follow","max-snippet":"max-snippet:-1","max-image-preview":"max-image-preview:large","max-video-preview":"max-video-preview:-1"},"canonical":"https:\/\/europeantissue.com\/fr\/comment-laver-et-secher-ses-mains-indications-hpa-et-nhs-du-royaume-uni\/","og_locale":"fr_FR","og_type":"article","og_title":"Comment laver et s\u00e9cher ses mains \u2013 Indications HPA et NHS du Royaume-Uni - European Tissue Symposium","og_description":"Comment laver et s\u00e9cher ses mains -\u00a0L\u2019Agence anglaise de Protection de la Sant\u00e9 (HPA)\u00a0offre des indications pr\u00e9cises au public quant au lavage et au s\u00e9chage des mains.","og_url":"https:\/\/europeantissue.com\/fr\/comment-laver-et-secher-ses-mains-indications-hpa-et-nhs-du-royaume-uni\/","og_site_name":"European Tissue Symposium","article_modified_time":"2018-07-20T10:26:14+00:00","og_image":[{"url":"http:\/\/europeantissue.com\/wp-content\/uploads\/2010\/05\/HPA-Advice-1024x6981.jpg","type":"","width":"","height":""}],"twitter_card":"summary_large_image","twitter_misc":{"Dur\u00e9e de lecture estim\u00e9e":"3 minutes"},"schema":{"@context":"https:\/\/schema.org","@graph":[{"@type":"WebPage","@id":"https:\/\/europeantissue.com\/fr\/comment-laver-et-secher-ses-mains-indications-hpa-et-nhs-du-royaume-uni\/","url":"https:\/\/europeantissue.com\/fr\/comment-laver-et-secher-ses-mains-indications-hpa-et-nhs-du-royaume-uni\/","name":"Comment laver et s\u00e9cher ses mains \u2013 Indications HPA et NHS du Royaume-Uni - European Tissue Symposium","isPartOf":{"@id":"https:\/\/europeantissue.com\/de\/#website"},"primaryImageOfPage":{"@id":"https:\/\/europeantissue.com\/fr\/comment-laver-et-secher-ses-mains-indications-hpa-et-nhs-du-royaume-uni\/#primaryimage"},"image":{"@id":"https:\/\/europeantissue.com\/fr\/comment-laver-et-secher-ses-mains-indications-hpa-et-nhs-du-royaume-uni\/#primaryimage"},"thumbnailUrl":"http:\/\/europeantissue.com\/wp-content\/uploads\/2010\/05\/HPA-Advice-1024x6981.jpg","datePublished":"2015-09-15T10:02:34+00:00","dateModified":"2018-07-20T10:26:14+00:00","description":"Comment laver et s\u00e9cher ses mains -\u00a0L\u2019Agence anglaise de Protection de la Sant\u00e9 (HPA)\u00a0offre des indications pr\u00e9cises au public quant au lavage et au s\u00e9chage des mains.","breadcrumb":{"@id":"https:\/\/europeantissue.com\/fr\/comment-laver-et-secher-ses-mains-indications-hpa-et-nhs-du-royaume-uni\/#breadcrumb"},"inLanguage":"fr-FR","potentialAction":[{"@type":"ReadAction","target":["https:\/\/europeantissue.com\/fr\/comment-laver-et-secher-ses-mains-indications-hpa-et-nhs-du-royaume-uni\/"]}]},{"@type":"ImageObject","inLanguage":"fr-FR","@id":"https:\/\/europeantissue.com\/fr\/comment-laver-et-secher-ses-mains-indications-hpa-et-nhs-du-royaume-uni\/#primaryimage","url":"http:\/\/europeantissue.com\/wp-content\/uploads\/2010\/05\/HPA-Advice-1024x6981.jpg","contentUrl":"http:\/\/europeantissue.com\/wp-content\/uploads\/2010\/05\/HPA-Advice-1024x6981.jpg"},{"@type":"BreadcrumbList","@id":"https:\/\/europeantissue.com\/fr\/comment-laver-et-secher-ses-mains-indications-hpa-et-nhs-du-royaume-uni\/#breadcrumb","itemListElement":[{"@type":"ListItem","position":1,"name":"Home","item":"https:\/\/europeantissue.com\/fr\/"},{"@type":"ListItem","position":2,"name":"Comment laver et s\u00e9cher ses mains \u2013 Indications HPA et NHS du Royaume-Uni"}]},{"@type":"WebSite","@id":"https:\/\/europeantissue.com\/de\/#website","url":"https:\/\/europeantissue.com\/de\/","name":"European Tissue Symposium","description":"","potentialAction":[{"@type":"SearchAction","target":{"@type":"EntryPoint","urlTemplate":"https:\/\/europeantissue.com\/de\/?s={search_term_string}"},"query-input":{"@type":"PropertyValueSpecification","valueRequired":true,"valueName":"search_term_string"}}],"inLanguage":"fr-FR"}]}},"_links":{"self":[{"href":"https:\/\/europeantissue.com\/fr\/wp-json\/wp\/v2\/pages\/7619","targetHints":{"allow":["GET"]}}],"collection":[{"href":"https:\/\/europeantissue.com\/fr\/wp-json\/wp\/v2\/pages"}],"about":[{"href":"https:\/\/europeantissue.com\/fr\/wp-json\/wp\/v2\/types\/page"}],"author":[{"embeddable":true,"href":"https:\/\/europeantissue.com\/fr\/wp-json\/wp\/v2\/users\/2"}],"replies":[{"embeddable":true,"href":"https:\/\/europeantissue.com\/fr\/wp-json\/wp\/v2\/comments?post=7619"}],"version-history":[{"count":0,"href":"https:\/\/europeantissue.com\/fr\/wp-json\/wp\/v2\/pages\/7619\/revisions"}],"wp:attachment":[{"href":"https:\/\/europeantissue.com\/fr\/wp-json\/wp\/v2\/media?parent=7619"}],"curies":[{"name":"wp","href":"https:\/\/api.w.org\/{rel}","templated":true}]}}