 {"id":7613,"date":"2015-09-14T17:12:32","date_gmt":"2015-09-14T17:12:32","guid":{"rendered":"http:\/\/europeantissue.com\/?page_id=7613"},"modified":"2018-07-20T10:26:15","modified_gmt":"2018-07-20T10:26:15","slug":"comment-se-laver-et-se-secher-les-mains-recommandations-cdc","status":"publish","type":"page","link":"https:\/\/europeantissue.com\/fr\/comment-se-laver-et-se-secher-les-mains-recommandations-cdc\/","title":{"rendered":"Comment se laver et se s\u00e9cher les mains \u2013 Recommandations CDC"},"content":{"rendered":"<p><div class=\"fusion-fullwidth fullwidth-box fusion-builder-row-1 hundred-percent-fullwidth non-hundred-percent-height-scrolling\" style=\"--awb-border-radius-top-left:0px;--awb-border-radius-top-right:0px;--awb-border-radius-bottom-right:0px;--awb-border-radius-bottom-left:0px;--awb-overflow:visible;--awb-flex-wrap:wrap;\" ><div class=\"fusion-builder-row fusion-row\"><div class=\"fusion-layout-column fusion_builder_column fusion-builder-column-0 fusion_builder_column_1_1 1_1 fusion-one-full fusion-column-first fusion-column-last fusion-column-no-min-height\" style=\"--awb-bg-size:cover;--awb-margin-bottom:0px;\"><div class=\"fusion-column-wrapper fusion-flex-column-wrapper-legacy\"><div class=\"fusion-text fusion-text-1\"><\/div><div class=\"fusion-text fusion-text-2\"><h2>\u00a0Comment se laver et se s\u00e9cher les mains \u2013 Recommandations CDC<\/h2>\n<\/div><div class=\"fusion-clearfix\"><\/div><\/div><\/div><div class=\"fusion-layout-column fusion_builder_column fusion-builder-column-1 fusion_builder_column_3_5 3_5 fusion-three-fifth fusion-column-first\" style=\"--awb-bg-size:cover;width:58.4%; margin-right: 4%;\"><div class=\"fusion-column-wrapper fusion-flex-column-wrapper-legacy\"><div class=\"fusion-text fusion-text-3\"><p class=\"p1\">Le <strong>Centre Gouvernemental Am\u00e9ricain<\/strong> pour le Contr\u00f4le et la<span class=\"Apple-converted-space\">\u00a0 <\/span>Pr\u00e9vention des Maladies (Centers for Disease Control and Prevention \u2013 CDC \u2013 USA) publie sur la page en anglais:<\/p>\n<p class=\"p1\">\u00ab\u00a0Installations pour l&rsquo;Hygi\u00e8ne et la Sant\u00e9 dans le syst\u00e8me sanitaire\u00a0\u00bb\u00a0\u00ab\u00a0<a href=\"http:\/\/www.cdc.gov\/handhygiene\/Basics.html\">Health Hygiene in Healthcare Settings<\/a>\u00a0\u00bb \u00a0\u00a0des instructions sp\u00e9cifiques pour obtenir le meilleur niveau d\u2019hygi\u00e8ne des mains.<\/p>\n<p class=\"p1\">Parmi ces instructions, vous trouverez \u00e9galement l\u2019 affiche <a href=\"https:\/\/europeantissue.com\/fr\/hygiene\/secher-les-mains-recommandations-de-oms-who\/?lang=fr\">\u00ab\u00a0How to Handwash\u00a0\u00bb<\/a>\u00a0Comment se laver les mains \u00bb de l&rsquo;Organisation mondiale de la Sant\u00e9 (World Health Organization \u2013 WHO).\u00a0<\/p>\n<\/div><div class=\"fusion-clearfix\"><\/div><\/div><\/div><div class=\"fusion-layout-column fusion_builder_column fusion-builder-column-2 fusion_builder_column_2_5 2_5 fusion-two-fifth fusion-column-last\" style=\"--awb-bg-size:cover;width:37.6%;\"><div class=\"fusion-column-wrapper fusion-flex-column-wrapper-legacy\"><div class=\"fusion-image-element in-legacy-container\" style=\"--awb-caption-title-font-family:var(--h2_typography-font-family);--awb-caption-title-font-weight:var(--h2_typography-font-weight);--awb-caption-title-font-style:var(--h2_typography-font-style);--awb-caption-title-size:var(--h2_typography-font-size);--awb-caption-title-transform:var(--h2_typography-text-transform);--awb-caption-title-line-height:var(--h2_typography-line-height);--awb-caption-title-letter-spacing:var(--h2_typography-letter-spacing);\"><span class=\" fusion-imageframe imageframe-none imageframe-1 hover-type-none\"><img decoding=\"async\" src=\"http:\/\/europeantissue.com\/wp-content\/uploads\/2010\/05\/Snap11-b-300x240.jpg\" alt class=\"img-responsive\"\/><\/span><\/div><div class=\"fusion-clearfix\"><\/div><\/div><\/div><\/div><\/div><div class=\"fusion-fullwidth fullwidth-box fusion-builder-row-2 nonhundred-percent-fullwidth non-hundred-percent-height-scrolling\" style=\"--awb-background-position:left top;--awb-border-radius-top-left:0px;--awb-border-radius-top-right:0px;--awb-border-radius-bottom-right:0px;--awb-border-radius-bottom-left:0px;--awb-padding-top:20px;--awb-padding-right:0px;--awb-padding-bottom:20px;--awb-padding-left:0px;--awb-border-sizes-top:0px;--awb-border-sizes-bottom:0px;--awb-flex-wrap:wrap;\" ><div class=\"fusion-builder-row fusion-row\"><div class=\"fusion-layout-column fusion_builder_column fusion-builder-column-3 fusion_builder_column_1_1 1_1 fusion-one-full fusion-column-first fusion-column-last fusion-column-no-min-height\" style=\"--awb-bg-size:cover;--awb-margin-bottom:0px;\"><div class=\"fusion-column-wrapper fusion-flex-column-wrapper-legacy\"><div class=\"fusion-text fusion-text-4\"><h2>Comment se laver et se s\u00e9cher les mains<\/h2>\n<h3>L&rsquo;usage d&rsquo;essuie-mains \u00e0 usage unique est fortement recommand\u00e9 (tout comme le sont ceux en papier).<\/h3>\n<p class=\"p1\">Une \u00e9tude r\u00e9cente, men\u00e9e par le Wesley Medical Center au Kansas, a d\u00e9montr\u00e9 que cr\u00e9er un environnement hygi\u00e9nique ad\u00e9quat ne se limite pas seulement \u00e0 poser de nouveaux distributeurs ou \u00e0 moderniser ceux d\u00e9j\u00e0 install\u00e9s. Il est essentiel de bien comprendre la fa\u00e7on dont les gens ont recours \u00e0 ces installations, afin de proposer une solution optimale et de cr\u00e9er des conditions d&rsquo;hygi\u00e8ne appropri\u00e9es.<\/p>\n<p class=\"p1\">Une vid\u00e9o int\u00e9ressante est \u00e9galement propos\u00e9e. Elle met en avant l\u2019importance d\u2019un lavage et d\u2019un s\u00e9chage des mains rigoureux, permettant de r\u00e9duire les probabilit\u00e9s de transmissions de micro-organismes pathog\u00e8nes.<\/p>\n<p class=\"p1\">Pour visionner cette vid\u00e9o, cliquez ici:<\/p>\n<div style=\"width: 640px;\" class=\"wp-video\"><video class=\"wp-video-shortcode\" id=\"video-7613-1\" width=\"640\" height=\"360\" preload=\"metadata\" controls=\"controls\"><source type=\"video\/mp4\" src=\"http:\/\/europeantissue.com\/wp-content\/uploads\/HandwashingVideo-Engl.mp4?_=1\" \/><a href=\"http:\/\/europeantissue.com\/wp-content\/uploads\/HandwashingVideo-Engl.mp4\">http:\/\/europeantissue.com\/wp-content\/uploads\/HandwashingVideo-Engl.mp4<\/a><\/video><\/div>\n<p>&nbsp;<\/p>\n<p>&nbsp;<\/p>\n<p>&nbsp;<\/p>\n<\/div><div class=\"fusion-clearfix\"><\/div><\/div><\/div><\/div><\/div><div class=\"fusion-fullwidth fullwidth-box fusion-builder-row-3 hundred-percent-fullwidth non-hundred-percent-height-scrolling\" style=\"--awb-border-radius-top-left:0px;--awb-border-radius-top-right:0px;--awb-border-radius-bottom-right:0px;--awb-border-radius-bottom-left:0px;--awb-overflow:visible;--awb-flex-wrap:wrap;\" ><div class=\"fusion-builder-row fusion-row\"><div class=\"fusion-layout-column fusion_builder_column fusion-builder-column-4 fusion_builder_column_1_1 1_1 fusion-one-full fusion-column-first fusion-column-last fusion-column-no-min-height\" style=\"--awb-bg-size:cover;--awb-margin-bottom:0px;\"><div class=\"fusion-column-wrapper fusion-flex-column-wrapper-legacy\"><div class=\"fusion-text fusion-text-5\"><\/div><div class=\"fusion-text fusion-text-6\"><\/div><div class=\"fusion-text fusion-text-7\"><\/div>\n<div class=\"fusion-clearfix\"><\/div><\/div><\/div><\/div><\/div><\/p>\n","protected":false},"excerpt":{"rendered":"","protected":false},"author":2,"featured_media":0,"parent":0,"menu_order":3,"comment_status":"open","ping_status":"closed","template":"","meta":{"_monsterinsights_skip_tracking":false,"_monsterinsights_sitenote_active":false,"_monsterinsights_sitenote_note":"","_monsterinsights_sitenote_category":0,"ngg_post_thumbnail":0,"footnotes":""},"class_list":["post-7613","page","type-page","status-publish","hentry"],"yoast_head":"<!-- This site is optimized with the Yoast SEO plugin v26.3 - https:\/\/yoast.com\/wordpress\/plugins\/seo\/ -->\n<title>Comment se laver et se s\u00e9cher les mains \u2013 Recommandations CDC - European Tissue Symposium<\/title>\n<meta name=\"description\" content=\"Comment se laver et se s\u00e9cher les mains -\u00a0L&#039;usage d&#039;essuie-mains \u00e0 usage unique est fortement recommand\u00e9 (tout comme le sont ceux en papier).\" \/>\n<meta name=\"robots\" content=\"index, follow, max-snippet:-1, max-image-preview:large, max-video-preview:-1\" \/>\n<link rel=\"canonical\" href=\"https:\/\/europeantissue.com\/fr\/comment-se-laver-et-se-secher-les-mains-recommandations-cdc\/\" \/>\n<meta property=\"og:locale\" content=\"fr_FR\" \/>\n<meta property=\"og:type\" content=\"article\" \/>\n<meta property=\"og:title\" content=\"Comment se laver et se s\u00e9cher les mains \u2013 Recommandations CDC - European Tissue Symposium\" \/>\n<meta property=\"og:description\" content=\"Comment se laver et se s\u00e9cher les mains -\u00a0L&#039;usage d&#039;essuie-mains \u00e0 usage unique est fortement recommand\u00e9 (tout comme le sont ceux en papier).\" \/>\n<meta property=\"og:url\" content=\"https:\/\/europeantissue.com\/fr\/comment-se-laver-et-se-secher-les-mains-recommandations-cdc\/\" \/>\n<meta property=\"og:site_name\" content=\"European Tissue Symposium\" \/>\n<meta property=\"article:modified_time\" content=\"2018-07-20T10:26:15+00:00\" \/>\n<meta property=\"og:image\" content=\"http:\/\/europeantissue.com\/wp-content\/uploads\/2010\/05\/Snap11-b-300x240.jpg\" \/>\n<meta name=\"twitter:card\" content=\"summary_large_image\" \/>\n<meta name=\"twitter:label1\" content=\"Dur\u00e9e de lecture estim\u00e9e\" \/>\n\t<meta name=\"twitter:data1\" content=\"4 minutes\" \/>\n<script type=\"application\/ld+json\" class=\"yoast-schema-graph\">{\"@context\":\"https:\/\/schema.org\",\"@graph\":[{\"@type\":\"WebPage\",\"@id\":\"https:\/\/europeantissue.com\/fr\/comment-se-laver-et-se-secher-les-mains-recommandations-cdc\/\",\"url\":\"https:\/\/europeantissue.com\/fr\/comment-se-laver-et-se-secher-les-mains-recommandations-cdc\/\",\"name\":\"Comment se laver et se s\u00e9cher les mains \u2013 Recommandations CDC - European Tissue Symposium\",\"isPartOf\":{\"@id\":\"https:\/\/europeantissue.com\/de\/#website\"},\"primaryImageOfPage\":{\"@id\":\"https:\/\/europeantissue.com\/fr\/comment-se-laver-et-se-secher-les-mains-recommandations-cdc\/#primaryimage\"},\"image\":{\"@id\":\"https:\/\/europeantissue.com\/fr\/comment-se-laver-et-se-secher-les-mains-recommandations-cdc\/#primaryimage\"},\"thumbnailUrl\":\"http:\/\/europeantissue.com\/wp-content\/uploads\/2010\/05\/Snap11-b-300x240.jpg\",\"datePublished\":\"2015-09-14T17:12:32+00:00\",\"dateModified\":\"2018-07-20T10:26:15+00:00\",\"description\":\"Comment se laver et se s\u00e9cher les mains -\u00a0L'usage d'essuie-mains \u00e0 usage unique est fortement recommand\u00e9 (tout comme le sont ceux en papier).\",\"breadcrumb\":{\"@id\":\"https:\/\/europeantissue.com\/fr\/comment-se-laver-et-se-secher-les-mains-recommandations-cdc\/#breadcrumb\"},\"inLanguage\":\"fr-FR\",\"potentialAction\":[{\"@type\":\"ReadAction\",\"target\":[\"https:\/\/europeantissue.com\/fr\/comment-se-laver-et-se-secher-les-mains-recommandations-cdc\/\"]}]},{\"@type\":\"ImageObject\",\"inLanguage\":\"fr-FR\",\"@id\":\"https:\/\/europeantissue.com\/fr\/comment-se-laver-et-se-secher-les-mains-recommandations-cdc\/#primaryimage\",\"url\":\"http:\/\/europeantissue.com\/wp-content\/uploads\/2010\/05\/Snap11-b-300x240.jpg\",\"contentUrl\":\"http:\/\/europeantissue.com\/wp-content\/uploads\/2010\/05\/Snap11-b-300x240.jpg\"},{\"@type\":\"BreadcrumbList\",\"@id\":\"https:\/\/europeantissue.com\/fr\/comment-se-laver-et-se-secher-les-mains-recommandations-cdc\/#breadcrumb\",\"itemListElement\":[{\"@type\":\"ListItem\",\"position\":1,\"name\":\"Home\",\"item\":\"https:\/\/europeantissue.com\/fr\/\"},{\"@type\":\"ListItem\",\"position\":2,\"name\":\"Comment se laver et se s\u00e9cher les mains \u2013 Recommandations CDC\"}]},{\"@type\":\"WebSite\",\"@id\":\"https:\/\/europeantissue.com\/de\/#website\",\"url\":\"https:\/\/europeantissue.com\/de\/\",\"name\":\"European Tissue Symposium\",\"description\":\"\",\"potentialAction\":[{\"@type\":\"SearchAction\",\"target\":{\"@type\":\"EntryPoint\",\"urlTemplate\":\"https:\/\/europeantissue.com\/de\/?s={search_term_string}\"},\"query-input\":{\"@type\":\"PropertyValueSpecification\",\"valueRequired\":true,\"valueName\":\"search_term_string\"}}],\"inLanguage\":\"fr-FR\"}]}<\/script>\n<!-- \/ Yoast SEO plugin. -->","yoast_head_json":{"title":"Comment se laver et se s\u00e9cher les mains \u2013 Recommandations CDC - European Tissue Symposium","description":"Comment se laver et se s\u00e9cher les mains -\u00a0L'usage d'essuie-mains \u00e0 usage unique est fortement recommand\u00e9 (tout comme le sont ceux en papier).","robots":{"index":"index","follow":"follow","max-snippet":"max-snippet:-1","max-image-preview":"max-image-preview:large","max-video-preview":"max-video-preview:-1"},"canonical":"https:\/\/europeantissue.com\/fr\/comment-se-laver-et-se-secher-les-mains-recommandations-cdc\/","og_locale":"fr_FR","og_type":"article","og_title":"Comment se laver et se s\u00e9cher les mains \u2013 Recommandations CDC - European Tissue Symposium","og_description":"Comment se laver et se s\u00e9cher les mains -\u00a0L'usage d'essuie-mains \u00e0 usage unique est fortement recommand\u00e9 (tout comme le sont ceux en papier).","og_url":"https:\/\/europeantissue.com\/fr\/comment-se-laver-et-se-secher-les-mains-recommandations-cdc\/","og_site_name":"European Tissue Symposium","article_modified_time":"2018-07-20T10:26:15+00:00","og_image":[{"url":"http:\/\/europeantissue.com\/wp-content\/uploads\/2010\/05\/Snap11-b-300x240.jpg","type":"","width":"","height":""}],"twitter_card":"summary_large_image","twitter_misc":{"Dur\u00e9e de lecture estim\u00e9e":"4 minutes"},"schema":{"@context":"https:\/\/schema.org","@graph":[{"@type":"WebPage","@id":"https:\/\/europeantissue.com\/fr\/comment-se-laver-et-se-secher-les-mains-recommandations-cdc\/","url":"https:\/\/europeantissue.com\/fr\/comment-se-laver-et-se-secher-les-mains-recommandations-cdc\/","name":"Comment se laver et se s\u00e9cher les mains \u2013 Recommandations CDC - European Tissue Symposium","isPartOf":{"@id":"https:\/\/europeantissue.com\/de\/#website"},"primaryImageOfPage":{"@id":"https:\/\/europeantissue.com\/fr\/comment-se-laver-et-se-secher-les-mains-recommandations-cdc\/#primaryimage"},"image":{"@id":"https:\/\/europeantissue.com\/fr\/comment-se-laver-et-se-secher-les-mains-recommandations-cdc\/#primaryimage"},"thumbnailUrl":"http:\/\/europeantissue.com\/wp-content\/uploads\/2010\/05\/Snap11-b-300x240.jpg","datePublished":"2015-09-14T17:12:32+00:00","dateModified":"2018-07-20T10:26:15+00:00","description":"Comment se laver et se s\u00e9cher les mains -\u00a0L'usage d'essuie-mains \u00e0 usage unique est fortement recommand\u00e9 (tout comme le sont ceux en papier).","breadcrumb":{"@id":"https:\/\/europeantissue.com\/fr\/comment-se-laver-et-se-secher-les-mains-recommandations-cdc\/#breadcrumb"},"inLanguage":"fr-FR","potentialAction":[{"@type":"ReadAction","target":["https:\/\/europeantissue.com\/fr\/comment-se-laver-et-se-secher-les-mains-recommandations-cdc\/"]}]},{"@type":"ImageObject","inLanguage":"fr-FR","@id":"https:\/\/europeantissue.com\/fr\/comment-se-laver-et-se-secher-les-mains-recommandations-cdc\/#primaryimage","url":"http:\/\/europeantissue.com\/wp-content\/uploads\/2010\/05\/Snap11-b-300x240.jpg","contentUrl":"http:\/\/europeantissue.com\/wp-content\/uploads\/2010\/05\/Snap11-b-300x240.jpg"},{"@type":"BreadcrumbList","@id":"https:\/\/europeantissue.com\/fr\/comment-se-laver-et-se-secher-les-mains-recommandations-cdc\/#breadcrumb","itemListElement":[{"@type":"ListItem","position":1,"name":"Home","item":"https:\/\/europeantissue.com\/fr\/"},{"@type":"ListItem","position":2,"name":"Comment se laver et se s\u00e9cher les mains \u2013 Recommandations CDC"}]},{"@type":"WebSite","@id":"https:\/\/europeantissue.com\/de\/#website","url":"https:\/\/europeantissue.com\/de\/","name":"European Tissue Symposium","description":"","potentialAction":[{"@type":"SearchAction","target":{"@type":"EntryPoint","urlTemplate":"https:\/\/europeantissue.com\/de\/?s={search_term_string}"},"query-input":{"@type":"PropertyValueSpecification","valueRequired":true,"valueName":"search_term_string"}}],"inLanguage":"fr-FR"}]}},"_links":{"self":[{"href":"https:\/\/europeantissue.com\/fr\/wp-json\/wp\/v2\/pages\/7613","targetHints":{"allow":["GET"]}}],"collection":[{"href":"https:\/\/europeantissue.com\/fr\/wp-json\/wp\/v2\/pages"}],"about":[{"href":"https:\/\/europeantissue.com\/fr\/wp-json\/wp\/v2\/types\/page"}],"author":[{"embeddable":true,"href":"https:\/\/europeantissue.com\/fr\/wp-json\/wp\/v2\/users\/2"}],"replies":[{"embeddable":true,"href":"https:\/\/europeantissue.com\/fr\/wp-json\/wp\/v2\/comments?post=7613"}],"version-history":[{"count":0,"href":"https:\/\/europeantissue.com\/fr\/wp-json\/wp\/v2\/pages\/7613\/revisions"}],"wp:attachment":[{"href":"https:\/\/europeantissue.com\/fr\/wp-json\/wp\/v2\/media?parent=7613"}],"curies":[{"name":"wp","href":"https:\/\/api.w.org\/{rel}","templated":true}]}}