 {"id":7605,"date":"2015-09-08T19:03:46","date_gmt":"2015-09-08T19:03:46","guid":{"rendered":"http:\/\/europeantissue.com\/?page_id=7605"},"modified":"2019-09-16T19:37:27","modified_gmt":"2019-09-16T19:37:27","slug":"secher-les-mains-recommandations-de-oms-who","status":"publish","type":"page","link":"https:\/\/europeantissue.com\/fr\/hygiene\/secher-les-mains-recommandations-de-oms-who\/","title":{"rendered":"Organisation Mondiale de la Sant\u00e9 &#8211; Comment se laver et se s\u00e9cher les mains"},"content":{"rendered":"<h2>Affiche sur le lavage des mains de l&rsquo;Organisation Mondiale de la Sant\u00e9 (OMS)<\/h2>\n<div class=\"fusion-fullwidth fullwidth-box fusion-builder-row-1 hundred-percent-fullwidth non-hundred-percent-height-scrolling\" style=\"--awb-border-radius-top-left:0px;--awb-border-radius-top-right:0px;--awb-border-radius-bottom-right:0px;--awb-border-radius-bottom-left:0px;--awb-overflow:visible;--awb-flex-wrap:wrap;\" ><div class=\"fusion-builder-row fusion-row\"><div class=\"fusion-layout-column fusion_builder_column fusion-builder-column-0 fusion_builder_column_1_1 1_1 fusion-one-full fusion-column-first fusion-column-last fusion-column-no-min-height\" style=\"--awb-bg-size:cover;--awb-margin-bottom:0px;\"><div class=\"fusion-column-wrapper fusion-flex-column-wrapper-legacy\">\n<div id=\"attachment_3004\" style=\"width: 536px\" class=\"wp-caption alignnone\"><a href=\"http:\/\/europeantissue.com\/wp-content\/uploads\/Who-French.jpg\"><img decoding=\"async\" aria-describedby=\"caption-attachment-3004\" class=\"wp-image-3004 size-large\" title=\"Who French\" src=\"http:\/\/europeantissue.com\/wp-content\/uploads\/Who-French-526x1024.jpg\" alt=\"Organisation Mondiale de la Sant\u00e9 Affiche\" width=\"526\" height=\"1024\"><\/a><p id=\"caption-attachment-3004\" class=\"wp-caption-text\">Affiche sur le lavage des mains de l&rsquo;Organisation Mondiale de la Sant\u00e9 (OMS)<\/p><\/div>\n<h2>Comment se laver et se s\u00e9cher les mains \u2013 Affiche de l\u2019Organisation Mondiale de la Sant\u00e9<\/h2>\n<p>L\u2019Organisation Mondiale de la Sant\u00e9 (World Health Organization \u2013 WHO \u2013 CH-1211 Gen\u00e8ve -27 \u2013 Suisse) <a href=\"http:\/\/www.who.int\/csr\/fr\/\">www.who.int\/csr<\/a>&nbsp;formule des recommandations&nbsp;aux Institutions sanitaires concernant l\u2019hygi\u00e8ne des mains. Les instructions pr\u00e9sent\u00e9es ici sont fournies par l\u2019Organisation Mondiale de la Sant\u00e9. L&rsquo;un des points fondamentaux de ses recommandations est le suivant&nbsp;:<\/p>\n<h3>\u00ab&nbsp;S\u00e9cher soigneusement avec UN <strong>ESSUIE-MAINS <\/strong>\u00c0 USAGE UNIQUE; se servir de <strong>l\u2019essuie-mains <\/strong>pour fermer le robinet, en \u00e9vitant donc de le toucher avec les mains&nbsp;\u00bb.&nbsp;Pour lire le document dans son int\u00e9gralit\u00e9 (en anglais) de l\u2019Organisation mondiale de la Sant\u00e9, cliquez ici&nbsp;: <a href=\"http:\/\/europeantissue.com\/wp-content\/uploads\/World-Health-Organization-Hands-Washing-Instructions.pdf\">Health Care facility recommendations for Hands Hygiene<\/p>\n<p><\/a><\/h3>\n<h2>Conseils \u00e0 suivre plusieurs fois par jour pour avoir des mains propres<\/h2>\n<p>1.&nbsp;D\u2019abord mouiller rapidement les mains avec de l\u2019eau chaude courante, puis arr\u00eater l\u2019eau et prendre du savon.<br \/>\n2.&nbsp;En se lavant les mains, veiller \u00e0 \u00e9galement nettoyer les espaces entre les doigts, le dessus de ceux-ci, le dessous des ongles et le dos des mains. Se rincer ensuite les mains sous l\u2019eau courante pour \u00e9liminer compl\u00e8tement le savon et \u00e9viter que d\u2019\u00e9ventuels restes ne favorisent le d\u00e9veloppement de nouveaux microbes.<br \/>\n3.&nbsp;Se s\u00e9cher les mains est tout aussi important que de les laver, de pr\u00e9f\u00e9rence avec des essuie-mains en papier, qui permettent un s\u00e9chage rapide et efficace. <br \/>\nSe frotter les mains avec ce papier permet en outre d\u2019\u00e9liminer un nombre plus important de bact\u00e9ries.<\/p>\n<div class=\"fusion-clearfix\"><\/div><\/div><\/div><\/div><\/div>\n","protected":false},"excerpt":{"rendered":"<p>Affiche sur le lavage des mains de l&rsquo;Organisation Mondiale de la Sant\u00e9 (OMS)<\/p>\n","protected":false},"author":2,"featured_media":0,"parent":7661,"menu_order":1,"comment_status":"open","ping_status":"closed","template":"","meta":{"_monsterinsights_skip_tracking":false,"_monsterinsights_sitenote_active":false,"_monsterinsights_sitenote_note":"","_monsterinsights_sitenote_category":0,"ngg_post_thumbnail":0,"footnotes":""},"class_list":["post-7605","page","type-page","status-publish","hentry"],"yoast_head":"<!-- This site is optimized with the Yoast SEO plugin v26.3 - https:\/\/yoast.com\/wordpress\/plugins\/seo\/ -->\n<title>Organisation Mondiale de la Sant\u00e9 - Comment se laver et se s\u00e9cher les mains - European Tissue Symposium<\/title>\n<meta name=\"description\" content=\"Comment se laver et se s\u00e9cher les mains \u2013 Affiche de l\u2019 Organisation Mondiale de la Sant\u00e9 :\u00a0S\u00e9cher soigneusement avec UN\u00a0ESSUIE-MAINS\u00a0\u00c0 USAGE UNIQUE\" \/>\n<meta name=\"robots\" content=\"index, follow, max-snippet:-1, max-image-preview:large, max-video-preview:-1\" \/>\n<link rel=\"canonical\" href=\"https:\/\/europeantissue.com\/fr\/hygiene\/secher-les-mains-recommandations-de-oms-who\/\" \/>\n<meta property=\"og:locale\" content=\"fr_FR\" \/>\n<meta property=\"og:type\" content=\"article\" \/>\n<meta property=\"og:title\" content=\"Organisation Mondiale de la Sant\u00e9 - Comment se laver et se s\u00e9cher les mains - European Tissue Symposium\" \/>\n<meta property=\"og:description\" content=\"Comment se laver et se s\u00e9cher les mains \u2013 Affiche de l\u2019 Organisation Mondiale de la Sant\u00e9 :\u00a0S\u00e9cher soigneusement avec UN\u00a0ESSUIE-MAINS\u00a0\u00c0 USAGE UNIQUE\" \/>\n<meta property=\"og:url\" content=\"https:\/\/europeantissue.com\/fr\/hygiene\/secher-les-mains-recommandations-de-oms-who\/\" \/>\n<meta property=\"og:site_name\" content=\"European Tissue Symposium\" \/>\n<meta property=\"article:modified_time\" content=\"2019-09-16T19:37:27+00:00\" \/>\n<meta property=\"og:image\" content=\"http:\/\/europeantissue.com\/wp-content\/uploads\/Who-French-526x1024.jpg\" \/>\n<meta name=\"twitter:card\" content=\"summary_large_image\" \/>\n<meta name=\"twitter:label1\" content=\"Dur\u00e9e de lecture estim\u00e9e\" \/>\n\t<meta name=\"twitter:data1\" content=\"2 minutes\" \/>\n<script type=\"application\/ld+json\" class=\"yoast-schema-graph\">{\"@context\":\"https:\/\/schema.org\",\"@graph\":[{\"@type\":\"WebPage\",\"@id\":\"https:\/\/europeantissue.com\/fr\/hygiene\/secher-les-mains-recommandations-de-oms-who\/\",\"url\":\"https:\/\/europeantissue.com\/fr\/hygiene\/secher-les-mains-recommandations-de-oms-who\/\",\"name\":\"Organisation Mondiale de la Sant\u00e9 - Comment se laver et se s\u00e9cher les mains - European Tissue Symposium\",\"isPartOf\":{\"@id\":\"https:\/\/europeantissue.com\/de\/#website\"},\"primaryImageOfPage\":{\"@id\":\"https:\/\/europeantissue.com\/fr\/hygiene\/secher-les-mains-recommandations-de-oms-who\/#primaryimage\"},\"image\":{\"@id\":\"https:\/\/europeantissue.com\/fr\/hygiene\/secher-les-mains-recommandations-de-oms-who\/#primaryimage\"},\"thumbnailUrl\":\"http:\/\/europeantissue.com\/wp-content\/uploads\/Who-French-526x1024.jpg\",\"datePublished\":\"2015-09-08T19:03:46+00:00\",\"dateModified\":\"2019-09-16T19:37:27+00:00\",\"description\":\"Comment se laver et se s\u00e9cher les mains \u2013 Affiche de l\u2019 Organisation Mondiale de la Sant\u00e9 :\u00a0S\u00e9cher soigneusement avec UN\u00a0ESSUIE-MAINS\u00a0\u00c0 USAGE UNIQUE\",\"breadcrumb\":{\"@id\":\"https:\/\/europeantissue.com\/fr\/hygiene\/secher-les-mains-recommandations-de-oms-who\/#breadcrumb\"},\"inLanguage\":\"fr-FR\",\"potentialAction\":[{\"@type\":\"ReadAction\",\"target\":[\"https:\/\/europeantissue.com\/fr\/hygiene\/secher-les-mains-recommandations-de-oms-who\/\"]}]},{\"@type\":\"ImageObject\",\"inLanguage\":\"fr-FR\",\"@id\":\"https:\/\/europeantissue.com\/fr\/hygiene\/secher-les-mains-recommandations-de-oms-who\/#primaryimage\",\"url\":\"http:\/\/europeantissue.com\/wp-content\/uploads\/Who-French-526x1024.jpg\",\"contentUrl\":\"http:\/\/europeantissue.com\/wp-content\/uploads\/Who-French-526x1024.jpg\"},{\"@type\":\"BreadcrumbList\",\"@id\":\"https:\/\/europeantissue.com\/fr\/hygiene\/secher-les-mains-recommandations-de-oms-who\/#breadcrumb\",\"itemListElement\":[{\"@type\":\"ListItem\",\"position\":1,\"name\":\"Home\",\"item\":\"https:\/\/europeantissue.com\/fr\/\"},{\"@type\":\"ListItem\",\"position\":2,\"name\":\"Hygi\u00e8ne\",\"item\":\"https:\/\/europeantissue.com\/fr\/hygiene\/\"},{\"@type\":\"ListItem\",\"position\":3,\"name\":\"Organisation Mondiale de la Sant\u00e9 &#8211; Comment se laver et se s\u00e9cher les mains\"}]},{\"@type\":\"WebSite\",\"@id\":\"https:\/\/europeantissue.com\/de\/#website\",\"url\":\"https:\/\/europeantissue.com\/de\/\",\"name\":\"European Tissue Symposium\",\"description\":\"\",\"potentialAction\":[{\"@type\":\"SearchAction\",\"target\":{\"@type\":\"EntryPoint\",\"urlTemplate\":\"https:\/\/europeantissue.com\/de\/?s={search_term_string}\"},\"query-input\":{\"@type\":\"PropertyValueSpecification\",\"valueRequired\":true,\"valueName\":\"search_term_string\"}}],\"inLanguage\":\"fr-FR\"}]}<\/script>\n<!-- \/ Yoast SEO plugin. -->","yoast_head_json":{"title":"Organisation Mondiale de la Sant\u00e9 - Comment se laver et se s\u00e9cher les mains - European Tissue Symposium","description":"Comment se laver et se s\u00e9cher les mains \u2013 Affiche de l\u2019 Organisation Mondiale de la Sant\u00e9 :\u00a0S\u00e9cher soigneusement avec UN\u00a0ESSUIE-MAINS\u00a0\u00c0 USAGE UNIQUE","robots":{"index":"index","follow":"follow","max-snippet":"max-snippet:-1","max-image-preview":"max-image-preview:large","max-video-preview":"max-video-preview:-1"},"canonical":"https:\/\/europeantissue.com\/fr\/hygiene\/secher-les-mains-recommandations-de-oms-who\/","og_locale":"fr_FR","og_type":"article","og_title":"Organisation Mondiale de la Sant\u00e9 - Comment se laver et se s\u00e9cher les mains - European Tissue Symposium","og_description":"Comment se laver et se s\u00e9cher les mains \u2013 Affiche de l\u2019 Organisation Mondiale de la Sant\u00e9 :\u00a0S\u00e9cher soigneusement avec UN\u00a0ESSUIE-MAINS\u00a0\u00c0 USAGE UNIQUE","og_url":"https:\/\/europeantissue.com\/fr\/hygiene\/secher-les-mains-recommandations-de-oms-who\/","og_site_name":"European Tissue Symposium","article_modified_time":"2019-09-16T19:37:27+00:00","og_image":[{"url":"http:\/\/europeantissue.com\/wp-content\/uploads\/Who-French-526x1024.jpg","type":"","width":"","height":""}],"twitter_card":"summary_large_image","twitter_misc":{"Dur\u00e9e de lecture estim\u00e9e":"2 minutes"},"schema":{"@context":"https:\/\/schema.org","@graph":[{"@type":"WebPage","@id":"https:\/\/europeantissue.com\/fr\/hygiene\/secher-les-mains-recommandations-de-oms-who\/","url":"https:\/\/europeantissue.com\/fr\/hygiene\/secher-les-mains-recommandations-de-oms-who\/","name":"Organisation Mondiale de la Sant\u00e9 - Comment se laver et se s\u00e9cher les mains - European Tissue Symposium","isPartOf":{"@id":"https:\/\/europeantissue.com\/de\/#website"},"primaryImageOfPage":{"@id":"https:\/\/europeantissue.com\/fr\/hygiene\/secher-les-mains-recommandations-de-oms-who\/#primaryimage"},"image":{"@id":"https:\/\/europeantissue.com\/fr\/hygiene\/secher-les-mains-recommandations-de-oms-who\/#primaryimage"},"thumbnailUrl":"http:\/\/europeantissue.com\/wp-content\/uploads\/Who-French-526x1024.jpg","datePublished":"2015-09-08T19:03:46+00:00","dateModified":"2019-09-16T19:37:27+00:00","description":"Comment se laver et se s\u00e9cher les mains \u2013 Affiche de l\u2019 Organisation Mondiale de la Sant\u00e9 :\u00a0S\u00e9cher soigneusement avec UN\u00a0ESSUIE-MAINS\u00a0\u00c0 USAGE UNIQUE","breadcrumb":{"@id":"https:\/\/europeantissue.com\/fr\/hygiene\/secher-les-mains-recommandations-de-oms-who\/#breadcrumb"},"inLanguage":"fr-FR","potentialAction":[{"@type":"ReadAction","target":["https:\/\/europeantissue.com\/fr\/hygiene\/secher-les-mains-recommandations-de-oms-who\/"]}]},{"@type":"ImageObject","inLanguage":"fr-FR","@id":"https:\/\/europeantissue.com\/fr\/hygiene\/secher-les-mains-recommandations-de-oms-who\/#primaryimage","url":"http:\/\/europeantissue.com\/wp-content\/uploads\/Who-French-526x1024.jpg","contentUrl":"http:\/\/europeantissue.com\/wp-content\/uploads\/Who-French-526x1024.jpg"},{"@type":"BreadcrumbList","@id":"https:\/\/europeantissue.com\/fr\/hygiene\/secher-les-mains-recommandations-de-oms-who\/#breadcrumb","itemListElement":[{"@type":"ListItem","position":1,"name":"Home","item":"https:\/\/europeantissue.com\/fr\/"},{"@type":"ListItem","position":2,"name":"Hygi\u00e8ne","item":"https:\/\/europeantissue.com\/fr\/hygiene\/"},{"@type":"ListItem","position":3,"name":"Organisation Mondiale de la Sant\u00e9 &#8211; Comment se laver et se s\u00e9cher les mains"}]},{"@type":"WebSite","@id":"https:\/\/europeantissue.com\/de\/#website","url":"https:\/\/europeantissue.com\/de\/","name":"European Tissue Symposium","description":"","potentialAction":[{"@type":"SearchAction","target":{"@type":"EntryPoint","urlTemplate":"https:\/\/europeantissue.com\/de\/?s={search_term_string}"},"query-input":{"@type":"PropertyValueSpecification","valueRequired":true,"valueName":"search_term_string"}}],"inLanguage":"fr-FR"}]}},"_links":{"self":[{"href":"https:\/\/europeantissue.com\/fr\/wp-json\/wp\/v2\/pages\/7605","targetHints":{"allow":["GET"]}}],"collection":[{"href":"https:\/\/europeantissue.com\/fr\/wp-json\/wp\/v2\/pages"}],"about":[{"href":"https:\/\/europeantissue.com\/fr\/wp-json\/wp\/v2\/types\/page"}],"author":[{"embeddable":true,"href":"https:\/\/europeantissue.com\/fr\/wp-json\/wp\/v2\/users\/2"}],"replies":[{"embeddable":true,"href":"https:\/\/europeantissue.com\/fr\/wp-json\/wp\/v2\/comments?post=7605"}],"version-history":[{"count":0,"href":"https:\/\/europeantissue.com\/fr\/wp-json\/wp\/v2\/pages\/7605\/revisions"}],"up":[{"embeddable":true,"href":"https:\/\/europeantissue.com\/fr\/wp-json\/wp\/v2\/pages\/7661"}],"wp:attachment":[{"href":"https:\/\/europeantissue.com\/fr\/wp-json\/wp\/v2\/media?parent=7605"}],"curies":[{"name":"wp","href":"https:\/\/api.w.org\/{rel}","templated":true}]}}