 {"id":7513,"date":"2015-09-04T08:02:49","date_gmt":"2015-09-04T08:02:49","guid":{"rendered":"http:\/\/europeantissue.com\/?page_id=7513"},"modified":"2019-07-13T07:46:34","modified_gmt":"2019-07-13T07:46:34","slug":"mision","status":"publish","type":"page","link":"https:\/\/europeantissue.com\/es\/mision\/","title":{"rendered":"Misi\u00f3n"},"content":{"rendered":"<h3 style=\"text-align: center;\"><span style=\"text-decoration: underline;\">Misi\u00f3n de la Industria de Tis\u00f9<\/span><\/h3>\n<ul>\n<li>\n<h3>Ofrecer a las personas el beneficio de soluciones \u00f3ptimas de higiene y confort.<\/h3>\n<\/li>\n<li>\n<h3>Actuar de la mejor manera sostenible.<\/h3>\n<\/li>\n<\/ul>\n<h3><span style=\"text-decoration: underline;\">ETS es<\/span>:<\/h3>\n<ul>\n<li>\n<h3>una asociaci\u00f3n de comercio independiente<\/h3>\n<\/li>\n<li>\n<h3>Representa la industria del papel tis\u00fa en Europa (mayor\u00eda de fabricantes)<\/h3>\n<\/li>\n<li>\n<h3>Una organizaci\u00f3n sin fines de lucro.<\/h3>\n<\/li>\n<\/ul>\n<h3><span style=\"text-decoration: underline;\">El papel del ETS<\/span>:<\/h3>\n<ul>\n<li>\n<h3>Apoyar y mejorar la imagen y la misi\u00f3n del Sector Europeo de Tis\u00f9, defender sus intereses y fortalecer su competitividad en el mercado global.<\/h3>\n<\/li>\n<li>\n<h3>Representar y posicionar el Sector del Tis\u00f9 hacia los responsables pol\u00edticos de la UE y otras partes interesadas.<\/h3>\n<\/li>\n<\/ul>\n<p>Para entender la misi\u00f3n de ETS es apropiado considerar sus documentos de posici\u00f3n sobre diferentes temas. Estos Documentos de <strong><a class=\"liinternal\" href=\"https:\/\/europeantissue.com\/sustainability_old\/position-papers\/environment\/\">posici\u00f3n<\/a><\/strong>&nbsp; ETS&nbsp;contienen el punto de vista de los&nbsp;<strong>miembros del ETS<\/strong> sobre temas de actualidad. &nbsp;<\/p>\n<ul>\n<li><strong><a class=\"liinternal\" href=\"https:\/\/europeantissue.com\/sustainability_old\/position-papers\/environment\/\">Documentos de posici\u00f3n<\/a>&nbsp;<\/strong>relacionados con aspectos ambientalesETS Position Papers<\/li>\n<li><a class=\"liinternal\" href=\"https:\/\/europeantissue.com\/sustainability_old\/position-papers\/food-contact-studies-and-phc-policy-statement\/\"><strong>Estudios de Contacto de Alimentos y Declaraci\u00f3n PHC<\/strong><\/a><\/li>\n<li><strong><a class=\"liinternal\" href=\"https:\/\/europeantissue.com\/sustainability_old\/position-papers\/hand-drying-systems\/\">Documento de posici\u00f3n sobre los Sistemas de secado de manos y otros Documentos<\/a><\/strong><\/li>\n<\/ul>\n","protected":false},"excerpt":{"rendered":"<p>Misi\u00f3n de la Industria de Tis\u00f9 Ofrecer a las personas el beneficio de soluciones \u00f3ptimas de higiene y confort. Actuar de la mejor manera sostenible. ETS es: una asociaci\u00f3n de comercio independiente Representa la industria del papel tis\u00fa en Europa (mayor\u00eda de fabricantes) Una organizaci\u00f3n sin fines de lucro. El papel del ETS: Apoyar y  [&#8230;]<\/p>\n","protected":false},"author":2,"featured_media":0,"parent":0,"menu_order":2,"comment_status":"open","ping_status":"open","template":"","meta":{"_monsterinsights_skip_tracking":false,"_monsterinsights_sitenote_active":false,"_monsterinsights_sitenote_note":"","_monsterinsights_sitenote_category":0,"ngg_post_thumbnail":0,"footnotes":""},"class_list":["post-7513","page","type-page","status-publish","hentry"],"yoast_head":"<!-- This site is optimized with the Yoast SEO plugin v26.3 - https:\/\/yoast.com\/wordpress\/plugins\/seo\/ -->\n<title>Misi\u00f3n - European Tissue Symposium<\/title>\n<meta name=\"description\" content=\"Misi\u00f3n:\u00a0ETS es una asociaci\u00f3n comercial independiente (sin fines de lucro) para la defensa de los intereses de la industria de tis\u00fa\" \/>\n<meta name=\"robots\" content=\"index, follow, max-snippet:-1, max-image-preview:large, max-video-preview:-1\" \/>\n<link rel=\"canonical\" href=\"https:\/\/europeantissue.com\/es\/mision\/\" \/>\n<meta property=\"og:locale\" content=\"es_ES\" \/>\n<meta property=\"og:type\" content=\"article\" \/>\n<meta property=\"og:title\" content=\"Misi\u00f3n - European Tissue Symposium\" \/>\n<meta property=\"og:description\" content=\"Misi\u00f3n:\u00a0ETS es una asociaci\u00f3n comercial independiente (sin fines de lucro) para la defensa de los intereses de la industria de tis\u00fa\" \/>\n<meta property=\"og:url\" content=\"https:\/\/europeantissue.com\/es\/mision\/\" \/>\n<meta property=\"og:site_name\" content=\"European Tissue Symposium\" \/>\n<meta property=\"article:modified_time\" content=\"2019-07-13T07:46:34+00:00\" \/>\n<meta name=\"twitter:card\" content=\"summary_large_image\" \/>\n<meta name=\"twitter:label1\" content=\"Tiempo de lectura\" \/>\n\t<meta name=\"twitter:data1\" content=\"1 minuto\" \/>\n<script type=\"application\/ld+json\" class=\"yoast-schema-graph\">{\"@context\":\"https:\/\/schema.org\",\"@graph\":[{\"@type\":\"WebPage\",\"@id\":\"https:\/\/europeantissue.com\/es\/mision\/\",\"url\":\"https:\/\/europeantissue.com\/es\/mision\/\",\"name\":\"Misi\u00f3n - European Tissue Symposium\",\"isPartOf\":{\"@id\":\"https:\/\/europeantissue.com\/de\/#website\"},\"datePublished\":\"2015-09-04T08:02:49+00:00\",\"dateModified\":\"2019-07-13T07:46:34+00:00\",\"description\":\"Misi\u00f3n:\u00a0ETS es una asociaci\u00f3n comercial independiente (sin fines de lucro) para la defensa de los intereses de la industria de tis\u00fa\",\"breadcrumb\":{\"@id\":\"https:\/\/europeantissue.com\/es\/mision\/#breadcrumb\"},\"inLanguage\":\"es\",\"potentialAction\":[{\"@type\":\"ReadAction\",\"target\":[\"https:\/\/europeantissue.com\/es\/mision\/\"]}]},{\"@type\":\"BreadcrumbList\",\"@id\":\"https:\/\/europeantissue.com\/es\/mision\/#breadcrumb\",\"itemListElement\":[{\"@type\":\"ListItem\",\"position\":1,\"name\":\"Home\",\"item\":\"https:\/\/europeantissue.com\/es\/\"},{\"@type\":\"ListItem\",\"position\":2,\"name\":\"Misi\u00f3n\"}]},{\"@type\":\"WebSite\",\"@id\":\"https:\/\/europeantissue.com\/de\/#website\",\"url\":\"https:\/\/europeantissue.com\/de\/\",\"name\":\"European Tissue Symposium\",\"description\":\"\",\"potentialAction\":[{\"@type\":\"SearchAction\",\"target\":{\"@type\":\"EntryPoint\",\"urlTemplate\":\"https:\/\/europeantissue.com\/de\/?s={search_term_string}\"},\"query-input\":{\"@type\":\"PropertyValueSpecification\",\"valueRequired\":true,\"valueName\":\"search_term_string\"}}],\"inLanguage\":\"es\"}]}<\/script>\n<!-- \/ Yoast SEO plugin. -->","yoast_head_json":{"title":"Misi\u00f3n - European Tissue Symposium","description":"Misi\u00f3n:\u00a0ETS es una asociaci\u00f3n comercial independiente (sin fines de lucro) para la defensa de los intereses de la industria de tis\u00fa","robots":{"index":"index","follow":"follow","max-snippet":"max-snippet:-1","max-image-preview":"max-image-preview:large","max-video-preview":"max-video-preview:-1"},"canonical":"https:\/\/europeantissue.com\/es\/mision\/","og_locale":"es_ES","og_type":"article","og_title":"Misi\u00f3n - European Tissue Symposium","og_description":"Misi\u00f3n:\u00a0ETS es una asociaci\u00f3n comercial independiente (sin fines de lucro) para la defensa de los intereses de la industria de tis\u00fa","og_url":"https:\/\/europeantissue.com\/es\/mision\/","og_site_name":"European Tissue Symposium","article_modified_time":"2019-07-13T07:46:34+00:00","twitter_card":"summary_large_image","twitter_misc":{"Tiempo de lectura":"1 minuto"},"schema":{"@context":"https:\/\/schema.org","@graph":[{"@type":"WebPage","@id":"https:\/\/europeantissue.com\/es\/mision\/","url":"https:\/\/europeantissue.com\/es\/mision\/","name":"Misi\u00f3n - European Tissue Symposium","isPartOf":{"@id":"https:\/\/europeantissue.com\/de\/#website"},"datePublished":"2015-09-04T08:02:49+00:00","dateModified":"2019-07-13T07:46:34+00:00","description":"Misi\u00f3n:\u00a0ETS es una asociaci\u00f3n comercial independiente (sin fines de lucro) para la defensa de los intereses de la industria de tis\u00fa","breadcrumb":{"@id":"https:\/\/europeantissue.com\/es\/mision\/#breadcrumb"},"inLanguage":"es","potentialAction":[{"@type":"ReadAction","target":["https:\/\/europeantissue.com\/es\/mision\/"]}]},{"@type":"BreadcrumbList","@id":"https:\/\/europeantissue.com\/es\/mision\/#breadcrumb","itemListElement":[{"@type":"ListItem","position":1,"name":"Home","item":"https:\/\/europeantissue.com\/es\/"},{"@type":"ListItem","position":2,"name":"Misi\u00f3n"}]},{"@type":"WebSite","@id":"https:\/\/europeantissue.com\/de\/#website","url":"https:\/\/europeantissue.com\/de\/","name":"European Tissue Symposium","description":"","potentialAction":[{"@type":"SearchAction","target":{"@type":"EntryPoint","urlTemplate":"https:\/\/europeantissue.com\/de\/?s={search_term_string}"},"query-input":{"@type":"PropertyValueSpecification","valueRequired":true,"valueName":"search_term_string"}}],"inLanguage":"es"}]}},"_links":{"self":[{"href":"https:\/\/europeantissue.com\/es\/wp-json\/wp\/v2\/pages\/7513","targetHints":{"allow":["GET"]}}],"collection":[{"href":"https:\/\/europeantissue.com\/es\/wp-json\/wp\/v2\/pages"}],"about":[{"href":"https:\/\/europeantissue.com\/es\/wp-json\/wp\/v2\/types\/page"}],"author":[{"embeddable":true,"href":"https:\/\/europeantissue.com\/es\/wp-json\/wp\/v2\/users\/2"}],"replies":[{"embeddable":true,"href":"https:\/\/europeantissue.com\/es\/wp-json\/wp\/v2\/comments?post=7513"}],"version-history":[{"count":0,"href":"https:\/\/europeantissue.com\/es\/wp-json\/wp\/v2\/pages\/7513\/revisions"}],"wp:attachment":[{"href":"https:\/\/europeantissue.com\/es\/wp-json\/wp\/v2\/media?parent=7513"}],"curies":[{"name":"wp","href":"https:\/\/api.w.org\/{rel}","templated":true}]}}