 {"id":7482,"date":"2015-09-02T16:14:24","date_gmt":"2015-09-02T16:14:24","guid":{"rendered":"http:\/\/europeantissue.com\/?page_id=7482"},"modified":"2018-07-20T10:26:18","modified_gmt":"2018-07-20T10:26:18","slug":"articulo-de-mayo-clinic-proceedings-la-eficacia-de-los-diferentes-sistemas-de-secado-de-manos","status":"publish","type":"page","link":"https:\/\/europeantissue.com\/es\/higiene\/estudios\/articulo-de-mayo-clinic-proceedings-la-eficacia-de-los-diferentes-sistemas-de-secado-de-manos\/","title":{"rendered":"Art\u00edculo de Mayo Clinic Proceedings: la eficacia de los diferentes sistemas de secado de manos: una revisi\u00f3n de la evidencia"},"content":{"rendered":"<p><a href=\"http:\/\/europeantissue.com\/wp-content\/uploads\/Mayo-Clinic-Head.jpg\"><img decoding=\"async\" class=\"aligncenter wp-image-3876 size-full\" title=\"Mayo Clinic Head\" src=\"http:\/\/europeantissue.com\/wp-content\/uploads\/Mayo-Clinic-Head.jpg\" alt=\"Mayo Clinic Proceedings\" width=\"966\" height=\"106\" \/><\/a><\/p>\n<p><em>Revista cient\u00edfica de punta y una de las \u00ab<strong><span style=\"color: #33729c\">revistas cl\u00ednicas revisadas por expertos<\/span><\/strong>\u00bb especializados en medicina general, <span style=\"color: #33729c\"><strong>Mayo Clinic Proceedings<\/strong><\/span> es uno de los trabajos cient\u00edficos m\u00e1s le\u00eddos para los m\u00e9dicos y frecuentemente citado, con una tirada de alrededor de 124.000. Publicado continuamente desde 1926, el contenido de los \u00abProceedings\u00bb \u00a0ha presentado art\u00edculos de investigaci\u00f3n relacionados con la conquista de Premios Nobel. Entre otros estudios, los autores se refieren al estudio realizado en 2008 por la Universidad de Westminster, patrocinados por ETS (y tambi\u00e9n para el estudio de &#8216;University de Bradford, apoyado por un fabricante de secadores de manos el\u00e9ctricos).<\/em><\/p>\n<p><span style=\"color: #2373a1\"><strong>Este importante art\u00edculo, publicado en junio de 2012 en la revista cl\u00ednica revisada por pares \u00abMayo Clinic Proceedings\u00bb, muestra la clara superioridad de las toallas de papel que los secadores de aire desde el punto de vista de Higiene.<\/p>\n<p><\/strong><\/span><\/p>\n<h3>Resumen del art\u00edculo<\/h3>\n<p>La <strong>transmisi\u00f3n de bacterias ocurre m\u00e1s f\u00e1cilmente de la piel h\u00fameda<\/strong>; por lo tanto, es adecuado secarse las manos despu\u00e9s de lavarlas y esto debe considerarse un elemento esencial del higiene de las manos, en especial en Instituciones sanitarias.\u00a0<br \/>El art\u00edculo revisa sistem\u00e1ticamente las investigaciones de la eficacia, desde el punto de vista de la higiene, de varios sistemas para el secado de manos.<br \/>Una investigaci\u00f3n sobre la literatura cient\u00edfica sobre este tema fue realizado en abril de 2011, con el uso de bases de datos electr\u00f3nicas PubMed, Scopus y Web of Science. Los t\u00e9rminos utilizados fueron: \u00absecador de manos\u00bb y \u00absecado de manos\u00bb.<br \/>\u00a0La investigaci\u00f3n se centr\u00f3 en los art\u00edculos publicados en Ingl\u00e9s desde enero 1970 hasta marzo de 2011. <br \/><strong>Se examinaron doce estudios<\/strong>.<br \/>La eficacia en el secado de las manos incluye tres aspectos: <strong>la velocidad de secado, el nivel de seco alcanzado, una eliminaci\u00f3n eficaz de bacterias y evitar la contaminaci\u00f3n a otras personas y superficies.<\/strong><br \/>La revisi\u00f3n de los estudios existentes encontr\u00f3 poco acuerdo acerca de la eficacia de los secadores el\u00e9ctricos.<br \/>Sin embargo, la <strong>mayor\u00eda de los estudios indica\u00a0que las toallas de papel son muy eficientes en secar las manos, eficaz en la eliminaci\u00f3n de bacteria y no contaminan al cuarto de ba\u00f1o en el que se insertan<\/strong>. <span style=\"color: #ff0000\"><strong>Desde el punto de vista de la higiene, las \u00a0toallas de papel son superiores a los secadores el\u00e9ctricos. La utilizaci\u00f3n de toallas de papel debe ser recomendada en zonas en qual el higiene es esencial, como hospitales y cl\u00ednicas.<\/strong><\/span><\/p>\n<p>En 2009 la gripe porcina A (H1N1) se convirti\u00f3 en pandemia para los seres humanos y esto recuerda a todos los trabajadores de la salud y las comunidades la importancia de la higiene de manos, para prevenir la propagaci\u00f3n de enfermedades.<br \/>La eficacia de la higiene de las manos en el control de la infecciones se reconoci\u00f3 desde las observaciones de Semmelweis en 1847, que un lavado de manos eficaz reduce la mortalidad de las mujeres que sufren de fiebre puerperal. Durante siglos, l\u00e1varse bien las manos se consider\u00f3 la medida m\u00e1s importante para reducir el riesgo de infecci\u00f3n en el cuidado de la salud.<\/p>\n<p>El lavado de manos se lleva a cabo con jab\u00f3n normal o antimicrobiano y agua. En la pr\u00e1ctica, puede variar considerablemente de un enjuague r\u00e1pido a un lavado a fondo, frot\u00e1ndolas cuidadosamente. <br \/>Lav\u00e1ndose las manos correctamente, se ha producido <strong>una reducci\u00f3n significativa de las enfermedades infecciosas en diferentes situaciones, como las instituciones de salud, industrias alimentarias, los centros en que los ni\u00f1os viven, escuelas y todas las situaciones p\u00fablicas y dom\u00e9sticas.<\/strong><br \/>Hasta ahora, sin embargo, un gran n\u00famero de estudios se centr\u00f3 en las t\u00e9cnicas de lavado de manos, la selecci\u00f3n y gesti\u00f3n de los ingredientes activos para el lavado, y la manera de mejorar el cumplimiento de los procedimientos de higiene de las manos por los trabajadores sanitarios. Se sabe menos sobre el papel del secado de las manos despu\u00e9s de lavarlas y la eficacia de los diferentes sistemas con el fin de reducir la contaminaci\u00f3n.<\/p>\n<div class=\"fusion-fullwidth fullwidth-box fusion-builder-row-1 hundred-percent-fullwidth non-hundred-percent-height-scrolling\" style=\"--awb-border-radius-top-left:0px;--awb-border-radius-top-right:0px;--awb-border-radius-bottom-right:0px;--awb-border-radius-bottom-left:0px;--awb-overflow:visible;--awb-flex-wrap:wrap;\" ><div class=\"fusion-builder-row fusion-row\"><div class=\"fusion-layout-column fusion_builder_column fusion-builder-column-0 fusion_builder_column_1_1 1_1 fusion-one-full fusion-column-first fusion-column-last fusion-column-no-min-height\" style=\"--awb-bg-size:cover;--awb-margin-bottom:0px;\"><div class=\"fusion-column-wrapper fusion-flex-column-wrapper-legacy\"><div id=\"attachment_3939\" style=\"width: 310px\" class=\"wp-caption alignright\"><a href=\"http:\/\/www.youtube.com\/watch?v=3w2CC3KJrrg\"><img decoding=\"async\" aria-describedby=\"caption-attachment-3939\" class=\"wp-image-3939 size-medium\" title=\"Video - The Hygienic Efficacy of Different Hand-Drying Methods\" src=\"http:\/\/europeantissue.com\/wp-content\/uploads\/Video-The-Hygienic-Efficacy-of-Different-Hand-Drying-Methods-300x230.jpg\" alt=\"Video Mayo Clinic Proceedings\" width=\"300\" height=\"230\" \/><\/a><p id=\"caption-attachment-3939\" class=\"wp-caption-text\">Video Mayo Clinic Proceedings<\/p><\/div>\n<p><span style=\"color: #1f528f\"><strong>Un adecuado secado de manos debe ser un elemento esencial de procedimientos eficaces para la higiene de las manos.<\/strong> <\/span><a href=\"http:\/\/www.youtube.com\/watch?v=3w2CC3KJrrg\">(Uno de los autores del &#8216;art\u00edculo explica las principales conclusiones en este video)<\/a><\/p>\n<p>Coates y otros han llegado a la conclusi\u00f3n en su estudio que lavarse las manos con agua y jab\u00f3n o con agua sola, asociados al secarlas con toallas de papel puede eliminar eficazmente las bacterias de las manos. Pero, si sus manos solamente se agitan despu\u00e9s del lavado, algunas bacterias probablemente pueden permanecer.<br \/>Patrick y otros han analizado la relaci\u00f3n entre la cantidad de agua residual que queda en las manos y los niveles de transmisi\u00f3n bacteriana.<br \/>La transmisi\u00f3n bacteriana ocurre mucho m\u00e1s f\u00e1cilmente de las manos h\u00famedas que de las manos secas.<br \/>Feliz y otros tambi\u00e9n han confirmado la importancia del papel del agua residual en las manos al nivel de contaminaci\u00f3n asociada al tocar superficies.<\/p>\n<p>A pesar de que los estudios han confirmado la importancia de un secado cuidadoso de las manos despu\u00e9s de lavarlas, el papel del secado de manos <strong>no ha sido ampliamente promovido<\/strong>, y su <strong>importancia para un buen control de la higiene de las manos y la infecci\u00f3n parece haber sido pasado por alto .<\/strong><br \/>La falta de atenci\u00f3n a este aspecto puede cancelar los beneficios de un lavado a fondo en ambientes sanitarios.<br \/>Por el momento, <strong>pocas investigaciones<\/strong> se han llevado a cabo para examinar la contribuci\u00f3n que un correcto secado asegura el secado de las manos.<br \/>El prop\u00f3sito de este art\u00edculo es proporcionar una <strong>revisi\u00f3n sistem\u00e1tica de los estudios<\/strong> que han examinado el funcionamiento de los diferentes sistemas de secado de manos y dar indicaciones para la investigaci\u00f3n futura.\u00a0<\/p>\n<h3>Aspectos fundamentales del art\u00edculo publicado en Mayo Clinic Proceedings<\/h3>\n<p>\u25a0 Lavarse las manos es la<strong> medida m\u00e1s importante para reducir el riesgo de infecci\u00f3n<\/strong> en ambientes sanitarios.<\/p>\n<p>\u25a0 Como la transmisi\u00f3n de bacterias tiene lugar sobre todo de la piel h\u00fameda que de la piel seca, <strong>un secado de manos adecuado despu\u00e9s del lavado debe ser un elemento esencial de los procedimientos de higiene de las manos.<\/strong><\/p>\n<p>\u25a0 La eficacia a los efectos de la higiene del secado de manos <strong>incluye la eficiencia en el secado, una eliminaci\u00f3n efectiva de las bacterias, y la prevenci\u00f3n de contaminaci\u00f3n entre una persona y otra.<\/strong><\/p>\n<p>\u25a0 Desde el punto de vista de la <strong>higiene<\/strong>, <span style=\"color: #ff0000\"><strong>las toallas de papel son superiores a los secadores el\u00e9ctricos.<\/strong><\/span><\/p>\n<p>\u25a0 <strong><span style=\"color: #ff0000\">Secar las manos a fondo a trav\u00e9s de una toalla de papel que se utiliza s\u00f3lo una vez, desechables es el m\u00e9todo preferido en el cuidado de la salud<\/span><\/strong>.<\/p>\n<p>\u25a0 El suministro de toallas de papel debe ser visto como un medio <strong>para mejorar el cumplimiento de las normas de higiene de las manos entre los trabajadores de la salud<\/p>\n<p><\/strong><\/p>\n<p><strong>Puede descargar la publicaci\u00f3n \u00edntegra <div class=\"fusion-clearfix\"><\/div><\/div><\/div><div class=\"fusion-layout-column fusion_builder_column fusion-builder-column-1 fusion_builder_column_1_1 1_1 fusion-one-full fusion-column-first fusion-column-last fusion-column-no-min-height\" style=\"--awb-bg-size:cover;--awb-margin-bottom:0px;\"><div class=\"fusion-column-wrapper fusion-flex-column-wrapper-legacy\">[en Ingl\u00e9s] del articulo publicado en Mayo Clinic Proceedings en este enlace:<\/strong> <a href=\"http:\/\/europeantissue.com\/wp-content\/uploads\/Mayo-Clinic-The-Hygienic-Efficacy-of-Different-Hand-Drying-Methods.pdf\">Mayo Clinic proceso- La Higi\u00e9nica eficacia de diferentes m\u00e9todos para secar las manos<\/a><\/p>\n<p><strong>Tambi\u00e9n puede leer el blog del art\u00edculo del Washington Post en Mayo Clinic Proceedings en este enlace<\/strong>: <a href=\"http:\/\/www.washingtonpost.com\/blogs\/compost\/wp\/2012\/12\/14\/the-paper-towel-hand-dryer-wars-are-over\/\">Las guerras de toallas de papel y secadores electricos\u00a0se acab\u00f2<\/a><\/p>\n<h3>\u00a0<\/h3>\n<p>&nbsp;<\/p>\n<div class=\"fusion-clearfix\"><\/div><\/div><\/div><\/div><\/div>\n","protected":false},"excerpt":{"rendered":"<p>Revista cient\u00edfica de punta y una de las \u00abrevistas cl\u00ednicas revisadas por expertos\u00bb especializados en medicina general, Mayo Clinic Proceedings es uno de los trabajos cient\u00edficos m\u00e1s le\u00eddos para los m\u00e9dicos y frecuentemente citado, con una tirada de alrededor de 124.000. Publicado continuamente desde 1926, el contenido de los \u00abProceedings\u00bb \u00a0ha presentado art\u00edculos de investigaci\u00f3n  [&#8230;]<\/p>\n","protected":false},"author":2,"featured_media":0,"parent":7438,"menu_order":4,"comment_status":"open","ping_status":"closed","template":"","meta":{"_monsterinsights_skip_tracking":false,"_monsterinsights_sitenote_active":false,"_monsterinsights_sitenote_note":"","_monsterinsights_sitenote_category":0,"ngg_post_thumbnail":0,"footnotes":""},"class_list":["post-7482","page","type-page","status-publish","hentry"],"yoast_head":"<!-- This site is optimized with the Yoast SEO plugin v26.3 - https:\/\/yoast.com\/wordpress\/plugins\/seo\/ -->\n<title>Art\u00edculo de Mayo Clinic Proceedings: la eficacia de los diferentes sistemas de secado de manos: una revisi\u00f3n de la evidencia - European Tissue Symposium<\/title>\n<meta name=\"description\" content=\"Mayo Clinic Proceedings:\u00a0Secar las manos a fondo a trav\u00e9s de una toalla de papel que se utiliza s\u00f3lo una vez, desechables es el m\u00e9todo preferido en el cuidado de la salud\" \/>\n<meta name=\"robots\" content=\"index, follow, max-snippet:-1, max-image-preview:large, max-video-preview:-1\" \/>\n<link rel=\"canonical\" href=\"https:\/\/europeantissue.com\/es\/higiene\/estudios\/articulo-de-mayo-clinic-proceedings-la-eficacia-de-los-diferentes-sistemas-de-secado-de-manos\/\" \/>\n<meta property=\"og:locale\" content=\"es_ES\" \/>\n<meta property=\"og:type\" content=\"article\" \/>\n<meta property=\"og:title\" content=\"Art\u00edculo de Mayo Clinic Proceedings: la eficacia de los diferentes sistemas de secado de manos: una revisi\u00f3n de la evidencia - European Tissue Symposium\" \/>\n<meta property=\"og:description\" content=\"Mayo Clinic Proceedings:\u00a0Secar las manos a fondo a trav\u00e9s de una toalla de papel que se utiliza s\u00f3lo una vez, desechables es el m\u00e9todo preferido en el cuidado de la salud\" \/>\n<meta property=\"og:url\" content=\"https:\/\/europeantissue.com\/es\/higiene\/estudios\/articulo-de-mayo-clinic-proceedings-la-eficacia-de-los-diferentes-sistemas-de-secado-de-manos\/\" \/>\n<meta property=\"og:site_name\" content=\"European Tissue Symposium\" \/>\n<meta property=\"article:modified_time\" content=\"2018-07-20T10:26:18+00:00\" \/>\n<meta property=\"og:image\" content=\"http:\/\/europeantissue.com\/wp-content\/uploads\/Mayo-Clinic-Head.jpg\" \/>\n<meta name=\"twitter:card\" content=\"summary_large_image\" \/>\n<meta name=\"twitter:label1\" content=\"Tiempo de lectura\" \/>\n\t<meta name=\"twitter:data1\" content=\"7 minutos\" \/>\n<script type=\"application\/ld+json\" class=\"yoast-schema-graph\">{\"@context\":\"https:\/\/schema.org\",\"@graph\":[{\"@type\":\"WebPage\",\"@id\":\"https:\/\/europeantissue.com\/es\/higiene\/estudios\/articulo-de-mayo-clinic-proceedings-la-eficacia-de-los-diferentes-sistemas-de-secado-de-manos\/\",\"url\":\"https:\/\/europeantissue.com\/es\/higiene\/estudios\/articulo-de-mayo-clinic-proceedings-la-eficacia-de-los-diferentes-sistemas-de-secado-de-manos\/\",\"name\":\"Art\u00edculo de Mayo Clinic Proceedings: la eficacia de los diferentes sistemas de secado de manos: una revisi\u00f3n de la evidencia - European Tissue Symposium\",\"isPartOf\":{\"@id\":\"https:\/\/europeantissue.com\/de\/#website\"},\"primaryImageOfPage\":{\"@id\":\"https:\/\/europeantissue.com\/es\/higiene\/estudios\/articulo-de-mayo-clinic-proceedings-la-eficacia-de-los-diferentes-sistemas-de-secado-de-manos\/#primaryimage\"},\"image\":{\"@id\":\"https:\/\/europeantissue.com\/es\/higiene\/estudios\/articulo-de-mayo-clinic-proceedings-la-eficacia-de-los-diferentes-sistemas-de-secado-de-manos\/#primaryimage\"},\"thumbnailUrl\":\"http:\/\/europeantissue.com\/wp-content\/uploads\/Mayo-Clinic-Head.jpg\",\"datePublished\":\"2015-09-02T16:14:24+00:00\",\"dateModified\":\"2018-07-20T10:26:18+00:00\",\"description\":\"Mayo Clinic Proceedings:\u00a0Secar las manos a fondo a trav\u00e9s de una toalla de papel que se utiliza s\u00f3lo una vez, desechables es el m\u00e9todo preferido en el cuidado de la salud\",\"breadcrumb\":{\"@id\":\"https:\/\/europeantissue.com\/es\/higiene\/estudios\/articulo-de-mayo-clinic-proceedings-la-eficacia-de-los-diferentes-sistemas-de-secado-de-manos\/#breadcrumb\"},\"inLanguage\":\"es\",\"potentialAction\":[{\"@type\":\"ReadAction\",\"target\":[\"https:\/\/europeantissue.com\/es\/higiene\/estudios\/articulo-de-mayo-clinic-proceedings-la-eficacia-de-los-diferentes-sistemas-de-secado-de-manos\/\"]}]},{\"@type\":\"ImageObject\",\"inLanguage\":\"es\",\"@id\":\"https:\/\/europeantissue.com\/es\/higiene\/estudios\/articulo-de-mayo-clinic-proceedings-la-eficacia-de-los-diferentes-sistemas-de-secado-de-manos\/#primaryimage\",\"url\":\"http:\/\/europeantissue.com\/wp-content\/uploads\/Mayo-Clinic-Head.jpg\",\"contentUrl\":\"http:\/\/europeantissue.com\/wp-content\/uploads\/Mayo-Clinic-Head.jpg\"},{\"@type\":\"BreadcrumbList\",\"@id\":\"https:\/\/europeantissue.com\/es\/higiene\/estudios\/articulo-de-mayo-clinic-proceedings-la-eficacia-de-los-diferentes-sistemas-de-secado-de-manos\/#breadcrumb\",\"itemListElement\":[{\"@type\":\"ListItem\",\"position\":1,\"name\":\"Home\",\"item\":\"https:\/\/europeantissue.com\/es\/\"},{\"@type\":\"ListItem\",\"position\":2,\"name\":\"Higiene\",\"item\":\"https:\/\/europeantissue.com\/es\/higiene\/\"},{\"@type\":\"ListItem\",\"position\":3,\"name\":\"Estudios\",\"item\":\"https:\/\/europeantissue.com\/es\/higiene\/estudios\/\"},{\"@type\":\"ListItem\",\"position\":4,\"name\":\"Art\u00edculo de Mayo Clinic Proceedings: la eficacia de los diferentes sistemas de secado de manos: una revisi\u00f3n de la evidencia\"}]},{\"@type\":\"WebSite\",\"@id\":\"https:\/\/europeantissue.com\/de\/#website\",\"url\":\"https:\/\/europeantissue.com\/de\/\",\"name\":\"European Tissue Symposium\",\"description\":\"\",\"potentialAction\":[{\"@type\":\"SearchAction\",\"target\":{\"@type\":\"EntryPoint\",\"urlTemplate\":\"https:\/\/europeantissue.com\/de\/?s={search_term_string}\"},\"query-input\":{\"@type\":\"PropertyValueSpecification\",\"valueRequired\":true,\"valueName\":\"search_term_string\"}}],\"inLanguage\":\"es\"}]}<\/script>\n<!-- \/ Yoast SEO plugin. -->","yoast_head_json":{"title":"Art\u00edculo de Mayo Clinic Proceedings: la eficacia de los diferentes sistemas de secado de manos: una revisi\u00f3n de la evidencia - European Tissue Symposium","description":"Mayo Clinic Proceedings:\u00a0Secar las manos a fondo a trav\u00e9s de una toalla de papel que se utiliza s\u00f3lo una vez, desechables es el m\u00e9todo preferido en el cuidado de la salud","robots":{"index":"index","follow":"follow","max-snippet":"max-snippet:-1","max-image-preview":"max-image-preview:large","max-video-preview":"max-video-preview:-1"},"canonical":"https:\/\/europeantissue.com\/es\/higiene\/estudios\/articulo-de-mayo-clinic-proceedings-la-eficacia-de-los-diferentes-sistemas-de-secado-de-manos\/","og_locale":"es_ES","og_type":"article","og_title":"Art\u00edculo de Mayo Clinic Proceedings: la eficacia de los diferentes sistemas de secado de manos: una revisi\u00f3n de la evidencia - European Tissue Symposium","og_description":"Mayo Clinic Proceedings:\u00a0Secar las manos a fondo a trav\u00e9s de una toalla de papel que se utiliza s\u00f3lo una vez, desechables es el m\u00e9todo preferido en el cuidado de la salud","og_url":"https:\/\/europeantissue.com\/es\/higiene\/estudios\/articulo-de-mayo-clinic-proceedings-la-eficacia-de-los-diferentes-sistemas-de-secado-de-manos\/","og_site_name":"European Tissue Symposium","article_modified_time":"2018-07-20T10:26:18+00:00","og_image":[{"url":"http:\/\/europeantissue.com\/wp-content\/uploads\/Mayo-Clinic-Head.jpg","type":"","width":"","height":""}],"twitter_card":"summary_large_image","twitter_misc":{"Tiempo de lectura":"7 minutos"},"schema":{"@context":"https:\/\/schema.org","@graph":[{"@type":"WebPage","@id":"https:\/\/europeantissue.com\/es\/higiene\/estudios\/articulo-de-mayo-clinic-proceedings-la-eficacia-de-los-diferentes-sistemas-de-secado-de-manos\/","url":"https:\/\/europeantissue.com\/es\/higiene\/estudios\/articulo-de-mayo-clinic-proceedings-la-eficacia-de-los-diferentes-sistemas-de-secado-de-manos\/","name":"Art\u00edculo de Mayo Clinic Proceedings: la eficacia de los diferentes sistemas de secado de manos: una revisi\u00f3n de la evidencia - European Tissue Symposium","isPartOf":{"@id":"https:\/\/europeantissue.com\/de\/#website"},"primaryImageOfPage":{"@id":"https:\/\/europeantissue.com\/es\/higiene\/estudios\/articulo-de-mayo-clinic-proceedings-la-eficacia-de-los-diferentes-sistemas-de-secado-de-manos\/#primaryimage"},"image":{"@id":"https:\/\/europeantissue.com\/es\/higiene\/estudios\/articulo-de-mayo-clinic-proceedings-la-eficacia-de-los-diferentes-sistemas-de-secado-de-manos\/#primaryimage"},"thumbnailUrl":"http:\/\/europeantissue.com\/wp-content\/uploads\/Mayo-Clinic-Head.jpg","datePublished":"2015-09-02T16:14:24+00:00","dateModified":"2018-07-20T10:26:18+00:00","description":"Mayo Clinic Proceedings:\u00a0Secar las manos a fondo a trav\u00e9s de una toalla de papel que se utiliza s\u00f3lo una vez, desechables es el m\u00e9todo preferido en el cuidado de la salud","breadcrumb":{"@id":"https:\/\/europeantissue.com\/es\/higiene\/estudios\/articulo-de-mayo-clinic-proceedings-la-eficacia-de-los-diferentes-sistemas-de-secado-de-manos\/#breadcrumb"},"inLanguage":"es","potentialAction":[{"@type":"ReadAction","target":["https:\/\/europeantissue.com\/es\/higiene\/estudios\/articulo-de-mayo-clinic-proceedings-la-eficacia-de-los-diferentes-sistemas-de-secado-de-manos\/"]}]},{"@type":"ImageObject","inLanguage":"es","@id":"https:\/\/europeantissue.com\/es\/higiene\/estudios\/articulo-de-mayo-clinic-proceedings-la-eficacia-de-los-diferentes-sistemas-de-secado-de-manos\/#primaryimage","url":"http:\/\/europeantissue.com\/wp-content\/uploads\/Mayo-Clinic-Head.jpg","contentUrl":"http:\/\/europeantissue.com\/wp-content\/uploads\/Mayo-Clinic-Head.jpg"},{"@type":"BreadcrumbList","@id":"https:\/\/europeantissue.com\/es\/higiene\/estudios\/articulo-de-mayo-clinic-proceedings-la-eficacia-de-los-diferentes-sistemas-de-secado-de-manos\/#breadcrumb","itemListElement":[{"@type":"ListItem","position":1,"name":"Home","item":"https:\/\/europeantissue.com\/es\/"},{"@type":"ListItem","position":2,"name":"Higiene","item":"https:\/\/europeantissue.com\/es\/higiene\/"},{"@type":"ListItem","position":3,"name":"Estudios","item":"https:\/\/europeantissue.com\/es\/higiene\/estudios\/"},{"@type":"ListItem","position":4,"name":"Art\u00edculo de Mayo Clinic Proceedings: la eficacia de los diferentes sistemas de secado de manos: una revisi\u00f3n de la evidencia"}]},{"@type":"WebSite","@id":"https:\/\/europeantissue.com\/de\/#website","url":"https:\/\/europeantissue.com\/de\/","name":"European Tissue Symposium","description":"","potentialAction":[{"@type":"SearchAction","target":{"@type":"EntryPoint","urlTemplate":"https:\/\/europeantissue.com\/de\/?s={search_term_string}"},"query-input":{"@type":"PropertyValueSpecification","valueRequired":true,"valueName":"search_term_string"}}],"inLanguage":"es"}]}},"_links":{"self":[{"href":"https:\/\/europeantissue.com\/es\/wp-json\/wp\/v2\/pages\/7482","targetHints":{"allow":["GET"]}}],"collection":[{"href":"https:\/\/europeantissue.com\/es\/wp-json\/wp\/v2\/pages"}],"about":[{"href":"https:\/\/europeantissue.com\/es\/wp-json\/wp\/v2\/types\/page"}],"author":[{"embeddable":true,"href":"https:\/\/europeantissue.com\/es\/wp-json\/wp\/v2\/users\/2"}],"replies":[{"embeddable":true,"href":"https:\/\/europeantissue.com\/es\/wp-json\/wp\/v2\/comments?post=7482"}],"version-history":[{"count":0,"href":"https:\/\/europeantissue.com\/es\/wp-json\/wp\/v2\/pages\/7482\/revisions"}],"up":[{"embeddable":true,"href":"https:\/\/europeantissue.com\/es\/wp-json\/wp\/v2\/pages\/7438"}],"wp:attachment":[{"href":"https:\/\/europeantissue.com\/es\/wp-json\/wp\/v2\/media?parent=7482"}],"curies":[{"name":"wp","href":"https:\/\/api.w.org\/{rel}","templated":true}]}}