 {"id":7442,"date":"2015-09-02T14:01:04","date_gmt":"2015-09-02T14:01:04","guid":{"rendered":"http:\/\/europeantissue.com\/?page_id=7442"},"modified":"2015-11-25T08:37:48","modified_gmt":"2015-11-25T08:37:48","slug":"higiene","status":"publish","type":"page","link":"https:\/\/europeantissue.com\/es\/higiene\/","title":{"rendered":"Higiene"},"content":{"rendered":"<p>Un mejor nivel de higiene es una necesidad creciente, tanto en el hogar como fuera de casa. Las condiciones higi\u00e9nicas mejoradas han conllevado unos incrementos espectaculares de la calidad de vida y tambi\u00e9n incluso de la vida media. La innovaci\u00f3n acarrea la introducci\u00f3n continua de <span style=\"color: #216d94\"><strong>productos de papel tis\u00fa nuevos o mejorados<\/strong><\/span>, que garantizan la calidad y confort de los usuarios.<\/p>\n<p><span style=\"color: #216d94\"><strong>Los productos de papel<\/strong> <\/span>se llevan utilizando desde hace siglos para mejorar la <span style=\"color: #216d94\"><strong>higiene<\/strong><\/span>, pero los art\u00edculos de papel tis\u00fa, como los conocemos hoy, se difundieron por el mundo a partir de mediados de los a\u00f1os 40 del siglo pasado.<\/p>\n<p>Los productos de papel tis\u00fa utilizados para la higiene se fabrican en forma de <span style=\"color: #216d94\"><strong>pa\u00f1uelos de papel en formatos grandes y para llevar, servilletas, papel higi\u00e9nico, rollos de papel para el hogar y toallitas de papel para secarse las manos fuera de casa, bayetas industriales<\/strong><\/span>, etc.<\/p>\n<p>En esta secci\u00f3n, dedicada a la <strong>higiene<\/strong>, se tratan diversos temas,\u00a0incluyendo estudios de <span style=\"color: #216d94\"><strong>Higiene<\/strong><\/span>, <span style=\"color: #216d94\"><strong>recomendaciones oficiales sobre el lavado y secado de las manos<\/strong><\/span> de todo el mundo y entre ellos:<\/p>\n<p>(Hacer click para ver la p\u00e1gina correspondiente):<\/p>\n<ul>\n<li><a href=\"https:\/\/europeantissue.com\/es\/higiene\/estudios\/comparacion-de-diferentes-metodos-para-secar-las-manos-el-potencial-para-la-dispersion-de-microbios-en-el-aire-y-la-contaminacion\/?lang=es\">Comparaci\u00f3n de los diferentes sistemas de secado de manos en funci\u00f3n de su potencial de fugas de los microbios en la contaminaci\u00f3n del aire (University of Westminster estudio revisado por pares 2015)<\/a><\/li>\n<li><a href=\"https:\/\/europeantissue.com\/es\/higiene\/estudios\/estudio-sobre-el-potencial-de-contaminacion-del-entorno-2014\/?lang=es\">Estudio del potencial de contaminaci\u00f3n del medio ambiente (revisado estudio de la Universidad de Leeds 2014)<\/a><\/li>\n<li><a href=\"https:\/\/europeantissue.com\/es\/higiene\/estudios\/articulo-de-mayo-clinic-proceedings-la-eficacia-de-los-diferentes-sistemas-de-secado-de-manos\/?lang=es\">Publicado el Mayo Clinic Proceedings: La eficacia de diferentes sistemas de secado higi\u00e9nico de las manos (2012)<\/a><\/li>\n<li><a href=\"https:\/\/europeantissue.com\/hygiene\/studies\/alcohol-based-disinfectant-vs-hand-washing-which-fights-noroviruses-better\/\">Lo mejor lucha Norovirus, desinfectantes o el lavado de manos a base de alcohol? (Art\u00edculo revisado por pares 2015)<\/a><\/li>\n<li><a href=\"https:\/\/europeantissue.com\/hygiene\/studies\/eurofins-inlab-study\/\">El estudio Eurofins-Inlab higiene de los ba\u00f1os, (2012)<\/a><\/li>\n<li><a href=\"https:\/\/europeantissue.com\/es\/como-lavarse-y-secarse-las-manos-indicaciones-de-los-cdc\/?lang=es\">C\u00f3mo lavarse las manos &#8211; Conceptos b\u00e1sicos C\u00f3digo Higiene de las manos de los CDC (EE.UU.)<\/a><\/li>\n<li><a href=\"https:\/\/europeantissue.com\/es\/secarse-las-manos-recomendaciones-de-oms-who\/?lang=es\">C\u00f3mo lavarse las manos &#8211; Recomendaciones de la Organizaci\u00f3n Mundial de la Salud (OMS &#8211; Organizaci\u00f3n Mundial de la Salud de la OMS)<\/a><\/li>\n<li><a href=\"https:\/\/europeantissue.com\/es\/co\/?lang=es\">C\u00f3mo lavarse las manos &#8211; indicaciones de la Agencia de Protecci\u00f3n de la Salud del Reino Unido y del NHS<\/a><\/li>\n<li><a href=\"https:\/\/europeantissue.com\/es\/secado-de-las-manos-en-las-areas-de-preparacion-de-alimentos\/?lang=es\">Secado del las manos\u00a0en \u00e1reas de preparaci\u00f3n de alimentos<\/a><\/li>\n<li><a href=\"https:\/\/europeantissue.com\/hygiene\/official-recommendations\/hygiene-in-the-world\/\">Higiene en el mundo<\/a><\/li>\n<li><a href=\"https:\/\/europeantissue.com\/hygiene\/participation-in-events\/ets-at-issa-interclean-amsterdam-april-2010\/\">ETS en ISSA Interclean &#8211; Amsterdam en abril de 2010<\/a><\/li>\n<li><a href=\"https:\/\/europeantissue.com\/hygiene\/official-recommendations\/official-recommendations-on-hand-drying\/\">Recomendaciones sobre el lavado y secado de las manos &#8211; (Parte 1: OMS &#8211; UE &#8211; B\u00e9lgica)<\/a><\/li>\n<li><a href=\"https:\/\/europeantissue.com\/hygiene\/official-recommendations\/official-recommendations-on-hand-washing-and-drying-2\/\">Recomendaciones sobre el lavado y secado de manos: toallas de papel, toallas de tela, Secadoras y El\u00e9ctrica (Parte 2 &#8211; Francia)<\/a><\/li>\n<li><a href=\"https:\/\/europeantissue.com\/hygiene\/\">Recomendaciones sobre el lavado y secado de manos: toallas de papel, toallas de tela, Secadoras y el\u00e9ctrico (parte 3 &#8211; UK)<\/a><\/li>\n<li><a href=\"https:\/\/europeantissue.com\/hygiene\/official-recommendations\/official-recommendations-on-hand-washing-and-drying-4-australia-canada-usa\/\">Recomendaciones sobre el lavado y secado de manos: toallas de papel, toallas de tela, Secadoras y El\u00e9ctrica (Parte 4 &#8211; Australia &#8211; Canad\u00e1 &#8211; EE.UU.)<\/a><\/li>\n<li><a href=\"https:\/\/europeantissue.com\/hygiene\/official-recommendations\/the-infection-risk-associated-with-clothing-and-household-linens\/\">El\u00a0Riesgo de infecciones asociado con\u00a0las toallas para el hogar<\/a><\/li>\n<\/ul>\n","protected":false},"excerpt":{"rendered":"<p>Un mejor nivel de higiene es una necesidad creciente, tanto en el hogar como fuera de casa. Las condiciones higi\u00e9nicas mejoradas han conllevado unos incrementos espectaculares de la calidad de vida y tambi\u00e9n incluso de la vida media. La innovaci\u00f3n acarrea la introducci\u00f3n continua de productos de papel tis\u00fa nuevos o mejorados, que garantizan la  [&#8230;]<\/p>\n","protected":false},"author":2,"featured_media":0,"parent":0,"menu_order":3,"comment_status":"open","ping_status":"closed","template":"","meta":{"_monsterinsights_skip_tracking":false,"_monsterinsights_sitenote_active":false,"_monsterinsights_sitenote_note":"","_monsterinsights_sitenote_category":0,"ngg_post_thumbnail":0,"footnotes":""},"class_list":["post-7442","page","type-page","status-publish","hentry"],"yoast_head":"<!-- This site is optimized with the Yoast SEO plugin v26.3 - https:\/\/yoast.com\/wordpress\/plugins\/seo\/ -->\n<title>Higiene - European Tissue Symposium<\/title>\n<meta name=\"description\" content=\"Un mejor nivel de higiene es una necesidad creciente.\u00a0Los productos de papel\u00a0se llevan utilizando desde hace siglos para mejorar la\u00a0higiene\" \/>\n<meta name=\"robots\" content=\"index, follow, max-snippet:-1, max-image-preview:large, max-video-preview:-1\" \/>\n<link rel=\"canonical\" href=\"https:\/\/europeantissue.com\/es\/higiene\/\" \/>\n<meta property=\"og:locale\" content=\"es_ES\" \/>\n<meta property=\"og:type\" content=\"article\" \/>\n<meta property=\"og:title\" content=\"Higiene - European Tissue Symposium\" \/>\n<meta property=\"og:description\" content=\"Un mejor nivel de higiene es una necesidad creciente.\u00a0Los productos de papel\u00a0se llevan utilizando desde hace siglos para mejorar la\u00a0higiene\" \/>\n<meta property=\"og:url\" content=\"https:\/\/europeantissue.com\/es\/higiene\/\" \/>\n<meta property=\"og:site_name\" content=\"European Tissue Symposium\" \/>\n<meta property=\"article:modified_time\" content=\"2015-11-25T08:37:48+00:00\" \/>\n<meta name=\"twitter:card\" content=\"summary_large_image\" \/>\n<meta name=\"twitter:label1\" content=\"Tiempo de lectura\" \/>\n\t<meta name=\"twitter:data1\" content=\"2 minutos\" \/>\n<script type=\"application\/ld+json\" class=\"yoast-schema-graph\">{\"@context\":\"https:\/\/schema.org\",\"@graph\":[{\"@type\":\"WebPage\",\"@id\":\"https:\/\/europeantissue.com\/es\/higiene\/\",\"url\":\"https:\/\/europeantissue.com\/es\/higiene\/\",\"name\":\"Higiene - European Tissue Symposium\",\"isPartOf\":{\"@id\":\"https:\/\/europeantissue.com\/de\/#website\"},\"datePublished\":\"2015-09-02T14:01:04+00:00\",\"dateModified\":\"2015-11-25T08:37:48+00:00\",\"description\":\"Un mejor nivel de higiene es una necesidad creciente.\u00a0Los productos de papel\u00a0se llevan utilizando desde hace siglos para mejorar la\u00a0higiene\",\"breadcrumb\":{\"@id\":\"https:\/\/europeantissue.com\/es\/higiene\/#breadcrumb\"},\"inLanguage\":\"es\",\"potentialAction\":[{\"@type\":\"ReadAction\",\"target\":[\"https:\/\/europeantissue.com\/es\/higiene\/\"]}]},{\"@type\":\"BreadcrumbList\",\"@id\":\"https:\/\/europeantissue.com\/es\/higiene\/#breadcrumb\",\"itemListElement\":[{\"@type\":\"ListItem\",\"position\":1,\"name\":\"Home\",\"item\":\"https:\/\/europeantissue.com\/es\/\"},{\"@type\":\"ListItem\",\"position\":2,\"name\":\"Higiene\"}]},{\"@type\":\"WebSite\",\"@id\":\"https:\/\/europeantissue.com\/de\/#website\",\"url\":\"https:\/\/europeantissue.com\/de\/\",\"name\":\"European Tissue Symposium\",\"description\":\"\",\"potentialAction\":[{\"@type\":\"SearchAction\",\"target\":{\"@type\":\"EntryPoint\",\"urlTemplate\":\"https:\/\/europeantissue.com\/de\/?s={search_term_string}\"},\"query-input\":{\"@type\":\"PropertyValueSpecification\",\"valueRequired\":true,\"valueName\":\"search_term_string\"}}],\"inLanguage\":\"es\"}]}<\/script>\n<!-- \/ Yoast SEO plugin. -->","yoast_head_json":{"title":"Higiene - European Tissue Symposium","description":"Un mejor nivel de higiene es una necesidad creciente.\u00a0Los productos de papel\u00a0se llevan utilizando desde hace siglos para mejorar la\u00a0higiene","robots":{"index":"index","follow":"follow","max-snippet":"max-snippet:-1","max-image-preview":"max-image-preview:large","max-video-preview":"max-video-preview:-1"},"canonical":"https:\/\/europeantissue.com\/es\/higiene\/","og_locale":"es_ES","og_type":"article","og_title":"Higiene - European Tissue Symposium","og_description":"Un mejor nivel de higiene es una necesidad creciente.\u00a0Los productos de papel\u00a0se llevan utilizando desde hace siglos para mejorar la\u00a0higiene","og_url":"https:\/\/europeantissue.com\/es\/higiene\/","og_site_name":"European Tissue Symposium","article_modified_time":"2015-11-25T08:37:48+00:00","twitter_card":"summary_large_image","twitter_misc":{"Tiempo de lectura":"2 minutos"},"schema":{"@context":"https:\/\/schema.org","@graph":[{"@type":"WebPage","@id":"https:\/\/europeantissue.com\/es\/higiene\/","url":"https:\/\/europeantissue.com\/es\/higiene\/","name":"Higiene - European Tissue Symposium","isPartOf":{"@id":"https:\/\/europeantissue.com\/de\/#website"},"datePublished":"2015-09-02T14:01:04+00:00","dateModified":"2015-11-25T08:37:48+00:00","description":"Un mejor nivel de higiene es una necesidad creciente.\u00a0Los productos de papel\u00a0se llevan utilizando desde hace siglos para mejorar la\u00a0higiene","breadcrumb":{"@id":"https:\/\/europeantissue.com\/es\/higiene\/#breadcrumb"},"inLanguage":"es","potentialAction":[{"@type":"ReadAction","target":["https:\/\/europeantissue.com\/es\/higiene\/"]}]},{"@type":"BreadcrumbList","@id":"https:\/\/europeantissue.com\/es\/higiene\/#breadcrumb","itemListElement":[{"@type":"ListItem","position":1,"name":"Home","item":"https:\/\/europeantissue.com\/es\/"},{"@type":"ListItem","position":2,"name":"Higiene"}]},{"@type":"WebSite","@id":"https:\/\/europeantissue.com\/de\/#website","url":"https:\/\/europeantissue.com\/de\/","name":"European Tissue Symposium","description":"","potentialAction":[{"@type":"SearchAction","target":{"@type":"EntryPoint","urlTemplate":"https:\/\/europeantissue.com\/de\/?s={search_term_string}"},"query-input":{"@type":"PropertyValueSpecification","valueRequired":true,"valueName":"search_term_string"}}],"inLanguage":"es"}]}},"_links":{"self":[{"href":"https:\/\/europeantissue.com\/es\/wp-json\/wp\/v2\/pages\/7442","targetHints":{"allow":["GET"]}}],"collection":[{"href":"https:\/\/europeantissue.com\/es\/wp-json\/wp\/v2\/pages"}],"about":[{"href":"https:\/\/europeantissue.com\/es\/wp-json\/wp\/v2\/types\/page"}],"author":[{"embeddable":true,"href":"https:\/\/europeantissue.com\/es\/wp-json\/wp\/v2\/users\/2"}],"replies":[{"embeddable":true,"href":"https:\/\/europeantissue.com\/es\/wp-json\/wp\/v2\/comments?post=7442"}],"version-history":[{"count":0,"href":"https:\/\/europeantissue.com\/es\/wp-json\/wp\/v2\/pages\/7442\/revisions"}],"wp:attachment":[{"href":"https:\/\/europeantissue.com\/es\/wp-json\/wp\/v2\/media?parent=7442"}],"curies":[{"name":"wp","href":"https:\/\/api.w.org\/{rel}","templated":true}]}}