 {"id":7440,"date":"2015-09-02T13:09:37","date_gmt":"2015-09-02T13:09:37","guid":{"rendered":"http:\/\/europeantissue.com\/?page_id=7440"},"modified":"2018-07-20T10:26:18","modified_gmt":"2018-07-20T10:26:18","slug":"la-higiene-en-el-lavado-de-las-manos","status":"publish","type":"page","link":"https:\/\/europeantissue.com\/es\/la-higiene-en-el-lavado-de-las-manos\/","title":{"rendered":"La higiene en el lavado de las manos"},"content":{"rendered":"<p>Se han realizado muchos estudios sobre los beneficios del <span style=\"color: #296791\"><strong>lavado de las manos<\/strong><\/span> y sobre la eficacia de los diversos elementos implicados en la operaci\u00f3n, pero relativamente pocos sobre la contribuci\u00f3n del<span style=\"color: #296791\"> <strong>secado de las manos<\/strong><\/span> a la higiene.<\/p>\n<p>Para el control efectivo de las infecci\u00f3nes a trav\u00e9s del lavado de las \u00a0manos, tambi\u00e9n debe asegurarse de que no s\u00f3lo sus manos est\u00e9n completamente limpias despu\u00e9s del lavado, sino tambi\u00e9n que <span style=\"color: #2d6991\"><strong>el sistema de secado de manos sea lo m\u00e1s adecuado.<\/strong><\/span><br \/>Prevenci\u00f3n de infecciones y control de la infecci\u00f3n han sido siempre temas serios, pero esto es particularmente cierto en la actualidad, con la propagaci\u00f3n de las infecciones adquiridas en el hospital.<br \/>ETS pidi\u00f3 a un equipo de investigaci\u00f3n en la Universidad de Westminster, dirigido por el microbi\u00f3logo Keith Redway, de estudiar el comportamiento higi\u00e9nico de los varios m\u00e9todos de secado de manos, para tener en cuenta la tecnolog\u00eda y el desarrollo de productos, incluyendo el secador a chorro de aire de nueva generaci\u00f3n recientemente introducido, que no hab\u00eda sido evaluado en anteriores estudios comparativos. La principal metodolog\u00eda utilizada en este estudio es la misma que se hab\u00eda utilizado en el anterior Universidad de Westminster estudios sobre el tema en 1993\/1998.<\/p>\n<p><a href=\"http:\/\/europeantissue.com\/pdfs\/090618%20Westminster%20University%20Study%20key%20findings.pdf\"><img decoding=\"async\" src=\"http:\/\/europeantissue.com\/wp-content\/uploads\/image\/keyfindings.gif\" alt=\"\" width=\"250\" height=\"43\" border=\"0\" \/><\/a> <a href=\"http:\/\/europeantissue.com\/pdfs\/090403-2009%20WUS%20Summary%20of%20the%20comparative%20study%20of%20different%20hand%20drying%20methods,%202009.pdf\"><img decoding=\"async\" src=\"http:\/\/europeantissue.com\/wp-content\/uploads\/image\/TwoSidedSummary.gif\" alt=\"\" width=\"250\" height=\"43\" border=\"0\" \/><\/a> <a href=\"http:\/\/europeantissue.com\/pdfs\/090403-2009%20WUS%20presentation%20Comparative%20study%20of%20different%20hand%20drying%20methods,%20feb2009.pdf\"><img decoding=\"async\" class=\"\" src=\"http:\/\/europeantissue.com\/wp-content\/uploads\/image\/presentationofstudy.gif\" alt=\"\" width=\"250\" height=\"43\" border=\"0\" \/><\/a> <a href=\"http:\/\/europeantissue.com\/pdfs\/090402-2008%20WUS%20Westminster%20University%20hygiene%20study,%20nov2008.pdf\"><img decoding=\"async\" src=\"http:\/\/europeantissue.com\/wp-content\/uploads\/image\/CompleteStudy.gif\" alt=\"\" width=\"250\" height=\"43\" border=\"0\" \/><\/a><\/p>\n<div>\u00bfLos <span style=\"color: #296791\"><strong>secamanos el\u00e9ctricos <\/strong><\/span>de aire caliente son la soluci\u00f3n apropiada?<\/div>\n<div>Este \u00faltimo estudio ha comparado el rendimiento de las <span style=\"color: #296791\"><strong>toallas de papel<\/strong><\/span> en comparaci\u00f3n con dos tipos de secamanos el\u00e9ctricos de aire: tanto los<span style=\"color: #296791\"> <strong>secamanos de aire caliente<\/strong><\/span> como los nuevos <span style=\"color: #296791\"><strong>secamanos ultrarr\u00e1pidos<\/strong><\/span> aumentan el n\u00famero medio de bacterias en las manos despu\u00e9s de su uso, mientras que las toallas de papel lo reducen.<\/div>\n<div>Los <span style=\"color: #296791\"><strong>secamanos ultrarr\u00e1pidos<\/strong><\/span>, que utilizan aire a gran velocidad (hasta 600 Km\/h) tambi\u00e9n mostraron un mayor riesgo de esparcir microgotas, potencialmente contaminadas, hacia otros usuarios y sobre las diversas superficies del ba\u00f1o, respecto de otros sistemas de secado verificados en este estudio. Adem\u00e1s, igual que los secamanos tradicionales de aire caliente, pueden quedar contaminados por bacterias, algunas de las cuales pueden causar enfermedades.<\/p>\n<h4>Comunicado de prensa:<\/h4>\n<ul>\n<li>Comunicado de prensa: Nuevas pruebas evidencian que los secamanos el\u00e9ctricos pueden poner en riesgo la salud <a href=\"http:\/\/europeantissue.com\/wp-content\/uploads\/ETS-UoW-Press-realease-final-IT.pdf\">(feb. de 2009 en Italiano)<\/a> \u00a0(<a href=\"http:\/\/europeantissue.com\/pdfs\/090403-2009%20WUS%20press%20release%20New%20evidence%20suggest%20health%20risks%20of%20electric%20hand%20dryers,%20feb2009.pdf\">feb de 2009 en Ingles<\/a>)<\/li>\n<\/ul>\n<p>La higiene de las manos es una cuesti\u00f3n seria: para eliminar los microorganismos\u00a0y evitar infecciones, se debe aplicar al secado de las manos la misma atenci\u00f3n que se presta en gran parte de los hospitales.<\/p><\/div>\n<div>\u00a0<\/div>\n<div>Para evitar infecciones y contagios, las directrices indicadas a doctores y pacientes contemplan el lavado de las manos con cuidado, utilizando jab\u00f3n, y despu\u00e9s su <span style=\"color: #296791\"><strong>secado con una toalla de papel<\/strong>,<\/span> que tiene la propiedad de reducir de forma significativa los g\u00e9rmenes y virus que permanecen en las manos.<\/div>\n<div>\u00a0<\/div>\n<div><span style=\"color: #296791\"><strong>Esta pr\u00e1ctica saludable de higiene de las manos, indicada por los especialistas de la salud, permite mantener bajo control el riesgo de eventuales infecciones y evitar su difusi\u00f3n.<\/strong><\/span> \u00a0<\/div>\n<div>\u00a0<\/div>\n","protected":false},"excerpt":{"rendered":"<p>Se han realizado muchos estudios sobre los beneficios del lavado de las manos y sobre la eficacia de los diversos elementos implicados en la operaci\u00f3n, pero relativamente pocos sobre la contribuci\u00f3n del secado de las manos a la higiene. Para el control efectivo de las infecci\u00f3nes a trav\u00e9s del lavado de las \u00a0manos, tambi\u00e9n debe  [&#8230;]<\/p>\n","protected":false},"author":2,"featured_media":0,"parent":0,"menu_order":1,"comment_status":"open","ping_status":"closed","template":"","meta":{"_monsterinsights_skip_tracking":false,"_monsterinsights_sitenote_active":false,"_monsterinsights_sitenote_note":"","_monsterinsights_sitenote_category":0,"ngg_post_thumbnail":0,"footnotes":""},"class_list":["post-7440","page","type-page","status-publish","hentry"],"yoast_head":"<!-- This site is optimized with the Yoast SEO plugin v26.3 - https:\/\/yoast.com\/wordpress\/plugins\/seo\/ -->\n<title>La higiene en el lavado de las manos - European Tissue Symposium<\/title>\n<meta name=\"description\" content=\"Se han realizado muchos estudios sobre los beneficios del\u00a0lavado de las manos,\u00a0pero \u00a0pocos sobre la contribuci\u00f3n del\u00a0secado de las manos\u00a0a la mejor higiene.\" \/>\n<meta name=\"robots\" content=\"index, follow, max-snippet:-1, max-image-preview:large, max-video-preview:-1\" \/>\n<link rel=\"canonical\" href=\"https:\/\/europeantissue.com\/es\/la-higiene-en-el-lavado-de-las-manos\/\" \/>\n<meta property=\"og:locale\" content=\"es_ES\" \/>\n<meta property=\"og:type\" content=\"article\" \/>\n<meta property=\"og:title\" content=\"La higiene en el lavado de las manos - European Tissue Symposium\" \/>\n<meta property=\"og:description\" content=\"Se han realizado muchos estudios sobre los beneficios del\u00a0lavado de las manos,\u00a0pero \u00a0pocos sobre la contribuci\u00f3n del\u00a0secado de las manos\u00a0a la mejor higiene.\" \/>\n<meta property=\"og:url\" content=\"https:\/\/europeantissue.com\/es\/la-higiene-en-el-lavado-de-las-manos\/\" \/>\n<meta property=\"og:site_name\" content=\"European Tissue Symposium\" \/>\n<meta property=\"article:modified_time\" content=\"2018-07-20T10:26:18+00:00\" \/>\n<meta property=\"og:image\" content=\"http:\/\/europeantissue.com\/wp-content\/uploads\/image\/keyfindings.gif\" \/>\n<meta name=\"twitter:card\" content=\"summary_large_image\" \/>\n<meta name=\"twitter:label1\" content=\"Tiempo de lectura\" \/>\n\t<meta name=\"twitter:data1\" content=\"3 minutos\" \/>\n<script type=\"application\/ld+json\" class=\"yoast-schema-graph\">{\"@context\":\"https:\/\/schema.org\",\"@graph\":[{\"@type\":\"WebPage\",\"@id\":\"https:\/\/europeantissue.com\/es\/la-higiene-en-el-lavado-de-las-manos\/\",\"url\":\"https:\/\/europeantissue.com\/es\/la-higiene-en-el-lavado-de-las-manos\/\",\"name\":\"La higiene en el lavado de las manos - European Tissue Symposium\",\"isPartOf\":{\"@id\":\"https:\/\/europeantissue.com\/de\/#website\"},\"primaryImageOfPage\":{\"@id\":\"https:\/\/europeantissue.com\/es\/la-higiene-en-el-lavado-de-las-manos\/#primaryimage\"},\"image\":{\"@id\":\"https:\/\/europeantissue.com\/es\/la-higiene-en-el-lavado-de-las-manos\/#primaryimage\"},\"thumbnailUrl\":\"http:\/\/europeantissue.com\/wp-content\/uploads\/image\/keyfindings.gif\",\"datePublished\":\"2015-09-02T13:09:37+00:00\",\"dateModified\":\"2018-07-20T10:26:18+00:00\",\"description\":\"Se han realizado muchos estudios sobre los beneficios del\u00a0lavado de las manos,\u00a0pero \u00a0pocos sobre la contribuci\u00f3n del\u00a0secado de las manos\u00a0a la mejor higiene.\",\"breadcrumb\":{\"@id\":\"https:\/\/europeantissue.com\/es\/la-higiene-en-el-lavado-de-las-manos\/#breadcrumb\"},\"inLanguage\":\"es\",\"potentialAction\":[{\"@type\":\"ReadAction\",\"target\":[\"https:\/\/europeantissue.com\/es\/la-higiene-en-el-lavado-de-las-manos\/\"]}]},{\"@type\":\"ImageObject\",\"inLanguage\":\"es\",\"@id\":\"https:\/\/europeantissue.com\/es\/la-higiene-en-el-lavado-de-las-manos\/#primaryimage\",\"url\":\"http:\/\/europeantissue.com\/wp-content\/uploads\/image\/keyfindings.gif\",\"contentUrl\":\"http:\/\/europeantissue.com\/wp-content\/uploads\/image\/keyfindings.gif\"},{\"@type\":\"BreadcrumbList\",\"@id\":\"https:\/\/europeantissue.com\/es\/la-higiene-en-el-lavado-de-las-manos\/#breadcrumb\",\"itemListElement\":[{\"@type\":\"ListItem\",\"position\":1,\"name\":\"Home\",\"item\":\"https:\/\/europeantissue.com\/es\/\"},{\"@type\":\"ListItem\",\"position\":2,\"name\":\"La higiene en el lavado de las manos\"}]},{\"@type\":\"WebSite\",\"@id\":\"https:\/\/europeantissue.com\/de\/#website\",\"url\":\"https:\/\/europeantissue.com\/de\/\",\"name\":\"European Tissue Symposium\",\"description\":\"\",\"potentialAction\":[{\"@type\":\"SearchAction\",\"target\":{\"@type\":\"EntryPoint\",\"urlTemplate\":\"https:\/\/europeantissue.com\/de\/?s={search_term_string}\"},\"query-input\":{\"@type\":\"PropertyValueSpecification\",\"valueRequired\":true,\"valueName\":\"search_term_string\"}}],\"inLanguage\":\"es\"}]}<\/script>\n<!-- \/ Yoast SEO plugin. -->","yoast_head_json":{"title":"La higiene en el lavado de las manos - European Tissue Symposium","description":"Se han realizado muchos estudios sobre los beneficios del\u00a0lavado de las manos,\u00a0pero \u00a0pocos sobre la contribuci\u00f3n del\u00a0secado de las manos\u00a0a la mejor higiene.","robots":{"index":"index","follow":"follow","max-snippet":"max-snippet:-1","max-image-preview":"max-image-preview:large","max-video-preview":"max-video-preview:-1"},"canonical":"https:\/\/europeantissue.com\/es\/la-higiene-en-el-lavado-de-las-manos\/","og_locale":"es_ES","og_type":"article","og_title":"La higiene en el lavado de las manos - European Tissue Symposium","og_description":"Se han realizado muchos estudios sobre los beneficios del\u00a0lavado de las manos,\u00a0pero \u00a0pocos sobre la contribuci\u00f3n del\u00a0secado de las manos\u00a0a la mejor higiene.","og_url":"https:\/\/europeantissue.com\/es\/la-higiene-en-el-lavado-de-las-manos\/","og_site_name":"European Tissue Symposium","article_modified_time":"2018-07-20T10:26:18+00:00","og_image":[{"url":"http:\/\/europeantissue.com\/wp-content\/uploads\/image\/keyfindings.gif","type":"","width":"","height":""}],"twitter_card":"summary_large_image","twitter_misc":{"Tiempo de lectura":"3 minutos"},"schema":{"@context":"https:\/\/schema.org","@graph":[{"@type":"WebPage","@id":"https:\/\/europeantissue.com\/es\/la-higiene-en-el-lavado-de-las-manos\/","url":"https:\/\/europeantissue.com\/es\/la-higiene-en-el-lavado-de-las-manos\/","name":"La higiene en el lavado de las manos - European Tissue Symposium","isPartOf":{"@id":"https:\/\/europeantissue.com\/de\/#website"},"primaryImageOfPage":{"@id":"https:\/\/europeantissue.com\/es\/la-higiene-en-el-lavado-de-las-manos\/#primaryimage"},"image":{"@id":"https:\/\/europeantissue.com\/es\/la-higiene-en-el-lavado-de-las-manos\/#primaryimage"},"thumbnailUrl":"http:\/\/europeantissue.com\/wp-content\/uploads\/image\/keyfindings.gif","datePublished":"2015-09-02T13:09:37+00:00","dateModified":"2018-07-20T10:26:18+00:00","description":"Se han realizado muchos estudios sobre los beneficios del\u00a0lavado de las manos,\u00a0pero \u00a0pocos sobre la contribuci\u00f3n del\u00a0secado de las manos\u00a0a la mejor higiene.","breadcrumb":{"@id":"https:\/\/europeantissue.com\/es\/la-higiene-en-el-lavado-de-las-manos\/#breadcrumb"},"inLanguage":"es","potentialAction":[{"@type":"ReadAction","target":["https:\/\/europeantissue.com\/es\/la-higiene-en-el-lavado-de-las-manos\/"]}]},{"@type":"ImageObject","inLanguage":"es","@id":"https:\/\/europeantissue.com\/es\/la-higiene-en-el-lavado-de-las-manos\/#primaryimage","url":"http:\/\/europeantissue.com\/wp-content\/uploads\/image\/keyfindings.gif","contentUrl":"http:\/\/europeantissue.com\/wp-content\/uploads\/image\/keyfindings.gif"},{"@type":"BreadcrumbList","@id":"https:\/\/europeantissue.com\/es\/la-higiene-en-el-lavado-de-las-manos\/#breadcrumb","itemListElement":[{"@type":"ListItem","position":1,"name":"Home","item":"https:\/\/europeantissue.com\/es\/"},{"@type":"ListItem","position":2,"name":"La higiene en el lavado de las manos"}]},{"@type":"WebSite","@id":"https:\/\/europeantissue.com\/de\/#website","url":"https:\/\/europeantissue.com\/de\/","name":"European Tissue Symposium","description":"","potentialAction":[{"@type":"SearchAction","target":{"@type":"EntryPoint","urlTemplate":"https:\/\/europeantissue.com\/de\/?s={search_term_string}"},"query-input":{"@type":"PropertyValueSpecification","valueRequired":true,"valueName":"search_term_string"}}],"inLanguage":"es"}]}},"_links":{"self":[{"href":"https:\/\/europeantissue.com\/es\/wp-json\/wp\/v2\/pages\/7440","targetHints":{"allow":["GET"]}}],"collection":[{"href":"https:\/\/europeantissue.com\/es\/wp-json\/wp\/v2\/pages"}],"about":[{"href":"https:\/\/europeantissue.com\/es\/wp-json\/wp\/v2\/types\/page"}],"author":[{"embeddable":true,"href":"https:\/\/europeantissue.com\/es\/wp-json\/wp\/v2\/users\/2"}],"replies":[{"embeddable":true,"href":"https:\/\/europeantissue.com\/es\/wp-json\/wp\/v2\/comments?post=7440"}],"version-history":[{"count":0,"href":"https:\/\/europeantissue.com\/es\/wp-json\/wp\/v2\/pages\/7440\/revisions"}],"wp:attachment":[{"href":"https:\/\/europeantissue.com\/es\/wp-json\/wp\/v2\/media?parent=7440"}],"curies":[{"name":"wp","href":"https:\/\/api.w.org\/{rel}","templated":true}]}}