 {"id":12438,"date":"2021-03-19T16:28:24","date_gmt":"2021-03-19T16:28:24","guid":{"rendered":"http:\/\/europeantissue.com\/?page_id=12438"},"modified":"2022-01-26T16:48:27","modified_gmt":"2022-01-26T16:48:27","slug":"nuevo-estudio-piloto-de-la-transmision-de-microbios-desde-los-banos-hasta-las-salas-de-los-hospitales-2021-2","status":"publish","type":"page","link":"https:\/\/europeantissue.com\/es\/higiene\/estudios\/nuevo-estudio-piloto-de-la-transmision-de-microbios-desde-los-banos-hasta-las-salas-de-los-hospitales-2021-2\/","title":{"rendered":"Nuevo estudio piloto de la transmisi\u00f3n de microbios desde los ba\u00f1os hasta las salas de los hospitales (2021)"},"content":{"rendered":"<p><div class=\"fusion-fullwidth fullwidth-box fusion-builder-row-1 fusion-flex-container nonhundred-percent-fullwidth non-hundred-percent-height-scrolling\" style=\"--awb-border-radius-top-left:0px;--awb-border-radius-top-right:0px;--awb-border-radius-bottom-right:0px;--awb-border-radius-bottom-left:0px;--awb-flex-wrap:wrap;\" ><div class=\"fusion-builder-row fusion-row fusion-flex-align-items-flex-start fusion-flex-content-wrap\" style=\"max-width:1040px;margin-left: calc(-4% \/ 2 );margin-right: calc(-4% \/ 2 );\"><div class=\"fusion-layout-column fusion_builder_column fusion-builder-column-0 fusion_builder_column_1_1 1_1 fusion-flex-column\" style=\"--awb-bg-size:cover;--awb-width-large:100%;--awb-margin-top-large:0px;--awb-spacing-right-large:1.92%;--awb-margin-bottom-large:20px;--awb-spacing-left-large:1.92%;--awb-width-medium:100%;--awb-order-medium:0;--awb-spacing-right-medium:1.92%;--awb-spacing-left-medium:1.92%;--awb-width-small:100%;--awb-order-small:0;--awb-spacing-right-small:1.92%;--awb-spacing-left-small:1.92%;\"><div class=\"fusion-column-wrapper fusion-column-has-shadow fusion-flex-justify-content-flex-start fusion-content-layout-column\"><div class=\"fusion-text fusion-text-1\"><h2><strong>Un nuevo estudio piloto demuestra que el m\u00e9todo de secado de manos puede tener un impacto significativo en la transmisi\u00f3n de microbios desde los ba\u00f1os hasta las salas de los hospitales.<\/strong><\/h2>\n<\/div><\/div><\/div><\/div><\/div><div class=\"fusion-fullwidth fullwidth-box fusion-builder-row-2 fusion-flex-container nonhundred-percent-fullwidth non-hundred-percent-height-scrolling\" style=\"--awb-border-radius-top-left:0px;--awb-border-radius-top-right:0px;--awb-border-radius-bottom-right:0px;--awb-border-radius-bottom-left:0px;--awb-flex-wrap:wrap;\" ><div class=\"fusion-builder-row fusion-row fusion-flex-align-items-flex-start fusion-flex-content-wrap\" style=\"max-width:1040px;margin-left: calc(-4% \/ 2 );margin-right: calc(-4% \/ 2 );\"><div class=\"fusion-layout-column fusion_builder_column fusion-builder-column-1 fusion_builder_column_1_1 1_1 fusion-flex-column\" style=\"--awb-bg-size:cover;--awb-width-large:100%;--awb-margin-top-large:0px;--awb-spacing-right-large:1.92%;--awb-margin-bottom-large:20px;--awb-spacing-left-large:1.92%;--awb-width-medium:100%;--awb-order-medium:0;--awb-spacing-right-medium:1.92%;--awb-spacing-left-medium:1.92%;--awb-width-small:100%;--awb-order-small:0;--awb-spacing-right-small:1.92%;--awb-spacing-left-small:1.92%;\"><div class=\"fusion-column-wrapper fusion-column-has-shadow fusion-flex-justify-content-flex-start fusion-content-layout-column\"><div class=\"fusion-text fusion-text-2\"><h2 style=\"text-align: center;\"><span style=\"color: #0000ff;\"><strong><em>Los niveles promedio de contaminaci\u00f3n son 10 veces m\u00e1s altos despu\u00e9s de secarse las manos con secadores de chorro de aire<\/em><\/strong><\/span><\/h2>\n<p><a href=\"https:\/\/europeantissue.com\/wp-content\/uploads\/2021\/03\/ICHE-cover-March-2021-3d.jpg\"><img decoding=\"async\" class=\"alignleft wp-image-12447\" src=\"https:\/\/europeantissue.com\/wp-content\/uploads\/2021\/03\/ICHE-cover-March-2021-3d.jpg\" alt=\"\" width=\"300\" height=\"395\" srcset=\"https:\/\/europeantissue.com\/wp-content\/uploads\/2021\/03\/ICHE-cover-March-2021-3d-200x264.jpg 200w, https:\/\/europeantissue.com\/wp-content\/uploads\/2021\/03\/ICHE-cover-March-2021-3d-228x300.jpg 228w, https:\/\/europeantissue.com\/wp-content\/uploads\/2021\/03\/ICHE-cover-March-2021-3d-400x527.jpg 400w, https:\/\/europeantissue.com\/wp-content\/uploads\/2021\/03\/ICHE-cover-March-2021-3d.jpg 418w\" sizes=\"(max-width: 300px) 100vw, 300px\" \/><\/a><\/p>\n<p>Un <a href=\"https:\/\/www.cambridge.org\/core\/journals\/infection-control-and-hospital-epidemiology\/article\/from-the-hospital-toilet-to-the-ward-a-pilot-study-on-microbe-dispersal-to-multiple-hospital-surfaces-following-hand-drying-using-a-jet-air-dryer-versus-paper-towels\/FA51D26C9C3DC261D35F122EF97593D5\">estudio piloto<\/a> para investigar si los microorganismos que siguen presentes en las manos mal lavadas pueden transferirse m\u00e1s all\u00e1 del ambiente del ba\u00f1o a las \u00e1reas cl\u00ednicas y de atenci\u00f3n m\u00e9dica revela que <strong>secarse las manos con toallitas de papel en lugar de usar los secadores de chorro de aire logra \u00edndices m\u00e1s bajos de contaminaci\u00f3n por virus en las manos y la ropa.<\/strong> Las consecuencias de los distintos \u00edndices de contaminaci\u00f3n residual en las manos despu\u00e9s del secado se midieron tomando muestras de una serie de superficies con el fin de determinar el alcance de la transmisi\u00f3n de un virus m\u00e1s all\u00e1 del ba\u00f1o.<\/p>\n<p>El estudio, revisado por expertos en el \u00faltimo n\u00famero de la publicaci\u00f3n Infection Control and Hospital Epidemiology, se realiz\u00f3 en un ba\u00f1o del <strong>hospital Leeds General Infirmary<\/strong> (Reino Unido) utilizado por el personal, los visitantes y los pacientes. Se llev\u00f3 a cabo durante un per\u00edodo de 5 semanas e investig\u00f3 la transmisi\u00f3n de virus m\u00e1s all\u00e1 del ba\u00f1o a las superficies de las \u00e1reas p\u00fablicas y cl\u00ednicas del hospital.<\/p>\n<p>Se us\u00f3 un bacteri\u00f3fago (un virus especializado que es inofensivo para los humanos) para representar la contaminaci\u00f3n microbiana posterior a dos tipos de secado de manos: uno con toallitas de papel y el otro con secadores de aire a presi\u00f3n. Los voluntarios se desinfectaron las manos antes de sumergirlas en un l\u00edquido que conten\u00eda bacteri\u00f3fagos; hicieron esto dos veces, una por cada m\u00e9todo de secado de manos. Agitaron las manos tres veces para eliminar el exceso de l\u00edquido antes del secado. Los voluntarios tambi\u00e9n usaron delantales de pl\u00e1stico para poder medir la contaminaci\u00f3n del cuerpo y la ropa durante el secado de manos.<\/p>\n<p>Todas las superficies y muestras investigadas mostraban contaminaci\u00f3n por bacteri\u00f3fagos por encima del umbral de detecci\u00f3n tras el uso del secador de chorro de aire. La contaminaci\u00f3n despu\u00e9s del secado de manos con toallitas de papel solo se produjo en 6 de un total de 11 superficies. Por ejemplo, el uso simulado de un tel\u00e9fono de hospital durante 10 segundos provoc\u00f3 una contaminaci\u00f3n detectable despu\u00e9s de secarse las manos con secadores de chorro de aire. La contaminaci\u00f3n del tronco y la ropa era significativamente mayor tras usar secadores de chorro de aire, en comparaci\u00f3n con las toallitas de papel. En promedio, <span style=\"color: #0000ff;\"><strong>los niveles de contaminaci\u00f3n de las superficies despu\u00e9s del secado de manos con secadores de chorro de aire fueron 10 veces m\u00e1s altos que con las toallitas de papel.<\/strong><\/span><\/p>\n<p>Los investigadores, Ines Moura PhD, Duncan Ewin BSc y Mark Wilcox MD, tomaron muestras de la palma de la mano y las puntas de los dedos inmediatamente despu\u00e9s del secado para medir los niveles de contaminaci\u00f3n de las manos antes del muestreo ambiental. A continuaci\u00f3n, los voluntarios caminaron desde el ba\u00f1o por una ruta preestablecida que inclu\u00eda \u00e1reas p\u00fablicas y cl\u00ednicas. Se tomaron muestras de las superficies ambientales tras el contacto con las manos o con el delantal. Se coloc\u00f3 un estetoscopio alrededor del cuello, dejando la pieza del pecho y el auricular en contacto con el delantal durante unos 7 minutos. Los voluntarios tambi\u00e9n cruzaron los brazos sobre el pecho durante 2 minutos y luego los apoyaron en los brazos de una silla durante 3 minutos. Todas las superficies se limpiaron con una esponja humedecida con tamp\u00f3n neutralizante y las superficies se desinfectaron con toallitas con cloro antes y despu\u00e9s de la toma de muestras.<\/p>\n<p>Los hallazgos sugieren un <span style=\"color: #0000ff;\"><strong>mayor potencial de propagaci\u00f3n microbiana por el hospital despu\u00e9s del uso del secador de aire<\/strong><\/span>, probablemente debido al mayor riesgo de salpicaduras sobre los usuarios. Es un hecho preocupante, porque los objetos y las superficies pueden actuar como dep\u00f3sitos de microorganismos que pueden adquirirse mediante el contacto con las manos. Resulta especialmente preocupante la contaminaci\u00f3n sustancialmente mayor de los objetos en contacto cercano con los profesionales de la salud y los pacientes, como en el caso de tel\u00e9fonos y estetoscopios, tras usar el secador de chorro de aire. Minimizar el potencial de dispersi\u00f3n de microbios es un principio fundamental de la prevenci\u00f3n de infecciones. El estudio demostr\u00f3 que la contaminaci\u00f3n microbiana de las manos o el tronco del usuario posterior al uso del secador de aire se transfiri\u00f3 directa e indirectamente a las superficies a trav\u00e9s del contacto con las manos, la ropa o la piel.<\/p>\n<p><span style=\"color: #0000ff;\"><strong>Las conclusiones del estudio piloto cuestionan el uso de secadores de aire en un entorno hospitalario y apoyan las recomendaciones de los hospitales alemanes y la FS2H francesa de que las toallitas de papel deber\u00edan ser el m\u00e9todo estipulado para el secado de manos en entornos sanitarios.<\/strong><\/span><\/p>\n<p><em><u>Nota para la prensa<\/u><\/em><\/p>\n<ul>\n<li><em>Los pat\u00f3genos pueden permanecer en las manos durante varias horas y sobre las superficies durante varios meses. Se pueden adquirir de forma masiva a trav\u00e9s del contacto con superficies ambientales. El proceso de secado de manos es esencial para minimizar el riesgo de propagaci\u00f3n de pat\u00f3genos, ya que la humedad residual de las manos se asocia con una mayor transferencia de microorganismos de las manos a las superficies.<\/em><\/li>\n<li><em>Estudios anteriores ya demostraron que el riesgo de contaminaci\u00f3n bacteriana ambiental era menor cuando se usaban toallitas de papel como m\u00e9todo de secado de manos. Se produc\u00edan menos gotas y\/o dispersi\u00f3n de microbios y, en consecuencia, los niveles de contaminaci\u00f3n de la superficie del inodoro eran m\u00e1s bajos.<\/em><\/li>\n<li><em>Los investigadores recomiendan que los futuros estudios se centren en un mayor n\u00famero de voluntarios y potencialmente tambi\u00e9n incluyan una investigaci\u00f3n del proceso de lavado de manos antes de secarlas, con el fin de explorar c\u00f3mo el m\u00e9todo y la duraci\u00f3n del lavado de manos pueden afectar al grado de transferencia de bacteri\u00f3fagos y contaminaci\u00f3n de la superficie. <\/em><\/li>\n<\/ul>\n<\/div><div class=\"fusion-text fusion-text-3\"><h3 style=\"text-align: center;\"><a href=\"https:\/\/www.cambridge.org\/core\/journals\/infection-control-and-hospital-epidemiology\/article\/from-the-hospital-toilet-to-the-ward-a-pilot-study-on-microbe-dispersal-to-multiple-hospital-surfaces-following-hand-drying-using-a-jet-air-dryer-versus-paper-towels\/FA51D26C9C3DC261D35F122EF97593D5\"><strong>PUEDES LEER EL ESTUDIO COMPLETO AQU\u00cd<\/strong><\/a><\/h3>\n<p><a href=\"https:\/\/www.cambridge.org\/core\/journals\/infection-control-and-hospital-epidemiology\/article\/from-the-hospital-toilet-to-the-ward-a-pilot-study-on-microbe-dispersal-to-multiple-hospital-surfaces-following-hand-drying-using-a-jet-air-dryer-versus-paper-towels\/FA51D26C9C3DC261D35F122EF97593D5\"><img decoding=\"async\" class=\"aligncenter wp-image-12462 size-full\" src=\"https:\/\/europeantissue.com\/wp-content\/uploads\/2021\/03\/Read-the-full-study-3d.jpg\" alt=\"\" width=\"669\" height=\"161\" srcset=\"https:\/\/europeantissue.com\/wp-content\/uploads\/2021\/03\/Read-the-full-study-3d-200x48.jpg 200w, https:\/\/europeantissue.com\/wp-content\/uploads\/2021\/03\/Read-the-full-study-3d-300x72.jpg 300w, https:\/\/europeantissue.com\/wp-content\/uploads\/2021\/03\/Read-the-full-study-3d-400x96.jpg 400w, https:\/\/europeantissue.com\/wp-content\/uploads\/2021\/03\/Read-the-full-study-3d-600x144.jpg 600w, https:\/\/europeantissue.com\/wp-content\/uploads\/2021\/03\/Read-the-full-study-3d.jpg 669w\" sizes=\"(max-width: 669px) 100vw, 669px\" \/><\/a><\/p>\n<p>&nbsp;<\/p>\n<\/div><\/div><\/div><div class=\"fusion-layout-column fusion_builder_column fusion-builder-column-2 fusion_builder_column_1_1 1_1 fusion-flex-column\" style=\"--awb-bg-size:cover;--awb-width-large:100%;--awb-margin-top-large:0px;--awb-spacing-right-large:1.92%;--awb-margin-bottom-large:20px;--awb-spacing-left-large:1.92%;--awb-width-medium:100%;--awb-order-medium:0;--awb-spacing-right-medium:1.92%;--awb-spacing-left-medium:1.92%;--awb-width-small:100%;--awb-order-small:0;--awb-spacing-right-small:1.92%;--awb-spacing-left-small:1.92%;\"><div class=\"fusion-column-wrapper fusion-column-has-shadow fusion-flex-justify-content-flex-start fusion-content-layout-column\"><div class=\"fusion-text fusion-text-4\"><p><strong>Acerca de ETS<\/strong><\/p>\n<p>ETS es la asociaci\u00f3n europea de fabricantes de productos de papel tis\u00fa. Los miembros de ETS representan a la mayor\u00eda de los productores de papel tis\u00fa de Europa y alrededor del 90% de la producci\u00f3n total europea. ETS se fund\u00f3 en 1971 y tiene su sede en Bruselas. M\u00e1s informaci\u00f3n: <a href=\"http:\/\/www.europeantissue.com\">www.europeantissue.com<\/a><\/p>\n<p><strong>Contactos para prensa:<\/strong><\/p>\n<p><strong>duomedia <br \/>\n<\/strong>Dorien Cooreman | tel. +32 2 560 21 50 | <a href=\"mailto:dorien.c@duomedia.com\">dorien.c@duomedia.com<\/a><\/p>\n<p><strong>ETS<br \/>\n<\/strong>Fanis Papakostas | tel. + 49 15 20 27 79 147| <a href=\"mailto:fanis.papakostas2@gmail.com\">fanis.papakostas2@gmail.com<\/a><\/p>\n<p><strong>Follow ETS on: <br \/>\n<\/strong>&nbsp;<a href=\"https:\/\/twitter.com\/ETSchoices\">Twitter.com\/ETS<\/a> | &nbsp;<a href=\"https:\/\/www.linkedin.com\/company\/european-tissue-symposium\/\">Linkedin.com\/ETS<\/a> | &nbsp;<a href=\"https:\/\/www.youtube.com\/user\/ETSChoices\">Youtube.com\/ETS<\/a> | &nbsp;<a href=\"https:\/\/www.facebook.com\/ETS-European-Tissue-Symposium-1463682673861615\/\">Facebook.com\/ETS<\/a><\/p>\n<p>&nbsp;<\/p>\n<\/div><\/div><\/div><\/div><\/div><\/p>\n","protected":false},"excerpt":{"rendered":"","protected":false},"author":16,"featured_media":0,"parent":7438,"menu_order":3,"comment_status":"open","ping_status":"closed","template":"","meta":{"_monsterinsights_skip_tracking":false,"_monsterinsights_sitenote_active":false,"_monsterinsights_sitenote_note":"","_monsterinsights_sitenote_category":0,"ngg_post_thumbnail":0,"footnotes":""},"class_list":["post-12438","page","type-page","status-publish","hentry"],"yoast_head":"<!-- This site is optimized with the Yoast SEO plugin v26.3 - https:\/\/yoast.com\/wordpress\/plugins\/seo\/ -->\n<title>Nuevo estudio piloto de la transmisi\u00f3n de microbios desde los ba\u00f1os hasta las salas de los hospitales (2021) - European Tissue Symposium<\/title>\n<meta name=\"description\" content=\"Contaminaci\u00f3n del entorno de los ba\u00f1os: los secadores ele\u0301ctricos de chorro de aire y de aire caliente contaminan el aire en los ban\u0303os pu\u0301blicos\u00a0\" \/>\n<meta name=\"robots\" content=\"index, follow, max-snippet:-1, max-image-preview:large, max-video-preview:-1\" \/>\n<link rel=\"canonical\" href=\"https:\/\/europeantissue.com\/es\/higiene\/estudios\/nuevo-estudio-piloto-de-la-transmision-de-microbios-desde-los-banos-hasta-las-salas-de-los-hospitales-2021-2\/\" \/>\n<meta property=\"og:locale\" content=\"es_ES\" \/>\n<meta property=\"og:type\" content=\"article\" \/>\n<meta property=\"og:title\" content=\"Nuevo estudio piloto de la transmisi\u00f3n de microbios desde los ba\u00f1os hasta las salas de los hospitales (2021) - European Tissue Symposium\" \/>\n<meta property=\"og:description\" content=\"Contaminaci\u00f3n del entorno de los ba\u00f1os: los secadores ele\u0301ctricos de chorro de aire y de aire caliente contaminan el aire en los ban\u0303os pu\u0301blicos\u00a0\" \/>\n<meta property=\"og:url\" content=\"https:\/\/europeantissue.com\/es\/higiene\/estudios\/nuevo-estudio-piloto-de-la-transmision-de-microbios-desde-los-banos-hasta-las-salas-de-los-hospitales-2021-2\/\" \/>\n<meta property=\"og:site_name\" content=\"European Tissue Symposium\" \/>\n<meta property=\"article:modified_time\" content=\"2022-01-26T16:48:27+00:00\" \/>\n<meta property=\"og:image\" content=\"https:\/\/europeantissue.com\/wp-content\/uploads\/2021\/03\/ICHE-cover-March-2021-3d.jpg\" \/>\n<meta name=\"twitter:card\" content=\"summary_large_image\" \/>\n<meta name=\"twitter:label1\" content=\"Tiempo de lectura\" \/>\n\t<meta name=\"twitter:data1\" content=\"13 minutos\" \/>\n<script type=\"application\/ld+json\" class=\"yoast-schema-graph\">{\"@context\":\"https:\/\/schema.org\",\"@graph\":[{\"@type\":\"WebPage\",\"@id\":\"https:\/\/europeantissue.com\/es\/higiene\/estudios\/nuevo-estudio-piloto-de-la-transmision-de-microbios-desde-los-banos-hasta-las-salas-de-los-hospitales-2021-2\/\",\"url\":\"https:\/\/europeantissue.com\/es\/higiene\/estudios\/nuevo-estudio-piloto-de-la-transmision-de-microbios-desde-los-banos-hasta-las-salas-de-los-hospitales-2021-2\/\",\"name\":\"Nuevo estudio piloto de la transmisi\u00f3n de microbios desde los ba\u00f1os hasta las salas de los hospitales (2021) - European Tissue Symposium\",\"isPartOf\":{\"@id\":\"https:\/\/europeantissue.com\/de\/#website\"},\"primaryImageOfPage\":{\"@id\":\"https:\/\/europeantissue.com\/es\/higiene\/estudios\/nuevo-estudio-piloto-de-la-transmision-de-microbios-desde-los-banos-hasta-las-salas-de-los-hospitales-2021-2\/#primaryimage\"},\"image\":{\"@id\":\"https:\/\/europeantissue.com\/es\/higiene\/estudios\/nuevo-estudio-piloto-de-la-transmision-de-microbios-desde-los-banos-hasta-las-salas-de-los-hospitales-2021-2\/#primaryimage\"},\"thumbnailUrl\":\"https:\/\/europeantissue.com\/wp-content\/uploads\/2021\/03\/ICHE-cover-March-2021-3d.jpg\",\"datePublished\":\"2021-03-19T16:28:24+00:00\",\"dateModified\":\"2022-01-26T16:48:27+00:00\",\"description\":\"Contaminaci\u00f3n del entorno de los ba\u00f1os: los secadores ele\u0301ctricos de chorro de aire y de aire caliente contaminan el aire en los ban\u0303os pu\u0301blicos\u00a0\",\"breadcrumb\":{\"@id\":\"https:\/\/europeantissue.com\/es\/higiene\/estudios\/nuevo-estudio-piloto-de-la-transmision-de-microbios-desde-los-banos-hasta-las-salas-de-los-hospitales-2021-2\/#breadcrumb\"},\"inLanguage\":\"es\",\"potentialAction\":[{\"@type\":\"ReadAction\",\"target\":[\"https:\/\/europeantissue.com\/es\/higiene\/estudios\/nuevo-estudio-piloto-de-la-transmision-de-microbios-desde-los-banos-hasta-las-salas-de-los-hospitales-2021-2\/\"]}]},{\"@type\":\"ImageObject\",\"inLanguage\":\"es\",\"@id\":\"https:\/\/europeantissue.com\/es\/higiene\/estudios\/nuevo-estudio-piloto-de-la-transmision-de-microbios-desde-los-banos-hasta-las-salas-de-los-hospitales-2021-2\/#primaryimage\",\"url\":\"https:\/\/europeantissue.com\/wp-content\/uploads\/2021\/03\/ICHE-cover-March-2021-3d.jpg\",\"contentUrl\":\"https:\/\/europeantissue.com\/wp-content\/uploads\/2021\/03\/ICHE-cover-March-2021-3d.jpg\"},{\"@type\":\"BreadcrumbList\",\"@id\":\"https:\/\/europeantissue.com\/es\/higiene\/estudios\/nuevo-estudio-piloto-de-la-transmision-de-microbios-desde-los-banos-hasta-las-salas-de-los-hospitales-2021-2\/#breadcrumb\",\"itemListElement\":[{\"@type\":\"ListItem\",\"position\":1,\"name\":\"Home\",\"item\":\"https:\/\/europeantissue.com\/es\/\"},{\"@type\":\"ListItem\",\"position\":2,\"name\":\"Higiene\",\"item\":\"https:\/\/europeantissue.com\/es\/higiene\/\"},{\"@type\":\"ListItem\",\"position\":3,\"name\":\"Estudios\",\"item\":\"https:\/\/europeantissue.com\/es\/higiene\/estudios\/\"},{\"@type\":\"ListItem\",\"position\":4,\"name\":\"Nuevo estudio piloto de la transmisi\u00f3n de microbios desde los ba\u00f1os hasta las salas de los hospitales (2021)\"}]},{\"@type\":\"WebSite\",\"@id\":\"https:\/\/europeantissue.com\/de\/#website\",\"url\":\"https:\/\/europeantissue.com\/de\/\",\"name\":\"European Tissue Symposium\",\"description\":\"\",\"potentialAction\":[{\"@type\":\"SearchAction\",\"target\":{\"@type\":\"EntryPoint\",\"urlTemplate\":\"https:\/\/europeantissue.com\/de\/?s={search_term_string}\"},\"query-input\":{\"@type\":\"PropertyValueSpecification\",\"valueRequired\":true,\"valueName\":\"search_term_string\"}}],\"inLanguage\":\"es\"}]}<\/script>\n<!-- \/ Yoast SEO plugin. -->","yoast_head_json":{"title":"Nuevo estudio piloto de la transmisi\u00f3n de microbios desde los ba\u00f1os hasta las salas de los hospitales (2021) - European Tissue Symposium","description":"Contaminaci\u00f3n del entorno de los ba\u00f1os: los secadores ele\u0301ctricos de chorro de aire y de aire caliente contaminan el aire en los ban\u0303os pu\u0301blicos\u00a0","robots":{"index":"index","follow":"follow","max-snippet":"max-snippet:-1","max-image-preview":"max-image-preview:large","max-video-preview":"max-video-preview:-1"},"canonical":"https:\/\/europeantissue.com\/es\/higiene\/estudios\/nuevo-estudio-piloto-de-la-transmision-de-microbios-desde-los-banos-hasta-las-salas-de-los-hospitales-2021-2\/","og_locale":"es_ES","og_type":"article","og_title":"Nuevo estudio piloto de la transmisi\u00f3n de microbios desde los ba\u00f1os hasta las salas de los hospitales (2021) - European Tissue Symposium","og_description":"Contaminaci\u00f3n del entorno de los ba\u00f1os: los secadores ele\u0301ctricos de chorro de aire y de aire caliente contaminan el aire en los ban\u0303os pu\u0301blicos\u00a0","og_url":"https:\/\/europeantissue.com\/es\/higiene\/estudios\/nuevo-estudio-piloto-de-la-transmision-de-microbios-desde-los-banos-hasta-las-salas-de-los-hospitales-2021-2\/","og_site_name":"European Tissue Symposium","article_modified_time":"2022-01-26T16:48:27+00:00","og_image":[{"url":"https:\/\/europeantissue.com\/wp-content\/uploads\/2021\/03\/ICHE-cover-March-2021-3d.jpg","type":"","width":"","height":""}],"twitter_card":"summary_large_image","twitter_misc":{"Tiempo de lectura":"13 minutos"},"schema":{"@context":"https:\/\/schema.org","@graph":[{"@type":"WebPage","@id":"https:\/\/europeantissue.com\/es\/higiene\/estudios\/nuevo-estudio-piloto-de-la-transmision-de-microbios-desde-los-banos-hasta-las-salas-de-los-hospitales-2021-2\/","url":"https:\/\/europeantissue.com\/es\/higiene\/estudios\/nuevo-estudio-piloto-de-la-transmision-de-microbios-desde-los-banos-hasta-las-salas-de-los-hospitales-2021-2\/","name":"Nuevo estudio piloto de la transmisi\u00f3n de microbios desde los ba\u00f1os hasta las salas de los hospitales (2021) - European Tissue Symposium","isPartOf":{"@id":"https:\/\/europeantissue.com\/de\/#website"},"primaryImageOfPage":{"@id":"https:\/\/europeantissue.com\/es\/higiene\/estudios\/nuevo-estudio-piloto-de-la-transmision-de-microbios-desde-los-banos-hasta-las-salas-de-los-hospitales-2021-2\/#primaryimage"},"image":{"@id":"https:\/\/europeantissue.com\/es\/higiene\/estudios\/nuevo-estudio-piloto-de-la-transmision-de-microbios-desde-los-banos-hasta-las-salas-de-los-hospitales-2021-2\/#primaryimage"},"thumbnailUrl":"https:\/\/europeantissue.com\/wp-content\/uploads\/2021\/03\/ICHE-cover-March-2021-3d.jpg","datePublished":"2021-03-19T16:28:24+00:00","dateModified":"2022-01-26T16:48:27+00:00","description":"Contaminaci\u00f3n del entorno de los ba\u00f1os: los secadores ele\u0301ctricos de chorro de aire y de aire caliente contaminan el aire en los ban\u0303os pu\u0301blicos\u00a0","breadcrumb":{"@id":"https:\/\/europeantissue.com\/es\/higiene\/estudios\/nuevo-estudio-piloto-de-la-transmision-de-microbios-desde-los-banos-hasta-las-salas-de-los-hospitales-2021-2\/#breadcrumb"},"inLanguage":"es","potentialAction":[{"@type":"ReadAction","target":["https:\/\/europeantissue.com\/es\/higiene\/estudios\/nuevo-estudio-piloto-de-la-transmision-de-microbios-desde-los-banos-hasta-las-salas-de-los-hospitales-2021-2\/"]}]},{"@type":"ImageObject","inLanguage":"es","@id":"https:\/\/europeantissue.com\/es\/higiene\/estudios\/nuevo-estudio-piloto-de-la-transmision-de-microbios-desde-los-banos-hasta-las-salas-de-los-hospitales-2021-2\/#primaryimage","url":"https:\/\/europeantissue.com\/wp-content\/uploads\/2021\/03\/ICHE-cover-March-2021-3d.jpg","contentUrl":"https:\/\/europeantissue.com\/wp-content\/uploads\/2021\/03\/ICHE-cover-March-2021-3d.jpg"},{"@type":"BreadcrumbList","@id":"https:\/\/europeantissue.com\/es\/higiene\/estudios\/nuevo-estudio-piloto-de-la-transmision-de-microbios-desde-los-banos-hasta-las-salas-de-los-hospitales-2021-2\/#breadcrumb","itemListElement":[{"@type":"ListItem","position":1,"name":"Home","item":"https:\/\/europeantissue.com\/es\/"},{"@type":"ListItem","position":2,"name":"Higiene","item":"https:\/\/europeantissue.com\/es\/higiene\/"},{"@type":"ListItem","position":3,"name":"Estudios","item":"https:\/\/europeantissue.com\/es\/higiene\/estudios\/"},{"@type":"ListItem","position":4,"name":"Nuevo estudio piloto de la transmisi\u00f3n de microbios desde los ba\u00f1os hasta las salas de los hospitales (2021)"}]},{"@type":"WebSite","@id":"https:\/\/europeantissue.com\/de\/#website","url":"https:\/\/europeantissue.com\/de\/","name":"European Tissue Symposium","description":"","potentialAction":[{"@type":"SearchAction","target":{"@type":"EntryPoint","urlTemplate":"https:\/\/europeantissue.com\/de\/?s={search_term_string}"},"query-input":{"@type":"PropertyValueSpecification","valueRequired":true,"valueName":"search_term_string"}}],"inLanguage":"es"}]}},"_links":{"self":[{"href":"https:\/\/europeantissue.com\/es\/wp-json\/wp\/v2\/pages\/12438","targetHints":{"allow":["GET"]}}],"collection":[{"href":"https:\/\/europeantissue.com\/es\/wp-json\/wp\/v2\/pages"}],"about":[{"href":"https:\/\/europeantissue.com\/es\/wp-json\/wp\/v2\/types\/page"}],"author":[{"embeddable":true,"href":"https:\/\/europeantissue.com\/es\/wp-json\/wp\/v2\/users\/16"}],"replies":[{"embeddable":true,"href":"https:\/\/europeantissue.com\/es\/wp-json\/wp\/v2\/comments?post=12438"}],"version-history":[{"count":0,"href":"https:\/\/europeantissue.com\/es\/wp-json\/wp\/v2\/pages\/12438\/revisions"}],"up":[{"embeddable":true,"href":"https:\/\/europeantissue.com\/es\/wp-json\/wp\/v2\/pages\/7438"}],"wp:attachment":[{"href":"https:\/\/europeantissue.com\/es\/wp-json\/wp\/v2\/media?parent=12438"}],"curies":[{"name":"wp","href":"https:\/\/api.w.org\/{rel}","templated":true}]}}