 {"id":10794,"date":"2019-06-16T16:29:00","date_gmt":"2019-06-16T16:29:00","guid":{"rendered":"http:\/\/europeantissue.com\/?page_id=10794"},"modified":"2020-05-03T13:54:35","modified_gmt":"2020-05-03T13:54:35","slug":"su-metodo-de-secado-de-manos-propaga-bacterias","status":"publish","type":"page","link":"https:\/\/europeantissue.com\/es\/higiene\/su-metodo-de-secado-de-manos-propaga-bacterias\/","title":{"rendered":"\u00bfSu m\u00e9todo de secado de manos propaga bacterias?"},"content":{"rendered":"<p><div class=\"fusion-fullwidth fullwidth-box fusion-builder-row-1 nonhundred-percent-fullwidth non-hundred-percent-height-scrolling\" style=\"--awb-border-radius-top-left:0px;--awb-border-radius-top-right:0px;--awb-border-radius-bottom-right:0px;--awb-border-radius-bottom-left:0px;--awb-flex-wrap:wrap;\" ><div class=\"fusion-builder-row fusion-row\"><div class=\"fusion-layout-column fusion_builder_column fusion-builder-column-0 fusion_builder_column_1_1 1_1 fusion-one-full fusion-column-first fusion-column-last\" style=\"--awb-bg-size:cover;\"><div class=\"fusion-column-wrapper fusion-flex-column-wrapper-legacy\"><div class=\"fusion-clearfix\"><\/div><\/div><\/div><div class=\"fusion-layout-column fusion_builder_column fusion-builder-column-1 fusion_builder_column_1_1 1_1 fusion-one-full fusion-column-first fusion-column-last fusion-column-no-min-height\" style=\"--awb-bg-size:cover;--awb-margin-bottom:0px;\"><div class=\"fusion-column-wrapper fusion-flex-column-wrapper-legacy\"><div class=\"fusion-video fusion-youtube\" style=\"--awb-max-width:800px;--awb-max-height:450px;\" data-autoplay=\"1\"><div class=\"video-shortcode\"><div class=\"fluid-width-video-wrapper\" style=\"padding-top:56.25%;\" ><iframe title=\"YouTube video player 1\" src=\"https:\/\/www.youtube.com\/embed\/iFr0soIFlIY?wmode=transparent&autoplay=0&oida=1\" width=\"800\" height=\"450\" allowfullscreen allow=\"autoplay; clipboard-write; encrypted-media; gyroscope; picture-in-picture;\"><\/iframe><\/div><\/div><\/div><div class=\"fusion-text fusion-text-1\"><h2>Nuevo estudio hospitalario: el secado de manos impacta la dispersi\u00f3n bacteriana<\/h2>\n<p>This <strong>Jet Air Dryers<\/strong> hand hygiene method affects the <strong>risk<\/strong> of (airborne)<strong> dissemination of bacteria in real world settings<\/strong>.<\/p>\n<p>Un estudio realizado en varios hospitales muestra que <strong>la forma en que se secan las manos puede afectar el riesgo de propagaci\u00f3n de bacterias en situaciones reales<\/strong>. Estos resultados tienen implicaciones importantes para minimizar el riesgo de contaminaci\u00f3n de ba\u00f1os en hospitales.<\/p>\n<p>Se han detectado <strong>niveles significativamente m\u00e1s altos de contaminaci\u00f3n bacteriana<\/strong>, incluidas <strong>bacterias fecales y resistentes a los antibi\u00f3ticos,<\/strong> en los ba\u00f1os donde se utilizan secadores de chorro de aire, en comparaci\u00f3n con los que usan toallas de papel.<\/p>\n<p>El uso de<strong> secadores de chorro de aire<\/strong> <strong>aumenta<\/strong> el riesgo de propagaci\u00f3n (aerodispersado) <strong>de bacterias en situaciones reales.<\/strong><\/p>\n<\/div><div class=\"fusion-text fusion-text-2\"><p>Este video ilustra el estudio realizado en varios hospitales, que tuvo lugar en 2018 en Leeds (Reino Unido), Par\u00eds (F), Udine (I).<\/p>\n<p><span style=\"color: #0000ff;\"><strong>Se recomienda ver el video completo, para comprender las conclusiones de los expertos que realizaron el estudio.<\/strong><\/span><\/p>\n<p>Aqu\u00ed hay algunas citas del video::<\/p>\n<p><span style=\"text-decoration: underline;\"><strong><a href=\"https:\/\/europeantissue.com\/wp-content\/uploads\/2018\/09\/Mark-Wilcox-mod-rid.jpg\"><img decoding=\"async\" class=\"alignleft wp-image-10209 size-thumbnail\" src=\"https:\/\/europeantissue.com\/wp-content\/uploads\/2018\/09\/Mark-Wilcox-mod-rid-150x150.jpg\" alt=\"\" width=\"150\" height=\"150\" srcset=\"https:\/\/europeantissue.com\/wp-content\/uploads\/2018\/09\/Mark-Wilcox-mod-rid-45x45.jpg 45w, https:\/\/europeantissue.com\/wp-content\/uploads\/2018\/09\/Mark-Wilcox-mod-rid-66x66.jpg 66w, https:\/\/europeantissue.com\/wp-content\/uploads\/2018\/09\/Mark-Wilcox-mod-rid-150x150.jpg 150w\" sizes=\"(max-width: 150px) 100vw, 150px\" \/><\/a>Mark Wilcox, Leeds MD, Microbi\u00f3logo Consultor:<br \/>\n<\/strong><\/span>\u00abTodo comenz\u00f3 con algunas de mis observaciones personales, mientras utilizaba una toalla de aire. Hemos llevado a cabo numerosos experimentos de diferentes tipos, inicialmente en el laboratorio. Comparamos diferentes tipos de secado para ver si cada m\u00e9todo ten\u00eda un nivel diferente de propagaci\u00f3n bacteriana y contaminaci\u00f3n ambiental \u00ab.<br \/>\n\u00abEl objetivo de nuestro \u00faltimo estudio fue comprender si los resultados obtenidos en el laboratorio eran v\u00e1lidos incluso en la <strong>pr\u00e1ctica de un entorno real.<\/strong> \u00ab<br \/>\n\u00abLos resultados obtenidos indicaron consistentemente que la <strong>contaminaci\u00f3n bacteriana<\/strong> en los ba\u00f1os era <strong>mayor<\/strong> cuando se usaba un <strong>secador de chorro de aire<\/strong> para secarse las manos que cuando se usaban toallas de papel\u00bb.<br \/>\n\u00abAl realizar experimentos similares para observar la dispersi\u00f3n de las gotas, notamos que la mayor\u00eda termin\u00f3 en la parte superior del torso, que es la cara en el caso de los ni\u00f1os &#8230; Incluso hemos detectado algunas gotas incluso en la persona que espera usar el secador\u00bb.<br \/>\n\u00abPor lo tanto, se ha demostrado claramente que los secadores de aire tienen un <strong>mayor riesgo de transmisi\u00f3n de bacterias en los ba\u00f1os.<\/strong> Por lo tanto, no creo que su uso sea adecuado para entornos sanitarios. Es preferible usar toallas de papel, desechadas adecuadamente, que un secador de chorro de aire \u00ab.<\/p>\n<p><span style=\"text-decoration: underline;\"><strong><a href=\"https:\/\/europeantissue.com\/wp-content\/uploads\/2018\/09\/DSCF6668-rid-rev.jpg\"><img decoding=\"async\" class=\"size-thumbnail wp-image-10221 alignright\" src=\"https:\/\/europeantissue.com\/wp-content\/uploads\/2018\/09\/DSCF6668-rid-rev-150x150.jpg\" alt=\"\" width=\"150\" height=\"150\" srcset=\"https:\/\/europeantissue.com\/wp-content\/uploads\/2018\/09\/DSCF6668-rid-rev-45x45.jpg 45w, https:\/\/europeantissue.com\/wp-content\/uploads\/2018\/09\/DSCF6668-rid-rev-66x66.jpg 66w, https:\/\/europeantissue.com\/wp-content\/uploads\/2018\/09\/DSCF6668-rid-rev-150x150.jpg 150w\" sizes=\"(max-width: 150px) 100vw, 150px\" \/><\/a><\/strong><\/span><\/p>\n<div class=\"tlid-results-container results-container\">\n<div class=\"tlid-result result-dict-wrapper\">\n<div class=\"result tlid-copy-target\">\n<div class=\"result-header\">\n<div class=\"starbutton jfk-button-flat jfk-button unstarred\" tabindex=\"0\" role=\"button\" aria-label=\"Aggiungi traduzione ai Preferiti\" data-tooltip=\"Aggiungi traduzione ai Preferiti\" data-tooltip-align=\"t,c\">\n<div class=\"jfk-button-img\"><span style=\"text-decoration: underline;\"><strong>Fredric Barbut, Par\u00eds, profesor de microbiolog\u00eda.<\/strong><\/span><\/div>\n<\/div>\n<\/div>\n<div class=\"text-wrap tlid-copy-target\">\n<div class=\"result-shield-container tlid-copy-target\" tabindex=\"0\"><span class=\"tlid-translation translation\" lang=\"es\"><span class=\"\" title=\"\">\u00abEra necesario comparar diferentes m\u00e9todos de secado de manos para determinar cu\u00e1l era el mejor o si hab\u00eda uno para evitar la propagaci\u00f3n de bacterias\u00bb.<\/span><br \/>\n<span class=\"\" title=\"\">\u00abHallamos bacterias de<strong> origen fecal<\/strong>, como <strong>enterobacterias<\/strong>, en el polvo y en el suelo con m\u00e1s frecuencia cuando se usan secadores de aire\u00bb.<\/span><br \/>\n<span title=\"\">\u00abYa se han tomado medidas.<\/span> <span class=\"\" title=\"\">Una gu\u00eda reciente de la <strong>Sociedad Francesa de Higiene Hospitalaria<\/strong> sobre higiene de manos recomienda <strong>no utilizar secadores de chorro de aire en instalaciones de atenci\u00f3n m\u00e9dica<\/strong> debido al aumento del nivel de propagaci\u00f3n de bacterias en el medio ambiente \u00ab<\/span><\/span><\/div>\n<\/div>\n<\/div>\n<\/div>\n<\/div>\n<p><span style=\"text-decoration: underline;\"><strong><a href=\"https:\/\/europeantissue.com\/wp-content\/uploads\/2018\/09\/SILVIO-BRUSAFERRO-rid-rib.jpg\"><img decoding=\"async\" class=\"size-thumbnail wp-image-10215 alignleft\" src=\"https:\/\/europeantissue.com\/wp-content\/uploads\/2018\/09\/SILVIO-BRUSAFERRO-rid-rib-150x150.jpg\" alt=\"\" width=\"150\" height=\"150\" srcset=\"https:\/\/europeantissue.com\/wp-content\/uploads\/2018\/09\/SILVIO-BRUSAFERRO-rid-rib-45x45.jpg 45w, https:\/\/europeantissue.com\/wp-content\/uploads\/2018\/09\/SILVIO-BRUSAFERRO-rid-rib-66x66.jpg 66w, https:\/\/europeantissue.com\/wp-content\/uploads\/2018\/09\/SILVIO-BRUSAFERRO-rid-rib-150x150.jpg 150w\" sizes=\"(max-width: 150px) 100vw, 150px\" \/><\/a><\/strong><\/span><span style=\"text-decoration: underline;\"><strong>Silvio Brusaferro, Udine, Prof. Ciencias M\u00e9dicas y Biol\u00f3gicas<\/strong><\/span><br \/>\n\u00abEl secado de las manos con las toallitas es un secado que <strong>limita la contaminaci\u00f3n de la toalla<\/strong> o, en cualquier caso, el lugar donde se tira la toalla\u00bb.<br \/>\n\u00abEl secado con el chorro de aire provoca una mayor difusi\u00f3n, cuanto m\u00e1s poderoso es el chorro de aire en los espacios alrededor del lugar de secado\u00bb.<\/p>\n<p><strong><a href=\"https:\/\/europeantissue.com\/wp-content\/uploads\/2018\/10\/ETS_Marc-Van-Ranst.jpg\"><img decoding=\"async\" class=\"wp-image-10526 alignright\" src=\"https:\/\/europeantissue.com\/wp-content\/uploads\/2018\/10\/ETS_Marc-Van-Ranst-300x277.jpg\" alt=\"\" width=\"159\" height=\"147\" srcset=\"https:\/\/europeantissue.com\/wp-content\/uploads\/2018\/10\/ETS_Marc-Van-Ranst-200x185.jpg 200w, https:\/\/europeantissue.com\/wp-content\/uploads\/2018\/10\/ETS_Marc-Van-Ranst-300x277.jpg 300w, https:\/\/europeantissue.com\/wp-content\/uploads\/2018\/10\/ETS_Marc-Van-Ranst-400x370.jpg 400w, https:\/\/europeantissue.com\/wp-content\/uploads\/2018\/10\/ETS_Marc-Van-Ranst-600x555.jpg 600w, https:\/\/europeantissue.com\/wp-content\/uploads\/2018\/10\/ETS_Marc-Van-Ranst-768x710.jpg 768w, https:\/\/europeantissue.com\/wp-content\/uploads\/2018\/10\/ETS_Marc-Van-Ranst-800x740.jpg 800w, https:\/\/europeantissue.com\/wp-content\/uploads\/2018\/10\/ETS_Marc-Van-Ranst-1024x947.jpg 1024w, https:\/\/europeantissue.com\/wp-content\/uploads\/2018\/10\/ETS_Marc-Van-Ranst-1200x1109.jpg 1200w\" sizes=\"(max-width: 159px) 100vw, 159px\" \/><\/a><\/strong><span style=\"text-decoration: underline;\"><strong>Marc Van Ranst, Lovaina, Vir\u00f3logo<\/strong><\/span><br \/>\n\u00abRealizamos un estudio en <strong>Inglaterra, Francia e Italia<\/strong>. Consist\u00eda en observar, en los ba\u00f1os de algunos hospitales, cu\u00e1l era el mejor m\u00e9todo para secarse las manos \u00ab.<br \/>\n\u00abCreo que en el futuro, ni siquiera lejos, <strong>los secadores de chorro de aire ya no se utilizar\u00e1n en los hospitales<\/strong>\u00ab.<\/p>\n<p>&nbsp;<\/p>\n<\/div><div class=\"fusion-text fusion-text-3\"><h3>Lea los detalles y encuentre el enlace al estudio completo aqu\u00ed: <a href=\"https:\/\/europeantissue.com\/es\/higiene\/estudios\/studio-multisito-espanol\/\">ESTUDIO INTERHOSPITALARIO MULTISITE<\/a><\/h3>\n<\/div><div class=\"fusion-clearfix\"><\/div><\/div><\/div><\/div><\/div><div class=\"fusion-fullwidth fullwidth-box fusion-builder-row-2 nonhundred-percent-fullwidth non-hundred-percent-height-scrolling\" style=\"--awb-border-radius-top-left:0px;--awb-border-radius-top-right:0px;--awb-border-radius-bottom-right:0px;--awb-border-radius-bottom-left:0px;--awb-flex-wrap:wrap;\" ><div class=\"fusion-builder-row fusion-row\"><div class=\"fusion-layout-column fusion_builder_column fusion-builder-column-2 fusion_builder_column_1_1 1_1 fusion-one-full fusion-column-first fusion-column-last\" style=\"--awb-bg-size:cover;\"><div class=\"fusion-column-wrapper fusion-flex-column-wrapper-legacy\"><div class=\"fusion-text fusion-text-4\"><p>&nbsp;<\/p>\n<p>Este video tambi\u00e9n se puede ver en el canal de <a href=\"https:\/\/youtu.be\/gFngu_jgcrI\">ETS Choices You Tube<\/a>, donde tambi\u00e9n puede ver otros videos interesantes sobre higiene de las manos.<\/p>\n<p>Contactos:<\/p>\n<h3>duomedia<\/h3>\n<p>Lutt Willems | tel. +32 2 560 2150| lutt.w@duomedia.com&nbsp;<\/p>\n<h3>ETS<\/h3>\n<p>Fanis Papakostas | <a href=\"roberto.berardi@europeantissue.com\">fanis.papakostas@europeantissue.com<\/a><\/p>\n<\/div><div class=\"fusion-clearfix\"><\/div><\/div><\/div><\/div><\/div><\/p>\n","protected":false},"excerpt":{"rendered":"","protected":false},"author":16,"featured_media":0,"parent":7442,"menu_order":0,"comment_status":"closed","ping_status":"closed","template":"","meta":{"_monsterinsights_skip_tracking":false,"_monsterinsights_sitenote_active":false,"_monsterinsights_sitenote_note":"","_monsterinsights_sitenote_category":0,"ngg_post_thumbnail":0,"footnotes":""},"class_list":["post-10794","page","type-page","status-publish","hentry"],"yoast_head":"<!-- This site is optimized with the Yoast SEO plugin v26.3 - https:\/\/yoast.com\/wordpress\/plugins\/seo\/ -->\n<title>\u00bfSu m\u00e9todo de secado de manos propaga bacterias? - European Tissue Symposium<\/title>\n<meta name=\"robots\" content=\"index, follow, max-snippet:-1, max-image-preview:large, max-video-preview:-1\" \/>\n<link rel=\"canonical\" href=\"https:\/\/europeantissue.com\/es\/higiene\/su-metodo-de-secado-de-manos-propaga-bacterias\/\" \/>\n<meta property=\"og:locale\" content=\"es_ES\" \/>\n<meta property=\"og:type\" content=\"article\" \/>\n<meta property=\"og:title\" content=\"\u00bfSu m\u00e9todo de secado de manos propaga bacterias? - European Tissue Symposium\" \/>\n<meta property=\"og:url\" content=\"https:\/\/europeantissue.com\/es\/higiene\/su-metodo-de-secado-de-manos-propaga-bacterias\/\" \/>\n<meta property=\"og:site_name\" content=\"European Tissue Symposium\" \/>\n<meta property=\"article:modified_time\" content=\"2020-05-03T13:54:35+00:00\" \/>\n<meta property=\"og:image\" content=\"https:\/\/europeantissue.com\/wp-content\/uploads\/2018\/09\/Mark-Wilcox-mod-rid-150x150.jpg\" \/>\n<meta name=\"twitter:card\" content=\"summary_large_image\" \/>\n<meta name=\"twitter:label1\" content=\"Tiempo de lectura\" \/>\n\t<meta name=\"twitter:data1\" content=\"6 minutos\" \/>\n<script type=\"application\/ld+json\" class=\"yoast-schema-graph\">{\"@context\":\"https:\/\/schema.org\",\"@graph\":[{\"@type\":\"WebPage\",\"@id\":\"https:\/\/europeantissue.com\/es\/higiene\/su-metodo-de-secado-de-manos-propaga-bacterias\/\",\"url\":\"https:\/\/europeantissue.com\/es\/higiene\/su-metodo-de-secado-de-manos-propaga-bacterias\/\",\"name\":\"\u00bfSu m\u00e9todo de secado de manos propaga bacterias? - European Tissue Symposium\",\"isPartOf\":{\"@id\":\"https:\/\/europeantissue.com\/de\/#website\"},\"primaryImageOfPage\":{\"@id\":\"https:\/\/europeantissue.com\/es\/higiene\/su-metodo-de-secado-de-manos-propaga-bacterias\/#primaryimage\"},\"image\":{\"@id\":\"https:\/\/europeantissue.com\/es\/higiene\/su-metodo-de-secado-de-manos-propaga-bacterias\/#primaryimage\"},\"thumbnailUrl\":\"https:\/\/europeantissue.com\/wp-content\/uploads\/2018\/09\/Mark-Wilcox-mod-rid-150x150.jpg\",\"datePublished\":\"2019-06-16T16:29:00+00:00\",\"dateModified\":\"2020-05-03T13:54:35+00:00\",\"breadcrumb\":{\"@id\":\"https:\/\/europeantissue.com\/es\/higiene\/su-metodo-de-secado-de-manos-propaga-bacterias\/#breadcrumb\"},\"inLanguage\":\"es\",\"potentialAction\":[{\"@type\":\"ReadAction\",\"target\":[\"https:\/\/europeantissue.com\/es\/higiene\/su-metodo-de-secado-de-manos-propaga-bacterias\/\"]}]},{\"@type\":\"ImageObject\",\"inLanguage\":\"es\",\"@id\":\"https:\/\/europeantissue.com\/es\/higiene\/su-metodo-de-secado-de-manos-propaga-bacterias\/#primaryimage\",\"url\":\"https:\/\/europeantissue.com\/wp-content\/uploads\/2018\/09\/Mark-Wilcox-mod-rid-150x150.jpg\",\"contentUrl\":\"https:\/\/europeantissue.com\/wp-content\/uploads\/2018\/09\/Mark-Wilcox-mod-rid-150x150.jpg\"},{\"@type\":\"BreadcrumbList\",\"@id\":\"https:\/\/europeantissue.com\/es\/higiene\/su-metodo-de-secado-de-manos-propaga-bacterias\/#breadcrumb\",\"itemListElement\":[{\"@type\":\"ListItem\",\"position\":1,\"name\":\"Home\",\"item\":\"https:\/\/europeantissue.com\/es\/\"},{\"@type\":\"ListItem\",\"position\":2,\"name\":\"Higiene\",\"item\":\"https:\/\/europeantissue.com\/es\/higiene\/\"},{\"@type\":\"ListItem\",\"position\":3,\"name\":\"\u00bfSu m\u00e9todo de secado de manos propaga bacterias?\"}]},{\"@type\":\"WebSite\",\"@id\":\"https:\/\/europeantissue.com\/de\/#website\",\"url\":\"https:\/\/europeantissue.com\/de\/\",\"name\":\"European Tissue Symposium\",\"description\":\"\",\"potentialAction\":[{\"@type\":\"SearchAction\",\"target\":{\"@type\":\"EntryPoint\",\"urlTemplate\":\"https:\/\/europeantissue.com\/de\/?s={search_term_string}\"},\"query-input\":{\"@type\":\"PropertyValueSpecification\",\"valueRequired\":true,\"valueName\":\"search_term_string\"}}],\"inLanguage\":\"es\"}]}<\/script>\n<!-- \/ Yoast SEO plugin. -->","yoast_head_json":{"title":"\u00bfSu m\u00e9todo de secado de manos propaga bacterias? - European Tissue Symposium","robots":{"index":"index","follow":"follow","max-snippet":"max-snippet:-1","max-image-preview":"max-image-preview:large","max-video-preview":"max-video-preview:-1"},"canonical":"https:\/\/europeantissue.com\/es\/higiene\/su-metodo-de-secado-de-manos-propaga-bacterias\/","og_locale":"es_ES","og_type":"article","og_title":"\u00bfSu m\u00e9todo de secado de manos propaga bacterias? - European Tissue Symposium","og_url":"https:\/\/europeantissue.com\/es\/higiene\/su-metodo-de-secado-de-manos-propaga-bacterias\/","og_site_name":"European Tissue Symposium","article_modified_time":"2020-05-03T13:54:35+00:00","og_image":[{"url":"https:\/\/europeantissue.com\/wp-content\/uploads\/2018\/09\/Mark-Wilcox-mod-rid-150x150.jpg","type":"","width":"","height":""}],"twitter_card":"summary_large_image","twitter_misc":{"Tiempo de lectura":"6 minutos"},"schema":{"@context":"https:\/\/schema.org","@graph":[{"@type":"WebPage","@id":"https:\/\/europeantissue.com\/es\/higiene\/su-metodo-de-secado-de-manos-propaga-bacterias\/","url":"https:\/\/europeantissue.com\/es\/higiene\/su-metodo-de-secado-de-manos-propaga-bacterias\/","name":"\u00bfSu m\u00e9todo de secado de manos propaga bacterias? - European Tissue Symposium","isPartOf":{"@id":"https:\/\/europeantissue.com\/de\/#website"},"primaryImageOfPage":{"@id":"https:\/\/europeantissue.com\/es\/higiene\/su-metodo-de-secado-de-manos-propaga-bacterias\/#primaryimage"},"image":{"@id":"https:\/\/europeantissue.com\/es\/higiene\/su-metodo-de-secado-de-manos-propaga-bacterias\/#primaryimage"},"thumbnailUrl":"https:\/\/europeantissue.com\/wp-content\/uploads\/2018\/09\/Mark-Wilcox-mod-rid-150x150.jpg","datePublished":"2019-06-16T16:29:00+00:00","dateModified":"2020-05-03T13:54:35+00:00","breadcrumb":{"@id":"https:\/\/europeantissue.com\/es\/higiene\/su-metodo-de-secado-de-manos-propaga-bacterias\/#breadcrumb"},"inLanguage":"es","potentialAction":[{"@type":"ReadAction","target":["https:\/\/europeantissue.com\/es\/higiene\/su-metodo-de-secado-de-manos-propaga-bacterias\/"]}]},{"@type":"ImageObject","inLanguage":"es","@id":"https:\/\/europeantissue.com\/es\/higiene\/su-metodo-de-secado-de-manos-propaga-bacterias\/#primaryimage","url":"https:\/\/europeantissue.com\/wp-content\/uploads\/2018\/09\/Mark-Wilcox-mod-rid-150x150.jpg","contentUrl":"https:\/\/europeantissue.com\/wp-content\/uploads\/2018\/09\/Mark-Wilcox-mod-rid-150x150.jpg"},{"@type":"BreadcrumbList","@id":"https:\/\/europeantissue.com\/es\/higiene\/su-metodo-de-secado-de-manos-propaga-bacterias\/#breadcrumb","itemListElement":[{"@type":"ListItem","position":1,"name":"Home","item":"https:\/\/europeantissue.com\/es\/"},{"@type":"ListItem","position":2,"name":"Higiene","item":"https:\/\/europeantissue.com\/es\/higiene\/"},{"@type":"ListItem","position":3,"name":"\u00bfSu m\u00e9todo de secado de manos propaga bacterias?"}]},{"@type":"WebSite","@id":"https:\/\/europeantissue.com\/de\/#website","url":"https:\/\/europeantissue.com\/de\/","name":"European Tissue Symposium","description":"","potentialAction":[{"@type":"SearchAction","target":{"@type":"EntryPoint","urlTemplate":"https:\/\/europeantissue.com\/de\/?s={search_term_string}"},"query-input":{"@type":"PropertyValueSpecification","valueRequired":true,"valueName":"search_term_string"}}],"inLanguage":"es"}]}},"_links":{"self":[{"href":"https:\/\/europeantissue.com\/es\/wp-json\/wp\/v2\/pages\/10794","targetHints":{"allow":["GET"]}}],"collection":[{"href":"https:\/\/europeantissue.com\/es\/wp-json\/wp\/v2\/pages"}],"about":[{"href":"https:\/\/europeantissue.com\/es\/wp-json\/wp\/v2\/types\/page"}],"author":[{"embeddable":true,"href":"https:\/\/europeantissue.com\/es\/wp-json\/wp\/v2\/users\/16"}],"replies":[{"embeddable":true,"href":"https:\/\/europeantissue.com\/es\/wp-json\/wp\/v2\/comments?post=10794"}],"version-history":[{"count":0,"href":"https:\/\/europeantissue.com\/es\/wp-json\/wp\/v2\/pages\/10794\/revisions"}],"up":[{"embeddable":true,"href":"https:\/\/europeantissue.com\/es\/wp-json\/wp\/v2\/pages\/7442"}],"wp:attachment":[{"href":"https:\/\/europeantissue.com\/es\/wp-json\/wp\/v2\/media?parent=10794"}],"curies":[{"name":"wp","href":"https:\/\/api.w.org\/{rel}","templated":true}]}}