 {"id":8886,"date":"2016-03-29T16:48:56","date_gmt":"2016-03-29T16:48:56","guid":{"rendered":"http:\/\/europeantissue.com\/?page_id=8886&#038;lang=de"},"modified":"2018-07-20T10:25:57","modified_gmt":"2018-07-20T10:25:57","slug":"das-haendetrocknen-mit-einweghandtuechern-birgt-die-geringste-gefahr-der-verbreitung-von-viren","status":"publish","type":"page","link":"https:\/\/europeantissue.com\/de\/hygiene-de\/studien\/das-haendetrocknen-mit-einweghandtuechern-birgt-die-geringste-gefahr-der-verbreitung-von-viren\/","title":{"rendered":"Das H\u00e4ndetrocknen mit Einweghandt\u00fcchern birgt die geringste Gefahr der Verbreitung von Viren"},"content":{"rendered":"<h1>Einweghandt\u00fccher erzielen beim H\u00e4ndetrocknen in Waschr\u00e4umen die bestm\u00f6gliche Hygiene, um das Risiko von Virus\u00fcbertragungen zu verringern \u00a0<\/h1>\n<p>\u2013 Neue <span style=\"color: #1e598a\"><strong>unabh\u00e4ngige Studien<\/strong><\/span> haben ergeben, dass <span style=\"color: #1e598a\"><strong>Einweghandt\u00fccher die wirksamste Art darstellen, sich im Waschraum die H\u00e4nde zu trocknen. Die Studie zeigt, dass sie dabei helfen, die Verbreitung von Viren zu minimieren.<\/strong><\/span> Dies schlie\u00dft Viren der verschiedensten Erkrankungen wie Magen-Darm-Infekten durch Norovirus und Rotavirus mit ein.<\/p>\n<p>Einweghandt\u00fccher geben weniger Mikroorganismen in die Umwelt ab als Jet- oder Hei\u00dflufttrockner und reduzieren au\u00dferdem die Gefahr, dass Viren in die Gesichter kleiner Kinder geblasen werden, \u00a0die die Erwachsenen im Waschraum oder Bad begleiten. Die Ergebnisse haben gro\u00dfe Auswirkung auf die Arbeit von Waschraum- Facility Managern \u00a0z. B. in Krankenh\u00e4usern und Restaurants, wo Hygiene oberstes Gebot ist.\u00a0<\/p>\n<h2>Die Forschungsergebnisse<\/h2>\n<p>Die f\u00fchrenden Mikrobiologen <strong><span style=\"color: #1e598a\">Dr. Patrick Kimmitt und Keith Redway der Universit\u00e4t Westminster<\/span> <\/strong>untersuchten die \u00dcbertragung von Viren unter Einsatz dreier verschiedener \u00a0Handtrocknungsmethoden: Jet-Lufttrockner, Hei\u00dflufttrockner und Papierhandt\u00fccher. Sie fanden heraus, dass bei der Verwendung eines Jet-Lufttrockners mehr Viruspartikel weiter und in verschiedenen H\u00f6hen ausgesto\u00dfen werden als bei den anderen Methoden, und dass au\u00dferdem die Anzahl der in der Luft enthaltenen Viren signifikant h\u00f6her ist. <strong><span style=\"color: #ff0000\">In einer Reihe getesteter H\u00f6hen verursachte der Jet-Lufttrockner durchschnittlich \u00fcber 60-mal so viele Virenkulturen wie ein Hei\u00dflufttrockner und \u00fcber 1300-mal so viele wie Papierhandt\u00fccher.<\/span><\/strong> Die Ergebnisse aus kombinierten Durchschnittswerten in bis zu 3 Metern Entfernung von den \u00a0Handtrocknungseinrichtungen haben gezeigt, dass ein Jet-Lufttrockner \u00fcber 20-mal so viele Virenkulturen erzeugte wie ein Hei\u00dflufttrockner und \u00fcber 190-mal so viele wie Papierhandt\u00fccher. Luftproben, die 15 Minuten nach dem Gebrauch entnommen wurden, \u00a0zeigten, dass der Jet-Lufttrockner durchschnittlich \u00fcber 50-mal so viele Virenkulturen wie ein Hei\u00dflufttrockner und \u00fcber 100-mal so viele wie Papierhandt\u00fccher erzeugt.\u00a0<\/p>\n<p><a href=\"http:\/\/europeantissue.com\/wp-content\/uploads\/2016\/03\/ETS_Infographic_UoW-Virus-Study_GE.jpg\" rel=\"attachment wp-att-8865\"><img decoding=\"async\" class=\"alignnone wp-image-8990\" src=\"http:\/\/europeantissue.com\/wp-content\/uploads\/2016\/03\/ETS_Infographic_UoW-Virus-Study_GE-1024x726.jpg\" alt=\"\" width=\"720\" height=\"511\" srcset=\"https:\/\/europeantissue.com\/wp-content\/uploads\/2016\/03\/ETS_Infographic_UoW-Virus-Study_GE-300x214.jpg 300w, https:\/\/europeantissue.com\/wp-content\/uploads\/2016\/03\/ETS_Infographic_UoW-Virus-Study_GE-768x545.jpg 768w, https:\/\/europeantissue.com\/wp-content\/uploads\/2016\/03\/ETS_Infographic_UoW-Virus-Study_GE-1024x726.jpg 1024w, https:\/\/europeantissue.com\/wp-content\/uploads\/2016\/03\/ETS_Infographic_UoW-Virus-Study_GE.jpg 1258w\" sizes=\"(max-width: 720px) 100vw, 720px\" \/><\/a><\/p>\n<p>Von Viren ist bekannt, dass sie einige Zeit auf der Hand \u00fcberleben k\u00f6nnen, bei Influenza-Viren sind es 10\u201315 Minuten, bei Herpesviren bis zu zwei Stunden, bei Viren grippaler Infekte bis zu einer Woche, und beim Rotavirus bis zu 60 Tage. Virale Pathogene wie der Norovirus erfordern eine geringe Infektionsdosis und k\u00f6nnen in F\u00e4kalien in gro\u00dfer Anzahl abgehen.<\/p>\n<p>\u201eUnsere Untersuchungen haben klar ergeben, dass <span style=\"color: #1e598a\"><strong>unter allen getesteten Methoden des H\u00e4ndetrocknens Einweghandt\u00fccher die geringste Zahl von Viren verbreiten<\/strong><\/span>\u201c, erkl\u00e4rt Dr. Patrick Kimmitt. \u201eEs wird gesch\u00e4tzt, dass die Kreuzinfektion mit 40% zu F\u00e4llen therapieassoziierter Infektionen beitr\u00e4gt. Die wirksame Hygiene beim H\u00e4ndewaschen und H\u00e4ndetrocknen ist ein wichtiger Schritt bei der Verringerung solcher Infektionen.\u201c<\/p>\n<h2>Reichweite<\/h2>\n<p>Die Studie wurde im Oktober 2015 von Keith Redway auf der Konferenz der European Public Health Association in Mailand kurz vorgestellt, wo sie auf ein breites Interesse stie\u00df. <strong><span style=\"color: #1e598a\">Daraufhin wurde sie im Dezember 2015 in einem wissenschaftlichen Journal ver\u00f6ffentlicht (Referenz: Kimmitt, P.T. &amp;\u00a0Redway, K.F. Evaluation of the potential for virus dispersal during hand drying: a comparison of three methods (Bewertung der potentiellen Virusverbreitung beim H\u00e4ndetrocknen: Ein Vergleich dreier Methoden). Journal of Applied Microbiology. 120, 478-486. http:\/\/onlinelibrary.wiley.com\/doi\/10.1111\/jam.13014\/abstract).<\/span><\/strong><\/p>\n<p><a href=\"http:\/\/onlinelibrary.wiley.com\/doi\/10.1111\/jam.13014\/full\"><img decoding=\"async\" class=\"size-medium wp-image-9016 alignleft\" src=\"http:\/\/europeantissue.com\/wp-content\/uploads\/2016\/03\/KR-Viruses-Study-162x300.jpg\" alt=\"KR Viruses Study\" width=\"162\" height=\"300\" srcset=\"https:\/\/europeantissue.com\/wp-content\/uploads\/2016\/03\/KR-Viruses-Study-162x300.jpg 162w, https:\/\/europeantissue.com\/wp-content\/uploads\/2016\/03\/KR-Viruses-Study.jpg 210w\" sizes=\"(max-width: 162px) 100vw, 162px\" \/><\/a>Sie k\u00f6nnen die vollst\u00e4ndige Studie unter folgendem Link herunterladen:\u00a0<a href=\"http:\/\/onlinelibrary.wiley.com\/doi\/10.1111\/jam.13014\/full\">http:\/\/onlinelibrary.wiley.com\/doi\/10.1111\/jam.13014\/full<\/a><\/p>\n<p>Keith Redway hat die Ergebnisse in vollem Umfang auf der ISSA\/Interclean in Amsterdam am 11. Mai um 14.00 Uhr in einem Gespr\u00e4ch mit dem Titel \u201eWashroom hygiene: The dispersal of viruses by different hand-drying methods (Waschraumhygiene: Die Verbreitung von Viren durch verschiedene Methoden des H\u00e4ndetrocknens)\u201c vorstellen.<\/p>\n<p>\u201eGute Handhygiene kann Leben retten.\u201c erkl\u00e4rt Keith Redway. \u201eUm Infektionsrisiken durch die richtige Handhygiene minimieren zu k\u00f6nnen, muss man auch wissen, worin die Gefahren bestehen. Unsere Forschung und die Ergebnisse haben \u00fcber die Jahre hinweg immer wieder gezeigt, dass Einweghandt\u00fccher die sicherste Art darstellen, die H\u00e4nde im Waschraum zu trocknen. Diese Virusstudie liefert weitere Beweise daf\u00fcr, dass hinsichtlich der Hygiene das Trocknen der H\u00e4nde mit einem einmal verwendbaren Papierhandtuch den sichersten Schutz vor der Verbreitung von Viren in Waschr\u00e4umen darstellt.\u201c<\/p>\n<p>In fr\u00fchere Forschungsstudien der Universit\u00e4ten Leeds und Westminster wurde ebenfalls herausgefunden, dass in einem typischen Waschraum Jet- und Hei\u00dflufttrockner mehr Bakterien und andere Mikroben verbreiten als Papierhandt\u00fccher.<\/p>\n<p>Sehen Sie hier das Video in Bezug auf die Studie: <a href=\"https:\/\/www.youtube.com\/watch?v=nJPxvHPCPUI\">https:\/\/www.youtube.com\/watch?v=nJPxvHPCPUI<\/a><\/p>\n<p><a href=\"https:\/\/www.youtube.com\/watch?v=nJPxvHPCPUI\"><img decoding=\"async\" class=\"aligncenter wp-image-9068\" src=\"http:\/\/europeantissue.com\/wp-content\/uploads\/2016\/03\/Video-Viruses.jpg\" alt=\"Video Viruses\" width=\"550\" height=\"287\" srcset=\"https:\/\/europeantissue.com\/wp-content\/uploads\/2016\/03\/Video-Viruses-300x157.jpg 300w, https:\/\/europeantissue.com\/wp-content\/uploads\/2016\/03\/Video-Viruses-768x401.jpg 768w, https:\/\/europeantissue.com\/wp-content\/uploads\/2016\/03\/Video-Viruses.jpg 949w\" sizes=\"(max-width: 550px) 100vw, 550px\" \/><\/a><\/p>\n","protected":false},"excerpt":{"rendered":"<p>Einweghandt\u00fccher erzielen beim H\u00e4ndetrocknen in Waschr\u00e4umen die bestm\u00f6gliche Hygiene, um das Risiko von Virus\u00fcbertragungen zu verringern \u00a0 \u2013 Neue unabh\u00e4ngige Studien haben ergeben, dass Einweghandt\u00fccher die wirksamste Art darstellen, sich im Waschraum die H\u00e4nde zu trocknen. Die Studie zeigt, dass sie dabei helfen, die Verbreitung von Viren zu minimieren. Dies schlie\u00dft Viren der verschiedensten Erkrankungen  [&#8230;]<\/p>\n","protected":false},"author":16,"featured_media":0,"parent":7695,"menu_order":1,"comment_status":"closed","ping_status":"closed","template":"","meta":{"_monsterinsights_skip_tracking":false,"_monsterinsights_sitenote_active":false,"_monsterinsights_sitenote_note":"","_monsterinsights_sitenote_category":0,"ngg_post_thumbnail":0,"footnotes":""},"class_list":["post-8886","page","type-page","status-publish","hentry"],"yoast_head":"<!-- This site is optimized with the Yoast SEO plugin v26.3 - https:\/\/yoast.com\/wordpress\/plugins\/seo\/ -->\n<title>Das H\u00e4ndetrocknen mit Einweghandt\u00fcchern birgt die geringste Gefahr der Verbreitung von Viren - European Tissue Symposium<\/title>\n<meta name=\"description\" content=\"Einweghandt\u00fccher erzielen beim H\u00e4ndetrocknen in Waschr\u00e4umen die bestm\u00f6gliche Hygiene, um das Risiko von Virus\u00fcbertragungen zu verringern \u00a0\" \/>\n<meta name=\"robots\" content=\"index, follow, max-snippet:-1, max-image-preview:large, max-video-preview:-1\" \/>\n<link rel=\"canonical\" href=\"https:\/\/europeantissue.com\/de\/hygiene-de\/studien\/das-haendetrocknen-mit-einweghandtuechern-birgt-die-geringste-gefahr-der-verbreitung-von-viren\/\" \/>\n<meta property=\"og:locale\" content=\"de_DE\" \/>\n<meta property=\"og:type\" content=\"article\" \/>\n<meta property=\"og:title\" content=\"Das H\u00e4ndetrocknen mit Einweghandt\u00fcchern birgt die geringste Gefahr der Verbreitung von Viren - European Tissue Symposium\" \/>\n<meta property=\"og:description\" content=\"Einweghandt\u00fccher erzielen beim H\u00e4ndetrocknen in Waschr\u00e4umen die bestm\u00f6gliche Hygiene, um das Risiko von Virus\u00fcbertragungen zu verringern \u00a0\" \/>\n<meta property=\"og:url\" content=\"https:\/\/europeantissue.com\/de\/hygiene-de\/studien\/das-haendetrocknen-mit-einweghandtuechern-birgt-die-geringste-gefahr-der-verbreitung-von-viren\/\" \/>\n<meta property=\"og:site_name\" content=\"European Tissue Symposium\" \/>\n<meta property=\"article:modified_time\" content=\"2018-07-20T10:25:57+00:00\" \/>\n<meta property=\"og:image\" content=\"http:\/\/europeantissue.com\/wp-content\/uploads\/2016\/03\/ETS_Infographic_UoW-Virus-Study_GE-1024x726.jpg\" \/>\n<meta name=\"twitter:card\" content=\"summary_large_image\" \/>\n<meta name=\"twitter:label1\" content=\"Gesch\u00e4tzte Lesezeit\" \/>\n\t<meta name=\"twitter:data1\" content=\"3 Minuten\" \/>\n<script type=\"application\/ld+json\" class=\"yoast-schema-graph\">{\"@context\":\"https:\/\/schema.org\",\"@graph\":[{\"@type\":\"WebPage\",\"@id\":\"https:\/\/europeantissue.com\/de\/hygiene-de\/studien\/das-haendetrocknen-mit-einweghandtuechern-birgt-die-geringste-gefahr-der-verbreitung-von-viren\/\",\"url\":\"https:\/\/europeantissue.com\/de\/hygiene-de\/studien\/das-haendetrocknen-mit-einweghandtuechern-birgt-die-geringste-gefahr-der-verbreitung-von-viren\/\",\"name\":\"Das H\u00e4ndetrocknen mit Einweghandt\u00fcchern birgt die geringste Gefahr der Verbreitung von Viren - European Tissue Symposium\",\"isPartOf\":{\"@id\":\"https:\/\/europeantissue.com\/de\/#website\"},\"primaryImageOfPage\":{\"@id\":\"https:\/\/europeantissue.com\/de\/hygiene-de\/studien\/das-haendetrocknen-mit-einweghandtuechern-birgt-die-geringste-gefahr-der-verbreitung-von-viren\/#primaryimage\"},\"image\":{\"@id\":\"https:\/\/europeantissue.com\/de\/hygiene-de\/studien\/das-haendetrocknen-mit-einweghandtuechern-birgt-die-geringste-gefahr-der-verbreitung-von-viren\/#primaryimage\"},\"thumbnailUrl\":\"http:\/\/europeantissue.com\/wp-content\/uploads\/2016\/03\/ETS_Infographic_UoW-Virus-Study_GE-1024x726.jpg\",\"datePublished\":\"2016-03-29T16:48:56+00:00\",\"dateModified\":\"2018-07-20T10:25:57+00:00\",\"description\":\"Einweghandt\u00fccher erzielen beim H\u00e4ndetrocknen in Waschr\u00e4umen die bestm\u00f6gliche Hygiene, um das Risiko von Virus\u00fcbertragungen zu verringern \u00a0\",\"breadcrumb\":{\"@id\":\"https:\/\/europeantissue.com\/de\/hygiene-de\/studien\/das-haendetrocknen-mit-einweghandtuechern-birgt-die-geringste-gefahr-der-verbreitung-von-viren\/#breadcrumb\"},\"inLanguage\":\"de-DE\",\"potentialAction\":[{\"@type\":\"ReadAction\",\"target\":[\"https:\/\/europeantissue.com\/de\/hygiene-de\/studien\/das-haendetrocknen-mit-einweghandtuechern-birgt-die-geringste-gefahr-der-verbreitung-von-viren\/\"]}]},{\"@type\":\"ImageObject\",\"inLanguage\":\"de-DE\",\"@id\":\"https:\/\/europeantissue.com\/de\/hygiene-de\/studien\/das-haendetrocknen-mit-einweghandtuechern-birgt-die-geringste-gefahr-der-verbreitung-von-viren\/#primaryimage\",\"url\":\"http:\/\/europeantissue.com\/wp-content\/uploads\/2016\/03\/ETS_Infographic_UoW-Virus-Study_GE-1024x726.jpg\",\"contentUrl\":\"http:\/\/europeantissue.com\/wp-content\/uploads\/2016\/03\/ETS_Infographic_UoW-Virus-Study_GE-1024x726.jpg\"},{\"@type\":\"BreadcrumbList\",\"@id\":\"https:\/\/europeantissue.com\/de\/hygiene-de\/studien\/das-haendetrocknen-mit-einweghandtuechern-birgt-die-geringste-gefahr-der-verbreitung-von-viren\/#breadcrumb\",\"itemListElement\":[{\"@type\":\"ListItem\",\"position\":1,\"name\":\"Home\",\"item\":\"https:\/\/europeantissue.com\/de\/\"},{\"@type\":\"ListItem\",\"position\":2,\"name\":\"Hygiene (DE)\",\"item\":\"https:\/\/europeantissue.com\/de\/hygiene-de\/\"},{\"@type\":\"ListItem\",\"position\":3,\"name\":\"Studien\",\"item\":\"https:\/\/europeantissue.com\/de\/hygiene-de\/studien\/\"},{\"@type\":\"ListItem\",\"position\":4,\"name\":\"Das H\u00e4ndetrocknen mit Einweghandt\u00fcchern birgt die geringste Gefahr der Verbreitung von Viren\"}]},{\"@type\":\"WebSite\",\"@id\":\"https:\/\/europeantissue.com\/de\/#website\",\"url\":\"https:\/\/europeantissue.com\/de\/\",\"name\":\"European Tissue Symposium\",\"description\":\"\",\"potentialAction\":[{\"@type\":\"SearchAction\",\"target\":{\"@type\":\"EntryPoint\",\"urlTemplate\":\"https:\/\/europeantissue.com\/de\/?s={search_term_string}\"},\"query-input\":{\"@type\":\"PropertyValueSpecification\",\"valueRequired\":true,\"valueName\":\"search_term_string\"}}],\"inLanguage\":\"de-DE\"}]}<\/script>\n<!-- \/ Yoast SEO plugin. -->","yoast_head_json":{"title":"Das H\u00e4ndetrocknen mit Einweghandt\u00fcchern birgt die geringste Gefahr der Verbreitung von Viren - European Tissue Symposium","description":"Einweghandt\u00fccher erzielen beim H\u00e4ndetrocknen in Waschr\u00e4umen die bestm\u00f6gliche Hygiene, um das Risiko von Virus\u00fcbertragungen zu verringern \u00a0","robots":{"index":"index","follow":"follow","max-snippet":"max-snippet:-1","max-image-preview":"max-image-preview:large","max-video-preview":"max-video-preview:-1"},"canonical":"https:\/\/europeantissue.com\/de\/hygiene-de\/studien\/das-haendetrocknen-mit-einweghandtuechern-birgt-die-geringste-gefahr-der-verbreitung-von-viren\/","og_locale":"de_DE","og_type":"article","og_title":"Das H\u00e4ndetrocknen mit Einweghandt\u00fcchern birgt die geringste Gefahr der Verbreitung von Viren - European Tissue Symposium","og_description":"Einweghandt\u00fccher erzielen beim H\u00e4ndetrocknen in Waschr\u00e4umen die bestm\u00f6gliche Hygiene, um das Risiko von Virus\u00fcbertragungen zu verringern \u00a0","og_url":"https:\/\/europeantissue.com\/de\/hygiene-de\/studien\/das-haendetrocknen-mit-einweghandtuechern-birgt-die-geringste-gefahr-der-verbreitung-von-viren\/","og_site_name":"European Tissue Symposium","article_modified_time":"2018-07-20T10:25:57+00:00","og_image":[{"url":"http:\/\/europeantissue.com\/wp-content\/uploads\/2016\/03\/ETS_Infographic_UoW-Virus-Study_GE-1024x726.jpg","type":"","width":"","height":""}],"twitter_card":"summary_large_image","twitter_misc":{"Gesch\u00e4tzte Lesezeit":"3 Minuten"},"schema":{"@context":"https:\/\/schema.org","@graph":[{"@type":"WebPage","@id":"https:\/\/europeantissue.com\/de\/hygiene-de\/studien\/das-haendetrocknen-mit-einweghandtuechern-birgt-die-geringste-gefahr-der-verbreitung-von-viren\/","url":"https:\/\/europeantissue.com\/de\/hygiene-de\/studien\/das-haendetrocknen-mit-einweghandtuechern-birgt-die-geringste-gefahr-der-verbreitung-von-viren\/","name":"Das H\u00e4ndetrocknen mit Einweghandt\u00fcchern birgt die geringste Gefahr der Verbreitung von Viren - European Tissue Symposium","isPartOf":{"@id":"https:\/\/europeantissue.com\/de\/#website"},"primaryImageOfPage":{"@id":"https:\/\/europeantissue.com\/de\/hygiene-de\/studien\/das-haendetrocknen-mit-einweghandtuechern-birgt-die-geringste-gefahr-der-verbreitung-von-viren\/#primaryimage"},"image":{"@id":"https:\/\/europeantissue.com\/de\/hygiene-de\/studien\/das-haendetrocknen-mit-einweghandtuechern-birgt-die-geringste-gefahr-der-verbreitung-von-viren\/#primaryimage"},"thumbnailUrl":"http:\/\/europeantissue.com\/wp-content\/uploads\/2016\/03\/ETS_Infographic_UoW-Virus-Study_GE-1024x726.jpg","datePublished":"2016-03-29T16:48:56+00:00","dateModified":"2018-07-20T10:25:57+00:00","description":"Einweghandt\u00fccher erzielen beim H\u00e4ndetrocknen in Waschr\u00e4umen die bestm\u00f6gliche Hygiene, um das Risiko von Virus\u00fcbertragungen zu verringern \u00a0","breadcrumb":{"@id":"https:\/\/europeantissue.com\/de\/hygiene-de\/studien\/das-haendetrocknen-mit-einweghandtuechern-birgt-die-geringste-gefahr-der-verbreitung-von-viren\/#breadcrumb"},"inLanguage":"de-DE","potentialAction":[{"@type":"ReadAction","target":["https:\/\/europeantissue.com\/de\/hygiene-de\/studien\/das-haendetrocknen-mit-einweghandtuechern-birgt-die-geringste-gefahr-der-verbreitung-von-viren\/"]}]},{"@type":"ImageObject","inLanguage":"de-DE","@id":"https:\/\/europeantissue.com\/de\/hygiene-de\/studien\/das-haendetrocknen-mit-einweghandtuechern-birgt-die-geringste-gefahr-der-verbreitung-von-viren\/#primaryimage","url":"http:\/\/europeantissue.com\/wp-content\/uploads\/2016\/03\/ETS_Infographic_UoW-Virus-Study_GE-1024x726.jpg","contentUrl":"http:\/\/europeantissue.com\/wp-content\/uploads\/2016\/03\/ETS_Infographic_UoW-Virus-Study_GE-1024x726.jpg"},{"@type":"BreadcrumbList","@id":"https:\/\/europeantissue.com\/de\/hygiene-de\/studien\/das-haendetrocknen-mit-einweghandtuechern-birgt-die-geringste-gefahr-der-verbreitung-von-viren\/#breadcrumb","itemListElement":[{"@type":"ListItem","position":1,"name":"Home","item":"https:\/\/europeantissue.com\/de\/"},{"@type":"ListItem","position":2,"name":"Hygiene (DE)","item":"https:\/\/europeantissue.com\/de\/hygiene-de\/"},{"@type":"ListItem","position":3,"name":"Studien","item":"https:\/\/europeantissue.com\/de\/hygiene-de\/studien\/"},{"@type":"ListItem","position":4,"name":"Das H\u00e4ndetrocknen mit Einweghandt\u00fcchern birgt die geringste Gefahr der Verbreitung von Viren"}]},{"@type":"WebSite","@id":"https:\/\/europeantissue.com\/de\/#website","url":"https:\/\/europeantissue.com\/de\/","name":"European Tissue Symposium","description":"","potentialAction":[{"@type":"SearchAction","target":{"@type":"EntryPoint","urlTemplate":"https:\/\/europeantissue.com\/de\/?s={search_term_string}"},"query-input":{"@type":"PropertyValueSpecification","valueRequired":true,"valueName":"search_term_string"}}],"inLanguage":"de-DE"}]}},"_links":{"self":[{"href":"https:\/\/europeantissue.com\/de\/wp-json\/wp\/v2\/pages\/8886","targetHints":{"allow":["GET"]}}],"collection":[{"href":"https:\/\/europeantissue.com\/de\/wp-json\/wp\/v2\/pages"}],"about":[{"href":"https:\/\/europeantissue.com\/de\/wp-json\/wp\/v2\/types\/page"}],"author":[{"embeddable":true,"href":"https:\/\/europeantissue.com\/de\/wp-json\/wp\/v2\/users\/16"}],"replies":[{"embeddable":true,"href":"https:\/\/europeantissue.com\/de\/wp-json\/wp\/v2\/comments?post=8886"}],"version-history":[{"count":0,"href":"https:\/\/europeantissue.com\/de\/wp-json\/wp\/v2\/pages\/8886\/revisions"}],"up":[{"embeddable":true,"href":"https:\/\/europeantissue.com\/de\/wp-json\/wp\/v2\/pages\/7695"}],"wp:attachment":[{"href":"https:\/\/europeantissue.com\/de\/wp-json\/wp\/v2\/media?parent=8886"}],"curies":[{"name":"wp","href":"https:\/\/api.w.org\/{rel}","templated":true}]}}