 {"id":8026,"date":"2015-10-07T16:48:53","date_gmt":"2015-10-07T16:48:53","guid":{"rendered":"http:\/\/europeantissue.com\/?page_id=8026"},"modified":"2018-07-20T10:26:00","modified_gmt":"2018-07-20T10:26:00","slug":"studie-der-university-of-westminster-2008","status":"publish","type":"page","link":"https:\/\/europeantissue.com\/de\/hygiene-de\/studien\/studie-der-university-of-westminster-2008\/","title":{"rendered":"Studie der Universit\u00e4t von Westminster (2008)"},"content":{"rendered":"<h2>Studie der Universit\u00e4t von Westminster (2008)<\/h2>\n<p>Es gab viele Studien \u00fcber die Vorteile des H\u00e4ndewaschens und \u00fcber die Wirksamkeit der verschiedenen Handwaschmittel, aber relativ wenige \u00fcber den Anteil der H\u00e4ndetrocknung zur Handhygiene. ETS fragte ein <span style=\"color: #296d94\"><strong>Forschungsteam der Universit\u00e4t von Westminster, geleitet vom Mikrobiologen Keith Redway<\/strong><\/span>, um die hygienische Leistung von verschiedenen Handtrocknungsverfahren unter Ber\u00fccksichtigung der Technologie- und Produktentwicklungen zu studieren, einschlie\u00dflich der k\u00fcrzlich eingef\u00fchrten neuen Generation der Strahl-Lufttrockner, die in fr\u00fcheren Vergleichsstudien nicht getestet wurden. Die verwendete Hauptmethodik in der vorliegenden Studie folgt den bisherigen aktuell verf\u00fcgbaren Studien der Universit\u00e4t von Westminster zu diesem Thema seit 1993.<\/p>\n<p>In der Studie wurden 3 verschiedene Handtrocknungsverfahren in 4 Abschnitten untersucht:<\/p>\n<ul>\n<li>Abschnitt A:\u00a0<span style=\"color: #25618f\"><strong>Trocknungseffizienz<\/strong>.<\/span> (<em>Die Menge an Wasser, die nach dem Waschen und Trocknen unter Verwendung von 5 Arten von Papierhandt\u00fcchern noch auf den H\u00e4nden der Probanden verblieb, wurde mittels einem Warmlufttrockner und einem Strahl-Lufttrockner getrocknet und der Trocknungsgrad prozentual (%) zu verschiedenen Zeiten bis zu 1 Minute gemessen.)<\/em><\/li>\n<\/ul>\n<div class=\"page\" title=\"Page 6\">\n<div class=\"section\">\n<div class=\"layoutArea\">\n<div class=\"column\"><div class=\"fusion-fullwidth fullwidth-box fusion-builder-row-1 hundred-percent-fullwidth non-hundred-percent-height-scrolling\" style=\"--awb-border-radius-top-left:0px;--awb-border-radius-top-right:0px;--awb-border-radius-bottom-right:0px;--awb-border-radius-bottom-left:0px;--awb-overflow:visible;--awb-flex-wrap:wrap;\" ><div class=\"fusion-builder-row fusion-row\"><div class=\"fusion-layout-column fusion_builder_column fusion-builder-column-0 fusion_builder_column_1_1 1_1 fusion-one-full fusion-column-first fusion-column-last fusion-column-no-min-height\" style=\"--awb-bg-size:cover;--awb-margin-bottom:0px;\"><div class=\"fusion-column-wrapper fusion-flex-column-wrapper-legacy\"><div id=\"attachment_7920\" style=\"width: 702px\" class=\"wp-caption aligncenter\"><a href=\"http:\/\/europeantissue.com\/wp-content\/uploads\/2009\/11\/Drying-Time.png\"><img decoding=\"async\" aria-describedby=\"caption-attachment-7920\" class=\"wp-image-7920 size-full\" src=\"http:\/\/europeantissue.com\/wp-content\/uploads\/2009\/11\/Drying-Time.png\" alt=\"Drying Time Studie der Universit\u00e4t von Westminster (2008)\" width=\"692\" height=\"408\" srcset=\"https:\/\/europeantissue.com\/wp-content\/uploads\/2009\/11\/Drying-Time-300x177.png 300w, https:\/\/europeantissue.com\/wp-content\/uploads\/2009\/11\/Drying-Time.png 692w\" sizes=\"(max-width: 692px) 100vw, 692px\" \/><\/a><p id=\"caption-attachment-7920\" class=\"wp-caption-text\">Drying Time Studie der Universit\u00e4t von Westminster (2008)<\/p><\/div>\n<p style=\"text-align: center\">Diagramm des durchschnittlichen Prozentsatzes der Trockenheit von H\u00e4nden der Teilnehmer gegen\u00fcber der Trocknungszeit unter Verwendung von f\u00fcnf verschiedenen Sorten von Papierhandt\u00fcchern (PT), einem Warmlufttrockner (WAD), und einem Strahl-Lufttrockner (JAD).<\/p>\n<p style=\"text-align: center\">\u00a0<\/p>\n<\/div>\n<\/div>\n<\/div>\n<\/div>\n<div class=\"page\" title=\"Page 7\">\n<div class=\"section\">\n<div class=\"layoutArea\">\n<div class=\"column\">\n<p style=\"padding-left: 30px\"><span style=\"color: #25618f\"><strong>Schlussfolgerungen f\u00fcr Abschnitt A<\/strong><\/span><\/p>\n<p style=\"padding-left: 30px\"><span style=\"color: #267a99\"><span style=\"color: #000000\">Die Ergebnisse zeigten, dass die 5 Arten von Papierhandt\u00fcchern und der Strahl-Lufttrockner gleicherma\u00dfen effizient beim Trocknen der H\u00e4nde der Anwender waren, alle von ihnen erreichen in etwa 10 Sekunden eine Trockenheit von 90 %.\u00a0Jedoch zeigten die Ergebnisse, dass die Warmlufttrockner erheblich weniger effizient (d. h. langsamer) waren, als die 5 Arten von Papierhandt\u00fcchern und auch der JAD und<\/span><span style=\"color: #ff0000\"><strong> <strong>mehr als 4 mal so lang ben\u00f6tigten, um 90 % Trockenheit der H\u00e4nde zu erreichen<\/strong>. <\/strong><\/span><\/span><\/p>\n<p style=\"padding-left: 30px\">\u00a0<\/p>\n<ul>\n<li>Abschnitt B:<span style=\"color: #25618f\"><strong> Ver\u00e4nderungen in der Anzahl der verschiedenen Arten von Bakterien auf den H\u00e4nden vor und nach dem Trocknen mit Papierhandtuch, Warmlufttrockner und Strahl-Lufttrockner. \u00a0<\/strong><\/span><em>(Nach dem Besuch einer Waschraumes wurden die Fingerkuppen und die Handfl\u00e4chen von 20 Freiwilligen f\u00fcr verschiedene Arten von Bakterien vor und nach dem Waschen und Trocknen mit Papiertuch, Warmlufttrockner und Strahl-Lufttrockner abgetastet. Kombinierte Ergebnisse der Keimzahlen auf den drei verschiedenen Wachstumsmedien (N\u00e4hragar <div class=\"fusion-clearfix\"><\/div><\/div><\/div><div class=\"fusion-layout-column fusion_builder_column fusion-builder-column-1 fusion_builder_column_1_1 1_1 fusion-one-full fusion-column-first fusion-column-last fusion-column-no-min-height\" style=\"--awb-bg-size:cover;--awb-margin-bottom:0px;\"><div class=\"fusion-column-wrapper fusion-flex-column-wrapper-legacy\">[NA], Elektrolytarmer Cystin-Lactose-Agar[CLED], Mannit-Kochsalz-Agar [MSA]) werden unten angezeigt.)<\/em>\n<div class=\"page\" title=\"Page 10\">\n<div class=\"section\">\n<div class=\"layoutArea\">\n<div class=\"column\"><div id=\"attachment_8010\" style=\"width: 679px\" class=\"wp-caption aligncenter\"><a href=\"http:\/\/europeantissue.com\/wp-content\/uploads\/2009\/11\/Graph-Change-of-Colonies-JAD.png\"><img decoding=\"async\" aria-describedby=\"caption-attachment-8010\" class=\"wp-image-8010 size-large\" src=\"http:\/\/europeantissue.com\/wp-content\/uploads\/2009\/11\/Graph-Change-of-Colonies-JAD-1024x743.png\" alt=\"Graph Change of Colonies JAD Drying Time Studie der Universit\u00e4t von Westminster (2008)\" width=\"669\" height=\"485\" srcset=\"https:\/\/europeantissue.com\/wp-content\/uploads\/2009\/11\/Graph-Change-of-Colonies-JAD-300x218.png 300w, https:\/\/europeantissue.com\/wp-content\/uploads\/2009\/11\/Graph-Change-of-Colonies-JAD-1024x743.png 1024w, https:\/\/europeantissue.com\/wp-content\/uploads\/2009\/11\/Graph-Change-of-Colonies-JAD.png 1456w\" sizes=\"(max-width: 669px) 100vw, 669px\" \/><\/a><p id=\"caption-attachment-8010\" class=\"wp-caption-text\">Colonies JAD Drying Time Studie der Universit\u00e4t von Westminster (2008)<\/p><\/div><\/div>\n<\/div>\n<\/div>\n<\/div>\n<\/li>\n<\/ul>\n<\/div>\n<\/div>\n<\/div>\n<\/div>\n<div class=\"page\" title=\"Page 3\">\u00a0<\/div>\n<p style=\"padding-left: 30px\"><span style=\"color: #25618f\"><strong>Schlussfolgerungen f\u00fcr Abschnitt B<\/strong><\/span><\/p>\n<p style=\"padding-left: 30px\">Die zwei Arten von getesteten <span style=\"color: #25618f\"><strong>Papierhandt\u00fcchern<\/strong><\/span> (PT 1 und PT 3) produzierten <span style=\"color: #25618f\"><strong>deutliche Verminderung<\/strong><\/span> aller Arten von Bakterien, die auf den Fingerkuppen und den Handfl\u00e4chen von 20 Probanden nach dem Waschen und Trocknen der H\u00e4nde getestet wurden. <span style=\"color: #25618f\"><strong>Die Verminderung lag bei -51% und -76% an den Fingerkuppen und -48% und -77% an den Handfl\u00e4chen.<\/strong><\/span> Der <span style=\"color: #25618f\"><strong>Warmlufttrockner (WAD) <\/strong><\/span>produziert eine <span style=\"color: #25618f\"><strong>deutliche Vermehrung<\/strong><\/span> aller Arten von Bakterien auf den getesteten <span style=\"color: #25618f\"><strong>Fingerkuppen von +194%\u00a0<\/strong><\/span>und der\u00a0<span style=\"color: #25618f\"><strong>Handfl\u00e4chen von +254%\u00a0<\/strong><\/span>der H\u00e4nde nach dem Waschen und Trocknen. Obwohl der <span style=\"color: #25618f\"><strong>JAD<\/strong><\/span> besser als der WAD abschnitt, ist er nicht so leistungsf\u00e4hig wie die Papierhandt\u00fccher und reduzierte im Durchschnitt die Anzahl von Bakterien auf den H\u00e4nden nach der Anwendung nicht, aber <span style=\"color: #25618f\"><strong>vermehrte sie auf den Fingerkuppen um +42 %\u00a0<\/strong><\/span>und auf den\u00a0<span style=\"color: #25618f\"><strong>Handfl\u00e4chen um +15 %<\/strong>.<\/p>\n<p><\/span>\u00a0<\/p>\n<ul>\n<li>Abschnitt C:\u00a0<span style=\"color: #25618f\"><strong>M\u00f6gliche Kontamination von anderen Benutzern und der Waschraumumgebung, verursacht durch Papiertuch, Warmlufttrockner und Strahl-Lufttrockner. <\/strong><\/span><em>(In diesem Teil der Studie wurden die H\u00e4nde von 10 Probanden k\u00fcnstlich mit Hefesuspension kontaminiert. Die Probanden trockneten dann ihre H\u00e4nde mit Papiertuch, Warmlufttrockner oder JAD f\u00fcr die eingestellte Dauer (10 Sekunden f\u00fcr Papiertuch und JAD, 20 Sekunden f\u00fcr WAD). Hefe wurde in verschiedenen Entfernungen von jeder Handtrocknungsvorrichtung durch Wachstum von Kolonien auf Sabouraud-Dextrose-Agar (SDA) Platten erkannt.)<br \/><\/em><span style=\"color: #2776a3\"><span style=\"color: #2776a3\"><span style=\"color: #2776a3\"><strong><strong><br \/><\/strong><\/strong><\/span><\/span><\/span><em><span style=\"color: #2776a3\"><span style=\"color: #2776a3\"><strong><a href=\"http:\/\/europeantissue.com\/wp-content\/uploads\/2009\/11\/Plates-at-different-distances.png\"><img decoding=\"async\" class=\"aligncenter size-full wp-image-7932\" src=\"http:\/\/europeantissue.com\/wp-content\/uploads\/2009\/11\/Plates-at-different-distances.png\" alt=\"Plates at different distances\" width=\"707\" height=\"602\" srcset=\"https:\/\/europeantissue.com\/wp-content\/uploads\/2009\/11\/Plates-at-different-distances-300x255.png 300w, https:\/\/europeantissue.com\/wp-content\/uploads\/2009\/11\/Plates-at-different-distances.png 707w\" sizes=\"(max-width: 707px) 100vw, 707px\" \/><\/a><\/strong><\/span><\/span><\/em><\/li>\n<\/ul>\n<div class=\"page\" style=\"padding-left: 30px\" title=\"Page 3\"><span style=\"color: #2c6991\">\u00a0<strong>Schlussfolgerung f\u00fcr Abschnitt C<\/strong><\/span><\/div>\n<p style=\"padding-left: 30px\">Die Ergebnisse zeigten, dass der Strahl-Lufttrockner die Kontamination an den H\u00e4nden \u00fcber Entfernungen von bis zu 2,00 Meter verteilt. Die Papiert\u00fccher schnitten besser ab als der Warmlufttrockner direkt unter dem Ger\u00e4t, aber beide Handtrocknungsverfahren zeigte keine signifikante Verbreitung \u00fcber 0,25 m, im Gegensatz zu den Strahl-Lufttrocknern.<\/p>\n<p><\/p>\n<p style=\"padding-left: 30px\">\u00a0<\/p>\n<ul>\n<li>Abschnitt D:\u00a0<span style=\"color: #2c6991\"><strong>Bakterielle Kontamination von Strahl-Lufttrocknern als Trockner in \u00f6ffentlichen Waschr\u00e4umen.<\/strong><\/span>\u00a0<em>(Die Oberfl\u00e4chen und Luftstr\u00f6me von 16 Trocknern wurden in den m\u00e4nnlichen und weiblichen Waschr\u00e4umen einer Hauptstrecke am Londoner Bahnhof an verschiedenen Tagen und Zeiten abgetastet) \u00a0<\/em><\/li>\n<\/ul>\n<p style=\"padding-left: 30px\"><a href=\"http:\/\/europeantissue.com\/wp-content\/uploads\/2009\/11\/Surfaces-Sampling.png\"><img decoding=\"async\" class=\"aligncenter size-full wp-image-7938\" src=\"http:\/\/europeantissue.com\/wp-content\/uploads\/2009\/11\/Surfaces-Sampling.png\" alt=\"Surfaces Sampling\" width=\"772\" height=\"471\" srcset=\"https:\/\/europeantissue.com\/wp-content\/uploads\/2009\/11\/Surfaces-Sampling-300x183.png 300w, https:\/\/europeantissue.com\/wp-content\/uploads\/2009\/11\/Surfaces-Sampling.png 772w\" sizes=\"(max-width: 772px) 100vw, 772px\" \/><\/a><\/p>\n<p style=\"padding-left: 30px\"><span style=\"color: #2c6991\"><strong>Schlussfolgerungen zum Teil D<\/strong><\/span><\/p>\n<p style=\"padding-left: 30px\">Viele der vom Strahl-Lufttrockner isolierten Bakterien in \u00f6ffentlichen Waschr\u00e4umen sind potenzielle Krankheitserreger (krankheitserregend) und \/ oder Indikatoren f\u00fcr f\u00e4kale oder andere Arten von Verunreinigungen. Die mittlere Bakterienzahl pro Quadratzentimeter lag im Bereich zwischen 85 und 171 auf den Innenfl\u00e4chen und Schlitzen der Trockner und zwischen 4745 und 7537 an der Unterseite der Trockner. Die Zahlen einer 10-Sekunden-Luftprobe lagen zwischen 10 und 20.<\/p>\n<p style=\"padding-left: 30px\"><span style=\"color: #2c6991\"><strong>Gesamtfazit<\/strong><\/span><\/p>\n<p style=\"padding-left: 30px\"><span style=\"color: #ff0000\"><strong>Basierend auf diesen Ergebnissen, sollte die Verwendung von Warmlufttrocknern und Strahl-Lufttrocknern an Orten, wo Hygiene von gr\u00f6\u00dfter Bedeutung ist, wie zum Beispiel Krankenh\u00e4user, Kliniken, Schulen, Kinderg\u00e4rten, Pflegeheime, K\u00fcchen und andere Lebensmittel verarbeitende Bereiche, sorgf\u00e4ltig gepr\u00fcft werden.<\/strong><\/span><\/p>\n<p style=\"padding-left: 60px\">\u00a0<\/p>\n<ul>\n<li><strong><strong><strong><a href=\"http:\/\/europeantissue.com\/pdfs\/090402-2008%20WUS%20Westminster%20University%20hygiene%20study,%20nov2008.pdf\">Der vollst\u00e4ndige Text der &#8222;Studie der Universit\u00e4t von Westminster<\/a><\/strong><\/strong><\/strong><strong><strong><a href=\"http:\/\/europeantissue.com\/pdfs\/090402-2008%20WUS%20Westminster%20University%20hygiene%20study,%20nov2008.pdf\">&#8220; &#8211; Eine Vergleichsstudie \u00fcber verschiedene Handtrocknungsmethoden: Papiertuch, Warmlufttrockner, Strahl-Lufttrockner (Nov 2008)\n<p><\/a><\/strong><\/strong><\/li>\n<li><strong><strong><a href=\"http:\/\/europeantissue.com\/pdfs\/090403-2009%20WUS%20presentation%20Comparative%20study%20of%20different%20hand%20drying%20methods,%20feb2009.pdf\">Eine Pr\u00e4sentation der wichtigsten Ergebnisse dieser aktuellen Studie kann hier eingesehen werden (Feb 2009)<\/a>\u00a0\u00a0\n<p><\/strong><\/strong><\/li>\n<li><strong><strong><a href=\"http:\/\/europeantissue.com\/pdfs\/090403-2009%20WUS%20Summary%20of%20the%20comparative%20study%20of%20different%20hand%20drying%20methods,%202009.pdf\">Eine zweiseitige Zusammenfassung kann hier heruntergeladen werden (Feb 2009)<\/a>\u00a0\u00a0\n<p><\/strong><\/strong><\/li>\n<li><strong><a href=\"http:\/\/europeantissue.com\/pdfs\/090618%20Westminster%20University%20Study%20key%20findings.pdf\">Studie der Universit\u00e4t von Westminster &#8211; Die wichtigsten Ergebnisse (Feb 2009)<\/a>\u00a0<\/strong><\/li>\n<\/ul>\n<ul>\n<li><a href=\"http:\/\/europeantissue.com\/pdfs\/090403-2009%20WUS%20press%20release%20New%20evidence%20suggest%20health%20risks%20of%20electric%20hand%20dryers,%20feb2009.pdf\"><strong>Pressemitteilung: Neue Erkenntnisse deuten darauf hin, das elektrische H\u00e4ndetrockner in \u00f6ffentlichen Toiletten ein Gesundheitsrisiko darstellen (Feb 2009)<\/strong><\/a><\/li>\n<\/ul>\n<div class=\"fusion-clearfix\"><\/div><\/div><\/div><\/div><\/div><\/p>\n","protected":false},"excerpt":{"rendered":"<p>Studie der Universit\u00e4t von Westminster (2008) Es gab viele Studien \u00fcber die Vorteile des H\u00e4ndewaschens und \u00fcber die Wirksamkeit der verschiedenen Handwaschmittel, aber relativ wenige \u00fcber den Anteil der H\u00e4ndetrocknung zur Handhygiene. ETS fragte ein Forschungsteam der Universit\u00e4t von Westminster, geleitet vom Mikrobiologen Keith Redway, um die hygienische Leistung von verschiedenen Handtrocknungsverfahren unter Ber\u00fccksichtigung der  [&#8230;]<\/p>\n","protected":false},"author":2,"featured_media":0,"parent":7695,"menu_order":6,"comment_status":"open","ping_status":"closed","template":"","meta":{"_monsterinsights_skip_tracking":false,"_monsterinsights_sitenote_active":false,"_monsterinsights_sitenote_note":"","_monsterinsights_sitenote_category":0,"ngg_post_thumbnail":0,"footnotes":""},"class_list":["post-8026","page","type-page","status-publish","hentry"],"yoast_head":"<!-- This site is optimized with the Yoast SEO plugin v26.3 - https:\/\/yoast.com\/wordpress\/plugins\/seo\/ -->\n<title>Studie der Universit\u00e4t von Westminster (2008) - European Tissue Symposium<\/title>\n<meta name=\"description\" content=\"Studie der Universit\u00e4t von Westminster:\u00a0die Verwendung von Warmlufttrocknern und Strahl-Lufttrocknern an Krankenh\u00e4user, Kliniken, Schulen, Kinderg\u00e4rten, Pflegeheime, K\u00fcchen\" \/>\n<meta name=\"robots\" content=\"index, follow, max-snippet:-1, max-image-preview:large, max-video-preview:-1\" \/>\n<link rel=\"canonical\" href=\"https:\/\/europeantissue.com\/de\/hygiene-de\/studien\/studie-der-university-of-westminster-2008\/\" \/>\n<meta property=\"og:locale\" content=\"de_DE\" \/>\n<meta property=\"og:type\" content=\"article\" \/>\n<meta property=\"og:title\" content=\"Studie der Universit\u00e4t von Westminster (2008) - European Tissue Symposium\" \/>\n<meta property=\"og:description\" content=\"Studie der Universit\u00e4t von Westminster:\u00a0die Verwendung von Warmlufttrocknern und Strahl-Lufttrocknern an Krankenh\u00e4user, Kliniken, Schulen, Kinderg\u00e4rten, Pflegeheime, K\u00fcchen\" \/>\n<meta property=\"og:url\" content=\"https:\/\/europeantissue.com\/de\/hygiene-de\/studien\/studie-der-university-of-westminster-2008\/\" \/>\n<meta property=\"og:site_name\" content=\"European Tissue Symposium\" \/>\n<meta property=\"article:modified_time\" content=\"2018-07-20T10:26:00+00:00\" \/>\n<meta property=\"og:image\" content=\"http:\/\/europeantissue.com\/wp-content\/uploads\/2009\/11\/Drying-Time.png\" \/>\n<meta name=\"twitter:card\" content=\"summary_large_image\" \/>\n<meta name=\"twitter:label1\" content=\"Gesch\u00e4tzte Lesezeit\" \/>\n\t<meta name=\"twitter:data1\" content=\"5 Minuten\" \/>\n<script type=\"application\/ld+json\" class=\"yoast-schema-graph\">{\"@context\":\"https:\/\/schema.org\",\"@graph\":[{\"@type\":\"WebPage\",\"@id\":\"https:\/\/europeantissue.com\/de\/hygiene-de\/studien\/studie-der-university-of-westminster-2008\/\",\"url\":\"https:\/\/europeantissue.com\/de\/hygiene-de\/studien\/studie-der-university-of-westminster-2008\/\",\"name\":\"Studie der Universit\u00e4t von Westminster (2008) - European Tissue Symposium\",\"isPartOf\":{\"@id\":\"https:\/\/europeantissue.com\/de\/#website\"},\"primaryImageOfPage\":{\"@id\":\"https:\/\/europeantissue.com\/de\/hygiene-de\/studien\/studie-der-university-of-westminster-2008\/#primaryimage\"},\"image\":{\"@id\":\"https:\/\/europeantissue.com\/de\/hygiene-de\/studien\/studie-der-university-of-westminster-2008\/#primaryimage\"},\"thumbnailUrl\":\"http:\/\/europeantissue.com\/wp-content\/uploads\/2009\/11\/Drying-Time.png\",\"datePublished\":\"2015-10-07T16:48:53+00:00\",\"dateModified\":\"2018-07-20T10:26:00+00:00\",\"description\":\"Studie der Universit\u00e4t von Westminster:\u00a0die Verwendung von Warmlufttrocknern und Strahl-Lufttrocknern an Krankenh\u00e4user, Kliniken, Schulen, Kinderg\u00e4rten, Pflegeheime, K\u00fcchen\",\"breadcrumb\":{\"@id\":\"https:\/\/europeantissue.com\/de\/hygiene-de\/studien\/studie-der-university-of-westminster-2008\/#breadcrumb\"},\"inLanguage\":\"de-DE\",\"potentialAction\":[{\"@type\":\"ReadAction\",\"target\":[\"https:\/\/europeantissue.com\/de\/hygiene-de\/studien\/studie-der-university-of-westminster-2008\/\"]}]},{\"@type\":\"ImageObject\",\"inLanguage\":\"de-DE\",\"@id\":\"https:\/\/europeantissue.com\/de\/hygiene-de\/studien\/studie-der-university-of-westminster-2008\/#primaryimage\",\"url\":\"http:\/\/europeantissue.com\/wp-content\/uploads\/2009\/11\/Drying-Time.png\",\"contentUrl\":\"http:\/\/europeantissue.com\/wp-content\/uploads\/2009\/11\/Drying-Time.png\"},{\"@type\":\"BreadcrumbList\",\"@id\":\"https:\/\/europeantissue.com\/de\/hygiene-de\/studien\/studie-der-university-of-westminster-2008\/#breadcrumb\",\"itemListElement\":[{\"@type\":\"ListItem\",\"position\":1,\"name\":\"Home\",\"item\":\"https:\/\/europeantissue.com\/de\/\"},{\"@type\":\"ListItem\",\"position\":2,\"name\":\"Hygiene (DE)\",\"item\":\"https:\/\/europeantissue.com\/de\/hygiene-de\/\"},{\"@type\":\"ListItem\",\"position\":3,\"name\":\"Studien\",\"item\":\"https:\/\/europeantissue.com\/de\/hygiene-de\/studien\/\"},{\"@type\":\"ListItem\",\"position\":4,\"name\":\"Studie der Universit\u00e4t von Westminster (2008)\"}]},{\"@type\":\"WebSite\",\"@id\":\"https:\/\/europeantissue.com\/de\/#website\",\"url\":\"https:\/\/europeantissue.com\/de\/\",\"name\":\"European Tissue Symposium\",\"description\":\"\",\"potentialAction\":[{\"@type\":\"SearchAction\",\"target\":{\"@type\":\"EntryPoint\",\"urlTemplate\":\"https:\/\/europeantissue.com\/de\/?s={search_term_string}\"},\"query-input\":{\"@type\":\"PropertyValueSpecification\",\"valueRequired\":true,\"valueName\":\"search_term_string\"}}],\"inLanguage\":\"de-DE\"}]}<\/script>\n<!-- \/ Yoast SEO plugin. -->","yoast_head_json":{"title":"Studie der Universit\u00e4t von Westminster (2008) - European Tissue Symposium","description":"Studie der Universit\u00e4t von Westminster:\u00a0die Verwendung von Warmlufttrocknern und Strahl-Lufttrocknern an Krankenh\u00e4user, Kliniken, Schulen, Kinderg\u00e4rten, Pflegeheime, K\u00fcchen","robots":{"index":"index","follow":"follow","max-snippet":"max-snippet:-1","max-image-preview":"max-image-preview:large","max-video-preview":"max-video-preview:-1"},"canonical":"https:\/\/europeantissue.com\/de\/hygiene-de\/studien\/studie-der-university-of-westminster-2008\/","og_locale":"de_DE","og_type":"article","og_title":"Studie der Universit\u00e4t von Westminster (2008) - European Tissue Symposium","og_description":"Studie der Universit\u00e4t von Westminster:\u00a0die Verwendung von Warmlufttrocknern und Strahl-Lufttrocknern an Krankenh\u00e4user, Kliniken, Schulen, Kinderg\u00e4rten, Pflegeheime, K\u00fcchen","og_url":"https:\/\/europeantissue.com\/de\/hygiene-de\/studien\/studie-der-university-of-westminster-2008\/","og_site_name":"European Tissue Symposium","article_modified_time":"2018-07-20T10:26:00+00:00","og_image":[{"url":"http:\/\/europeantissue.com\/wp-content\/uploads\/2009\/11\/Drying-Time.png","type":"","width":"","height":""}],"twitter_card":"summary_large_image","twitter_misc":{"Gesch\u00e4tzte Lesezeit":"5 Minuten"},"schema":{"@context":"https:\/\/schema.org","@graph":[{"@type":"WebPage","@id":"https:\/\/europeantissue.com\/de\/hygiene-de\/studien\/studie-der-university-of-westminster-2008\/","url":"https:\/\/europeantissue.com\/de\/hygiene-de\/studien\/studie-der-university-of-westminster-2008\/","name":"Studie der Universit\u00e4t von Westminster (2008) - European Tissue Symposium","isPartOf":{"@id":"https:\/\/europeantissue.com\/de\/#website"},"primaryImageOfPage":{"@id":"https:\/\/europeantissue.com\/de\/hygiene-de\/studien\/studie-der-university-of-westminster-2008\/#primaryimage"},"image":{"@id":"https:\/\/europeantissue.com\/de\/hygiene-de\/studien\/studie-der-university-of-westminster-2008\/#primaryimage"},"thumbnailUrl":"http:\/\/europeantissue.com\/wp-content\/uploads\/2009\/11\/Drying-Time.png","datePublished":"2015-10-07T16:48:53+00:00","dateModified":"2018-07-20T10:26:00+00:00","description":"Studie der Universit\u00e4t von Westminster:\u00a0die Verwendung von Warmlufttrocknern und Strahl-Lufttrocknern an Krankenh\u00e4user, Kliniken, Schulen, Kinderg\u00e4rten, Pflegeheime, K\u00fcchen","breadcrumb":{"@id":"https:\/\/europeantissue.com\/de\/hygiene-de\/studien\/studie-der-university-of-westminster-2008\/#breadcrumb"},"inLanguage":"de-DE","potentialAction":[{"@type":"ReadAction","target":["https:\/\/europeantissue.com\/de\/hygiene-de\/studien\/studie-der-university-of-westminster-2008\/"]}]},{"@type":"ImageObject","inLanguage":"de-DE","@id":"https:\/\/europeantissue.com\/de\/hygiene-de\/studien\/studie-der-university-of-westminster-2008\/#primaryimage","url":"http:\/\/europeantissue.com\/wp-content\/uploads\/2009\/11\/Drying-Time.png","contentUrl":"http:\/\/europeantissue.com\/wp-content\/uploads\/2009\/11\/Drying-Time.png"},{"@type":"BreadcrumbList","@id":"https:\/\/europeantissue.com\/de\/hygiene-de\/studien\/studie-der-university-of-westminster-2008\/#breadcrumb","itemListElement":[{"@type":"ListItem","position":1,"name":"Home","item":"https:\/\/europeantissue.com\/de\/"},{"@type":"ListItem","position":2,"name":"Hygiene (DE)","item":"https:\/\/europeantissue.com\/de\/hygiene-de\/"},{"@type":"ListItem","position":3,"name":"Studien","item":"https:\/\/europeantissue.com\/de\/hygiene-de\/studien\/"},{"@type":"ListItem","position":4,"name":"Studie der Universit\u00e4t von Westminster (2008)"}]},{"@type":"WebSite","@id":"https:\/\/europeantissue.com\/de\/#website","url":"https:\/\/europeantissue.com\/de\/","name":"European Tissue Symposium","description":"","potentialAction":[{"@type":"SearchAction","target":{"@type":"EntryPoint","urlTemplate":"https:\/\/europeantissue.com\/de\/?s={search_term_string}"},"query-input":{"@type":"PropertyValueSpecification","valueRequired":true,"valueName":"search_term_string"}}],"inLanguage":"de-DE"}]}},"_links":{"self":[{"href":"https:\/\/europeantissue.com\/de\/wp-json\/wp\/v2\/pages\/8026","targetHints":{"allow":["GET"]}}],"collection":[{"href":"https:\/\/europeantissue.com\/de\/wp-json\/wp\/v2\/pages"}],"about":[{"href":"https:\/\/europeantissue.com\/de\/wp-json\/wp\/v2\/types\/page"}],"author":[{"embeddable":true,"href":"https:\/\/europeantissue.com\/de\/wp-json\/wp\/v2\/users\/2"}],"replies":[{"embeddable":true,"href":"https:\/\/europeantissue.com\/de\/wp-json\/wp\/v2\/comments?post=8026"}],"version-history":[{"count":0,"href":"https:\/\/europeantissue.com\/de\/wp-json\/wp\/v2\/pages\/8026\/revisions"}],"up":[{"embeddable":true,"href":"https:\/\/europeantissue.com\/de\/wp-json\/wp\/v2\/pages\/7695"}],"wp:attachment":[{"href":"https:\/\/europeantissue.com\/de\/wp-json\/wp\/v2\/media?parent=8026"}],"curies":[{"name":"wp","href":"https:\/\/api.w.org\/{rel}","templated":true}]}}