 {"id":7715,"date":"2015-09-20T07:52:03","date_gmt":"2015-09-20T07:52:03","guid":{"rendered":"http:\/\/europeantissue.com\/?page_id=7715"},"modified":"2018-07-20T10:26:03","modified_gmt":"2018-07-20T10:26:03","slug":"studie-uber-die-mogliche-kontamination-der-umwelt-2014","status":"publish","type":"page","link":"https:\/\/europeantissue.com\/de\/hygiene-de\/studien\/studie-uber-die-mogliche-kontamination-der-umwelt-2014\/","title":{"rendered":"Studie zur Bewertung der potentiellen Kontamination der B\u00e4der zu bewerten (2014)"},"content":{"rendered":"<h2 style=\"text-align: center\"><strong><span style=\"color: #238199\">Kontamination der B\u00e4der: Luftstrom- und Warmlufttrockner kontaminieren die Luft in Toiletten und k\u00f6nnen f\u00fcr den Einsatz in Einrichtungen der Gesundheitsversorgung ungeeignet sein\u00a0<\/span><\/strong><\/h2>\n<p style=\"text-align: left\"><strong>In die Luft, auf Benutzer und Umstehende geschleuderte Bakterien bilden das Risiko einer Kreuz-Kontamination zwischen dem Gesundheitspersonal und dem allgemeinen Publikum \u00a0 \u00a0<\/strong><\/p>\n<p>Die Studie kommt zu dem Schluss, dass Luftstrom- und Warmluft-H\u00e4ndetrockner ein gr\u00f6\u00dferes Potenzial darstellen, Toiletten zu kontaminieren, indem sie Bakterien in der Luft und auf Benutzer und Umstehende verbreiten. Die Ergebnisse haben erhebliche Auswirkungen auf die Infektionskontrolle der Gesundheitsprofis und der Einkaufsmanager, die f\u00fcr die Ausstattung der Krankenhaus-Toiletten verantwortlich sind.<br \/> Die Studie wurde von einem f\u00fchrenden Experten im Bereich der medizinischen Mikrobiologie, <span style=\"color: #29658f\"><strong>Professor Mark Wilcox, University of Leeds und Leeds Teaching Hospitals,<\/strong><\/span> entworfen und erstellt und von ETS finanziert. Sie vergleicht die Tendenz der drei h\u00e4ufigsten verwendeten Methoden der H\u00e4ndetrocknung, Bakterien in der Luft zu verteilen. Es wurde herausgefunden, dass Luftstromtrockner mehr Bakterien f\u00fchrende Tr\u00f6pfchen verteilen und sie weiter verbreiten als Warmlufttrockner oder Papiert\u00fccher. Zus\u00e4tzlich wurde festgestellt, dass Bakterien in dem Toilettenraum noch l\u00e4ngere Zeit nach dem Stopp des Luftstromtrockners vorhanden sind.<br \/> Die Studie, die k\u00fcrzlich im Journal of Hospital Infection ver\u00f6ffentlicht wurde, wurde bei der <a href=\"https:\/\/europeantissue.com\/hygiene\/participation-in-events\/his-participation\/\"><strong>9. Healthcare Infection Society (HIS) International Conference in Lyon,<\/strong><\/a> vom 16.-18. November 2014 vorgestellt.<br \/> Diese zweij\u00e4hrliche Veranstaltung sammelt rund 1000 Fachleute aus der ganzen Welt, einschlie\u00dflich Epidemiologen, Mikrobiologen, Praktiker des \u00d6ffentlichen Gesundheitswesens und Leiter von Infektions-Pr\u00e4vention und Kontrolle, um die neuesten Forschungsergebnisse und Best Practice in der Infektionspr\u00e4vention und Kontrolle zu diskutieren.<\/p>\n<div class=\"fusion-fullwidth fullwidth-box fusion-builder-row-1 hundred-percent-fullwidth non-hundred-percent-height-scrolling\" style=\"--awb-border-radius-top-left:0px;--awb-border-radius-top-right:0px;--awb-border-radius-bottom-right:0px;--awb-border-radius-bottom-left:0px;--awb-overflow:visible;--awb-flex-wrap:wrap;\" ><div class=\"fusion-builder-row fusion-row\"><div class=\"fusion-layout-column fusion_builder_column fusion-builder-column-0 fusion_builder_column_1_1 1_1 fusion-one-full fusion-column-first fusion-column-last fusion-column-no-min-height\" style=\"--awb-bg-size:cover;--awb-margin-bottom:0px;\"><div class=\"fusion-column-wrapper fusion-flex-column-wrapper-legacy\"><div id=\"attachment_4918\" style=\"width: 236px\" class=\"wp-caption alignleft\"><a href=\"http:\/\/europeantissue.com\/wp-content\/uploads\/JHI.jpg\"><img decoding=\"async\" aria-describedby=\"caption-attachment-4918\" class=\"wp-image-4918 size-full\" src=\"http:\/\/europeantissue.com\/wp-content\/uploads\/JHI.jpg\" alt=\"Journal of Hospital Infection\" width=\"226\" height=\"300\" \/><\/a><p id=\"caption-attachment-4918\" class=\"wp-caption-text\">Journal of Hospital Infection<\/p><\/div>\n<p><strong>Der vollst\u00e4ndige Titel der Studie ist: \u00a0Microbiological comparison of hand drying methods: the potential for contamination of the environment, user and bystander &#8211; Mikrobiologischer Vergleich der Verfahren von H\u00e4ndetrocknung: das Potenzial f\u00fcr die Kontamination der Umgebung, Benutzer und Anwesenden. E.L. Best, 1 P. Parnell, 1 M.H. Wilcox 1,2 -Microbiology Department, Old Medical School, Leeds General Infirmary, Leeds Teaching Hospitals NHS Trust1 &amp; University of Leeds,2 Leeds LS1 3EX, UK.<\/strong><\/p>\n<p>Die vollst\u00e4ndige Studie kann zu einem Preis von $ 35,95 heruntergeladen werden: <a href=\"http:\/\/authors.elsevier.com\/sd\/article\/S0195670114002461\">http:\/\/authors.elsevier.com\/sd\/article\/S0195670114002461\u00a0<\/a><\/p>\n<p>&nbsp;<\/p>\n<h3>Verbreitung \u00fcber die Luft<\/h3>\n<p>Bei der Durchf\u00fchrung der Studie wurden die mit Handschuhen gesch\u00fctzten H\u00e4nde mit einem harmlosen Stamm von Lactobazillen, in der Regel nicht in Toilettenr\u00e4umen zu findenden Organismen, kontaminiert. Dies wurde getan, um die bakterielle Belastung bei schlecht gewaschenen H\u00e4nden zu imitieren. Der anschlie\u00dfende Nachweis von Lactobazillen in der Luft bewies, dass diese von den H\u00e4nden w\u00e4hrend der Trocknung kamen. Die Forscher haben die Luft rund um die Trockner sowie in Abst\u00e4nden von ein und zwei Metern gemessen.\u00a0<span style=\"color: #ff0000\"><strong>Die Bakterienzahlen in der Luft in der N\u00e4he von Luftstromtrocknern erwiesen sich als<\/strong> <strong>4,5 mal h\u00f6her<\/strong><\/span> als rund um Warmlufttrockner und <strong><span style=\"color: #ff0000\">27-mal h\u00f6her als bei der Verwendung von Papierhandt\u00fcchern<\/span>.<\/strong>\u00a0In der N\u00e4he der Trockner beharrten Bakterien weit \u00fcber der Trockenzeit von 15 Sekunden, wobei ungef\u00e4hr die H\u00e4lfte (48%) der Laktobazillen noch nach mehr als 5 Minuten nach dem Trocknen gefunden wurden. Laktobazillen wurden noch 15 Minuten nach der H\u00e4ndetrocknung (20 % der beim Luftstromtrockner vorhandenen Laktobazillen) nachgewiesen.<\/p>\n<p><a href=\"http:\/\/europeantissue.com\/wp-content\/uploads\/2015\/09\/ETS_Infographic_A4_DE.jpg\" rel=\"attachment wp-att-8953\"><img decoding=\"async\" class=\"alignnone size-full wp-image-8953\" src=\"http:\/\/europeantissue.com\/wp-content\/uploads\/2015\/09\/ETS_Infographic_A4_DE.jpg\" alt=\"ETS_Infographic_A4_DE\" width=\"900\" height=\"640\" srcset=\"https:\/\/europeantissue.com\/wp-content\/uploads\/2015\/09\/ETS_Infographic_A4_DE-300x214.jpg 300w, https:\/\/europeantissue.com\/wp-content\/uploads\/2015\/09\/ETS_Infographic_A4_DE-768x546.jpg 768w, https:\/\/europeantissue.com\/wp-content\/uploads\/2015\/09\/ETS_Infographic_A4_DE.jpg 900w\" sizes=\"(max-width: 900px) 100vw, 900px\" \/><\/a><\/p>\n<p><strong>Bitte lesen Sie die Artikel &#8211; in verschiedenen Sprachen &#8211; die die Studie zusammenfassen und sehen Sie die Infografik \u00fcber die Studie an oder laden Sie diese herunter.<\/strong><\/p>\n<p><strong>Englisch:<\/strong><\/p>\n<p><a href=\"http:\/\/europeantissue.com\/wp-content\/uploads\/2014\/11\/Press-Release-LeedsAirStudy-English.pdf\">Pressemitteilung zur Leeds-Studie auf Englisch<\/a><\/p>\n<p><a href=\"http:\/\/europeantissue.com\/wp-content\/uploads\/Leeds-study-Infographic-English1.pdf\">Infografik zur Leeds-Studie auf Englisch<\/a><\/p>\n<p><strong>Deutsch:<\/strong><\/p>\n<p><a href=\"http:\/\/europeantissue.com\/wp-content\/uploads\/Press-Release-LeedsAirStudy-German.pdf\">Pressemitteilung zur Leeds-Luft-Studie auf Deutsch<\/a><\/p>\n<p><a href=\"http:\/\/europeantissue.com\/wp-content\/uploads\/Leeds-study-Infographic-German.pdf\">Infografik zur Leeds-Studie auf Deutsch<\/a><\/p>\n<p><strong>Franz\u00f6sisch:<\/strong><\/p>\n<p><a href=\"http:\/\/europeantissue.com\/wp-content\/uploads\/Press-Release-LeedsAirStudy-French.pdf\">Pressemitteilung Leeds-Luft-Studie Franz\u00f6sisch<\/a><\/p>\n<p><a href=\"http:\/\/europeantissue.com\/wp-content\/uploads\/Leeds-study-Infographic-French.pdf\">Infografik der Leeds Studie Franz\u00f6sisch<\/a><\/p>\n<p><strong>Italienisch:<\/strong><\/p>\n<p><a href=\"http:\/\/europeantissue.com\/wp-content\/uploads\/Press-Release-LeedsAirStudy-Italian.pdf\">Pressemitteilung der Leeds-Luft-Studie Italienisch<\/a><\/p>\n<p><a href=\"http:\/\/europeantissue.com\/wp-content\/uploads\/Leeds-study-Infographic-Italian.pdf\">Infografik der Leeds-Studie Italienisch<\/a><\/p>\n<p><strong>Spanisch:<\/strong><\/p>\n<p><a href=\"http:\/\/europeantissue.com\/wp-content\/uploads\/Press-Release-LeedsAirStudy-Spanish.pdf\">Pressemitteilung der Leeds-Luft-Studie Spanisch<\/a><\/p>\n<p><a href=\"http:\/\/europeantissue.com\/wp-content\/uploads\/Leeds-study-Infographic-Spanish.pdf\">Infografik der Leeds-Studie Spanisch<\/a><\/p>\n<p><strong>Polnisch:<\/strong><\/p>\n<p><a href=\"http:\/\/europeantissue.com\/wp-content\/uploads\/Press-Release-LeedsAirStudy-Polish.pdf\">Pressemitteilung der Leeds-Luft-Studie Polnisch<\/a><\/p>\n<p><a href=\"http:\/\/europeantissue.com\/wp-content\/uploads\/Leeds-study-Infographic-Polish.pdf\">Infografik der Leeds-Studie Polnisch<\/a><\/p>\n<p><strong>Niederl\u00e4ndisch:<\/strong><\/p>\n<p><a href=\"http:\/\/europeantissue.com\/wp-content\/uploads\/Press-Release-LeedsAirStudy-Dutch.pdf\">Pressemitteilung der Leeds-Luft-Studie Niederl\u00e4ndisch<\/a><\/p>\n<p><a href=\"http:\/\/europeantissue.com\/wp-content\/uploads\/Leeds-study-Infographic-Dutch.pdf\">Infografik der Leeds-Studie Niederl\u00e4ndisch<\/a><\/p>\n<p>Sie k\u00f6nnen auch das Video von Prof. Mark Wilcox, das Interview mit der BBC, unter folgendem Link ansehen:\u00a0<a href=\"https:\/\/www.youtube.com\/watch?v=orAcSHwYTms\"><strong>https:\/\/www.youtube.com\/watch?v=orAcSHwYTms\u00a0<\/strong><\/a><strong>\u00a0\u00a0<\/strong><\/p>\n<p>&nbsp;<\/p>\n<div class=\"fusion-clearfix\"><\/div><\/div><\/div><\/div><\/div>\n","protected":false},"excerpt":{"rendered":"<p>Kontamination der B\u00e4der: Luftstrom- und Warmlufttrockner kontaminieren die Luft in Toiletten und k\u00f6nnen f\u00fcr den Einsatz in Einrichtungen der Gesundheitsversorgung ungeeignet sein\u00a0 In die Luft, auf Benutzer und Umstehende geschleuderte Bakterien bilden das Risiko einer Kreuz-Kontamination zwischen dem Gesundheitspersonal und dem allgemeinen Publikum \u00a0 \u00a0 Die Studie kommt zu dem Schluss, dass Luftstrom- und Warmluft-H\u00e4ndetrockner  [&#8230;]<\/p>\n","protected":false},"author":2,"featured_media":0,"parent":7695,"menu_order":3,"comment_status":"open","ping_status":"closed","template":"","meta":{"_monsterinsights_skip_tracking":false,"_monsterinsights_sitenote_active":false,"_monsterinsights_sitenote_note":"","_monsterinsights_sitenote_category":0,"ngg_post_thumbnail":0,"footnotes":""},"class_list":["post-7715","page","type-page","status-publish","hentry"],"yoast_head":"<!-- This site is optimized with the Yoast SEO plugin v26.3 - https:\/\/yoast.com\/wordpress\/plugins\/seo\/ -->\n<title>Studie zur Bewertung der potentiellen Kontamination der B\u00e4der zu bewerten (2014) - European Tissue Symposium<\/title>\n<meta name=\"description\" content=\"Kontamination der B\u00e4der: Luftstrom- und Warmlufttrockner kontaminieren die Luft in Toiletten\u00a0\" \/>\n<meta name=\"robots\" content=\"index, follow, max-snippet:-1, max-image-preview:large, max-video-preview:-1\" \/>\n<link rel=\"canonical\" href=\"https:\/\/europeantissue.com\/de\/hygiene-de\/studien\/studie-uber-die-mogliche-kontamination-der-umwelt-2014\/\" \/>\n<meta property=\"og:locale\" content=\"de_DE\" \/>\n<meta property=\"og:type\" content=\"article\" \/>\n<meta property=\"og:title\" content=\"Studie zur Bewertung der potentiellen Kontamination der B\u00e4der zu bewerten (2014) - European Tissue Symposium\" \/>\n<meta property=\"og:description\" content=\"Kontamination der B\u00e4der: Luftstrom- und Warmlufttrockner kontaminieren die Luft in Toiletten\u00a0\" \/>\n<meta property=\"og:url\" content=\"https:\/\/europeantissue.com\/de\/hygiene-de\/studien\/studie-uber-die-mogliche-kontamination-der-umwelt-2014\/\" \/>\n<meta property=\"og:site_name\" content=\"European Tissue Symposium\" \/>\n<meta property=\"article:modified_time\" content=\"2018-07-20T10:26:03+00:00\" \/>\n<meta property=\"og:image\" content=\"http:\/\/europeantissue.com\/wp-content\/uploads\/JHI.jpg\" \/>\n<meta name=\"twitter:card\" content=\"summary_large_image\" \/>\n<meta name=\"twitter:label1\" content=\"Gesch\u00e4tzte Lesezeit\" \/>\n\t<meta name=\"twitter:data1\" content=\"4 Minuten\" \/>\n<script type=\"application\/ld+json\" class=\"yoast-schema-graph\">{\"@context\":\"https:\/\/schema.org\",\"@graph\":[{\"@type\":\"WebPage\",\"@id\":\"https:\/\/europeantissue.com\/de\/hygiene-de\/studien\/studie-uber-die-mogliche-kontamination-der-umwelt-2014\/\",\"url\":\"https:\/\/europeantissue.com\/de\/hygiene-de\/studien\/studie-uber-die-mogliche-kontamination-der-umwelt-2014\/\",\"name\":\"Studie zur Bewertung der potentiellen Kontamination der B\u00e4der zu bewerten (2014) - European Tissue Symposium\",\"isPartOf\":{\"@id\":\"https:\/\/europeantissue.com\/de\/#website\"},\"primaryImageOfPage\":{\"@id\":\"https:\/\/europeantissue.com\/de\/hygiene-de\/studien\/studie-uber-die-mogliche-kontamination-der-umwelt-2014\/#primaryimage\"},\"image\":{\"@id\":\"https:\/\/europeantissue.com\/de\/hygiene-de\/studien\/studie-uber-die-mogliche-kontamination-der-umwelt-2014\/#primaryimage\"},\"thumbnailUrl\":\"http:\/\/europeantissue.com\/wp-content\/uploads\/JHI.jpg\",\"datePublished\":\"2015-09-20T07:52:03+00:00\",\"dateModified\":\"2018-07-20T10:26:03+00:00\",\"description\":\"Kontamination der B\u00e4der: Luftstrom- und Warmlufttrockner kontaminieren die Luft in Toiletten\u00a0\",\"breadcrumb\":{\"@id\":\"https:\/\/europeantissue.com\/de\/hygiene-de\/studien\/studie-uber-die-mogliche-kontamination-der-umwelt-2014\/#breadcrumb\"},\"inLanguage\":\"de-DE\",\"potentialAction\":[{\"@type\":\"ReadAction\",\"target\":[\"https:\/\/europeantissue.com\/de\/hygiene-de\/studien\/studie-uber-die-mogliche-kontamination-der-umwelt-2014\/\"]}]},{\"@type\":\"ImageObject\",\"inLanguage\":\"de-DE\",\"@id\":\"https:\/\/europeantissue.com\/de\/hygiene-de\/studien\/studie-uber-die-mogliche-kontamination-der-umwelt-2014\/#primaryimage\",\"url\":\"http:\/\/europeantissue.com\/wp-content\/uploads\/JHI.jpg\",\"contentUrl\":\"http:\/\/europeantissue.com\/wp-content\/uploads\/JHI.jpg\"},{\"@type\":\"BreadcrumbList\",\"@id\":\"https:\/\/europeantissue.com\/de\/hygiene-de\/studien\/studie-uber-die-mogliche-kontamination-der-umwelt-2014\/#breadcrumb\",\"itemListElement\":[{\"@type\":\"ListItem\",\"position\":1,\"name\":\"Home\",\"item\":\"https:\/\/europeantissue.com\/de\/\"},{\"@type\":\"ListItem\",\"position\":2,\"name\":\"Hygiene (DE)\",\"item\":\"https:\/\/europeantissue.com\/de\/hygiene-de\/\"},{\"@type\":\"ListItem\",\"position\":3,\"name\":\"Studien\",\"item\":\"https:\/\/europeantissue.com\/de\/hygiene-de\/studien\/\"},{\"@type\":\"ListItem\",\"position\":4,\"name\":\"Studie zur Bewertung der potentiellen Kontamination der B\u00e4der zu bewerten (2014)\"}]},{\"@type\":\"WebSite\",\"@id\":\"https:\/\/europeantissue.com\/de\/#website\",\"url\":\"https:\/\/europeantissue.com\/de\/\",\"name\":\"European Tissue Symposium\",\"description\":\"\",\"potentialAction\":[{\"@type\":\"SearchAction\",\"target\":{\"@type\":\"EntryPoint\",\"urlTemplate\":\"https:\/\/europeantissue.com\/de\/?s={search_term_string}\"},\"query-input\":{\"@type\":\"PropertyValueSpecification\",\"valueRequired\":true,\"valueName\":\"search_term_string\"}}],\"inLanguage\":\"de-DE\"}]}<\/script>\n<!-- \/ Yoast SEO plugin. -->","yoast_head_json":{"title":"Studie zur Bewertung der potentiellen Kontamination der B\u00e4der zu bewerten (2014) - European Tissue Symposium","description":"Kontamination der B\u00e4der: Luftstrom- und Warmlufttrockner kontaminieren die Luft in Toiletten\u00a0","robots":{"index":"index","follow":"follow","max-snippet":"max-snippet:-1","max-image-preview":"max-image-preview:large","max-video-preview":"max-video-preview:-1"},"canonical":"https:\/\/europeantissue.com\/de\/hygiene-de\/studien\/studie-uber-die-mogliche-kontamination-der-umwelt-2014\/","og_locale":"de_DE","og_type":"article","og_title":"Studie zur Bewertung der potentiellen Kontamination der B\u00e4der zu bewerten (2014) - European Tissue Symposium","og_description":"Kontamination der B\u00e4der: Luftstrom- und Warmlufttrockner kontaminieren die Luft in Toiletten\u00a0","og_url":"https:\/\/europeantissue.com\/de\/hygiene-de\/studien\/studie-uber-die-mogliche-kontamination-der-umwelt-2014\/","og_site_name":"European Tissue Symposium","article_modified_time":"2018-07-20T10:26:03+00:00","og_image":[{"url":"http:\/\/europeantissue.com\/wp-content\/uploads\/JHI.jpg","type":"","width":"","height":""}],"twitter_card":"summary_large_image","twitter_misc":{"Gesch\u00e4tzte Lesezeit":"4 Minuten"},"schema":{"@context":"https:\/\/schema.org","@graph":[{"@type":"WebPage","@id":"https:\/\/europeantissue.com\/de\/hygiene-de\/studien\/studie-uber-die-mogliche-kontamination-der-umwelt-2014\/","url":"https:\/\/europeantissue.com\/de\/hygiene-de\/studien\/studie-uber-die-mogliche-kontamination-der-umwelt-2014\/","name":"Studie zur Bewertung der potentiellen Kontamination der B\u00e4der zu bewerten (2014) - European Tissue Symposium","isPartOf":{"@id":"https:\/\/europeantissue.com\/de\/#website"},"primaryImageOfPage":{"@id":"https:\/\/europeantissue.com\/de\/hygiene-de\/studien\/studie-uber-die-mogliche-kontamination-der-umwelt-2014\/#primaryimage"},"image":{"@id":"https:\/\/europeantissue.com\/de\/hygiene-de\/studien\/studie-uber-die-mogliche-kontamination-der-umwelt-2014\/#primaryimage"},"thumbnailUrl":"http:\/\/europeantissue.com\/wp-content\/uploads\/JHI.jpg","datePublished":"2015-09-20T07:52:03+00:00","dateModified":"2018-07-20T10:26:03+00:00","description":"Kontamination der B\u00e4der: Luftstrom- und Warmlufttrockner kontaminieren die Luft in Toiletten\u00a0","breadcrumb":{"@id":"https:\/\/europeantissue.com\/de\/hygiene-de\/studien\/studie-uber-die-mogliche-kontamination-der-umwelt-2014\/#breadcrumb"},"inLanguage":"de-DE","potentialAction":[{"@type":"ReadAction","target":["https:\/\/europeantissue.com\/de\/hygiene-de\/studien\/studie-uber-die-mogliche-kontamination-der-umwelt-2014\/"]}]},{"@type":"ImageObject","inLanguage":"de-DE","@id":"https:\/\/europeantissue.com\/de\/hygiene-de\/studien\/studie-uber-die-mogliche-kontamination-der-umwelt-2014\/#primaryimage","url":"http:\/\/europeantissue.com\/wp-content\/uploads\/JHI.jpg","contentUrl":"http:\/\/europeantissue.com\/wp-content\/uploads\/JHI.jpg"},{"@type":"BreadcrumbList","@id":"https:\/\/europeantissue.com\/de\/hygiene-de\/studien\/studie-uber-die-mogliche-kontamination-der-umwelt-2014\/#breadcrumb","itemListElement":[{"@type":"ListItem","position":1,"name":"Home","item":"https:\/\/europeantissue.com\/de\/"},{"@type":"ListItem","position":2,"name":"Hygiene (DE)","item":"https:\/\/europeantissue.com\/de\/hygiene-de\/"},{"@type":"ListItem","position":3,"name":"Studien","item":"https:\/\/europeantissue.com\/de\/hygiene-de\/studien\/"},{"@type":"ListItem","position":4,"name":"Studie zur Bewertung der potentiellen Kontamination der B\u00e4der zu bewerten (2014)"}]},{"@type":"WebSite","@id":"https:\/\/europeantissue.com\/de\/#website","url":"https:\/\/europeantissue.com\/de\/","name":"European Tissue Symposium","description":"","potentialAction":[{"@type":"SearchAction","target":{"@type":"EntryPoint","urlTemplate":"https:\/\/europeantissue.com\/de\/?s={search_term_string}"},"query-input":{"@type":"PropertyValueSpecification","valueRequired":true,"valueName":"search_term_string"}}],"inLanguage":"de-DE"}]}},"_links":{"self":[{"href":"https:\/\/europeantissue.com\/de\/wp-json\/wp\/v2\/pages\/7715","targetHints":{"allow":["GET"]}}],"collection":[{"href":"https:\/\/europeantissue.com\/de\/wp-json\/wp\/v2\/pages"}],"about":[{"href":"https:\/\/europeantissue.com\/de\/wp-json\/wp\/v2\/types\/page"}],"author":[{"embeddable":true,"href":"https:\/\/europeantissue.com\/de\/wp-json\/wp\/v2\/users\/2"}],"replies":[{"embeddable":true,"href":"https:\/\/europeantissue.com\/de\/wp-json\/wp\/v2\/comments?post=7715"}],"version-history":[{"count":0,"href":"https:\/\/europeantissue.com\/de\/wp-json\/wp\/v2\/pages\/7715\/revisions"}],"up":[{"embeddable":true,"href":"https:\/\/europeantissue.com\/de\/wp-json\/wp\/v2\/pages\/7695"}],"wp:attachment":[{"href":"https:\/\/europeantissue.com\/de\/wp-json\/wp\/v2\/media?parent=7715"}],"curies":[{"name":"wp","href":"https:\/\/api.w.org\/{rel}","templated":true}]}}