 {"id":7664,"date":"2015-09-19T18:13:37","date_gmt":"2015-09-19T18:13:37","guid":{"rendered":"http:\/\/europeantissue.com\/?page_id=7664"},"modified":"2015-11-25T08:40:46","modified_gmt":"2015-11-25T08:40:46","slug":"hygiene-de","status":"publish","type":"page","link":"https:\/\/europeantissue.com\/de\/hygiene-de\/","title":{"rendered":"Hygiene (DE)"},"content":{"rendered":"<p class=\"p1\">Innovation f\u00fchrt zur fortw\u00e4hrenden Einf\u00fchrung <span style=\"color: #1e6b8a\"><strong>neuer und verbesserter Zellstoffprodukte<\/strong><\/span> f\u00fcr den Benutzer und erh\u00f6ht damit Qualit\u00e4t und Komfort f\u00fcr den Endverbraucher. Dies geht einher mit dem Bewusstsein, dass verbesserte Hygiene ein Schl\u00fcssel-Anliegen geworden ist sowohl zu Hause als auch unterwegs.<\/p>\n<p class=\"p1\"><span style=\"color: #1e6b8a\"><strong>Papier<\/strong><\/span>\u00a0ist jahrhundertelang f\u00fcr <span style=\"color: #1e6b8a\"><strong>Hygienezwecke<\/strong> <\/span>genutzt worden, aber das Tissuepapier, wie wir es heute kennen, wurde in der westlichen Welt erst ab Mitte der 1940er industriell produziert<\/p>\n<p class=\"p1\">Hygienisches Zellstoffpapier wird im allgemeinen benutzt f\u00fcr <span style=\"color: #1e6b8a\"><strong>Gesichtst\u00fccher, Taschent\u00fccher, Servietten, Toilettenpapier und Haushaltst\u00fccher sowie f\u00fcr Handt\u00fccher in \u00f6ffentlichen Einrichtungen, Wischer<\/strong> <\/span>usw.<\/p>\n<p class=\"p1\">In diesem <span style=\"color: #1e6b8a\"><strong>Hygiene<\/strong><\/span>-Bereich wird eine Anzahl von Themen abgedeckt,\u00a0einschlie\u00dflich <span style=\"color: #1e6b8a\"><strong>Hygiene Studien<\/strong><\/span>, <span style=\"color: #1e6b8a\"><strong>offiziellen Empfehlungen<\/strong><\/span> zu Hand Waschen und Trocknen aus der ganzen Welt, und unter ihnen <em>(klicken Sie auf, um die relative Seite)<\/em>:<\/p>\n<ul>\n<li><span style=\"color: #ff0000\"><a href=\"https:\/\/europeantissue.com\/de\/hygiene-de\/studien\/vergleich-verschiedener-handtrocknungsverfahren-das-potenzial-fur-luftkeimverbreitung-und-verschmutzung\/?lang=de\">Vergleich verschiedener Verfahren der H\u00e4ndetrocknung und das Potenzial f\u00fcr die Verbreitung von Mikroben und Kontamination \u00fcber die Luft (University of Westminster, begutachtete Studie 2015)<\/a><a style=\"color: #ff0000\" href=\"https:\/\/europeantissue.com\/hygiene\/studies\/comparison-of-different-hand-drying-methods\/\">\n<p><\/a><\/span><\/li>\n<li><span style=\"color: #ff0000\"><a href=\"https:\/\/europeantissue.com\/de\/hygiene-de\/studien\/studie-uber-die-mogliche-kontamination-der-umwelt-2014\/?lang=de\">Studie zum Potenzial f\u00fcr die Kontamination der Umwelt (Universit\u00e4t Leeds, Begutachtete Studie 2014)<\/a><a style=\"color: #ff0000\" href=\"https:\/\/europeantissue.com\/hygiene\/studies\/potentialcontaminationenvironment2014\/\"><strong><br \/><\/strong><br \/><\/a><\/span><\/li>\n<li><span style=\"color: #ff0000\"><a href=\"https:\/\/europeantissue.com\/de\/hygiene-de\/studien\/mayo-clinic-proceedings-artikel-die-wirksamkeit-der-verschiedenen-trocknungssysteme\/?lang=de\">Ver\u00f6ffentlicht ind den Mayo Clinic Proceedings: die hygienische Wirksamkeit verschiedener Verfahren der H\u00e4ndetrocknung (2012)<\/a><strong>\n<p><\/strong><\/span><\/li>\n<li><a href=\"https:\/\/europeantissue.com\/hygiene\/studies\/alcohol-based-disinfectant-vs-hand-washing-which-fights-noroviruses-better\/\">Alkohol-Desinfektionsmittel vs H\u00e4ndewaschen, das Noroviren besser bek\u00e4mpft (begutachteter Beitrag 2015)<\/a><span style=\"color: #ff0000\"><a style=\"color: #ff0000\" href=\"https:\/\/europeantissue.com\/hygiene\/studies\/alcohol-based-disinfectant-vs-hand-washing-which-fights-noroviruses-better\/\"><strong>\n<p><\/strong><\/a><\/span><\/li>\n<li><a href=\"https:\/\/europeantissue.com\/hygiene\/studies\/eurofins-inlab-study\/\">Eurofins-Inlab Studie: Mikrobielle Kontamination der Oberfl\u00e4chen im Zusammenhang mit unterschiedlichen Arten von Handtrocknern (2012)<\/a><\/li>\n<\/ul>\n<ul>\n<li><a href=\"https:\/\/europeantissue.com\/de\/richtiges-handewaschen-cdc-grundlagen-der-handhygiene-usa\/?lang=de\">Richtiges H\u00e4ndewaschen <strong>CDC<\/strong> Grundlagen zur Handhygiene (USA)<\/a><\/li>\n<\/ul>\n<ul>\n<li>\n<p><a href=\"https:\/\/europeantissue.com\/de\/richtiges-handewaschen-empfehlungen-der-welt-gesundheits-organisation-who\/?lang=de\">Richtiges H\u00e4ndewaschen Empfehlungen der Welt-Gesundheit-Organisation (<strong>WHO<\/strong>)<\/a><\/p>\n<\/li>\n<li>\n<p><a href=\"https:\/\/europeantissue.com\/de\/richtiges-handewaschen-hpa-und-nhs-ratschlage-uk\/?lang=de\">Richtiges H\u00e4ndewaschen Ratschl\u00e4ge der UK Gesundheitss-Schutz-Agentur <strong>HPA<\/strong>\u00a0und <\/a><strong><a href=\"http:\/\/europeantissue.com\/hygiene\/official-recommendations-on-hand-washing-and-drying-2\/\">NHS<\/a><\/strong><\/p>\n<\/li>\n<li>\n<p class=\"p1\"><a href=\"https:\/\/europeantissue.com\/de\/handetrocknen-in-bereichen-der-nahrungsmittelzubereitung-wuwm\/?lang=de\">H\u00e4ndetrocken in Bereichen der Essens-Zubereitung<\/a><\/p>\n<\/li>\n<li>\n<p class=\"p1\"><a href=\"http:\/\/europeantissue.com\/hygiene\/hygiene-in-the-world\/\">Hygiene in der Welt<\/a><\/p>\n<\/li>\n<li>\n<p class=\"p1\"><a href=\"http:\/\/europeantissue.com\/hygiene\/ets-at-issa-interclean-amsterdam-april-2010\/\">ETS bei der ISSA Interclean &#8211; Amsterdam April 2010<\/a><\/p>\n<\/li>\n<li>\n<div id=\"post-3616\"><a href=\"http:\/\/europeantissue.com\/hygiene\/official-recommendations-on-hand-drying\/\">Offizielle Empfehlungen zum H\u00e4ndewaschen und Trocknen \u2013 1 (WHO \u2013 EU \u2013 Belgium)<\/p>\n<p><\/a><\/div>\n<\/li>\n<li><a href=\"http:\/\/europeantissue.com\/hygiene\/official-recommendations-on-hand-washing-and-drying-2\/\">Offizielle Empfehlungen zum H\u00e4ndewaschen und Trocknen: Papierhandt\u00fccher, Stoffhandt\u00fccher und Elektrische H\u00e4ndetrockner \u00a0(part 2 \u2013 France)\n<p><\/a><\/li>\n<li><a href=\"http:\/\/europeantissue.com\/hygiene\/official-recommendations-on-hand-washing-and-drying-3-uk\/\">Offizielle Empfehlungen zum H\u00e4ndewaschen und Trocknen: Papierhandt\u00fccher, Stoffhandt\u00fccher und Elektrische H\u00e4ndetrockner (part 3 \u2013 UK)\n<p><\/a><\/li>\n<li><a href=\"http:\/\/europeantissue.com\/hygiene\/official-recommendations-on-hand-washing-and-drying-4-australia-canada-usa\/\">Offizielle Empfehlungen zum H\u00e4ndewaschen und Trocknen: Papierhandt\u00fccher, Stoffhandt\u00fccher und Elektrische H\u00e4ndetrockner (part 4 \u2013 Australia \u2013 Canada \u2013 USA)<br \/><\/a><span style=\"text-decoration: underline\"><br \/> <\/span><\/li>\n<li><a href=\"http:\/\/europeantissue.com\/hygiene\/the-infection-risk-associated-with-clothing-and-household-linens\/\">Das Risiko von Infektionen vom Haushaltst\u00fccher aus Stoff<\/a><\/li>\n<\/ul>\n","protected":false},"excerpt":{"rendered":"<p>Innovation f\u00fchrt zur fortw\u00e4hrenden Einf\u00fchrung neuer und verbesserter Zellstoffprodukte f\u00fcr den Benutzer und erh\u00f6ht damit Qualit\u00e4t und Komfort f\u00fcr den Endverbraucher. Dies geht einher mit dem Bewusstsein, dass verbesserte Hygiene ein Schl\u00fcssel-Anliegen geworden ist sowohl zu Hause als auch unterwegs. Papier\u00a0ist jahrhundertelang f\u00fcr Hygienezwecke genutzt worden, aber das Tissuepapier, wie wir es heute kennen, wurde  [&#8230;]<\/p>\n","protected":false},"author":2,"featured_media":0,"parent":0,"menu_order":3,"comment_status":"open","ping_status":"closed","template":"","meta":{"_monsterinsights_skip_tracking":false,"_monsterinsights_sitenote_active":false,"_monsterinsights_sitenote_note":"","_monsterinsights_sitenote_category":0,"ngg_post_thumbnail":0,"footnotes":""},"class_list":["post-7664","page","type-page","status-publish","hentry"],"yoast_head":"<!-- This site is optimized with the Yoast SEO plugin v26.3 - https:\/\/yoast.com\/wordpress\/plugins\/seo\/ -->\n<title>Hygiene (DE) - European Tissue Symposium<\/title>\n<meta name=\"description\" content=\"Papier\u00a0ist jahrhundertelang f\u00fcr\u00a0Hygienezwecke\u00a0genutzt worden\" \/>\n<meta name=\"robots\" content=\"index, follow, max-snippet:-1, max-image-preview:large, max-video-preview:-1\" \/>\n<link rel=\"canonical\" href=\"https:\/\/europeantissue.com\/de\/hygiene-de\/\" \/>\n<meta property=\"og:locale\" content=\"de_DE\" \/>\n<meta property=\"og:type\" content=\"article\" \/>\n<meta property=\"og:title\" content=\"Hygiene (DE) - European Tissue Symposium\" \/>\n<meta property=\"og:description\" content=\"Papier\u00a0ist jahrhundertelang f\u00fcr\u00a0Hygienezwecke\u00a0genutzt worden\" \/>\n<meta property=\"og:url\" content=\"https:\/\/europeantissue.com\/de\/hygiene-de\/\" \/>\n<meta property=\"og:site_name\" content=\"European Tissue Symposium\" \/>\n<meta property=\"article:modified_time\" content=\"2015-11-25T08:40:46+00:00\" \/>\n<meta name=\"twitter:card\" content=\"summary_large_image\" \/>\n<meta name=\"twitter:label1\" content=\"Gesch\u00e4tzte Lesezeit\" \/>\n\t<meta name=\"twitter:data1\" content=\"2 Minuten\" \/>\n<script type=\"application\/ld+json\" class=\"yoast-schema-graph\">{\"@context\":\"https:\/\/schema.org\",\"@graph\":[{\"@type\":\"WebPage\",\"@id\":\"https:\/\/europeantissue.com\/de\/hygiene-de\/\",\"url\":\"https:\/\/europeantissue.com\/de\/hygiene-de\/\",\"name\":\"Hygiene (DE) - European Tissue Symposium\",\"isPartOf\":{\"@id\":\"https:\/\/europeantissue.com\/de\/#website\"},\"datePublished\":\"2015-09-19T18:13:37+00:00\",\"dateModified\":\"2015-11-25T08:40:46+00:00\",\"description\":\"Papier\u00a0ist jahrhundertelang f\u00fcr\u00a0Hygienezwecke\u00a0genutzt worden\",\"breadcrumb\":{\"@id\":\"https:\/\/europeantissue.com\/de\/hygiene-de\/#breadcrumb\"},\"inLanguage\":\"de-DE\",\"potentialAction\":[{\"@type\":\"ReadAction\",\"target\":[\"https:\/\/europeantissue.com\/de\/hygiene-de\/\"]}]},{\"@type\":\"BreadcrumbList\",\"@id\":\"https:\/\/europeantissue.com\/de\/hygiene-de\/#breadcrumb\",\"itemListElement\":[{\"@type\":\"ListItem\",\"position\":1,\"name\":\"Home\",\"item\":\"https:\/\/europeantissue.com\/de\/\"},{\"@type\":\"ListItem\",\"position\":2,\"name\":\"Hygiene (DE)\"}]},{\"@type\":\"WebSite\",\"@id\":\"https:\/\/europeantissue.com\/de\/#website\",\"url\":\"https:\/\/europeantissue.com\/de\/\",\"name\":\"European Tissue Symposium\",\"description\":\"\",\"potentialAction\":[{\"@type\":\"SearchAction\",\"target\":{\"@type\":\"EntryPoint\",\"urlTemplate\":\"https:\/\/europeantissue.com\/de\/?s={search_term_string}\"},\"query-input\":{\"@type\":\"PropertyValueSpecification\",\"valueRequired\":true,\"valueName\":\"search_term_string\"}}],\"inLanguage\":\"de-DE\"}]}<\/script>\n<!-- \/ Yoast SEO plugin. -->","yoast_head_json":{"title":"Hygiene (DE) - European Tissue Symposium","description":"Papier\u00a0ist jahrhundertelang f\u00fcr\u00a0Hygienezwecke\u00a0genutzt worden","robots":{"index":"index","follow":"follow","max-snippet":"max-snippet:-1","max-image-preview":"max-image-preview:large","max-video-preview":"max-video-preview:-1"},"canonical":"https:\/\/europeantissue.com\/de\/hygiene-de\/","og_locale":"de_DE","og_type":"article","og_title":"Hygiene (DE) - European Tissue Symposium","og_description":"Papier\u00a0ist jahrhundertelang f\u00fcr\u00a0Hygienezwecke\u00a0genutzt worden","og_url":"https:\/\/europeantissue.com\/de\/hygiene-de\/","og_site_name":"European Tissue Symposium","article_modified_time":"2015-11-25T08:40:46+00:00","twitter_card":"summary_large_image","twitter_misc":{"Gesch\u00e4tzte Lesezeit":"2 Minuten"},"schema":{"@context":"https:\/\/schema.org","@graph":[{"@type":"WebPage","@id":"https:\/\/europeantissue.com\/de\/hygiene-de\/","url":"https:\/\/europeantissue.com\/de\/hygiene-de\/","name":"Hygiene (DE) - European Tissue Symposium","isPartOf":{"@id":"https:\/\/europeantissue.com\/de\/#website"},"datePublished":"2015-09-19T18:13:37+00:00","dateModified":"2015-11-25T08:40:46+00:00","description":"Papier\u00a0ist jahrhundertelang f\u00fcr\u00a0Hygienezwecke\u00a0genutzt worden","breadcrumb":{"@id":"https:\/\/europeantissue.com\/de\/hygiene-de\/#breadcrumb"},"inLanguage":"de-DE","potentialAction":[{"@type":"ReadAction","target":["https:\/\/europeantissue.com\/de\/hygiene-de\/"]}]},{"@type":"BreadcrumbList","@id":"https:\/\/europeantissue.com\/de\/hygiene-de\/#breadcrumb","itemListElement":[{"@type":"ListItem","position":1,"name":"Home","item":"https:\/\/europeantissue.com\/de\/"},{"@type":"ListItem","position":2,"name":"Hygiene (DE)"}]},{"@type":"WebSite","@id":"https:\/\/europeantissue.com\/de\/#website","url":"https:\/\/europeantissue.com\/de\/","name":"European Tissue Symposium","description":"","potentialAction":[{"@type":"SearchAction","target":{"@type":"EntryPoint","urlTemplate":"https:\/\/europeantissue.com\/de\/?s={search_term_string}"},"query-input":{"@type":"PropertyValueSpecification","valueRequired":true,"valueName":"search_term_string"}}],"inLanguage":"de-DE"}]}},"_links":{"self":[{"href":"https:\/\/europeantissue.com\/de\/wp-json\/wp\/v2\/pages\/7664","targetHints":{"allow":["GET"]}}],"collection":[{"href":"https:\/\/europeantissue.com\/de\/wp-json\/wp\/v2\/pages"}],"about":[{"href":"https:\/\/europeantissue.com\/de\/wp-json\/wp\/v2\/types\/page"}],"author":[{"embeddable":true,"href":"https:\/\/europeantissue.com\/de\/wp-json\/wp\/v2\/users\/2"}],"replies":[{"embeddable":true,"href":"https:\/\/europeantissue.com\/de\/wp-json\/wp\/v2\/comments?post=7664"}],"version-history":[{"count":0,"href":"https:\/\/europeantissue.com\/de\/wp-json\/wp\/v2\/pages\/7664\/revisions"}],"wp:attachment":[{"href":"https:\/\/europeantissue.com\/de\/wp-json\/wp\/v2\/media?parent=7664"}],"curies":[{"name":"wp","href":"https:\/\/api.w.org\/{rel}","templated":true}]}}