 {"id":7609,"date":"2015-09-14T16:34:49","date_gmt":"2015-09-14T16:34:49","guid":{"rendered":"http:\/\/europeantissue.com\/?page_id=7609"},"modified":"2018-07-20T10:26:15","modified_gmt":"2018-07-20T10:26:15","slug":"richtiges-handewaschen-empfehlungen-der-welt-gesundheits-organisation-who","status":"publish","type":"page","link":"https:\/\/europeantissue.com\/de\/richtiges-handewaschen-empfehlungen-der-welt-gesundheits-organisation-who\/","title":{"rendered":"Welt-Gesundheits-Organisation &#8211; Richtiges H\u00e4ndewaschen"},"content":{"rendered":"<h2>H\u00e4ndewaschen Poster<\/h2>\n<dl id=\"attachment_6053\" class=\"wp-caption alignnone\" style=\"width: 766px\">\n<dt class=\"wp-caption-dt\">\n<h2><a href=\"http:\/\/europeantissue.com\/wp-content\/uploads\/140728-WHO-Poster-hands-washing-756x1024-756x1024.jpg\"><img decoding=\"async\" class=\"wp-image-6053 size-full\" src=\"http:\/\/europeantissue.com\/wp-content\/uploads\/140728-WHO-Poster-hands-washing-756x1024-756x1024.jpg\" alt=\"Welt-Gesundheits-Organisation - H\u00e4ndewaschen Poster\" width=\"756\" height=\"1024\" \/><\/a><\/h2>\n<\/dt>\n<dd class=\"wp-caption-dd\">\n<h2>Welt-Gesundheits-Organisation &#8211; H\u00e4ndewaschen Poster<\/h2>\n<\/dd>\n<\/dl>\n<p>Die Welt Gesundheits-Organisation \/ World Health Organization (WHO &#8211; CH-1211 Genf-27 &#8211; Schweiz)\u00a0 <a href=\"http:\/\/www.who.int\/csr\">www.who.int\/csr<\/a>\u00a0stellt Empfehlungen zur Erleichterung der Handhygiene in der Gesundheitspflege bereit. <br \/> Die obigen visuellen Anweisungen werden von der WHO zur Verf\u00fcgung gestellt:<\/p>\n<p>Ein Schl\u00fcsselpunkt in diesen Empfehlungen ist<\/p>\n<p><strong>&#8222;TROCKNEN SIE DIE H\u00c4NDE GR\u00dcNDLICH MIT EINEM EINMAL-HANDTUCH, BENUTZEN SIE EIN EINMAL-HANDTUCH, UM DEN WASSERHAHN ABZUSTELLEN&#8220;<\/strong><\/p>\n<p>Um das Dokument der Welt-Gesundheits-Organisation zu lesen, klicken Sie hier: <a href=\"http:\/\/europeantissue.com\/wp-content\/uploads\/World-Health-Organization-Hands-Washing-Instructions.pdf\">Health Care facility recommendations for Hands Hygiene<\/a><\/p>\n<p>Die H\u00e4nde sollten 30 Sekunden lang und mit ausreichend Seife gewaschen werden, ohne dabei die Handoberfl\u00e4chen, die Zwischenr\u00e4ume der Finger und die Fingerspitzen zu vergessen. Das anschlie\u00dfende H\u00e4ndetrocknen wird oft untersch\u00e4tzt. Dabei beherbergen feuchte H\u00e4nde bis zu 1.000 Mal mehr Keime als trockene H\u00e4nde. Um die H\u00e4nde zu trocknen sind Einweg-Papierhandt\u00fccher hygienisch gesehen im Vorteil. Sie trocknen schnell und restliche Keime werden durch das Abreiben entfernt. Aber nicht nur die \u201erichtigen Methode\u201c z\u00e4hlt, sondern auch die H\u00e4ufigkeit, mit der man sie praktiziert. Deshalb sollte unbedingt darauf geachtet werden, die H\u00e4nde regelm\u00e4\u00dfig bzw. mehrmals am Tag zu waschen. Dies gilt besonders auch f\u00fcr Menschen, die viel K\u00f6rperkontakt zu anderen haben, wie beispielsweise Pfleger und Krankenschwestern, Lehrer, Bus- und Taxifahrer.<\/p>\n","protected":false},"excerpt":{"rendered":"<p>H\u00e4ndewaschen Poster Welt-Gesundheits-Organisation &#8211; H\u00e4ndewaschen Poster Die Welt Gesundheits-Organisation \/ World Health Organization (WHO &#8211; CH-1211 Genf-27 &#8211; Schweiz)\u00a0 www.who.int\/csr\u00a0stellt Empfehlungen zur Erleichterung der Handhygiene in der Gesundheitspflege bereit. Die obigen visuellen Anweisungen werden von der WHO zur Verf\u00fcgung gestellt: Ein Schl\u00fcsselpunkt in diesen Empfehlungen ist &#8222;TROCKNEN SIE DIE H\u00c4NDE GR\u00dcNDLICH MIT EINEM EINMAL-HANDTUCH, BENUTZEN  [&#8230;]<\/p>\n","protected":false},"author":2,"featured_media":0,"parent":0,"menu_order":1,"comment_status":"open","ping_status":"closed","template":"","meta":{"_monsterinsights_skip_tracking":false,"_monsterinsights_sitenote_active":false,"_monsterinsights_sitenote_note":"","_monsterinsights_sitenote_category":0,"ngg_post_thumbnail":0,"footnotes":""},"class_list":["post-7609","page","type-page","status-publish","hentry"],"yoast_head":"<!-- This site is optimized with the Yoast SEO plugin v26.3 - https:\/\/yoast.com\/wordpress\/plugins\/seo\/ -->\n<title>Welt-Gesundheits-Organisation - Richtiges H\u00e4ndewaschen - European Tissue Symposium<\/title>\n<meta name=\"description\" content=\"Welt-Gesundheits-Organisation \u00a0H\u00e4ndewaschen Poster:\u00a0TROCKNEN SIE DIE H\u00c4NDE GR\u00dcNDLICH MIT EINEM EINMAL-HANDTUCH,\" \/>\n<meta name=\"robots\" content=\"index, follow, max-snippet:-1, max-image-preview:large, max-video-preview:-1\" \/>\n<link rel=\"canonical\" href=\"https:\/\/europeantissue.com\/de\/richtiges-handewaschen-empfehlungen-der-welt-gesundheits-organisation-who\/\" \/>\n<meta property=\"og:locale\" content=\"de_DE\" \/>\n<meta property=\"og:type\" content=\"article\" \/>\n<meta property=\"og:title\" content=\"Welt-Gesundheits-Organisation - Richtiges H\u00e4ndewaschen - European Tissue Symposium\" \/>\n<meta property=\"og:description\" content=\"Welt-Gesundheits-Organisation \u00a0H\u00e4ndewaschen Poster:\u00a0TROCKNEN SIE DIE H\u00c4NDE GR\u00dcNDLICH MIT EINEM EINMAL-HANDTUCH,\" \/>\n<meta property=\"og:url\" content=\"https:\/\/europeantissue.com\/de\/richtiges-handewaschen-empfehlungen-der-welt-gesundheits-organisation-who\/\" \/>\n<meta property=\"og:site_name\" content=\"European Tissue Symposium\" \/>\n<meta property=\"article:modified_time\" content=\"2018-07-20T10:26:15+00:00\" \/>\n<meta property=\"og:image\" content=\"http:\/\/europeantissue.com\/wp-content\/uploads\/140728-WHO-Poster-hands-washing-756x1024-756x1024.jpg\" \/>\n<meta name=\"twitter:card\" content=\"summary_large_image\" \/>\n<meta name=\"twitter:label1\" content=\"Gesch\u00e4tzte Lesezeit\" \/>\n\t<meta name=\"twitter:data1\" content=\"1 Minute\" \/>\n<script type=\"application\/ld+json\" class=\"yoast-schema-graph\">{\"@context\":\"https:\/\/schema.org\",\"@graph\":[{\"@type\":\"WebPage\",\"@id\":\"https:\/\/europeantissue.com\/de\/richtiges-handewaschen-empfehlungen-der-welt-gesundheits-organisation-who\/\",\"url\":\"https:\/\/europeantissue.com\/de\/richtiges-handewaschen-empfehlungen-der-welt-gesundheits-organisation-who\/\",\"name\":\"Welt-Gesundheits-Organisation - Richtiges H\u00e4ndewaschen - European Tissue Symposium\",\"isPartOf\":{\"@id\":\"https:\/\/europeantissue.com\/de\/#website\"},\"primaryImageOfPage\":{\"@id\":\"https:\/\/europeantissue.com\/de\/richtiges-handewaschen-empfehlungen-der-welt-gesundheits-organisation-who\/#primaryimage\"},\"image\":{\"@id\":\"https:\/\/europeantissue.com\/de\/richtiges-handewaschen-empfehlungen-der-welt-gesundheits-organisation-who\/#primaryimage\"},\"thumbnailUrl\":\"http:\/\/europeantissue.com\/wp-content\/uploads\/140728-WHO-Poster-hands-washing-756x1024-756x1024.jpg\",\"datePublished\":\"2015-09-14T16:34:49+00:00\",\"dateModified\":\"2018-07-20T10:26:15+00:00\",\"description\":\"Welt-Gesundheits-Organisation \u00a0H\u00e4ndewaschen Poster:\u00a0TROCKNEN SIE DIE H\u00c4NDE GR\u00dcNDLICH MIT EINEM EINMAL-HANDTUCH,\",\"breadcrumb\":{\"@id\":\"https:\/\/europeantissue.com\/de\/richtiges-handewaschen-empfehlungen-der-welt-gesundheits-organisation-who\/#breadcrumb\"},\"inLanguage\":\"de-DE\",\"potentialAction\":[{\"@type\":\"ReadAction\",\"target\":[\"https:\/\/europeantissue.com\/de\/richtiges-handewaschen-empfehlungen-der-welt-gesundheits-organisation-who\/\"]}]},{\"@type\":\"ImageObject\",\"inLanguage\":\"de-DE\",\"@id\":\"https:\/\/europeantissue.com\/de\/richtiges-handewaschen-empfehlungen-der-welt-gesundheits-organisation-who\/#primaryimage\",\"url\":\"http:\/\/europeantissue.com\/wp-content\/uploads\/140728-WHO-Poster-hands-washing-756x1024-756x1024.jpg\",\"contentUrl\":\"http:\/\/europeantissue.com\/wp-content\/uploads\/140728-WHO-Poster-hands-washing-756x1024-756x1024.jpg\"},{\"@type\":\"BreadcrumbList\",\"@id\":\"https:\/\/europeantissue.com\/de\/richtiges-handewaschen-empfehlungen-der-welt-gesundheits-organisation-who\/#breadcrumb\",\"itemListElement\":[{\"@type\":\"ListItem\",\"position\":1,\"name\":\"Home\",\"item\":\"https:\/\/europeantissue.com\/de\/\"},{\"@type\":\"ListItem\",\"position\":2,\"name\":\"Welt-Gesundheits-Organisation &#8211; Richtiges H\u00e4ndewaschen\"}]},{\"@type\":\"WebSite\",\"@id\":\"https:\/\/europeantissue.com\/de\/#website\",\"url\":\"https:\/\/europeantissue.com\/de\/\",\"name\":\"European Tissue Symposium\",\"description\":\"\",\"potentialAction\":[{\"@type\":\"SearchAction\",\"target\":{\"@type\":\"EntryPoint\",\"urlTemplate\":\"https:\/\/europeantissue.com\/de\/?s={search_term_string}\"},\"query-input\":{\"@type\":\"PropertyValueSpecification\",\"valueRequired\":true,\"valueName\":\"search_term_string\"}}],\"inLanguage\":\"de-DE\"}]}<\/script>\n<!-- \/ Yoast SEO plugin. -->","yoast_head_json":{"title":"Welt-Gesundheits-Organisation - Richtiges H\u00e4ndewaschen - European Tissue Symposium","description":"Welt-Gesundheits-Organisation \u00a0H\u00e4ndewaschen Poster:\u00a0TROCKNEN SIE DIE H\u00c4NDE GR\u00dcNDLICH MIT EINEM EINMAL-HANDTUCH,","robots":{"index":"index","follow":"follow","max-snippet":"max-snippet:-1","max-image-preview":"max-image-preview:large","max-video-preview":"max-video-preview:-1"},"canonical":"https:\/\/europeantissue.com\/de\/richtiges-handewaschen-empfehlungen-der-welt-gesundheits-organisation-who\/","og_locale":"de_DE","og_type":"article","og_title":"Welt-Gesundheits-Organisation - Richtiges H\u00e4ndewaschen - European Tissue Symposium","og_description":"Welt-Gesundheits-Organisation \u00a0H\u00e4ndewaschen Poster:\u00a0TROCKNEN SIE DIE H\u00c4NDE GR\u00dcNDLICH MIT EINEM EINMAL-HANDTUCH,","og_url":"https:\/\/europeantissue.com\/de\/richtiges-handewaschen-empfehlungen-der-welt-gesundheits-organisation-who\/","og_site_name":"European Tissue Symposium","article_modified_time":"2018-07-20T10:26:15+00:00","og_image":[{"url":"http:\/\/europeantissue.com\/wp-content\/uploads\/140728-WHO-Poster-hands-washing-756x1024-756x1024.jpg","type":"","width":"","height":""}],"twitter_card":"summary_large_image","twitter_misc":{"Gesch\u00e4tzte Lesezeit":"1 Minute"},"schema":{"@context":"https:\/\/schema.org","@graph":[{"@type":"WebPage","@id":"https:\/\/europeantissue.com\/de\/richtiges-handewaschen-empfehlungen-der-welt-gesundheits-organisation-who\/","url":"https:\/\/europeantissue.com\/de\/richtiges-handewaschen-empfehlungen-der-welt-gesundheits-organisation-who\/","name":"Welt-Gesundheits-Organisation - Richtiges H\u00e4ndewaschen - European Tissue Symposium","isPartOf":{"@id":"https:\/\/europeantissue.com\/de\/#website"},"primaryImageOfPage":{"@id":"https:\/\/europeantissue.com\/de\/richtiges-handewaschen-empfehlungen-der-welt-gesundheits-organisation-who\/#primaryimage"},"image":{"@id":"https:\/\/europeantissue.com\/de\/richtiges-handewaschen-empfehlungen-der-welt-gesundheits-organisation-who\/#primaryimage"},"thumbnailUrl":"http:\/\/europeantissue.com\/wp-content\/uploads\/140728-WHO-Poster-hands-washing-756x1024-756x1024.jpg","datePublished":"2015-09-14T16:34:49+00:00","dateModified":"2018-07-20T10:26:15+00:00","description":"Welt-Gesundheits-Organisation \u00a0H\u00e4ndewaschen Poster:\u00a0TROCKNEN SIE DIE H\u00c4NDE GR\u00dcNDLICH MIT EINEM EINMAL-HANDTUCH,","breadcrumb":{"@id":"https:\/\/europeantissue.com\/de\/richtiges-handewaschen-empfehlungen-der-welt-gesundheits-organisation-who\/#breadcrumb"},"inLanguage":"de-DE","potentialAction":[{"@type":"ReadAction","target":["https:\/\/europeantissue.com\/de\/richtiges-handewaschen-empfehlungen-der-welt-gesundheits-organisation-who\/"]}]},{"@type":"ImageObject","inLanguage":"de-DE","@id":"https:\/\/europeantissue.com\/de\/richtiges-handewaschen-empfehlungen-der-welt-gesundheits-organisation-who\/#primaryimage","url":"http:\/\/europeantissue.com\/wp-content\/uploads\/140728-WHO-Poster-hands-washing-756x1024-756x1024.jpg","contentUrl":"http:\/\/europeantissue.com\/wp-content\/uploads\/140728-WHO-Poster-hands-washing-756x1024-756x1024.jpg"},{"@type":"BreadcrumbList","@id":"https:\/\/europeantissue.com\/de\/richtiges-handewaschen-empfehlungen-der-welt-gesundheits-organisation-who\/#breadcrumb","itemListElement":[{"@type":"ListItem","position":1,"name":"Home","item":"https:\/\/europeantissue.com\/de\/"},{"@type":"ListItem","position":2,"name":"Welt-Gesundheits-Organisation &#8211; Richtiges H\u00e4ndewaschen"}]},{"@type":"WebSite","@id":"https:\/\/europeantissue.com\/de\/#website","url":"https:\/\/europeantissue.com\/de\/","name":"European Tissue Symposium","description":"","potentialAction":[{"@type":"SearchAction","target":{"@type":"EntryPoint","urlTemplate":"https:\/\/europeantissue.com\/de\/?s={search_term_string}"},"query-input":{"@type":"PropertyValueSpecification","valueRequired":true,"valueName":"search_term_string"}}],"inLanguage":"de-DE"}]}},"_links":{"self":[{"href":"https:\/\/europeantissue.com\/de\/wp-json\/wp\/v2\/pages\/7609","targetHints":{"allow":["GET"]}}],"collection":[{"href":"https:\/\/europeantissue.com\/de\/wp-json\/wp\/v2\/pages"}],"about":[{"href":"https:\/\/europeantissue.com\/de\/wp-json\/wp\/v2\/types\/page"}],"author":[{"embeddable":true,"href":"https:\/\/europeantissue.com\/de\/wp-json\/wp\/v2\/users\/2"}],"replies":[{"embeddable":true,"href":"https:\/\/europeantissue.com\/de\/wp-json\/wp\/v2\/comments?post=7609"}],"version-history":[{"count":0,"href":"https:\/\/europeantissue.com\/de\/wp-json\/wp\/v2\/pages\/7609\/revisions"}],"wp:attachment":[{"href":"https:\/\/europeantissue.com\/de\/wp-json\/wp\/v2\/media?parent=7609"}],"curies":[{"name":"wp","href":"https:\/\/api.w.org\/{rel}","templated":true}]}}