 {"id":12437,"date":"2021-03-20T08:52:15","date_gmt":"2021-03-20T08:52:15","guid":{"rendered":"http:\/\/europeantissue.com\/?page_id=12437"},"modified":"2021-03-20T08:52:15","modified_gmt":"2021-03-20T08:52:15","slug":"neue-pilotstudie-zur-uebertragung-von-krankheitserregern-von-krankenhaustoilette-auf-station-2021","status":"publish","type":"page","link":"https:\/\/europeantissue.com\/de\/hygiene-de\/studien\/neue-pilotstudie-zur-uebertragung-von-krankheitserregern-von-krankenhaustoilette-auf-station-2021\/","title":{"rendered":"Neue Pilotstudie zur \u00dcbertragung von Krankheitserregern von Krankenhaustoilette auf Station (2021)"},"content":{"rendered":"<p><div class=\"fusion-fullwidth fullwidth-box fusion-builder-row-1 nonhundred-percent-fullwidth non-hundred-percent-height-scrolling\" style=\"--awb-border-radius-top-left:0px;--awb-border-radius-top-right:0px;--awb-border-radius-bottom-right:0px;--awb-border-radius-bottom-left:0px;--awb-flex-wrap:wrap;\" ><div class=\"fusion-builder-row fusion-row\"><div class=\"fusion-layout-column fusion_builder_column fusion-builder-column-0 fusion_builder_column_1_1 1_1 fusion-one-full fusion-column-first fusion-column-last\" style=\"--awb-bg-size:cover;--awb-margin-bottom:0px;\"><div class=\"fusion-column-wrapper fusion-flex-column-wrapper-legacy\"><div class=\"fusion-text fusion-text-1\"><h2 style=\"text-align: center;\"><strong>Pilotstudie verdeutlicht, wie sich die Methode des H\u00e4ndetrocknens erheblich auf die \u00dcbertragung von Krankheitserregern von Krankenhaustoilette auf Station auswirken kann<\/strong><\/h2>\n<\/div><div class=\"fusion-clearfix\"><\/div><\/div><\/div><\/div><\/div><div class=\"fusion-fullwidth fullwidth-box fusion-builder-row-2 hundred-percent-fullwidth non-hundred-percent-height-scrolling\" style=\"--awb-border-radius-top-left:0px;--awb-border-radius-top-right:0px;--awb-border-radius-bottom-right:0px;--awb-border-radius-bottom-left:0px;--awb-overflow:visible;--awb-flex-wrap:wrap;\" ><div class=\"fusion-builder-row fusion-row\"><div class=\"fusion-layout-column fusion_builder_column fusion-builder-column-1 fusion_builder_column_1_1 1_1 fusion-one-full fusion-column-first fusion-column-last\" style=\"--awb-bg-size:cover;\"><div class=\"fusion-column-wrapper fusion-column-has-shadow fusion-flex-column-wrapper-legacy\"><div class=\"fusion-text fusion-text-2\"><h2 style=\"text-align: center;\"><span style=\"color: #0000ff;\"><strong><em>Durchschnittliche Kontaminationsrate nach dem H\u00e4ndetrocknen mit Jet-Lufttrocknern verzehnfacht<\/em><\/strong><\/span><\/h2>\n<h4 style=\"text-align: left;\"><strong><span style=\"color: #238199;\"><a href=\"https:\/\/www.cambridge.org\/core\/journals\/infection-control-and-hospital-epidemiology\/article\/from-the-hospital-toilet-to-the-ward-a-pilot-study-on-microbe-dispersal-to-multiple-hospital-surfaces-following-hand-drying-using-a-jet-air-dryer-versus-paper-towels\/FA51D26C9C3DC261D35F122EF97593D5\"><img decoding=\"async\" class=\"alignleft wp-image-12442\" src=\"https:\/\/europeantissue.com\/wp-content\/uploads\/2021\/03\/ICHE-cover-March-2021-3d-228x300.jpg\" alt=\"\" width=\"300\" height=\"395\" srcset=\"https:\/\/europeantissue.com\/wp-content\/uploads\/2021\/03\/ICHE-cover-March-2021-3d-200x264.jpg 200w, https:\/\/europeantissue.com\/wp-content\/uploads\/2021\/03\/ICHE-cover-March-2021-3d-228x300.jpg 228w, https:\/\/europeantissue.com\/wp-content\/uploads\/2021\/03\/ICHE-cover-March-2021-3d-400x527.jpg 400w, https:\/\/europeantissue.com\/wp-content\/uploads\/2021\/03\/ICHE-cover-March-2021-3d.jpg 418w\" sizes=\"(max-width: 300px) 100vw, 300px\" \/><\/a><\/span><\/strong><\/h4>\n<p>Laut einer <a href=\"https:\/\/www.cambridge.org\/core\/journals\/infection-control-and-hospital-epidemiology\/article\/from-the-hospital-toilet-to-the-ward-a-pilot-study-on-microbe-dispersal-to-multiple-hospital-surfaces-following-hand-drying-using-a-jet-air-dryer-versus-paper-towels\/FA51D26C9C3DC261D35F122EF97593D5\">Pilotstudie<\/a> zur Untersuchung einer m\u00f6glichen \u00dcbertragung von nach unzureichendem H\u00e4ndewaschen auf den H\u00e4nden verbliebenen Mikroorganismen aus den Waschr\u00e4umen in die Klinik- und Patientenbereiche, f\u00fchrt <strong>das H\u00e4ndetrocknen mit Papierhandt\u00fcchern zu geringeren Kontaminationsraten von Viren auf H\u00e4nde und Kleidung als mit Jet-Lufttrocknern.<\/strong> Die Auswirkungen dieser unterschiedlichen auf den H\u00e4nden verbliebenen Kontaminationsraten wurden anhand von Stichproben von diversen Oberfl\u00e4chen ermittelt, um so das Ausma\u00df der \u00dcbertragung von Viren \u00fcber die Waschr\u00e4ume hinaus bestimmen zu k\u00f6nnen.<\/p>\n<p>Die in einem Waschraum f\u00fcr Angestellte, Besucher und Patienten der<strong> Leeds General Infirmary<\/strong> in Gro\u00dfbritannien durchgef\u00fchrte Studie wurde in der j\u00fcngsten Ausgabe der medizinischen Fachzeitschrift <em>Infection Control and Hospital Epidemiology<\/em> von Experten begutachtet. Die Studie wurde \u00fcber einen Zeitraum von f\u00fcnf Wochen durchgef\u00fchrt und untersuchte die \u00dcbertragung von Viren \u00fcber den Waschraum hinaus auf Oberfl\u00e4chen in den \u00f6ffentlichen und klinischen Bereichen des Krankenhauses.<\/p>\n<p>Ein Bakteriophage (ein spezielles Virus, das f\u00fcr Menschen ungef\u00e4hrlich ist) wurde eingesetzt, um die \u00dcbertragung von Erregern nach dem H\u00e4ndetrocknen mit Papierhandt\u00fcchern einerseits und Jet-H\u00e4ndetrocknern andererseits darzustellen. Freiwillige Teilnehmer desinfizierten sich die H\u00e4nde, die dann in eine Fl\u00fcssigkeit, welche den Bakteriophagen enthielt, eingetaucht wurden. Dies wurde zweimal wiederholt, jeweils einmal pro Methode des H\u00e4ndetrocknens. Vor dem Trocknen wurden die H\u00e4nde dreimal ausgesch\u00fcttelt, um \u00fcbersch\u00fcssige Fl\u00fcssigkeit zu entfernen. Die freiwilligen Teilnehmer trugen dar\u00fcber hinaus Plastiksch\u00fcrzen, damit die Kontamination auf den K\u00f6rper, bzw. die Kleidung w\u00e4hrend des H\u00e4ndetrocknens ermittelt werden konnte.<\/p>\n<p>S\u00e4mtliche Oberfl\u00e4chen und Proben, die untersucht wurden, waren nach der Benutzung von Jet-Lufttrocknern mit Bakteriophagen oberhalb der Nachweisgrenze kontaminiert. Nach dem H\u00e4ndetrocknen mit Papierhandt\u00fcchern hingegen wurde eine Kontamination auf nur 6 von 11 Oberfl\u00e4chen nachgewiesen. Ein Krankenhaustelefon wies beispielsweise nach einem simulierten Telefonat von 10 Sekunden Dauer nachweisbare Kontamination nach dem H\u00e4ndetrocknen mit Jet-H\u00e4ndetrocknern auf. Die Kontamination von Oberk\u00f6rper und Kleidung war nach der Nutzung von Jet-Lufttrocknern wesentlich h\u00f6her als mit Papierhandt\u00fcchern. Im Durchschnitt war <strong><span style=\"color: #0000ff;\">die Kontaminationsrate von Oberfl\u00e4chen nach dem H\u00e4ndetrocknen mit Jet-Lufttrocknern zehnmal h\u00f6her als mit Papierhandt\u00fcchern.<\/span><\/strong><\/p>\n<p>Die Forscher Ines Moura PhD, Duncan Ewin BSc und Mark Wilcox MD entnahmen Stichproben von den Handfl\u00e4chen und Fingerspitzen direkt nach dem H\u00e4ndetrocknen, um die Ausgangswerte der Kontamination der H\u00e4nde zu ermitteln, bevor Proben aus dem weiteren Umfeld entnommen wurden. Die freiwilligen Teilnehmer liefen dann eine vorher bestimmte Strecke aus dem Waschraum in \u00f6ffentliche und klinische Bereiche. Nach Kontakt mit den H\u00e4nden oder der Sch\u00fcrze wurden Proben von den jeweiligen Oberfl\u00e4chen entnommen. Ein Stethoskop wurde um den Hals gelegt, sodass Ohrst\u00f6psel und Kopf ca. 7 Minuten lang mit der Sch\u00fcrze in Ber\u00fchrung waren. Die Teilnehmer verschr\u00e4nkten 2 Minuten lang die Arme vor der Brust und legten diese anschlie\u00dfend 3 Minuten lang auf die Armlehne einen Stuhls. Alle Oberfl\u00e4chen wurden mit einem mit neutralisierendem Puffer befeuchteten Schwammst\u00e4bchen abgetupft und sowohl vor, als auch nach der Entnahme mit einem Chlorwischtuch desinfiziert.<\/p>\n<p>Die Ergebnisse legen nahe, dass <strong><span style=\"color: #0000ff;\">nach dem Trocknen mit Jet-Lufttrocknern ein h\u00f6heres Potenzial f\u00fcr die Verbreitung von Bakterien im Krankenhaus besteht<\/span><\/strong>, was vermutlich auf das erh\u00f6hte Risiko von Spritzern auf die Benutzer zur\u00fcckzuf\u00fchren ist. Dies ist besorgniserregend, da Objekte und Oberfl\u00e4chen als eine Art Speicher f\u00fcr Mikroorganismen dienen und \u00fcber Handkontakt \u00fcbernommen werden k\u00f6nnen. Die nach dem Trocknen mit Jet-Lufttrocknern erheblich h\u00f6here Kontamination von Objekten, die in engen Kontakt mit Patienten und Krankenhauspersonal kommen (wie z.B. Telefone und Stethoskope), ist besonders beunruhigend. Das Verbreitungspotenzial von Bakterien zu verringern ist ein grundlegendes Prinzip der Infektionspr\u00e4vention. Die Studie hat belegt, dass die bakterielle Kontamination von H\u00e4nden und Oberk\u00f6rper der Benutzer von Jet-Lufttrocknern direkt und indirekt \u00fcber H\u00e4nde, Kleidung oder Hautkontakt auf Oberfl\u00e4chen \u00fcbertragen wurde.<\/p>\n<p><strong><span style=\"color: #0000ff;\">Die Ergebnisse der Pilotstudie stellen den Einsatz von Jet-Lufttrocknern in Krankenh\u00e4usern in Frage und bekr\u00e4ftigen die Empfehlungen von deutschen Krankenh\u00e4usern, sowie der franz\u00f6sischen Gesellschaft f\u00fcr Krankenhaushygiene SF2H, dass Papierhandt\u00fccher als Methode des H\u00e4ndetrocknens im Gesundheitswesen zu bevorzugen sind.<\/span><\/strong><\/p>\n<p><em><u>Hinweis an die Redaktion<\/u><\/em><\/p>\n<ul>\n<li style=\"list-style-type: none;\">\n<ul>\n<li><em>Krankheitserreger k\u00f6nnen auf H\u00e4nden mehrere Stunden, auf Oberfl\u00e4chen sogar mehrere Monate lang verbleiben. Durch direkten Kontakt mit kontaminierten Oberfl\u00e4chen k\u00f6nnen sie sehr schnell \u00fcbertragen werden. F\u00fcr die Reduzierung des Verbreitungsrisikos von Krankheitserregern ist H\u00e4ndetrocknen unerl\u00e4sslich, da feuchte H\u00e4nde in Zusammenhang mit einer erh\u00f6hten \u00dcbertragung von Mikroorganismen von H\u00e4nden auf Oberfl\u00e4chen stehen.<\/em><\/li>\n<li><em>Fr\u00fchere Studien haben bereits bewiesen, dass die Verwendung von Papierhandt\u00fcchern zum H\u00e4ndetrocknen ein geringeres Risiko f\u00fcr die Verbreitung von Bakterien darstellt. Die Streuung von Tropfen, bzw. Bakterien ist geringer, was zu verringerter Kontamination der Toilette f\u00fchrt.<\/em><\/li>\n<li><em>Auf Empfehlung der Forscher sollten zuk\u00fcnftige Studien eine h\u00f6here Anzahl von Teilnehmern beinhalten und m\u00f6glicherweise eine Untersuchung des H\u00e4ndewaschens vor dem Trocknen einschlie\u00dfen, sodass die Methode und Dauer des H\u00e4ndewaschens, und wie diese die \u00dcbertragung von Bakteriophagen und Oberfl\u00e4chenkontamination beeinflusst, erforscht werden kann. <\/em><\/li>\n<\/ul>\n<\/li>\n<\/ul>\n<\/div><div class=\"fusion-text fusion-text-3\"><h3 style=\"text-align: center;\"><a href=\"https:\/\/www.cambridge.org\/core\/journals\/infection-control-and-hospital-epidemiology\/article\/from-the-hospital-toilet-to-the-ward-a-pilot-study-on-microbe-dispersal-to-multiple-hospital-surfaces-following-hand-drying-using-a-jet-air-dryer-versus-paper-towels\/FA51D26C9C3DC261D35F122EF97593D5\"><strong>SIE K\u00d6NNEN DIE VOLLST\u00c4NDIGE STUDIE HIER LESEN<\/strong><\/a><\/h3>\n<p><a href=\"https:\/\/www.cambridge.org\/core\/journals\/infection-control-and-hospital-epidemiology\/article\/from-the-hospital-toilet-to-the-ward-a-pilot-study-on-microbe-dispersal-to-multiple-hospital-surfaces-following-hand-drying-using-a-jet-air-dryer-versus-paper-towels\/FA51D26C9C3DC261D35F122EF97593D5\"><img decoding=\"async\" class=\"aligncenter wp-image-12462 size-full\" src=\"https:\/\/europeantissue.com\/wp-content\/uploads\/2021\/03\/Read-the-full-study-3d.jpg\" alt=\"\" width=\"669\" height=\"161\" srcset=\"https:\/\/europeantissue.com\/wp-content\/uploads\/2021\/03\/Read-the-full-study-3d-200x48.jpg 200w, https:\/\/europeantissue.com\/wp-content\/uploads\/2021\/03\/Read-the-full-study-3d-300x72.jpg 300w, https:\/\/europeantissue.com\/wp-content\/uploads\/2021\/03\/Read-the-full-study-3d-400x96.jpg 400w, https:\/\/europeantissue.com\/wp-content\/uploads\/2021\/03\/Read-the-full-study-3d-600x144.jpg 600w, https:\/\/europeantissue.com\/wp-content\/uploads\/2021\/03\/Read-the-full-study-3d.jpg 669w\" sizes=\"(max-width: 669px) 100vw, 669px\" \/><\/a><\/p>\n<\/div><div class=\"fusion-clearfix\"><\/div><\/div><\/div><div class=\"fusion-layout-column fusion_builder_column fusion-builder-column-2 fusion_builder_column_1_1 1_1 fusion-one-full fusion-column-first fusion-column-last\" style=\"--awb-bg-size:cover;\"><div class=\"fusion-column-wrapper fusion-column-has-shadow fusion-flex-column-wrapper-legacy\"><div class=\"fusion-text fusion-text-4\"><p><strong>\u00dcber ETS<\/strong><\/p>\n<p>Das ETS (European Tissue Symposium) ist der Branchenverband der europ\u00e4ischen Tissuepapier-Produzenten. Die Mitglieder des ETS repr\u00e4sentieren die Mehrheit dieser Unternehmen in Europa und etwa 90&nbsp;% der europ\u00e4ischen Tissuepapier-Produktion. Das ETS wurde 1971 gegr\u00fcndet und hat seinen Sitz in Br\u00fcssel, Belgien. Mehr Informationen erhalten Sie auf: <a href=\"http:\/\/www.europeantissue.com\">www.europeantissue.com<\/a><\/p>\n<p><strong>Pressekontakt:<\/strong><\/p>\n<p><strong>duomedia <br \/>\n<\/strong>Dorien Cooreman | tel. +32 2 560 21 50 | <a href=\"mailto:dorien.c@duomedia.com\">dorien.c@duomedia.com<\/a><\/p>\n<p><strong>ETS<br \/>\n<\/strong>Fanis Papakostas | tel. + 49 15 20 27 79 147| <a href=\"mailto:fanis.papakostas2@gmail.com\">fanis.papakostas2@gmail.com<\/a><\/p>\n<p><strong>Follow ETS on: <br \/>\n<\/strong>&nbsp;<a href=\"https:\/\/twitter.com\/ETSchoices\">Twitter.com\/ETS<\/a> | &nbsp;<a href=\"https:\/\/www.linkedin.com\/company\/european-tissue-symposium\/\">Linkedin.com\/ETS<\/a> | &nbsp;<a href=\"https:\/\/www.youtube.com\/user\/ETSChoices\">Youtube.com\/ETS<\/a> | &nbsp;<a href=\"https:\/\/www.facebook.com\/ETS-European-Tissue-Symposium-1463682673861615\/\">Facebook.com\/ETS<\/a><\/p>\n<\/div><div class=\"fusion-clearfix\"><\/div><\/div><\/div><\/div><\/div><\/p>\n","protected":false},"excerpt":{"rendered":"","protected":false},"author":16,"featured_media":0,"parent":7695,"menu_order":3,"comment_status":"open","ping_status":"closed","template":"","meta":{"_monsterinsights_skip_tracking":false,"_monsterinsights_sitenote_active":false,"_monsterinsights_sitenote_note":"","_monsterinsights_sitenote_category":0,"ngg_post_thumbnail":0,"footnotes":""},"class_list":["post-12437","page","type-page","status-publish","hentry"],"yoast_head":"<!-- This site is optimized with the Yoast SEO plugin v26.3 - https:\/\/yoast.com\/wordpress\/plugins\/seo\/ -->\n<title>Neue Pilotstudie zur \u00dcbertragung von Krankheitserregern von Krankenhaustoilette auf Station (2021) - European Tissue Symposium<\/title>\n<meta name=\"description\" content=\"Kontamination der B\u00e4der: Luftstrom- und Warmlufttrockner kontaminieren die Luft in Toiletten\u00a0\" \/>\n<meta name=\"robots\" content=\"index, follow, max-snippet:-1, max-image-preview:large, max-video-preview:-1\" \/>\n<link rel=\"canonical\" href=\"https:\/\/europeantissue.com\/de\/hygiene-de\/studien\/neue-pilotstudie-zur-uebertragung-von-krankheitserregern-von-krankenhaustoilette-auf-station-2021\/\" \/>\n<meta property=\"og:locale\" content=\"de_DE\" \/>\n<meta property=\"og:type\" content=\"article\" \/>\n<meta property=\"og:title\" content=\"Neue Pilotstudie zur \u00dcbertragung von Krankheitserregern von Krankenhaustoilette auf Station (2021) - European Tissue Symposium\" \/>\n<meta property=\"og:description\" content=\"Kontamination der B\u00e4der: Luftstrom- und Warmlufttrockner kontaminieren die Luft in Toiletten\u00a0\" \/>\n<meta property=\"og:url\" content=\"https:\/\/europeantissue.com\/de\/hygiene-de\/studien\/neue-pilotstudie-zur-uebertragung-von-krankheitserregern-von-krankenhaustoilette-auf-station-2021\/\" \/>\n<meta property=\"og:site_name\" content=\"European Tissue Symposium\" \/>\n<meta property=\"og:image\" content=\"https:\/\/europeantissue.com\/wp-content\/uploads\/2021\/03\/ICHE-cover-March-2021-3d-228x300.jpg\" \/>\n<meta name=\"twitter:card\" content=\"summary_large_image\" \/>\n<meta name=\"twitter:label1\" content=\"Gesch\u00e4tzte Lesezeit\" \/>\n\t<meta name=\"twitter:data1\" content=\"4 Minuten\" \/>\n<script type=\"application\/ld+json\" class=\"yoast-schema-graph\">{\"@context\":\"https:\/\/schema.org\",\"@graph\":[{\"@type\":\"WebPage\",\"@id\":\"https:\/\/europeantissue.com\/de\/hygiene-de\/studien\/neue-pilotstudie-zur-uebertragung-von-krankheitserregern-von-krankenhaustoilette-auf-station-2021\/\",\"url\":\"https:\/\/europeantissue.com\/de\/hygiene-de\/studien\/neue-pilotstudie-zur-uebertragung-von-krankheitserregern-von-krankenhaustoilette-auf-station-2021\/\",\"name\":\"Neue Pilotstudie zur \u00dcbertragung von Krankheitserregern von Krankenhaustoilette auf Station (2021) - European Tissue Symposium\",\"isPartOf\":{\"@id\":\"https:\/\/europeantissue.com\/de\/#website\"},\"primaryImageOfPage\":{\"@id\":\"https:\/\/europeantissue.com\/de\/hygiene-de\/studien\/neue-pilotstudie-zur-uebertragung-von-krankheitserregern-von-krankenhaustoilette-auf-station-2021\/#primaryimage\"},\"image\":{\"@id\":\"https:\/\/europeantissue.com\/de\/hygiene-de\/studien\/neue-pilotstudie-zur-uebertragung-von-krankheitserregern-von-krankenhaustoilette-auf-station-2021\/#primaryimage\"},\"thumbnailUrl\":\"https:\/\/europeantissue.com\/wp-content\/uploads\/2021\/03\/ICHE-cover-March-2021-3d-228x300.jpg\",\"datePublished\":\"2021-03-20T08:52:15+00:00\",\"description\":\"Kontamination der B\u00e4der: Luftstrom- und Warmlufttrockner kontaminieren die Luft in Toiletten\u00a0\",\"breadcrumb\":{\"@id\":\"https:\/\/europeantissue.com\/de\/hygiene-de\/studien\/neue-pilotstudie-zur-uebertragung-von-krankheitserregern-von-krankenhaustoilette-auf-station-2021\/#breadcrumb\"},\"inLanguage\":\"de-DE\",\"potentialAction\":[{\"@type\":\"ReadAction\",\"target\":[\"https:\/\/europeantissue.com\/de\/hygiene-de\/studien\/neue-pilotstudie-zur-uebertragung-von-krankheitserregern-von-krankenhaustoilette-auf-station-2021\/\"]}]},{\"@type\":\"ImageObject\",\"inLanguage\":\"de-DE\",\"@id\":\"https:\/\/europeantissue.com\/de\/hygiene-de\/studien\/neue-pilotstudie-zur-uebertragung-von-krankheitserregern-von-krankenhaustoilette-auf-station-2021\/#primaryimage\",\"url\":\"https:\/\/europeantissue.com\/wp-content\/uploads\/2021\/03\/ICHE-cover-March-2021-3d-228x300.jpg\",\"contentUrl\":\"https:\/\/europeantissue.com\/wp-content\/uploads\/2021\/03\/ICHE-cover-March-2021-3d-228x300.jpg\"},{\"@type\":\"BreadcrumbList\",\"@id\":\"https:\/\/europeantissue.com\/de\/hygiene-de\/studien\/neue-pilotstudie-zur-uebertragung-von-krankheitserregern-von-krankenhaustoilette-auf-station-2021\/#breadcrumb\",\"itemListElement\":[{\"@type\":\"ListItem\",\"position\":1,\"name\":\"Home\",\"item\":\"https:\/\/europeantissue.com\/de\/\"},{\"@type\":\"ListItem\",\"position\":2,\"name\":\"Hygiene (DE)\",\"item\":\"https:\/\/europeantissue.com\/de\/hygiene-de\/\"},{\"@type\":\"ListItem\",\"position\":3,\"name\":\"Studien\",\"item\":\"https:\/\/europeantissue.com\/de\/hygiene-de\/studien\/\"},{\"@type\":\"ListItem\",\"position\":4,\"name\":\"Neue Pilotstudie zur \u00dcbertragung von Krankheitserregern von Krankenhaustoilette auf Station (2021)\"}]},{\"@type\":\"WebSite\",\"@id\":\"https:\/\/europeantissue.com\/de\/#website\",\"url\":\"https:\/\/europeantissue.com\/de\/\",\"name\":\"European Tissue Symposium\",\"description\":\"\",\"potentialAction\":[{\"@type\":\"SearchAction\",\"target\":{\"@type\":\"EntryPoint\",\"urlTemplate\":\"https:\/\/europeantissue.com\/de\/?s={search_term_string}\"},\"query-input\":{\"@type\":\"PropertyValueSpecification\",\"valueRequired\":true,\"valueName\":\"search_term_string\"}}],\"inLanguage\":\"de-DE\"}]}<\/script>\n<!-- \/ Yoast SEO plugin. -->","yoast_head_json":{"title":"Neue Pilotstudie zur \u00dcbertragung von Krankheitserregern von Krankenhaustoilette auf Station (2021) - European Tissue Symposium","description":"Kontamination der B\u00e4der: Luftstrom- und Warmlufttrockner kontaminieren die Luft in Toiletten\u00a0","robots":{"index":"index","follow":"follow","max-snippet":"max-snippet:-1","max-image-preview":"max-image-preview:large","max-video-preview":"max-video-preview:-1"},"canonical":"https:\/\/europeantissue.com\/de\/hygiene-de\/studien\/neue-pilotstudie-zur-uebertragung-von-krankheitserregern-von-krankenhaustoilette-auf-station-2021\/","og_locale":"de_DE","og_type":"article","og_title":"Neue Pilotstudie zur \u00dcbertragung von Krankheitserregern von Krankenhaustoilette auf Station (2021) - European Tissue Symposium","og_description":"Kontamination der B\u00e4der: Luftstrom- und Warmlufttrockner kontaminieren die Luft in Toiletten\u00a0","og_url":"https:\/\/europeantissue.com\/de\/hygiene-de\/studien\/neue-pilotstudie-zur-uebertragung-von-krankheitserregern-von-krankenhaustoilette-auf-station-2021\/","og_site_name":"European Tissue Symposium","og_image":[{"url":"https:\/\/europeantissue.com\/wp-content\/uploads\/2021\/03\/ICHE-cover-March-2021-3d-228x300.jpg","type":"","width":"","height":""}],"twitter_card":"summary_large_image","twitter_misc":{"Gesch\u00e4tzte Lesezeit":"4 Minuten"},"schema":{"@context":"https:\/\/schema.org","@graph":[{"@type":"WebPage","@id":"https:\/\/europeantissue.com\/de\/hygiene-de\/studien\/neue-pilotstudie-zur-uebertragung-von-krankheitserregern-von-krankenhaustoilette-auf-station-2021\/","url":"https:\/\/europeantissue.com\/de\/hygiene-de\/studien\/neue-pilotstudie-zur-uebertragung-von-krankheitserregern-von-krankenhaustoilette-auf-station-2021\/","name":"Neue Pilotstudie zur \u00dcbertragung von Krankheitserregern von Krankenhaustoilette auf Station (2021) - European Tissue Symposium","isPartOf":{"@id":"https:\/\/europeantissue.com\/de\/#website"},"primaryImageOfPage":{"@id":"https:\/\/europeantissue.com\/de\/hygiene-de\/studien\/neue-pilotstudie-zur-uebertragung-von-krankheitserregern-von-krankenhaustoilette-auf-station-2021\/#primaryimage"},"image":{"@id":"https:\/\/europeantissue.com\/de\/hygiene-de\/studien\/neue-pilotstudie-zur-uebertragung-von-krankheitserregern-von-krankenhaustoilette-auf-station-2021\/#primaryimage"},"thumbnailUrl":"https:\/\/europeantissue.com\/wp-content\/uploads\/2021\/03\/ICHE-cover-March-2021-3d-228x300.jpg","datePublished":"2021-03-20T08:52:15+00:00","description":"Kontamination der B\u00e4der: Luftstrom- und Warmlufttrockner kontaminieren die Luft in Toiletten\u00a0","breadcrumb":{"@id":"https:\/\/europeantissue.com\/de\/hygiene-de\/studien\/neue-pilotstudie-zur-uebertragung-von-krankheitserregern-von-krankenhaustoilette-auf-station-2021\/#breadcrumb"},"inLanguage":"de-DE","potentialAction":[{"@type":"ReadAction","target":["https:\/\/europeantissue.com\/de\/hygiene-de\/studien\/neue-pilotstudie-zur-uebertragung-von-krankheitserregern-von-krankenhaustoilette-auf-station-2021\/"]}]},{"@type":"ImageObject","inLanguage":"de-DE","@id":"https:\/\/europeantissue.com\/de\/hygiene-de\/studien\/neue-pilotstudie-zur-uebertragung-von-krankheitserregern-von-krankenhaustoilette-auf-station-2021\/#primaryimage","url":"https:\/\/europeantissue.com\/wp-content\/uploads\/2021\/03\/ICHE-cover-March-2021-3d-228x300.jpg","contentUrl":"https:\/\/europeantissue.com\/wp-content\/uploads\/2021\/03\/ICHE-cover-March-2021-3d-228x300.jpg"},{"@type":"BreadcrumbList","@id":"https:\/\/europeantissue.com\/de\/hygiene-de\/studien\/neue-pilotstudie-zur-uebertragung-von-krankheitserregern-von-krankenhaustoilette-auf-station-2021\/#breadcrumb","itemListElement":[{"@type":"ListItem","position":1,"name":"Home","item":"https:\/\/europeantissue.com\/de\/"},{"@type":"ListItem","position":2,"name":"Hygiene (DE)","item":"https:\/\/europeantissue.com\/de\/hygiene-de\/"},{"@type":"ListItem","position":3,"name":"Studien","item":"https:\/\/europeantissue.com\/de\/hygiene-de\/studien\/"},{"@type":"ListItem","position":4,"name":"Neue Pilotstudie zur \u00dcbertragung von Krankheitserregern von Krankenhaustoilette auf Station (2021)"}]},{"@type":"WebSite","@id":"https:\/\/europeantissue.com\/de\/#website","url":"https:\/\/europeantissue.com\/de\/","name":"European Tissue Symposium","description":"","potentialAction":[{"@type":"SearchAction","target":{"@type":"EntryPoint","urlTemplate":"https:\/\/europeantissue.com\/de\/?s={search_term_string}"},"query-input":{"@type":"PropertyValueSpecification","valueRequired":true,"valueName":"search_term_string"}}],"inLanguage":"de-DE"}]}},"_links":{"self":[{"href":"https:\/\/europeantissue.com\/de\/wp-json\/wp\/v2\/pages\/12437","targetHints":{"allow":["GET"]}}],"collection":[{"href":"https:\/\/europeantissue.com\/de\/wp-json\/wp\/v2\/pages"}],"about":[{"href":"https:\/\/europeantissue.com\/de\/wp-json\/wp\/v2\/types\/page"}],"author":[{"embeddable":true,"href":"https:\/\/europeantissue.com\/de\/wp-json\/wp\/v2\/users\/16"}],"replies":[{"embeddable":true,"href":"https:\/\/europeantissue.com\/de\/wp-json\/wp\/v2\/comments?post=12437"}],"version-history":[{"count":0,"href":"https:\/\/europeantissue.com\/de\/wp-json\/wp\/v2\/pages\/12437\/revisions"}],"up":[{"embeddable":true,"href":"https:\/\/europeantissue.com\/de\/wp-json\/wp\/v2\/pages\/7695"}],"wp:attachment":[{"href":"https:\/\/europeantissue.com\/de\/wp-json\/wp\/v2\/media?parent=12437"}],"curies":[{"name":"wp","href":"https:\/\/api.w.org\/{rel}","templated":true}]}}