 {"id":10555,"date":"2018-10-08T14:38:49","date_gmt":"2018-10-08T14:38:49","guid":{"rendered":"http:\/\/europeantissue.com\/hygiene-de\/is-your-hand-drying-method-spreading-bacteria\/"},"modified":"2020-05-03T13:51:12","modified_gmt":"2020-05-03T13:51:12","slug":"is-your-hand-drying-method-spreading-bacteria","status":"publish","type":"page","link":"https:\/\/europeantissue.com\/de\/hygiene-de\/is-your-hand-drying-method-spreading-bacteria\/","title":{"rendered":"Werden durch Thre Methode des H\u00e4ndetrocknens Bakterien verbreitet?"},"content":{"rendered":"<p><div class=\"fusion-fullwidth fullwidth-box fusion-builder-row-1 nonhundred-percent-fullwidth non-hundred-percent-height-scrolling\" style=\"--awb-border-radius-top-left:0px;--awb-border-radius-top-right:0px;--awb-border-radius-bottom-right:0px;--awb-border-radius-bottom-left:0px;--awb-flex-wrap:wrap;\" ><div class=\"fusion-builder-row fusion-row\"><div class=\"fusion-layout-column fusion_builder_column fusion-builder-column-0 fusion_builder_column_1_1 1_1 fusion-one-full fusion-column-first fusion-column-last\" style=\"--awb-bg-size:cover;\"><div class=\"fusion-column-wrapper fusion-flex-column-wrapper-legacy\"><div class=\"fusion-clearfix\"><\/div><\/div><\/div><div class=\"fusion-layout-column fusion_builder_column fusion-builder-column-1 fusion_builder_column_1_1 1_1 fusion-one-full fusion-column-first fusion-column-last fusion-column-no-min-height\" style=\"--awb-bg-size:cover;--awb-margin-bottom:0px;\"><div class=\"fusion-column-wrapper fusion-flex-column-wrapper-legacy\"><div class=\"fusion-video fusion-youtube\" style=\"--awb-max-width:800px;--awb-max-height:450px;\" data-autoplay=\"1\"><div class=\"video-shortcode\"><div class=\"fluid-width-video-wrapper\" style=\"padding-top:56.25%;\" ><iframe title=\"YouTube video player 1\" src=\"https:\/\/www.youtube.com\/embed\/AVFbvDxshZ8?wmode=transparent&autoplay=0&oida=1\" width=\"800\" height=\"450\" allowfullscreen allow=\"autoplay; clipboard-write; encrypted-media; gyroscope; picture-in-picture;\"><\/iframe><\/div><\/div><\/div><div class=\"fusion-text fusion-text-1\"><h2>Neue Krankenhausstudie: H\u00e4ndetrocknung wirkt bakteriellen Dispersion entgegen&nbsp;<\/h2>\n<p>Eine <strong>multizentrische<\/strong> Krankehaus-Studie zeigt, dass die Methode des <strong>H\u00e4ndetrocknens<\/strong> unter <strong>Alltagsbedingungen<\/strong> das Risiko einer<strong> bakteriellen Kontamination<\/strong> beeinflussen kann.&nbsp; &nbsp;Die Ergebnisse haben bedeutende Auswirkungen auf die Verminderung der Gafahr der \u00dcbertragung von Infektionen in den Washr\u00e4umen von Krankenh\u00e4usern.<\/p>\n<p>Es konnten signifikante Unterschiede bez\u00fcglich der <strong>Oberfl\u00e4chenkontamination mit Bakterien<\/strong>, einschlies\u00dflich <strong>F\u00e4kalbakterien<\/strong> und<strong> antibiotikaresistenter Bakterien,<\/strong> nachgewiesen werden: In Waschr\u00e4umen mit <strong>Luft-H\u00e4ndetrocknern<\/strong> war die Kontamination mit Bakterien deutlich <strong>h\u00f6her<\/strong> als in&nbsp;Waschr\u00e4umen&nbsp; mit <strong>Papierhandt\u00fcchern<\/strong>.<br \/>\nDas&nbsp;H\u00e4ndetrocknen mittels Luft-H\u00e4ndetrockner unter Alltagsbedingungen hat Auswirkungen auf das <strong>Risiko der \u00dcbertragung von Bakterien<\/strong> (\u00fcber die Luft)<\/p>\n<\/div><div class=\"fusion-text fusion-text-2\"><p>Dieses Video zeigt die Multisite Hospital Study, die 2018 in Leeds (UK), Paris (F), Udine (I) stattfand.<\/p>\n<p><span style=\"color: #0000ff;\"><strong>Es wird dringend empfohlen, das gesamte Video zu betrachten, um die Schlussfolgerungen der Experten, die die Studie durchgef\u00fchrt haben, vollst\u00e4ndig zu sammeln.<\/strong><\/span><\/p>\n<p>Im Anschluss k\u00f6nnen Sie einige Zitate aus dem Video lesen:<\/p>\n<p><span style=\"text-decoration: underline;\"><strong><a href=\"https:\/\/europeantissue.com\/wp-content\/uploads\/2018\/09\/Mark-Wilcox-mod-rid.jpg\"><img decoding=\"async\" class=\"alignleft wp-image-10209 size-thumbnail\" src=\"https:\/\/europeantissue.com\/wp-content\/uploads\/2018\/09\/Mark-Wilcox-mod-rid-150x150.jpg\" alt=\"\" width=\"150\" height=\"150\" srcset=\"https:\/\/europeantissue.com\/wp-content\/uploads\/2018\/09\/Mark-Wilcox-mod-rid-45x45.jpg 45w, https:\/\/europeantissue.com\/wp-content\/uploads\/2018\/09\/Mark-Wilcox-mod-rid-66x66.jpg 66w, https:\/\/europeantissue.com\/wp-content\/uploads\/2018\/09\/Mark-Wilcox-mod-rid-150x150.jpg 150w\" sizes=\"(max-width: 150px) 100vw, 150px\" \/><\/a>Mark Wilcox, Leeds MD, Consultant Microbiologist:<\/strong><\/span><br \/>\n&#8222;Es hat alles mit meinen eigenen Beobachtungen begonnen,als ich einen Lufttrockner verwendet habe. Wir haben verschiedene Experimente durchgef\u00fchrt, zun\u00e4chst im Labor. Wir haben die Methoden zum H\u00e4ndetrocknen verglichen,um zu sehen,ob die unterschiedlichen Methoden damit zusammenhingen, welche Mengen von Bakterien verteilt wurden und die Umgebung kontaminierten.&#8220;<br \/>\n&#8222;Das Ziel dieser letzten Studie war es, zu sehen, ob die Ergebnisse aus dem Labor sich auch in der realen Welt best\u00e4tigen w\u00fcrden.&#8220;<br \/>\n&#8222;Die Ergebnisse wiesen konsistent darauf hin, dass die <strong>bakterielle Kontamination<\/strong> in denToiletten <strong>ausgepr\u00e4gter<\/strong> war, wenn auf den Toiletten<strong>&nbsp;Lufttrockner<\/strong> zum H\u00e4ndetrocknen verwendet wurden, als wenn Papierhandt\u00fccher verwendet wurden.&#8220;<br \/>\n&#8222;Wir haben in \u00e4hnlichen Experimenten die Verteilung von Tr\u00f6pfchen untersucht und festgestellt, dass die moisten auf den oberen&nbsp; Brustbereich trafen, was bei <strong>Kindern<\/strong> das Gesicht w\u00e4re,&nbsp; da sie kleiner sind.&#8220;<br \/>\n&#8222;Wir haben sogar einige Spritzer auf der Person gefunden, die dahinter auf den Trockner wartet.&#8220;<br \/>\n&#8222;Die wichtigste Erkenntnis, die wir klar demonstriert haben, ist, dass Lufttrockner ein gr\u00f6\u00dferes Risiko f\u00fcr die \u00dcbertragung von Bakterien&nbsp;auf Toiletten darstellen.&nbsp;Deshalb glaube ich, dass sie sich nicht f\u00fcr Krankenh\u00e4user eignen.&nbsp;Es wird empfohlen, Papierhandt\u00fccher zu benutzen und diese dann ad\u00e4quat zu entsorgen, anstatt Lufttrockner zu verwenden.&#8220;<\/p>\n<p><span style=\"text-decoration: underline;\"><strong><a href=\"https:\/\/europeantissue.com\/wp-content\/uploads\/2018\/09\/DSCF6668-rid-rev.jpg\"><img decoding=\"async\" class=\"size-thumbnail wp-image-10221 alignright\" src=\"https:\/\/europeantissue.com\/wp-content\/uploads\/2018\/09\/DSCF6668-rid-rev-150x150.jpg\" alt=\"\" width=\"150\" height=\"150\" srcset=\"https:\/\/europeantissue.com\/wp-content\/uploads\/2018\/09\/DSCF6668-rid-rev-45x45.jpg 45w, https:\/\/europeantissue.com\/wp-content\/uploads\/2018\/09\/DSCF6668-rid-rev-66x66.jpg 66w, https:\/\/europeantissue.com\/wp-content\/uploads\/2018\/09\/DSCF6668-rid-rev-150x150.jpg 150w\" sizes=\"(max-width: 150px) 100vw, 150px\" \/><\/a>Fredric Barbut, Paris, Professor of microbiology<br \/>\n<\/strong><\/span>&#8222;Man muss verschiedene Methoden zum H\u00e4ndetrocknen vergleichen, um m\u00f6gliche Unterschiede zu erkennen oder zu sehen, ob eine die Verbreitung von Bakterien verhindern kann.&#8220; <br \/>\n&#8222;Wir haben \u00f6fter <strong>F\u00e4kalbakterien<\/strong>, einschlie\u00dflich <strong>Enterobakterien<\/strong> im Staub und auf dem Boden gefunden, wenn Lufttrockner verwendet wurden&#8230;&#8220;<br \/>\n&#8222;Es wurden Schritte eingeleitet. K\u00fcrzlich hat die <strong>Gesellschaft f\u00fcr Krankenhaushygiene Hinweise<\/strong> zur Handhygiene ver\u00f6ffentlicht, die empfehlen,<strong> keine Lufttrockner mehr<\/strong> in Pflegereinrichtungen zu verwenden,&nbsp;wegen der vermehrten Freisetzung und Verteilung von Bakterien in der Umgebung.&#8220;<\/p>\n<p><span style=\"text-decoration: underline;\"><strong><a href=\"https:\/\/europeantissue.com\/wp-content\/uploads\/2018\/09\/SILVIO-BRUSAFERRO-rid-rib.jpg\"><img decoding=\"async\" class=\"size-thumbnail wp-image-10215 alignleft\" src=\"https:\/\/europeantissue.com\/wp-content\/uploads\/2018\/09\/SILVIO-BRUSAFERRO-rid-rib-150x150.jpg\" alt=\"\" width=\"150\" height=\"150\" srcset=\"https:\/\/europeantissue.com\/wp-content\/uploads\/2018\/09\/SILVIO-BRUSAFERRO-rid-rib-45x45.jpg 45w, https:\/\/europeantissue.com\/wp-content\/uploads\/2018\/09\/SILVIO-BRUSAFERRO-rid-rib-66x66.jpg 66w, https:\/\/europeantissue.com\/wp-content\/uploads\/2018\/09\/SILVIO-BRUSAFERRO-rid-rib-150x150.jpg 150w\" sizes=\"(max-width: 150px) 100vw, 150px\" \/><\/a>Silvio Brusaferro, Udine, Prof. Medical and Biological Science<\/strong><\/span><br \/>\n&#8222;Das H\u00e4ndetrocknen mit Papierhandt\u00fcchern ist eine Methode, die Kontamination<strong> um das Papierhandtuch herum begrenzt<\/strong> und auch dort,&nbsp;wo das benutzte Handtuch entsorgt wird.&#8220;<br \/>\n&#8222;Beim H\u00e4ndetrocknen mit einem Lufttrockner erh\u00f6ht sich mit einem st\u00e4rkeren&nbsp;Luftstrom das Ausma\u00df der Verteilung rund um den Ort, wo die H\u00e4nde getrocknet werden.&#8220;<\/p>\n<p>&nbsp;<\/p>\n<p><strong><a href=\"https:\/\/europeantissue.com\/wp-content\/uploads\/2018\/10\/ETS_Marc-Van-Ranst.jpg\"><img decoding=\"async\" class=\"wp-image-10526 alignright\" src=\"https:\/\/europeantissue.com\/wp-content\/uploads\/2018\/10\/ETS_Marc-Van-Ranst-300x277.jpg\" alt=\"\" width=\"159\" height=\"147\" srcset=\"https:\/\/europeantissue.com\/wp-content\/uploads\/2018\/10\/ETS_Marc-Van-Ranst-200x185.jpg 200w, https:\/\/europeantissue.com\/wp-content\/uploads\/2018\/10\/ETS_Marc-Van-Ranst-300x277.jpg 300w, https:\/\/europeantissue.com\/wp-content\/uploads\/2018\/10\/ETS_Marc-Van-Ranst-400x370.jpg 400w, https:\/\/europeantissue.com\/wp-content\/uploads\/2018\/10\/ETS_Marc-Van-Ranst-600x555.jpg 600w, https:\/\/europeantissue.com\/wp-content\/uploads\/2018\/10\/ETS_Marc-Van-Ranst-768x710.jpg 768w, https:\/\/europeantissue.com\/wp-content\/uploads\/2018\/10\/ETS_Marc-Van-Ranst-800x740.jpg 800w, https:\/\/europeantissue.com\/wp-content\/uploads\/2018\/10\/ETS_Marc-Van-Ranst-1024x947.jpg 1024w, https:\/\/europeantissue.com\/wp-content\/uploads\/2018\/10\/ETS_Marc-Van-Ranst-1200x1109.jpg 1200w\" sizes=\"(max-width: 159px) 100vw, 159px\" \/><\/a><span style=\"text-decoration: underline;\">Marc Van Ranst, Leuven, Virologist<\/span><\/strong><br \/>\n&#8222;Es wurde eine Studie in <strong>England, Frankreich<\/strong> und Italien durchgef\u00fchrt. Wir haben uns echte Toiletten in Krankenh\u00e4usern angesehen, um die beste Methode zum H\u00e4ndetrocknen zu finden.&#8220;<br \/>\n&#8222;Wir glauben, dass es eines Tages, und dieser Tag wird bald kommen, <strong>keine Handtrockner mehr in Krankenh\u00e4usern geben wird<\/strong>.&#8220;&nbsp;<\/p>\n<p>&nbsp;<\/p>\n<p>&nbsp;<\/p>\n<\/div><div class=\"fusion-text fusion-text-3\"><p><strong>Lesen Sie die Details und finden Sie den Link zur Studie auf dieser Seite: <\/strong><a href=\"https:\/\/europeantissue.com\/de\/hygiene-de\/studien\/multisite-study-deutsch\/\"><strong>Multizentrische Krankenhaus-Studie<\/strong><\/a><\/p>\n<\/div><div class=\"fusion-clearfix\"><\/div><\/div><\/div><\/div><\/div><div class=\"fusion-fullwidth fullwidth-box fusion-builder-row-2 nonhundred-percent-fullwidth non-hundred-percent-height-scrolling\" style=\"--awb-border-radius-top-left:0px;--awb-border-radius-top-right:0px;--awb-border-radius-bottom-right:0px;--awb-border-radius-bottom-left:0px;--awb-flex-wrap:wrap;\" ><div class=\"fusion-builder-row fusion-row\"><div class=\"fusion-layout-column fusion_builder_column fusion-builder-column-2 fusion_builder_column_1_1 1_1 fusion-one-full fusion-column-first fusion-column-last\" style=\"--awb-bg-size:cover;\"><div class=\"fusion-column-wrapper fusion-flex-column-wrapper-legacy\"><div class=\"fusion-text fusion-text-4\"><p>Dieses Video kann auch im <a href=\"https:\/\/www.youtube.com\/channel\/UCzakMx1VXq9YNGxqdTV8ajQ\"><strong>ETS Choices You Tube-Kanal<\/strong><\/a> gesehen werden, wo Sie auch andere interessante Videos zur H\u00e4ndehygiene sehen k\u00f6nnen.<\/p>\n<p>Kontakte:<\/p>\n<h3>duomedia<\/h3>\n<p>Lutt Willems | tel. +32 2 560 2150| lutt.w@duomedia.com&nbsp;<\/p>\n<h3>ETS<\/h3>\n<p>Fanis Papakostas | <a href=\"roberto.berardi@europeantissue.com\">fanis.papakostas@europeantissue.com<\/a><\/p>\n<\/div><div class=\"fusion-clearfix\"><\/div><\/div><\/div><\/div><\/div><\/p>\n","protected":false},"excerpt":{"rendered":"","protected":false},"author":16,"featured_media":0,"parent":7664,"menu_order":0,"comment_status":"closed","ping_status":"closed","template":"","meta":{"_monsterinsights_skip_tracking":false,"_monsterinsights_sitenote_active":false,"_monsterinsights_sitenote_note":"","_monsterinsights_sitenote_category":0,"ngg_post_thumbnail":0,"footnotes":""},"class_list":["post-10555","page","type-page","status-publish","hentry"],"yoast_head":"<!-- This site is optimized with the Yoast SEO plugin v26.3 - https:\/\/yoast.com\/wordpress\/plugins\/seo\/ -->\n<title>Werden durch Thre Methode des H\u00e4ndetrocknens Bakterien verbreitet? - European Tissue Symposium<\/title>\n<meta name=\"robots\" content=\"index, follow, max-snippet:-1, max-image-preview:large, max-video-preview:-1\" \/>\n<link rel=\"canonical\" href=\"https:\/\/europeantissue.com\/de\/hygiene-de\/is-your-hand-drying-method-spreading-bacteria\/\" \/>\n<meta property=\"og:locale\" content=\"de_DE\" \/>\n<meta property=\"og:type\" content=\"article\" \/>\n<meta property=\"og:title\" content=\"Werden durch Thre Methode des H\u00e4ndetrocknens Bakterien verbreitet? - European Tissue Symposium\" \/>\n<meta property=\"og:url\" content=\"https:\/\/europeantissue.com\/de\/hygiene-de\/is-your-hand-drying-method-spreading-bacteria\/\" \/>\n<meta property=\"og:site_name\" content=\"European Tissue Symposium\" \/>\n<meta property=\"article:modified_time\" content=\"2020-05-03T13:51:12+00:00\" \/>\n<meta property=\"og:image\" content=\"https:\/\/europeantissue.com\/wp-content\/uploads\/2018\/09\/Mark-Wilcox-mod-rid-150x150.jpg\" \/>\n<meta name=\"twitter:card\" content=\"summary_large_image\" \/>\n<meta name=\"twitter:label1\" content=\"Gesch\u00e4tzte Lesezeit\" \/>\n\t<meta name=\"twitter:data1\" content=\"6 Minuten\" \/>\n<script type=\"application\/ld+json\" class=\"yoast-schema-graph\">{\"@context\":\"https:\/\/schema.org\",\"@graph\":[{\"@type\":\"WebPage\",\"@id\":\"https:\/\/europeantissue.com\/de\/hygiene-de\/is-your-hand-drying-method-spreading-bacteria\/\",\"url\":\"https:\/\/europeantissue.com\/de\/hygiene-de\/is-your-hand-drying-method-spreading-bacteria\/\",\"name\":\"Werden durch Thre Methode des H\u00e4ndetrocknens Bakterien verbreitet? - European Tissue Symposium\",\"isPartOf\":{\"@id\":\"https:\/\/europeantissue.com\/de\/#website\"},\"primaryImageOfPage\":{\"@id\":\"https:\/\/europeantissue.com\/de\/hygiene-de\/is-your-hand-drying-method-spreading-bacteria\/#primaryimage\"},\"image\":{\"@id\":\"https:\/\/europeantissue.com\/de\/hygiene-de\/is-your-hand-drying-method-spreading-bacteria\/#primaryimage\"},\"thumbnailUrl\":\"https:\/\/europeantissue.com\/wp-content\/uploads\/2018\/09\/Mark-Wilcox-mod-rid-150x150.jpg\",\"datePublished\":\"2018-10-08T14:38:49+00:00\",\"dateModified\":\"2020-05-03T13:51:12+00:00\",\"breadcrumb\":{\"@id\":\"https:\/\/europeantissue.com\/de\/hygiene-de\/is-your-hand-drying-method-spreading-bacteria\/#breadcrumb\"},\"inLanguage\":\"de-DE\",\"potentialAction\":[{\"@type\":\"ReadAction\",\"target\":[\"https:\/\/europeantissue.com\/de\/hygiene-de\/is-your-hand-drying-method-spreading-bacteria\/\"]}]},{\"@type\":\"ImageObject\",\"inLanguage\":\"de-DE\",\"@id\":\"https:\/\/europeantissue.com\/de\/hygiene-de\/is-your-hand-drying-method-spreading-bacteria\/#primaryimage\",\"url\":\"https:\/\/europeantissue.com\/wp-content\/uploads\/2018\/09\/Mark-Wilcox-mod-rid-150x150.jpg\",\"contentUrl\":\"https:\/\/europeantissue.com\/wp-content\/uploads\/2018\/09\/Mark-Wilcox-mod-rid-150x150.jpg\"},{\"@type\":\"BreadcrumbList\",\"@id\":\"https:\/\/europeantissue.com\/de\/hygiene-de\/is-your-hand-drying-method-spreading-bacteria\/#breadcrumb\",\"itemListElement\":[{\"@type\":\"ListItem\",\"position\":1,\"name\":\"Home\",\"item\":\"https:\/\/europeantissue.com\/de\/\"},{\"@type\":\"ListItem\",\"position\":2,\"name\":\"Hygiene (DE)\",\"item\":\"https:\/\/europeantissue.com\/de\/hygiene-de\/\"},{\"@type\":\"ListItem\",\"position\":3,\"name\":\"Werden durch Thre Methode des H\u00e4ndetrocknens Bakterien verbreitet?\"}]},{\"@type\":\"WebSite\",\"@id\":\"https:\/\/europeantissue.com\/de\/#website\",\"url\":\"https:\/\/europeantissue.com\/de\/\",\"name\":\"European Tissue Symposium\",\"description\":\"\",\"potentialAction\":[{\"@type\":\"SearchAction\",\"target\":{\"@type\":\"EntryPoint\",\"urlTemplate\":\"https:\/\/europeantissue.com\/de\/?s={search_term_string}\"},\"query-input\":{\"@type\":\"PropertyValueSpecification\",\"valueRequired\":true,\"valueName\":\"search_term_string\"}}],\"inLanguage\":\"de-DE\"}]}<\/script>\n<!-- \/ Yoast SEO plugin. -->","yoast_head_json":{"title":"Werden durch Thre Methode des H\u00e4ndetrocknens Bakterien verbreitet? - European Tissue Symposium","robots":{"index":"index","follow":"follow","max-snippet":"max-snippet:-1","max-image-preview":"max-image-preview:large","max-video-preview":"max-video-preview:-1"},"canonical":"https:\/\/europeantissue.com\/de\/hygiene-de\/is-your-hand-drying-method-spreading-bacteria\/","og_locale":"de_DE","og_type":"article","og_title":"Werden durch Thre Methode des H\u00e4ndetrocknens Bakterien verbreitet? - European Tissue Symposium","og_url":"https:\/\/europeantissue.com\/de\/hygiene-de\/is-your-hand-drying-method-spreading-bacteria\/","og_site_name":"European Tissue Symposium","article_modified_time":"2020-05-03T13:51:12+00:00","og_image":[{"url":"https:\/\/europeantissue.com\/wp-content\/uploads\/2018\/09\/Mark-Wilcox-mod-rid-150x150.jpg","type":"","width":"","height":""}],"twitter_card":"summary_large_image","twitter_misc":{"Gesch\u00e4tzte Lesezeit":"6 Minuten"},"schema":{"@context":"https:\/\/schema.org","@graph":[{"@type":"WebPage","@id":"https:\/\/europeantissue.com\/de\/hygiene-de\/is-your-hand-drying-method-spreading-bacteria\/","url":"https:\/\/europeantissue.com\/de\/hygiene-de\/is-your-hand-drying-method-spreading-bacteria\/","name":"Werden durch Thre Methode des H\u00e4ndetrocknens Bakterien verbreitet? - European Tissue Symposium","isPartOf":{"@id":"https:\/\/europeantissue.com\/de\/#website"},"primaryImageOfPage":{"@id":"https:\/\/europeantissue.com\/de\/hygiene-de\/is-your-hand-drying-method-spreading-bacteria\/#primaryimage"},"image":{"@id":"https:\/\/europeantissue.com\/de\/hygiene-de\/is-your-hand-drying-method-spreading-bacteria\/#primaryimage"},"thumbnailUrl":"https:\/\/europeantissue.com\/wp-content\/uploads\/2018\/09\/Mark-Wilcox-mod-rid-150x150.jpg","datePublished":"2018-10-08T14:38:49+00:00","dateModified":"2020-05-03T13:51:12+00:00","breadcrumb":{"@id":"https:\/\/europeantissue.com\/de\/hygiene-de\/is-your-hand-drying-method-spreading-bacteria\/#breadcrumb"},"inLanguage":"de-DE","potentialAction":[{"@type":"ReadAction","target":["https:\/\/europeantissue.com\/de\/hygiene-de\/is-your-hand-drying-method-spreading-bacteria\/"]}]},{"@type":"ImageObject","inLanguage":"de-DE","@id":"https:\/\/europeantissue.com\/de\/hygiene-de\/is-your-hand-drying-method-spreading-bacteria\/#primaryimage","url":"https:\/\/europeantissue.com\/wp-content\/uploads\/2018\/09\/Mark-Wilcox-mod-rid-150x150.jpg","contentUrl":"https:\/\/europeantissue.com\/wp-content\/uploads\/2018\/09\/Mark-Wilcox-mod-rid-150x150.jpg"},{"@type":"BreadcrumbList","@id":"https:\/\/europeantissue.com\/de\/hygiene-de\/is-your-hand-drying-method-spreading-bacteria\/#breadcrumb","itemListElement":[{"@type":"ListItem","position":1,"name":"Home","item":"https:\/\/europeantissue.com\/de\/"},{"@type":"ListItem","position":2,"name":"Hygiene (DE)","item":"https:\/\/europeantissue.com\/de\/hygiene-de\/"},{"@type":"ListItem","position":3,"name":"Werden durch Thre Methode des H\u00e4ndetrocknens Bakterien verbreitet?"}]},{"@type":"WebSite","@id":"https:\/\/europeantissue.com\/de\/#website","url":"https:\/\/europeantissue.com\/de\/","name":"European Tissue Symposium","description":"","potentialAction":[{"@type":"SearchAction","target":{"@type":"EntryPoint","urlTemplate":"https:\/\/europeantissue.com\/de\/?s={search_term_string}"},"query-input":{"@type":"PropertyValueSpecification","valueRequired":true,"valueName":"search_term_string"}}],"inLanguage":"de-DE"}]}},"_links":{"self":[{"href":"https:\/\/europeantissue.com\/de\/wp-json\/wp\/v2\/pages\/10555","targetHints":{"allow":["GET"]}}],"collection":[{"href":"https:\/\/europeantissue.com\/de\/wp-json\/wp\/v2\/pages"}],"about":[{"href":"https:\/\/europeantissue.com\/de\/wp-json\/wp\/v2\/types\/page"}],"author":[{"embeddable":true,"href":"https:\/\/europeantissue.com\/de\/wp-json\/wp\/v2\/users\/16"}],"replies":[{"embeddable":true,"href":"https:\/\/europeantissue.com\/de\/wp-json\/wp\/v2\/comments?post=10555"}],"version-history":[{"count":0,"href":"https:\/\/europeantissue.com\/de\/wp-json\/wp\/v2\/pages\/10555\/revisions"}],"up":[{"embeddable":true,"href":"https:\/\/europeantissue.com\/de\/wp-json\/wp\/v2\/pages\/7664"}],"wp:attachment":[{"href":"https:\/\/europeantissue.com\/de\/wp-json\/wp\/v2\/media?parent=10555"}],"curies":[{"name":"wp","href":"https:\/\/api.w.org\/{rel}","templated":true}]}}